{"id":3324,"date":"2016-08-08T12:33:54","date_gmt":"2016-08-08T10:33:54","guid":{"rendered":"https:\/\/www.ml-locations.be\/accueil\/"},"modified":"2020-03-18T09:08:29","modified_gmt":"2020-03-18T08:08:29","slug":"home","status":"publish","type":"page","link":"https:\/\/ml-locations.be\/nl\/","title":{"rendered":"Home"},"content":{"rendered":"<div class=\"wpb-content-wrapper\"><p>[vc_row type=&#8221;vc_default&#8221; gap=&#8221;10&#8243; margin_bottom=&#8221;30&#8243;][vc_column][vc_column_text]<\/p>\n<h2 style=\"text-align: center;\">Huur het meubilair en de decoratie voor uw evenement<\/h2>\n<h3 style=\"text-align: center;\">Onze categorie\u00ebn van verhuur materiaal<\/h3>\n<p>[\/vc_column_text][\/vc_column][\/vc_row][vc_row type=&#8221;vc_default&#8221; gap=&#8221;15&#8243; equal_height=&#8221;yes&#8221; content_placement=&#8221;middle&#8221;][vc_column width=&#8221;1\/4&#8243; css=&#8221;.vc_custom_1491471217328{padding-top: 50px !important;padding-bottom: 50px !important;background-image: url(http:\/\/www.ml-locations.be\/wp-content\/uploads\/2016\/08\/cat-mobilier.jpg?id=1238) !important;background-position: center !important;background-repeat: no-repeat !important;background-size: cover !important;}&#8221;][vc_single_image image=&#8221;386&#8243; img_size=&#8221;80 x 80&#8243; alignment=&#8221;center&#8221; image_hovers=&#8221;false&#8221; css=&#8221;.vc_custom_1491467605496{margin-bottom: 0px !important;}&#8221;][vc_column_text css=&#8221;.vc_custom_1501489350225{margin-bottom: 10px !important;}&#8221;]<\/p>\n<h3 style=\"text-align: center; font-weight: bold; text-shadow: 1px 1px 1px rgba(0,0,0,.4); font-size: 20px; line-height: 27px; text-transform: uppercase;\"><span style=\"color: #ffffff;\">Meubilair<\/span><\/h3>\n<p>[\/vc_column_text]<div class=\"text-centered\"><a href=\"http:\/\/www.ml-locations.be\/location\/mobilier\/\" class=\"btn-shortcode dt-btn-s dt-btn default-btn-color default-btn-hover-color default-btn-bg-color default-btn-bg-hover-color\" id=\"dt-btn-1\"><span>Bekijk producten<\/span><\/a><\/div>[\/vc_column][vc_column width=&#8221;1\/4&#8243; css=&#8221;.vc_custom_1491471232381{padding-top: 50px !important;padding-bottom: 50px !important;background-image: url(http:\/\/www.ml-locations.be\/wp-content\/uploads\/2016\/08\/cat-son-lumiere.jpg?id=1240) !important;background-position: center !important;background-repeat: no-repeat !important;background-size: cover !important;}&#8221;][vc_single_image image=&#8221;388&#8243; img_size=&#8221;80 x 80&#8243; alignment=&#8221;center&#8221; image_hovers=&#8221;false&#8221; css=&#8221;.vc_custom_1491471344375{margin-bottom: 0px !important;}&#8221;][vc_column_text css=&#8221;.vc_custom_1501489370565{margin-bottom: 10px !important;}&#8221;]<\/p>\n<h3 style=\"text-align: center; font-weight: bold; text-shadow: 1px 1px 1px rgba(0,0,0,.4); font-size: 20px; line-height: 27px; text-transform: uppercase;\"><span style=\"color: #ffffff;\">Klank en licht<\/span><\/h3>\n<p>[\/vc_column_text]<div class=\"text-centered\"><a href=\"http:\/\/www.ml-locations.be\/location\/materiel-sono-et-lumieres-en-location\/\" class=\"btn-shortcode dt-btn-s dt-btn default-btn-color default-btn-hover-color default-btn-bg-color default-btn-bg-hover-color\" id=\"dt-btn-2\"><span>Bekijk producten<\/span><\/a><\/div>[\/vc_column][vc_column width=&#8221;1\/4&#8243; css=&#8221;.vc_custom_1491471249504{padding-top: 50px !important;padding-bottom: 50px !important;background-image: url(http:\/\/www.ml-locations.be\/wp-content\/uploads\/2016\/08\/cat-video.jpg?id=1241) !important;background-position: center !important;background-repeat: no-repeat !important;background-size: cover !important;}&#8221;][vc_single_image image=&#8221;390&#8243; img_size=&#8221;80 x 80&#8243; alignment=&#8221;center&#8221; image_hovers=&#8221;false&#8221; css=&#8221;.vc_custom_1491471354616{margin-bottom: 0px !important;}&#8221;][vc_column_text css=&#8221;.vc_custom_1501489380476{margin-bottom: 10px !important;}&#8221;]<\/p>\n<h3 style=\"text-align: center; font-weight: bold; text-shadow: 1px 1px 1px rgba(0,0,0,.4); font-size: 20px; line-height: 27px; text-transform: uppercase;\"><span style=\"color: #ffffff;\">Video<\/span><\/h3>\n<p>[\/vc_column_text]<div class=\"text-centered\"><a href=\"http:\/\/www.ml-locations.be\/location\/materiel-video-en-location\/\" class=\"btn-shortcode dt-btn-s dt-btn default-btn-color default-btn-hover-color default-btn-bg-color default-btn-bg-hover-color\" id=\"dt-btn-3\"><span>Bekijk producten<\/span><\/a><\/div>[\/vc_column][vc_column width=&#8221;1\/4&#8243; css=&#8221;.vc_custom_1491472703287{padding-top: 50px !important;padding-bottom: 50px !important;background-image: url(http:\/\/www.ml-locations.be\/wp-content\/uploads\/2016\/08\/cat-horeca.jpg?id=1237) !important;background-position: center !important;background-repeat: no-repeat !important;background-size: cover !important;}&#8221;][vc_single_image image=&#8221;392&#8243; img_size=&#8221;80 x 80&#8243; alignment=&#8221;center&#8221; image_hovers=&#8221;false&#8221; css=&#8221;.vc_custom_1491471364743{margin-bottom: 0px !important;}&#8221;][vc_column_text css=&#8221;.vc_custom_1501489391040{margin-bottom: 10px !important;}&#8221;]<\/p>\n<h3 style=\"text-align: center; font-weight: bold; text-shadow: 1px 1px 1px rgba(0,0,0,.4); font-size: 20px; line-height: 27px; text-transform: uppercase;\"><span style=\"color: #ffffff;\">Horeca materiaal<\/span><\/h3>\n<p>[\/vc_column_text]<div class=\"text-centered\"><a href=\"http:\/\/www.ml-locations.be\/location\/materiel-horeca-en-location\/\" class=\"btn-shortcode dt-btn-s dt-btn default-btn-color default-btn-hover-color default-btn-bg-color default-btn-bg-hover-color\" id=\"dt-btn-4\"><span>Bekijk producten<\/span><\/a><\/div>[\/vc_column][\/vc_row][vc_row type=&#8221;vc_default&#8221; gap=&#8221;15&#8243; equal_height=&#8221;yes&#8221; content_placement=&#8221;middle&#8221; css=&#8221;.vc_custom_1491471298192{margin-bottom: 40px !important;}&#8221;][vc_column width=&#8221;1\/4&#8243; css=&#8221;.vc_custom_1491471444363{padding-top: 50px !important;padding-bottom: 50px !important;background-image: url(http:\/\/www.ml-locations.be\/wp-content\/uploads\/2016\/08\/cat-chapiteau.jpg?id=1234) !important;background-position: center !important;background-repeat: no-repeat !important;background-size: cover !important;}&#8221;][vc_single_image image=&#8221;394&#8243; img_size=&#8221;80 x 80&#8243; alignment=&#8221;center&#8221; image_hovers=&#8221;false&#8221; css=&#8221;.vc_custom_1491471374407{margin-bottom: 0px !important;}&#8221;][vc_column_text css=&#8221;.vc_custom_1501489402313{margin-bottom: 10px !important;}&#8221;]<\/p>\n<h3 style=\"text-align: center; font-weight: bold; text-shadow: 1px 1px 1px rgba(0,0,0,.4); font-size: 20px; line-height: 27px; text-transform: uppercase;\"><span style=\"color: #ffffff;\">Tenten en luifels<\/span><\/h3>\n<p>[\/vc_column_text]<div class=\"text-centered\"><a href=\"https:\/\/ml-locations.be\/location\/chapiteau-tente-de-reception-louer\/\" class=\"btn-shortcode dt-btn-s dt-btn default-btn-color default-btn-hover-color default-btn-bg-color default-btn-bg-hover-color\" id=\"dt-btn-5\"><span>Bekijk producten<\/span><\/a><\/div>[\/vc_column][vc_column width=&#8221;1\/4&#8243; css=&#8221;.vc_custom_1491471434777{padding-top: 50px !important;padding-bottom: 50px !important;background-image: url(http:\/\/www.ml-locations.be\/wp-content\/uploads\/2016\/08\/cat-divertissement.jpg?id=1236) !important;background-position: center !important;background-repeat: no-repeat !important;background-size: cover !important;}&#8221;][vc_single_image image=&#8221;396&#8243; img_size=&#8221;80 x 80&#8243; alignment=&#8221;center&#8221; image_hovers=&#8221;false&#8221; css=&#8221;.vc_custom_1491471385174{margin-bottom: 0px !important;}&#8221;][vc_column_text css=&#8221;.vc_custom_1501489417266{margin-bottom: 10px !important;}&#8221;]<\/p>\n<h3 style=\"text-align: center; font-weight: bold; text-shadow: 1px 1px 1px rgba(0,0,0,.4); font-size: 20px; line-height: 27px; text-transform: uppercase;\"><span style=\"color: #ffffff;\">Vermaak<\/span><\/h3>\n<p>[\/vc_column_text]<div class=\"text-centered\"><a href=\"http:\/\/www.ml-locations.be\/location\/jeux-divertissement-en-location\/\" class=\"btn-shortcode dt-btn-s dt-btn default-btn-color default-btn-hover-color default-btn-bg-color default-btn-bg-hover-color\" id=\"dt-btn-6\"><span>Bekijk producten<\/span><\/a><\/div>[\/vc_column][vc_column width=&#8221;1\/4&#8243; css=&#8221;.vc_custom_1491472485996{padding-top: 50px !important;padding-bottom: 50px !important;background-image: url(http:\/\/www.ml-locations.be\/wp-content\/uploads\/2016\/08\/cat-electricite.jpg?id=1248) !important;background-position: center !important;background-repeat: no-repeat !important;background-size: cover !important;}&#8221;][vc_single_image image=&#8221;398&#8243; img_size=&#8221;80 x 80&#8243; alignment=&#8221;center&#8221; image_hovers=&#8221;false&#8221; css=&#8221;.vc_custom_1491471394049{margin-bottom: 0px !important;}&#8221;][vc_column_text css=&#8221;.vc_custom_1501489428268{margin-bottom: 10px !important;}&#8221;]<\/p>\n<h3 style=\"text-align: center; font-weight: bold; text-shadow: 1px 1px 1px rgba(0,0,0,.4); font-size: 20px; line-height: 27px; text-transform: uppercase;\"><span style=\"color: #ffffff;\">Electriciteit<\/span><\/h3>\n<p>[\/vc_column_text]<div class=\"text-centered\"><a href=\"http:\/\/www.ml-locations.be\/location\/alimentation-electrique-coffret-cable-a-louer\/\" class=\"btn-shortcode dt-btn-s dt-btn default-btn-color default-btn-hover-color default-btn-bg-color default-btn-bg-hover-color\" id=\"dt-btn-7\"><span>Bekijk producten<\/span><\/a><\/div>[\/vc_column][vc_column width=&#8221;1\/4&#8243; css=&#8221;.vc_custom_1491471573191{padding-top: 50px !important;padding-bottom: 50px !important;background-image: url(http:\/\/www.ml-locations.be\/wp-content\/uploads\/2016\/08\/cat-deco.jpg?id=1235) !important;background-position: center !important;background-repeat: no-repeat !important;background-size: cover !important;}&#8221;][vc_single_image image=&#8221;1250&#8243; img_size=&#8221;80 x 80&#8243; alignment=&#8221;center&#8221; image_hovers=&#8221;false&#8221; css=&#8221;.vc_custom_1491472477377{margin-bottom: 0px !important;}&#8221;][vc_column_text css=&#8221;.vc_custom_1501489439271{margin-bottom: 10px !important;}&#8221;]<\/p>\n<h3 style=\"text-align: center; font-weight: bold; text-shadow: 1px 1px 1px rgba(0,0,0,.4); font-size: 20px; line-height: 27px; text-transform: uppercase;\"><span style=\"color: #ffffff;\">Decoraties<\/span><\/h3>\n<p>[\/vc_column_text]<div class=\"text-centered\"><a href=\"http:\/\/www.ml-locations.be\/location\/decorations-pour-evenements\/\" class=\"btn-shortcode dt-btn-s dt-btn default-btn-color default-btn-hover-color default-btn-bg-color default-btn-bg-hover-color\" id=\"dt-btn-8\"><span>Bekijk producten<\/span><\/a><\/div>[\/vc_column][\/vc_row][vc_row margin_bottom=&#8221;30&#8243; css=&#8221;.vc_custom_1488972987790{margin-bottom: 50px !important;}&#8221;][vc_column css=&#8221;.vc_custom_1484138751858{margin-bottom: 25px !important;}&#8221;]<div class=\"hr-thin style-dotted accent-border-color\" style=\"width: 100%;border-top-width: 3px;\"><\/div>[\/vc_column][vc_column width=&#8221;2\/3&#8243;][vc_column_text]<\/p>\n<h2>ML Verhuur in enkele woorden<\/h2>\n<p class=\"p1\"><span class=\"s1\">Ml Verhuur is gespecialiseerd in het <b>verhuur van materiaal voor al uw evenmenten.<\/b> Wij kunnen u verder helpen met het<b> verhuur van tafels, <\/b>het <b>verhuur van stoelen <\/b>en <b>staantafels, decoratie<\/b>, <b>verhuur van tenten en luifels<\/b>, <b>terraswarmers<\/b>, verhuur van audio materiaal en schermen,<span class=\"Apple-converted-space\">\u00a0 <\/span>licht verhuur, borden en bestek.. <\/span><\/p>\n<p class=\"p1\"><span class=\"s1\">Huren bij ML Verhuur is kiezen voor kwaliteitsvol materiaal en een <b>professionele service <\/b>met meer dan 10 jaar ervaring. Wij garanderen u snelle levering en ophaling van het materiaal op de voor u gepaste tijdstippen.<\/span><\/p>\n<p class=\"p1\"><span class=\"s1\">Wij leveren overal in Belgie.<\/span><\/p>\n<p class=\"p1\"><span class=\"s1\">Op de website kunt u <b>offertes bekomen <\/b>voor het verhuur van materiaal voor feesten, huwelijksrecepties, verjaardagen, tentoonstellingen, beurzen,..<\/span><\/p>\n<p class=\"p1\"><span class=\"s1\">Aarzel niet om <\/span><span class=\"s2\">ons <a href=\"https:\/\/ml-locations.be\/nl\/contact\/\">te contacteren<\/a><\/span><span class=\"s1\"> als u het juiste product niet vindt in ons assortiment. Wij verbinden ons ertoe om zo snel mogelijk te anwoorden op uw vraag.<\/span><\/p>\n<p>[\/vc_column_text][\/vc_column][vc_column width=&#8221;1\/3&#8243; css=&#8221;.vc_custom_1491472603507{padding-top: 80px !important;padding-bottom: 80px !important;background-image: url(http:\/\/www.ml-locations.be\/wp-content\/uploads\/2016\/08\/cat-kit.png?id=1252) !important;background-position: center !important;background-repeat: no-repeat !important;background-size: cover !important;}&#8221;][vc_single_image image=&#8221;400&#8243; img_size=&#8221;80 x 80&#8243; alignment=&#8221;center&#8221; image_hovers=&#8221;false&#8221; css=&#8221;.vc_custom_1491472308447{margin-bottom: 0px !important;}&#8221;][vc_column_text css=&#8221;.vc_custom_1501489671920{margin-bottom: 10px !important;}&#8221;]<\/p>\n<h3 style=\"text-align: center; font-weight: bold; text-shadow: 1px 1px 1px rgba(0,0,0,.4); text-transform: uppercase;\"><span style=\"color: #ffffff;\">Nood aan inspiratie voor een huwelijk, een doopfeest, een bedrijfsfeest of een ander evenement?<br \/>\n<\/span><\/h3>\n<p>[\/vc_column_text]<div class=\"text-centered\"><a href=\"https:\/\/ml-locations.be\/nl\/contact\/\" class=\"btn-shortcode dt-btn-s dt-btn default-btn-color default-btn-hover-color default-btn-bg-color default-btn-bg-hover-color\" id=\"dt-btn-9\"><span>Contacteer ons!<\/span><\/a><\/div>[\/vc_column][\/vc_row]<\/p>\n<\/div>","protected":false},"excerpt":{"rendered":"<p>[vc_row type=&#8221;vc_default&#8221; gap=&#8221;10&#8243; margin_bottom=&#8221;30&#8243;][vc_column][vc_column_text] Huur het meubilair en de decoratie voor uw evenement Onze categorie\u00ebn van verhuur materiaal [\/vc_column_text][\/vc_column][\/vc_row][vc_row type=&#8221;vc_default&#8221; gap=&#8221;15&#8243; equal_height=&#8221;yes&#8221; content_placement=&#8221;middle&#8221;][vc_column width=&#8221;1\/4&#8243; css=&#8221;.vc_custom_1491471217328{padding-top: 50px !important;padding-bottom: 50px !important;background-image: url(http:\/\/www.ml-locations.be\/wp-content\/uploads\/2016\/08\/cat-mobilier.jpg?id=1238) !important;background-position: center !important;background-repeat: no-repeat !important;background-size: cover !important;}&#8221;][vc_single_image image=&#8221;386&#8243; img_size=&#8221;80 x 80&#8243; alignment=&#8221;center&#8221; image_hovers=&#8221;false&#8221; css=&#8221;.vc_custom_1491467605496{margin-bottom: 0px !important;}&#8221;][vc_column_text css=&#8221;.vc_custom_1501489350225{margin-bottom: 10px !important;}&#8221;] Meubilair [\/vc_column_text][\/vc_column][vc_column width=&#8221;1\/4&#8243; css=&#8221;.vc_custom_1491471232381{padding-top: 50px !important;padding-bottom:&hellip;<\/p>\n","protected":false},"author":4,"featured_media":0,"parent":0,"menu_order":0,"comment_status":"closed","ping_status":"closed","template":"","meta":{"_acf_changed":false,"footnotes":""},"class_list":["post-3324","page","type-page","status-publish","hentry","description-off"],"acf":[],"yoast_head":"<!-- This site is optimized with the Yoast SEO plugin v25.0 - https:\/\/yoast.com\/wordpress\/plugins\/seo\/ -->\n<title>ML Locations | Location de mat\u00e9riel \u00e9v\u00e9nementiel<\/title>\n<meta name=\"description\" content=\"Location de mat\u00e9riel \u00e9v\u00e9nementiel: tables et chaises en location, mat\u00e9riel horeca, vaisselle, nappes, d\u00e9coration, bars lumineux en location, de la vaisselle en location, des chauffes-terrasses en location, des \u00e9crans, du mat\u00e9riel audio, \u2026 Devis gratuit - Service de livraison.\" \/>\n<meta name=\"robots\" content=\"index, follow, max-snippet:-1, max-image-preview:large, max-video-preview:-1\" \/>\n<link rel=\"canonical\" href=\"https:\/\/ml-locations.be\/nl\/\" \/>\n<meta property=\"og:locale\" content=\"nl_NL\" \/>\n<meta property=\"og:type\" content=\"article\" \/>\n<meta property=\"og:title\" content=\"ML Locations | Location de mat\u00e9riel \u00e9v\u00e9nementiel\" \/>\n<meta property=\"og:description\" content=\"Location de mat\u00e9riel \u00e9v\u00e9nementiel: tables et chaises en location, mat\u00e9riel horeca, vaisselle, nappes, d\u00e9coration, bars lumineux en location, de la vaisselle en location, des chauffes-terrasses en location, des \u00e9crans, du mat\u00e9riel audio, \u2026 Devis gratuit - Service de livraison.\" \/>\n<meta property=\"og:url\" content=\"https:\/\/ml-locations.be\/nl\/\" \/>\n<meta property=\"og:site_name\" content=\"ML Locations\" \/>\n<meta property=\"article:modified_time\" content=\"2020-03-18T08:08:29+00:00\" \/>\n<meta property=\"og:image\" content=\"https:\/\/ml-locations.be\/wp-content\/uploads\/2018\/05\/LOGO-location-BON.png\" \/>\n\t<meta property=\"og:image:width\" content=\"1200\" \/>\n\t<meta property=\"og:image:height\" content=\"1200\" \/>\n\t<meta property=\"og:image:type\" content=\"image\/png\" \/>\n<meta name=\"twitter:card\" content=\"summary_large_image\" \/>\n<meta name=\"twitter:label1\" content=\"Geschatte leestijd\" \/>\n\t<meta name=\"twitter:data1\" content=\"5 minuten\" \/>\n<script type=\"application\/ld+json\" class=\"yoast-schema-graph\">{\"@context\":\"https:\/\/schema.org\",\"@graph\":[{\"@type\":\"WebPage\",\"@id\":\"https:\/\/ml-locations.be\/nl\/\",\"url\":\"https:\/\/ml-locations.be\/nl\/\",\"name\":\"ML Locations | Location de mat\u00e9riel \u00e9v\u00e9nementiel\",\"isPartOf\":{\"@id\":\"https:\/\/ml-locations.be\/nl\/#website\"},\"datePublished\":\"2016-08-08T10:33:54+00:00\",\"dateModified\":\"2020-03-18T08:08:29+00:00\",\"description\":\"Location de mat\u00e9riel \u00e9v\u00e9nementiel: tables et chaises en location, mat\u00e9riel horeca, vaisselle, nappes, d\u00e9coration, bars lumineux en location, de la vaisselle en location, des chauffes-terrasses en location, des \u00e9crans, du mat\u00e9riel audio, \u2026 Devis gratuit - Service de livraison.\",\"breadcrumb\":{\"@id\":\"https:\/\/ml-locations.be\/nl\/#breadcrumb\"},\"inLanguage\":\"nl-NL\",\"potentialAction\":[{\"@type\":\"ReadAction\",\"target\":[\"https:\/\/ml-locations.be\/nl\/\"]}]},{\"@type\":\"BreadcrumbList\",\"@id\":\"https:\/\/ml-locations.be\/nl\/#breadcrumb\",\"itemListElement\":[{\"@type\":\"ListItem\",\"position\":1,\"name\":\"Accueil\",\"item\":\"https:\/\/ml-locations.be\/nl\/\"},{\"@type\":\"ListItem\",\"position\":2,\"name\":\"Home\"}]},{\"@type\":\"WebSite\",\"@id\":\"https:\/\/ml-locations.be\/nl\/#website\",\"url\":\"https:\/\/ml-locations.be\/nl\/\",\"name\":\"ML Locations\",\"description\":\"Mat\u00e9riel \u00e9v\u00e9nementiel : location chaise, table et mange debout, mat\u00e9riel horeca, frigos,...\",\"publisher\":{\"@id\":\"https:\/\/ml-locations.be\/nl\/#organization\"},\"potentialAction\":[{\"@type\":\"SearchAction\",\"target\":{\"@type\":\"EntryPoint\",\"urlTemplate\":\"https:\/\/ml-locations.be\/nl\/?s={search_term_string}\"},\"query-input\":{\"@type\":\"PropertyValueSpecification\",\"valueRequired\":true,\"valueName\":\"search_term_string\"}}],\"inLanguage\":\"nl-NL\"},{\"@type\":\"Organization\",\"@id\":\"https:\/\/ml-locations.be\/nl\/#organization\",\"name\":\"ML Locations\",\"url\":\"https:\/\/ml-locations.be\/nl\/\",\"logo\":{\"@type\":\"ImageObject\",\"inLanguage\":\"nl-NL\",\"@id\":\"https:\/\/ml-locations.be\/nl\/#\/schema\/logo\/image\/\",\"url\":\"https:\/\/ml-locations.be\/wp-content\/uploads\/2018\/05\/LOGO-location-BON.png\",\"contentUrl\":\"https:\/\/ml-locations.be\/wp-content\/uploads\/2018\/05\/LOGO-location-BON.png\",\"width\":1200,\"height\":1200,\"caption\":\"ML Locations\"},\"image\":{\"@id\":\"https:\/\/ml-locations.be\/nl\/#\/schema\/logo\/image\/\"}}]}<\/script>\n<!-- \/ Yoast SEO plugin. -->","yoast_head_json":{"title":"ML Locations | Location de mat\u00e9riel \u00e9v\u00e9nementiel","description":"Location de mat\u00e9riel \u00e9v\u00e9nementiel: tables et chaises en location, mat\u00e9riel horeca, vaisselle, nappes, d\u00e9coration, bars lumineux en location, de la vaisselle en location, des chauffes-terrasses en location, des \u00e9crans, du mat\u00e9riel audio, \u2026 Devis gratuit - Service de livraison.","robots":{"index":"index","follow":"follow","max-snippet":"max-snippet:-1","max-image-preview":"max-image-preview:large","max-video-preview":"max-video-preview:-1"},"canonical":"https:\/\/ml-locations.be\/nl\/","og_locale":"nl_NL","og_type":"article","og_title":"ML Locations | Location de mat\u00e9riel \u00e9v\u00e9nementiel","og_description":"Location de mat\u00e9riel \u00e9v\u00e9nementiel: tables et chaises en location, mat\u00e9riel horeca, vaisselle, nappes, d\u00e9coration, bars lumineux en location, de la vaisselle en location, des chauffes-terrasses en location, des \u00e9crans, du mat\u00e9riel audio, \u2026 Devis gratuit - Service de livraison.","og_url":"https:\/\/ml-locations.be\/nl\/","og_site_name":"ML Locations","article_modified_time":"2020-03-18T08:08:29+00:00","og_image":[{"width":1200,"height":1200,"url":"https:\/\/ml-locations.be\/wp-content\/uploads\/2018\/05\/LOGO-location-BON.png","type":"image\/png"}],"twitter_card":"summary_large_image","twitter_misc":{"Geschatte leestijd":"5 minuten"},"schema":{"@context":"https:\/\/schema.org","@graph":[{"@type":"WebPage","@id":"https:\/\/ml-locations.be\/nl\/","url":"https:\/\/ml-locations.be\/nl\/","name":"ML Locations | Location de mat\u00e9riel \u00e9v\u00e9nementiel","isPartOf":{"@id":"https:\/\/ml-locations.be\/nl\/#website"},"datePublished":"2016-08-08T10:33:54+00:00","dateModified":"2020-03-18T08:08:29+00:00","description":"Location de mat\u00e9riel \u00e9v\u00e9nementiel: tables et chaises en location, mat\u00e9riel horeca, vaisselle, nappes, d\u00e9coration, bars lumineux en location, de la vaisselle en location, des chauffes-terrasses en location, des \u00e9crans, du mat\u00e9riel audio, \u2026 Devis gratuit - Service de livraison.","breadcrumb":{"@id":"https:\/\/ml-locations.be\/nl\/#breadcrumb"},"inLanguage":"nl-NL","potentialAction":[{"@type":"ReadAction","target":["https:\/\/ml-locations.be\/nl\/"]}]},{"@type":"BreadcrumbList","@id":"https:\/\/ml-locations.be\/nl\/#breadcrumb","itemListElement":[{"@type":"ListItem","position":1,"name":"Accueil","item":"https:\/\/ml-locations.be\/nl\/"},{"@type":"ListItem","position":2,"name":"Home"}]},{"@type":"WebSite","@id":"https:\/\/ml-locations.be\/nl\/#website","url":"https:\/\/ml-locations.be\/nl\/","name":"ML Locations","description":"Mat\u00e9riel \u00e9v\u00e9nementiel : location chaise, table et mange debout, mat\u00e9riel horeca, frigos,...","publisher":{"@id":"https:\/\/ml-locations.be\/nl\/#organization"},"potentialAction":[{"@type":"SearchAction","target":{"@type":"EntryPoint","urlTemplate":"https:\/\/ml-locations.be\/nl\/?s={search_term_string}"},"query-input":{"@type":"PropertyValueSpecification","valueRequired":true,"valueName":"search_term_string"}}],"inLanguage":"nl-NL"},{"@type":"Organization","@id":"https:\/\/ml-locations.be\/nl\/#organization","name":"ML Locations","url":"https:\/\/ml-locations.be\/nl\/","logo":{"@type":"ImageObject","inLanguage":"nl-NL","@id":"https:\/\/ml-locations.be\/nl\/#\/schema\/logo\/image\/","url":"https:\/\/ml-locations.be\/wp-content\/uploads\/2018\/05\/LOGO-location-BON.png","contentUrl":"https:\/\/ml-locations.be\/wp-content\/uploads\/2018\/05\/LOGO-location-BON.png","width":1200,"height":1200,"caption":"ML Locations"},"image":{"@id":"https:\/\/ml-locations.be\/nl\/#\/schema\/logo\/image\/"}}]}},"_links":{"self":[{"href":"https:\/\/ml-locations.be\/nl\/wp-json\/wp\/v2\/pages\/3324","targetHints":{"allow":["GET"]}}],"collection":[{"href":"https:\/\/ml-locations.be\/nl\/wp-json\/wp\/v2\/pages"}],"about":[{"href":"https:\/\/ml-locations.be\/nl\/wp-json\/wp\/v2\/types\/page"}],"author":[{"embeddable":true,"href":"https:\/\/ml-locations.be\/nl\/wp-json\/wp\/v2\/users\/4"}],"replies":[{"embeddable":true,"href":"https:\/\/ml-locations.be\/nl\/wp-json\/wp\/v2\/comments?post=3324"}],"version-history":[{"count":0,"href":"https:\/\/ml-locations.be\/nl\/wp-json\/wp\/v2\/pages\/3324\/revisions"}],"wp:attachment":[{"href":"https:\/\/ml-locations.be\/nl\/wp-json\/wp\/v2\/media?parent=3324"}],"curies":[{"name":"wp","href":"https:\/\/api.w.org\/{rel}","templated":true}]}}