{"id":4013,"date":"2018-01-09T12:11:23","date_gmt":"2018-01-09T11:11:23","guid":{"rendered":"https:\/\/www.ml-locations.be\/?page_id=4013"},"modified":"2022-09-01T13:50:58","modified_gmt":"2022-09-01T11:50:58","slug":"contact","status":"publish","type":"page","link":"https:\/\/ml-locations.be\/nl\/contact\/","title":{"rendered":"Contact"},"content":{"rendered":"<div class=\"wpb-content-wrapper\"><p>[vc_row][vc_column width=&#8221;1\/2&#8243;][vc_column_text]<\/p>\n<h2>Contact info<\/h2>\n<h2>ML Locations &amp; M\u00e9dias sprl<\/h2>\n<p><strong>Kantoor<\/strong><br \/>\nRue Henri Debehogne 6 bte 1<br \/>\n5330 Assesse<\/p>\n<p><strong>Warenhuis<\/strong><br \/>\nRue Henri Debehogne 16<br \/>\n5330 Assesse<\/p>\n<p>&nbsp;<\/p>\n<p><strong>VAT :<\/strong> BE 0870 839 967<br \/>\n<strong>E-mail :<\/strong> <a href=\"mailto:info@www.ml-locations.be\">info@www.ml-locations.be<\/a><\/p>\n<p><strong>Telefoonnummer : <\/strong>+32 83 65 77 95<\/p>\n<p><strong>Openingsuren : <\/strong>van maandag tot vrijdag : 08h00 &#8211; 17h30[\/vc_column_text][vc_column_text css=&#8221;.vc_custom_1488982693955{margin-top: 40px !important;margin-bottom: 20px !important;}&#8221;]<\/p>\n<h3>Contactformulier<\/h3>\n<p>[\/vc_column_text]\n<div class=\"wpcf7 no-js\" id=\"wpcf7-f3372-o1\" lang=\"fr-FR\" dir=\"ltr\" data-wpcf7-id=\"3372\">\n<div class=\"screen-reader-response\"><p role=\"status\" aria-live=\"polite\" aria-atomic=\"true\"><\/p> <ul><\/ul><\/div>\n<form action=\"\/nl\/wp-json\/wp\/v2\/pages\/4013#wpcf7-f3372-o1\" method=\"post\" class=\"wpcf7-form init\" aria-label=\"Formulaire de contact\" novalidate=\"novalidate\" data-status=\"init\">\n<div style=\"display: none;\">\n<input type=\"hidden\" name=\"_wpcf7\" value=\"3372\" \/>\n<input type=\"hidden\" name=\"_wpcf7_version\" value=\"6.0.6\" \/>\n<input type=\"hidden\" name=\"_wpcf7_locale\" value=\"fr_FR\" \/>\n<input type=\"hidden\" name=\"_wpcf7_unit_tag\" value=\"wpcf7-f3372-o1\" \/>\n<input type=\"hidden\" name=\"_wpcf7_container_post\" value=\"0\" \/>\n<input type=\"hidden\" name=\"_wpcf7_posted_data_hash\" value=\"\" \/>\n<input type=\"hidden\" name=\"_wpcf7_recaptcha_response\" value=\"\" \/>\n<\/div>\n<p><label>Onderwerp *<\/label>\n<\/p>\n<p><span class=\"wpcf7-form-control-wrap\" data-name=\"objet\"><select class=\"wpcf7-form-control wpcf7-select wpcf7-validates-as-required\" aria-required=\"true\" aria-invalid=\"false\" name=\"objet\"><option value=\"\">&#8212;Veuillez choisir une option&#8212;<\/option><option value=\"Vraag om een  artikel\">Vraag om een  artikel<\/option><option value=\"Customer Service\">Customer Service<\/option><option value=\"Een probleem op de website\">Een probleem op de website<\/option><\/select><\/span>\n<\/p>\n<p><label style=\"display: none;\">E-mail adres*<\/label><span class=\"wpcf7-form-control-wrap\" data-name=\"email\"><input size=\"40\" maxlength=\"400\" class=\"wpcf7-form-control wpcf7-email wpcf7-validates-as-required wpcf7-text wpcf7-validates-as-email\" aria-required=\"true\" aria-invalid=\"false\" placeholder=\"E-mail adres *\" value=\"\" type=\"email\" name=\"email\" \/><\/span><br \/>\n<label style=\"display: none;\">Telefoon \/ Gsm<\/label><span class=\"wpcf7-form-control-wrap\" data-name=\"telephone\"><input size=\"40\" maxlength=\"400\" class=\"wpcf7-form-control wpcf7-tel wpcf7-text wpcf7-validates-as-tel\" aria-invalid=\"false\" placeholder=\"Telefoon \/ Gsm\" value=\"\" type=\"tel\" name=\"telephone\" \/><\/span><br \/>\n<label style=\"display: none;\">Voornaam + Naam*<\/label><span class=\"wpcf7-form-control-wrap\" data-name=\"nom\"><input size=\"40\" maxlength=\"400\" class=\"wpcf7-form-control wpcf7-text wpcf7-validates-as-required\" aria-required=\"true\" aria-invalid=\"false\" placeholder=\"Voornaam + Naam *\" value=\"\" type=\"text\" name=\"nom\" \/><\/span><br \/>\n<label style=\"display: none;\">Bedrijf<\/label><span class=\"wpcf7-form-control-wrap\" data-name=\"societe\"><input size=\"40\" maxlength=\"400\" class=\"wpcf7-form-control wpcf7-text\" aria-invalid=\"false\" placeholder=\"Bedrijf\" value=\"\" type=\"text\" name=\"societe\" \/><\/span><br \/>\n<label style=\"display: none;\">Uw bericht*<\/label><span class=\"wpcf7-form-control-wrap\" data-name=\"message\"><textarea cols=\"1\" rows=\"5\" maxlength=\"2000\" class=\"wpcf7-form-control wpcf7-textarea wpcf7-validates-as-required\" aria-required=\"true\" aria-invalid=\"false\" placeholder=\"Uw bericht *\" name=\"message\"><\/textarea><\/span><br \/>\n<span id=\"wpcf7-69f609c7568bb-wrapper\" class=\"wpcf7-form-control-wrap voornaam-wrap\" style=\"display:none !important; visibility:hidden !important;\"><label for=\"wpcf7-69f609c7568bb-field\" class=\"hp-message\">Veuillez laisser ce champ vide.<\/label><input id=\"wpcf7-69f609c7568bb-field\"  class=\"wpcf7-form-control wpcf7-text\" type=\"text\" name=\"voornaam\" value=\"\" size=\"40\" tabindex=\"-1\" autocomplete=\"new-password\" \/><\/span>\n<\/p>\n<p style=\"font-size: 13px; line-height: 20px;\">Door dit formulier in te dienen gaat u ermee akkoord dat ML-locations de verzamelde informatie opslaat en gebruikt om uw verzoek te verwerken. Als u meer wilt weten over ons privacybeleid, kunt u dat hier vinden <a href=\"https:\/\/ml-locations.be\/cgu\/\" target=\"_blank\">hier<\/a>\n<\/p>\n<p style=\"font-size: 13px; line-height: 20px;\"><span class=\"wpcf7-form-control-wrap\" data-name=\"privacy\"><span class=\"wpcf7-form-control wpcf7-acceptance\"><span class=\"wpcf7-list-item\"><label><input type=\"checkbox\" name=\"privacy\" value=\"1\" aria-invalid=\"false\" \/><span class=\"wpcf7-list-item-label\">Ja, ik geef mijn toestemming<\/span><\/label><\/span><\/span><\/span>\n<\/p>\n<p><input class=\"wpcf7-form-control wpcf7-submit has-spinner\" type=\"submit\" value=\"Versturen\" \/>\n<\/p><div class=\"wpcf7-response-output\" aria-hidden=\"true\"><\/div>\n<\/form>\n<\/div>\n[\/vc_column][vc_column width=&#8221;1\/2&#8243;][vc_gmaps link=&#8221;#E-8_JTNDaWZyYW1lJTIwc3JjJTNEJTIyaHR0cHMlM0ElMkYlMkZ3d3cuZ29vZ2xlLmNvbSUyRm1hcHMlMkZlbWJlZCUzRnBiJTNEJTIxMW0xOCUyMTFtMTIlMjExbTMlMjExZDEyOTU2NjguMDM0MTc5NTg4OCUyMTJkMy45MTcwNDUxOTYxOTEyOTczJTIxM2Q1MC42MzQ1MTY4NzQzMTIzNSUyMTJtMyUyMTFmMCUyMTJmMCUyMTNmMCUyMTNtMiUyMTFpMTAyNCUyMTJpNzY4JTIxNGYxMy4xJTIxM20zJTIxMW0yJTIxMXMweDQ3YzFiYjc0NzdkN2IxOWQlMjUzQTB4OWNjM2ZlNWYyMjdjMTg2ZCUyMTJzTUwlMkJMb2NhdGlvbnMlMkJldCUyQk1lZGlhcyUyQnNwcmwlMjE1ZTAlMjEzbTIlMjExc2ZyJTIxMnNiZSUyMTR2MTQ5MTQ2NjkxMjE1MSUyMiUyMHdpZHRoJTNEJTIyNTcwJTIyJTIwaGVpZ2h0JTNEJTIyNzAwJTIyJTIwZnJhbWVib3JkZXIlM0QlMjIwJTIyJTIwc3R5bGUlM0QlMjJib3JkZXIlM0EwJTIyJTIwYWxsb3dmdWxsc2NyZWVuJTNFJTNDJTJGaWZyYW1lJTNF&#8221;][\/vc_column][\/vc_row]<\/p>\n<\/div>","protected":false},"excerpt":{"rendered":"<p>[vc_row][vc_column width=&#8221;1\/2&#8243;][vc_column_text] Contact info ML Locations &amp; M\u00e9dias sprl Kantoor Rue Henri Debehogne 6 bte 1 5330 Assesse Warenhuis Rue Henri Debehogne 16 5330 Assesse &nbsp; VAT : BE 0870 839 967 E-mail : info@www.ml-locations.be Telefoonnummer : +32 83 65 77 95 Openingsuren : van maandag tot vrijdag : 08h00 &#8211; 17h30[\/vc_column_text][vc_column_text css=&#8221;.vc_custom_1488982693955{margin-top: 40px !important;margin-bottom:&hellip;<\/p>\n","protected":false},"author":5,"featured_media":0,"parent":0,"menu_order":0,"comment_status":"closed","ping_status":"closed","template":"","meta":{"_acf_changed":false,"footnotes":""},"class_list":["post-4013","page","type-page","status-publish","hentry","description-off"],"acf":[],"yoast_head":"<!-- This site is optimized with the Yoast SEO plugin v25.0 - https:\/\/yoast.com\/wordpress\/plugins\/seo\/ -->\n<title>Contact info | ML Locations<\/title>\n<meta name=\"description\" content=\"Ml Verhuur is gespecialiseerd in het verhuur van materiaal voor al uw evenmenten.\" \/>\n<meta name=\"robots\" content=\"index, follow, max-snippet:-1, max-image-preview:large, max-video-preview:-1\" \/>\n<link rel=\"canonical\" href=\"https:\/\/ml-locations.be\/nl\/contact\/\" \/>\n<meta property=\"og:locale\" content=\"nl_NL\" \/>\n<meta property=\"og:type\" content=\"article\" \/>\n<meta property=\"og:title\" content=\"Contact info | ML Locations\" \/>\n<meta property=\"og:description\" content=\"Ml Verhuur is gespecialiseerd in het verhuur van materiaal voor al uw evenmenten.\" \/>\n<meta property=\"og:url\" content=\"https:\/\/ml-locations.be\/nl\/contact\/\" \/>\n<meta property=\"og:site_name\" content=\"ML Locations\" \/>\n<meta property=\"article:modified_time\" content=\"2022-09-01T11:50:58+00:00\" \/>\n<meta property=\"og:image\" content=\"https:\/\/ml-locations.be\/wp-content\/uploads\/2018\/05\/LOGO-location-BON.png\" \/>\n\t<meta property=\"og:image:width\" content=\"1200\" \/>\n\t<meta property=\"og:image:height\" content=\"1200\" \/>\n\t<meta property=\"og:image:type\" content=\"image\/png\" \/>\n<meta name=\"twitter:card\" content=\"summary_large_image\" \/>\n<meta name=\"twitter:label1\" content=\"Geschatte leestijd\" \/>\n\t<meta name=\"twitter:data1\" content=\"1 minuut\" \/>\n<script type=\"application\/ld+json\" class=\"yoast-schema-graph\">{\"@context\":\"https:\/\/schema.org\",\"@graph\":[{\"@type\":\"WebPage\",\"@id\":\"https:\/\/ml-locations.be\/nl\/contact\/\",\"url\":\"https:\/\/ml-locations.be\/nl\/contact\/\",\"name\":\"Contact info | ML Locations\",\"isPartOf\":{\"@id\":\"https:\/\/ml-locations.be\/nl\/#website\"},\"datePublished\":\"2018-01-09T11:11:23+00:00\",\"dateModified\":\"2022-09-01T11:50:58+00:00\",\"description\":\"Ml Verhuur is gespecialiseerd in het verhuur van materiaal voor al uw evenmenten.\",\"breadcrumb\":{\"@id\":\"https:\/\/ml-locations.be\/nl\/contact\/#breadcrumb\"},\"inLanguage\":\"nl-NL\",\"potentialAction\":[{\"@type\":\"ReadAction\",\"target\":[\"https:\/\/ml-locations.be\/nl\/contact\/\"]}]},{\"@type\":\"BreadcrumbList\",\"@id\":\"https:\/\/ml-locations.be\/nl\/contact\/#breadcrumb\",\"itemListElement\":[{\"@type\":\"ListItem\",\"position\":1,\"name\":\"Accueil\",\"item\":\"https:\/\/ml-locations.be\/nl\/\"},{\"@type\":\"ListItem\",\"position\":2,\"name\":\"Contact\"}]},{\"@type\":\"WebSite\",\"@id\":\"https:\/\/ml-locations.be\/nl\/#website\",\"url\":\"https:\/\/ml-locations.be\/nl\/\",\"name\":\"ML Locations\",\"description\":\"Mat\u00e9riel \u00e9v\u00e9nementiel : location chaise, table et mange debout, mat\u00e9riel horeca, frigos,...\",\"publisher\":{\"@id\":\"https:\/\/ml-locations.be\/nl\/#organization\"},\"potentialAction\":[{\"@type\":\"SearchAction\",\"target\":{\"@type\":\"EntryPoint\",\"urlTemplate\":\"https:\/\/ml-locations.be\/nl\/?s={search_term_string}\"},\"query-input\":{\"@type\":\"PropertyValueSpecification\",\"valueRequired\":true,\"valueName\":\"search_term_string\"}}],\"inLanguage\":\"nl-NL\"},{\"@type\":\"Organization\",\"@id\":\"https:\/\/ml-locations.be\/nl\/#organization\",\"name\":\"ML Locations\",\"url\":\"https:\/\/ml-locations.be\/nl\/\",\"logo\":{\"@type\":\"ImageObject\",\"inLanguage\":\"nl-NL\",\"@id\":\"https:\/\/ml-locations.be\/nl\/#\/schema\/logo\/image\/\",\"url\":\"https:\/\/ml-locations.be\/wp-content\/uploads\/2018\/05\/LOGO-location-BON.png\",\"contentUrl\":\"https:\/\/ml-locations.be\/wp-content\/uploads\/2018\/05\/LOGO-location-BON.png\",\"width\":1200,\"height\":1200,\"caption\":\"ML Locations\"},\"image\":{\"@id\":\"https:\/\/ml-locations.be\/nl\/#\/schema\/logo\/image\/\"}}]}<\/script>\n<!-- \/ Yoast SEO plugin. -->","yoast_head_json":{"title":"Contact info | ML Locations","description":"Ml Verhuur is gespecialiseerd in het verhuur van materiaal voor al uw evenmenten.","robots":{"index":"index","follow":"follow","max-snippet":"max-snippet:-1","max-image-preview":"max-image-preview:large","max-video-preview":"max-video-preview:-1"},"canonical":"https:\/\/ml-locations.be\/nl\/contact\/","og_locale":"nl_NL","og_type":"article","og_title":"Contact info | ML Locations","og_description":"Ml Verhuur is gespecialiseerd in het verhuur van materiaal voor al uw evenmenten.","og_url":"https:\/\/ml-locations.be\/nl\/contact\/","og_site_name":"ML Locations","article_modified_time":"2022-09-01T11:50:58+00:00","og_image":[{"width":1200,"height":1200,"url":"https:\/\/ml-locations.be\/wp-content\/uploads\/2018\/05\/LOGO-location-BON.png","type":"image\/png"}],"twitter_card":"summary_large_image","twitter_misc":{"Geschatte leestijd":"1 minuut"},"schema":{"@context":"https:\/\/schema.org","@graph":[{"@type":"WebPage","@id":"https:\/\/ml-locations.be\/nl\/contact\/","url":"https:\/\/ml-locations.be\/nl\/contact\/","name":"Contact info | ML Locations","isPartOf":{"@id":"https:\/\/ml-locations.be\/nl\/#website"},"datePublished":"2018-01-09T11:11:23+00:00","dateModified":"2022-09-01T11:50:58+00:00","description":"Ml Verhuur is gespecialiseerd in het verhuur van materiaal voor al uw evenmenten.","breadcrumb":{"@id":"https:\/\/ml-locations.be\/nl\/contact\/#breadcrumb"},"inLanguage":"nl-NL","potentialAction":[{"@type":"ReadAction","target":["https:\/\/ml-locations.be\/nl\/contact\/"]}]},{"@type":"BreadcrumbList","@id":"https:\/\/ml-locations.be\/nl\/contact\/#breadcrumb","itemListElement":[{"@type":"ListItem","position":1,"name":"Accueil","item":"https:\/\/ml-locations.be\/nl\/"},{"@type":"ListItem","position":2,"name":"Contact"}]},{"@type":"WebSite","@id":"https:\/\/ml-locations.be\/nl\/#website","url":"https:\/\/ml-locations.be\/nl\/","name":"ML Locations","description":"Mat\u00e9riel \u00e9v\u00e9nementiel : location chaise, table et mange debout, mat\u00e9riel horeca, frigos,...","publisher":{"@id":"https:\/\/ml-locations.be\/nl\/#organization"},"potentialAction":[{"@type":"SearchAction","target":{"@type":"EntryPoint","urlTemplate":"https:\/\/ml-locations.be\/nl\/?s={search_term_string}"},"query-input":{"@type":"PropertyValueSpecification","valueRequired":true,"valueName":"search_term_string"}}],"inLanguage":"nl-NL"},{"@type":"Organization","@id":"https:\/\/ml-locations.be\/nl\/#organization","name":"ML Locations","url":"https:\/\/ml-locations.be\/nl\/","logo":{"@type":"ImageObject","inLanguage":"nl-NL","@id":"https:\/\/ml-locations.be\/nl\/#\/schema\/logo\/image\/","url":"https:\/\/ml-locations.be\/wp-content\/uploads\/2018\/05\/LOGO-location-BON.png","contentUrl":"https:\/\/ml-locations.be\/wp-content\/uploads\/2018\/05\/LOGO-location-BON.png","width":1200,"height":1200,"caption":"ML Locations"},"image":{"@id":"https:\/\/ml-locations.be\/nl\/#\/schema\/logo\/image\/"}}]}},"_links":{"self":[{"href":"https:\/\/ml-locations.be\/nl\/wp-json\/wp\/v2\/pages\/4013","targetHints":{"allow":["GET"]}}],"collection":[{"href":"https:\/\/ml-locations.be\/nl\/wp-json\/wp\/v2\/pages"}],"about":[{"href":"https:\/\/ml-locations.be\/nl\/wp-json\/wp\/v2\/types\/page"}],"author":[{"embeddable":true,"href":"https:\/\/ml-locations.be\/nl\/wp-json\/wp\/v2\/users\/5"}],"replies":[{"embeddable":true,"href":"https:\/\/ml-locations.be\/nl\/wp-json\/wp\/v2\/comments?post=4013"}],"version-history":[{"count":4,"href":"https:\/\/ml-locations.be\/nl\/wp-json\/wp\/v2\/pages\/4013\/revisions"}],"predecessor-version":[{"id":1047369,"href":"https:\/\/ml-locations.be\/nl\/wp-json\/wp\/v2\/pages\/4013\/revisions\/1047369"}],"wp:attachment":[{"href":"https:\/\/ml-locations.be\/nl\/wp-json\/wp\/v2\/media?parent=4013"}],"curies":[{"name":"wp","href":"https:\/\/api.w.org\/{rel}","templated":true}]}}