{"id":4606,"date":"2018-04-11T15:32:22","date_gmt":"2018-04-11T13:32:22","guid":{"rendered":"https:\/\/www.ml-locations.be?page_id=4606"},"modified":"2019-04-25T10:31:17","modified_gmt":"2019-04-25T08:31:17","slug":"ml-locations-verhuur-materiaal-voor-evenementen","status":"publish","type":"page","link":"https:\/\/ml-locations.be\/nl\/ml-locations-verhuur-materiaal-voor-evenementen\/","title":{"rendered":"ML Locations: 12 jaar ervaring met verhuur van materiaal voor evenementen"},"content":{"rendered":"<div class=\"wpb-content-wrapper\"><p>[vc_row][vc_column width=&#8221;1\/2&#8243;][vc_column_text]<\/p>\n<h2 style=\"text-align: left;\">Evenementenmateriaal te huur voor elke gelegenheid :<\/h2>\n<p style=\"text-align: left;\">Organiseert u een evenement? Bent u op zoek naar evenementenmateriaal? Bent u exposant op een beurs en hebt u geschikt standmateriaal of decoratie nodig? Dan is ML Locations het bedrijf dat u kan helpen.<\/p>\n<p style=\"text-align: left;\">Wij zijn gespecialiseerd in <strong>het verhuren van evenementenmateriaal voor professionals en particulieren<\/strong>. We bieden een brede waaier aan van evenementenmateriaal dat kan worden gehuurd : verhuur van <strong><a href=\"https:\/\/ml-locations.be\/location\/materiel-horeca-en-location\/\">horecamateriaal<\/a>, <a href=\"https:\/\/ml-locations.be\/location\/chapiteau-tente-de-reception-louer\/\">verhuur van tenten<\/a><\/strong>, <strong><a href=\"https:\/\/ml-locations.be\/location\/jeux-divertissement-en-location\/chateaux-gonflables-en-location\/\">verhuur van opblaastenten<\/a><\/strong>, <strong><a href=\"https:\/\/ml-locations.be\/location\/jeux-divertissement-en-location\/structures-gonflables-et-jeux-gonflables-a-louer\/\">verhuur van opblaasstructuren<\/a><\/strong>, <a href=\"https:\/\/ml-locations.be\/location\/mobilier\/tables-et-mange-debout-en-location\/\"><strong>verhuur van tafels en staftafles<\/strong><\/a>, <strong><a href=\"https:\/\/ml-locations.be\/location\/mobilier\/mobilier-lumineux\/\">verhuur van lichtmeubels<\/a><\/strong>, <a href=\"https:\/\/ml-locations.be\/location\/materiel-video-en-location\/\"><strong>verhuur van audiovisueel materiaal<\/strong><\/a>, <a href=\"https:\/\/ml-locations.be\/location\/materiel-sono-et-lumieres-en-location\/\"><strong>verhuur van geluidsmateriaal<\/strong><\/a>, <a href=\"https:\/\/ml-locations.be\/location\/materiel-sono-et-lumieres-en-location\/materiel-eclairage-et-lumieres-a-louer\/\"><strong>verhuur van verlichting<\/strong><\/a>, <a href=\"https:\/\/ml-locations.be\/location\/materiel-horeca-en-location\/frigos-et-congelateurs-en-location\/\"><strong>verhuur van koelkasten<\/strong><\/a>, enz.<\/p>\n<p style=\"text-align: left;\">Kortom, de lijst is lang!<\/p>\n<h2 style=\"text-align: left;\"><\/h2>\n<p>[\/vc_column_text][vc_single_image image=&#8221;758&#8243; img_size=&#8221;medium&#8221;][\/vc_column][vc_column width=&#8221;1\/2&#8243;][vc_column_text]<\/p>\n<h2>Al 12 jaar tot uw dienst in de verhuur van materiaal voor al uw evenementen<\/h2>\n<p>Wij zijn reeds 12 jaar actief. Een <strong>dynamisch team<\/strong> staat tot uw beschikking om te antwoorden op uw vragen, om <strong>materiaal te adviseren<\/strong> en om u <strong>vernieuwende idee\u00ebn aan te reiken voor uw evenementen<\/strong>. ML Locations omringt zich met gemotiveerde medewerkers en kan op die manier optimaal tegemoet komen aan uw wensen, met respect voor uw budget. We zijn altijd bereid om naar u te luisteren en we bieden u onze knowhow en ons professionalisme aan. Door te kiezen voor ML Locations voor uw huurmateriaal, kunt u rekenen op de kwaliteit en de ervaring van een team van professionals. <strong>Evenementenmateriaal huren<\/strong> bij ML Locations, dat is een garantie op een uniek en geslaagd evenement! Waarom niet bij u?<\/p>\n<p>Wij leveren materiaal in Belgi\u00eb, het noorden van Frankrijk en het groothertogdom Luxemburg.<\/p>\n<p>Via deze site kunt u een offerte aanvragen voor <strong>de huur van materiaal<\/strong> voor uw <strong>party\u2019s, huwelijksrecepties, verjaardagen, beurzen, tentoonstellingen<\/strong>, enz.<\/p>\n<p>Hebt u nog vragen? Aarzel dan niet om <a href=\"https:\/\/ml-locations.be\/nl\/contact\/\">contact met ons op te nemen<\/a>! Ons team antwoordt graag op al uw vragen en heeft tal van vernieuwende idee\u00ebn in petto voor de <strong>organisatie van uw evenementen<\/strong>.[\/vc_column_text][\/vc_column][\/vc_row]<\/p>\n<\/div>","protected":false},"excerpt":{"rendered":"<p>[vc_row][vc_column width=&#8221;1\/2&#8243;][vc_column_text] Evenementenmateriaal te huur voor elke gelegenheid : Organiseert u een evenement? Bent u op zoek naar evenementenmateriaal? Bent u exposant op een beurs en hebt u geschikt standmateriaal of decoratie nodig? Dan is ML Locations het bedrijf dat u kan helpen. Wij zijn gespecialiseerd in het verhuren van evenementenmateriaal voor professionals en particulieren.&hellip;<\/p>\n","protected":false},"author":5,"featured_media":0,"parent":0,"menu_order":1,"comment_status":"closed","ping_status":"closed","template":"","meta":{"_acf_changed":false,"footnotes":""},"class_list":["post-4606","page","type-page","status-publish","hentry","description-off"],"acf":[],"yoast_head":"<!-- This site is optimized with the Yoast SEO plugin v25.0 - https:\/\/yoast.com\/wordpress\/plugins\/seo\/ -->\n<title>ML Locations: 12 jaar ervaring met verhuur van materiaal voor evenementen | ML Locations<\/title>\n<meta name=\"robots\" content=\"index, follow, max-snippet:-1, max-image-preview:large, max-video-preview:-1\" \/>\n<link rel=\"canonical\" href=\"https:\/\/ml-locations.be\/nl\/ml-locations-verhuur-materiaal-voor-evenementen\/\" \/>\n<meta property=\"og:locale\" content=\"nl_NL\" \/>\n<meta property=\"og:type\" content=\"article\" \/>\n<meta property=\"og:title\" content=\"ML Locations: 12 jaar ervaring met verhuur van materiaal voor evenementen | ML Locations\" \/>\n<meta property=\"og:description\" content=\"[vc_row][vc_column width=&#8221;1\/2&#8243;][vc_column_text] Evenementenmateriaal te huur voor elke gelegenheid : Organiseert u een evenement? Bent u op zoek naar evenementenmateriaal? Bent u exposant op een beurs en hebt u geschikt standmateriaal of decoratie nodig? Dan is ML Locations het bedrijf dat u kan helpen. Wij zijn gespecialiseerd in het verhuren van evenementenmateriaal voor professionals en particulieren.&hellip;\" \/>\n<meta property=\"og:url\" content=\"https:\/\/ml-locations.be\/nl\/ml-locations-verhuur-materiaal-voor-evenementen\/\" \/>\n<meta property=\"og:site_name\" content=\"ML Locations\" \/>\n<meta property=\"article:modified_time\" content=\"2019-04-25T08:31:17+00:00\" \/>\n<meta property=\"og:image\" content=\"https:\/\/ml-locations.be\/wp-content\/uploads\/2018\/05\/LOGO-location-BON.png\" \/>\n\t<meta property=\"og:image:width\" content=\"1200\" \/>\n\t<meta property=\"og:image:height\" content=\"1200\" \/>\n\t<meta property=\"og:image:type\" content=\"image\/png\" \/>\n<meta name=\"twitter:card\" content=\"summary_large_image\" \/>\n<meta name=\"twitter:label1\" content=\"Geschatte leestijd\" \/>\n\t<meta name=\"twitter:data1\" content=\"2 minuten\" \/>\n<script type=\"application\/ld+json\" class=\"yoast-schema-graph\">{\"@context\":\"https:\/\/schema.org\",\"@graph\":[{\"@type\":\"WebPage\",\"@id\":\"https:\/\/ml-locations.be\/nl\/ml-locations-verhuur-materiaal-voor-evenementen\/\",\"url\":\"https:\/\/ml-locations.be\/nl\/ml-locations-verhuur-materiaal-voor-evenementen\/\",\"name\":\"ML Locations: 12 jaar ervaring met verhuur van materiaal voor evenementen | ML Locations\",\"isPartOf\":{\"@id\":\"https:\/\/ml-locations.be\/nl\/#website\"},\"datePublished\":\"2018-04-11T13:32:22+00:00\",\"dateModified\":\"2019-04-25T08:31:17+00:00\",\"breadcrumb\":{\"@id\":\"https:\/\/ml-locations.be\/nl\/ml-locations-verhuur-materiaal-voor-evenementen\/#breadcrumb\"},\"inLanguage\":\"nl-NL\",\"potentialAction\":[{\"@type\":\"ReadAction\",\"target\":[\"https:\/\/ml-locations.be\/nl\/ml-locations-verhuur-materiaal-voor-evenementen\/\"]}]},{\"@type\":\"BreadcrumbList\",\"@id\":\"https:\/\/ml-locations.be\/nl\/ml-locations-verhuur-materiaal-voor-evenementen\/#breadcrumb\",\"itemListElement\":[{\"@type\":\"ListItem\",\"position\":1,\"name\":\"Accueil\",\"item\":\"https:\/\/ml-locations.be\/nl\/\"},{\"@type\":\"ListItem\",\"position\":2,\"name\":\"ML Locations: 12 jaar ervaring met verhuur van materiaal voor evenementen\"}]},{\"@type\":\"WebSite\",\"@id\":\"https:\/\/ml-locations.be\/nl\/#website\",\"url\":\"https:\/\/ml-locations.be\/nl\/\",\"name\":\"ML Locations\",\"description\":\"Mat\u00e9riel \u00e9v\u00e9nementiel : location chaise, table et mange debout, mat\u00e9riel horeca, frigos,...\",\"publisher\":{\"@id\":\"https:\/\/ml-locations.be\/nl\/#organization\"},\"potentialAction\":[{\"@type\":\"SearchAction\",\"target\":{\"@type\":\"EntryPoint\",\"urlTemplate\":\"https:\/\/ml-locations.be\/nl\/?s={search_term_string}\"},\"query-input\":{\"@type\":\"PropertyValueSpecification\",\"valueRequired\":true,\"valueName\":\"search_term_string\"}}],\"inLanguage\":\"nl-NL\"},{\"@type\":\"Organization\",\"@id\":\"https:\/\/ml-locations.be\/nl\/#organization\",\"name\":\"ML Locations\",\"url\":\"https:\/\/ml-locations.be\/nl\/\",\"logo\":{\"@type\":\"ImageObject\",\"inLanguage\":\"nl-NL\",\"@id\":\"https:\/\/ml-locations.be\/nl\/#\/schema\/logo\/image\/\",\"url\":\"https:\/\/ml-locations.be\/wp-content\/uploads\/2018\/05\/LOGO-location-BON.png\",\"contentUrl\":\"https:\/\/ml-locations.be\/wp-content\/uploads\/2018\/05\/LOGO-location-BON.png\",\"width\":1200,\"height\":1200,\"caption\":\"ML Locations\"},\"image\":{\"@id\":\"https:\/\/ml-locations.be\/nl\/#\/schema\/logo\/image\/\"}}]}<\/script>\n<!-- \/ Yoast SEO plugin. -->","yoast_head_json":{"title":"ML Locations: 12 jaar ervaring met verhuur van materiaal voor evenementen | ML Locations","robots":{"index":"index","follow":"follow","max-snippet":"max-snippet:-1","max-image-preview":"max-image-preview:large","max-video-preview":"max-video-preview:-1"},"canonical":"https:\/\/ml-locations.be\/nl\/ml-locations-verhuur-materiaal-voor-evenementen\/","og_locale":"nl_NL","og_type":"article","og_title":"ML Locations: 12 jaar ervaring met verhuur van materiaal voor evenementen | ML Locations","og_description":"[vc_row][vc_column width=&#8221;1\/2&#8243;][vc_column_text] Evenementenmateriaal te huur voor elke gelegenheid : Organiseert u een evenement? Bent u op zoek naar evenementenmateriaal? Bent u exposant op een beurs en hebt u geschikt standmateriaal of decoratie nodig? Dan is ML Locations het bedrijf dat u kan helpen. Wij zijn gespecialiseerd in het verhuren van evenementenmateriaal voor professionals en particulieren.&hellip;","og_url":"https:\/\/ml-locations.be\/nl\/ml-locations-verhuur-materiaal-voor-evenementen\/","og_site_name":"ML Locations","article_modified_time":"2019-04-25T08:31:17+00:00","og_image":[{"width":1200,"height":1200,"url":"https:\/\/ml-locations.be\/wp-content\/uploads\/2018\/05\/LOGO-location-BON.png","type":"image\/png"}],"twitter_card":"summary_large_image","twitter_misc":{"Geschatte leestijd":"2 minuten"},"schema":{"@context":"https:\/\/schema.org","@graph":[{"@type":"WebPage","@id":"https:\/\/ml-locations.be\/nl\/ml-locations-verhuur-materiaal-voor-evenementen\/","url":"https:\/\/ml-locations.be\/nl\/ml-locations-verhuur-materiaal-voor-evenementen\/","name":"ML Locations: 12 jaar ervaring met verhuur van materiaal voor evenementen | ML Locations","isPartOf":{"@id":"https:\/\/ml-locations.be\/nl\/#website"},"datePublished":"2018-04-11T13:32:22+00:00","dateModified":"2019-04-25T08:31:17+00:00","breadcrumb":{"@id":"https:\/\/ml-locations.be\/nl\/ml-locations-verhuur-materiaal-voor-evenementen\/#breadcrumb"},"inLanguage":"nl-NL","potentialAction":[{"@type":"ReadAction","target":["https:\/\/ml-locations.be\/nl\/ml-locations-verhuur-materiaal-voor-evenementen\/"]}]},{"@type":"BreadcrumbList","@id":"https:\/\/ml-locations.be\/nl\/ml-locations-verhuur-materiaal-voor-evenementen\/#breadcrumb","itemListElement":[{"@type":"ListItem","position":1,"name":"Accueil","item":"https:\/\/ml-locations.be\/nl\/"},{"@type":"ListItem","position":2,"name":"ML Locations: 12 jaar ervaring met verhuur van materiaal voor evenementen"}]},{"@type":"WebSite","@id":"https:\/\/ml-locations.be\/nl\/#website","url":"https:\/\/ml-locations.be\/nl\/","name":"ML Locations","description":"Mat\u00e9riel \u00e9v\u00e9nementiel : location chaise, table et mange debout, mat\u00e9riel horeca, frigos,...","publisher":{"@id":"https:\/\/ml-locations.be\/nl\/#organization"},"potentialAction":[{"@type":"SearchAction","target":{"@type":"EntryPoint","urlTemplate":"https:\/\/ml-locations.be\/nl\/?s={search_term_string}"},"query-input":{"@type":"PropertyValueSpecification","valueRequired":true,"valueName":"search_term_string"}}],"inLanguage":"nl-NL"},{"@type":"Organization","@id":"https:\/\/ml-locations.be\/nl\/#organization","name":"ML Locations","url":"https:\/\/ml-locations.be\/nl\/","logo":{"@type":"ImageObject","inLanguage":"nl-NL","@id":"https:\/\/ml-locations.be\/nl\/#\/schema\/logo\/image\/","url":"https:\/\/ml-locations.be\/wp-content\/uploads\/2018\/05\/LOGO-location-BON.png","contentUrl":"https:\/\/ml-locations.be\/wp-content\/uploads\/2018\/05\/LOGO-location-BON.png","width":1200,"height":1200,"caption":"ML Locations"},"image":{"@id":"https:\/\/ml-locations.be\/nl\/#\/schema\/logo\/image\/"}}]}},"_links":{"self":[{"href":"https:\/\/ml-locations.be\/nl\/wp-json\/wp\/v2\/pages\/4606","targetHints":{"allow":["GET"]}}],"collection":[{"href":"https:\/\/ml-locations.be\/nl\/wp-json\/wp\/v2\/pages"}],"about":[{"href":"https:\/\/ml-locations.be\/nl\/wp-json\/wp\/v2\/types\/page"}],"author":[{"embeddable":true,"href":"https:\/\/ml-locations.be\/nl\/wp-json\/wp\/v2\/users\/5"}],"replies":[{"embeddable":true,"href":"https:\/\/ml-locations.be\/nl\/wp-json\/wp\/v2\/comments?post=4606"}],"version-history":[{"count":0,"href":"https:\/\/ml-locations.be\/nl\/wp-json\/wp\/v2\/pages\/4606\/revisions"}],"wp:attachment":[{"href":"https:\/\/ml-locations.be\/nl\/wp-json\/wp\/v2\/media?parent=4606"}],"curies":[{"name":"wp","href":"https:\/\/api.w.org\/{rel}","templated":true}]}}