{"id":4613,"date":"2018-04-11T16:38:56","date_gmt":"2018-04-11T14:38:56","guid":{"rendered":"https:\/\/www.ml-locations.be?page_id=4613"},"modified":"2018-06-11T17:16:44","modified_gmt":"2018-06-11T15:16:44","slug":"transport-van-materiaal","status":"publish","type":"page","link":"https:\/\/ml-locations.be\/nl\/transport-van-materiaal\/","title":{"rendered":"Transport van het materiaal"},"content":{"rendered":"<div class=\"wpb-content-wrapper\"><p>[vc_row][vc_column][vc_column_text css=&#8221;.vc_custom_1495181053910{margin-bottom: 0px !important;}&#8221;]<\/p>\n<h2><strong>Le transport peut \u00eatre r\u00e9alis\u00e9 par nos soins ou par vos soins\u00a0!<\/strong><\/h2>\n<p><strong>Chez ML Locations vous avez le choix\u00a0:<\/strong> soit nous nous occupons du transport du mat\u00e9riel de location (livraison et reprise), soit vous venez chercher le mat\u00e9riel directement \u00e0 notre d\u00e9p\u00f4t \u00e0 Assesse (Namur).<\/p>\n<h3><strong>Enl\u00e8vement par vos soins\u00a0: <\/strong><\/h3>\n<p>Si vous poss\u00e9dez un v\u00e9hicule et que vous voulez prendre en charge le transport, c\u2019est possible. En cas d\u2019enl\u00e8vement et retour de la commande par vos soins, notre magasinier vous re\u00e7oit \u00e0 notre <strong>entrep\u00f4t d\u2019Assesse (Namur)<\/strong> dans une plage horaire convenue et vous aide \u00e0 charger \/ d\u00e9charger le mat\u00e9riel.<\/p>\n<h3><strong>Livraison\/Reprise\u00a0:<\/strong><\/h3>\n<p>Si vous le souhaitez, nous organisons le transport du mat\u00e9riel \u00e0 l&#8217;adresse souhait\u00e9e par le client dans des tranches horaires \u00e0 convenir (aller simple, aller-retour ou retour simple).<\/p>\n<p>En cas de transport par nos soins (livraison et\/ou reprise), un livreur se rend en camion sur les lieux de votre \u00e9v\u00e9nement dans une plage horaire d\u00e9termin\u00e9e, \u00e0 convenir lors de la commande.<\/p>\n<ul>\n<li><strong>Livraison\u00a0: <\/strong>le mat\u00e9riel est livr\u00e9 au rez-de-chauss\u00e9e du lieu convenu, sur une surface plane et propre. Sauf arrangement particulier, aucune installation n&#8217;est pr\u00e9vue.<\/li>\n<li><strong>Reprise\u00a0:<\/strong> le mat\u00e9riel \u00e0 reprendre doit \u00eatre <strong>conditionn\u00e9 comme il vous a \u00e9t\u00e9 livr\u00e9<\/strong> (sur rack de transport ou dans un casier, par exemple), rassembl\u00e9 en l\u2019endroit le plus facilement accessible \u00e0 notre v\u00e9hicule ou \u00e0 l\u2019endroit o\u00f9 le mat\u00e9riel a \u00e9t\u00e9 livr\u00e9.<\/li>\n<\/ul>\n<p>[\/vc_column_text][vc_raw_html css=&#8221;.vc_custom_1495181213339{margin-bottom: 80px !important;}&#8221;]JTNDZGl2JTIwaWQlM0QlMjJjb25kaXRpb25zLXBhaWVtZW50JTIyJTNFJTNDJTJGZGl2JTNF[\/vc_raw_html][vc_column_text]<\/p>\n<h2><strong>Tarif transport :<\/strong><\/h2>\n<p>Le co\u00fbt du transport est d\u00e9termin\u00e9 en<strong> fonction de la distance et du volume de votre commande<\/strong>. Nous pr\u00e9cisons le prix de transport dans l&#8217;offre et\/ou la r\u00e9servation qui est soumise \u00e0 votre accord. Quinze minutes de temps de d\u00e9chargement et quinze minutes de temps de chargement sont comprises dans le co\u00fbt du transport. Tout \u00ab\u00a0temps d&#8217;attente\u00a0\u00bb ou toute prestation non pr\u00e9vue vous est factur\u00e9e en suppl\u00e9ment du prix convenu, sur base du temps r\u00e9el consacr\u00e9 (main d\u2019\u0153uvre suppl\u00e9mentaire en r\u00e9gie).<\/p>\n<p>&nbsp;<\/p>\n<h2><strong>Restitution du mat\u00e9riel :<\/strong><\/h2>\n<p>Comme stipul\u00e9 dans nos conditions g\u00e9n\u00e9rales, tout mat\u00e9riel confi\u00e9 en location doit \u00eatre rendu propre, en \u00e9tat et conditionn\u00e9 comme re\u00e7u, \u00e0 l&#8217;exception du nappage et de la vaisselle.<\/p>\n<ul>\n<li><strong>La vaisselle<\/strong> : la vaisselle peut nous \u00eatre rendue non lav\u00e9e (non lav\u00e9e mais pas sale, c\u2019est-\u00e0-dire <strong>rinc\u00e9e apr\u00e8s d\u00e9barrassage des d\u00e9chets et fonds de verres<\/strong>) mais strictement conditionn\u00e9e comme re\u00e7ue (dans les bons racks).<\/li>\n<li><strong>Le nappage<\/strong> : le nappage peut nous \u00eatre restitu\u00e9 sale, tri\u00e9 par taille et par couleur et les serviettes s\u00e9par\u00e9es des nappes et rassembl\u00e9es.<\/li>\n<\/ul>\n<p>[\/vc_column_text][vc_empty_space][vc_cta h2=&#8221;&#8221; txt_align=&#8221;center&#8221; add_button=&#8221;bottom&#8221; btn_title=&#8221;Voir tous les produits&#8221; btn_style=&#8221;gradient-custom&#8221; btn_gradient_custom_color_1=&#8221;#fc53b4&#8243; btn_gradient_custom_color_2=&#8221;#e93299&#8243; btn_align=&#8221;center&#8221; btn_i_icon_fontawesome=&#8221;fa fa-paper-plane&#8221; btn_add_icon=&#8221;true&#8221; btn_custom_onclick=&#8221;true&#8221; btn_smooth_scroll=&#8221;true&#8221; btn_link=&#8221;url:%2F%3Fpage_id%3D2680|title:Voir%20tous%20les%20produits%20en%20location|&#8221;]<\/p>\n<h2 style=\"text-align: center;\"><span style=\"color: #000000;\">Vous souhaitez\u00a0commander en ligne rapidement\u00a0?<\/span><\/h2>\n<p style=\"text-align: center;\"><span style=\"color: #000000;\">Acc\u00e9dez \u00e0 notre boutique en ligne et consultez notre catalogue d\u2019articles de location !\u00a0<\/span><\/p>\n<p>[\/vc_cta][vc_empty_space]<div class=\"woocommerce columns-4 \"><\/div>[\/vc_column][\/vc_row]<\/p>\n<\/div>","protected":false},"excerpt":{"rendered":"<p>[vc_row][vc_column][vc_column_text css=&#8221;.vc_custom_1495181053910{margin-bottom: 0px !important;}&#8221;] Le transport peut \u00eatre r\u00e9alis\u00e9 par nos soins ou par vos soins\u00a0! Chez ML Locations vous avez le choix\u00a0: soit nous nous occupons du transport du mat\u00e9riel de location (livraison et reprise), soit vous venez chercher le mat\u00e9riel directement \u00e0 notre d\u00e9p\u00f4t \u00e0 Assesse (Namur). Enl\u00e8vement par vos soins\u00a0: Si vous&hellip;<\/p>\n","protected":false},"author":5,"featured_media":0,"parent":0,"menu_order":0,"comment_status":"closed","ping_status":"closed","template":"","meta":{"_acf_changed":false,"footnotes":""},"class_list":["post-4613","page","type-page","status-publish","hentry","description-off"],"acf":[],"yoast_head":"<!-- This site is optimized with the Yoast SEO plugin v25.0 - https:\/\/yoast.com\/wordpress\/plugins\/seo\/ -->\n<title>Transport du mat\u00e9riel \u00e9v\u00e9nementiel de location<\/title>\n<meta name=\"description\" content=\"Mat\u00e9riel de location pout tous vos \u00e9v\u00e9nements : tables en location, chaises en location, mat\u00e9riel horeca. Devis gratuits, livraison possible\" \/>\n<meta name=\"robots\" content=\"index, follow, max-snippet:-1, max-image-preview:large, max-video-preview:-1\" \/>\n<link rel=\"canonical\" href=\"https:\/\/ml-locations.be\/nl\/transport-van-materiaal\/\" \/>\n<meta property=\"og:locale\" content=\"nl_NL\" \/>\n<meta property=\"og:type\" content=\"article\" \/>\n<meta property=\"og:title\" content=\"Transport du mat\u00e9riel \u00e9v\u00e9nementiel de location\" \/>\n<meta property=\"og:description\" content=\"Mat\u00e9riel de location pout tous vos \u00e9v\u00e9nements : tables en location, chaises en location, mat\u00e9riel horeca. Devis gratuits, livraison possible\" \/>\n<meta property=\"og:url\" content=\"https:\/\/ml-locations.be\/nl\/transport-van-materiaal\/\" \/>\n<meta property=\"og:site_name\" content=\"ML Locations\" \/>\n<meta property=\"article:modified_time\" content=\"2018-06-11T15:16:44+00:00\" \/>\n<meta property=\"og:image\" content=\"https:\/\/ml-locations.be\/wp-content\/uploads\/2018\/05\/LOGO-location-BON.png\" \/>\n\t<meta property=\"og:image:width\" content=\"1200\" \/>\n\t<meta property=\"og:image:height\" content=\"1200\" \/>\n\t<meta property=\"og:image:type\" content=\"image\/png\" \/>\n<meta name=\"twitter:card\" content=\"summary_large_image\" \/>\n<meta name=\"twitter:label1\" content=\"Geschatte leestijd\" \/>\n\t<meta name=\"twitter:data1\" content=\"3 minuten\" \/>\n<script type=\"application\/ld+json\" class=\"yoast-schema-graph\">{\"@context\":\"https:\/\/schema.org\",\"@graph\":[{\"@type\":\"WebPage\",\"@id\":\"https:\/\/ml-locations.be\/nl\/transport-van-materiaal\/\",\"url\":\"https:\/\/ml-locations.be\/nl\/transport-van-materiaal\/\",\"name\":\"Transport du mat\u00e9riel \u00e9v\u00e9nementiel de location\",\"isPartOf\":{\"@id\":\"https:\/\/ml-locations.be\/nl\/#website\"},\"datePublished\":\"2018-04-11T14:38:56+00:00\",\"dateModified\":\"2018-06-11T15:16:44+00:00\",\"description\":\"Mat\u00e9riel de location pout tous vos \u00e9v\u00e9nements : tables en location, chaises en location, mat\u00e9riel horeca. Devis gratuits, livraison possible\",\"breadcrumb\":{\"@id\":\"https:\/\/ml-locations.be\/nl\/transport-van-materiaal\/#breadcrumb\"},\"inLanguage\":\"nl-NL\",\"potentialAction\":[{\"@type\":\"ReadAction\",\"target\":[\"https:\/\/ml-locations.be\/nl\/transport-van-materiaal\/\"]}]},{\"@type\":\"BreadcrumbList\",\"@id\":\"https:\/\/ml-locations.be\/nl\/transport-van-materiaal\/#breadcrumb\",\"itemListElement\":[{\"@type\":\"ListItem\",\"position\":1,\"name\":\"Accueil\",\"item\":\"https:\/\/ml-locations.be\/nl\/\"},{\"@type\":\"ListItem\",\"position\":2,\"name\":\"Transport van het materiaal\"}]},{\"@type\":\"WebSite\",\"@id\":\"https:\/\/ml-locations.be\/nl\/#website\",\"url\":\"https:\/\/ml-locations.be\/nl\/\",\"name\":\"ML Locations\",\"description\":\"Mat\u00e9riel \u00e9v\u00e9nementiel : location chaise, table et mange debout, mat\u00e9riel horeca, frigos,...\",\"publisher\":{\"@id\":\"https:\/\/ml-locations.be\/nl\/#organization\"},\"potentialAction\":[{\"@type\":\"SearchAction\",\"target\":{\"@type\":\"EntryPoint\",\"urlTemplate\":\"https:\/\/ml-locations.be\/nl\/?s={search_term_string}\"},\"query-input\":{\"@type\":\"PropertyValueSpecification\",\"valueRequired\":true,\"valueName\":\"search_term_string\"}}],\"inLanguage\":\"nl-NL\"},{\"@type\":\"Organization\",\"@id\":\"https:\/\/ml-locations.be\/nl\/#organization\",\"name\":\"ML Locations\",\"url\":\"https:\/\/ml-locations.be\/nl\/\",\"logo\":{\"@type\":\"ImageObject\",\"inLanguage\":\"nl-NL\",\"@id\":\"https:\/\/ml-locations.be\/nl\/#\/schema\/logo\/image\/\",\"url\":\"https:\/\/ml-locations.be\/wp-content\/uploads\/2018\/05\/LOGO-location-BON.png\",\"contentUrl\":\"https:\/\/ml-locations.be\/wp-content\/uploads\/2018\/05\/LOGO-location-BON.png\",\"width\":1200,\"height\":1200,\"caption\":\"ML Locations\"},\"image\":{\"@id\":\"https:\/\/ml-locations.be\/nl\/#\/schema\/logo\/image\/\"}}]}<\/script>\n<!-- \/ Yoast SEO plugin. -->","yoast_head_json":{"title":"Transport du mat\u00e9riel \u00e9v\u00e9nementiel de location","description":"Mat\u00e9riel de location pout tous vos \u00e9v\u00e9nements : tables en location, chaises en location, mat\u00e9riel horeca. Devis gratuits, livraison possible","robots":{"index":"index","follow":"follow","max-snippet":"max-snippet:-1","max-image-preview":"max-image-preview:large","max-video-preview":"max-video-preview:-1"},"canonical":"https:\/\/ml-locations.be\/nl\/transport-van-materiaal\/","og_locale":"nl_NL","og_type":"article","og_title":"Transport du mat\u00e9riel \u00e9v\u00e9nementiel de location","og_description":"Mat\u00e9riel de location pout tous vos \u00e9v\u00e9nements : tables en location, chaises en location, mat\u00e9riel horeca. Devis gratuits, livraison possible","og_url":"https:\/\/ml-locations.be\/nl\/transport-van-materiaal\/","og_site_name":"ML Locations","article_modified_time":"2018-06-11T15:16:44+00:00","og_image":[{"width":1200,"height":1200,"url":"https:\/\/ml-locations.be\/wp-content\/uploads\/2018\/05\/LOGO-location-BON.png","type":"image\/png"}],"twitter_card":"summary_large_image","twitter_misc":{"Geschatte leestijd":"3 minuten"},"schema":{"@context":"https:\/\/schema.org","@graph":[{"@type":"WebPage","@id":"https:\/\/ml-locations.be\/nl\/transport-van-materiaal\/","url":"https:\/\/ml-locations.be\/nl\/transport-van-materiaal\/","name":"Transport du mat\u00e9riel \u00e9v\u00e9nementiel de location","isPartOf":{"@id":"https:\/\/ml-locations.be\/nl\/#website"},"datePublished":"2018-04-11T14:38:56+00:00","dateModified":"2018-06-11T15:16:44+00:00","description":"Mat\u00e9riel de location pout tous vos \u00e9v\u00e9nements : tables en location, chaises en location, mat\u00e9riel horeca. Devis gratuits, livraison possible","breadcrumb":{"@id":"https:\/\/ml-locations.be\/nl\/transport-van-materiaal\/#breadcrumb"},"inLanguage":"nl-NL","potentialAction":[{"@type":"ReadAction","target":["https:\/\/ml-locations.be\/nl\/transport-van-materiaal\/"]}]},{"@type":"BreadcrumbList","@id":"https:\/\/ml-locations.be\/nl\/transport-van-materiaal\/#breadcrumb","itemListElement":[{"@type":"ListItem","position":1,"name":"Accueil","item":"https:\/\/ml-locations.be\/nl\/"},{"@type":"ListItem","position":2,"name":"Transport van het materiaal"}]},{"@type":"WebSite","@id":"https:\/\/ml-locations.be\/nl\/#website","url":"https:\/\/ml-locations.be\/nl\/","name":"ML Locations","description":"Mat\u00e9riel \u00e9v\u00e9nementiel : location chaise, table et mange debout, mat\u00e9riel horeca, frigos,...","publisher":{"@id":"https:\/\/ml-locations.be\/nl\/#organization"},"potentialAction":[{"@type":"SearchAction","target":{"@type":"EntryPoint","urlTemplate":"https:\/\/ml-locations.be\/nl\/?s={search_term_string}"},"query-input":{"@type":"PropertyValueSpecification","valueRequired":true,"valueName":"search_term_string"}}],"inLanguage":"nl-NL"},{"@type":"Organization","@id":"https:\/\/ml-locations.be\/nl\/#organization","name":"ML Locations","url":"https:\/\/ml-locations.be\/nl\/","logo":{"@type":"ImageObject","inLanguage":"nl-NL","@id":"https:\/\/ml-locations.be\/nl\/#\/schema\/logo\/image\/","url":"https:\/\/ml-locations.be\/wp-content\/uploads\/2018\/05\/LOGO-location-BON.png","contentUrl":"https:\/\/ml-locations.be\/wp-content\/uploads\/2018\/05\/LOGO-location-BON.png","width":1200,"height":1200,"caption":"ML Locations"},"image":{"@id":"https:\/\/ml-locations.be\/nl\/#\/schema\/logo\/image\/"}}]}},"_links":{"self":[{"href":"https:\/\/ml-locations.be\/nl\/wp-json\/wp\/v2\/pages\/4613","targetHints":{"allow":["GET"]}}],"collection":[{"href":"https:\/\/ml-locations.be\/nl\/wp-json\/wp\/v2\/pages"}],"about":[{"href":"https:\/\/ml-locations.be\/nl\/wp-json\/wp\/v2\/types\/page"}],"author":[{"embeddable":true,"href":"https:\/\/ml-locations.be\/nl\/wp-json\/wp\/v2\/users\/5"}],"replies":[{"embeddable":true,"href":"https:\/\/ml-locations.be\/nl\/wp-json\/wp\/v2\/comments?post=4613"}],"version-history":[{"count":0,"href":"https:\/\/ml-locations.be\/nl\/wp-json\/wp\/v2\/pages\/4613\/revisions"}],"wp:attachment":[{"href":"https:\/\/ml-locations.be\/nl\/wp-json\/wp\/v2\/media?parent=4613"}],"curies":[{"name":"wp","href":"https:\/\/api.w.org\/{rel}","templated":true}]}}