{"id":4616,"date":"2018-04-11T17:06:38","date_gmt":"2018-04-11T15:06:38","guid":{"rendered":"https:\/\/www.ml-locations.be?page_id=4616"},"modified":"2018-06-12T09:30:12","modified_gmt":"2018-06-12T07:30:12","slug":"service-huurmateriaal-aantrekkelijke-prijzen","status":"publish","type":"page","link":"https:\/\/ml-locations.be\/nl\/service-huurmateriaal-aantrekkelijke-prijzen\/","title":{"rendered":"Services: verhuur van materiaal voor evenementen"},"content":{"rendered":"<div class=\"wpb-content-wrapper\"><p>[vc_row][vc_column][vc_column_text]<\/p>\n<h2><strong>Onze passie: het brede vakgebied van de evenementen<\/strong><\/h2>\n<blockquote><p>ML Locations biedt u huurmateriaal aan voor al uw evenementen: verhuring van <strong>horecamateriaal<\/strong>, <strong>meubilair<\/strong>, <strong>tenten voor recepties<\/strong>, <strong>verlichtings- en geluidsinstallaties, opblaastenten<\/strong>, <strong>designmeubels<\/strong>, enz.<\/p><\/blockquote>\n<p>Of het nu is voor een familiefeest, een conferentie, een party of een festival, wij bieden u evenementenmateriaal aan dat met zorg werd geselecteerd en onder de beste omstandigheden wordt bewaard.<\/p>\n<p>We beschikken over een <strong>steeds uitgebreider gamma van huurmateriaal. <\/strong>Het aantal artikels van elk type neemt elk jaar toe en we zien toe op de <strong>voortdurende verbetering van de onderhouds- en schoonmaaktechnieken<\/strong>. Ons team bestaat uit <strong>professionals met als passie alles wat met evenementen te maken heeft<\/strong>. We kennen alle vereisten die komen kijken bij een evenement en ons doel bestaat erin optimaal te voldoen aan uw behoeften en aan de eisen van uw evenement.<\/p>\n<p>ML Locations is de ideale partner voor uw evenementen, <strong>ongeacht of u particulier of professional bent<\/strong>.<\/p>\n<h2>Verhuur van materiaal voor evenementen tegen aantrekkelijke prijzen<\/h2>\n<p><strong>We zijn ons bewust van de budgettaire en kwaliteitseisen <\/strong>waaraan een evenement moet beantwoorden. Daarom stellen we u alleen maar <strong>aangepast materiaal van professionele kwaliteit voor<\/strong>. We leveren u dat materiaal in een <strong>geschikte verpakking<\/strong> (trolley, glazenrek, \u2026) zodat een optimale opslag en een onberispelijke staat van het materiaal worden verzekerd.<\/p>\n<p>U vindt al het huurmateriaal voor uw evenement terug op onze website, die eruitziet als een <strong>catalogus van huurmateriaal voor evenementen<\/strong>. Zoekt u een vitrinekoelkast, tafels om rechtstaand te eten, vaatwerk of glazen, Truss-structuren of pratikabels voor een podium? Wij hebben alles in huis om van uw evenement een succes te maken!<\/p>\n<p>Ons team staat tot uw beschikking via de telefoon of via e-mail. We antwoorden graag op uw vragen vooraleer we u een duidelijke en gedetailleerde offerte bezorgen.<\/p>\n<p>&nbsp;<\/p>\n<h2><strong>Hoe ontvangt u een offerte voor huurmateriaal?<\/strong><\/h2>\n<ol>\n<li>Om <strong>een offerte te ontvangen voor de huur van evenementenmateriaal, <\/strong>moet u enkel een kijkje nemen op onze website die specifiek is gericht op de <strong>verhuring van evenementenmateriaal <\/strong>en een productpagina bezoeken.<\/li>\n<li>U kunt dan <strong>de gewenste producten toevoegen aan uw offerte <\/strong>door te klikken op de knop\u00a0\u201cToevoegen aan offerte\u201d. Als uw winkelmandje volledig is, kunt u naar de bestelpagina via de knop \u201cMijn offerte bekijken\u201d.<\/li>\n<li>Vul het <strong>formulier voor een offerteaanvraag <\/strong>zo precies mogelijk in en verstuur het naar ons. In dit stadium krijgt u al een benaderend idee van het bedrag van uw offerte. <strong>We zullen vervolgens de huur- en eventuele transportkosten berekenen <\/strong>(als u wilt dat wij zorgen voor het leveren en terughalen van het materiaal op de locatie van uw evenement).<\/li>\n<li>E\u00e9n van onze commerci\u00eble medewerkers <strong>valideert uw offerteaanvraag en gaat de voorgestelde tarieven na<\/strong>. U ontvangt dan een <strong>e-mail met een overzicht van<\/strong> uw offerte.<\/li>\n<li>Als u zich kunt vinden in de voorgestelde offerte, <strong>valideert u uw aanvraag via e-mail<\/strong>. Wij voeren ze dan in in ons beheerprogramma en we reserveren het materiaal voor u.<\/li>\n<\/ol>\n<p>Wilt u uw offerteaanvraag of uw bestelling nog wijzigen? Geen probleem! U stuurt ons een e-mail of u contacteert ons telefonisch. Wij zorgen ervoor dat uw bestelling wordt aangepast.<\/p>\n<p>&nbsp;<\/p>\n<h2><strong>Prijzen en tarieven:<\/strong><\/h2>\n<p>Onze prijzen zijn exclusief btw (21 %) en transportkosten (ophaling en retournering van het materiaal door de klant in ons magazijn in Assesse). Ze gelden voor een huurtermijn van drie dagen. De prijs exclusief btw wordt getoond op de overzichtspagina van uw offerte.<\/p>\n<p>[\/vc_column_text][vc_empty_space][vc_cta h2=&#8221;&#8221; txt_align=&#8221;center&#8221; add_button=&#8221;bottom&#8221; btn_title=&#8221;Voir tous les produits&#8221; btn_style=&#8221;gradient-custom&#8221; btn_gradient_custom_color_1=&#8221;#fc53b4&#8243; btn_gradient_custom_color_2=&#8221;#e93299&#8243; btn_align=&#8221;center&#8221; btn_i_icon_fontawesome=&#8221;fa fa-paper-plane&#8221; btn_add_icon=&#8221;true&#8221; btn_custom_onclick=&#8221;true&#8221; btn_smooth_scroll=&#8221;true&#8221; btn_link=&#8221;url:http%3A%2F%2Fwww.ml-locations.be%2Flocations%2F|title:Voir%20tous%20les%20produits%20en%20location||&#8221;]<\/p>\n<h2 style=\"text-align: center;\"><span style=\"color: #000000;\">Vous souhaitez\u00a0commander en ligne rapidement\u00a0?<\/span><\/h2>\n<p style=\"text-align: center;\"><span style=\"color: #000000;\">Acc\u00e9dez \u00e0 notre boutique en ligne et consultez notre catalogue d\u2019articles de location !\u00a0<\/span><\/p>\n<p>[\/vc_cta][vc_empty_space]<div class=\"woocommerce columns-4 \"><\/div>[\/vc_column][\/vc_row]<\/p>\n<\/div>","protected":false},"excerpt":{"rendered":"<p>[vc_row][vc_column][vc_column_text] Onze passie: het brede vakgebied van de evenementen ML Locations biedt u huurmateriaal aan voor al uw evenementen: verhuring van horecamateriaal, meubilair, tenten voor recepties, verlichtings- en geluidsinstallaties, opblaastenten, designmeubels, enz. Of het nu is voor een familiefeest, een conferentie, een party of een festival, wij bieden u evenementenmateriaal aan dat met zorg werd&hellip;<\/p>\n","protected":false},"author":5,"featured_media":0,"parent":0,"menu_order":2,"comment_status":"closed","ping_status":"closed","template":"","meta":{"_acf_changed":false,"footnotes":""},"class_list":["post-4616","page","type-page","status-publish","hentry","description-off"],"acf":[],"yoast_head":"<!-- This site is optimized with the Yoast SEO plugin v25.0 - https:\/\/yoast.com\/wordpress\/plugins\/seo\/ -->\n<title>Services: verhuur van materiaal voor evenementen | ML Locations<\/title>\n<meta name=\"robots\" content=\"index, follow, max-snippet:-1, max-image-preview:large, max-video-preview:-1\" \/>\n<link rel=\"canonical\" href=\"https:\/\/ml-locations.be\/nl\/service-huurmateriaal-aantrekkelijke-prijzen\/\" \/>\n<meta property=\"og:locale\" content=\"nl_NL\" \/>\n<meta property=\"og:type\" content=\"article\" \/>\n<meta property=\"og:title\" content=\"Services: verhuur van materiaal voor evenementen | ML Locations\" \/>\n<meta property=\"og:description\" content=\"[vc_row][vc_column][vc_column_text] Onze passie: het brede vakgebied van de evenementen ML Locations biedt u huurmateriaal aan voor al uw evenementen: verhuring van horecamateriaal, meubilair, tenten voor recepties, verlichtings- en geluidsinstallaties, opblaastenten, designmeubels, enz. Of het nu is voor een familiefeest, een conferentie, een party of een festival, wij bieden u evenementenmateriaal aan dat met zorg werd&hellip;\" \/>\n<meta property=\"og:url\" content=\"https:\/\/ml-locations.be\/nl\/service-huurmateriaal-aantrekkelijke-prijzen\/\" \/>\n<meta property=\"og:site_name\" content=\"ML Locations\" \/>\n<meta property=\"article:modified_time\" content=\"2018-06-12T07:30:12+00:00\" \/>\n<meta property=\"og:image\" content=\"https:\/\/ml-locations.be\/wp-content\/uploads\/2018\/05\/LOGO-location-BON.png\" \/>\n\t<meta property=\"og:image:width\" content=\"1200\" \/>\n\t<meta property=\"og:image:height\" content=\"1200\" \/>\n\t<meta property=\"og:image:type\" content=\"image\/png\" \/>\n<meta name=\"twitter:card\" content=\"summary_large_image\" \/>\n<meta name=\"twitter:label1\" content=\"Geschatte leestijd\" \/>\n\t<meta name=\"twitter:data1\" content=\"3 minuten\" \/>\n<script type=\"application\/ld+json\" class=\"yoast-schema-graph\">{\"@context\":\"https:\/\/schema.org\",\"@graph\":[{\"@type\":\"WebPage\",\"@id\":\"https:\/\/ml-locations.be\/nl\/service-huurmateriaal-aantrekkelijke-prijzen\/\",\"url\":\"https:\/\/ml-locations.be\/nl\/service-huurmateriaal-aantrekkelijke-prijzen\/\",\"name\":\"Services: verhuur van materiaal voor evenementen | ML Locations\",\"isPartOf\":{\"@id\":\"https:\/\/ml-locations.be\/nl\/#website\"},\"datePublished\":\"2018-04-11T15:06:38+00:00\",\"dateModified\":\"2018-06-12T07:30:12+00:00\",\"breadcrumb\":{\"@id\":\"https:\/\/ml-locations.be\/nl\/service-huurmateriaal-aantrekkelijke-prijzen\/#breadcrumb\"},\"inLanguage\":\"nl-NL\",\"potentialAction\":[{\"@type\":\"ReadAction\",\"target\":[\"https:\/\/ml-locations.be\/nl\/service-huurmateriaal-aantrekkelijke-prijzen\/\"]}]},{\"@type\":\"BreadcrumbList\",\"@id\":\"https:\/\/ml-locations.be\/nl\/service-huurmateriaal-aantrekkelijke-prijzen\/#breadcrumb\",\"itemListElement\":[{\"@type\":\"ListItem\",\"position\":1,\"name\":\"Accueil\",\"item\":\"https:\/\/ml-locations.be\/nl\/\"},{\"@type\":\"ListItem\",\"position\":2,\"name\":\"Services: verhuur van materiaal voor evenementen\"}]},{\"@type\":\"WebSite\",\"@id\":\"https:\/\/ml-locations.be\/nl\/#website\",\"url\":\"https:\/\/ml-locations.be\/nl\/\",\"name\":\"ML Locations\",\"description\":\"Mat\u00e9riel \u00e9v\u00e9nementiel : location chaise, table et mange debout, mat\u00e9riel horeca, frigos,...\",\"publisher\":{\"@id\":\"https:\/\/ml-locations.be\/nl\/#organization\"},\"potentialAction\":[{\"@type\":\"SearchAction\",\"target\":{\"@type\":\"EntryPoint\",\"urlTemplate\":\"https:\/\/ml-locations.be\/nl\/?s={search_term_string}\"},\"query-input\":{\"@type\":\"PropertyValueSpecification\",\"valueRequired\":true,\"valueName\":\"search_term_string\"}}],\"inLanguage\":\"nl-NL\"},{\"@type\":\"Organization\",\"@id\":\"https:\/\/ml-locations.be\/nl\/#organization\",\"name\":\"ML Locations\",\"url\":\"https:\/\/ml-locations.be\/nl\/\",\"logo\":{\"@type\":\"ImageObject\",\"inLanguage\":\"nl-NL\",\"@id\":\"https:\/\/ml-locations.be\/nl\/#\/schema\/logo\/image\/\",\"url\":\"https:\/\/ml-locations.be\/wp-content\/uploads\/2018\/05\/LOGO-location-BON.png\",\"contentUrl\":\"https:\/\/ml-locations.be\/wp-content\/uploads\/2018\/05\/LOGO-location-BON.png\",\"width\":1200,\"height\":1200,\"caption\":\"ML Locations\"},\"image\":{\"@id\":\"https:\/\/ml-locations.be\/nl\/#\/schema\/logo\/image\/\"}}]}<\/script>\n<!-- \/ Yoast SEO plugin. -->","yoast_head_json":{"title":"Services: verhuur van materiaal voor evenementen | ML Locations","robots":{"index":"index","follow":"follow","max-snippet":"max-snippet:-1","max-image-preview":"max-image-preview:large","max-video-preview":"max-video-preview:-1"},"canonical":"https:\/\/ml-locations.be\/nl\/service-huurmateriaal-aantrekkelijke-prijzen\/","og_locale":"nl_NL","og_type":"article","og_title":"Services: verhuur van materiaal voor evenementen | ML Locations","og_description":"[vc_row][vc_column][vc_column_text] Onze passie: het brede vakgebied van de evenementen ML Locations biedt u huurmateriaal aan voor al uw evenementen: verhuring van horecamateriaal, meubilair, tenten voor recepties, verlichtings- en geluidsinstallaties, opblaastenten, designmeubels, enz. Of het nu is voor een familiefeest, een conferentie, een party of een festival, wij bieden u evenementenmateriaal aan dat met zorg werd&hellip;","og_url":"https:\/\/ml-locations.be\/nl\/service-huurmateriaal-aantrekkelijke-prijzen\/","og_site_name":"ML Locations","article_modified_time":"2018-06-12T07:30:12+00:00","og_image":[{"width":1200,"height":1200,"url":"https:\/\/ml-locations.be\/wp-content\/uploads\/2018\/05\/LOGO-location-BON.png","type":"image\/png"}],"twitter_card":"summary_large_image","twitter_misc":{"Geschatte leestijd":"3 minuten"},"schema":{"@context":"https:\/\/schema.org","@graph":[{"@type":"WebPage","@id":"https:\/\/ml-locations.be\/nl\/service-huurmateriaal-aantrekkelijke-prijzen\/","url":"https:\/\/ml-locations.be\/nl\/service-huurmateriaal-aantrekkelijke-prijzen\/","name":"Services: verhuur van materiaal voor evenementen | ML Locations","isPartOf":{"@id":"https:\/\/ml-locations.be\/nl\/#website"},"datePublished":"2018-04-11T15:06:38+00:00","dateModified":"2018-06-12T07:30:12+00:00","breadcrumb":{"@id":"https:\/\/ml-locations.be\/nl\/service-huurmateriaal-aantrekkelijke-prijzen\/#breadcrumb"},"inLanguage":"nl-NL","potentialAction":[{"@type":"ReadAction","target":["https:\/\/ml-locations.be\/nl\/service-huurmateriaal-aantrekkelijke-prijzen\/"]}]},{"@type":"BreadcrumbList","@id":"https:\/\/ml-locations.be\/nl\/service-huurmateriaal-aantrekkelijke-prijzen\/#breadcrumb","itemListElement":[{"@type":"ListItem","position":1,"name":"Accueil","item":"https:\/\/ml-locations.be\/nl\/"},{"@type":"ListItem","position":2,"name":"Services: verhuur van materiaal voor evenementen"}]},{"@type":"WebSite","@id":"https:\/\/ml-locations.be\/nl\/#website","url":"https:\/\/ml-locations.be\/nl\/","name":"ML Locations","description":"Mat\u00e9riel \u00e9v\u00e9nementiel : location chaise, table et mange debout, mat\u00e9riel horeca, frigos,...","publisher":{"@id":"https:\/\/ml-locations.be\/nl\/#organization"},"potentialAction":[{"@type":"SearchAction","target":{"@type":"EntryPoint","urlTemplate":"https:\/\/ml-locations.be\/nl\/?s={search_term_string}"},"query-input":{"@type":"PropertyValueSpecification","valueRequired":true,"valueName":"search_term_string"}}],"inLanguage":"nl-NL"},{"@type":"Organization","@id":"https:\/\/ml-locations.be\/nl\/#organization","name":"ML Locations","url":"https:\/\/ml-locations.be\/nl\/","logo":{"@type":"ImageObject","inLanguage":"nl-NL","@id":"https:\/\/ml-locations.be\/nl\/#\/schema\/logo\/image\/","url":"https:\/\/ml-locations.be\/wp-content\/uploads\/2018\/05\/LOGO-location-BON.png","contentUrl":"https:\/\/ml-locations.be\/wp-content\/uploads\/2018\/05\/LOGO-location-BON.png","width":1200,"height":1200,"caption":"ML Locations"},"image":{"@id":"https:\/\/ml-locations.be\/nl\/#\/schema\/logo\/image\/"}}]}},"_links":{"self":[{"href":"https:\/\/ml-locations.be\/nl\/wp-json\/wp\/v2\/pages\/4616","targetHints":{"allow":["GET"]}}],"collection":[{"href":"https:\/\/ml-locations.be\/nl\/wp-json\/wp\/v2\/pages"}],"about":[{"href":"https:\/\/ml-locations.be\/nl\/wp-json\/wp\/v2\/types\/page"}],"author":[{"embeddable":true,"href":"https:\/\/ml-locations.be\/nl\/wp-json\/wp\/v2\/users\/5"}],"replies":[{"embeddable":true,"href":"https:\/\/ml-locations.be\/nl\/wp-json\/wp\/v2\/comments?post=4616"}],"version-history":[{"count":0,"href":"https:\/\/ml-locations.be\/nl\/wp-json\/wp\/v2\/pages\/4616\/revisions"}],"wp:attachment":[{"href":"https:\/\/ml-locations.be\/nl\/wp-json\/wp\/v2\/media?parent=4616"}],"curies":[{"name":"wp","href":"https:\/\/api.w.org\/{rel}","templated":true}]}}