{"id":10051,"date":"2019-06-16T19:38:37","date_gmt":"2019-06-16T17:38:37","guid":{"rendered":"https:\/\/www.ml-locations.be\/?post_type=product&#038;p=10051"},"modified":"2019-06-18T19:26:07","modified_gmt":"2019-06-18T17:26:07","slug":"location-chandelier-argent-5-branches-24cm","status":"publish","type":"product","link":"https:\/\/ml-locations.be\/nl\/locations\/location-chandelier-argent-5-branches-24cm\/","title":{"rendered":"Chandelier argent\u00e9 5 branches 24 cm"},"content":{"rendered":"<h2><strong>Chandelier cinq branches en location (hauteur : 24 cm)<\/strong><\/h2>\n<p>Ce <strong>chandelier<\/strong> plaqu\u00e9 argent d&#8217;une hauteur de 24 cm donnera un c\u00f4t\u00e9 romantique \u00e0 vos tables. Ce <strong>chandelier<\/strong>, appel\u00e9 aussi <strong>cand\u00e9labre<\/strong> est un bougeoir qui peut contenir jusqu&#8217;\u00e0 cinq bougies. Chez ML Locations, vous pouvez louer des chandeliers en argent plaqu\u00e9 de haute qualit\u00e9. Pour prot\u00e9ger vos tables, le dessous des <strong>chandeliers<\/strong> est recouvert de velours, l\u2019argenture est dot\u00e9e d\u2019une protection suppl\u00e9mentaire contre la ternissure. Les trois bougies de ce chandelier diffuseront une jolie lumi\u00e8re sur vos tables de f\u00eate.<\/p>\n<p><strong>Caract\u00e9ristiques <\/strong><strong>du chandelier cinq branches :\u00a0<\/strong><\/p>\n<ul>\n<li>Hauteur : 24 cm<\/li>\n<li>Mati\u00e8re : acier argent\u00e9<\/li>\n<\/ul>\n","protected":false},"excerpt":{"rendered":"<p>Chandelier en location : 5 branches, couleur argent, hauteur : 24 cm.<\/p>\n","protected":false},"featured_media":10052,"template":"","meta":{"_acf_changed":false},"product_brand":[],"product_cat":[29,126,121],"product_tag":[213],"class_list":{"0":"post-10051","1":"product","2":"type-product","3":"status-publish","4":"has-post-thumbnail","6":"product_cat-materiel-horeca-en-location","7":"product_cat-decorations-pour-evenements","8":"product_cat-decorations-table-a-louer","9":"product_tag-location-de-materiel-de-reception-mariages","10":"description-off","12":"first","13":"instock","14":"taxable","15":"shipping-taxable","16":"purchasable","17":"product-type-simple"},"acf":[],"yoast_head":"<!-- This site is optimized with the Yoast SEO plugin v25.0 - https:\/\/yoast.com\/wordpress\/plugins\/seo\/ -->\n<title>Chandelier argent\u00e9 5 branches en location (h : 24 cm) | ML Locations<\/title>\n<meta name=\"description\" content=\"Chandelier en location : chandelier cinq branches, argent\u00e9, hauteur : 24 cm. D\u00e9corez vos tables avec ces \u00e9l\u00e9gants bougeoirs.\" \/>\n<meta name=\"robots\" content=\"index, follow, max-snippet:-1, max-image-preview:large, max-video-preview:-1\" \/>\n<link rel=\"canonical\" href=\"https:\/\/ml-locations.be\/nl\/locations\/location-chandelier-argent-5-branches-24cm\/\" \/>\n<meta property=\"og:locale\" content=\"nl_NL\" \/>\n<meta property=\"og:type\" content=\"article\" \/>\n<meta property=\"og:title\" content=\"Chandelier argent\u00e9 5 branches en location (h : 24 cm) | ML Locations\" \/>\n<meta property=\"og:description\" content=\"Chandelier en location : chandelier cinq branches, argent\u00e9, hauteur : 24 cm. D\u00e9corez vos tables avec ces \u00e9l\u00e9gants bougeoirs.\" \/>\n<meta property=\"og:url\" content=\"https:\/\/ml-locations.be\/nl\/locations\/location-chandelier-argent-5-branches-24cm\/\" \/>\n<meta property=\"og:site_name\" content=\"ML Locations\" \/>\n<meta property=\"article:modified_time\" content=\"2019-06-18T17:26:07+00:00\" \/>\n<meta property=\"og:image\" content=\"https:\/\/ml-locations.be\/wp-content\/uploads\/2019\/06\/location-chandelier-5-branches-24cm.jpg\" \/>\n\t<meta property=\"og:image:width\" content=\"1000\" \/>\n\t<meta property=\"og:image:height\" content=\"1000\" \/>\n\t<meta property=\"og:image:type\" content=\"image\/jpeg\" \/>\n<meta name=\"twitter:card\" content=\"summary_large_image\" \/>\n<meta name=\"twitter:label1\" content=\"Geschatte leestijd\" \/>\n\t<meta name=\"twitter:data1\" content=\"1 minuut\" \/>\n<script type=\"application\/ld+json\" class=\"yoast-schema-graph\">{\"@context\":\"https:\/\/schema.org\",\"@graph\":[{\"@type\":\"WebPage\",\"@id\":\"https:\/\/ml-locations.be\/nl\/locations\/location-chandelier-argent-5-branches-24cm\/\",\"url\":\"https:\/\/ml-locations.be\/nl\/locations\/location-chandelier-argent-5-branches-24cm\/\",\"name\":\"Chandelier argent\u00e9 5 branches en location (h : 24 cm) | ML Locations\",\"isPartOf\":{\"@id\":\"https:\/\/ml-locations.be\/nl\/#website\"},\"primaryImageOfPage\":{\"@id\":\"https:\/\/ml-locations.be\/nl\/locations\/location-chandelier-argent-5-branches-24cm\/#primaryimage\"},\"image\":{\"@id\":\"https:\/\/ml-locations.be\/nl\/locations\/location-chandelier-argent-5-branches-24cm\/#primaryimage\"},\"thumbnailUrl\":\"https:\/\/ml-locations.be\/wp-content\/uploads\/2019\/06\/location-chandelier-5-branches-24cm.jpg\",\"datePublished\":\"2019-06-16T17:38:37+00:00\",\"dateModified\":\"2019-06-18T17:26:07+00:00\",\"description\":\"Chandelier en location : chandelier cinq branches, argent\u00e9, hauteur : 24 cm. D\u00e9corez vos tables avec ces \u00e9l\u00e9gants bougeoirs.\",\"breadcrumb\":{\"@id\":\"https:\/\/ml-locations.be\/nl\/locations\/location-chandelier-argent-5-branches-24cm\/#breadcrumb\"},\"inLanguage\":\"nl-NL\",\"potentialAction\":[{\"@type\":\"ReadAction\",\"target\":[\"https:\/\/ml-locations.be\/nl\/locations\/location-chandelier-argent-5-branches-24cm\/\"]}]},{\"@type\":\"ImageObject\",\"inLanguage\":\"nl-NL\",\"@id\":\"https:\/\/ml-locations.be\/nl\/locations\/location-chandelier-argent-5-branches-24cm\/#primaryimage\",\"url\":\"https:\/\/ml-locations.be\/wp-content\/uploads\/2019\/06\/location-chandelier-5-branches-24cm.jpg\",\"contentUrl\":\"https:\/\/ml-locations.be\/wp-content\/uploads\/2019\/06\/location-chandelier-5-branches-24cm.jpg\",\"width\":1000,\"height\":1000,\"caption\":\"Location chandelier argent\u00e9, 5 branches, 24 cm\"},{\"@type\":\"BreadcrumbList\",\"@id\":\"https:\/\/ml-locations.be\/nl\/locations\/location-chandelier-argent-5-branches-24cm\/#breadcrumb\",\"itemListElement\":[{\"@type\":\"ListItem\",\"position\":1,\"name\":\"Accueil\",\"item\":\"https:\/\/ml-locations.be\/nl\/\"},{\"@type\":\"ListItem\",\"position\":2,\"name\":\"Winkel\",\"item\":\"https:\/\/ml-locations.be\/nl\/winkel\/\"},{\"@type\":\"ListItem\",\"position\":3,\"name\":\"Chandelier argent\u00e9 5 branches 24 cm\"}]},{\"@type\":\"WebSite\",\"@id\":\"https:\/\/ml-locations.be\/nl\/#website\",\"url\":\"https:\/\/ml-locations.be\/nl\/\",\"name\":\"ML Locations\",\"description\":\"Mat\u00e9riel \u00e9v\u00e9nementiel : location chaise, table et mange debout, mat\u00e9riel horeca, frigos,...\",\"publisher\":{\"@id\":\"https:\/\/ml-locations.be\/nl\/#organization\"},\"potentialAction\":[{\"@type\":\"SearchAction\",\"target\":{\"@type\":\"EntryPoint\",\"urlTemplate\":\"https:\/\/ml-locations.be\/nl\/?s={search_term_string}\"},\"query-input\":{\"@type\":\"PropertyValueSpecification\",\"valueRequired\":true,\"valueName\":\"search_term_string\"}}],\"inLanguage\":\"nl-NL\"},{\"@type\":\"Organization\",\"@id\":\"https:\/\/ml-locations.be\/nl\/#organization\",\"name\":\"ML Locations\",\"url\":\"https:\/\/ml-locations.be\/nl\/\",\"logo\":{\"@type\":\"ImageObject\",\"inLanguage\":\"nl-NL\",\"@id\":\"https:\/\/ml-locations.be\/nl\/#\/schema\/logo\/image\/\",\"url\":\"https:\/\/ml-locations.be\/wp-content\/uploads\/2018\/05\/LOGO-location-BON.png\",\"contentUrl\":\"https:\/\/ml-locations.be\/wp-content\/uploads\/2018\/05\/LOGO-location-BON.png\",\"width\":1200,\"height\":1200,\"caption\":\"ML Locations\"},\"image\":{\"@id\":\"https:\/\/ml-locations.be\/nl\/#\/schema\/logo\/image\/\"}}]}<\/script>\n<!-- \/ Yoast SEO plugin. -->","yoast_head_json":{"title":"Chandelier argent\u00e9 5 branches en location (h : 24 cm) | ML Locations","description":"Chandelier en location : chandelier cinq branches, argent\u00e9, hauteur : 24 cm. D\u00e9corez vos tables avec ces \u00e9l\u00e9gants bougeoirs.","robots":{"index":"index","follow":"follow","max-snippet":"max-snippet:-1","max-image-preview":"max-image-preview:large","max-video-preview":"max-video-preview:-1"},"canonical":"https:\/\/ml-locations.be\/nl\/locations\/location-chandelier-argent-5-branches-24cm\/","og_locale":"nl_NL","og_type":"article","og_title":"Chandelier argent\u00e9 5 branches en location (h : 24 cm) | ML Locations","og_description":"Chandelier en location : chandelier cinq branches, argent\u00e9, hauteur : 24 cm. D\u00e9corez vos tables avec ces \u00e9l\u00e9gants bougeoirs.","og_url":"https:\/\/ml-locations.be\/nl\/locations\/location-chandelier-argent-5-branches-24cm\/","og_site_name":"ML Locations","article_modified_time":"2019-06-18T17:26:07+00:00","og_image":[{"width":1000,"height":1000,"url":"https:\/\/ml-locations.be\/wp-content\/uploads\/2019\/06\/location-chandelier-5-branches-24cm.jpg","type":"image\/jpeg"}],"twitter_card":"summary_large_image","twitter_misc":{"Geschatte leestijd":"1 minuut"},"schema":{"@context":"https:\/\/schema.org","@graph":[{"@type":"WebPage","@id":"https:\/\/ml-locations.be\/nl\/locations\/location-chandelier-argent-5-branches-24cm\/","url":"https:\/\/ml-locations.be\/nl\/locations\/location-chandelier-argent-5-branches-24cm\/","name":"Chandelier argent\u00e9 5 branches en location (h : 24 cm) | ML Locations","isPartOf":{"@id":"https:\/\/ml-locations.be\/nl\/#website"},"primaryImageOfPage":{"@id":"https:\/\/ml-locations.be\/nl\/locations\/location-chandelier-argent-5-branches-24cm\/#primaryimage"},"image":{"@id":"https:\/\/ml-locations.be\/nl\/locations\/location-chandelier-argent-5-branches-24cm\/#primaryimage"},"thumbnailUrl":"https:\/\/ml-locations.be\/wp-content\/uploads\/2019\/06\/location-chandelier-5-branches-24cm.jpg","datePublished":"2019-06-16T17:38:37+00:00","dateModified":"2019-06-18T17:26:07+00:00","description":"Chandelier en location : chandelier cinq branches, argent\u00e9, hauteur : 24 cm. D\u00e9corez vos tables avec ces \u00e9l\u00e9gants bougeoirs.","breadcrumb":{"@id":"https:\/\/ml-locations.be\/nl\/locations\/location-chandelier-argent-5-branches-24cm\/#breadcrumb"},"inLanguage":"nl-NL","potentialAction":[{"@type":"ReadAction","target":["https:\/\/ml-locations.be\/nl\/locations\/location-chandelier-argent-5-branches-24cm\/"]}]},{"@type":"ImageObject","inLanguage":"nl-NL","@id":"https:\/\/ml-locations.be\/nl\/locations\/location-chandelier-argent-5-branches-24cm\/#primaryimage","url":"https:\/\/ml-locations.be\/wp-content\/uploads\/2019\/06\/location-chandelier-5-branches-24cm.jpg","contentUrl":"https:\/\/ml-locations.be\/wp-content\/uploads\/2019\/06\/location-chandelier-5-branches-24cm.jpg","width":1000,"height":1000,"caption":"Location chandelier argent\u00e9, 5 branches, 24 cm"},{"@type":"BreadcrumbList","@id":"https:\/\/ml-locations.be\/nl\/locations\/location-chandelier-argent-5-branches-24cm\/#breadcrumb","itemListElement":[{"@type":"ListItem","position":1,"name":"Accueil","item":"https:\/\/ml-locations.be\/nl\/"},{"@type":"ListItem","position":2,"name":"Winkel","item":"https:\/\/ml-locations.be\/nl\/winkel\/"},{"@type":"ListItem","position":3,"name":"Chandelier argent\u00e9 5 branches 24 cm"}]},{"@type":"WebSite","@id":"https:\/\/ml-locations.be\/nl\/#website","url":"https:\/\/ml-locations.be\/nl\/","name":"ML Locations","description":"Mat\u00e9riel \u00e9v\u00e9nementiel : location chaise, table et mange debout, mat\u00e9riel horeca, frigos,...","publisher":{"@id":"https:\/\/ml-locations.be\/nl\/#organization"},"potentialAction":[{"@type":"SearchAction","target":{"@type":"EntryPoint","urlTemplate":"https:\/\/ml-locations.be\/nl\/?s={search_term_string}"},"query-input":{"@type":"PropertyValueSpecification","valueRequired":true,"valueName":"search_term_string"}}],"inLanguage":"nl-NL"},{"@type":"Organization","@id":"https:\/\/ml-locations.be\/nl\/#organization","name":"ML Locations","url":"https:\/\/ml-locations.be\/nl\/","logo":{"@type":"ImageObject","inLanguage":"nl-NL","@id":"https:\/\/ml-locations.be\/nl\/#\/schema\/logo\/image\/","url":"https:\/\/ml-locations.be\/wp-content\/uploads\/2018\/05\/LOGO-location-BON.png","contentUrl":"https:\/\/ml-locations.be\/wp-content\/uploads\/2018\/05\/LOGO-location-BON.png","width":1200,"height":1200,"caption":"ML Locations"},"image":{"@id":"https:\/\/ml-locations.be\/nl\/#\/schema\/logo\/image\/"}}]}},"_links":{"self":[{"href":"https:\/\/ml-locations.be\/nl\/wp-json\/wp\/v2\/product\/10051","targetHints":{"allow":["GET"]}}],"collection":[{"href":"https:\/\/ml-locations.be\/nl\/wp-json\/wp\/v2\/product"}],"about":[{"href":"https:\/\/ml-locations.be\/nl\/wp-json\/wp\/v2\/types\/product"}],"wp:featuredmedia":[{"embeddable":true,"href":"https:\/\/ml-locations.be\/nl\/wp-json\/wp\/v2\/media\/10052"}],"wp:attachment":[{"href":"https:\/\/ml-locations.be\/nl\/wp-json\/wp\/v2\/media?parent=10051"}],"wp:term":[{"taxonomy":"product_brand","embeddable":true,"href":"https:\/\/ml-locations.be\/nl\/wp-json\/wp\/v2\/product_brand?post=10051"},{"taxonomy":"product_cat","embeddable":true,"href":"https:\/\/ml-locations.be\/nl\/wp-json\/wp\/v2\/product_cat?post=10051"},{"taxonomy":"product_tag","embeddable":true,"href":"https:\/\/ml-locations.be\/nl\/wp-json\/wp\/v2\/product_tag?post=10051"}],"curies":[{"name":"wp","href":"https:\/\/api.w.org\/{rel}","templated":true}]}}