{"id":10054,"date":"2019-06-16T19:48:49","date_gmt":"2019-06-16T17:48:49","guid":{"rendered":"https:\/\/www.ml-locations.be\/?post_type=product&#038;p=10054"},"modified":"2019-06-18T19:25:15","modified_gmt":"2019-06-18T17:25:15","slug":"location-chandelier-argent-5-branches-70cm","status":"publish","type":"product","link":"https:\/\/ml-locations.be\/nl\/locations\/location-chandelier-argent-5-branches-70cm\/","title":{"rendered":"Chandelier argent\u00e9 5 branches 70 cm"},"content":{"rendered":"<h2><strong>Grand chandelier cinq branches en location (hauteur : 70 cm)<\/strong><\/h2>\n<p>Ce grand <strong>chandelier<\/strong> argent\u00e9 (ou <strong>cand\u00e9labre<\/strong>) d&#8217;une hauteur de 70 cm donnera un c\u00f4t\u00e9 \u00e9l\u00e9gant \u00e0 vos tables. Ce grand <strong>bougeoir<\/strong> peut contenir jusqu&#8217;\u00e0 cinq bougies. Chez ML Locations, vous pouvez<strong> louer des chandeliers<\/strong> en argent plaqu\u00e9 de haute qualit\u00e9. Pour prot\u00e9ger vos tables, le dessous des chandeliers est recouvert de velours, l\u2019argenture est dot\u00e9e d\u2019une protection suppl\u00e9mentaire contre la ternissure afin de conserver son \u00e9clat. Les cinq bougies plac\u00e9es sur ce chandelier diffuseront une jolie lumi\u00e8re sur vos tables de f\u00eate.<\/p>\n<p><strong>Caract\u00e9ristiques <\/strong><strong>du chandelier cinq branches :\u00a0<\/strong><\/p>\n<ul>\n<li>Hauteur : 70 cm<\/li>\n<li>Mati\u00e8re : acier argent\u00e9<\/li>\n<li>Nombre de branches : 5<\/li>\n<\/ul>\n","protected":false},"excerpt":{"rendered":"<p>Chandelier en location : 5 branches, couleur argent, hauteur : 70 cm.<\/p>\n","protected":false},"featured_media":10052,"template":"","meta":{"_acf_changed":false},"product_brand":[],"product_cat":[29,126,121],"product_tag":[213],"class_list":{"0":"post-10054","1":"product","2":"type-product","3":"status-publish","4":"has-post-thumbnail","6":"product_cat-materiel-horeca-en-location","7":"product_cat-decorations-pour-evenements","8":"product_cat-decorations-table-a-louer","9":"product_tag-location-de-materiel-de-reception-mariages","10":"description-off","12":"first","13":"instock","14":"taxable","15":"shipping-taxable","16":"purchasable","17":"product-type-simple"},"acf":[],"yoast_head":"<!-- This site is optimized with the Yoast SEO plugin v25.0 - https:\/\/yoast.com\/wordpress\/plugins\/seo\/ -->\n<title>Grand chandelier argent\u00e9 5 branches en location (70cm) | ML Locations<\/title>\n<meta name=\"description\" content=\"Grand chandelier en location : chandelier cinq branches, argent\u00e9, hauteur : 70 cm. D\u00e9corez vos tables avec ces \u00e9l\u00e9gants bougeoirs.\" \/>\n<meta name=\"robots\" content=\"index, follow, max-snippet:-1, max-image-preview:large, max-video-preview:-1\" \/>\n<link rel=\"canonical\" href=\"https:\/\/ml-locations.be\/nl\/locations\/location-chandelier-argent-5-branches-70cm\/\" \/>\n<meta property=\"og:locale\" content=\"nl_NL\" \/>\n<meta property=\"og:type\" content=\"article\" \/>\n<meta property=\"og:title\" content=\"Grand chandelier argent\u00e9 5 branches en location (70cm) | ML Locations\" \/>\n<meta property=\"og:description\" content=\"Grand chandelier en location : chandelier cinq branches, argent\u00e9, hauteur : 70 cm. D\u00e9corez vos tables avec ces \u00e9l\u00e9gants bougeoirs.\" \/>\n<meta property=\"og:url\" content=\"https:\/\/ml-locations.be\/nl\/locations\/location-chandelier-argent-5-branches-70cm\/\" \/>\n<meta property=\"og:site_name\" content=\"ML Locations\" \/>\n<meta property=\"article:modified_time\" content=\"2019-06-18T17:25:15+00:00\" \/>\n<meta property=\"og:image\" content=\"https:\/\/ml-locations.be\/wp-content\/uploads\/2019\/06\/location-chandelier-5-branches-24cm.jpg\" \/>\n\t<meta property=\"og:image:width\" content=\"1000\" \/>\n\t<meta property=\"og:image:height\" content=\"1000\" \/>\n\t<meta property=\"og:image:type\" content=\"image\/jpeg\" \/>\n<meta name=\"twitter:card\" content=\"summary_large_image\" \/>\n<meta name=\"twitter:label1\" content=\"Geschatte leestijd\" \/>\n\t<meta name=\"twitter:data1\" content=\"1 minuut\" \/>\n<script type=\"application\/ld+json\" class=\"yoast-schema-graph\">{\"@context\":\"https:\/\/schema.org\",\"@graph\":[{\"@type\":\"WebPage\",\"@id\":\"https:\/\/ml-locations.be\/nl\/locations\/location-chandelier-argent-5-branches-70cm\/\",\"url\":\"https:\/\/ml-locations.be\/nl\/locations\/location-chandelier-argent-5-branches-70cm\/\",\"name\":\"Grand chandelier argent\u00e9 5 branches en location (70cm) | ML Locations\",\"isPartOf\":{\"@id\":\"https:\/\/ml-locations.be\/nl\/#website\"},\"primaryImageOfPage\":{\"@id\":\"https:\/\/ml-locations.be\/nl\/locations\/location-chandelier-argent-5-branches-70cm\/#primaryimage\"},\"image\":{\"@id\":\"https:\/\/ml-locations.be\/nl\/locations\/location-chandelier-argent-5-branches-70cm\/#primaryimage\"},\"thumbnailUrl\":\"https:\/\/ml-locations.be\/wp-content\/uploads\/2019\/06\/location-chandelier-5-branches-24cm.jpg\",\"datePublished\":\"2019-06-16T17:48:49+00:00\",\"dateModified\":\"2019-06-18T17:25:15+00:00\",\"description\":\"Grand chandelier en location : chandelier cinq branches, argent\u00e9, hauteur : 70 cm. D\u00e9corez vos tables avec ces \u00e9l\u00e9gants bougeoirs.\",\"breadcrumb\":{\"@id\":\"https:\/\/ml-locations.be\/nl\/locations\/location-chandelier-argent-5-branches-70cm\/#breadcrumb\"},\"inLanguage\":\"nl-NL\",\"potentialAction\":[{\"@type\":\"ReadAction\",\"target\":[\"https:\/\/ml-locations.be\/nl\/locations\/location-chandelier-argent-5-branches-70cm\/\"]}]},{\"@type\":\"ImageObject\",\"inLanguage\":\"nl-NL\",\"@id\":\"https:\/\/ml-locations.be\/nl\/locations\/location-chandelier-argent-5-branches-70cm\/#primaryimage\",\"url\":\"https:\/\/ml-locations.be\/wp-content\/uploads\/2019\/06\/location-chandelier-5-branches-24cm.jpg\",\"contentUrl\":\"https:\/\/ml-locations.be\/wp-content\/uploads\/2019\/06\/location-chandelier-5-branches-24cm.jpg\",\"width\":1000,\"height\":1000,\"caption\":\"Location chandelier argent\u00e9, 5 branches, 24 cm\"},{\"@type\":\"BreadcrumbList\",\"@id\":\"https:\/\/ml-locations.be\/nl\/locations\/location-chandelier-argent-5-branches-70cm\/#breadcrumb\",\"itemListElement\":[{\"@type\":\"ListItem\",\"position\":1,\"name\":\"Accueil\",\"item\":\"https:\/\/ml-locations.be\/nl\/\"},{\"@type\":\"ListItem\",\"position\":2,\"name\":\"Winkel\",\"item\":\"https:\/\/ml-locations.be\/nl\/winkel\/\"},{\"@type\":\"ListItem\",\"position\":3,\"name\":\"Chandelier argent\u00e9 5 branches 70 cm\"}]},{\"@type\":\"WebSite\",\"@id\":\"https:\/\/ml-locations.be\/nl\/#website\",\"url\":\"https:\/\/ml-locations.be\/nl\/\",\"name\":\"ML Locations\",\"description\":\"Mat\u00e9riel \u00e9v\u00e9nementiel : location chaise, table et mange debout, mat\u00e9riel horeca, frigos,...\",\"publisher\":{\"@id\":\"https:\/\/ml-locations.be\/nl\/#organization\"},\"potentialAction\":[{\"@type\":\"SearchAction\",\"target\":{\"@type\":\"EntryPoint\",\"urlTemplate\":\"https:\/\/ml-locations.be\/nl\/?s={search_term_string}\"},\"query-input\":{\"@type\":\"PropertyValueSpecification\",\"valueRequired\":true,\"valueName\":\"search_term_string\"}}],\"inLanguage\":\"nl-NL\"},{\"@type\":\"Organization\",\"@id\":\"https:\/\/ml-locations.be\/nl\/#organization\",\"name\":\"ML Locations\",\"url\":\"https:\/\/ml-locations.be\/nl\/\",\"logo\":{\"@type\":\"ImageObject\",\"inLanguage\":\"nl-NL\",\"@id\":\"https:\/\/ml-locations.be\/nl\/#\/schema\/logo\/image\/\",\"url\":\"https:\/\/ml-locations.be\/wp-content\/uploads\/2018\/05\/LOGO-location-BON.png\",\"contentUrl\":\"https:\/\/ml-locations.be\/wp-content\/uploads\/2018\/05\/LOGO-location-BON.png\",\"width\":1200,\"height\":1200,\"caption\":\"ML Locations\"},\"image\":{\"@id\":\"https:\/\/ml-locations.be\/nl\/#\/schema\/logo\/image\/\"}}]}<\/script>\n<!-- \/ Yoast SEO plugin. -->","yoast_head_json":{"title":"Grand chandelier argent\u00e9 5 branches en location (70cm) | ML Locations","description":"Grand chandelier en location : chandelier cinq branches, argent\u00e9, hauteur : 70 cm. D\u00e9corez vos tables avec ces \u00e9l\u00e9gants bougeoirs.","robots":{"index":"index","follow":"follow","max-snippet":"max-snippet:-1","max-image-preview":"max-image-preview:large","max-video-preview":"max-video-preview:-1"},"canonical":"https:\/\/ml-locations.be\/nl\/locations\/location-chandelier-argent-5-branches-70cm\/","og_locale":"nl_NL","og_type":"article","og_title":"Grand chandelier argent\u00e9 5 branches en location (70cm) | ML Locations","og_description":"Grand chandelier en location : chandelier cinq branches, argent\u00e9, hauteur : 70 cm. D\u00e9corez vos tables avec ces \u00e9l\u00e9gants bougeoirs.","og_url":"https:\/\/ml-locations.be\/nl\/locations\/location-chandelier-argent-5-branches-70cm\/","og_site_name":"ML Locations","article_modified_time":"2019-06-18T17:25:15+00:00","og_image":[{"width":1000,"height":1000,"url":"https:\/\/ml-locations.be\/wp-content\/uploads\/2019\/06\/location-chandelier-5-branches-24cm.jpg","type":"image\/jpeg"}],"twitter_card":"summary_large_image","twitter_misc":{"Geschatte leestijd":"1 minuut"},"schema":{"@context":"https:\/\/schema.org","@graph":[{"@type":"WebPage","@id":"https:\/\/ml-locations.be\/nl\/locations\/location-chandelier-argent-5-branches-70cm\/","url":"https:\/\/ml-locations.be\/nl\/locations\/location-chandelier-argent-5-branches-70cm\/","name":"Grand chandelier argent\u00e9 5 branches en location (70cm) | ML Locations","isPartOf":{"@id":"https:\/\/ml-locations.be\/nl\/#website"},"primaryImageOfPage":{"@id":"https:\/\/ml-locations.be\/nl\/locations\/location-chandelier-argent-5-branches-70cm\/#primaryimage"},"image":{"@id":"https:\/\/ml-locations.be\/nl\/locations\/location-chandelier-argent-5-branches-70cm\/#primaryimage"},"thumbnailUrl":"https:\/\/ml-locations.be\/wp-content\/uploads\/2019\/06\/location-chandelier-5-branches-24cm.jpg","datePublished":"2019-06-16T17:48:49+00:00","dateModified":"2019-06-18T17:25:15+00:00","description":"Grand chandelier en location : chandelier cinq branches, argent\u00e9, hauteur : 70 cm. D\u00e9corez vos tables avec ces \u00e9l\u00e9gants bougeoirs.","breadcrumb":{"@id":"https:\/\/ml-locations.be\/nl\/locations\/location-chandelier-argent-5-branches-70cm\/#breadcrumb"},"inLanguage":"nl-NL","potentialAction":[{"@type":"ReadAction","target":["https:\/\/ml-locations.be\/nl\/locations\/location-chandelier-argent-5-branches-70cm\/"]}]},{"@type":"ImageObject","inLanguage":"nl-NL","@id":"https:\/\/ml-locations.be\/nl\/locations\/location-chandelier-argent-5-branches-70cm\/#primaryimage","url":"https:\/\/ml-locations.be\/wp-content\/uploads\/2019\/06\/location-chandelier-5-branches-24cm.jpg","contentUrl":"https:\/\/ml-locations.be\/wp-content\/uploads\/2019\/06\/location-chandelier-5-branches-24cm.jpg","width":1000,"height":1000,"caption":"Location chandelier argent\u00e9, 5 branches, 24 cm"},{"@type":"BreadcrumbList","@id":"https:\/\/ml-locations.be\/nl\/locations\/location-chandelier-argent-5-branches-70cm\/#breadcrumb","itemListElement":[{"@type":"ListItem","position":1,"name":"Accueil","item":"https:\/\/ml-locations.be\/nl\/"},{"@type":"ListItem","position":2,"name":"Winkel","item":"https:\/\/ml-locations.be\/nl\/winkel\/"},{"@type":"ListItem","position":3,"name":"Chandelier argent\u00e9 5 branches 70 cm"}]},{"@type":"WebSite","@id":"https:\/\/ml-locations.be\/nl\/#website","url":"https:\/\/ml-locations.be\/nl\/","name":"ML Locations","description":"Mat\u00e9riel \u00e9v\u00e9nementiel : location chaise, table et mange debout, mat\u00e9riel horeca, frigos,...","publisher":{"@id":"https:\/\/ml-locations.be\/nl\/#organization"},"potentialAction":[{"@type":"SearchAction","target":{"@type":"EntryPoint","urlTemplate":"https:\/\/ml-locations.be\/nl\/?s={search_term_string}"},"query-input":{"@type":"PropertyValueSpecification","valueRequired":true,"valueName":"search_term_string"}}],"inLanguage":"nl-NL"},{"@type":"Organization","@id":"https:\/\/ml-locations.be\/nl\/#organization","name":"ML Locations","url":"https:\/\/ml-locations.be\/nl\/","logo":{"@type":"ImageObject","inLanguage":"nl-NL","@id":"https:\/\/ml-locations.be\/nl\/#\/schema\/logo\/image\/","url":"https:\/\/ml-locations.be\/wp-content\/uploads\/2018\/05\/LOGO-location-BON.png","contentUrl":"https:\/\/ml-locations.be\/wp-content\/uploads\/2018\/05\/LOGO-location-BON.png","width":1200,"height":1200,"caption":"ML Locations"},"image":{"@id":"https:\/\/ml-locations.be\/nl\/#\/schema\/logo\/image\/"}}]}},"_links":{"self":[{"href":"https:\/\/ml-locations.be\/nl\/wp-json\/wp\/v2\/product\/10054","targetHints":{"allow":["GET"]}}],"collection":[{"href":"https:\/\/ml-locations.be\/nl\/wp-json\/wp\/v2\/product"}],"about":[{"href":"https:\/\/ml-locations.be\/nl\/wp-json\/wp\/v2\/types\/product"}],"wp:featuredmedia":[{"embeddable":true,"href":"https:\/\/ml-locations.be\/nl\/wp-json\/wp\/v2\/media\/10052"}],"wp:attachment":[{"href":"https:\/\/ml-locations.be\/nl\/wp-json\/wp\/v2\/media?parent=10054"}],"wp:term":[{"taxonomy":"product_brand","embeddable":true,"href":"https:\/\/ml-locations.be\/nl\/wp-json\/wp\/v2\/product_brand?post=10054"},{"taxonomy":"product_cat","embeddable":true,"href":"https:\/\/ml-locations.be\/nl\/wp-json\/wp\/v2\/product_cat?post=10054"},{"taxonomy":"product_tag","embeddable":true,"href":"https:\/\/ml-locations.be\/nl\/wp-json\/wp\/v2\/product_tag?post=10054"}],"curies":[{"name":"wp","href":"https:\/\/api.w.org\/{rel}","templated":true}]}}