{"id":1032013,"date":"2021-01-12T18:35:47","date_gmt":"2021-01-12T17:35:47","guid":{"rendered":"https:\/\/ml-locations.be\/?post_type=product&#038;p=1032013"},"modified":"2021-01-12T18:35:47","modified_gmt":"2021-01-12T17:35:47","slug":"location-chocolatiere-machine-chocolat-chaud","status":"publish","type":"product","link":"https:\/\/ml-locations.be\/nl\/locations\/location-chocolatiere-machine-chocolat-chaud\/","title":{"rendered":"Chocolati\u00e8re 5 litres &#8211; Machine \u00e0 chocolat chaud"},"content":{"rendered":"<h2><strong>Description de la chocolati\u00e8re en location :<\/strong><\/h2>\n<p>Vous aimez le <strong>chocolat chaud<\/strong> ? Vous souhaitez <strong>servir un bon cacao chaud<\/strong> \u00e0 vos invit\u00e9s ?\u00a0 Cette <strong>chocolati\u00e8re<\/strong>, d&#8217;une capacit\u00e9 de <strong>5 litres<\/strong>, vous permet de pr\u00e9parer un d<strong>\u00e9licieux chocolat chaud<\/strong> et de le maintenir \u00e0 temp\u00e9rature.<\/p>\n<p>Cette <strong>machine \u00e0 chocolat chaud en location<\/strong> est \u00e9quip\u00e9e d&#8217;un thermostat qui vous permet de g\u00e9rer la temp\u00e9rature de votre chocolat de mani\u00e8re simple, ainsi que sa cuisson. Son <strong>m\u00e9langeur int\u00e9gr\u00e9<\/strong> m\u00e9langera parfaitement le chocolat \u00e0 l&#8217;int\u00e9rieur de la cuve transparente (contenance 5 litres de chocolat chaud). Elle est aussi munie d&#8217;un i<strong>nterrupteur marche-arr\u00eat<\/strong>, qui vous permettra d&#8217;allumer et d&#8217;\u00e9teindre l&#8217;appareil tr\u00e8s facilement. Cette machine est pr\u00e9vue pour une utilisation professionnelle.<\/p>\n<h2><strong>Caract\u00e9ristiques de la machine \u00e0 chocolat chaud (5 litres) :\u00a0<\/strong><\/h2>\n<ul>\n<li>Hauteur : 47cm<\/li>\n<li>Capacit\u00e9 : 5 litres<\/li>\n<li>Tension : 230V<\/li>\n<li>Puissance : 400W<\/li>\n<\/ul>\n","protected":false},"excerpt":{"rendered":"<p><strong>Machine \u00e0 chocolat chaud en location :<\/strong> chocolati\u00e8re d&#8217;une capacit\u00e9 de 5 litres avec m\u00e9langeur int\u00e9gr\u00e9.<\/p>\n","protected":false},"featured_media":1032014,"template":"","meta":{"_acf_changed":false},"product_brand":[],"product_cat":[29,34],"product_tag":[213,214],"class_list":{"0":"post-1032013","1":"product","2":"type-product","3":"status-publish","4":"has-post-thumbnail","6":"product_cat-materiel-horeca-en-location","7":"product_cat-location-materiel-cuisine-et-buffet","8":"product_tag-location-de-materiel-de-reception-mariages","9":"product_tag-location-materiel-banquet","10":"description-off","12":"first","13":"instock","14":"taxable","15":"shipping-taxable","16":"purchasable","17":"product-type-simple"},"acf":[],"yoast_head":"<!-- This site is optimized with the Yoast SEO plugin v25.0 - https:\/\/yoast.com\/wordpress\/plugins\/seo\/ -->\n<title>Chocolati\u00e8re 5 litres en location : machine \u00e0 chocolat chaud | ML Locations<\/title>\n<meta name=\"description\" content=\"Chocolati\u00e8re en location : machine \u00e0 chocolat chaud avec cuve 5L et m\u00e9langeur int\u00e9gr\u00e9, id\u00e9al pour pr\u00e9parer du cacao ou du chocolat chaud.\" \/>\n<meta name=\"robots\" content=\"index, follow, max-snippet:-1, max-image-preview:large, max-video-preview:-1\" \/>\n<link rel=\"canonical\" href=\"https:\/\/ml-locations.be\/nl\/locations\/location-chocolatiere-machine-chocolat-chaud\/\" \/>\n<meta property=\"og:locale\" content=\"nl_NL\" \/>\n<meta property=\"og:type\" content=\"article\" \/>\n<meta property=\"og:title\" content=\"Chocolati\u00e8re 5 litres en location : machine \u00e0 chocolat chaud | ML Locations\" \/>\n<meta property=\"og:description\" content=\"Chocolati\u00e8re en location : machine \u00e0 chocolat chaud avec cuve 5L et m\u00e9langeur int\u00e9gr\u00e9, id\u00e9al pour pr\u00e9parer du cacao ou du chocolat chaud.\" \/>\n<meta property=\"og:url\" content=\"https:\/\/ml-locations.be\/nl\/locations\/location-chocolatiere-machine-chocolat-chaud\/\" \/>\n<meta property=\"og:site_name\" content=\"ML Locations\" \/>\n<meta property=\"og:image\" content=\"https:\/\/ml-locations.be\/wp-content\/uploads\/2021\/01\/Location-chocolatie\u0300re-machine-a\u0300-chocolat-chaud.png\" \/>\n\t<meta property=\"og:image:width\" content=\"540\" \/>\n\t<meta property=\"og:image:height\" content=\"540\" \/>\n\t<meta property=\"og:image:type\" content=\"image\/png\" \/>\n<meta name=\"twitter:card\" content=\"summary_large_image\" \/>\n<meta name=\"twitter:label1\" content=\"Geschatte leestijd\" \/>\n\t<meta name=\"twitter:data1\" content=\"1 minuut\" \/>\n<script type=\"application\/ld+json\" class=\"yoast-schema-graph\">{\"@context\":\"https:\/\/schema.org\",\"@graph\":[{\"@type\":\"WebPage\",\"@id\":\"https:\/\/ml-locations.be\/nl\/locations\/location-chocolatiere-machine-chocolat-chaud\/\",\"url\":\"https:\/\/ml-locations.be\/nl\/locations\/location-chocolatiere-machine-chocolat-chaud\/\",\"name\":\"Chocolati\u00e8re 5 litres en location : machine \u00e0 chocolat chaud | ML Locations\",\"isPartOf\":{\"@id\":\"https:\/\/ml-locations.be\/nl\/#website\"},\"primaryImageOfPage\":{\"@id\":\"https:\/\/ml-locations.be\/nl\/locations\/location-chocolatiere-machine-chocolat-chaud\/#primaryimage\"},\"image\":{\"@id\":\"https:\/\/ml-locations.be\/nl\/locations\/location-chocolatiere-machine-chocolat-chaud\/#primaryimage\"},\"thumbnailUrl\":\"https:\/\/ml-locations.be\/wp-content\/uploads\/2021\/01\/Location-chocolatie\u0300re-machine-a\u0300-chocolat-chaud.png\",\"datePublished\":\"2021-01-12T17:35:47+00:00\",\"description\":\"Chocolati\u00e8re en location : machine \u00e0 chocolat chaud avec cuve 5L et m\u00e9langeur int\u00e9gr\u00e9, id\u00e9al pour pr\u00e9parer du cacao ou du chocolat chaud.\",\"breadcrumb\":{\"@id\":\"https:\/\/ml-locations.be\/nl\/locations\/location-chocolatiere-machine-chocolat-chaud\/#breadcrumb\"},\"inLanguage\":\"nl-NL\",\"potentialAction\":[{\"@type\":\"ReadAction\",\"target\":[\"https:\/\/ml-locations.be\/nl\/locations\/location-chocolatiere-machine-chocolat-chaud\/\"]}]},{\"@type\":\"ImageObject\",\"inLanguage\":\"nl-NL\",\"@id\":\"https:\/\/ml-locations.be\/nl\/locations\/location-chocolatiere-machine-chocolat-chaud\/#primaryimage\",\"url\":\"https:\/\/ml-locations.be\/wp-content\/uploads\/2021\/01\/Location-chocolatie\u0300re-machine-a\u0300-chocolat-chaud.png\",\"contentUrl\":\"https:\/\/ml-locations.be\/wp-content\/uploads\/2021\/01\/Location-chocolatie\u0300re-machine-a\u0300-chocolat-chaud.png\",\"width\":540,\"height\":540,\"caption\":\"Location chocolatie\u0300re - machine a\u0300 chocolat chaud, cuve 5 litres, m\u00e9langeurs int\u00e9gr\u00e9s\"},{\"@type\":\"BreadcrumbList\",\"@id\":\"https:\/\/ml-locations.be\/nl\/locations\/location-chocolatiere-machine-chocolat-chaud\/#breadcrumb\",\"itemListElement\":[{\"@type\":\"ListItem\",\"position\":1,\"name\":\"Accueil\",\"item\":\"https:\/\/ml-locations.be\/nl\/\"},{\"@type\":\"ListItem\",\"position\":2,\"name\":\"Winkel\",\"item\":\"https:\/\/ml-locations.be\/nl\/winkel\/\"},{\"@type\":\"ListItem\",\"position\":3,\"name\":\"Chocolati\u00e8re 5 litres &#8211; Machine \u00e0 chocolat chaud\"}]},{\"@type\":\"WebSite\",\"@id\":\"https:\/\/ml-locations.be\/nl\/#website\",\"url\":\"https:\/\/ml-locations.be\/nl\/\",\"name\":\"ML Locations\",\"description\":\"Mat\u00e9riel \u00e9v\u00e9nementiel : location chaise, table et mange debout, mat\u00e9riel horeca, frigos,...\",\"publisher\":{\"@id\":\"https:\/\/ml-locations.be\/nl\/#organization\"},\"potentialAction\":[{\"@type\":\"SearchAction\",\"target\":{\"@type\":\"EntryPoint\",\"urlTemplate\":\"https:\/\/ml-locations.be\/nl\/?s={search_term_string}\"},\"query-input\":{\"@type\":\"PropertyValueSpecification\",\"valueRequired\":true,\"valueName\":\"search_term_string\"}}],\"inLanguage\":\"nl-NL\"},{\"@type\":\"Organization\",\"@id\":\"https:\/\/ml-locations.be\/nl\/#organization\",\"name\":\"ML Locations\",\"url\":\"https:\/\/ml-locations.be\/nl\/\",\"logo\":{\"@type\":\"ImageObject\",\"inLanguage\":\"nl-NL\",\"@id\":\"https:\/\/ml-locations.be\/nl\/#\/schema\/logo\/image\/\",\"url\":\"https:\/\/ml-locations.be\/wp-content\/uploads\/2018\/05\/LOGO-location-BON.png\",\"contentUrl\":\"https:\/\/ml-locations.be\/wp-content\/uploads\/2018\/05\/LOGO-location-BON.png\",\"width\":1200,\"height\":1200,\"caption\":\"ML Locations\"},\"image\":{\"@id\":\"https:\/\/ml-locations.be\/nl\/#\/schema\/logo\/image\/\"}}]}<\/script>\n<!-- \/ Yoast SEO plugin. -->","yoast_head_json":{"title":"Chocolati\u00e8re 5 litres en location : machine \u00e0 chocolat chaud | ML Locations","description":"Chocolati\u00e8re en location : machine \u00e0 chocolat chaud avec cuve 5L et m\u00e9langeur int\u00e9gr\u00e9, id\u00e9al pour pr\u00e9parer du cacao ou du chocolat chaud.","robots":{"index":"index","follow":"follow","max-snippet":"max-snippet:-1","max-image-preview":"max-image-preview:large","max-video-preview":"max-video-preview:-1"},"canonical":"https:\/\/ml-locations.be\/nl\/locations\/location-chocolatiere-machine-chocolat-chaud\/","og_locale":"nl_NL","og_type":"article","og_title":"Chocolati\u00e8re 5 litres en location : machine \u00e0 chocolat chaud | ML Locations","og_description":"Chocolati\u00e8re en location : machine \u00e0 chocolat chaud avec cuve 5L et m\u00e9langeur int\u00e9gr\u00e9, id\u00e9al pour pr\u00e9parer du cacao ou du chocolat chaud.","og_url":"https:\/\/ml-locations.be\/nl\/locations\/location-chocolatiere-machine-chocolat-chaud\/","og_site_name":"ML Locations","og_image":[{"width":540,"height":540,"url":"https:\/\/ml-locations.be\/wp-content\/uploads\/2021\/01\/Location-chocolatie\u0300re-machine-a\u0300-chocolat-chaud.png","type":"image\/png"}],"twitter_card":"summary_large_image","twitter_misc":{"Geschatte leestijd":"1 minuut"},"schema":{"@context":"https:\/\/schema.org","@graph":[{"@type":"WebPage","@id":"https:\/\/ml-locations.be\/nl\/locations\/location-chocolatiere-machine-chocolat-chaud\/","url":"https:\/\/ml-locations.be\/nl\/locations\/location-chocolatiere-machine-chocolat-chaud\/","name":"Chocolati\u00e8re 5 litres en location : machine \u00e0 chocolat chaud | ML Locations","isPartOf":{"@id":"https:\/\/ml-locations.be\/nl\/#website"},"primaryImageOfPage":{"@id":"https:\/\/ml-locations.be\/nl\/locations\/location-chocolatiere-machine-chocolat-chaud\/#primaryimage"},"image":{"@id":"https:\/\/ml-locations.be\/nl\/locations\/location-chocolatiere-machine-chocolat-chaud\/#primaryimage"},"thumbnailUrl":"https:\/\/ml-locations.be\/wp-content\/uploads\/2021\/01\/Location-chocolatie\u0300re-machine-a\u0300-chocolat-chaud.png","datePublished":"2021-01-12T17:35:47+00:00","description":"Chocolati\u00e8re en location : machine \u00e0 chocolat chaud avec cuve 5L et m\u00e9langeur int\u00e9gr\u00e9, id\u00e9al pour pr\u00e9parer du cacao ou du chocolat chaud.","breadcrumb":{"@id":"https:\/\/ml-locations.be\/nl\/locations\/location-chocolatiere-machine-chocolat-chaud\/#breadcrumb"},"inLanguage":"nl-NL","potentialAction":[{"@type":"ReadAction","target":["https:\/\/ml-locations.be\/nl\/locations\/location-chocolatiere-machine-chocolat-chaud\/"]}]},{"@type":"ImageObject","inLanguage":"nl-NL","@id":"https:\/\/ml-locations.be\/nl\/locations\/location-chocolatiere-machine-chocolat-chaud\/#primaryimage","url":"https:\/\/ml-locations.be\/wp-content\/uploads\/2021\/01\/Location-chocolatie\u0300re-machine-a\u0300-chocolat-chaud.png","contentUrl":"https:\/\/ml-locations.be\/wp-content\/uploads\/2021\/01\/Location-chocolatie\u0300re-machine-a\u0300-chocolat-chaud.png","width":540,"height":540,"caption":"Location chocolatie\u0300re - machine a\u0300 chocolat chaud, cuve 5 litres, m\u00e9langeurs int\u00e9gr\u00e9s"},{"@type":"BreadcrumbList","@id":"https:\/\/ml-locations.be\/nl\/locations\/location-chocolatiere-machine-chocolat-chaud\/#breadcrumb","itemListElement":[{"@type":"ListItem","position":1,"name":"Accueil","item":"https:\/\/ml-locations.be\/nl\/"},{"@type":"ListItem","position":2,"name":"Winkel","item":"https:\/\/ml-locations.be\/nl\/winkel\/"},{"@type":"ListItem","position":3,"name":"Chocolati\u00e8re 5 litres &#8211; Machine \u00e0 chocolat chaud"}]},{"@type":"WebSite","@id":"https:\/\/ml-locations.be\/nl\/#website","url":"https:\/\/ml-locations.be\/nl\/","name":"ML Locations","description":"Mat\u00e9riel \u00e9v\u00e9nementiel : location chaise, table et mange debout, mat\u00e9riel horeca, frigos,...","publisher":{"@id":"https:\/\/ml-locations.be\/nl\/#organization"},"potentialAction":[{"@type":"SearchAction","target":{"@type":"EntryPoint","urlTemplate":"https:\/\/ml-locations.be\/nl\/?s={search_term_string}"},"query-input":{"@type":"PropertyValueSpecification","valueRequired":true,"valueName":"search_term_string"}}],"inLanguage":"nl-NL"},{"@type":"Organization","@id":"https:\/\/ml-locations.be\/nl\/#organization","name":"ML Locations","url":"https:\/\/ml-locations.be\/nl\/","logo":{"@type":"ImageObject","inLanguage":"nl-NL","@id":"https:\/\/ml-locations.be\/nl\/#\/schema\/logo\/image\/","url":"https:\/\/ml-locations.be\/wp-content\/uploads\/2018\/05\/LOGO-location-BON.png","contentUrl":"https:\/\/ml-locations.be\/wp-content\/uploads\/2018\/05\/LOGO-location-BON.png","width":1200,"height":1200,"caption":"ML Locations"},"image":{"@id":"https:\/\/ml-locations.be\/nl\/#\/schema\/logo\/image\/"}}]}},"_links":{"self":[{"href":"https:\/\/ml-locations.be\/nl\/wp-json\/wp\/v2\/product\/1032013","targetHints":{"allow":["GET"]}}],"collection":[{"href":"https:\/\/ml-locations.be\/nl\/wp-json\/wp\/v2\/product"}],"about":[{"href":"https:\/\/ml-locations.be\/nl\/wp-json\/wp\/v2\/types\/product"}],"wp:featuredmedia":[{"embeddable":true,"href":"https:\/\/ml-locations.be\/nl\/wp-json\/wp\/v2\/media\/1032014"}],"wp:attachment":[{"href":"https:\/\/ml-locations.be\/nl\/wp-json\/wp\/v2\/media?parent=1032013"}],"wp:term":[{"taxonomy":"product_brand","embeddable":true,"href":"https:\/\/ml-locations.be\/nl\/wp-json\/wp\/v2\/product_brand?post=1032013"},{"taxonomy":"product_cat","embeddable":true,"href":"https:\/\/ml-locations.be\/nl\/wp-json\/wp\/v2\/product_cat?post=1032013"},{"taxonomy":"product_tag","embeddable":true,"href":"https:\/\/ml-locations.be\/nl\/wp-json\/wp\/v2\/product_tag?post=1032013"}],"curies":[{"name":"wp","href":"https:\/\/api.w.org\/{rel}","templated":true}]}}