{"id":1033682,"date":"2021-04-25T08:04:51","date_gmt":"2021-04-25T06:04:51","guid":{"rendered":"https:\/\/ml-locations.be\/?post_type=product&#038;p=1033682"},"modified":"2025-07-17T09:49:25","modified_gmt":"2025-07-17T07:49:25","slug":"tabouret-industry-chaise-haute-en-location","status":"publish","type":"product","link":"https:\/\/ml-locations.be\/nl\/locations\/tabouret-industry-chaise-haute-en-location\/","title":{"rendered":"Tabouret &#8220;Industry&#8221; &#8211; Chaise haute en location"},"content":{"rendered":"<p>Ce <strong>tabouret de bar\u00a0empilable\u00a0en location<\/strong> accompagne parfaitement nos <a href=\"https:\/\/www.ml-locations.be\/locations\/table-mange-debout-85cm\/\"><strong>tables mange-debout<\/strong><\/a>. Vous appr\u00e9cierez particuli\u00e8rement son design brut et industriel. Pour am\u00e9nager un espace lors d\u2019un salon professionnel ou tout autre \u00e9v\u00e9nement, optez pour la <strong>location de ce tabouret de bar en m\u00e9tal<\/strong>.<\/p>\n<p>Ces tabourets peuvent vous \u00eatre lou\u00e9s\u00a0et livr\u00e9s par racks de 24 tabourets.<\/p>\n<p><strong>Dimensions du tabouret de bar cuir noir\u00a0:<\/strong><\/p>\n<ul>\n<li>Largeur\u00a0: 41 cm,<\/li>\n<li>Hauteur\u00a0:76 cm,<\/li>\n<li>Hauteur assise\u00a0: 76 cm,<\/li>\n<li>Largeur assise\u00a0: 30 cm,<\/li>\n<li>Poids du tabouret\u00a0: 6 kg.<\/li>\n<\/ul>\n","protected":false},"excerpt":{"rendered":"<p><strong>Tabouret haut en m\u00e9tal noir<\/strong>\u00a0en location, id\u00e9al pour s\u2019asseoir le long d\u2019un <strong>bar<\/strong> ou pr\u00e8s d\u2019une table mange-debout.\u00a0<strong>Louez des tabourets hauts<\/strong>\u00a0pour asseoir vos invit\u00e9s lors de tous vos \u00e9v\u00e9nements.<\/p>\n","protected":false},"featured_media":1033683,"template":"","meta":{"_acf_changed":false},"product_brand":[],"product_cat":[6,12,14],"product_tag":[],"class_list":{"0":"post-1033682","1":"product","2":"type-product","3":"status-publish","4":"has-post-thumbnail","6":"product_cat-mobilier","7":"product_cat-location-chaises-tabourets","8":"product_cat-mobilier-pour-bar-a-louer","9":"description-off","11":"first","12":"instock","13":"taxable","14":"shipping-taxable","15":"purchasable","16":"product-type-simple"},"acf":[],"yoast_head":"<!-- This site is optimized with the Yoast SEO plugin v25.0 - https:\/\/yoast.com\/wordpress\/plugins\/seo\/ -->\n<title>Tabouret &quot;Industry&quot; - Chaise haute en location | ML Locations<\/title>\n<meta name=\"description\" content=\"Tabouret haut en m\u00e9tal noir\u00a0en location, id\u00e9al pour s\u2019asseoir le long d\u2019un bar ou pr\u00e8s d\u2019une table mange-debout.\u00a0Louez des tabourets hauts\u00a0pour asseoir vos invit\u00e9s lors de tous vos \u00e9v\u00e9nements.\" \/>\n<meta name=\"robots\" content=\"index, follow, max-snippet:-1, max-image-preview:large, max-video-preview:-1\" \/>\n<link rel=\"canonical\" href=\"https:\/\/ml-locations.be\/nl\/locations\/tabouret-industry-chaise-haute-en-location\/\" \/>\n<meta property=\"og:locale\" content=\"nl_NL\" \/>\n<meta property=\"og:type\" content=\"article\" \/>\n<meta property=\"og:title\" content=\"Tabouret &quot;Industry&quot; - Chaise haute en location | ML Locations\" \/>\n<meta property=\"og:description\" content=\"Tabouret haut en m\u00e9tal noir\u00a0en location, id\u00e9al pour s\u2019asseoir le long d\u2019un bar ou pr\u00e8s d\u2019une table mange-debout.\u00a0Louez des tabourets hauts\u00a0pour asseoir vos invit\u00e9s lors de tous vos \u00e9v\u00e9nements.\" \/>\n<meta property=\"og:url\" content=\"https:\/\/ml-locations.be\/nl\/locations\/tabouret-industry-chaise-haute-en-location\/\" \/>\n<meta property=\"og:site_name\" content=\"ML Locations\" \/>\n<meta property=\"article:modified_time\" content=\"2025-07-17T07:49:25+00:00\" \/>\n<meta property=\"og:image\" content=\"https:\/\/ml-locations.be\/wp-content\/uploads\/2021\/04\/TABINDN.jpg\" \/>\n\t<meta property=\"og:image:width\" content=\"1200\" \/>\n\t<meta property=\"og:image:height\" content=\"800\" \/>\n\t<meta property=\"og:image:type\" content=\"image\/jpeg\" \/>\n<meta name=\"twitter:card\" content=\"summary_large_image\" \/>\n<meta name=\"twitter:label1\" content=\"Geschatte leestijd\" \/>\n\t<meta name=\"twitter:data1\" content=\"1 minuut\" \/>\n<script type=\"application\/ld+json\" class=\"yoast-schema-graph\">{\"@context\":\"https:\/\/schema.org\",\"@graph\":[{\"@type\":\"WebPage\",\"@id\":\"https:\/\/ml-locations.be\/nl\/locations\/tabouret-industry-chaise-haute-en-location\/\",\"url\":\"https:\/\/ml-locations.be\/nl\/locations\/tabouret-industry-chaise-haute-en-location\/\",\"name\":\"Tabouret \\\"Industry\\\" - Chaise haute en location | ML Locations\",\"isPartOf\":{\"@id\":\"https:\/\/ml-locations.be\/nl\/#website\"},\"primaryImageOfPage\":{\"@id\":\"https:\/\/ml-locations.be\/nl\/locations\/tabouret-industry-chaise-haute-en-location\/#primaryimage\"},\"image\":{\"@id\":\"https:\/\/ml-locations.be\/nl\/locations\/tabouret-industry-chaise-haute-en-location\/#primaryimage\"},\"thumbnailUrl\":\"https:\/\/ml-locations.be\/wp-content\/uploads\/2021\/04\/TABINDN.jpg\",\"datePublished\":\"2021-04-25T06:04:51+00:00\",\"dateModified\":\"2025-07-17T07:49:25+00:00\",\"description\":\"Tabouret haut en m\u00e9tal noir\u00a0en location, id\u00e9al pour s\u2019asseoir le long d\u2019un bar ou pr\u00e8s d\u2019une table mange-debout.\u00a0Louez des tabourets hauts\u00a0pour asseoir vos invit\u00e9s lors de tous vos \u00e9v\u00e9nements.\",\"breadcrumb\":{\"@id\":\"https:\/\/ml-locations.be\/nl\/locations\/tabouret-industry-chaise-haute-en-location\/#breadcrumb\"},\"inLanguage\":\"nl-NL\",\"potentialAction\":[{\"@type\":\"ReadAction\",\"target\":[\"https:\/\/ml-locations.be\/nl\/locations\/tabouret-industry-chaise-haute-en-location\/\"]}]},{\"@type\":\"ImageObject\",\"inLanguage\":\"nl-NL\",\"@id\":\"https:\/\/ml-locations.be\/nl\/locations\/tabouret-industry-chaise-haute-en-location\/#primaryimage\",\"url\":\"https:\/\/ml-locations.be\/wp-content\/uploads\/2021\/04\/TABINDN.jpg\",\"contentUrl\":\"https:\/\/ml-locations.be\/wp-content\/uploads\/2021\/04\/TABINDN.jpg\",\"width\":1200,\"height\":800},{\"@type\":\"BreadcrumbList\",\"@id\":\"https:\/\/ml-locations.be\/nl\/locations\/tabouret-industry-chaise-haute-en-location\/#breadcrumb\",\"itemListElement\":[{\"@type\":\"ListItem\",\"position\":1,\"name\":\"Accueil\",\"item\":\"https:\/\/ml-locations.be\/nl\/\"},{\"@type\":\"ListItem\",\"position\":2,\"name\":\"Winkel\",\"item\":\"https:\/\/ml-locations.be\/nl\/winkel\/\"},{\"@type\":\"ListItem\",\"position\":3,\"name\":\"Tabouret &#8220;Industry&#8221; &#8211; Chaise haute en location\"}]},{\"@type\":\"WebSite\",\"@id\":\"https:\/\/ml-locations.be\/nl\/#website\",\"url\":\"https:\/\/ml-locations.be\/nl\/\",\"name\":\"ML Locations\",\"description\":\"Mat\u00e9riel \u00e9v\u00e9nementiel : location chaise, table et mange debout, mat\u00e9riel horeca, frigos,...\",\"publisher\":{\"@id\":\"https:\/\/ml-locations.be\/nl\/#organization\"},\"potentialAction\":[{\"@type\":\"SearchAction\",\"target\":{\"@type\":\"EntryPoint\",\"urlTemplate\":\"https:\/\/ml-locations.be\/nl\/?s={search_term_string}\"},\"query-input\":{\"@type\":\"PropertyValueSpecification\",\"valueRequired\":true,\"valueName\":\"search_term_string\"}}],\"inLanguage\":\"nl-NL\"},{\"@type\":\"Organization\",\"@id\":\"https:\/\/ml-locations.be\/nl\/#organization\",\"name\":\"ML Locations\",\"url\":\"https:\/\/ml-locations.be\/nl\/\",\"logo\":{\"@type\":\"ImageObject\",\"inLanguage\":\"nl-NL\",\"@id\":\"https:\/\/ml-locations.be\/nl\/#\/schema\/logo\/image\/\",\"url\":\"https:\/\/ml-locations.be\/wp-content\/uploads\/2018\/05\/LOGO-location-BON.png\",\"contentUrl\":\"https:\/\/ml-locations.be\/wp-content\/uploads\/2018\/05\/LOGO-location-BON.png\",\"width\":1200,\"height\":1200,\"caption\":\"ML Locations\"},\"image\":{\"@id\":\"https:\/\/ml-locations.be\/nl\/#\/schema\/logo\/image\/\"}}]}<\/script>\n<!-- \/ Yoast SEO plugin. -->","yoast_head_json":{"title":"Tabouret \"Industry\" - Chaise haute en location | ML Locations","description":"Tabouret haut en m\u00e9tal noir\u00a0en location, id\u00e9al pour s\u2019asseoir le long d\u2019un bar ou pr\u00e8s d\u2019une table mange-debout.\u00a0Louez des tabourets hauts\u00a0pour asseoir vos invit\u00e9s lors de tous vos \u00e9v\u00e9nements.","robots":{"index":"index","follow":"follow","max-snippet":"max-snippet:-1","max-image-preview":"max-image-preview:large","max-video-preview":"max-video-preview:-1"},"canonical":"https:\/\/ml-locations.be\/nl\/locations\/tabouret-industry-chaise-haute-en-location\/","og_locale":"nl_NL","og_type":"article","og_title":"Tabouret \"Industry\" - Chaise haute en location | ML Locations","og_description":"Tabouret haut en m\u00e9tal noir\u00a0en location, id\u00e9al pour s\u2019asseoir le long d\u2019un bar ou pr\u00e8s d\u2019une table mange-debout.\u00a0Louez des tabourets hauts\u00a0pour asseoir vos invit\u00e9s lors de tous vos \u00e9v\u00e9nements.","og_url":"https:\/\/ml-locations.be\/nl\/locations\/tabouret-industry-chaise-haute-en-location\/","og_site_name":"ML Locations","article_modified_time":"2025-07-17T07:49:25+00:00","og_image":[{"width":1200,"height":800,"url":"https:\/\/ml-locations.be\/wp-content\/uploads\/2021\/04\/TABINDN.jpg","type":"image\/jpeg"}],"twitter_card":"summary_large_image","twitter_misc":{"Geschatte leestijd":"1 minuut"},"schema":{"@context":"https:\/\/schema.org","@graph":[{"@type":"WebPage","@id":"https:\/\/ml-locations.be\/nl\/locations\/tabouret-industry-chaise-haute-en-location\/","url":"https:\/\/ml-locations.be\/nl\/locations\/tabouret-industry-chaise-haute-en-location\/","name":"Tabouret \"Industry\" - Chaise haute en location | ML Locations","isPartOf":{"@id":"https:\/\/ml-locations.be\/nl\/#website"},"primaryImageOfPage":{"@id":"https:\/\/ml-locations.be\/nl\/locations\/tabouret-industry-chaise-haute-en-location\/#primaryimage"},"image":{"@id":"https:\/\/ml-locations.be\/nl\/locations\/tabouret-industry-chaise-haute-en-location\/#primaryimage"},"thumbnailUrl":"https:\/\/ml-locations.be\/wp-content\/uploads\/2021\/04\/TABINDN.jpg","datePublished":"2021-04-25T06:04:51+00:00","dateModified":"2025-07-17T07:49:25+00:00","description":"Tabouret haut en m\u00e9tal noir\u00a0en location, id\u00e9al pour s\u2019asseoir le long d\u2019un bar ou pr\u00e8s d\u2019une table mange-debout.\u00a0Louez des tabourets hauts\u00a0pour asseoir vos invit\u00e9s lors de tous vos \u00e9v\u00e9nements.","breadcrumb":{"@id":"https:\/\/ml-locations.be\/nl\/locations\/tabouret-industry-chaise-haute-en-location\/#breadcrumb"},"inLanguage":"nl-NL","potentialAction":[{"@type":"ReadAction","target":["https:\/\/ml-locations.be\/nl\/locations\/tabouret-industry-chaise-haute-en-location\/"]}]},{"@type":"ImageObject","inLanguage":"nl-NL","@id":"https:\/\/ml-locations.be\/nl\/locations\/tabouret-industry-chaise-haute-en-location\/#primaryimage","url":"https:\/\/ml-locations.be\/wp-content\/uploads\/2021\/04\/TABINDN.jpg","contentUrl":"https:\/\/ml-locations.be\/wp-content\/uploads\/2021\/04\/TABINDN.jpg","width":1200,"height":800},{"@type":"BreadcrumbList","@id":"https:\/\/ml-locations.be\/nl\/locations\/tabouret-industry-chaise-haute-en-location\/#breadcrumb","itemListElement":[{"@type":"ListItem","position":1,"name":"Accueil","item":"https:\/\/ml-locations.be\/nl\/"},{"@type":"ListItem","position":2,"name":"Winkel","item":"https:\/\/ml-locations.be\/nl\/winkel\/"},{"@type":"ListItem","position":3,"name":"Tabouret &#8220;Industry&#8221; &#8211; Chaise haute en location"}]},{"@type":"WebSite","@id":"https:\/\/ml-locations.be\/nl\/#website","url":"https:\/\/ml-locations.be\/nl\/","name":"ML Locations","description":"Mat\u00e9riel \u00e9v\u00e9nementiel : location chaise, table et mange debout, mat\u00e9riel horeca, frigos,...","publisher":{"@id":"https:\/\/ml-locations.be\/nl\/#organization"},"potentialAction":[{"@type":"SearchAction","target":{"@type":"EntryPoint","urlTemplate":"https:\/\/ml-locations.be\/nl\/?s={search_term_string}"},"query-input":{"@type":"PropertyValueSpecification","valueRequired":true,"valueName":"search_term_string"}}],"inLanguage":"nl-NL"},{"@type":"Organization","@id":"https:\/\/ml-locations.be\/nl\/#organization","name":"ML Locations","url":"https:\/\/ml-locations.be\/nl\/","logo":{"@type":"ImageObject","inLanguage":"nl-NL","@id":"https:\/\/ml-locations.be\/nl\/#\/schema\/logo\/image\/","url":"https:\/\/ml-locations.be\/wp-content\/uploads\/2018\/05\/LOGO-location-BON.png","contentUrl":"https:\/\/ml-locations.be\/wp-content\/uploads\/2018\/05\/LOGO-location-BON.png","width":1200,"height":1200,"caption":"ML Locations"},"image":{"@id":"https:\/\/ml-locations.be\/nl\/#\/schema\/logo\/image\/"}}]}},"_links":{"self":[{"href":"https:\/\/ml-locations.be\/nl\/wp-json\/wp\/v2\/product\/1033682","targetHints":{"allow":["GET"]}}],"collection":[{"href":"https:\/\/ml-locations.be\/nl\/wp-json\/wp\/v2\/product"}],"about":[{"href":"https:\/\/ml-locations.be\/nl\/wp-json\/wp\/v2\/types\/product"}],"wp:featuredmedia":[{"embeddable":true,"href":"https:\/\/ml-locations.be\/nl\/wp-json\/wp\/v2\/media\/1033683"}],"wp:attachment":[{"href":"https:\/\/ml-locations.be\/nl\/wp-json\/wp\/v2\/media?parent=1033682"}],"wp:term":[{"taxonomy":"product_brand","embeddable":true,"href":"https:\/\/ml-locations.be\/nl\/wp-json\/wp\/v2\/product_brand?post=1033682"},{"taxonomy":"product_cat","embeddable":true,"href":"https:\/\/ml-locations.be\/nl\/wp-json\/wp\/v2\/product_cat?post=1033682"},{"taxonomy":"product_tag","embeddable":true,"href":"https:\/\/ml-locations.be\/nl\/wp-json\/wp\/v2\/product_tag?post=1033682"}],"curies":[{"name":"wp","href":"https:\/\/api.w.org\/{rel}","templated":true}]}}