{"id":1033818,"date":"2021-04-28T21:32:56","date_gmt":"2021-04-28T19:32:56","guid":{"rendered":"https:\/\/ml-locations.be\/?post_type=product&#038;p=1033818"},"modified":"2025-07-17T11:34:42","modified_gmt":"2025-07-17T09:34:42","slug":"container-evenementiel-4x2m","status":"publish","type":"product","link":"https:\/\/ml-locations.be\/nl\/locations\/container-evenementiel-4x2m\/","title":{"rendered":"Container \u00e9v\u00e8nementiel 4x2m"},"content":{"rendered":"<p>Vous avez besoin d&#8217;un espace s\u00e9curis\u00e9 pour faire un \u00a0bar, une cuisine, une caisse, un espace d&#8217;information,&#8230;? <strong>ML Locations<\/strong> vous propose une solution id\u00e9ale pour vos \u00e9v\u00e8nements! Ce container dispose d&#8217;un grand ouvrant sur un de ces c\u00f4t\u00e9s pour permettre un contact direct avec l&#8217;ext\u00e9rieur et de deux portes s&#8217;ouvrants sur un des c\u00f4t\u00e9s de 2m! Vous pouvez l&#8217;utiliser lors d&#8217;une f\u00eate pour le service des boissons ou de nourriture, ce container peut \u00e9galement \u00eatre utilis\u00e9 lors de festivals ou grands \u00e9v\u00e8nements!<\/p>\n<p>Ce container est compl\u00e8tement s\u00e9curis\u00e9, les portes et l&#8217;auvent ferment \u00e0 cl\u00e9s.<\/p>\n<p>ML locations s&#8217;occupe du montage et du montage de ce container pour vous.<\/p>\n<p>Vous pouvez y placer des frigos, des fours,&#8230;que vous retrouverez dans notre cat\u00e9gorie mat\u00e9riel horeca.<\/p>\n","protected":false},"excerpt":{"rendered":"<p>Container \u00e9v\u00e8nementiel de 4 x 2 m<\/p>\n","protected":false},"featured_media":1033819,"template":"","meta":{"_acf_changed":false},"product_brand":[],"product_cat":[253],"product_tag":[],"class_list":{"0":"post-1033818","1":"product","2":"type-product","3":"status-publish","4":"has-post-thumbnail","6":"product_cat-container-evenementiel","7":"description-off","9":"first","10":"instock","11":"taxable","12":"shipping-taxable","13":"purchasable","14":"product-type-simple"},"acf":[],"yoast_head":"<!-- This site is optimized with the Yoast SEO plugin v25.0 - https:\/\/yoast.com\/wordpress\/plugins\/seo\/ -->\n<title>Container \u00e9v\u00e8nementiel 4x2m | ML Locations<\/title>\n<meta name=\"description\" content=\"Vous avez besoin d&#039;un espace s\u00e9curis\u00e9 pour faire un \u00a0bar, une cuisine, une caisse, un espace d&#039;information,...? ML Locations vous propose une solution id\u00e9ale pour vos \u00e9v\u00e8nements!\" \/>\n<meta name=\"robots\" content=\"index, follow, max-snippet:-1, max-image-preview:large, max-video-preview:-1\" \/>\n<link rel=\"canonical\" href=\"https:\/\/ml-locations.be\/nl\/locations\/container-evenementiel-4x2m\/\" \/>\n<meta property=\"og:locale\" content=\"nl_NL\" \/>\n<meta property=\"og:type\" content=\"article\" \/>\n<meta property=\"og:title\" content=\"Container \u00e9v\u00e8nementiel 4x2m | ML Locations\" \/>\n<meta property=\"og:description\" content=\"Vous avez besoin d&#039;un espace s\u00e9curis\u00e9 pour faire un \u00a0bar, une cuisine, une caisse, un espace d&#039;information,...? ML Locations vous propose une solution id\u00e9ale pour vos \u00e9v\u00e8nements!\" \/>\n<meta property=\"og:url\" content=\"https:\/\/ml-locations.be\/nl\/locations\/container-evenementiel-4x2m\/\" \/>\n<meta property=\"og:site_name\" content=\"ML Locations\" \/>\n<meta property=\"article:modified_time\" content=\"2025-07-17T09:34:42+00:00\" \/>\n<meta property=\"og:image\" content=\"https:\/\/ml-locations.be\/wp-content\/uploads\/2021\/04\/Capture-decran-2021-04-07-a-17.05.51.png\" \/>\n\t<meta property=\"og:image:width\" content=\"1080\" \/>\n\t<meta property=\"og:image:height\" content=\"706\" \/>\n\t<meta property=\"og:image:type\" content=\"image\/png\" \/>\n<meta name=\"twitter:card\" content=\"summary_large_image\" \/>\n<meta name=\"twitter:label1\" content=\"Geschatte leestijd\" \/>\n\t<meta name=\"twitter:data1\" content=\"1 minuut\" \/>\n<script type=\"application\/ld+json\" class=\"yoast-schema-graph\">{\"@context\":\"https:\/\/schema.org\",\"@graph\":[{\"@type\":\"WebPage\",\"@id\":\"https:\/\/ml-locations.be\/nl\/locations\/container-evenementiel-4x2m\/\",\"url\":\"https:\/\/ml-locations.be\/nl\/locations\/container-evenementiel-4x2m\/\",\"name\":\"Container \u00e9v\u00e8nementiel 4x2m | ML Locations\",\"isPartOf\":{\"@id\":\"https:\/\/ml-locations.be\/nl\/#website\"},\"primaryImageOfPage\":{\"@id\":\"https:\/\/ml-locations.be\/nl\/locations\/container-evenementiel-4x2m\/#primaryimage\"},\"image\":{\"@id\":\"https:\/\/ml-locations.be\/nl\/locations\/container-evenementiel-4x2m\/#primaryimage\"},\"thumbnailUrl\":\"https:\/\/ml-locations.be\/wp-content\/uploads\/2021\/04\/Capture-decran-2021-04-07-a-17.05.51.png\",\"datePublished\":\"2021-04-28T19:32:56+00:00\",\"dateModified\":\"2025-07-17T09:34:42+00:00\",\"description\":\"Vous avez besoin d'un espace s\u00e9curis\u00e9 pour faire un \u00a0bar, une cuisine, une caisse, un espace d'information,...? ML Locations vous propose une solution id\u00e9ale pour vos \u00e9v\u00e8nements!\",\"breadcrumb\":{\"@id\":\"https:\/\/ml-locations.be\/nl\/locations\/container-evenementiel-4x2m\/#breadcrumb\"},\"inLanguage\":\"nl-NL\",\"potentialAction\":[{\"@type\":\"ReadAction\",\"target\":[\"https:\/\/ml-locations.be\/nl\/locations\/container-evenementiel-4x2m\/\"]}]},{\"@type\":\"ImageObject\",\"inLanguage\":\"nl-NL\",\"@id\":\"https:\/\/ml-locations.be\/nl\/locations\/container-evenementiel-4x2m\/#primaryimage\",\"url\":\"https:\/\/ml-locations.be\/wp-content\/uploads\/2021\/04\/Capture-decran-2021-04-07-a-17.05.51.png\",\"contentUrl\":\"https:\/\/ml-locations.be\/wp-content\/uploads\/2021\/04\/Capture-decran-2021-04-07-a-17.05.51.png\",\"width\":1080,\"height\":706},{\"@type\":\"BreadcrumbList\",\"@id\":\"https:\/\/ml-locations.be\/nl\/locations\/container-evenementiel-4x2m\/#breadcrumb\",\"itemListElement\":[{\"@type\":\"ListItem\",\"position\":1,\"name\":\"Accueil\",\"item\":\"https:\/\/ml-locations.be\/nl\/\"},{\"@type\":\"ListItem\",\"position\":2,\"name\":\"Winkel\",\"item\":\"https:\/\/ml-locations.be\/nl\/winkel\/\"},{\"@type\":\"ListItem\",\"position\":3,\"name\":\"Container \u00e9v\u00e8nementiel 4x2m\"}]},{\"@type\":\"WebSite\",\"@id\":\"https:\/\/ml-locations.be\/nl\/#website\",\"url\":\"https:\/\/ml-locations.be\/nl\/\",\"name\":\"ML Locations\",\"description\":\"Mat\u00e9riel \u00e9v\u00e9nementiel : location chaise, table et mange debout, mat\u00e9riel horeca, frigos,...\",\"publisher\":{\"@id\":\"https:\/\/ml-locations.be\/nl\/#organization\"},\"potentialAction\":[{\"@type\":\"SearchAction\",\"target\":{\"@type\":\"EntryPoint\",\"urlTemplate\":\"https:\/\/ml-locations.be\/nl\/?s={search_term_string}\"},\"query-input\":{\"@type\":\"PropertyValueSpecification\",\"valueRequired\":true,\"valueName\":\"search_term_string\"}}],\"inLanguage\":\"nl-NL\"},{\"@type\":\"Organization\",\"@id\":\"https:\/\/ml-locations.be\/nl\/#organization\",\"name\":\"ML Locations\",\"url\":\"https:\/\/ml-locations.be\/nl\/\",\"logo\":{\"@type\":\"ImageObject\",\"inLanguage\":\"nl-NL\",\"@id\":\"https:\/\/ml-locations.be\/nl\/#\/schema\/logo\/image\/\",\"url\":\"https:\/\/ml-locations.be\/wp-content\/uploads\/2018\/05\/LOGO-location-BON.png\",\"contentUrl\":\"https:\/\/ml-locations.be\/wp-content\/uploads\/2018\/05\/LOGO-location-BON.png\",\"width\":1200,\"height\":1200,\"caption\":\"ML Locations\"},\"image\":{\"@id\":\"https:\/\/ml-locations.be\/nl\/#\/schema\/logo\/image\/\"}}]}<\/script>\n<!-- \/ Yoast SEO plugin. -->","yoast_head_json":{"title":"Container \u00e9v\u00e8nementiel 4x2m | ML Locations","description":"Vous avez besoin d'un espace s\u00e9curis\u00e9 pour faire un \u00a0bar, une cuisine, une caisse, un espace d'information,...? ML Locations vous propose une solution id\u00e9ale pour vos \u00e9v\u00e8nements!","robots":{"index":"index","follow":"follow","max-snippet":"max-snippet:-1","max-image-preview":"max-image-preview:large","max-video-preview":"max-video-preview:-1"},"canonical":"https:\/\/ml-locations.be\/nl\/locations\/container-evenementiel-4x2m\/","og_locale":"nl_NL","og_type":"article","og_title":"Container \u00e9v\u00e8nementiel 4x2m | ML Locations","og_description":"Vous avez besoin d'un espace s\u00e9curis\u00e9 pour faire un \u00a0bar, une cuisine, une caisse, un espace d'information,...? ML Locations vous propose une solution id\u00e9ale pour vos \u00e9v\u00e8nements!","og_url":"https:\/\/ml-locations.be\/nl\/locations\/container-evenementiel-4x2m\/","og_site_name":"ML Locations","article_modified_time":"2025-07-17T09:34:42+00:00","og_image":[{"width":1080,"height":706,"url":"https:\/\/ml-locations.be\/wp-content\/uploads\/2021\/04\/Capture-decran-2021-04-07-a-17.05.51.png","type":"image\/png"}],"twitter_card":"summary_large_image","twitter_misc":{"Geschatte leestijd":"1 minuut"},"schema":{"@context":"https:\/\/schema.org","@graph":[{"@type":"WebPage","@id":"https:\/\/ml-locations.be\/nl\/locations\/container-evenementiel-4x2m\/","url":"https:\/\/ml-locations.be\/nl\/locations\/container-evenementiel-4x2m\/","name":"Container \u00e9v\u00e8nementiel 4x2m | ML Locations","isPartOf":{"@id":"https:\/\/ml-locations.be\/nl\/#website"},"primaryImageOfPage":{"@id":"https:\/\/ml-locations.be\/nl\/locations\/container-evenementiel-4x2m\/#primaryimage"},"image":{"@id":"https:\/\/ml-locations.be\/nl\/locations\/container-evenementiel-4x2m\/#primaryimage"},"thumbnailUrl":"https:\/\/ml-locations.be\/wp-content\/uploads\/2021\/04\/Capture-decran-2021-04-07-a-17.05.51.png","datePublished":"2021-04-28T19:32:56+00:00","dateModified":"2025-07-17T09:34:42+00:00","description":"Vous avez besoin d'un espace s\u00e9curis\u00e9 pour faire un \u00a0bar, une cuisine, une caisse, un espace d'information,...? ML Locations vous propose une solution id\u00e9ale pour vos \u00e9v\u00e8nements!","breadcrumb":{"@id":"https:\/\/ml-locations.be\/nl\/locations\/container-evenementiel-4x2m\/#breadcrumb"},"inLanguage":"nl-NL","potentialAction":[{"@type":"ReadAction","target":["https:\/\/ml-locations.be\/nl\/locations\/container-evenementiel-4x2m\/"]}]},{"@type":"ImageObject","inLanguage":"nl-NL","@id":"https:\/\/ml-locations.be\/nl\/locations\/container-evenementiel-4x2m\/#primaryimage","url":"https:\/\/ml-locations.be\/wp-content\/uploads\/2021\/04\/Capture-decran-2021-04-07-a-17.05.51.png","contentUrl":"https:\/\/ml-locations.be\/wp-content\/uploads\/2021\/04\/Capture-decran-2021-04-07-a-17.05.51.png","width":1080,"height":706},{"@type":"BreadcrumbList","@id":"https:\/\/ml-locations.be\/nl\/locations\/container-evenementiel-4x2m\/#breadcrumb","itemListElement":[{"@type":"ListItem","position":1,"name":"Accueil","item":"https:\/\/ml-locations.be\/nl\/"},{"@type":"ListItem","position":2,"name":"Winkel","item":"https:\/\/ml-locations.be\/nl\/winkel\/"},{"@type":"ListItem","position":3,"name":"Container \u00e9v\u00e8nementiel 4x2m"}]},{"@type":"WebSite","@id":"https:\/\/ml-locations.be\/nl\/#website","url":"https:\/\/ml-locations.be\/nl\/","name":"ML Locations","description":"Mat\u00e9riel \u00e9v\u00e9nementiel : location chaise, table et mange debout, mat\u00e9riel horeca, frigos,...","publisher":{"@id":"https:\/\/ml-locations.be\/nl\/#organization"},"potentialAction":[{"@type":"SearchAction","target":{"@type":"EntryPoint","urlTemplate":"https:\/\/ml-locations.be\/nl\/?s={search_term_string}"},"query-input":{"@type":"PropertyValueSpecification","valueRequired":true,"valueName":"search_term_string"}}],"inLanguage":"nl-NL"},{"@type":"Organization","@id":"https:\/\/ml-locations.be\/nl\/#organization","name":"ML Locations","url":"https:\/\/ml-locations.be\/nl\/","logo":{"@type":"ImageObject","inLanguage":"nl-NL","@id":"https:\/\/ml-locations.be\/nl\/#\/schema\/logo\/image\/","url":"https:\/\/ml-locations.be\/wp-content\/uploads\/2018\/05\/LOGO-location-BON.png","contentUrl":"https:\/\/ml-locations.be\/wp-content\/uploads\/2018\/05\/LOGO-location-BON.png","width":1200,"height":1200,"caption":"ML Locations"},"image":{"@id":"https:\/\/ml-locations.be\/nl\/#\/schema\/logo\/image\/"}}]}},"_links":{"self":[{"href":"https:\/\/ml-locations.be\/nl\/wp-json\/wp\/v2\/product\/1033818","targetHints":{"allow":["GET"]}}],"collection":[{"href":"https:\/\/ml-locations.be\/nl\/wp-json\/wp\/v2\/product"}],"about":[{"href":"https:\/\/ml-locations.be\/nl\/wp-json\/wp\/v2\/types\/product"}],"wp:featuredmedia":[{"embeddable":true,"href":"https:\/\/ml-locations.be\/nl\/wp-json\/wp\/v2\/media\/1033819"}],"wp:attachment":[{"href":"https:\/\/ml-locations.be\/nl\/wp-json\/wp\/v2\/media?parent=1033818"}],"wp:term":[{"taxonomy":"product_brand","embeddable":true,"href":"https:\/\/ml-locations.be\/nl\/wp-json\/wp\/v2\/product_brand?post=1033818"},{"taxonomy":"product_cat","embeddable":true,"href":"https:\/\/ml-locations.be\/nl\/wp-json\/wp\/v2\/product_cat?post=1033818"},{"taxonomy":"product_tag","embeddable":true,"href":"https:\/\/ml-locations.be\/nl\/wp-json\/wp\/v2\/product_tag?post=1033818"}],"curies":[{"name":"wp","href":"https:\/\/api.w.org\/{rel}","templated":true}]}}