{"id":1033995,"date":"2021-05-07T05:59:47","date_gmt":"2021-05-07T03:59:47","guid":{"rendered":"https:\/\/ml-locations.be\/?post_type=product&#038;p=1033995"},"modified":"2025-07-17T11:26:13","modified_gmt":"2025-07-17T09:26:13","slug":"canopy-5-x-5-m-noir-tonnelle-en-location","status":"publish","type":"product","link":"https:\/\/ml-locations.be\/nl\/locations\/canopy-5-x-5-m-noir-tonnelle-en-location\/","title":{"rendered":"Canopy 5 x 5 m noir &#8211; Tonnelle en location"},"content":{"rendered":"<p>Ce canopy de 5 x 5 m\u00e8tres est la tente id\u00e9ale pour vos r\u00e9ceptions, \u00e9v\u00e9nements ou stands! Cette Tonnelle solide et tr\u00e8s robuste est facile et rapide \u00e0 monter! Elle offre une belle superficie de 25m2 pour vous prot\u00e9ger des intemp\u00e9ries ou des fortes chaleurs!<\/p>\n","protected":false},"excerpt":{"rendered":"<p>Tonelle de 5 x 5 m tr\u00e8s robuste, rapide et facile \u00e0 installer<\/p>\n","protected":false},"featured_media":1033998,"template":"","meta":{"_acf_changed":false},"product_brand":[],"product_cat":[37,39],"product_tag":[],"class_list":{"0":"post-1033995","1":"product","2":"type-product","3":"status-publish","4":"has-post-thumbnail","6":"product_cat-chapiteau-tente-de-reception-louer","7":"product_cat-tonnelles-et-canopys-a-louer","8":"description-off","10":"first","11":"instock","12":"taxable","13":"shipping-taxable","14":"purchasable","15":"product-type-simple"},"acf":[],"yoast_head":"<!-- This site is optimized with the Yoast SEO plugin v25.0 - https:\/\/yoast.com\/wordpress\/plugins\/seo\/ -->\n<title>Canopy 5 x 5 m noir - Tonnelle en location | ML Locations<\/title>\n<meta name=\"description\" content=\"Ce canopy de 5 x 5 m\u00e8tres est la tente id\u00e9ale pour vos r\u00e9ceptions, \u00e9v\u00e9nements ou stands! Cette Tonnelle solide et tr\u00e8s robuste est facile et rapide \u00e0 monter!\" \/>\n<meta name=\"robots\" content=\"index, follow, max-snippet:-1, max-image-preview:large, max-video-preview:-1\" \/>\n<link rel=\"canonical\" href=\"https:\/\/ml-locations.be\/nl\/locations\/canopy-5-x-5-m-noir-tonnelle-en-location\/\" \/>\n<meta property=\"og:locale\" content=\"nl_NL\" \/>\n<meta property=\"og:type\" content=\"article\" \/>\n<meta property=\"og:title\" content=\"Canopy 5 x 5 m noir - Tonnelle en location | ML Locations\" \/>\n<meta property=\"og:description\" content=\"Ce canopy de 5 x 5 m\u00e8tres est la tente id\u00e9ale pour vos r\u00e9ceptions, \u00e9v\u00e9nements ou stands! Cette Tonnelle solide et tr\u00e8s robuste est facile et rapide \u00e0 monter!\" \/>\n<meta property=\"og:url\" content=\"https:\/\/ml-locations.be\/nl\/locations\/canopy-5-x-5-m-noir-tonnelle-en-location\/\" \/>\n<meta property=\"og:site_name\" content=\"ML Locations\" \/>\n<meta property=\"article:modified_time\" content=\"2025-07-17T09:26:13+00:00\" \/>\n<meta property=\"og:image\" content=\"https:\/\/ml-locations.be\/wp-content\/uploads\/2021\/05\/partyspace-vouwtent-5x5-zijwanden.jpg\" \/>\n\t<meta property=\"og:image:width\" content=\"860\" \/>\n\t<meta property=\"og:image:height\" content=\"645\" \/>\n\t<meta property=\"og:image:type\" content=\"image\/jpeg\" \/>\n<meta name=\"twitter:card\" content=\"summary_large_image\" \/>\n<meta name=\"twitter:label1\" content=\"Geschatte leestijd\" \/>\n\t<meta name=\"twitter:data1\" content=\"1 minuut\" \/>\n<script type=\"application\/ld+json\" class=\"yoast-schema-graph\">{\"@context\":\"https:\/\/schema.org\",\"@graph\":[{\"@type\":\"WebPage\",\"@id\":\"https:\/\/ml-locations.be\/nl\/locations\/canopy-5-x-5-m-noir-tonnelle-en-location\/\",\"url\":\"https:\/\/ml-locations.be\/nl\/locations\/canopy-5-x-5-m-noir-tonnelle-en-location\/\",\"name\":\"Canopy 5 x 5 m noir - Tonnelle en location | ML Locations\",\"isPartOf\":{\"@id\":\"https:\/\/ml-locations.be\/nl\/#website\"},\"primaryImageOfPage\":{\"@id\":\"https:\/\/ml-locations.be\/nl\/locations\/canopy-5-x-5-m-noir-tonnelle-en-location\/#primaryimage\"},\"image\":{\"@id\":\"https:\/\/ml-locations.be\/nl\/locations\/canopy-5-x-5-m-noir-tonnelle-en-location\/#primaryimage\"},\"thumbnailUrl\":\"https:\/\/ml-locations.be\/wp-content\/uploads\/2021\/05\/partyspace-vouwtent-5x5-zijwanden.jpg\",\"datePublished\":\"2021-05-07T03:59:47+00:00\",\"dateModified\":\"2025-07-17T09:26:13+00:00\",\"description\":\"Ce canopy de 5 x 5 m\u00e8tres est la tente id\u00e9ale pour vos r\u00e9ceptions, \u00e9v\u00e9nements ou stands! Cette Tonnelle solide et tr\u00e8s robuste est facile et rapide \u00e0 monter!\",\"breadcrumb\":{\"@id\":\"https:\/\/ml-locations.be\/nl\/locations\/canopy-5-x-5-m-noir-tonnelle-en-location\/#breadcrumb\"},\"inLanguage\":\"nl-NL\",\"potentialAction\":[{\"@type\":\"ReadAction\",\"target\":[\"https:\/\/ml-locations.be\/nl\/locations\/canopy-5-x-5-m-noir-tonnelle-en-location\/\"]}]},{\"@type\":\"ImageObject\",\"inLanguage\":\"nl-NL\",\"@id\":\"https:\/\/ml-locations.be\/nl\/locations\/canopy-5-x-5-m-noir-tonnelle-en-location\/#primaryimage\",\"url\":\"https:\/\/ml-locations.be\/wp-content\/uploads\/2021\/05\/partyspace-vouwtent-5x5-zijwanden.jpg\",\"contentUrl\":\"https:\/\/ml-locations.be\/wp-content\/uploads\/2021\/05\/partyspace-vouwtent-5x5-zijwanden.jpg\",\"width\":860,\"height\":645},{\"@type\":\"BreadcrumbList\",\"@id\":\"https:\/\/ml-locations.be\/nl\/locations\/canopy-5-x-5-m-noir-tonnelle-en-location\/#breadcrumb\",\"itemListElement\":[{\"@type\":\"ListItem\",\"position\":1,\"name\":\"Accueil\",\"item\":\"https:\/\/ml-locations.be\/nl\/\"},{\"@type\":\"ListItem\",\"position\":2,\"name\":\"Winkel\",\"item\":\"https:\/\/ml-locations.be\/nl\/winkel\/\"},{\"@type\":\"ListItem\",\"position\":3,\"name\":\"Canopy 5 x 5 m noir &#8211; Tonnelle en location\"}]},{\"@type\":\"WebSite\",\"@id\":\"https:\/\/ml-locations.be\/nl\/#website\",\"url\":\"https:\/\/ml-locations.be\/nl\/\",\"name\":\"ML Locations\",\"description\":\"Mat\u00e9riel \u00e9v\u00e9nementiel : location chaise, table et mange debout, mat\u00e9riel horeca, frigos,...\",\"publisher\":{\"@id\":\"https:\/\/ml-locations.be\/nl\/#organization\"},\"potentialAction\":[{\"@type\":\"SearchAction\",\"target\":{\"@type\":\"EntryPoint\",\"urlTemplate\":\"https:\/\/ml-locations.be\/nl\/?s={search_term_string}\"},\"query-input\":{\"@type\":\"PropertyValueSpecification\",\"valueRequired\":true,\"valueName\":\"search_term_string\"}}],\"inLanguage\":\"nl-NL\"},{\"@type\":\"Organization\",\"@id\":\"https:\/\/ml-locations.be\/nl\/#organization\",\"name\":\"ML Locations\",\"url\":\"https:\/\/ml-locations.be\/nl\/\",\"logo\":{\"@type\":\"ImageObject\",\"inLanguage\":\"nl-NL\",\"@id\":\"https:\/\/ml-locations.be\/nl\/#\/schema\/logo\/image\/\",\"url\":\"https:\/\/ml-locations.be\/wp-content\/uploads\/2018\/05\/LOGO-location-BON.png\",\"contentUrl\":\"https:\/\/ml-locations.be\/wp-content\/uploads\/2018\/05\/LOGO-location-BON.png\",\"width\":1200,\"height\":1200,\"caption\":\"ML Locations\"},\"image\":{\"@id\":\"https:\/\/ml-locations.be\/nl\/#\/schema\/logo\/image\/\"}}]}<\/script>\n<!-- \/ Yoast SEO plugin. -->","yoast_head_json":{"title":"Canopy 5 x 5 m noir - Tonnelle en location | ML Locations","description":"Ce canopy de 5 x 5 m\u00e8tres est la tente id\u00e9ale pour vos r\u00e9ceptions, \u00e9v\u00e9nements ou stands! Cette Tonnelle solide et tr\u00e8s robuste est facile et rapide \u00e0 monter!","robots":{"index":"index","follow":"follow","max-snippet":"max-snippet:-1","max-image-preview":"max-image-preview:large","max-video-preview":"max-video-preview:-1"},"canonical":"https:\/\/ml-locations.be\/nl\/locations\/canopy-5-x-5-m-noir-tonnelle-en-location\/","og_locale":"nl_NL","og_type":"article","og_title":"Canopy 5 x 5 m noir - Tonnelle en location | ML Locations","og_description":"Ce canopy de 5 x 5 m\u00e8tres est la tente id\u00e9ale pour vos r\u00e9ceptions, \u00e9v\u00e9nements ou stands! Cette Tonnelle solide et tr\u00e8s robuste est facile et rapide \u00e0 monter!","og_url":"https:\/\/ml-locations.be\/nl\/locations\/canopy-5-x-5-m-noir-tonnelle-en-location\/","og_site_name":"ML Locations","article_modified_time":"2025-07-17T09:26:13+00:00","og_image":[{"width":860,"height":645,"url":"https:\/\/ml-locations.be\/wp-content\/uploads\/2021\/05\/partyspace-vouwtent-5x5-zijwanden.jpg","type":"image\/jpeg"}],"twitter_card":"summary_large_image","twitter_misc":{"Geschatte leestijd":"1 minuut"},"schema":{"@context":"https:\/\/schema.org","@graph":[{"@type":"WebPage","@id":"https:\/\/ml-locations.be\/nl\/locations\/canopy-5-x-5-m-noir-tonnelle-en-location\/","url":"https:\/\/ml-locations.be\/nl\/locations\/canopy-5-x-5-m-noir-tonnelle-en-location\/","name":"Canopy 5 x 5 m noir - Tonnelle en location | ML Locations","isPartOf":{"@id":"https:\/\/ml-locations.be\/nl\/#website"},"primaryImageOfPage":{"@id":"https:\/\/ml-locations.be\/nl\/locations\/canopy-5-x-5-m-noir-tonnelle-en-location\/#primaryimage"},"image":{"@id":"https:\/\/ml-locations.be\/nl\/locations\/canopy-5-x-5-m-noir-tonnelle-en-location\/#primaryimage"},"thumbnailUrl":"https:\/\/ml-locations.be\/wp-content\/uploads\/2021\/05\/partyspace-vouwtent-5x5-zijwanden.jpg","datePublished":"2021-05-07T03:59:47+00:00","dateModified":"2025-07-17T09:26:13+00:00","description":"Ce canopy de 5 x 5 m\u00e8tres est la tente id\u00e9ale pour vos r\u00e9ceptions, \u00e9v\u00e9nements ou stands! Cette Tonnelle solide et tr\u00e8s robuste est facile et rapide \u00e0 monter!","breadcrumb":{"@id":"https:\/\/ml-locations.be\/nl\/locations\/canopy-5-x-5-m-noir-tonnelle-en-location\/#breadcrumb"},"inLanguage":"nl-NL","potentialAction":[{"@type":"ReadAction","target":["https:\/\/ml-locations.be\/nl\/locations\/canopy-5-x-5-m-noir-tonnelle-en-location\/"]}]},{"@type":"ImageObject","inLanguage":"nl-NL","@id":"https:\/\/ml-locations.be\/nl\/locations\/canopy-5-x-5-m-noir-tonnelle-en-location\/#primaryimage","url":"https:\/\/ml-locations.be\/wp-content\/uploads\/2021\/05\/partyspace-vouwtent-5x5-zijwanden.jpg","contentUrl":"https:\/\/ml-locations.be\/wp-content\/uploads\/2021\/05\/partyspace-vouwtent-5x5-zijwanden.jpg","width":860,"height":645},{"@type":"BreadcrumbList","@id":"https:\/\/ml-locations.be\/nl\/locations\/canopy-5-x-5-m-noir-tonnelle-en-location\/#breadcrumb","itemListElement":[{"@type":"ListItem","position":1,"name":"Accueil","item":"https:\/\/ml-locations.be\/nl\/"},{"@type":"ListItem","position":2,"name":"Winkel","item":"https:\/\/ml-locations.be\/nl\/winkel\/"},{"@type":"ListItem","position":3,"name":"Canopy 5 x 5 m noir &#8211; Tonnelle en location"}]},{"@type":"WebSite","@id":"https:\/\/ml-locations.be\/nl\/#website","url":"https:\/\/ml-locations.be\/nl\/","name":"ML Locations","description":"Mat\u00e9riel \u00e9v\u00e9nementiel : location chaise, table et mange debout, mat\u00e9riel horeca, frigos,...","publisher":{"@id":"https:\/\/ml-locations.be\/nl\/#organization"},"potentialAction":[{"@type":"SearchAction","target":{"@type":"EntryPoint","urlTemplate":"https:\/\/ml-locations.be\/nl\/?s={search_term_string}"},"query-input":{"@type":"PropertyValueSpecification","valueRequired":true,"valueName":"search_term_string"}}],"inLanguage":"nl-NL"},{"@type":"Organization","@id":"https:\/\/ml-locations.be\/nl\/#organization","name":"ML Locations","url":"https:\/\/ml-locations.be\/nl\/","logo":{"@type":"ImageObject","inLanguage":"nl-NL","@id":"https:\/\/ml-locations.be\/nl\/#\/schema\/logo\/image\/","url":"https:\/\/ml-locations.be\/wp-content\/uploads\/2018\/05\/LOGO-location-BON.png","contentUrl":"https:\/\/ml-locations.be\/wp-content\/uploads\/2018\/05\/LOGO-location-BON.png","width":1200,"height":1200,"caption":"ML Locations"},"image":{"@id":"https:\/\/ml-locations.be\/nl\/#\/schema\/logo\/image\/"}}]}},"_links":{"self":[{"href":"https:\/\/ml-locations.be\/nl\/wp-json\/wp\/v2\/product\/1033995","targetHints":{"allow":["GET"]}}],"collection":[{"href":"https:\/\/ml-locations.be\/nl\/wp-json\/wp\/v2\/product"}],"about":[{"href":"https:\/\/ml-locations.be\/nl\/wp-json\/wp\/v2\/types\/product"}],"wp:featuredmedia":[{"embeddable":true,"href":"https:\/\/ml-locations.be\/nl\/wp-json\/wp\/v2\/media\/1033998"}],"wp:attachment":[{"href":"https:\/\/ml-locations.be\/nl\/wp-json\/wp\/v2\/media?parent=1033995"}],"wp:term":[{"taxonomy":"product_brand","embeddable":true,"href":"https:\/\/ml-locations.be\/nl\/wp-json\/wp\/v2\/product_brand?post=1033995"},{"taxonomy":"product_cat","embeddable":true,"href":"https:\/\/ml-locations.be\/nl\/wp-json\/wp\/v2\/product_cat?post=1033995"},{"taxonomy":"product_tag","embeddable":true,"href":"https:\/\/ml-locations.be\/nl\/wp-json\/wp\/v2\/product_tag?post=1033995"}],"curies":[{"name":"wp","href":"https:\/\/api.w.org\/{rel}","templated":true}]}}