{"id":1034002,"date":"2021-05-07T06:07:30","date_gmt":"2021-05-07T04:07:30","guid":{"rendered":"https:\/\/ml-locations.be\/?post_type=product&#038;p=1034002"},"modified":"2025-07-17T11:24:51","modified_gmt":"2025-07-17T09:24:51","slug":"poids-30kg-pour-canopy-lestage-tonnelle","status":"publish","type":"product","link":"https:\/\/ml-locations.be\/nl\/locations\/poids-30kg-pour-canopy-lestage-tonnelle\/","title":{"rendered":"Poids 30kg pour canopy ( lestage tonnelle )"},"content":{"rendered":"<p>Ce poids inoxydable en acier galvanis\u00e9 convient \u00e0 l&#8217;ancrage\u00a0<strong>des tentes pliantes de 3 x 6m, 4 x 4m, 4 x 6m, 4 x 8m et 5 x 5m<\/strong><strong>\u00a0<\/strong>en pla\u00e7ant\u00a0un poids autour de chaque pied de la structure. Le poids se compose de deux demis qu&#8217;il faut combiner autour du pied comme des pi\u00e8ces\u00a0de puzzle. Si vous placez 2 tonnelles l&#8217;une \u00e0 c\u00f4t\u00e9 de l&#8217;autre, vous pouvez utiliser un poids pour deux pieds juxtapos\u00e9s.<\/p>\n<p>Avantages:<\/p>\n<p>En raison de la faible hauteur de ce poids, les parois lat\u00e9rales peuvent \u00eatre fix\u00e9es sans entrave.<\/p>\n<p>Prend peu de place. Gr\u00e2ce aux 2 pi\u00e8ces, ce type de poids peut \u00eatre facilement transport\u00e9.<\/p>\n<p>Parfaitement empilable.<\/p>\n","protected":false},"excerpt":{"rendered":"<p>Poids de 30kg empilable en acier galvanis\u00e9<\/p>\n","protected":false},"featured_media":1034003,"template":"","meta":{"_acf_changed":false},"product_brand":[],"product_cat":[39],"product_tag":[],"class_list":{"0":"post-1034002","1":"product","2":"type-product","3":"status-publish","4":"has-post-thumbnail","6":"product_cat-tonnelles-et-canopys-a-louer","7":"description-off","9":"first","10":"instock","11":"taxable","12":"shipping-taxable","13":"purchasable","14":"product-type-simple"},"acf":[],"yoast_head":"<!-- This site is optimized with the Yoast SEO plugin v25.0 - https:\/\/yoast.com\/wordpress\/plugins\/seo\/ -->\n<title>Poids 30kg pour canopy ( lestage tonnelle ) | ML Locations<\/title>\n<meta name=\"description\" content=\"Ce poids inoxydable en acier galvanis\u00e9 convient \u00e0 l&#039;ancrage\u00a0des tentes pliantes de 3 x 6m, 4 x 4m, 4 x 6m, 4 x 8m et 5 x 5m\" \/>\n<meta name=\"robots\" content=\"index, follow, max-snippet:-1, max-image-preview:large, max-video-preview:-1\" \/>\n<link rel=\"canonical\" href=\"https:\/\/ml-locations.be\/nl\/locations\/poids-30kg-pour-canopy-lestage-tonnelle\/\" \/>\n<meta property=\"og:locale\" content=\"nl_NL\" \/>\n<meta property=\"og:type\" content=\"article\" \/>\n<meta property=\"og:title\" content=\"Poids 30kg pour canopy ( lestage tonnelle ) | ML Locations\" \/>\n<meta property=\"og:description\" content=\"Ce poids inoxydable en acier galvanis\u00e9 convient \u00e0 l&#039;ancrage\u00a0des tentes pliantes de 3 x 6m, 4 x 4m, 4 x 6m, 4 x 8m et 5 x 5m\" \/>\n<meta property=\"og:url\" content=\"https:\/\/ml-locations.be\/nl\/locations\/poids-30kg-pour-canopy-lestage-tonnelle\/\" \/>\n<meta property=\"og:site_name\" content=\"ML Locations\" \/>\n<meta property=\"article:modified_time\" content=\"2025-07-17T09:24:51+00:00\" \/>\n<meta property=\"og:image\" content=\"https:\/\/ml-locations.be\/wp-content\/uploads\/2021\/05\/ergonomische-handgreep-voor-gewicht-30kg.jpg\" \/>\n\t<meta property=\"og:image:width\" content=\"500\" \/>\n\t<meta property=\"og:image:height\" content=\"375\" \/>\n\t<meta property=\"og:image:type\" content=\"image\/jpeg\" \/>\n<meta name=\"twitter:card\" content=\"summary_large_image\" \/>\n<meta name=\"twitter:label1\" content=\"Geschatte leestijd\" \/>\n\t<meta name=\"twitter:data1\" content=\"1 minuut\" \/>\n<script type=\"application\/ld+json\" class=\"yoast-schema-graph\">{\"@context\":\"https:\/\/schema.org\",\"@graph\":[{\"@type\":\"WebPage\",\"@id\":\"https:\/\/ml-locations.be\/nl\/locations\/poids-30kg-pour-canopy-lestage-tonnelle\/\",\"url\":\"https:\/\/ml-locations.be\/nl\/locations\/poids-30kg-pour-canopy-lestage-tonnelle\/\",\"name\":\"Poids 30kg pour canopy ( lestage tonnelle ) | ML Locations\",\"isPartOf\":{\"@id\":\"https:\/\/ml-locations.be\/nl\/#website\"},\"primaryImageOfPage\":{\"@id\":\"https:\/\/ml-locations.be\/nl\/locations\/poids-30kg-pour-canopy-lestage-tonnelle\/#primaryimage\"},\"image\":{\"@id\":\"https:\/\/ml-locations.be\/nl\/locations\/poids-30kg-pour-canopy-lestage-tonnelle\/#primaryimage\"},\"thumbnailUrl\":\"https:\/\/ml-locations.be\/wp-content\/uploads\/2021\/05\/ergonomische-handgreep-voor-gewicht-30kg.jpg\",\"datePublished\":\"2021-05-07T04:07:30+00:00\",\"dateModified\":\"2025-07-17T09:24:51+00:00\",\"description\":\"Ce poids inoxydable en acier galvanis\u00e9 convient \u00e0 l'ancrage\u00a0des tentes pliantes de 3 x 6m, 4 x 4m, 4 x 6m, 4 x 8m et 5 x 5m\",\"breadcrumb\":{\"@id\":\"https:\/\/ml-locations.be\/nl\/locations\/poids-30kg-pour-canopy-lestage-tonnelle\/#breadcrumb\"},\"inLanguage\":\"nl-NL\",\"potentialAction\":[{\"@type\":\"ReadAction\",\"target\":[\"https:\/\/ml-locations.be\/nl\/locations\/poids-30kg-pour-canopy-lestage-tonnelle\/\"]}]},{\"@type\":\"ImageObject\",\"inLanguage\":\"nl-NL\",\"@id\":\"https:\/\/ml-locations.be\/nl\/locations\/poids-30kg-pour-canopy-lestage-tonnelle\/#primaryimage\",\"url\":\"https:\/\/ml-locations.be\/wp-content\/uploads\/2021\/05\/ergonomische-handgreep-voor-gewicht-30kg.jpg\",\"contentUrl\":\"https:\/\/ml-locations.be\/wp-content\/uploads\/2021\/05\/ergonomische-handgreep-voor-gewicht-30kg.jpg\",\"width\":500,\"height\":375},{\"@type\":\"BreadcrumbList\",\"@id\":\"https:\/\/ml-locations.be\/nl\/locations\/poids-30kg-pour-canopy-lestage-tonnelle\/#breadcrumb\",\"itemListElement\":[{\"@type\":\"ListItem\",\"position\":1,\"name\":\"Accueil\",\"item\":\"https:\/\/ml-locations.be\/nl\/\"},{\"@type\":\"ListItem\",\"position\":2,\"name\":\"Winkel\",\"item\":\"https:\/\/ml-locations.be\/nl\/winkel\/\"},{\"@type\":\"ListItem\",\"position\":3,\"name\":\"Poids 30kg pour canopy ( lestage tonnelle )\"}]},{\"@type\":\"WebSite\",\"@id\":\"https:\/\/ml-locations.be\/nl\/#website\",\"url\":\"https:\/\/ml-locations.be\/nl\/\",\"name\":\"ML Locations\",\"description\":\"Mat\u00e9riel \u00e9v\u00e9nementiel : location chaise, table et mange debout, mat\u00e9riel horeca, frigos,...\",\"publisher\":{\"@id\":\"https:\/\/ml-locations.be\/nl\/#organization\"},\"potentialAction\":[{\"@type\":\"SearchAction\",\"target\":{\"@type\":\"EntryPoint\",\"urlTemplate\":\"https:\/\/ml-locations.be\/nl\/?s={search_term_string}\"},\"query-input\":{\"@type\":\"PropertyValueSpecification\",\"valueRequired\":true,\"valueName\":\"search_term_string\"}}],\"inLanguage\":\"nl-NL\"},{\"@type\":\"Organization\",\"@id\":\"https:\/\/ml-locations.be\/nl\/#organization\",\"name\":\"ML Locations\",\"url\":\"https:\/\/ml-locations.be\/nl\/\",\"logo\":{\"@type\":\"ImageObject\",\"inLanguage\":\"nl-NL\",\"@id\":\"https:\/\/ml-locations.be\/nl\/#\/schema\/logo\/image\/\",\"url\":\"https:\/\/ml-locations.be\/wp-content\/uploads\/2018\/05\/LOGO-location-BON.png\",\"contentUrl\":\"https:\/\/ml-locations.be\/wp-content\/uploads\/2018\/05\/LOGO-location-BON.png\",\"width\":1200,\"height\":1200,\"caption\":\"ML Locations\"},\"image\":{\"@id\":\"https:\/\/ml-locations.be\/nl\/#\/schema\/logo\/image\/\"}}]}<\/script>\n<!-- \/ Yoast SEO plugin. -->","yoast_head_json":{"title":"Poids 30kg pour canopy ( lestage tonnelle ) | ML Locations","description":"Ce poids inoxydable en acier galvanis\u00e9 convient \u00e0 l'ancrage\u00a0des tentes pliantes de 3 x 6m, 4 x 4m, 4 x 6m, 4 x 8m et 5 x 5m","robots":{"index":"index","follow":"follow","max-snippet":"max-snippet:-1","max-image-preview":"max-image-preview:large","max-video-preview":"max-video-preview:-1"},"canonical":"https:\/\/ml-locations.be\/nl\/locations\/poids-30kg-pour-canopy-lestage-tonnelle\/","og_locale":"nl_NL","og_type":"article","og_title":"Poids 30kg pour canopy ( lestage tonnelle ) | ML Locations","og_description":"Ce poids inoxydable en acier galvanis\u00e9 convient \u00e0 l'ancrage\u00a0des tentes pliantes de 3 x 6m, 4 x 4m, 4 x 6m, 4 x 8m et 5 x 5m","og_url":"https:\/\/ml-locations.be\/nl\/locations\/poids-30kg-pour-canopy-lestage-tonnelle\/","og_site_name":"ML Locations","article_modified_time":"2025-07-17T09:24:51+00:00","og_image":[{"width":500,"height":375,"url":"https:\/\/ml-locations.be\/wp-content\/uploads\/2021\/05\/ergonomische-handgreep-voor-gewicht-30kg.jpg","type":"image\/jpeg"}],"twitter_card":"summary_large_image","twitter_misc":{"Geschatte leestijd":"1 minuut"},"schema":{"@context":"https:\/\/schema.org","@graph":[{"@type":"WebPage","@id":"https:\/\/ml-locations.be\/nl\/locations\/poids-30kg-pour-canopy-lestage-tonnelle\/","url":"https:\/\/ml-locations.be\/nl\/locations\/poids-30kg-pour-canopy-lestage-tonnelle\/","name":"Poids 30kg pour canopy ( lestage tonnelle ) | ML Locations","isPartOf":{"@id":"https:\/\/ml-locations.be\/nl\/#website"},"primaryImageOfPage":{"@id":"https:\/\/ml-locations.be\/nl\/locations\/poids-30kg-pour-canopy-lestage-tonnelle\/#primaryimage"},"image":{"@id":"https:\/\/ml-locations.be\/nl\/locations\/poids-30kg-pour-canopy-lestage-tonnelle\/#primaryimage"},"thumbnailUrl":"https:\/\/ml-locations.be\/wp-content\/uploads\/2021\/05\/ergonomische-handgreep-voor-gewicht-30kg.jpg","datePublished":"2021-05-07T04:07:30+00:00","dateModified":"2025-07-17T09:24:51+00:00","description":"Ce poids inoxydable en acier galvanis\u00e9 convient \u00e0 l'ancrage\u00a0des tentes pliantes de 3 x 6m, 4 x 4m, 4 x 6m, 4 x 8m et 5 x 5m","breadcrumb":{"@id":"https:\/\/ml-locations.be\/nl\/locations\/poids-30kg-pour-canopy-lestage-tonnelle\/#breadcrumb"},"inLanguage":"nl-NL","potentialAction":[{"@type":"ReadAction","target":["https:\/\/ml-locations.be\/nl\/locations\/poids-30kg-pour-canopy-lestage-tonnelle\/"]}]},{"@type":"ImageObject","inLanguage":"nl-NL","@id":"https:\/\/ml-locations.be\/nl\/locations\/poids-30kg-pour-canopy-lestage-tonnelle\/#primaryimage","url":"https:\/\/ml-locations.be\/wp-content\/uploads\/2021\/05\/ergonomische-handgreep-voor-gewicht-30kg.jpg","contentUrl":"https:\/\/ml-locations.be\/wp-content\/uploads\/2021\/05\/ergonomische-handgreep-voor-gewicht-30kg.jpg","width":500,"height":375},{"@type":"BreadcrumbList","@id":"https:\/\/ml-locations.be\/nl\/locations\/poids-30kg-pour-canopy-lestage-tonnelle\/#breadcrumb","itemListElement":[{"@type":"ListItem","position":1,"name":"Accueil","item":"https:\/\/ml-locations.be\/nl\/"},{"@type":"ListItem","position":2,"name":"Winkel","item":"https:\/\/ml-locations.be\/nl\/winkel\/"},{"@type":"ListItem","position":3,"name":"Poids 30kg pour canopy ( lestage tonnelle )"}]},{"@type":"WebSite","@id":"https:\/\/ml-locations.be\/nl\/#website","url":"https:\/\/ml-locations.be\/nl\/","name":"ML Locations","description":"Mat\u00e9riel \u00e9v\u00e9nementiel : location chaise, table et mange debout, mat\u00e9riel horeca, frigos,...","publisher":{"@id":"https:\/\/ml-locations.be\/nl\/#organization"},"potentialAction":[{"@type":"SearchAction","target":{"@type":"EntryPoint","urlTemplate":"https:\/\/ml-locations.be\/nl\/?s={search_term_string}"},"query-input":{"@type":"PropertyValueSpecification","valueRequired":true,"valueName":"search_term_string"}}],"inLanguage":"nl-NL"},{"@type":"Organization","@id":"https:\/\/ml-locations.be\/nl\/#organization","name":"ML Locations","url":"https:\/\/ml-locations.be\/nl\/","logo":{"@type":"ImageObject","inLanguage":"nl-NL","@id":"https:\/\/ml-locations.be\/nl\/#\/schema\/logo\/image\/","url":"https:\/\/ml-locations.be\/wp-content\/uploads\/2018\/05\/LOGO-location-BON.png","contentUrl":"https:\/\/ml-locations.be\/wp-content\/uploads\/2018\/05\/LOGO-location-BON.png","width":1200,"height":1200,"caption":"ML Locations"},"image":{"@id":"https:\/\/ml-locations.be\/nl\/#\/schema\/logo\/image\/"}}]}},"_links":{"self":[{"href":"https:\/\/ml-locations.be\/nl\/wp-json\/wp\/v2\/product\/1034002","targetHints":{"allow":["GET"]}}],"collection":[{"href":"https:\/\/ml-locations.be\/nl\/wp-json\/wp\/v2\/product"}],"about":[{"href":"https:\/\/ml-locations.be\/nl\/wp-json\/wp\/v2\/types\/product"}],"wp:featuredmedia":[{"embeddable":true,"href":"https:\/\/ml-locations.be\/nl\/wp-json\/wp\/v2\/media\/1034003"}],"wp:attachment":[{"href":"https:\/\/ml-locations.be\/nl\/wp-json\/wp\/v2\/media?parent=1034002"}],"wp:term":[{"taxonomy":"product_brand","embeddable":true,"href":"https:\/\/ml-locations.be\/nl\/wp-json\/wp\/v2\/product_brand?post=1034002"},{"taxonomy":"product_cat","embeddable":true,"href":"https:\/\/ml-locations.be\/nl\/wp-json\/wp\/v2\/product_cat?post=1034002"},{"taxonomy":"product_tag","embeddable":true,"href":"https:\/\/ml-locations.be\/nl\/wp-json\/wp\/v2\/product_tag?post=1034002"}],"curies":[{"name":"wp","href":"https:\/\/api.w.org\/{rel}","templated":true}]}}