{"id":1036766,"date":"2021-08-17T20:32:51","date_gmt":"2021-08-17T18:32:51","guid":{"rendered":"https:\/\/ml-locations.be\/?post_type=product&#038;p=1036766"},"modified":"2025-07-17T11:23:08","modified_gmt":"2025-07-17T09:23:08","slug":"tente-etoile-starshade-16m-couleur-taupe","status":"publish","type":"product","link":"https:\/\/ml-locations.be\/nl\/locations\/tente-etoile-starshade-16m-couleur-taupe\/","title":{"rendered":"Tente \u00e9toile &#8220;Starshade&#8221; 16m couleur taupe"},"content":{"rendered":"<p>Cette <strong>tente de r\u00e9ception en forme d\u2019\u00e9toile<\/strong> est une superbe alternative \u00e0 la traditionnelle <strong>tonnelle<\/strong>. Elle remplacera avec style et originalit\u00e9 un <strong>petit chapiteau<\/strong> ou un <a href=\"https:\/\/ml-locations.be\/location\/chapiteau-tente-de-reception-louer\/\/tonnelles-et-canopys-a-louer\">canopy en location<\/a>! En effet, cette tente a la forme d\u2019une \u00e9toile \u00e0 six branches. Donc, si vous souhaitez impressionner vos invit\u00e9s et proposer une alternative originale aux traditionnels chapiteaux ou canopys, n\u2019h\u00e9sitez plus ! Cette <strong>tente de r\u00e9ception originale<\/strong> ravira vos convives.<\/p>\n<p>Les dimensions de cette <strong>tente \u00e9toile en location<\/strong> sont tr\u00e8s avantageuses : son diam\u00e8tre de 16 m\u00e8tres et sa hauteur maximale de 5 m\u00e8tres offre un large espace couvert pour cr\u00e9er un bar ou un endroit o\u00f9 abriter vos visiteurs lors de vos \u00e9v\u00e9nements et r\u00e9ception. De plus, la tente \u00e9toile, aussi appel\u00e9e tente \u201cStar\u201d ou \u201cStarshade\u201d permet d\u2019accueillir 90 \u00e0 105 personnes debout. Mais vous pouvez \u00e9galement y placer des bancs ou des chaises. Dans ce cas, ce petit chapiteau en forme d\u2019\u00e9toile permet de placer 60 \u00e0 75 personnes assises.<\/p>\n<p>Le montage de cette <strong>tente \u00e9toile en location<\/strong> se r\u00e9alise tr\u00e8s simplement et en environ 20 minutes par notre \u00e9quipe.<\/p>\n<p>La tente \u00e9toile est arrim\u00e9e fermement au sol \u00e0 l\u2019extr\u00e9mit\u00e9 de chaque branche de l\u2019\u00e9toile et maintenue en l\u2019air par un pieu en aluminium robuste de 5 m de hauteur. Par cons\u00e9quent, l\u2019encombrement sous la toile est limit\u00e9 et vous profitez d\u2019une espace maximum sous votre tente de r\u00e9ception !<\/p>\n<p>Vous \u00eates d\u00e9cid\u00e9 et vous souhaitez <strong>louer une tente \u00e9toile <\/strong>? Vous avez encore des questions ? Alors, n\u2019h\u00e9sitez pas \u00e0 nous contacter !<\/p>\n<p>D\u00e9couvrez aussi notre <a href=\"https:\/\/ml-locations.be\/locations\/location-tente-etoile-starshade-12m\/\">tente \u00e9toile Starshade 12 m<\/a> !<\/p>\n<h2>Caract\u00e9ristiques et dimensions de la tente \u00e9toile \u201cStarshade\u201d en location :<\/h2>\n<ul>\n<li>Couleur de la tente : taupe<\/li>\n<li>Dimensions de la tente \u00e9toile \u00ab Starshade \u00bb : 16 m diam\u00e8tres<\/li>\n<li>Hauteur de la tente \u00e9toile : 5 m<\/li>\n<li>Hauteur sur les c\u00f4t\u00e9s de la tente : 2.2 m (voir sch\u00e9ma de la tente dans les photos)<\/li>\n<li>Largeur maximale de la tente \u00e9toile : 16 m (voir sch\u00e9ma de la tente dans les photos)<\/li>\n<li>Mati\u00e8re structure tente \u00e9toile : Aluminium<\/li>\n<li>Diam\u00e8tre des tubes : 75 mm \u00d8<\/li>\n<li>\u00c9paisseur des parois des tubes : 3 mm<\/li>\n<li>Mat\u00e9riel de la toile de la tente \u00e9toile : Polyester<\/li>\n<li>Grammage du tissu : 270 g\/m\u00b2<\/li>\n<li>Quantit\u00e9 maximale de personnes debout : 75<\/li>\n<li>Quantit\u00e9 maximale des personnes assisses : 60 \u00e0 75<\/li>\n<li>Poids : 72 kg<\/li>\n<\/ul>\n<p>&nbsp;<\/p>\n<p>&nbsp;<\/p>\n<p>&nbsp;<\/p>\n","protected":false},"excerpt":{"rendered":"<p><strong>Tente \u00e9toile en location, mod\u00e8le \u201cStarshade\u201d, couleur taupe :<\/strong> 16m de diam\u00e8tre,<\/p>\n<p>Capacit\u00e9 de personnes debout : 90<\/p>\n<p>capacit\u00e9 de personnes assises: 60<\/p>\n<p>Temps de montage: 20 minutes<\/p>\n","protected":false},"featured_media":1036783,"template":"","meta":{"_acf_changed":false},"product_brand":[],"product_cat":[37,39],"product_tag":[],"class_list":{"0":"post-1036766","1":"product","2":"type-product","3":"status-publish","4":"has-post-thumbnail","6":"product_cat-chapiteau-tente-de-reception-louer","7":"product_cat-tonnelles-et-canopys-a-louer","8":"description-off","10":"first","11":"instock","12":"taxable","13":"shipping-taxable","14":"purchasable","15":"product-type-simple"},"acf":[],"yoast_head":"<!-- This site is optimized with the Yoast SEO plugin v25.0 - https:\/\/yoast.com\/wordpress\/plugins\/seo\/ -->\n<title>Tente \u00e9toile &quot;Starshade&quot; 16m couleur taupe | ML Locations<\/title>\n<meta name=\"robots\" content=\"index, follow, max-snippet:-1, max-image-preview:large, max-video-preview:-1\" \/>\n<link rel=\"canonical\" href=\"https:\/\/ml-locations.be\/nl\/locations\/tente-etoile-starshade-16m-couleur-taupe\/\" \/>\n<meta property=\"og:locale\" content=\"nl_NL\" \/>\n<meta property=\"og:type\" content=\"article\" \/>\n<meta property=\"og:title\" content=\"Tente \u00e9toile &quot;Starshade&quot; 16m couleur taupe | ML Locations\" \/>\n<meta property=\"og:description\" content=\"Tente \u00e9toile en location, mod\u00e8le \u201cStarshade\u201d, couleur taupe : 16m de diam\u00e8tre,  Capacit\u00e9 de personnes debout : 90  capacit\u00e9 de personnes assises: 60  Temps de montage: 20 minutes\" \/>\n<meta property=\"og:url\" content=\"https:\/\/ml-locations.be\/nl\/locations\/tente-etoile-starshade-16m-couleur-taupe\/\" \/>\n<meta property=\"og:site_name\" content=\"ML Locations\" \/>\n<meta property=\"article:modified_time\" content=\"2025-07-17T09:23:08+00:00\" \/>\n<meta property=\"og:image\" content=\"https:\/\/ml-locations.be\/wp-content\/uploads\/2021\/08\/IMG_1367.jpg\" \/>\n\t<meta property=\"og:image:width\" content=\"1000\" \/>\n\t<meta property=\"og:image:height\" content=\"750\" \/>\n\t<meta property=\"og:image:type\" content=\"image\/jpeg\" \/>\n<meta name=\"twitter:card\" content=\"summary_large_image\" \/>\n<meta name=\"twitter:label1\" content=\"Geschatte leestijd\" \/>\n\t<meta name=\"twitter:data1\" content=\"3 minuten\" \/>\n<script type=\"application\/ld+json\" class=\"yoast-schema-graph\">{\"@context\":\"https:\/\/schema.org\",\"@graph\":[{\"@type\":\"WebPage\",\"@id\":\"https:\/\/ml-locations.be\/nl\/locations\/tente-etoile-starshade-16m-couleur-taupe\/\",\"url\":\"https:\/\/ml-locations.be\/nl\/locations\/tente-etoile-starshade-16m-couleur-taupe\/\",\"name\":\"Tente \u00e9toile \\\"Starshade\\\" 16m couleur taupe | ML Locations\",\"isPartOf\":{\"@id\":\"https:\/\/ml-locations.be\/nl\/#website\"},\"primaryImageOfPage\":{\"@id\":\"https:\/\/ml-locations.be\/nl\/locations\/tente-etoile-starshade-16m-couleur-taupe\/#primaryimage\"},\"image\":{\"@id\":\"https:\/\/ml-locations.be\/nl\/locations\/tente-etoile-starshade-16m-couleur-taupe\/#primaryimage\"},\"thumbnailUrl\":\"https:\/\/ml-locations.be\/wp-content\/uploads\/2021\/08\/IMG_1367.jpg\",\"datePublished\":\"2021-08-17T18:32:51+00:00\",\"dateModified\":\"2025-07-17T09:23:08+00:00\",\"breadcrumb\":{\"@id\":\"https:\/\/ml-locations.be\/nl\/locations\/tente-etoile-starshade-16m-couleur-taupe\/#breadcrumb\"},\"inLanguage\":\"nl-NL\",\"potentialAction\":[{\"@type\":\"ReadAction\",\"target\":[\"https:\/\/ml-locations.be\/nl\/locations\/tente-etoile-starshade-16m-couleur-taupe\/\"]}]},{\"@type\":\"ImageObject\",\"inLanguage\":\"nl-NL\",\"@id\":\"https:\/\/ml-locations.be\/nl\/locations\/tente-etoile-starshade-16m-couleur-taupe\/#primaryimage\",\"url\":\"https:\/\/ml-locations.be\/wp-content\/uploads\/2021\/08\/IMG_1367.jpg\",\"contentUrl\":\"https:\/\/ml-locations.be\/wp-content\/uploads\/2021\/08\/IMG_1367.jpg\",\"width\":1000,\"height\":750},{\"@type\":\"BreadcrumbList\",\"@id\":\"https:\/\/ml-locations.be\/nl\/locations\/tente-etoile-starshade-16m-couleur-taupe\/#breadcrumb\",\"itemListElement\":[{\"@type\":\"ListItem\",\"position\":1,\"name\":\"Accueil\",\"item\":\"https:\/\/ml-locations.be\/nl\/\"},{\"@type\":\"ListItem\",\"position\":2,\"name\":\"Winkel\",\"item\":\"https:\/\/ml-locations.be\/nl\/winkel\/\"},{\"@type\":\"ListItem\",\"position\":3,\"name\":\"Tente \u00e9toile &#8220;Starshade&#8221; 16m couleur taupe\"}]},{\"@type\":\"WebSite\",\"@id\":\"https:\/\/ml-locations.be\/nl\/#website\",\"url\":\"https:\/\/ml-locations.be\/nl\/\",\"name\":\"ML Locations\",\"description\":\"Mat\u00e9riel \u00e9v\u00e9nementiel : location chaise, table et mange debout, mat\u00e9riel horeca, frigos,...\",\"publisher\":{\"@id\":\"https:\/\/ml-locations.be\/nl\/#organization\"},\"potentialAction\":[{\"@type\":\"SearchAction\",\"target\":{\"@type\":\"EntryPoint\",\"urlTemplate\":\"https:\/\/ml-locations.be\/nl\/?s={search_term_string}\"},\"query-input\":{\"@type\":\"PropertyValueSpecification\",\"valueRequired\":true,\"valueName\":\"search_term_string\"}}],\"inLanguage\":\"nl-NL\"},{\"@type\":\"Organization\",\"@id\":\"https:\/\/ml-locations.be\/nl\/#organization\",\"name\":\"ML Locations\",\"url\":\"https:\/\/ml-locations.be\/nl\/\",\"logo\":{\"@type\":\"ImageObject\",\"inLanguage\":\"nl-NL\",\"@id\":\"https:\/\/ml-locations.be\/nl\/#\/schema\/logo\/image\/\",\"url\":\"https:\/\/ml-locations.be\/wp-content\/uploads\/2018\/05\/LOGO-location-BON.png\",\"contentUrl\":\"https:\/\/ml-locations.be\/wp-content\/uploads\/2018\/05\/LOGO-location-BON.png\",\"width\":1200,\"height\":1200,\"caption\":\"ML Locations\"},\"image\":{\"@id\":\"https:\/\/ml-locations.be\/nl\/#\/schema\/logo\/image\/\"}}]}<\/script>\n<!-- \/ Yoast SEO plugin. -->","yoast_head_json":{"title":"Tente \u00e9toile \"Starshade\" 16m couleur taupe | ML Locations","robots":{"index":"index","follow":"follow","max-snippet":"max-snippet:-1","max-image-preview":"max-image-preview:large","max-video-preview":"max-video-preview:-1"},"canonical":"https:\/\/ml-locations.be\/nl\/locations\/tente-etoile-starshade-16m-couleur-taupe\/","og_locale":"nl_NL","og_type":"article","og_title":"Tente \u00e9toile \"Starshade\" 16m couleur taupe | ML Locations","og_description":"Tente \u00e9toile en location, mod\u00e8le \u201cStarshade\u201d, couleur taupe : 16m de diam\u00e8tre,  Capacit\u00e9 de personnes debout : 90  capacit\u00e9 de personnes assises: 60  Temps de montage: 20 minutes","og_url":"https:\/\/ml-locations.be\/nl\/locations\/tente-etoile-starshade-16m-couleur-taupe\/","og_site_name":"ML Locations","article_modified_time":"2025-07-17T09:23:08+00:00","og_image":[{"width":1000,"height":750,"url":"https:\/\/ml-locations.be\/wp-content\/uploads\/2021\/08\/IMG_1367.jpg","type":"image\/jpeg"}],"twitter_card":"summary_large_image","twitter_misc":{"Geschatte leestijd":"3 minuten"},"schema":{"@context":"https:\/\/schema.org","@graph":[{"@type":"WebPage","@id":"https:\/\/ml-locations.be\/nl\/locations\/tente-etoile-starshade-16m-couleur-taupe\/","url":"https:\/\/ml-locations.be\/nl\/locations\/tente-etoile-starshade-16m-couleur-taupe\/","name":"Tente \u00e9toile \"Starshade\" 16m couleur taupe | ML Locations","isPartOf":{"@id":"https:\/\/ml-locations.be\/nl\/#website"},"primaryImageOfPage":{"@id":"https:\/\/ml-locations.be\/nl\/locations\/tente-etoile-starshade-16m-couleur-taupe\/#primaryimage"},"image":{"@id":"https:\/\/ml-locations.be\/nl\/locations\/tente-etoile-starshade-16m-couleur-taupe\/#primaryimage"},"thumbnailUrl":"https:\/\/ml-locations.be\/wp-content\/uploads\/2021\/08\/IMG_1367.jpg","datePublished":"2021-08-17T18:32:51+00:00","dateModified":"2025-07-17T09:23:08+00:00","breadcrumb":{"@id":"https:\/\/ml-locations.be\/nl\/locations\/tente-etoile-starshade-16m-couleur-taupe\/#breadcrumb"},"inLanguage":"nl-NL","potentialAction":[{"@type":"ReadAction","target":["https:\/\/ml-locations.be\/nl\/locations\/tente-etoile-starshade-16m-couleur-taupe\/"]}]},{"@type":"ImageObject","inLanguage":"nl-NL","@id":"https:\/\/ml-locations.be\/nl\/locations\/tente-etoile-starshade-16m-couleur-taupe\/#primaryimage","url":"https:\/\/ml-locations.be\/wp-content\/uploads\/2021\/08\/IMG_1367.jpg","contentUrl":"https:\/\/ml-locations.be\/wp-content\/uploads\/2021\/08\/IMG_1367.jpg","width":1000,"height":750},{"@type":"BreadcrumbList","@id":"https:\/\/ml-locations.be\/nl\/locations\/tente-etoile-starshade-16m-couleur-taupe\/#breadcrumb","itemListElement":[{"@type":"ListItem","position":1,"name":"Accueil","item":"https:\/\/ml-locations.be\/nl\/"},{"@type":"ListItem","position":2,"name":"Winkel","item":"https:\/\/ml-locations.be\/nl\/winkel\/"},{"@type":"ListItem","position":3,"name":"Tente \u00e9toile &#8220;Starshade&#8221; 16m couleur taupe"}]},{"@type":"WebSite","@id":"https:\/\/ml-locations.be\/nl\/#website","url":"https:\/\/ml-locations.be\/nl\/","name":"ML Locations","description":"Mat\u00e9riel \u00e9v\u00e9nementiel : location chaise, table et mange debout, mat\u00e9riel horeca, frigos,...","publisher":{"@id":"https:\/\/ml-locations.be\/nl\/#organization"},"potentialAction":[{"@type":"SearchAction","target":{"@type":"EntryPoint","urlTemplate":"https:\/\/ml-locations.be\/nl\/?s={search_term_string}"},"query-input":{"@type":"PropertyValueSpecification","valueRequired":true,"valueName":"search_term_string"}}],"inLanguage":"nl-NL"},{"@type":"Organization","@id":"https:\/\/ml-locations.be\/nl\/#organization","name":"ML Locations","url":"https:\/\/ml-locations.be\/nl\/","logo":{"@type":"ImageObject","inLanguage":"nl-NL","@id":"https:\/\/ml-locations.be\/nl\/#\/schema\/logo\/image\/","url":"https:\/\/ml-locations.be\/wp-content\/uploads\/2018\/05\/LOGO-location-BON.png","contentUrl":"https:\/\/ml-locations.be\/wp-content\/uploads\/2018\/05\/LOGO-location-BON.png","width":1200,"height":1200,"caption":"ML Locations"},"image":{"@id":"https:\/\/ml-locations.be\/nl\/#\/schema\/logo\/image\/"}}]}},"_links":{"self":[{"href":"https:\/\/ml-locations.be\/nl\/wp-json\/wp\/v2\/product\/1036766","targetHints":{"allow":["GET"]}}],"collection":[{"href":"https:\/\/ml-locations.be\/nl\/wp-json\/wp\/v2\/product"}],"about":[{"href":"https:\/\/ml-locations.be\/nl\/wp-json\/wp\/v2\/types\/product"}],"wp:featuredmedia":[{"embeddable":true,"href":"https:\/\/ml-locations.be\/nl\/wp-json\/wp\/v2\/media\/1036783"}],"wp:attachment":[{"href":"https:\/\/ml-locations.be\/nl\/wp-json\/wp\/v2\/media?parent=1036766"}],"wp:term":[{"taxonomy":"product_brand","embeddable":true,"href":"https:\/\/ml-locations.be\/nl\/wp-json\/wp\/v2\/product_brand?post=1036766"},{"taxonomy":"product_cat","embeddable":true,"href":"https:\/\/ml-locations.be\/nl\/wp-json\/wp\/v2\/product_cat?post=1036766"},{"taxonomy":"product_tag","embeddable":true,"href":"https:\/\/ml-locations.be\/nl\/wp-json\/wp\/v2\/product_tag?post=1036766"}],"curies":[{"name":"wp","href":"https:\/\/api.w.org\/{rel}","templated":true}]}}