{"id":1036785,"date":"2021-08-17T20:51:56","date_gmt":"2021-08-17T18:51:56","guid":{"rendered":"https:\/\/ml-locations.be\/?post_type=product&#038;p=1036785"},"modified":"2025-07-17T11:39:42","modified_gmt":"2025-07-17T09:39:42","slug":"lave-vaisselle-professionnel","status":"publish","type":"product","link":"https:\/\/ml-locations.be\/nl\/locations\/lave-vaisselle-professionnel\/","title":{"rendered":"Lave Vaisselle professionnel"},"content":{"rendered":"<p>Ce Lave-vaisselle professionnel\u00a0\u00a0vous permet de gagner du temps lorsque vous souhaitez <strong>nettoyer votre vaisselle rapidement<\/strong> gr\u00e2ce \u00e0 ses <strong>deux programmes de lavages<\/strong>. Capable de nettoyer jusqu&#8217;\u00e0 <strong>360 assiettes par heure<\/strong> gr\u00e2ce \u00e0 son programme de 180 secondes, ce lave-vaisselle professionnel convient parfaitement pour une utilisation intensive.<\/p>\n<p class=\"h6\">Dimensions : largeur 60cm, profondeur 62cm, hauteur 82cm<\/p>\n<p>Tension :230v<\/p>\n<p>Dimensions des paniers : 50cmx50cm<\/p>\n<dl class=\"data-sheet\"><\/dl>\n<dl class=\"data-sheet\">\n<dd class=\"value\"><\/dd>\n<\/dl>\n","protected":false},"excerpt":{"rendered":"<p>Ce lave-vaisselle professionnel conviendra parfaitement pour vos \u00e9v\u00e9nements!<\/p>\n","protected":false},"featured_media":1036788,"template":"","meta":{"_acf_changed":false},"product_brand":[],"product_cat":[29,34,31],"product_tag":[],"class_list":{"0":"post-1036785","1":"product","2":"type-product","3":"status-publish","4":"has-post-thumbnail","6":"product_cat-materiel-horeca-en-location","7":"product_cat-location-materiel-cuisine-et-buffet","8":"product_cat-proprete-et-securite","9":"description-off","11":"first","12":"instock","13":"taxable","14":"shipping-taxable","15":"purchasable","16":"product-type-simple"},"acf":[],"yoast_head":"<!-- This site is optimized with the Yoast SEO plugin v25.0 - https:\/\/yoast.com\/wordpress\/plugins\/seo\/ -->\n<title>Lave Vaisselle professionnel | ML Locations<\/title>\n<meta name=\"description\" content=\"Ce Lave-vaisselle professionnel\u00a0\u00a0vous permet de gagner du temps lorsque vous souhaitez nettoyer votre vaisselle rapidement gr\u00e2ce \u00e0 ses deux programmes de lavages. Capable de nettoyer jusqu&#039;\u00e0 360 assiettes par heure gr\u00e2ce \u00e0 son programme de 180 secondes, ce lave-vaisselle professionnel convient parfaitement pour une utilisation intensive.\" \/>\n<meta name=\"robots\" content=\"index, follow, max-snippet:-1, max-image-preview:large, max-video-preview:-1\" \/>\n<link rel=\"canonical\" href=\"https:\/\/ml-locations.be\/nl\/locations\/lave-vaisselle-professionnel\/\" \/>\n<meta property=\"og:locale\" content=\"nl_NL\" \/>\n<meta property=\"og:type\" content=\"article\" \/>\n<meta property=\"og:title\" content=\"Lave Vaisselle professionnel | ML Locations\" \/>\n<meta property=\"og:description\" content=\"Ce Lave-vaisselle professionnel\u00a0\u00a0vous permet de gagner du temps lorsque vous souhaitez nettoyer votre vaisselle rapidement gr\u00e2ce \u00e0 ses deux programmes de lavages. Capable de nettoyer jusqu&#039;\u00e0 360 assiettes par heure gr\u00e2ce \u00e0 son programme de 180 secondes, ce lave-vaisselle professionnel convient parfaitement pour une utilisation intensive.\" \/>\n<meta property=\"og:url\" content=\"https:\/\/ml-locations.be\/nl\/locations\/lave-vaisselle-professionnel\/\" \/>\n<meta property=\"og:site_name\" content=\"ML Locations\" \/>\n<meta property=\"article:modified_time\" content=\"2025-07-17T09:39:42+00:00\" \/>\n<meta property=\"og:image\" content=\"https:\/\/ml-locations.be\/wp-content\/uploads\/2021\/08\/Capture-decran-2021-08-17-a-20.37.01.jpg\" \/>\n\t<meta property=\"og:image:width\" content=\"422\" \/>\n\t<meta property=\"og:image:height\" content=\"660\" \/>\n\t<meta property=\"og:image:type\" content=\"image\/jpeg\" \/>\n<meta name=\"twitter:card\" content=\"summary_large_image\" \/>\n<meta name=\"twitter:label1\" content=\"Geschatte leestijd\" \/>\n\t<meta name=\"twitter:data1\" content=\"1 minuut\" \/>\n<script type=\"application\/ld+json\" class=\"yoast-schema-graph\">{\"@context\":\"https:\/\/schema.org\",\"@graph\":[{\"@type\":\"WebPage\",\"@id\":\"https:\/\/ml-locations.be\/nl\/locations\/lave-vaisselle-professionnel\/\",\"url\":\"https:\/\/ml-locations.be\/nl\/locations\/lave-vaisselle-professionnel\/\",\"name\":\"Lave Vaisselle professionnel | ML Locations\",\"isPartOf\":{\"@id\":\"https:\/\/ml-locations.be\/nl\/#website\"},\"primaryImageOfPage\":{\"@id\":\"https:\/\/ml-locations.be\/nl\/locations\/lave-vaisselle-professionnel\/#primaryimage\"},\"image\":{\"@id\":\"https:\/\/ml-locations.be\/nl\/locations\/lave-vaisselle-professionnel\/#primaryimage\"},\"thumbnailUrl\":\"https:\/\/ml-locations.be\/wp-content\/uploads\/2021\/08\/Capture-decran-2021-08-17-a-20.37.01.jpg\",\"datePublished\":\"2021-08-17T18:51:56+00:00\",\"dateModified\":\"2025-07-17T09:39:42+00:00\",\"description\":\"Ce Lave-vaisselle professionnel\u00a0\u00a0vous permet de gagner du temps lorsque vous souhaitez nettoyer votre vaisselle rapidement gr\u00e2ce \u00e0 ses deux programmes de lavages. Capable de nettoyer jusqu'\u00e0 360 assiettes par heure gr\u00e2ce \u00e0 son programme de 180 secondes, ce lave-vaisselle professionnel convient parfaitement pour une utilisation intensive.\",\"breadcrumb\":{\"@id\":\"https:\/\/ml-locations.be\/nl\/locations\/lave-vaisselle-professionnel\/#breadcrumb\"},\"inLanguage\":\"nl-NL\",\"potentialAction\":[{\"@type\":\"ReadAction\",\"target\":[\"https:\/\/ml-locations.be\/nl\/locations\/lave-vaisselle-professionnel\/\"]}]},{\"@type\":\"ImageObject\",\"inLanguage\":\"nl-NL\",\"@id\":\"https:\/\/ml-locations.be\/nl\/locations\/lave-vaisselle-professionnel\/#primaryimage\",\"url\":\"https:\/\/ml-locations.be\/wp-content\/uploads\/2021\/08\/Capture-decran-2021-08-17-a-20.37.01.jpg\",\"contentUrl\":\"https:\/\/ml-locations.be\/wp-content\/uploads\/2021\/08\/Capture-decran-2021-08-17-a-20.37.01.jpg\",\"width\":422,\"height\":660},{\"@type\":\"BreadcrumbList\",\"@id\":\"https:\/\/ml-locations.be\/nl\/locations\/lave-vaisselle-professionnel\/#breadcrumb\",\"itemListElement\":[{\"@type\":\"ListItem\",\"position\":1,\"name\":\"Accueil\",\"item\":\"https:\/\/ml-locations.be\/nl\/\"},{\"@type\":\"ListItem\",\"position\":2,\"name\":\"Winkel\",\"item\":\"https:\/\/ml-locations.be\/nl\/winkel\/\"},{\"@type\":\"ListItem\",\"position\":3,\"name\":\"Lave Vaisselle professionnel\"}]},{\"@type\":\"WebSite\",\"@id\":\"https:\/\/ml-locations.be\/nl\/#website\",\"url\":\"https:\/\/ml-locations.be\/nl\/\",\"name\":\"ML Locations\",\"description\":\"Mat\u00e9riel \u00e9v\u00e9nementiel : location chaise, table et mange debout, mat\u00e9riel horeca, frigos,...\",\"publisher\":{\"@id\":\"https:\/\/ml-locations.be\/nl\/#organization\"},\"potentialAction\":[{\"@type\":\"SearchAction\",\"target\":{\"@type\":\"EntryPoint\",\"urlTemplate\":\"https:\/\/ml-locations.be\/nl\/?s={search_term_string}\"},\"query-input\":{\"@type\":\"PropertyValueSpecification\",\"valueRequired\":true,\"valueName\":\"search_term_string\"}}],\"inLanguage\":\"nl-NL\"},{\"@type\":\"Organization\",\"@id\":\"https:\/\/ml-locations.be\/nl\/#organization\",\"name\":\"ML Locations\",\"url\":\"https:\/\/ml-locations.be\/nl\/\",\"logo\":{\"@type\":\"ImageObject\",\"inLanguage\":\"nl-NL\",\"@id\":\"https:\/\/ml-locations.be\/nl\/#\/schema\/logo\/image\/\",\"url\":\"https:\/\/ml-locations.be\/wp-content\/uploads\/2018\/05\/LOGO-location-BON.png\",\"contentUrl\":\"https:\/\/ml-locations.be\/wp-content\/uploads\/2018\/05\/LOGO-location-BON.png\",\"width\":1200,\"height\":1200,\"caption\":\"ML Locations\"},\"image\":{\"@id\":\"https:\/\/ml-locations.be\/nl\/#\/schema\/logo\/image\/\"}}]}<\/script>\n<!-- \/ Yoast SEO plugin. -->","yoast_head_json":{"title":"Lave Vaisselle professionnel | ML Locations","description":"Ce Lave-vaisselle professionnel\u00a0\u00a0vous permet de gagner du temps lorsque vous souhaitez nettoyer votre vaisselle rapidement gr\u00e2ce \u00e0 ses deux programmes de lavages. Capable de nettoyer jusqu'\u00e0 360 assiettes par heure gr\u00e2ce \u00e0 son programme de 180 secondes, ce lave-vaisselle professionnel convient parfaitement pour une utilisation intensive.","robots":{"index":"index","follow":"follow","max-snippet":"max-snippet:-1","max-image-preview":"max-image-preview:large","max-video-preview":"max-video-preview:-1"},"canonical":"https:\/\/ml-locations.be\/nl\/locations\/lave-vaisselle-professionnel\/","og_locale":"nl_NL","og_type":"article","og_title":"Lave Vaisselle professionnel | ML Locations","og_description":"Ce Lave-vaisselle professionnel\u00a0\u00a0vous permet de gagner du temps lorsque vous souhaitez nettoyer votre vaisselle rapidement gr\u00e2ce \u00e0 ses deux programmes de lavages. Capable de nettoyer jusqu'\u00e0 360 assiettes par heure gr\u00e2ce \u00e0 son programme de 180 secondes, ce lave-vaisselle professionnel convient parfaitement pour une utilisation intensive.","og_url":"https:\/\/ml-locations.be\/nl\/locations\/lave-vaisselle-professionnel\/","og_site_name":"ML Locations","article_modified_time":"2025-07-17T09:39:42+00:00","og_image":[{"width":422,"height":660,"url":"https:\/\/ml-locations.be\/wp-content\/uploads\/2021\/08\/Capture-decran-2021-08-17-a-20.37.01.jpg","type":"image\/jpeg"}],"twitter_card":"summary_large_image","twitter_misc":{"Geschatte leestijd":"1 minuut"},"schema":{"@context":"https:\/\/schema.org","@graph":[{"@type":"WebPage","@id":"https:\/\/ml-locations.be\/nl\/locations\/lave-vaisselle-professionnel\/","url":"https:\/\/ml-locations.be\/nl\/locations\/lave-vaisselle-professionnel\/","name":"Lave Vaisselle professionnel | ML Locations","isPartOf":{"@id":"https:\/\/ml-locations.be\/nl\/#website"},"primaryImageOfPage":{"@id":"https:\/\/ml-locations.be\/nl\/locations\/lave-vaisselle-professionnel\/#primaryimage"},"image":{"@id":"https:\/\/ml-locations.be\/nl\/locations\/lave-vaisselle-professionnel\/#primaryimage"},"thumbnailUrl":"https:\/\/ml-locations.be\/wp-content\/uploads\/2021\/08\/Capture-decran-2021-08-17-a-20.37.01.jpg","datePublished":"2021-08-17T18:51:56+00:00","dateModified":"2025-07-17T09:39:42+00:00","description":"Ce Lave-vaisselle professionnel\u00a0\u00a0vous permet de gagner du temps lorsque vous souhaitez nettoyer votre vaisselle rapidement gr\u00e2ce \u00e0 ses deux programmes de lavages. Capable de nettoyer jusqu'\u00e0 360 assiettes par heure gr\u00e2ce \u00e0 son programme de 180 secondes, ce lave-vaisselle professionnel convient parfaitement pour une utilisation intensive.","breadcrumb":{"@id":"https:\/\/ml-locations.be\/nl\/locations\/lave-vaisselle-professionnel\/#breadcrumb"},"inLanguage":"nl-NL","potentialAction":[{"@type":"ReadAction","target":["https:\/\/ml-locations.be\/nl\/locations\/lave-vaisselle-professionnel\/"]}]},{"@type":"ImageObject","inLanguage":"nl-NL","@id":"https:\/\/ml-locations.be\/nl\/locations\/lave-vaisselle-professionnel\/#primaryimage","url":"https:\/\/ml-locations.be\/wp-content\/uploads\/2021\/08\/Capture-decran-2021-08-17-a-20.37.01.jpg","contentUrl":"https:\/\/ml-locations.be\/wp-content\/uploads\/2021\/08\/Capture-decran-2021-08-17-a-20.37.01.jpg","width":422,"height":660},{"@type":"BreadcrumbList","@id":"https:\/\/ml-locations.be\/nl\/locations\/lave-vaisselle-professionnel\/#breadcrumb","itemListElement":[{"@type":"ListItem","position":1,"name":"Accueil","item":"https:\/\/ml-locations.be\/nl\/"},{"@type":"ListItem","position":2,"name":"Winkel","item":"https:\/\/ml-locations.be\/nl\/winkel\/"},{"@type":"ListItem","position":3,"name":"Lave Vaisselle professionnel"}]},{"@type":"WebSite","@id":"https:\/\/ml-locations.be\/nl\/#website","url":"https:\/\/ml-locations.be\/nl\/","name":"ML Locations","description":"Mat\u00e9riel \u00e9v\u00e9nementiel : location chaise, table et mange debout, mat\u00e9riel horeca, frigos,...","publisher":{"@id":"https:\/\/ml-locations.be\/nl\/#organization"},"potentialAction":[{"@type":"SearchAction","target":{"@type":"EntryPoint","urlTemplate":"https:\/\/ml-locations.be\/nl\/?s={search_term_string}"},"query-input":{"@type":"PropertyValueSpecification","valueRequired":true,"valueName":"search_term_string"}}],"inLanguage":"nl-NL"},{"@type":"Organization","@id":"https:\/\/ml-locations.be\/nl\/#organization","name":"ML Locations","url":"https:\/\/ml-locations.be\/nl\/","logo":{"@type":"ImageObject","inLanguage":"nl-NL","@id":"https:\/\/ml-locations.be\/nl\/#\/schema\/logo\/image\/","url":"https:\/\/ml-locations.be\/wp-content\/uploads\/2018\/05\/LOGO-location-BON.png","contentUrl":"https:\/\/ml-locations.be\/wp-content\/uploads\/2018\/05\/LOGO-location-BON.png","width":1200,"height":1200,"caption":"ML Locations"},"image":{"@id":"https:\/\/ml-locations.be\/nl\/#\/schema\/logo\/image\/"}}]}},"_links":{"self":[{"href":"https:\/\/ml-locations.be\/nl\/wp-json\/wp\/v2\/product\/1036785","targetHints":{"allow":["GET"]}}],"collection":[{"href":"https:\/\/ml-locations.be\/nl\/wp-json\/wp\/v2\/product"}],"about":[{"href":"https:\/\/ml-locations.be\/nl\/wp-json\/wp\/v2\/types\/product"}],"wp:featuredmedia":[{"embeddable":true,"href":"https:\/\/ml-locations.be\/nl\/wp-json\/wp\/v2\/media\/1036788"}],"wp:attachment":[{"href":"https:\/\/ml-locations.be\/nl\/wp-json\/wp\/v2\/media?parent=1036785"}],"wp:term":[{"taxonomy":"product_brand","embeddable":true,"href":"https:\/\/ml-locations.be\/nl\/wp-json\/wp\/v2\/product_brand?post=1036785"},{"taxonomy":"product_cat","embeddable":true,"href":"https:\/\/ml-locations.be\/nl\/wp-json\/wp\/v2\/product_cat?post=1036785"},{"taxonomy":"product_tag","embeddable":true,"href":"https:\/\/ml-locations.be\/nl\/wp-json\/wp\/v2\/product_tag?post=1036785"}],"curies":[{"name":"wp","href":"https:\/\/api.w.org\/{rel}","templated":true}]}}