{"id":1040727,"date":"2022-02-23T15:08:17","date_gmt":"2022-02-23T14:08:17","guid":{"rendered":"https:\/\/ml-locations.be\/?post_type=product&#038;p=1040727"},"modified":"2022-02-23T15:08:18","modified_gmt":"2022-02-23T14:08:18","slug":"armoire-frigo-600-l","status":"publish","type":"product","link":"https:\/\/ml-locations.be\/nl\/locations\/armoire-frigo-600-l\/","title":{"rendered":"ARMOIRE FRIGO 600 L"},"content":{"rendered":"<p>Cette grande <strong>chambre froide<\/strong> en location dispose d&#8217;un volume de 600 Litres. Ce <strong>grand frigo<\/strong> professionnel est parfait pour am\u00e9nager les cuisines sur \u00e9v\u00e9nements!<\/p>\n<p>Cette armoire frigo positive est parfaite pour le stockage de vos produits alimentaires en <strong>banquets.<\/strong><\/p>\n<p>Ce <strong>grand frigo \u00e0 louer<\/strong> est mont\u00e9 sur roulettes, ce qui permet son d\u00e9placement ais\u00e9.<\/p>\n<p>La plage de temp\u00e9rature de ce grand frigo est de +2\u00b0 \u00e0 +8\u00b0 avec froid ventil\u00e9, cette armoire frigo dispose d&#8217;un \u00e9clairage et d&#8217;un \u00e9vaporateur int\u00e9rieur.<\/p>\n<p>Caract\u00e9ristiques techniques de cette <strong>chambre froide<\/strong> :<\/p>\n<p>Hauteur : 210cm<\/p>\n<p>Largeur : 68cm<\/p>\n<p>Profondeur : 81cm<\/p>\n<p>Poids : 125kg<\/p>\n<p>Alimentation: 230V mono<\/p>\n","protected":false},"excerpt":{"rendered":"<p>Frigo \u00e0 louer, ce gros frigo \u00e0 louer est parfait pour maintenir vos aliments au frais durant vos \u00e9v\u00e9nements<\/p>\n","protected":false},"featured_media":1040728,"template":"","meta":{"_acf_changed":false},"product_brand":[],"product_cat":[30],"product_tag":[],"class_list":{"0":"post-1040727","1":"product","2":"type-product","3":"status-publish","4":"has-post-thumbnail","6":"product_cat-frigos-et-congelateurs-en-location","7":"description-off","9":"first","10":"instock","11":"taxable","12":"shipping-taxable","13":"purchasable","14":"product-type-simple"},"acf":[],"yoast_head":"<!-- This site is optimized with the Yoast SEO plugin v25.0 - https:\/\/yoast.com\/wordpress\/plugins\/seo\/ -->\n<title>ARMOIRE FRIGO 600 L | ML Locations<\/title>\n<meta name=\"description\" content=\"Frigo \u00e0 louer, ce gros frigo \u00e0 louer est parfait pour maintenir vos aliments au frais durant vos \u00e9v\u00e9nements\" \/>\n<meta name=\"robots\" content=\"index, follow, max-snippet:-1, max-image-preview:large, max-video-preview:-1\" \/>\n<link rel=\"canonical\" href=\"https:\/\/ml-locations.be\/nl\/locations\/armoire-frigo-600-l\/\" \/>\n<meta property=\"og:locale\" content=\"nl_NL\" \/>\n<meta property=\"og:type\" content=\"article\" \/>\n<meta property=\"og:title\" content=\"ARMOIRE FRIGO 600 L | ML Locations\" \/>\n<meta property=\"og:description\" content=\"Frigo \u00e0 louer, ce gros frigo \u00e0 louer est parfait pour maintenir vos aliments au frais durant vos \u00e9v\u00e9nements\" \/>\n<meta property=\"og:url\" content=\"https:\/\/ml-locations.be\/nl\/locations\/armoire-frigo-600-l\/\" \/>\n<meta property=\"og:site_name\" content=\"ML Locations\" \/>\n<meta property=\"article:modified_time\" content=\"2022-02-23T14:08:18+00:00\" \/>\n<meta property=\"og:image\" content=\"https:\/\/ml-locations.be\/wp-content\/uploads\/2022\/02\/armoire-frigo-600-litres-aaf6p.jpg\" \/>\n\t<meta property=\"og:image:width\" content=\"540\" \/>\n\t<meta property=\"og:image:height\" content=\"540\" \/>\n\t<meta property=\"og:image:type\" content=\"image\/jpeg\" \/>\n<meta name=\"twitter:card\" content=\"summary_large_image\" \/>\n<meta name=\"twitter:label1\" content=\"Geschatte leestijd\" \/>\n\t<meta name=\"twitter:data1\" content=\"1 minuut\" \/>\n<script type=\"application\/ld+json\" class=\"yoast-schema-graph\">{\"@context\":\"https:\/\/schema.org\",\"@graph\":[{\"@type\":\"WebPage\",\"@id\":\"https:\/\/ml-locations.be\/nl\/locations\/armoire-frigo-600-l\/\",\"url\":\"https:\/\/ml-locations.be\/nl\/locations\/armoire-frigo-600-l\/\",\"name\":\"ARMOIRE FRIGO 600 L | ML Locations\",\"isPartOf\":{\"@id\":\"https:\/\/ml-locations.be\/nl\/#website\"},\"primaryImageOfPage\":{\"@id\":\"https:\/\/ml-locations.be\/nl\/locations\/armoire-frigo-600-l\/#primaryimage\"},\"image\":{\"@id\":\"https:\/\/ml-locations.be\/nl\/locations\/armoire-frigo-600-l\/#primaryimage\"},\"thumbnailUrl\":\"https:\/\/ml-locations.be\/wp-content\/uploads\/2022\/02\/armoire-frigo-600-litres-aaf6p.jpg\",\"datePublished\":\"2022-02-23T14:08:17+00:00\",\"dateModified\":\"2022-02-23T14:08:18+00:00\",\"description\":\"Frigo \u00e0 louer, ce gros frigo \u00e0 louer est parfait pour maintenir vos aliments au frais durant vos \u00e9v\u00e9nements\",\"breadcrumb\":{\"@id\":\"https:\/\/ml-locations.be\/nl\/locations\/armoire-frigo-600-l\/#breadcrumb\"},\"inLanguage\":\"nl-NL\",\"potentialAction\":[{\"@type\":\"ReadAction\",\"target\":[\"https:\/\/ml-locations.be\/nl\/locations\/armoire-frigo-600-l\/\"]}]},{\"@type\":\"ImageObject\",\"inLanguage\":\"nl-NL\",\"@id\":\"https:\/\/ml-locations.be\/nl\/locations\/armoire-frigo-600-l\/#primaryimage\",\"url\":\"https:\/\/ml-locations.be\/wp-content\/uploads\/2022\/02\/armoire-frigo-600-litres-aaf6p.jpg\",\"contentUrl\":\"https:\/\/ml-locations.be\/wp-content\/uploads\/2022\/02\/armoire-frigo-600-litres-aaf6p.jpg\",\"width\":540,\"height\":540},{\"@type\":\"BreadcrumbList\",\"@id\":\"https:\/\/ml-locations.be\/nl\/locations\/armoire-frigo-600-l\/#breadcrumb\",\"itemListElement\":[{\"@type\":\"ListItem\",\"position\":1,\"name\":\"Accueil\",\"item\":\"https:\/\/ml-locations.be\/nl\/\"},{\"@type\":\"ListItem\",\"position\":2,\"name\":\"Winkel\",\"item\":\"https:\/\/ml-locations.be\/nl\/winkel\/\"},{\"@type\":\"ListItem\",\"position\":3,\"name\":\"ARMOIRE FRIGO 600 L\"}]},{\"@type\":\"WebSite\",\"@id\":\"https:\/\/ml-locations.be\/nl\/#website\",\"url\":\"https:\/\/ml-locations.be\/nl\/\",\"name\":\"ML Locations\",\"description\":\"Mat\u00e9riel \u00e9v\u00e9nementiel : location chaise, table et mange debout, mat\u00e9riel horeca, frigos,...\",\"publisher\":{\"@id\":\"https:\/\/ml-locations.be\/nl\/#organization\"},\"potentialAction\":[{\"@type\":\"SearchAction\",\"target\":{\"@type\":\"EntryPoint\",\"urlTemplate\":\"https:\/\/ml-locations.be\/nl\/?s={search_term_string}\"},\"query-input\":{\"@type\":\"PropertyValueSpecification\",\"valueRequired\":true,\"valueName\":\"search_term_string\"}}],\"inLanguage\":\"nl-NL\"},{\"@type\":\"Organization\",\"@id\":\"https:\/\/ml-locations.be\/nl\/#organization\",\"name\":\"ML Locations\",\"url\":\"https:\/\/ml-locations.be\/nl\/\",\"logo\":{\"@type\":\"ImageObject\",\"inLanguage\":\"nl-NL\",\"@id\":\"https:\/\/ml-locations.be\/nl\/#\/schema\/logo\/image\/\",\"url\":\"https:\/\/ml-locations.be\/wp-content\/uploads\/2018\/05\/LOGO-location-BON.png\",\"contentUrl\":\"https:\/\/ml-locations.be\/wp-content\/uploads\/2018\/05\/LOGO-location-BON.png\",\"width\":1200,\"height\":1200,\"caption\":\"ML Locations\"},\"image\":{\"@id\":\"https:\/\/ml-locations.be\/nl\/#\/schema\/logo\/image\/\"}}]}<\/script>\n<!-- \/ Yoast SEO plugin. -->","yoast_head_json":{"title":"ARMOIRE FRIGO 600 L | ML Locations","description":"Frigo \u00e0 louer, ce gros frigo \u00e0 louer est parfait pour maintenir vos aliments au frais durant vos \u00e9v\u00e9nements","robots":{"index":"index","follow":"follow","max-snippet":"max-snippet:-1","max-image-preview":"max-image-preview:large","max-video-preview":"max-video-preview:-1"},"canonical":"https:\/\/ml-locations.be\/nl\/locations\/armoire-frigo-600-l\/","og_locale":"nl_NL","og_type":"article","og_title":"ARMOIRE FRIGO 600 L | ML Locations","og_description":"Frigo \u00e0 louer, ce gros frigo \u00e0 louer est parfait pour maintenir vos aliments au frais durant vos \u00e9v\u00e9nements","og_url":"https:\/\/ml-locations.be\/nl\/locations\/armoire-frigo-600-l\/","og_site_name":"ML Locations","article_modified_time":"2022-02-23T14:08:18+00:00","og_image":[{"width":540,"height":540,"url":"https:\/\/ml-locations.be\/wp-content\/uploads\/2022\/02\/armoire-frigo-600-litres-aaf6p.jpg","type":"image\/jpeg"}],"twitter_card":"summary_large_image","twitter_misc":{"Geschatte leestijd":"1 minuut"},"schema":{"@context":"https:\/\/schema.org","@graph":[{"@type":"WebPage","@id":"https:\/\/ml-locations.be\/nl\/locations\/armoire-frigo-600-l\/","url":"https:\/\/ml-locations.be\/nl\/locations\/armoire-frigo-600-l\/","name":"ARMOIRE FRIGO 600 L | ML Locations","isPartOf":{"@id":"https:\/\/ml-locations.be\/nl\/#website"},"primaryImageOfPage":{"@id":"https:\/\/ml-locations.be\/nl\/locations\/armoire-frigo-600-l\/#primaryimage"},"image":{"@id":"https:\/\/ml-locations.be\/nl\/locations\/armoire-frigo-600-l\/#primaryimage"},"thumbnailUrl":"https:\/\/ml-locations.be\/wp-content\/uploads\/2022\/02\/armoire-frigo-600-litres-aaf6p.jpg","datePublished":"2022-02-23T14:08:17+00:00","dateModified":"2022-02-23T14:08:18+00:00","description":"Frigo \u00e0 louer, ce gros frigo \u00e0 louer est parfait pour maintenir vos aliments au frais durant vos \u00e9v\u00e9nements","breadcrumb":{"@id":"https:\/\/ml-locations.be\/nl\/locations\/armoire-frigo-600-l\/#breadcrumb"},"inLanguage":"nl-NL","potentialAction":[{"@type":"ReadAction","target":["https:\/\/ml-locations.be\/nl\/locations\/armoire-frigo-600-l\/"]}]},{"@type":"ImageObject","inLanguage":"nl-NL","@id":"https:\/\/ml-locations.be\/nl\/locations\/armoire-frigo-600-l\/#primaryimage","url":"https:\/\/ml-locations.be\/wp-content\/uploads\/2022\/02\/armoire-frigo-600-litres-aaf6p.jpg","contentUrl":"https:\/\/ml-locations.be\/wp-content\/uploads\/2022\/02\/armoire-frigo-600-litres-aaf6p.jpg","width":540,"height":540},{"@type":"BreadcrumbList","@id":"https:\/\/ml-locations.be\/nl\/locations\/armoire-frigo-600-l\/#breadcrumb","itemListElement":[{"@type":"ListItem","position":1,"name":"Accueil","item":"https:\/\/ml-locations.be\/nl\/"},{"@type":"ListItem","position":2,"name":"Winkel","item":"https:\/\/ml-locations.be\/nl\/winkel\/"},{"@type":"ListItem","position":3,"name":"ARMOIRE FRIGO 600 L"}]},{"@type":"WebSite","@id":"https:\/\/ml-locations.be\/nl\/#website","url":"https:\/\/ml-locations.be\/nl\/","name":"ML Locations","description":"Mat\u00e9riel \u00e9v\u00e9nementiel : location chaise, table et mange debout, mat\u00e9riel horeca, frigos,...","publisher":{"@id":"https:\/\/ml-locations.be\/nl\/#organization"},"potentialAction":[{"@type":"SearchAction","target":{"@type":"EntryPoint","urlTemplate":"https:\/\/ml-locations.be\/nl\/?s={search_term_string}"},"query-input":{"@type":"PropertyValueSpecification","valueRequired":true,"valueName":"search_term_string"}}],"inLanguage":"nl-NL"},{"@type":"Organization","@id":"https:\/\/ml-locations.be\/nl\/#organization","name":"ML Locations","url":"https:\/\/ml-locations.be\/nl\/","logo":{"@type":"ImageObject","inLanguage":"nl-NL","@id":"https:\/\/ml-locations.be\/nl\/#\/schema\/logo\/image\/","url":"https:\/\/ml-locations.be\/wp-content\/uploads\/2018\/05\/LOGO-location-BON.png","contentUrl":"https:\/\/ml-locations.be\/wp-content\/uploads\/2018\/05\/LOGO-location-BON.png","width":1200,"height":1200,"caption":"ML Locations"},"image":{"@id":"https:\/\/ml-locations.be\/nl\/#\/schema\/logo\/image\/"}}]}},"_links":{"self":[{"href":"https:\/\/ml-locations.be\/nl\/wp-json\/wp\/v2\/product\/1040727","targetHints":{"allow":["GET"]}}],"collection":[{"href":"https:\/\/ml-locations.be\/nl\/wp-json\/wp\/v2\/product"}],"about":[{"href":"https:\/\/ml-locations.be\/nl\/wp-json\/wp\/v2\/types\/product"}],"wp:featuredmedia":[{"embeddable":true,"href":"https:\/\/ml-locations.be\/nl\/wp-json\/wp\/v2\/media\/1040728"}],"wp:attachment":[{"href":"https:\/\/ml-locations.be\/nl\/wp-json\/wp\/v2\/media?parent=1040727"}],"wp:term":[{"taxonomy":"product_brand","embeddable":true,"href":"https:\/\/ml-locations.be\/nl\/wp-json\/wp\/v2\/product_brand?post=1040727"},{"taxonomy":"product_cat","embeddable":true,"href":"https:\/\/ml-locations.be\/nl\/wp-json\/wp\/v2\/product_cat?post=1040727"},{"taxonomy":"product_tag","embeddable":true,"href":"https:\/\/ml-locations.be\/nl\/wp-json\/wp\/v2\/product_tag?post=1040727"}],"curies":[{"name":"wp","href":"https:\/\/api.w.org\/{rel}","templated":true}]}}