{"id":1040935,"date":"2022-03-07T18:36:15","date_gmt":"2022-03-07T17:36:15","guid":{"rendered":"https:\/\/ml-locations.be\/?post_type=product&#038;p=1040935"},"modified":"2026-04-27T15:34:26","modified_gmt":"2026-04-27T13:34:26","slug":"chaise-en-bois-naturel-cross","status":"publish","type":"product","link":"https:\/\/ml-locations.be\/nl\/locations\/chaise-en-bois-naturel-cross\/","title":{"rendered":"Chaise en bois naturel CROSS"},"content":{"rendered":"<p>Ces chaises en bois naturel c\u00e9rus\u00e9 en location sont parfaites pour vos mariages, vos \u00e9v\u00e9nements ou autres f\u00eates!<\/p>\n<p>Cette chaise est tr\u00e8s appr\u00e9ci\u00e9e pour son \u00e9l\u00e9gance et son look champ\u00eatre, elle conviendra pour tous vos banquets dans des tentes stretch ou vieille ferme,&#8230;<\/p>\n<p>Ces chaises confortables en location sont empilables pour faciliter le transport<\/p>\n<p>Pour plus de confort, vous pouvez ajouter un coussin de couleur ivoire<\/p>\n<p>Dimensions:<\/p>\n<p>largeur 46cm<\/p>\n<p>profondeur 40cm<\/p>\n<p>hauteur 89,5cm<\/p>\n<p>hauteur de l&#8217;assise 47cm<\/p>\n","protected":false},"excerpt":{"rendered":"<p><strong>Location de chaises pour mariages et \u00e9v\u00e9nements.<\/strong> Chaise en bois naturel c\u00e9rus\u00e9, chaise en location pour vos banquets et \u00e9v\u00e9nements. Cette chaise empilable est ultra confortable et parfaite pour les mariages et \u00e9v\u00e9nements champ\u00eatres.<\/p>\n","protected":false},"featured_media":1040936,"template":"","meta":{"_acf_changed":false},"product_brand":[],"product_cat":[12],"product_tag":[],"class_list":{"0":"post-1040935","1":"product","2":"type-product","3":"status-publish","4":"has-post-thumbnail","6":"product_cat-location-chaises-tabourets","7":"description-off","9":"first","10":"instock","11":"taxable","12":"shipping-taxable","13":"purchasable","14":"product-type-variable"},"acf":[],"yoast_head":"<!-- This site is optimized with the Yoast SEO plugin v25.0 - https:\/\/yoast.com\/wordpress\/plugins\/seo\/ -->\n<title>Chaise en bois naturel CROSS | ML Locations<\/title>\n<meta name=\"description\" content=\"Chaise en bois naturel c\u00e9rus\u00e9, chaise en location pour vos banquets et \u00e9v\u00e9nements. Cette chaise empilable est ultra confortable et parfaite pour les mariages et \u00e9v\u00e9nements champ\u00eatres.\" \/>\n<meta name=\"robots\" content=\"index, follow, max-snippet:-1, max-image-preview:large, max-video-preview:-1\" \/>\n<link rel=\"canonical\" href=\"https:\/\/ml-locations.be\/nl\/locations\/chaise-en-bois-naturel-cross\/\" \/>\n<meta property=\"og:locale\" content=\"nl_NL\" \/>\n<meta property=\"og:type\" content=\"article\" \/>\n<meta property=\"og:title\" content=\"Chaise en bois naturel CROSS | ML Locations\" \/>\n<meta property=\"og:description\" content=\"Chaise en bois naturel c\u00e9rus\u00e9, chaise en location pour vos banquets et \u00e9v\u00e9nements. Cette chaise empilable est ultra confortable et parfaite pour les mariages et \u00e9v\u00e9nements champ\u00eatres.\" \/>\n<meta property=\"og:url\" content=\"https:\/\/ml-locations.be\/nl\/locations\/chaise-en-bois-naturel-cross\/\" \/>\n<meta property=\"og:site_name\" content=\"ML Locations\" \/>\n<meta property=\"article:modified_time\" content=\"2026-04-27T13:34:26+00:00\" \/>\n<meta property=\"og:image\" content=\"https:\/\/ml-locations.be\/wp-content\/uploads\/2022\/03\/image001.jpg\" \/>\n\t<meta property=\"og:image:width\" content=\"279\" \/>\n\t<meta property=\"og:image:height\" content=\"452\" \/>\n\t<meta property=\"og:image:type\" content=\"image\/jpeg\" \/>\n<meta name=\"twitter:card\" content=\"summary_large_image\" \/>\n<meta name=\"twitter:label1\" content=\"Geschatte leestijd\" \/>\n\t<meta name=\"twitter:data1\" content=\"1 minuut\" \/>\n<script type=\"application\/ld+json\" class=\"yoast-schema-graph\">{\"@context\":\"https:\/\/schema.org\",\"@graph\":[{\"@type\":\"WebPage\",\"@id\":\"https:\/\/ml-locations.be\/nl\/locations\/chaise-en-bois-naturel-cross\/\",\"url\":\"https:\/\/ml-locations.be\/nl\/locations\/chaise-en-bois-naturel-cross\/\",\"name\":\"Chaise en bois naturel CROSS | ML Locations\",\"isPartOf\":{\"@id\":\"https:\/\/ml-locations.be\/nl\/#website\"},\"primaryImageOfPage\":{\"@id\":\"https:\/\/ml-locations.be\/nl\/locations\/chaise-en-bois-naturel-cross\/#primaryimage\"},\"image\":{\"@id\":\"https:\/\/ml-locations.be\/nl\/locations\/chaise-en-bois-naturel-cross\/#primaryimage\"},\"thumbnailUrl\":\"https:\/\/ml-locations.be\/wp-content\/uploads\/2022\/03\/image001.jpg\",\"datePublished\":\"2022-03-07T17:36:15+00:00\",\"dateModified\":\"2026-04-27T13:34:26+00:00\",\"description\":\"Chaise en bois naturel c\u00e9rus\u00e9, chaise en location pour vos banquets et \u00e9v\u00e9nements. Cette chaise empilable est ultra confortable et parfaite pour les mariages et \u00e9v\u00e9nements champ\u00eatres.\",\"breadcrumb\":{\"@id\":\"https:\/\/ml-locations.be\/nl\/locations\/chaise-en-bois-naturel-cross\/#breadcrumb\"},\"inLanguage\":\"nl-NL\",\"potentialAction\":[{\"@type\":\"ReadAction\",\"target\":[\"https:\/\/ml-locations.be\/nl\/locations\/chaise-en-bois-naturel-cross\/\"]}]},{\"@type\":\"ImageObject\",\"inLanguage\":\"nl-NL\",\"@id\":\"https:\/\/ml-locations.be\/nl\/locations\/chaise-en-bois-naturel-cross\/#primaryimage\",\"url\":\"https:\/\/ml-locations.be\/wp-content\/uploads\/2022\/03\/image001.jpg\",\"contentUrl\":\"https:\/\/ml-locations.be\/wp-content\/uploads\/2022\/03\/image001.jpg\",\"width\":279,\"height\":452},{\"@type\":\"BreadcrumbList\",\"@id\":\"https:\/\/ml-locations.be\/nl\/locations\/chaise-en-bois-naturel-cross\/#breadcrumb\",\"itemListElement\":[{\"@type\":\"ListItem\",\"position\":1,\"name\":\"Accueil\",\"item\":\"https:\/\/ml-locations.be\/nl\/\"},{\"@type\":\"ListItem\",\"position\":2,\"name\":\"Winkel\",\"item\":\"https:\/\/ml-locations.be\/nl\/winkel\/\"},{\"@type\":\"ListItem\",\"position\":3,\"name\":\"Chaise en bois naturel CROSS\"}]},{\"@type\":\"WebSite\",\"@id\":\"https:\/\/ml-locations.be\/nl\/#website\",\"url\":\"https:\/\/ml-locations.be\/nl\/\",\"name\":\"ML Locations\",\"description\":\"Mat\u00e9riel \u00e9v\u00e9nementiel : location chaise, table et mange debout, mat\u00e9riel horeca, frigos,...\",\"publisher\":{\"@id\":\"https:\/\/ml-locations.be\/nl\/#organization\"},\"potentialAction\":[{\"@type\":\"SearchAction\",\"target\":{\"@type\":\"EntryPoint\",\"urlTemplate\":\"https:\/\/ml-locations.be\/nl\/?s={search_term_string}\"},\"query-input\":{\"@type\":\"PropertyValueSpecification\",\"valueRequired\":true,\"valueName\":\"search_term_string\"}}],\"inLanguage\":\"nl-NL\"},{\"@type\":\"Organization\",\"@id\":\"https:\/\/ml-locations.be\/nl\/#organization\",\"name\":\"ML Locations\",\"url\":\"https:\/\/ml-locations.be\/nl\/\",\"logo\":{\"@type\":\"ImageObject\",\"inLanguage\":\"nl-NL\",\"@id\":\"https:\/\/ml-locations.be\/nl\/#\/schema\/logo\/image\/\",\"url\":\"https:\/\/ml-locations.be\/wp-content\/uploads\/2018\/05\/LOGO-location-BON.png\",\"contentUrl\":\"https:\/\/ml-locations.be\/wp-content\/uploads\/2018\/05\/LOGO-location-BON.png\",\"width\":1200,\"height\":1200,\"caption\":\"ML Locations\"},\"image\":{\"@id\":\"https:\/\/ml-locations.be\/nl\/#\/schema\/logo\/image\/\"}}]}<\/script>\n<!-- \/ Yoast SEO plugin. -->","yoast_head_json":{"title":"Chaise en bois naturel CROSS | ML Locations","description":"Chaise en bois naturel c\u00e9rus\u00e9, chaise en location pour vos banquets et \u00e9v\u00e9nements. Cette chaise empilable est ultra confortable et parfaite pour les mariages et \u00e9v\u00e9nements champ\u00eatres.","robots":{"index":"index","follow":"follow","max-snippet":"max-snippet:-1","max-image-preview":"max-image-preview:large","max-video-preview":"max-video-preview:-1"},"canonical":"https:\/\/ml-locations.be\/nl\/locations\/chaise-en-bois-naturel-cross\/","og_locale":"nl_NL","og_type":"article","og_title":"Chaise en bois naturel CROSS | ML Locations","og_description":"Chaise en bois naturel c\u00e9rus\u00e9, chaise en location pour vos banquets et \u00e9v\u00e9nements. Cette chaise empilable est ultra confortable et parfaite pour les mariages et \u00e9v\u00e9nements champ\u00eatres.","og_url":"https:\/\/ml-locations.be\/nl\/locations\/chaise-en-bois-naturel-cross\/","og_site_name":"ML Locations","article_modified_time":"2026-04-27T13:34:26+00:00","og_image":[{"width":279,"height":452,"url":"https:\/\/ml-locations.be\/wp-content\/uploads\/2022\/03\/image001.jpg","type":"image\/jpeg"}],"twitter_card":"summary_large_image","twitter_misc":{"Geschatte leestijd":"1 minuut"},"schema":{"@context":"https:\/\/schema.org","@graph":[{"@type":"WebPage","@id":"https:\/\/ml-locations.be\/nl\/locations\/chaise-en-bois-naturel-cross\/","url":"https:\/\/ml-locations.be\/nl\/locations\/chaise-en-bois-naturel-cross\/","name":"Chaise en bois naturel CROSS | ML Locations","isPartOf":{"@id":"https:\/\/ml-locations.be\/nl\/#website"},"primaryImageOfPage":{"@id":"https:\/\/ml-locations.be\/nl\/locations\/chaise-en-bois-naturel-cross\/#primaryimage"},"image":{"@id":"https:\/\/ml-locations.be\/nl\/locations\/chaise-en-bois-naturel-cross\/#primaryimage"},"thumbnailUrl":"https:\/\/ml-locations.be\/wp-content\/uploads\/2022\/03\/image001.jpg","datePublished":"2022-03-07T17:36:15+00:00","dateModified":"2026-04-27T13:34:26+00:00","description":"Chaise en bois naturel c\u00e9rus\u00e9, chaise en location pour vos banquets et \u00e9v\u00e9nements. Cette chaise empilable est ultra confortable et parfaite pour les mariages et \u00e9v\u00e9nements champ\u00eatres.","breadcrumb":{"@id":"https:\/\/ml-locations.be\/nl\/locations\/chaise-en-bois-naturel-cross\/#breadcrumb"},"inLanguage":"nl-NL","potentialAction":[{"@type":"ReadAction","target":["https:\/\/ml-locations.be\/nl\/locations\/chaise-en-bois-naturel-cross\/"]}]},{"@type":"ImageObject","inLanguage":"nl-NL","@id":"https:\/\/ml-locations.be\/nl\/locations\/chaise-en-bois-naturel-cross\/#primaryimage","url":"https:\/\/ml-locations.be\/wp-content\/uploads\/2022\/03\/image001.jpg","contentUrl":"https:\/\/ml-locations.be\/wp-content\/uploads\/2022\/03\/image001.jpg","width":279,"height":452},{"@type":"BreadcrumbList","@id":"https:\/\/ml-locations.be\/nl\/locations\/chaise-en-bois-naturel-cross\/#breadcrumb","itemListElement":[{"@type":"ListItem","position":1,"name":"Accueil","item":"https:\/\/ml-locations.be\/nl\/"},{"@type":"ListItem","position":2,"name":"Winkel","item":"https:\/\/ml-locations.be\/nl\/winkel\/"},{"@type":"ListItem","position":3,"name":"Chaise en bois naturel CROSS"}]},{"@type":"WebSite","@id":"https:\/\/ml-locations.be\/nl\/#website","url":"https:\/\/ml-locations.be\/nl\/","name":"ML Locations","description":"Mat\u00e9riel \u00e9v\u00e9nementiel : location chaise, table et mange debout, mat\u00e9riel horeca, frigos,...","publisher":{"@id":"https:\/\/ml-locations.be\/nl\/#organization"},"potentialAction":[{"@type":"SearchAction","target":{"@type":"EntryPoint","urlTemplate":"https:\/\/ml-locations.be\/nl\/?s={search_term_string}"},"query-input":{"@type":"PropertyValueSpecification","valueRequired":true,"valueName":"search_term_string"}}],"inLanguage":"nl-NL"},{"@type":"Organization","@id":"https:\/\/ml-locations.be\/nl\/#organization","name":"ML Locations","url":"https:\/\/ml-locations.be\/nl\/","logo":{"@type":"ImageObject","inLanguage":"nl-NL","@id":"https:\/\/ml-locations.be\/nl\/#\/schema\/logo\/image\/","url":"https:\/\/ml-locations.be\/wp-content\/uploads\/2018\/05\/LOGO-location-BON.png","contentUrl":"https:\/\/ml-locations.be\/wp-content\/uploads\/2018\/05\/LOGO-location-BON.png","width":1200,"height":1200,"caption":"ML Locations"},"image":{"@id":"https:\/\/ml-locations.be\/nl\/#\/schema\/logo\/image\/"}}]}},"_links":{"self":[{"href":"https:\/\/ml-locations.be\/nl\/wp-json\/wp\/v2\/product\/1040935","targetHints":{"allow":["GET"]}}],"collection":[{"href":"https:\/\/ml-locations.be\/nl\/wp-json\/wp\/v2\/product"}],"about":[{"href":"https:\/\/ml-locations.be\/nl\/wp-json\/wp\/v2\/types\/product"}],"wp:featuredmedia":[{"embeddable":true,"href":"https:\/\/ml-locations.be\/nl\/wp-json\/wp\/v2\/media\/1040936"}],"wp:attachment":[{"href":"https:\/\/ml-locations.be\/nl\/wp-json\/wp\/v2\/media?parent=1040935"}],"wp:term":[{"taxonomy":"product_brand","embeddable":true,"href":"https:\/\/ml-locations.be\/nl\/wp-json\/wp\/v2\/product_brand?post=1040935"},{"taxonomy":"product_cat","embeddable":true,"href":"https:\/\/ml-locations.be\/nl\/wp-json\/wp\/v2\/product_cat?post=1040935"},{"taxonomy":"product_tag","embeddable":true,"href":"https:\/\/ml-locations.be\/nl\/wp-json\/wp\/v2\/product_tag?post=1040935"}],"curies":[{"name":"wp","href":"https:\/\/api.w.org\/{rel}","templated":true}]}}