{"id":1041389,"date":"2022-03-23T11:32:53","date_gmt":"2022-03-23T10:32:53","guid":{"rendered":"https:\/\/ml-locations.be\/?post_type=product&#038;p=1041389"},"modified":"2026-03-20T15:17:35","modified_gmt":"2026-03-20T14:17:35","slug":"location-chateau-gonflable-lego","status":"publish","type":"product","link":"https:\/\/ml-locations.be\/nl\/locations\/location-chateau-gonflable-lego\/","title":{"rendered":"Ch\u00e2teau gonflable &#8220;LEGO&#8221; multiplay Couvert avec toboggan"},"content":{"rendered":"<p>Le <strong>ch\u00e2teau gonflable en location<\/strong> LEGO couvert dispose de surfaces r\u00e9cr\u00e9atives et rebondissantes et est enti\u00e8rement couvert! Ce ch\u00e2teau gonflable \u00e0 louer mesure 5,5m sur 5,5m et est l&#8217;attraction parfaite pour animer vos f\u00eates et faire plaisir aux enfants!<\/p>\n<p>Ce Ch\u00e2teau est id\u00e9al pour les <strong>f\u00eates comme les anniversaires, communions, fancy-fair,&#8230;<\/strong><\/p>\n<p><strong>Prix de location du ch\u00e2teau gonflable :\u00a0<\/strong><\/p>\n<ul>\n<li>Jour de semaine : 140\u20ac<\/li>\n<li>Jour f\u00e9ri\u00e9: 190\u20ac<\/li>\n<li>Week-end complet : 250\u20ac<\/li>\n<\/ul>\n<p>Si vous optez pour la livraison par nos soins, nous nous occupons du montage et du d\u00e9montage du ch\u00e2teau.<\/p>\n<p>Dimensions et caract\u00e9ristiques du ch\u00e2teau gonflable:<\/p>\n<p>Longueur: 5,5m<\/p>\n<p>Largeur: 5,5m<\/p>\n<p>Hauteur: 3,2m<\/p>\n<p>Temps d&#8217;installation : 10 minutes<\/p>\n<p>Capacit\u00e9: 10 personnes<\/p>\n<p>Poids: 135kg<\/p>\n<p>N&#8217;h\u00e9sitez pas \u00e0 nous contacter pour\u00a0<a href=\"https:\/\/ml-locations.be\/location\/jeux-divertissement-en-location\/location-chateau-gonflable\/\">louer un ch\u00e2teau gonflable<\/a> !<\/p>\n","protected":false},"excerpt":{"rendered":"<p>Le <strong>ch\u00e2teau gonflable en location<\/strong> LEGO couvert dispose de surfaces r\u00e9cr\u00e9atives et rebondissantes et est enti\u00e8rement couvert! Ce ch\u00e2teau gonflable \u00e0 louer mesure 5,5m sur 5,5m et est l&#8217;attraction parfaite pour animer vos f\u00eates et faire plaisir aux enfants!<\/p>\n<p>Ce Ch\u00e2teau est id\u00e9al pour les <strong>f\u00eates comme les anniversaires, communions, fancy-fair,&#8230;<\/strong><\/p>\n<p><strong>Prix de location du ch\u00e2teau gonflable :\u00a0<\/strong><\/p>\n<ul>\n<li>Jour de semaine : 140\u20ac<\/li>\n<li>Jour f\u00e9ri\u00e9: 190\u20ac<\/li>\n<li>Week-end complet : 250\u20ac<\/li>\n<\/ul>\n","protected":false},"featured_media":1041393,"template":"","meta":{"_acf_changed":false},"product_brand":[],"product_cat":[43,44],"product_tag":[],"class_list":{"0":"post-1041389","1":"product","2":"type-product","3":"status-publish","4":"has-post-thumbnail","6":"product_cat-jeux-divertissement-en-location","7":"product_cat-location-chateau-gonflable","8":"description-off","10":"first","11":"instock","12":"featured","13":"sold-individually","14":"taxable","15":"shipping-taxable","16":"purchasable","17":"product-type-variable"},"acf":[],"yoast_head":"<!-- This site is optimized with the Yoast SEO plugin v25.0 - https:\/\/yoast.com\/wordpress\/plugins\/seo\/ -->\n<title>Ch\u00e2teau gonflable &quot;LEGO&quot; multiplay Couvert avec toboggan | ML Locations<\/title>\n<meta name=\"description\" content=\"Ch\u00e2teau gonflable Multiplay LEGO couvert avec activit\u00e9s et toboggan. Vos enfants vont adorer! Livraison possible\" \/>\n<meta name=\"robots\" content=\"index, follow, max-snippet:-1, max-image-preview:large, max-video-preview:-1\" \/>\n<link rel=\"canonical\" href=\"https:\/\/ml-locations.be\/nl\/locations\/location-chateau-gonflable-lego\/\" \/>\n<meta property=\"og:locale\" content=\"nl_NL\" \/>\n<meta property=\"og:type\" content=\"article\" \/>\n<meta property=\"og:title\" content=\"Ch\u00e2teau gonflable &quot;LEGO&quot; multiplay Couvert avec toboggan | ML Locations\" \/>\n<meta property=\"og:description\" content=\"Ch\u00e2teau gonflable Multiplay LEGO couvert avec activit\u00e9s et toboggan. Vos enfants vont adorer! Livraison possible\" \/>\n<meta property=\"og:url\" content=\"https:\/\/ml-locations.be\/nl\/locations\/location-chateau-gonflable-lego\/\" \/>\n<meta property=\"og:site_name\" content=\"ML Locations\" \/>\n<meta property=\"article:modified_time\" content=\"2026-03-20T14:17:35+00:00\" \/>\n<meta property=\"og:image\" content=\"https:\/\/ml-locations.be\/wp-content\/uploads\/2022\/03\/V-SLIDE-MAXI-COLOR-BRICKS-DETAIL-1.png\" \/>\n\t<meta property=\"og:image:width\" content=\"960\" \/>\n\t<meta property=\"og:image:height\" content=\"960\" \/>\n\t<meta property=\"og:image:type\" content=\"image\/png\" \/>\n<meta name=\"twitter:card\" content=\"summary_large_image\" \/>\n<meta name=\"twitter:label1\" content=\"Geschatte leestijd\" \/>\n\t<meta name=\"twitter:data1\" content=\"1 minuut\" \/>\n<script type=\"application\/ld+json\" class=\"yoast-schema-graph\">{\"@context\":\"https:\/\/schema.org\",\"@graph\":[{\"@type\":\"WebPage\",\"@id\":\"https:\/\/ml-locations.be\/nl\/locations\/location-chateau-gonflable-lego\/\",\"url\":\"https:\/\/ml-locations.be\/nl\/locations\/location-chateau-gonflable-lego\/\",\"name\":\"Ch\u00e2teau gonflable \\\"LEGO\\\" multiplay Couvert avec toboggan | ML Locations\",\"isPartOf\":{\"@id\":\"https:\/\/ml-locations.be\/nl\/#website\"},\"primaryImageOfPage\":{\"@id\":\"https:\/\/ml-locations.be\/nl\/locations\/location-chateau-gonflable-lego\/#primaryimage\"},\"image\":{\"@id\":\"https:\/\/ml-locations.be\/nl\/locations\/location-chateau-gonflable-lego\/#primaryimage\"},\"thumbnailUrl\":\"https:\/\/ml-locations.be\/wp-content\/uploads\/2022\/03\/V-SLIDE-MAXI-COLOR-BRICKS-DETAIL-1.png\",\"datePublished\":\"2022-03-23T10:32:53+00:00\",\"dateModified\":\"2026-03-20T14:17:35+00:00\",\"description\":\"Ch\u00e2teau gonflable Multiplay LEGO couvert avec activit\u00e9s et toboggan. Vos enfants vont adorer! Livraison possible\",\"breadcrumb\":{\"@id\":\"https:\/\/ml-locations.be\/nl\/locations\/location-chateau-gonflable-lego\/#breadcrumb\"},\"inLanguage\":\"nl-NL\",\"potentialAction\":[{\"@type\":\"ReadAction\",\"target\":[\"https:\/\/ml-locations.be\/nl\/locations\/location-chateau-gonflable-lego\/\"]}]},{\"@type\":\"ImageObject\",\"inLanguage\":\"nl-NL\",\"@id\":\"https:\/\/ml-locations.be\/nl\/locations\/location-chateau-gonflable-lego\/#primaryimage\",\"url\":\"https:\/\/ml-locations.be\/wp-content\/uploads\/2022\/03\/V-SLIDE-MAXI-COLOR-BRICKS-DETAIL-1.png\",\"contentUrl\":\"https:\/\/ml-locations.be\/wp-content\/uploads\/2022\/03\/V-SLIDE-MAXI-COLOR-BRICKS-DETAIL-1.png\",\"width\":960,\"height\":960},{\"@type\":\"BreadcrumbList\",\"@id\":\"https:\/\/ml-locations.be\/nl\/locations\/location-chateau-gonflable-lego\/#breadcrumb\",\"itemListElement\":[{\"@type\":\"ListItem\",\"position\":1,\"name\":\"Accueil\",\"item\":\"https:\/\/ml-locations.be\/nl\/\"},{\"@type\":\"ListItem\",\"position\":2,\"name\":\"Winkel\",\"item\":\"https:\/\/ml-locations.be\/nl\/winkel\/\"},{\"@type\":\"ListItem\",\"position\":3,\"name\":\"Ch\u00e2teau gonflable &#8220;LEGO&#8221; multiplay Couvert avec toboggan\"}]},{\"@type\":\"WebSite\",\"@id\":\"https:\/\/ml-locations.be\/nl\/#website\",\"url\":\"https:\/\/ml-locations.be\/nl\/\",\"name\":\"ML Locations\",\"description\":\"Mat\u00e9riel \u00e9v\u00e9nementiel : location chaise, table et mange debout, mat\u00e9riel horeca, frigos,...\",\"publisher\":{\"@id\":\"https:\/\/ml-locations.be\/nl\/#organization\"},\"potentialAction\":[{\"@type\":\"SearchAction\",\"target\":{\"@type\":\"EntryPoint\",\"urlTemplate\":\"https:\/\/ml-locations.be\/nl\/?s={search_term_string}\"},\"query-input\":{\"@type\":\"PropertyValueSpecification\",\"valueRequired\":true,\"valueName\":\"search_term_string\"}}],\"inLanguage\":\"nl-NL\"},{\"@type\":\"Organization\",\"@id\":\"https:\/\/ml-locations.be\/nl\/#organization\",\"name\":\"ML Locations\",\"url\":\"https:\/\/ml-locations.be\/nl\/\",\"logo\":{\"@type\":\"ImageObject\",\"inLanguage\":\"nl-NL\",\"@id\":\"https:\/\/ml-locations.be\/nl\/#\/schema\/logo\/image\/\",\"url\":\"https:\/\/ml-locations.be\/wp-content\/uploads\/2018\/05\/LOGO-location-BON.png\",\"contentUrl\":\"https:\/\/ml-locations.be\/wp-content\/uploads\/2018\/05\/LOGO-location-BON.png\",\"width\":1200,\"height\":1200,\"caption\":\"ML Locations\"},\"image\":{\"@id\":\"https:\/\/ml-locations.be\/nl\/#\/schema\/logo\/image\/\"}}]}<\/script>\n<!-- \/ Yoast SEO plugin. -->","yoast_head_json":{"title":"Ch\u00e2teau gonflable \"LEGO\" multiplay Couvert avec toboggan | ML Locations","description":"Ch\u00e2teau gonflable Multiplay LEGO couvert avec activit\u00e9s et toboggan. Vos enfants vont adorer! Livraison possible","robots":{"index":"index","follow":"follow","max-snippet":"max-snippet:-1","max-image-preview":"max-image-preview:large","max-video-preview":"max-video-preview:-1"},"canonical":"https:\/\/ml-locations.be\/nl\/locations\/location-chateau-gonflable-lego\/","og_locale":"nl_NL","og_type":"article","og_title":"Ch\u00e2teau gonflable \"LEGO\" multiplay Couvert avec toboggan | ML Locations","og_description":"Ch\u00e2teau gonflable Multiplay LEGO couvert avec activit\u00e9s et toboggan. Vos enfants vont adorer! Livraison possible","og_url":"https:\/\/ml-locations.be\/nl\/locations\/location-chateau-gonflable-lego\/","og_site_name":"ML Locations","article_modified_time":"2026-03-20T14:17:35+00:00","og_image":[{"width":960,"height":960,"url":"https:\/\/ml-locations.be\/wp-content\/uploads\/2022\/03\/V-SLIDE-MAXI-COLOR-BRICKS-DETAIL-1.png","type":"image\/png"}],"twitter_card":"summary_large_image","twitter_misc":{"Geschatte leestijd":"1 minuut"},"schema":{"@context":"https:\/\/schema.org","@graph":[{"@type":"WebPage","@id":"https:\/\/ml-locations.be\/nl\/locations\/location-chateau-gonflable-lego\/","url":"https:\/\/ml-locations.be\/nl\/locations\/location-chateau-gonflable-lego\/","name":"Ch\u00e2teau gonflable \"LEGO\" multiplay Couvert avec toboggan | ML Locations","isPartOf":{"@id":"https:\/\/ml-locations.be\/nl\/#website"},"primaryImageOfPage":{"@id":"https:\/\/ml-locations.be\/nl\/locations\/location-chateau-gonflable-lego\/#primaryimage"},"image":{"@id":"https:\/\/ml-locations.be\/nl\/locations\/location-chateau-gonflable-lego\/#primaryimage"},"thumbnailUrl":"https:\/\/ml-locations.be\/wp-content\/uploads\/2022\/03\/V-SLIDE-MAXI-COLOR-BRICKS-DETAIL-1.png","datePublished":"2022-03-23T10:32:53+00:00","dateModified":"2026-03-20T14:17:35+00:00","description":"Ch\u00e2teau gonflable Multiplay LEGO couvert avec activit\u00e9s et toboggan. Vos enfants vont adorer! Livraison possible","breadcrumb":{"@id":"https:\/\/ml-locations.be\/nl\/locations\/location-chateau-gonflable-lego\/#breadcrumb"},"inLanguage":"nl-NL","potentialAction":[{"@type":"ReadAction","target":["https:\/\/ml-locations.be\/nl\/locations\/location-chateau-gonflable-lego\/"]}]},{"@type":"ImageObject","inLanguage":"nl-NL","@id":"https:\/\/ml-locations.be\/nl\/locations\/location-chateau-gonflable-lego\/#primaryimage","url":"https:\/\/ml-locations.be\/wp-content\/uploads\/2022\/03\/V-SLIDE-MAXI-COLOR-BRICKS-DETAIL-1.png","contentUrl":"https:\/\/ml-locations.be\/wp-content\/uploads\/2022\/03\/V-SLIDE-MAXI-COLOR-BRICKS-DETAIL-1.png","width":960,"height":960},{"@type":"BreadcrumbList","@id":"https:\/\/ml-locations.be\/nl\/locations\/location-chateau-gonflable-lego\/#breadcrumb","itemListElement":[{"@type":"ListItem","position":1,"name":"Accueil","item":"https:\/\/ml-locations.be\/nl\/"},{"@type":"ListItem","position":2,"name":"Winkel","item":"https:\/\/ml-locations.be\/nl\/winkel\/"},{"@type":"ListItem","position":3,"name":"Ch\u00e2teau gonflable &#8220;LEGO&#8221; multiplay Couvert avec toboggan"}]},{"@type":"WebSite","@id":"https:\/\/ml-locations.be\/nl\/#website","url":"https:\/\/ml-locations.be\/nl\/","name":"ML Locations","description":"Mat\u00e9riel \u00e9v\u00e9nementiel : location chaise, table et mange debout, mat\u00e9riel horeca, frigos,...","publisher":{"@id":"https:\/\/ml-locations.be\/nl\/#organization"},"potentialAction":[{"@type":"SearchAction","target":{"@type":"EntryPoint","urlTemplate":"https:\/\/ml-locations.be\/nl\/?s={search_term_string}"},"query-input":{"@type":"PropertyValueSpecification","valueRequired":true,"valueName":"search_term_string"}}],"inLanguage":"nl-NL"},{"@type":"Organization","@id":"https:\/\/ml-locations.be\/nl\/#organization","name":"ML Locations","url":"https:\/\/ml-locations.be\/nl\/","logo":{"@type":"ImageObject","inLanguage":"nl-NL","@id":"https:\/\/ml-locations.be\/nl\/#\/schema\/logo\/image\/","url":"https:\/\/ml-locations.be\/wp-content\/uploads\/2018\/05\/LOGO-location-BON.png","contentUrl":"https:\/\/ml-locations.be\/wp-content\/uploads\/2018\/05\/LOGO-location-BON.png","width":1200,"height":1200,"caption":"ML Locations"},"image":{"@id":"https:\/\/ml-locations.be\/nl\/#\/schema\/logo\/image\/"}}]}},"_links":{"self":[{"href":"https:\/\/ml-locations.be\/nl\/wp-json\/wp\/v2\/product\/1041389","targetHints":{"allow":["GET"]}}],"collection":[{"href":"https:\/\/ml-locations.be\/nl\/wp-json\/wp\/v2\/product"}],"about":[{"href":"https:\/\/ml-locations.be\/nl\/wp-json\/wp\/v2\/types\/product"}],"wp:featuredmedia":[{"embeddable":true,"href":"https:\/\/ml-locations.be\/nl\/wp-json\/wp\/v2\/media\/1041393"}],"wp:attachment":[{"href":"https:\/\/ml-locations.be\/nl\/wp-json\/wp\/v2\/media?parent=1041389"}],"wp:term":[{"taxonomy":"product_brand","embeddable":true,"href":"https:\/\/ml-locations.be\/nl\/wp-json\/wp\/v2\/product_brand?post=1041389"},{"taxonomy":"product_cat","embeddable":true,"href":"https:\/\/ml-locations.be\/nl\/wp-json\/wp\/v2\/product_cat?post=1041389"},{"taxonomy":"product_tag","embeddable":true,"href":"https:\/\/ml-locations.be\/nl\/wp-json\/wp\/v2\/product_tag?post=1041389"}],"curies":[{"name":"wp","href":"https:\/\/api.w.org\/{rel}","templated":true}]}}