{"id":1041834,"date":"2022-04-08T09:28:18","date_gmt":"2022-04-08T07:28:18","guid":{"rendered":"https:\/\/ml-locations.be\/?post_type=product&#038;p=1041834"},"modified":"2025-08-06T11:05:19","modified_gmt":"2025-08-06T09:05:19","slug":"costumes-de-sumos-taureaux-tapis","status":"publish","type":"product","link":"https:\/\/ml-locations.be\/nl\/locations\/costumes-de-sumos-taureaux-tapis\/","title":{"rendered":"Costumes de sumos &#8220;Taureaux&#8221; + tapis"},"content":{"rendered":"<p>Ces <strong>costumes de sumo &#8220;Taureaux&#8221; en location\u00a0<\/strong>sont une excellente activit\u00e9 pour des <strong>f\u00eates<\/strong> r\u00e9ussies ! Qui sera le dernier \u00e0 rester debout ?\u00a0Une fois \u00e0 terre, difficile de se relever ! Les costumes de <strong>sumos <\/strong>sont livr\u00e9s accompagn\u00e9s de<strong> casques <\/strong>et <strong>autres protections\u00a0<\/strong>ainsi que du <strong>tapis sp\u00e9cial pour le combat (tatami)<\/strong>.\u00a0Ces <strong>costumes sumo Taureaux \u00e0 louer<\/strong> pour adultes ou grands adolescents \u00e9gayeront vos<strong> \u00e9v\u00e9nements<\/strong> en cr\u00e9ant une ambiance digne des <strong>tournois japonais<\/strong>.<\/p>\n<p>Ces Sumos au d\u00e9cor original Taureaux animeront parfaitement vos <strong>f\u00eates<\/strong> comme les <strong>anniversaires<\/strong>, les <strong>enterrements de vie de gar\u00e7ons<\/strong>, &#8230;<\/p>\n<p>Dimensions et caract\u00e9ristiques\u00a0:<\/p>\n<ul>\n<li style=\"list-style-type: none;\">\n<ul>\n<li>Diam\u00e8tre Tatami\u00a0: 4,80 m,<\/li>\n<li>\u00c9paisseur Tatami\u00a0: 5 m,<\/li>\n<li>Poids\u00a0: 80 kg,<\/li>\n<\/ul>\n<\/li>\n<\/ul>\n<ul>\n<li>Capacit\u00e9\u00a0: 2 personnes,<\/li>\n<li>Temps d\u2019installation\u00a0: 15 min.<\/li>\n<\/ul>\n","protected":false},"excerpt":{"rendered":"<p>Enfilez ces <strong>costumes <\/strong><strong>de sumo en location<\/strong>\u00a0et combattez sur le tatami\u00a0! L\u2019ensemble comporte les costumes de sumo, les casques, et le tapis.<strong>\u00a0<\/strong>Parfait pour <strong>animer <\/strong>tous vos <strong>\u00e9v\u00e9nements<\/strong>, anniversaires, fancy-fair, foires,&#8230;<\/p>\n","protected":false},"featured_media":1041832,"template":"","meta":{"_acf_changed":false},"product_brand":[],"product_cat":[43,46,45],"product_tag":[206],"class_list":{"0":"post-1041834","1":"product","2":"type-product","3":"status-publish","4":"has-post-thumbnail","6":"product_cat-jeux-divertissement-en-location","7":"product_cat-jeux-pour-petits-et-grands-en-location","8":"product_cat-structures-gonflables-et-jeux-gonflables-a-louer","9":"product_tag-location-materiel-evenement-plein-air","10":"description-off","12":"first","13":"instock","14":"taxable","15":"shipping-taxable","16":"purchasable","17":"product-type-variable"},"acf":[],"yoast_head":"<!-- This site is optimized with the Yoast SEO plugin v25.0 - https:\/\/yoast.com\/wordpress\/plugins\/seo\/ -->\n<title>Location de costumes de sumo Taureaux | ML Locations<\/title>\n<meta name=\"description\" content=\"Louez ces costumes de sumo Taureaux et affrontez-vous sur le tatami : fun et amusement garantis avec ces d\u00e9guisements! Livraison possible.\" \/>\n<meta name=\"robots\" content=\"index, follow, max-snippet:-1, max-image-preview:large, max-video-preview:-1\" \/>\n<link rel=\"canonical\" href=\"https:\/\/ml-locations.be\/nl\/locations\/costumes-de-sumos-taureaux-tapis\/\" \/>\n<meta property=\"og:locale\" content=\"nl_NL\" \/>\n<meta property=\"og:type\" content=\"article\" \/>\n<meta property=\"og:title\" content=\"Location de costumes de sumo Taureaux | ML Locations\" \/>\n<meta property=\"og:description\" content=\"Louez ces costumes de sumo Taureaux et affrontez-vous sur le tatami : fun et amusement garantis avec ces d\u00e9guisements! Livraison possible.\" \/>\n<meta property=\"og:url\" content=\"https:\/\/ml-locations.be\/nl\/locations\/costumes-de-sumos-taureaux-tapis\/\" \/>\n<meta property=\"og:site_name\" content=\"ML Locations\" \/>\n<meta property=\"article:modified_time\" content=\"2025-08-06T09:05:19+00:00\" \/>\n<meta property=\"og:image\" content=\"https:\/\/ml-locations.be\/wp-content\/uploads\/2017\/04\/SUMO-SUIT-BULL.png\" \/>\n\t<meta property=\"og:image:width\" content=\"960\" \/>\n\t<meta property=\"og:image:height\" content=\"960\" \/>\n\t<meta property=\"og:image:type\" content=\"image\/png\" \/>\n<meta name=\"twitter:card\" content=\"summary_large_image\" \/>\n<meta name=\"twitter:label1\" content=\"Geschatte leestijd\" \/>\n\t<meta name=\"twitter:data1\" content=\"1 minuut\" \/>\n<script type=\"application\/ld+json\" class=\"yoast-schema-graph\">{\"@context\":\"https:\/\/schema.org\",\"@graph\":[{\"@type\":\"WebPage\",\"@id\":\"https:\/\/ml-locations.be\/nl\/locations\/costumes-de-sumos-taureaux-tapis\/\",\"url\":\"https:\/\/ml-locations.be\/nl\/locations\/costumes-de-sumos-taureaux-tapis\/\",\"name\":\"Location de costumes de sumo Taureaux | ML Locations\",\"isPartOf\":{\"@id\":\"https:\/\/ml-locations.be\/nl\/#website\"},\"primaryImageOfPage\":{\"@id\":\"https:\/\/ml-locations.be\/nl\/locations\/costumes-de-sumos-taureaux-tapis\/#primaryimage\"},\"image\":{\"@id\":\"https:\/\/ml-locations.be\/nl\/locations\/costumes-de-sumos-taureaux-tapis\/#primaryimage\"},\"thumbnailUrl\":\"https:\/\/ml-locations.be\/wp-content\/uploads\/2017\/04\/SUMO-SUIT-BULL.png\",\"datePublished\":\"2022-04-08T07:28:18+00:00\",\"dateModified\":\"2025-08-06T09:05:19+00:00\",\"description\":\"Louez ces costumes de sumo Taureaux et affrontez-vous sur le tatami : fun et amusement garantis avec ces d\u00e9guisements! Livraison possible.\",\"breadcrumb\":{\"@id\":\"https:\/\/ml-locations.be\/nl\/locations\/costumes-de-sumos-taureaux-tapis\/#breadcrumb\"},\"inLanguage\":\"nl-NL\",\"potentialAction\":[{\"@type\":\"ReadAction\",\"target\":[\"https:\/\/ml-locations.be\/nl\/locations\/costumes-de-sumos-taureaux-tapis\/\"]}]},{\"@type\":\"ImageObject\",\"inLanguage\":\"nl-NL\",\"@id\":\"https:\/\/ml-locations.be\/nl\/locations\/costumes-de-sumos-taureaux-tapis\/#primaryimage\",\"url\":\"https:\/\/ml-locations.be\/wp-content\/uploads\/2017\/04\/SUMO-SUIT-BULL.png\",\"contentUrl\":\"https:\/\/ml-locations.be\/wp-content\/uploads\/2017\/04\/SUMO-SUIT-BULL.png\",\"width\":960,\"height\":960},{\"@type\":\"BreadcrumbList\",\"@id\":\"https:\/\/ml-locations.be\/nl\/locations\/costumes-de-sumos-taureaux-tapis\/#breadcrumb\",\"itemListElement\":[{\"@type\":\"ListItem\",\"position\":1,\"name\":\"Accueil\",\"item\":\"https:\/\/ml-locations.be\/nl\/\"},{\"@type\":\"ListItem\",\"position\":2,\"name\":\"Winkel\",\"item\":\"https:\/\/ml-locations.be\/nl\/winkel\/\"},{\"@type\":\"ListItem\",\"position\":3,\"name\":\"Costumes de sumos &#8220;Taureaux&#8221; + tapis\"}]},{\"@type\":\"WebSite\",\"@id\":\"https:\/\/ml-locations.be\/nl\/#website\",\"url\":\"https:\/\/ml-locations.be\/nl\/\",\"name\":\"ML Locations\",\"description\":\"Mat\u00e9riel \u00e9v\u00e9nementiel : location chaise, table et mange debout, mat\u00e9riel horeca, frigos,...\",\"publisher\":{\"@id\":\"https:\/\/ml-locations.be\/nl\/#organization\"},\"potentialAction\":[{\"@type\":\"SearchAction\",\"target\":{\"@type\":\"EntryPoint\",\"urlTemplate\":\"https:\/\/ml-locations.be\/nl\/?s={search_term_string}\"},\"query-input\":{\"@type\":\"PropertyValueSpecification\",\"valueRequired\":true,\"valueName\":\"search_term_string\"}}],\"inLanguage\":\"nl-NL\"},{\"@type\":\"Organization\",\"@id\":\"https:\/\/ml-locations.be\/nl\/#organization\",\"name\":\"ML Locations\",\"url\":\"https:\/\/ml-locations.be\/nl\/\",\"logo\":{\"@type\":\"ImageObject\",\"inLanguage\":\"nl-NL\",\"@id\":\"https:\/\/ml-locations.be\/nl\/#\/schema\/logo\/image\/\",\"url\":\"https:\/\/ml-locations.be\/wp-content\/uploads\/2018\/05\/LOGO-location-BON.png\",\"contentUrl\":\"https:\/\/ml-locations.be\/wp-content\/uploads\/2018\/05\/LOGO-location-BON.png\",\"width\":1200,\"height\":1200,\"caption\":\"ML Locations\"},\"image\":{\"@id\":\"https:\/\/ml-locations.be\/nl\/#\/schema\/logo\/image\/\"}}]}<\/script>\n<!-- \/ Yoast SEO plugin. -->","yoast_head_json":{"title":"Location de costumes de sumo Taureaux | ML Locations","description":"Louez ces costumes de sumo Taureaux et affrontez-vous sur le tatami : fun et amusement garantis avec ces d\u00e9guisements! Livraison possible.","robots":{"index":"index","follow":"follow","max-snippet":"max-snippet:-1","max-image-preview":"max-image-preview:large","max-video-preview":"max-video-preview:-1"},"canonical":"https:\/\/ml-locations.be\/nl\/locations\/costumes-de-sumos-taureaux-tapis\/","og_locale":"nl_NL","og_type":"article","og_title":"Location de costumes de sumo Taureaux | ML Locations","og_description":"Louez ces costumes de sumo Taureaux et affrontez-vous sur le tatami : fun et amusement garantis avec ces d\u00e9guisements! Livraison possible.","og_url":"https:\/\/ml-locations.be\/nl\/locations\/costumes-de-sumos-taureaux-tapis\/","og_site_name":"ML Locations","article_modified_time":"2025-08-06T09:05:19+00:00","og_image":[{"width":960,"height":960,"url":"https:\/\/ml-locations.be\/wp-content\/uploads\/2017\/04\/SUMO-SUIT-BULL.png","type":"image\/png"}],"twitter_card":"summary_large_image","twitter_misc":{"Geschatte leestijd":"1 minuut"},"schema":{"@context":"https:\/\/schema.org","@graph":[{"@type":"WebPage","@id":"https:\/\/ml-locations.be\/nl\/locations\/costumes-de-sumos-taureaux-tapis\/","url":"https:\/\/ml-locations.be\/nl\/locations\/costumes-de-sumos-taureaux-tapis\/","name":"Location de costumes de sumo Taureaux | ML Locations","isPartOf":{"@id":"https:\/\/ml-locations.be\/nl\/#website"},"primaryImageOfPage":{"@id":"https:\/\/ml-locations.be\/nl\/locations\/costumes-de-sumos-taureaux-tapis\/#primaryimage"},"image":{"@id":"https:\/\/ml-locations.be\/nl\/locations\/costumes-de-sumos-taureaux-tapis\/#primaryimage"},"thumbnailUrl":"https:\/\/ml-locations.be\/wp-content\/uploads\/2017\/04\/SUMO-SUIT-BULL.png","datePublished":"2022-04-08T07:28:18+00:00","dateModified":"2025-08-06T09:05:19+00:00","description":"Louez ces costumes de sumo Taureaux et affrontez-vous sur le tatami : fun et amusement garantis avec ces d\u00e9guisements! Livraison possible.","breadcrumb":{"@id":"https:\/\/ml-locations.be\/nl\/locations\/costumes-de-sumos-taureaux-tapis\/#breadcrumb"},"inLanguage":"nl-NL","potentialAction":[{"@type":"ReadAction","target":["https:\/\/ml-locations.be\/nl\/locations\/costumes-de-sumos-taureaux-tapis\/"]}]},{"@type":"ImageObject","inLanguage":"nl-NL","@id":"https:\/\/ml-locations.be\/nl\/locations\/costumes-de-sumos-taureaux-tapis\/#primaryimage","url":"https:\/\/ml-locations.be\/wp-content\/uploads\/2017\/04\/SUMO-SUIT-BULL.png","contentUrl":"https:\/\/ml-locations.be\/wp-content\/uploads\/2017\/04\/SUMO-SUIT-BULL.png","width":960,"height":960},{"@type":"BreadcrumbList","@id":"https:\/\/ml-locations.be\/nl\/locations\/costumes-de-sumos-taureaux-tapis\/#breadcrumb","itemListElement":[{"@type":"ListItem","position":1,"name":"Accueil","item":"https:\/\/ml-locations.be\/nl\/"},{"@type":"ListItem","position":2,"name":"Winkel","item":"https:\/\/ml-locations.be\/nl\/winkel\/"},{"@type":"ListItem","position":3,"name":"Costumes de sumos &#8220;Taureaux&#8221; + tapis"}]},{"@type":"WebSite","@id":"https:\/\/ml-locations.be\/nl\/#website","url":"https:\/\/ml-locations.be\/nl\/","name":"ML Locations","description":"Mat\u00e9riel \u00e9v\u00e9nementiel : location chaise, table et mange debout, mat\u00e9riel horeca, frigos,...","publisher":{"@id":"https:\/\/ml-locations.be\/nl\/#organization"},"potentialAction":[{"@type":"SearchAction","target":{"@type":"EntryPoint","urlTemplate":"https:\/\/ml-locations.be\/nl\/?s={search_term_string}"},"query-input":{"@type":"PropertyValueSpecification","valueRequired":true,"valueName":"search_term_string"}}],"inLanguage":"nl-NL"},{"@type":"Organization","@id":"https:\/\/ml-locations.be\/nl\/#organization","name":"ML Locations","url":"https:\/\/ml-locations.be\/nl\/","logo":{"@type":"ImageObject","inLanguage":"nl-NL","@id":"https:\/\/ml-locations.be\/nl\/#\/schema\/logo\/image\/","url":"https:\/\/ml-locations.be\/wp-content\/uploads\/2018\/05\/LOGO-location-BON.png","contentUrl":"https:\/\/ml-locations.be\/wp-content\/uploads\/2018\/05\/LOGO-location-BON.png","width":1200,"height":1200,"caption":"ML Locations"},"image":{"@id":"https:\/\/ml-locations.be\/nl\/#\/schema\/logo\/image\/"}}]}},"_links":{"self":[{"href":"https:\/\/ml-locations.be\/nl\/wp-json\/wp\/v2\/product\/1041834","targetHints":{"allow":["GET"]}}],"collection":[{"href":"https:\/\/ml-locations.be\/nl\/wp-json\/wp\/v2\/product"}],"about":[{"href":"https:\/\/ml-locations.be\/nl\/wp-json\/wp\/v2\/types\/product"}],"wp:featuredmedia":[{"embeddable":true,"href":"https:\/\/ml-locations.be\/nl\/wp-json\/wp\/v2\/media\/1041832"}],"wp:attachment":[{"href":"https:\/\/ml-locations.be\/nl\/wp-json\/wp\/v2\/media?parent=1041834"}],"wp:term":[{"taxonomy":"product_brand","embeddable":true,"href":"https:\/\/ml-locations.be\/nl\/wp-json\/wp\/v2\/product_brand?post=1041834"},{"taxonomy":"product_cat","embeddable":true,"href":"https:\/\/ml-locations.be\/nl\/wp-json\/wp\/v2\/product_cat?post=1041834"},{"taxonomy":"product_tag","embeddable":true,"href":"https:\/\/ml-locations.be\/nl\/wp-json\/wp\/v2\/product_tag?post=1041834"}],"curies":[{"name":"wp","href":"https:\/\/api.w.org\/{rel}","templated":true}]}}