{"id":1042048,"date":"2022-04-15T15:07:09","date_gmt":"2022-04-15T13:07:09","guid":{"rendered":"https:\/\/ml-locations.be\/?post_type=product&#038;p=1042048"},"modified":"2025-07-17T12:09:00","modified_gmt":"2025-07-17T10:09:00","slug":"table-de-mixage-allenheath-zed-10","status":"publish","type":"product","link":"https:\/\/ml-locations.be\/nl\/locations\/table-de-mixage-allenheath-zed-10\/","title":{"rendered":"Table de Mixage Allen&#038;heath ZED 10"},"content":{"rendered":"<p>La table de Mixage Allen&amp;heath ZED-10 est une petite console avec la qualit\u00e9 \u00e9prouv\u00e9e Allen &amp; Heath!<\/p>\n<p>4 entr\u00e9es microphone 2 entr\u00e9es Class A FET poss\u00e8dent une haute imp\u00e9dance permettant de brancher directement des instruments Commutateur Boost 26 dB Peut recevoir jusqu&#8217;\u00e0 2 signaux st\u00e9r\u00e9o Sorties 2-Track pour enregistrement Entr\u00e9e Playback st\u00e9r\u00e9o Sorties principales XLR avec insert Sortie casque Sorties retour s\u00e9par\u00e9es Alimentation 48 volts Commutable niveau \u00e0 un niveau DI Envoi\/retour USB<\/p>\n<p>Livr\u00e9e en Flight case<\/p>\n","protected":false},"excerpt":{"rendered":"<p>Cette petite console de mixage sera ultra pratique pour brancher jusqu&#8217;\u00e0 micro et un pc! id\u00e9ale pour les petites conf\u00e9rences, discours,&#8230;<\/p>\n","protected":false},"featured_media":1042049,"template":"","meta":{"_acf_changed":false},"product_brand":[],"product_cat":[17,18],"product_tag":[],"class_list":{"0":"post-1042048","1":"product","2":"type-product","3":"status-publish","4":"has-post-thumbnail","6":"product_cat-materiel-sono-et-lumieres-en-location","7":"product_cat-locationde-materiel-de-sono-et-dj","8":"description-off","10":"first","11":"instock","12":"taxable","13":"shipping-taxable","14":"purchasable","15":"product-type-simple"},"acf":[],"yoast_head":"<!-- This site is optimized with the Yoast SEO plugin v25.0 - https:\/\/yoast.com\/wordpress\/plugins\/seo\/ -->\n<title>Table de Mixage Allen&amp;heath ZED 10 | ML Locations<\/title>\n<meta name=\"description\" content=\"Petite console de mixage, id\u00e9ale pour les petites installations pour vos \u00e9v\u00e9nements de types : f\u00eates d&#039;anniversaires, mariage, communion.\" \/>\n<meta name=\"robots\" content=\"index, follow, max-snippet:-1, max-image-preview:large, max-video-preview:-1\" \/>\n<link rel=\"canonical\" href=\"https:\/\/ml-locations.be\/nl\/locations\/table-de-mixage-allenheath-zed-10\/\" \/>\n<meta property=\"og:locale\" content=\"nl_NL\" \/>\n<meta property=\"og:type\" content=\"article\" \/>\n<meta property=\"og:title\" content=\"Table de Mixage Allen&amp;heath ZED 10 | ML Locations\" \/>\n<meta property=\"og:description\" content=\"Petite console de mixage, id\u00e9ale pour les petites installations pour vos \u00e9v\u00e9nements de types : f\u00eates d&#039;anniversaires, mariage, communion.\" \/>\n<meta property=\"og:url\" content=\"https:\/\/ml-locations.be\/nl\/locations\/table-de-mixage-allenheath-zed-10\/\" \/>\n<meta property=\"og:site_name\" content=\"ML Locations\" \/>\n<meta property=\"article:modified_time\" content=\"2025-07-17T10:09:00+00:00\" \/>\n<meta property=\"og:image\" content=\"https:\/\/ml-locations.be\/wp-content\/uploads\/2022\/04\/208200010aplLc3Ax2Of4dJ_250x200@2x.jpg\" \/>\n\t<meta property=\"og:image:width\" content=\"500\" \/>\n\t<meta property=\"og:image:height\" content=\"399\" \/>\n\t<meta property=\"og:image:type\" content=\"image\/jpeg\" \/>\n<meta name=\"twitter:card\" content=\"summary_large_image\" \/>\n<meta name=\"twitter:label1\" content=\"Geschatte leestijd\" \/>\n\t<meta name=\"twitter:data1\" content=\"1 minuut\" \/>\n<script type=\"application\/ld+json\" class=\"yoast-schema-graph\">{\"@context\":\"https:\/\/schema.org\",\"@graph\":[{\"@type\":\"WebPage\",\"@id\":\"https:\/\/ml-locations.be\/nl\/locations\/table-de-mixage-allenheath-zed-10\/\",\"url\":\"https:\/\/ml-locations.be\/nl\/locations\/table-de-mixage-allenheath-zed-10\/\",\"name\":\"Table de Mixage Allen&heath ZED 10 | ML Locations\",\"isPartOf\":{\"@id\":\"https:\/\/ml-locations.be\/nl\/#website\"},\"primaryImageOfPage\":{\"@id\":\"https:\/\/ml-locations.be\/nl\/locations\/table-de-mixage-allenheath-zed-10\/#primaryimage\"},\"image\":{\"@id\":\"https:\/\/ml-locations.be\/nl\/locations\/table-de-mixage-allenheath-zed-10\/#primaryimage\"},\"thumbnailUrl\":\"https:\/\/ml-locations.be\/wp-content\/uploads\/2022\/04\/208200010aplLc3Ax2Of4dJ_250x200@2x.jpg\",\"datePublished\":\"2022-04-15T13:07:09+00:00\",\"dateModified\":\"2025-07-17T10:09:00+00:00\",\"description\":\"Petite console de mixage, id\u00e9ale pour les petites installations pour vos \u00e9v\u00e9nements de types : f\u00eates d'anniversaires, mariage, communion.\",\"breadcrumb\":{\"@id\":\"https:\/\/ml-locations.be\/nl\/locations\/table-de-mixage-allenheath-zed-10\/#breadcrumb\"},\"inLanguage\":\"nl-NL\",\"potentialAction\":[{\"@type\":\"ReadAction\",\"target\":[\"https:\/\/ml-locations.be\/nl\/locations\/table-de-mixage-allenheath-zed-10\/\"]}]},{\"@type\":\"ImageObject\",\"inLanguage\":\"nl-NL\",\"@id\":\"https:\/\/ml-locations.be\/nl\/locations\/table-de-mixage-allenheath-zed-10\/#primaryimage\",\"url\":\"https:\/\/ml-locations.be\/wp-content\/uploads\/2022\/04\/208200010aplLc3Ax2Of4dJ_250x200@2x.jpg\",\"contentUrl\":\"https:\/\/ml-locations.be\/wp-content\/uploads\/2022\/04\/208200010aplLc3Ax2Of4dJ_250x200@2x.jpg\",\"width\":500,\"height\":399},{\"@type\":\"BreadcrumbList\",\"@id\":\"https:\/\/ml-locations.be\/nl\/locations\/table-de-mixage-allenheath-zed-10\/#breadcrumb\",\"itemListElement\":[{\"@type\":\"ListItem\",\"position\":1,\"name\":\"Accueil\",\"item\":\"https:\/\/ml-locations.be\/nl\/\"},{\"@type\":\"ListItem\",\"position\":2,\"name\":\"Winkel\",\"item\":\"https:\/\/ml-locations.be\/nl\/winkel\/\"},{\"@type\":\"ListItem\",\"position\":3,\"name\":\"Table de Mixage Allen&#038;heath ZED 10\"}]},{\"@type\":\"WebSite\",\"@id\":\"https:\/\/ml-locations.be\/nl\/#website\",\"url\":\"https:\/\/ml-locations.be\/nl\/\",\"name\":\"ML Locations\",\"description\":\"Mat\u00e9riel \u00e9v\u00e9nementiel : location chaise, table et mange debout, mat\u00e9riel horeca, frigos,...\",\"publisher\":{\"@id\":\"https:\/\/ml-locations.be\/nl\/#organization\"},\"potentialAction\":[{\"@type\":\"SearchAction\",\"target\":{\"@type\":\"EntryPoint\",\"urlTemplate\":\"https:\/\/ml-locations.be\/nl\/?s={search_term_string}\"},\"query-input\":{\"@type\":\"PropertyValueSpecification\",\"valueRequired\":true,\"valueName\":\"search_term_string\"}}],\"inLanguage\":\"nl-NL\"},{\"@type\":\"Organization\",\"@id\":\"https:\/\/ml-locations.be\/nl\/#organization\",\"name\":\"ML Locations\",\"url\":\"https:\/\/ml-locations.be\/nl\/\",\"logo\":{\"@type\":\"ImageObject\",\"inLanguage\":\"nl-NL\",\"@id\":\"https:\/\/ml-locations.be\/nl\/#\/schema\/logo\/image\/\",\"url\":\"https:\/\/ml-locations.be\/wp-content\/uploads\/2018\/05\/LOGO-location-BON.png\",\"contentUrl\":\"https:\/\/ml-locations.be\/wp-content\/uploads\/2018\/05\/LOGO-location-BON.png\",\"width\":1200,\"height\":1200,\"caption\":\"ML Locations\"},\"image\":{\"@id\":\"https:\/\/ml-locations.be\/nl\/#\/schema\/logo\/image\/\"}}]}<\/script>\n<!-- \/ Yoast SEO plugin. -->","yoast_head_json":{"title":"Table de Mixage Allen&heath ZED 10 | ML Locations","description":"Petite console de mixage, id\u00e9ale pour les petites installations pour vos \u00e9v\u00e9nements de types : f\u00eates d'anniversaires, mariage, communion.","robots":{"index":"index","follow":"follow","max-snippet":"max-snippet:-1","max-image-preview":"max-image-preview:large","max-video-preview":"max-video-preview:-1"},"canonical":"https:\/\/ml-locations.be\/nl\/locations\/table-de-mixage-allenheath-zed-10\/","og_locale":"nl_NL","og_type":"article","og_title":"Table de Mixage Allen&heath ZED 10 | ML Locations","og_description":"Petite console de mixage, id\u00e9ale pour les petites installations pour vos \u00e9v\u00e9nements de types : f\u00eates d'anniversaires, mariage, communion.","og_url":"https:\/\/ml-locations.be\/nl\/locations\/table-de-mixage-allenheath-zed-10\/","og_site_name":"ML Locations","article_modified_time":"2025-07-17T10:09:00+00:00","og_image":[{"width":500,"height":399,"url":"https:\/\/ml-locations.be\/wp-content\/uploads\/2022\/04\/208200010aplLc3Ax2Of4dJ_250x200@2x.jpg","type":"image\/jpeg"}],"twitter_card":"summary_large_image","twitter_misc":{"Geschatte leestijd":"1 minuut"},"schema":{"@context":"https:\/\/schema.org","@graph":[{"@type":"WebPage","@id":"https:\/\/ml-locations.be\/nl\/locations\/table-de-mixage-allenheath-zed-10\/","url":"https:\/\/ml-locations.be\/nl\/locations\/table-de-mixage-allenheath-zed-10\/","name":"Table de Mixage Allen&heath ZED 10 | ML Locations","isPartOf":{"@id":"https:\/\/ml-locations.be\/nl\/#website"},"primaryImageOfPage":{"@id":"https:\/\/ml-locations.be\/nl\/locations\/table-de-mixage-allenheath-zed-10\/#primaryimage"},"image":{"@id":"https:\/\/ml-locations.be\/nl\/locations\/table-de-mixage-allenheath-zed-10\/#primaryimage"},"thumbnailUrl":"https:\/\/ml-locations.be\/wp-content\/uploads\/2022\/04\/208200010aplLc3Ax2Of4dJ_250x200@2x.jpg","datePublished":"2022-04-15T13:07:09+00:00","dateModified":"2025-07-17T10:09:00+00:00","description":"Petite console de mixage, id\u00e9ale pour les petites installations pour vos \u00e9v\u00e9nements de types : f\u00eates d'anniversaires, mariage, communion.","breadcrumb":{"@id":"https:\/\/ml-locations.be\/nl\/locations\/table-de-mixage-allenheath-zed-10\/#breadcrumb"},"inLanguage":"nl-NL","potentialAction":[{"@type":"ReadAction","target":["https:\/\/ml-locations.be\/nl\/locations\/table-de-mixage-allenheath-zed-10\/"]}]},{"@type":"ImageObject","inLanguage":"nl-NL","@id":"https:\/\/ml-locations.be\/nl\/locations\/table-de-mixage-allenheath-zed-10\/#primaryimage","url":"https:\/\/ml-locations.be\/wp-content\/uploads\/2022\/04\/208200010aplLc3Ax2Of4dJ_250x200@2x.jpg","contentUrl":"https:\/\/ml-locations.be\/wp-content\/uploads\/2022\/04\/208200010aplLc3Ax2Of4dJ_250x200@2x.jpg","width":500,"height":399},{"@type":"BreadcrumbList","@id":"https:\/\/ml-locations.be\/nl\/locations\/table-de-mixage-allenheath-zed-10\/#breadcrumb","itemListElement":[{"@type":"ListItem","position":1,"name":"Accueil","item":"https:\/\/ml-locations.be\/nl\/"},{"@type":"ListItem","position":2,"name":"Winkel","item":"https:\/\/ml-locations.be\/nl\/winkel\/"},{"@type":"ListItem","position":3,"name":"Table de Mixage Allen&#038;heath ZED 10"}]},{"@type":"WebSite","@id":"https:\/\/ml-locations.be\/nl\/#website","url":"https:\/\/ml-locations.be\/nl\/","name":"ML Locations","description":"Mat\u00e9riel \u00e9v\u00e9nementiel : location chaise, table et mange debout, mat\u00e9riel horeca, frigos,...","publisher":{"@id":"https:\/\/ml-locations.be\/nl\/#organization"},"potentialAction":[{"@type":"SearchAction","target":{"@type":"EntryPoint","urlTemplate":"https:\/\/ml-locations.be\/nl\/?s={search_term_string}"},"query-input":{"@type":"PropertyValueSpecification","valueRequired":true,"valueName":"search_term_string"}}],"inLanguage":"nl-NL"},{"@type":"Organization","@id":"https:\/\/ml-locations.be\/nl\/#organization","name":"ML Locations","url":"https:\/\/ml-locations.be\/nl\/","logo":{"@type":"ImageObject","inLanguage":"nl-NL","@id":"https:\/\/ml-locations.be\/nl\/#\/schema\/logo\/image\/","url":"https:\/\/ml-locations.be\/wp-content\/uploads\/2018\/05\/LOGO-location-BON.png","contentUrl":"https:\/\/ml-locations.be\/wp-content\/uploads\/2018\/05\/LOGO-location-BON.png","width":1200,"height":1200,"caption":"ML Locations"},"image":{"@id":"https:\/\/ml-locations.be\/nl\/#\/schema\/logo\/image\/"}}]}},"_links":{"self":[{"href":"https:\/\/ml-locations.be\/nl\/wp-json\/wp\/v2\/product\/1042048","targetHints":{"allow":["GET"]}}],"collection":[{"href":"https:\/\/ml-locations.be\/nl\/wp-json\/wp\/v2\/product"}],"about":[{"href":"https:\/\/ml-locations.be\/nl\/wp-json\/wp\/v2\/types\/product"}],"wp:featuredmedia":[{"embeddable":true,"href":"https:\/\/ml-locations.be\/nl\/wp-json\/wp\/v2\/media\/1042049"}],"wp:attachment":[{"href":"https:\/\/ml-locations.be\/nl\/wp-json\/wp\/v2\/media?parent=1042048"}],"wp:term":[{"taxonomy":"product_brand","embeddable":true,"href":"https:\/\/ml-locations.be\/nl\/wp-json\/wp\/v2\/product_brand?post=1042048"},{"taxonomy":"product_cat","embeddable":true,"href":"https:\/\/ml-locations.be\/nl\/wp-json\/wp\/v2\/product_cat?post=1042048"},{"taxonomy":"product_tag","embeddable":true,"href":"https:\/\/ml-locations.be\/nl\/wp-json\/wp\/v2\/product_tag?post=1042048"}],"curies":[{"name":"wp","href":"https:\/\/api.w.org\/{rel}","templated":true}]}}