{"id":1043953,"date":"2022-06-06T18:48:58","date_gmt":"2022-06-06T16:48:58","guid":{"rendered":"https:\/\/ml-locations.be\/?post_type=product&#038;p=1043953"},"modified":"2025-12-08T13:22:43","modified_gmt":"2025-12-08T12:22:43","slug":"armoire-de-maintien-a-temperature","status":"publish","type":"product","link":"https:\/\/ml-locations.be\/nl\/locations\/armoire-de-maintien-a-temperature\/","title":{"rendered":"Armoire de maintien en t\u00b0 40 GN1\/1"},"content":{"rendered":"<p>Cette <strong>armoire\u00a0de maintien \u00e0 temp\u00e9rature<\/strong> muni de 4 roulettes pivotantes peut accueillir 40 gastros GN1\/1 et maintenir des temp\u00e9ratures de 0\u00b0 \u00e0 90\u00b0.<\/p>\n<p>Il est \u00e9quip\u00e9 d&#8217;un panneau de commande int\u00e9gr\u00e9 avec un <strong>thermostat de r\u00e9gulation<\/strong>, un thermom\u00e8tre analogique et de charni\u00e8res avec arr\u00eat \u00e0 100\u00b0<\/p>\n<p>Sa fermeture avec rappel automatique pour \u00e9viter les pertes de chaleur, son chauffage par r\u00e9sistance et air puls\u00e9 qui offre une homog\u00e9n\u00e9it\u00e9 de la temp\u00e9rature gr\u00e2ce \u00e0 un ventilateur interne et ses parois et porte r\u00e9alis\u00e9es en double parois inject\u00e9es de polyur\u00e9thane sans CFC \u00e0 haute densit\u00e9 garantissent le <strong>parfait maintien de la chaleur<\/strong> des plats.<\/p>\n<p>Il poss\u00e8de une construction robuste en<strong> acier inox<\/strong> aust\u00e9nitique et un pare-chocs p\u00e9riph\u00e9rique tr\u00e8s r\u00e9sistant et non marquant.<\/p>\n<p class=\"h6\">DETAILS<\/p>\n<ul>\n<li>Poids : 169 Kg<\/li>\n<li>Longueur : 799 mm<\/li>\n<li>Largeur : 876 mm<\/li>\n<li>Hauteur : 1640 mm<\/li>\n<\/ul>\n","protected":false},"excerpt":{"rendered":"<p>Cette armoire<strong>\u00a0de maintien \u00e0 temp\u00e9rature<\/strong> muni de 4 roulettes pivotantes peut accueillir 40 gastros GN1\/1 et maintenir des temp\u00e9ratures de 0\u00b0 \u00e0 90\u00b0.<\/p>\n","protected":false},"featured_media":1043954,"template":"","meta":{"_acf_changed":false},"product_brand":[],"product_cat":[29,34],"product_tag":[],"class_list":{"0":"post-1043953","1":"product","2":"type-product","3":"status-publish","4":"has-post-thumbnail","6":"product_cat-materiel-horeca-en-location","7":"product_cat-location-materiel-cuisine-et-buffet","8":"description-off","10":"first","11":"instock","12":"taxable","13":"shipping-taxable","14":"purchasable","15":"product-type-simple"},"acf":[],"yoast_head":"<!-- This site is optimized with the Yoast SEO plugin v25.0 - https:\/\/yoast.com\/wordpress\/plugins\/seo\/ -->\n<title>Armoire de maintien en t\u00b0 40 GN1\/1 | ML Locations<\/title>\n<meta name=\"description\" content=\"Cette armoire de maintien \u00e0 temp\u00e9rature muni de 4 roulettes pivotantes peut accueillir 40 gastros GN1\/1 et maintenir des temp\u00e9ratures de 0\u00b0 \u00e0 90\u00b0.\" \/>\n<meta name=\"robots\" content=\"index, follow, max-snippet:-1, max-image-preview:large, max-video-preview:-1\" \/>\n<link rel=\"canonical\" href=\"https:\/\/ml-locations.be\/nl\/locations\/armoire-de-maintien-a-temperature\/\" \/>\n<meta property=\"og:locale\" content=\"nl_NL\" \/>\n<meta property=\"og:type\" content=\"article\" \/>\n<meta property=\"og:title\" content=\"Armoire de maintien en t\u00b0 40 GN1\/1 | ML Locations\" \/>\n<meta property=\"og:description\" content=\"Cette armoire de maintien \u00e0 temp\u00e9rature muni de 4 roulettes pivotantes peut accueillir 40 gastros GN1\/1 et maintenir des temp\u00e9ratures de 0\u00b0 \u00e0 90\u00b0.\" \/>\n<meta property=\"og:url\" content=\"https:\/\/ml-locations.be\/nl\/locations\/armoire-de-maintien-a-temperature\/\" \/>\n<meta property=\"og:site_name\" content=\"ML Locations\" \/>\n<meta property=\"article:modified_time\" content=\"2025-12-08T12:22:43+00:00\" \/>\n<meta property=\"og:image\" content=\"https:\/\/ml-locations.be\/wp-content\/uploads\/2022\/06\/chariot-de-maintien-a-temperatures-de-repas-diamond-cce20.jpg.png\" \/>\n\t<meta property=\"og:image:width\" content=\"540\" \/>\n\t<meta property=\"og:image:height\" content=\"540\" \/>\n\t<meta property=\"og:image:type\" content=\"image\/png\" \/>\n<meta name=\"twitter:card\" content=\"summary_large_image\" \/>\n<meta name=\"twitter:label1\" content=\"Geschatte leestijd\" \/>\n\t<meta name=\"twitter:data1\" content=\"1 minuut\" \/>\n<script type=\"application\/ld+json\" class=\"yoast-schema-graph\">{\"@context\":\"https:\/\/schema.org\",\"@graph\":[{\"@type\":\"WebPage\",\"@id\":\"https:\/\/ml-locations.be\/nl\/locations\/armoire-de-maintien-a-temperature\/\",\"url\":\"https:\/\/ml-locations.be\/nl\/locations\/armoire-de-maintien-a-temperature\/\",\"name\":\"Armoire de maintien en t\u00b0 40 GN1\/1 | ML Locations\",\"isPartOf\":{\"@id\":\"https:\/\/ml-locations.be\/nl\/#website\"},\"primaryImageOfPage\":{\"@id\":\"https:\/\/ml-locations.be\/nl\/locations\/armoire-de-maintien-a-temperature\/#primaryimage\"},\"image\":{\"@id\":\"https:\/\/ml-locations.be\/nl\/locations\/armoire-de-maintien-a-temperature\/#primaryimage\"},\"thumbnailUrl\":\"https:\/\/ml-locations.be\/wp-content\/uploads\/2022\/06\/chariot-de-maintien-a-temperatures-de-repas-diamond-cce20.jpg.png\",\"datePublished\":\"2022-06-06T16:48:58+00:00\",\"dateModified\":\"2025-12-08T12:22:43+00:00\",\"description\":\"Cette armoire de maintien \u00e0 temp\u00e9rature muni de 4 roulettes pivotantes peut accueillir 40 gastros GN1\/1 et maintenir des temp\u00e9ratures de 0\u00b0 \u00e0 90\u00b0.\",\"breadcrumb\":{\"@id\":\"https:\/\/ml-locations.be\/nl\/locations\/armoire-de-maintien-a-temperature\/#breadcrumb\"},\"inLanguage\":\"nl-NL\",\"potentialAction\":[{\"@type\":\"ReadAction\",\"target\":[\"https:\/\/ml-locations.be\/nl\/locations\/armoire-de-maintien-a-temperature\/\"]}]},{\"@type\":\"ImageObject\",\"inLanguage\":\"nl-NL\",\"@id\":\"https:\/\/ml-locations.be\/nl\/locations\/armoire-de-maintien-a-temperature\/#primaryimage\",\"url\":\"https:\/\/ml-locations.be\/wp-content\/uploads\/2022\/06\/chariot-de-maintien-a-temperatures-de-repas-diamond-cce20.jpg.png\",\"contentUrl\":\"https:\/\/ml-locations.be\/wp-content\/uploads\/2022\/06\/chariot-de-maintien-a-temperatures-de-repas-diamond-cce20.jpg.png\",\"width\":540,\"height\":540},{\"@type\":\"BreadcrumbList\",\"@id\":\"https:\/\/ml-locations.be\/nl\/locations\/armoire-de-maintien-a-temperature\/#breadcrumb\",\"itemListElement\":[{\"@type\":\"ListItem\",\"position\":1,\"name\":\"Accueil\",\"item\":\"https:\/\/ml-locations.be\/nl\/\"},{\"@type\":\"ListItem\",\"position\":2,\"name\":\"Winkel\",\"item\":\"https:\/\/ml-locations.be\/nl\/winkel\/\"},{\"@type\":\"ListItem\",\"position\":3,\"name\":\"Armoire de maintien en t\u00b0 40 GN1\/1\"}]},{\"@type\":\"WebSite\",\"@id\":\"https:\/\/ml-locations.be\/nl\/#website\",\"url\":\"https:\/\/ml-locations.be\/nl\/\",\"name\":\"ML Locations\",\"description\":\"Mat\u00e9riel \u00e9v\u00e9nementiel : location chaise, table et mange debout, mat\u00e9riel horeca, frigos,...\",\"publisher\":{\"@id\":\"https:\/\/ml-locations.be\/nl\/#organization\"},\"potentialAction\":[{\"@type\":\"SearchAction\",\"target\":{\"@type\":\"EntryPoint\",\"urlTemplate\":\"https:\/\/ml-locations.be\/nl\/?s={search_term_string}\"},\"query-input\":{\"@type\":\"PropertyValueSpecification\",\"valueRequired\":true,\"valueName\":\"search_term_string\"}}],\"inLanguage\":\"nl-NL\"},{\"@type\":\"Organization\",\"@id\":\"https:\/\/ml-locations.be\/nl\/#organization\",\"name\":\"ML Locations\",\"url\":\"https:\/\/ml-locations.be\/nl\/\",\"logo\":{\"@type\":\"ImageObject\",\"inLanguage\":\"nl-NL\",\"@id\":\"https:\/\/ml-locations.be\/nl\/#\/schema\/logo\/image\/\",\"url\":\"https:\/\/ml-locations.be\/wp-content\/uploads\/2018\/05\/LOGO-location-BON.png\",\"contentUrl\":\"https:\/\/ml-locations.be\/wp-content\/uploads\/2018\/05\/LOGO-location-BON.png\",\"width\":1200,\"height\":1200,\"caption\":\"ML Locations\"},\"image\":{\"@id\":\"https:\/\/ml-locations.be\/nl\/#\/schema\/logo\/image\/\"}}]}<\/script>\n<!-- \/ Yoast SEO plugin. -->","yoast_head_json":{"title":"Armoire de maintien en t\u00b0 40 GN1\/1 | ML Locations","description":"Cette armoire de maintien \u00e0 temp\u00e9rature muni de 4 roulettes pivotantes peut accueillir 40 gastros GN1\/1 et maintenir des temp\u00e9ratures de 0\u00b0 \u00e0 90\u00b0.","robots":{"index":"index","follow":"follow","max-snippet":"max-snippet:-1","max-image-preview":"max-image-preview:large","max-video-preview":"max-video-preview:-1"},"canonical":"https:\/\/ml-locations.be\/nl\/locations\/armoire-de-maintien-a-temperature\/","og_locale":"nl_NL","og_type":"article","og_title":"Armoire de maintien en t\u00b0 40 GN1\/1 | ML Locations","og_description":"Cette armoire de maintien \u00e0 temp\u00e9rature muni de 4 roulettes pivotantes peut accueillir 40 gastros GN1\/1 et maintenir des temp\u00e9ratures de 0\u00b0 \u00e0 90\u00b0.","og_url":"https:\/\/ml-locations.be\/nl\/locations\/armoire-de-maintien-a-temperature\/","og_site_name":"ML Locations","article_modified_time":"2025-12-08T12:22:43+00:00","og_image":[{"width":540,"height":540,"url":"https:\/\/ml-locations.be\/wp-content\/uploads\/2022\/06\/chariot-de-maintien-a-temperatures-de-repas-diamond-cce20.jpg.png","type":"image\/png"}],"twitter_card":"summary_large_image","twitter_misc":{"Geschatte leestijd":"1 minuut"},"schema":{"@context":"https:\/\/schema.org","@graph":[{"@type":"WebPage","@id":"https:\/\/ml-locations.be\/nl\/locations\/armoire-de-maintien-a-temperature\/","url":"https:\/\/ml-locations.be\/nl\/locations\/armoire-de-maintien-a-temperature\/","name":"Armoire de maintien en t\u00b0 40 GN1\/1 | ML Locations","isPartOf":{"@id":"https:\/\/ml-locations.be\/nl\/#website"},"primaryImageOfPage":{"@id":"https:\/\/ml-locations.be\/nl\/locations\/armoire-de-maintien-a-temperature\/#primaryimage"},"image":{"@id":"https:\/\/ml-locations.be\/nl\/locations\/armoire-de-maintien-a-temperature\/#primaryimage"},"thumbnailUrl":"https:\/\/ml-locations.be\/wp-content\/uploads\/2022\/06\/chariot-de-maintien-a-temperatures-de-repas-diamond-cce20.jpg.png","datePublished":"2022-06-06T16:48:58+00:00","dateModified":"2025-12-08T12:22:43+00:00","description":"Cette armoire de maintien \u00e0 temp\u00e9rature muni de 4 roulettes pivotantes peut accueillir 40 gastros GN1\/1 et maintenir des temp\u00e9ratures de 0\u00b0 \u00e0 90\u00b0.","breadcrumb":{"@id":"https:\/\/ml-locations.be\/nl\/locations\/armoire-de-maintien-a-temperature\/#breadcrumb"},"inLanguage":"nl-NL","potentialAction":[{"@type":"ReadAction","target":["https:\/\/ml-locations.be\/nl\/locations\/armoire-de-maintien-a-temperature\/"]}]},{"@type":"ImageObject","inLanguage":"nl-NL","@id":"https:\/\/ml-locations.be\/nl\/locations\/armoire-de-maintien-a-temperature\/#primaryimage","url":"https:\/\/ml-locations.be\/wp-content\/uploads\/2022\/06\/chariot-de-maintien-a-temperatures-de-repas-diamond-cce20.jpg.png","contentUrl":"https:\/\/ml-locations.be\/wp-content\/uploads\/2022\/06\/chariot-de-maintien-a-temperatures-de-repas-diamond-cce20.jpg.png","width":540,"height":540},{"@type":"BreadcrumbList","@id":"https:\/\/ml-locations.be\/nl\/locations\/armoire-de-maintien-a-temperature\/#breadcrumb","itemListElement":[{"@type":"ListItem","position":1,"name":"Accueil","item":"https:\/\/ml-locations.be\/nl\/"},{"@type":"ListItem","position":2,"name":"Winkel","item":"https:\/\/ml-locations.be\/nl\/winkel\/"},{"@type":"ListItem","position":3,"name":"Armoire de maintien en t\u00b0 40 GN1\/1"}]},{"@type":"WebSite","@id":"https:\/\/ml-locations.be\/nl\/#website","url":"https:\/\/ml-locations.be\/nl\/","name":"ML Locations","description":"Mat\u00e9riel \u00e9v\u00e9nementiel : location chaise, table et mange debout, mat\u00e9riel horeca, frigos,...","publisher":{"@id":"https:\/\/ml-locations.be\/nl\/#organization"},"potentialAction":[{"@type":"SearchAction","target":{"@type":"EntryPoint","urlTemplate":"https:\/\/ml-locations.be\/nl\/?s={search_term_string}"},"query-input":{"@type":"PropertyValueSpecification","valueRequired":true,"valueName":"search_term_string"}}],"inLanguage":"nl-NL"},{"@type":"Organization","@id":"https:\/\/ml-locations.be\/nl\/#organization","name":"ML Locations","url":"https:\/\/ml-locations.be\/nl\/","logo":{"@type":"ImageObject","inLanguage":"nl-NL","@id":"https:\/\/ml-locations.be\/nl\/#\/schema\/logo\/image\/","url":"https:\/\/ml-locations.be\/wp-content\/uploads\/2018\/05\/LOGO-location-BON.png","contentUrl":"https:\/\/ml-locations.be\/wp-content\/uploads\/2018\/05\/LOGO-location-BON.png","width":1200,"height":1200,"caption":"ML Locations"},"image":{"@id":"https:\/\/ml-locations.be\/nl\/#\/schema\/logo\/image\/"}}]}},"_links":{"self":[{"href":"https:\/\/ml-locations.be\/nl\/wp-json\/wp\/v2\/product\/1043953","targetHints":{"allow":["GET"]}}],"collection":[{"href":"https:\/\/ml-locations.be\/nl\/wp-json\/wp\/v2\/product"}],"about":[{"href":"https:\/\/ml-locations.be\/nl\/wp-json\/wp\/v2\/types\/product"}],"wp:featuredmedia":[{"embeddable":true,"href":"https:\/\/ml-locations.be\/nl\/wp-json\/wp\/v2\/media\/1043954"}],"wp:attachment":[{"href":"https:\/\/ml-locations.be\/nl\/wp-json\/wp\/v2\/media?parent=1043953"}],"wp:term":[{"taxonomy":"product_brand","embeddable":true,"href":"https:\/\/ml-locations.be\/nl\/wp-json\/wp\/v2\/product_brand?post=1043953"},{"taxonomy":"product_cat","embeddable":true,"href":"https:\/\/ml-locations.be\/nl\/wp-json\/wp\/v2\/product_cat?post=1043953"},{"taxonomy":"product_tag","embeddable":true,"href":"https:\/\/ml-locations.be\/nl\/wp-json\/wp\/v2\/product_tag?post=1043953"}],"curies":[{"name":"wp","href":"https:\/\/api.w.org\/{rel}","templated":true}]}}