{"id":1043961,"date":"2022-06-06T19:07:36","date_gmt":"2022-06-06T17:07:36","guid":{"rendered":"https:\/\/ml-locations.be\/?post_type=product&#038;p=1043961"},"modified":"2025-07-17T11:17:11","modified_gmt":"2025-07-17T09:17:11","slug":"canopy-3x3m-noir-tonnelle-en-location","status":"publish","type":"product","link":"https:\/\/ml-locations.be\/nl\/locations\/canopy-3x3m-noir-tonnelle-en-location\/","title":{"rendered":"Canopy 3x3m noir &#8211; tonnelle en location"},"content":{"rendered":"<p><strong>Tonnelle \u00e0 louer :<\/strong>\u00a0<strong>canopy de 3x3m couleur noir<\/strong>\u00a0enti\u00e8rement pens\u00e9 pour vos <strong>\u00e9v\u00e9nements<\/strong>. Cette tonnelle en location\u00a0est compos\u00e9e d\u2019une toile polyester noire imperm\u00e9able, anti-moisissure et r\u00e9sistante aux UV. Le canopy\u00a0est trait\u00e9 comme retardateur de feu et assure une grande stabilit\u00e9 face au vent. Possibilit\u00e9 d\u2019assembler plusieurs<strong> tonnelles en location<\/strong>gr\u00e2ce \u00e0 un syst\u00e8me de goutti\u00e8res fix\u00e9es par un velcro.<\/p>\n<p>Cette tente se monte en 60 secondes et est tr\u00e8s r\u00e9sistantes!<\/p>\n<p>Dimension de la tonnelle en location (canopy) :<\/p>\n<ul>\n<li>Longueur 3m,<\/li>\n<li>Largueur 3m.<\/li>\n<\/ul>\n<p>Pensez \u00e0 r\u00e9server les parrois de c\u00f4t\u00e9s 3m si vous souhaitez la fermer et des poids de 30kg si vous souhaitez la lester ( 4 poids par tonnelle)<\/p>\n<ul>\n<li>Quatre hauteurs de passage : 192 cm | 206 cm | 220 cm | 231 cm<\/li>\n<li>Ignifug\u00e9e M1<\/li>\n<li>B\u00e2che r\u00e9sistant aux moisissures et aux UV<\/li>\n<li>R\u00e9sistance \u00e0 l&#8217;eau ISO 811 : 294 mbar (= 294 cm de colonne d&#8217;eau)<\/li>\n<li>Imperm\u00e9abilit\u00e9 \u00e0 l&#8217;eau ISO 4920 (essai de pulv\u00e9risation) : 5 (= score maximum r\u00e9alisable)<\/li>\n<\/ul>\n","protected":false},"excerpt":{"rendered":"<p><strong>Tonnelle \u00e0 louer :<\/strong>\u00a0<strong>canopy de 3x3m couleur noir<\/strong>\u00a0enti\u00e8rement pens\u00e9 pour vos <strong>\u00e9v\u00e9nements<\/strong>. Cette tonnelle en location\u00a0est compos\u00e9e d\u2019une toile polyester noire imperm\u00e9able, anti-moisissure et r\u00e9sistante aux UV. Le canopy\u00a0est trait\u00e9 comme retardateur de feu et assure une grande stabilit\u00e9 face au vent. Possibilit\u00e9 d\u2019assembler plusieurs<strong> tonnelles en location<\/strong>gr\u00e2ce \u00e0 un syst\u00e8me de goutti\u00e8res fix\u00e9es par un velcro.<\/p>\n","protected":false},"featured_media":1043962,"template":"","meta":{"_acf_changed":false},"product_brand":[],"product_cat":[37,39],"product_tag":[],"class_list":{"0":"post-1043961","1":"product","2":"type-product","3":"status-publish","4":"has-post-thumbnail","6":"product_cat-chapiteau-tente-de-reception-louer","7":"product_cat-tonnelles-et-canopys-a-louer","8":"description-off","10":"first","11":"instock","12":"taxable","13":"shipping-taxable","14":"purchasable","15":"product-type-simple"},"acf":[],"yoast_head":"<!-- This site is optimized with the Yoast SEO plugin v25.0 - https:\/\/yoast.com\/wordpress\/plugins\/seo\/ -->\n<title>Canopy 3x3m noir - tonnelle en location | ML Locations<\/title>\n<meta name=\"description\" content=\"Tonnelle \u00e0 louer :\u00a0canopy de 3x3m couleur noir\u00a0enti\u00e8rement pens\u00e9 pour vos \u00e9v\u00e9nements. Cette tonnelle en location\u00a0est compos\u00e9e d\u2019une toile polyester noire imperm\u00e9able, anti-moisissure et r\u00e9sistante aux UV. Le canopy\u00a0est trait\u00e9 comme retardateur de feu et assure une grande stabilit\u00e9 face au vent. Possibilit\u00e9 d\u2019assembler plusieurs tonnelles en locationgr\u00e2ce \u00e0 un syst\u00e8me de goutti\u00e8res fix\u00e9es par un velcro.\" \/>\n<meta name=\"robots\" content=\"index, follow, max-snippet:-1, max-image-preview:large, max-video-preview:-1\" \/>\n<link rel=\"canonical\" href=\"https:\/\/ml-locations.be\/nl\/locations\/canopy-3x3m-noir-tonnelle-en-location\/\" \/>\n<meta property=\"og:locale\" content=\"nl_NL\" \/>\n<meta property=\"og:type\" content=\"article\" \/>\n<meta property=\"og:title\" content=\"Canopy 3x3m noir - tonnelle en location | ML Locations\" \/>\n<meta property=\"og:description\" content=\"Tonnelle \u00e0 louer :\u00a0canopy de 3x3m couleur noir\u00a0enti\u00e8rement pens\u00e9 pour vos \u00e9v\u00e9nements. Cette tonnelle en location\u00a0est compos\u00e9e d\u2019une toile polyester noire imperm\u00e9able, anti-moisissure et r\u00e9sistante aux UV. Le canopy\u00a0est trait\u00e9 comme retardateur de feu et assure une grande stabilit\u00e9 face au vent. Possibilit\u00e9 d\u2019assembler plusieurs tonnelles en locationgr\u00e2ce \u00e0 un syst\u00e8me de goutti\u00e8res fix\u00e9es par un velcro.\" \/>\n<meta property=\"og:url\" content=\"https:\/\/ml-locations.be\/nl\/locations\/canopy-3x3m-noir-tonnelle-en-location\/\" \/>\n<meta property=\"og:site_name\" content=\"ML Locations\" \/>\n<meta property=\"article:modified_time\" content=\"2025-07-17T09:17:11+00:00\" \/>\n<meta property=\"og:image\" content=\"https:\/\/ml-locations.be\/wp-content\/uploads\/2022\/06\/Unknown.jpeg\" \/>\n\t<meta property=\"og:image:width\" content=\"144\" \/>\n\t<meta property=\"og:image:height\" content=\"120\" \/>\n\t<meta property=\"og:image:type\" content=\"image\/jpeg\" \/>\n<meta name=\"twitter:card\" content=\"summary_large_image\" \/>\n<meta name=\"twitter:label1\" content=\"Geschatte leestijd\" \/>\n\t<meta name=\"twitter:data1\" content=\"2 minuten\" \/>\n<script type=\"application\/ld+json\" class=\"yoast-schema-graph\">{\"@context\":\"https:\/\/schema.org\",\"@graph\":[{\"@type\":\"WebPage\",\"@id\":\"https:\/\/ml-locations.be\/nl\/locations\/canopy-3x3m-noir-tonnelle-en-location\/\",\"url\":\"https:\/\/ml-locations.be\/nl\/locations\/canopy-3x3m-noir-tonnelle-en-location\/\",\"name\":\"Canopy 3x3m noir - tonnelle en location | ML Locations\",\"isPartOf\":{\"@id\":\"https:\/\/ml-locations.be\/nl\/#website\"},\"primaryImageOfPage\":{\"@id\":\"https:\/\/ml-locations.be\/nl\/locations\/canopy-3x3m-noir-tonnelle-en-location\/#primaryimage\"},\"image\":{\"@id\":\"https:\/\/ml-locations.be\/nl\/locations\/canopy-3x3m-noir-tonnelle-en-location\/#primaryimage\"},\"thumbnailUrl\":\"https:\/\/ml-locations.be\/wp-content\/uploads\/2022\/06\/Unknown.jpeg\",\"datePublished\":\"2022-06-06T17:07:36+00:00\",\"dateModified\":\"2025-07-17T09:17:11+00:00\",\"description\":\"Tonnelle \u00e0 louer :\u00a0canopy de 3x3m couleur noir\u00a0enti\u00e8rement pens\u00e9 pour vos \u00e9v\u00e9nements. Cette tonnelle en location\u00a0est compos\u00e9e d\u2019une toile polyester noire imperm\u00e9able, anti-moisissure et r\u00e9sistante aux UV. Le canopy\u00a0est trait\u00e9 comme retardateur de feu et assure une grande stabilit\u00e9 face au vent. Possibilit\u00e9 d\u2019assembler plusieurs tonnelles en locationgr\u00e2ce \u00e0 un syst\u00e8me de goutti\u00e8res fix\u00e9es par un velcro.\",\"breadcrumb\":{\"@id\":\"https:\/\/ml-locations.be\/nl\/locations\/canopy-3x3m-noir-tonnelle-en-location\/#breadcrumb\"},\"inLanguage\":\"nl-NL\",\"potentialAction\":[{\"@type\":\"ReadAction\",\"target\":[\"https:\/\/ml-locations.be\/nl\/locations\/canopy-3x3m-noir-tonnelle-en-location\/\"]}]},{\"@type\":\"ImageObject\",\"inLanguage\":\"nl-NL\",\"@id\":\"https:\/\/ml-locations.be\/nl\/locations\/canopy-3x3m-noir-tonnelle-en-location\/#primaryimage\",\"url\":\"https:\/\/ml-locations.be\/wp-content\/uploads\/2022\/06\/Unknown.jpeg\",\"contentUrl\":\"https:\/\/ml-locations.be\/wp-content\/uploads\/2022\/06\/Unknown.jpeg\",\"width\":144,\"height\":120},{\"@type\":\"BreadcrumbList\",\"@id\":\"https:\/\/ml-locations.be\/nl\/locations\/canopy-3x3m-noir-tonnelle-en-location\/#breadcrumb\",\"itemListElement\":[{\"@type\":\"ListItem\",\"position\":1,\"name\":\"Accueil\",\"item\":\"https:\/\/ml-locations.be\/nl\/\"},{\"@type\":\"ListItem\",\"position\":2,\"name\":\"Winkel\",\"item\":\"https:\/\/ml-locations.be\/nl\/winkel\/\"},{\"@type\":\"ListItem\",\"position\":3,\"name\":\"Canopy 3x3m noir &#8211; tonnelle en location\"}]},{\"@type\":\"WebSite\",\"@id\":\"https:\/\/ml-locations.be\/nl\/#website\",\"url\":\"https:\/\/ml-locations.be\/nl\/\",\"name\":\"ML Locations\",\"description\":\"Mat\u00e9riel \u00e9v\u00e9nementiel : location chaise, table et mange debout, mat\u00e9riel horeca, frigos,...\",\"publisher\":{\"@id\":\"https:\/\/ml-locations.be\/nl\/#organization\"},\"potentialAction\":[{\"@type\":\"SearchAction\",\"target\":{\"@type\":\"EntryPoint\",\"urlTemplate\":\"https:\/\/ml-locations.be\/nl\/?s={search_term_string}\"},\"query-input\":{\"@type\":\"PropertyValueSpecification\",\"valueRequired\":true,\"valueName\":\"search_term_string\"}}],\"inLanguage\":\"nl-NL\"},{\"@type\":\"Organization\",\"@id\":\"https:\/\/ml-locations.be\/nl\/#organization\",\"name\":\"ML Locations\",\"url\":\"https:\/\/ml-locations.be\/nl\/\",\"logo\":{\"@type\":\"ImageObject\",\"inLanguage\":\"nl-NL\",\"@id\":\"https:\/\/ml-locations.be\/nl\/#\/schema\/logo\/image\/\",\"url\":\"https:\/\/ml-locations.be\/wp-content\/uploads\/2018\/05\/LOGO-location-BON.png\",\"contentUrl\":\"https:\/\/ml-locations.be\/wp-content\/uploads\/2018\/05\/LOGO-location-BON.png\",\"width\":1200,\"height\":1200,\"caption\":\"ML Locations\"},\"image\":{\"@id\":\"https:\/\/ml-locations.be\/nl\/#\/schema\/logo\/image\/\"}}]}<\/script>\n<!-- \/ Yoast SEO plugin. -->","yoast_head_json":{"title":"Canopy 3x3m noir - tonnelle en location | ML Locations","description":"Tonnelle \u00e0 louer :\u00a0canopy de 3x3m couleur noir\u00a0enti\u00e8rement pens\u00e9 pour vos \u00e9v\u00e9nements. Cette tonnelle en location\u00a0est compos\u00e9e d\u2019une toile polyester noire imperm\u00e9able, anti-moisissure et r\u00e9sistante aux UV. Le canopy\u00a0est trait\u00e9 comme retardateur de feu et assure une grande stabilit\u00e9 face au vent. Possibilit\u00e9 d\u2019assembler plusieurs tonnelles en locationgr\u00e2ce \u00e0 un syst\u00e8me de goutti\u00e8res fix\u00e9es par un velcro.","robots":{"index":"index","follow":"follow","max-snippet":"max-snippet:-1","max-image-preview":"max-image-preview:large","max-video-preview":"max-video-preview:-1"},"canonical":"https:\/\/ml-locations.be\/nl\/locations\/canopy-3x3m-noir-tonnelle-en-location\/","og_locale":"nl_NL","og_type":"article","og_title":"Canopy 3x3m noir - tonnelle en location | ML Locations","og_description":"Tonnelle \u00e0 louer :\u00a0canopy de 3x3m couleur noir\u00a0enti\u00e8rement pens\u00e9 pour vos \u00e9v\u00e9nements. Cette tonnelle en location\u00a0est compos\u00e9e d\u2019une toile polyester noire imperm\u00e9able, anti-moisissure et r\u00e9sistante aux UV. Le canopy\u00a0est trait\u00e9 comme retardateur de feu et assure une grande stabilit\u00e9 face au vent. Possibilit\u00e9 d\u2019assembler plusieurs tonnelles en locationgr\u00e2ce \u00e0 un syst\u00e8me de goutti\u00e8res fix\u00e9es par un velcro.","og_url":"https:\/\/ml-locations.be\/nl\/locations\/canopy-3x3m-noir-tonnelle-en-location\/","og_site_name":"ML Locations","article_modified_time":"2025-07-17T09:17:11+00:00","og_image":[{"width":144,"height":120,"url":"https:\/\/ml-locations.be\/wp-content\/uploads\/2022\/06\/Unknown.jpeg","type":"image\/jpeg"}],"twitter_card":"summary_large_image","twitter_misc":{"Geschatte leestijd":"2 minuten"},"schema":{"@context":"https:\/\/schema.org","@graph":[{"@type":"WebPage","@id":"https:\/\/ml-locations.be\/nl\/locations\/canopy-3x3m-noir-tonnelle-en-location\/","url":"https:\/\/ml-locations.be\/nl\/locations\/canopy-3x3m-noir-tonnelle-en-location\/","name":"Canopy 3x3m noir - tonnelle en location | ML Locations","isPartOf":{"@id":"https:\/\/ml-locations.be\/nl\/#website"},"primaryImageOfPage":{"@id":"https:\/\/ml-locations.be\/nl\/locations\/canopy-3x3m-noir-tonnelle-en-location\/#primaryimage"},"image":{"@id":"https:\/\/ml-locations.be\/nl\/locations\/canopy-3x3m-noir-tonnelle-en-location\/#primaryimage"},"thumbnailUrl":"https:\/\/ml-locations.be\/wp-content\/uploads\/2022\/06\/Unknown.jpeg","datePublished":"2022-06-06T17:07:36+00:00","dateModified":"2025-07-17T09:17:11+00:00","description":"Tonnelle \u00e0 louer :\u00a0canopy de 3x3m couleur noir\u00a0enti\u00e8rement pens\u00e9 pour vos \u00e9v\u00e9nements. Cette tonnelle en location\u00a0est compos\u00e9e d\u2019une toile polyester noire imperm\u00e9able, anti-moisissure et r\u00e9sistante aux UV. Le canopy\u00a0est trait\u00e9 comme retardateur de feu et assure une grande stabilit\u00e9 face au vent. Possibilit\u00e9 d\u2019assembler plusieurs tonnelles en locationgr\u00e2ce \u00e0 un syst\u00e8me de goutti\u00e8res fix\u00e9es par un velcro.","breadcrumb":{"@id":"https:\/\/ml-locations.be\/nl\/locations\/canopy-3x3m-noir-tonnelle-en-location\/#breadcrumb"},"inLanguage":"nl-NL","potentialAction":[{"@type":"ReadAction","target":["https:\/\/ml-locations.be\/nl\/locations\/canopy-3x3m-noir-tonnelle-en-location\/"]}]},{"@type":"ImageObject","inLanguage":"nl-NL","@id":"https:\/\/ml-locations.be\/nl\/locations\/canopy-3x3m-noir-tonnelle-en-location\/#primaryimage","url":"https:\/\/ml-locations.be\/wp-content\/uploads\/2022\/06\/Unknown.jpeg","contentUrl":"https:\/\/ml-locations.be\/wp-content\/uploads\/2022\/06\/Unknown.jpeg","width":144,"height":120},{"@type":"BreadcrumbList","@id":"https:\/\/ml-locations.be\/nl\/locations\/canopy-3x3m-noir-tonnelle-en-location\/#breadcrumb","itemListElement":[{"@type":"ListItem","position":1,"name":"Accueil","item":"https:\/\/ml-locations.be\/nl\/"},{"@type":"ListItem","position":2,"name":"Winkel","item":"https:\/\/ml-locations.be\/nl\/winkel\/"},{"@type":"ListItem","position":3,"name":"Canopy 3x3m noir &#8211; tonnelle en location"}]},{"@type":"WebSite","@id":"https:\/\/ml-locations.be\/nl\/#website","url":"https:\/\/ml-locations.be\/nl\/","name":"ML Locations","description":"Mat\u00e9riel \u00e9v\u00e9nementiel : location chaise, table et mange debout, mat\u00e9riel horeca, frigos,...","publisher":{"@id":"https:\/\/ml-locations.be\/nl\/#organization"},"potentialAction":[{"@type":"SearchAction","target":{"@type":"EntryPoint","urlTemplate":"https:\/\/ml-locations.be\/nl\/?s={search_term_string}"},"query-input":{"@type":"PropertyValueSpecification","valueRequired":true,"valueName":"search_term_string"}}],"inLanguage":"nl-NL"},{"@type":"Organization","@id":"https:\/\/ml-locations.be\/nl\/#organization","name":"ML Locations","url":"https:\/\/ml-locations.be\/nl\/","logo":{"@type":"ImageObject","inLanguage":"nl-NL","@id":"https:\/\/ml-locations.be\/nl\/#\/schema\/logo\/image\/","url":"https:\/\/ml-locations.be\/wp-content\/uploads\/2018\/05\/LOGO-location-BON.png","contentUrl":"https:\/\/ml-locations.be\/wp-content\/uploads\/2018\/05\/LOGO-location-BON.png","width":1200,"height":1200,"caption":"ML Locations"},"image":{"@id":"https:\/\/ml-locations.be\/nl\/#\/schema\/logo\/image\/"}}]}},"_links":{"self":[{"href":"https:\/\/ml-locations.be\/nl\/wp-json\/wp\/v2\/product\/1043961","targetHints":{"allow":["GET"]}}],"collection":[{"href":"https:\/\/ml-locations.be\/nl\/wp-json\/wp\/v2\/product"}],"about":[{"href":"https:\/\/ml-locations.be\/nl\/wp-json\/wp\/v2\/types\/product"}],"wp:featuredmedia":[{"embeddable":true,"href":"https:\/\/ml-locations.be\/nl\/wp-json\/wp\/v2\/media\/1043962"}],"wp:attachment":[{"href":"https:\/\/ml-locations.be\/nl\/wp-json\/wp\/v2\/media?parent=1043961"}],"wp:term":[{"taxonomy":"product_brand","embeddable":true,"href":"https:\/\/ml-locations.be\/nl\/wp-json\/wp\/v2\/product_brand?post=1043961"},{"taxonomy":"product_cat","embeddable":true,"href":"https:\/\/ml-locations.be\/nl\/wp-json\/wp\/v2\/product_cat?post=1043961"},{"taxonomy":"product_tag","embeddable":true,"href":"https:\/\/ml-locations.be\/nl\/wp-json\/wp\/v2\/product_tag?post=1043961"}],"curies":[{"name":"wp","href":"https:\/\/api.w.org\/{rel}","templated":true}]}}