{"id":1044037,"date":"2022-06-08T09:36:55","date_gmt":"2022-06-08T07:36:55","guid":{"rendered":"https:\/\/ml-locations.be\/?post_type=product&#038;p=1044037"},"modified":"2025-07-17T12:22:07","modified_gmt":"2025-07-17T10:22:07","slug":"verrine-ronde-65cl-49-pieces","status":"publish","type":"product","link":"https:\/\/ml-locations.be\/nl\/locations\/verrine-ronde-65cl-49-pieces\/","title":{"rendered":"Verrine ronde 6,5cl ( 49 pi\u00e8ces)"},"content":{"rendered":"<p>Cette <strong>verrine en location<\/strong> d&#8217;une contenance de 6,5cl sera parfaite pour vos pr\u00e9parations pour les cocktails dinatoires, ap\u00e9ro, walking dinner!<\/p>\n<p>Sa forme ronde et \u00e9vas\u00e9e vous permettra de mettre vos produits bien en valeur.<\/p>\n<p>Il peut \u00e9galement servir de verre \u00e0 shot<\/p>\n<p>Dimensions :<\/p>\n<p>Hauteur : 7cm<\/p>\n<p>Diam\u00e8tre : 4,5cm<\/p>\n<p>Contenance : 6,5cl<\/p>\n","protected":false},"excerpt":{"rendered":"<p>Cette <strong>verrine en location<\/strong> d&#8217;une contenance de 6,5cl sera parfaite pour vos pr\u00e9parations pour les cocktails dinatoires, ap\u00e9ro, walking dinner!<\/p>\n<p>Sa forme ronde et \u00e9vas\u00e9e vous permettra de mettre vos produits bien en valeur.<\/p>\n<p>Il peut \u00e9galement servir de verre \u00e0 shot<\/p>\n","protected":false},"featured_media":1044038,"template":"","meta":{"_acf_changed":false},"product_brand":[],"product_cat":[256,29,33],"product_tag":[],"class_list":{"0":"post-1044037","1":"product","2":"type-product","3":"status-publish","4":"has-post-thumbnail","6":"product_cat-verrines","7":"product_cat-materiel-horeca-en-location","8":"product_cat-location-vaisselle","9":"description-off","11":"first","12":"instock","13":"taxable","14":"shipping-taxable","15":"purchasable","16":"product-type-simple"},"acf":[],"yoast_head":"<!-- This site is optimized with the Yoast SEO plugin v25.0 - https:\/\/yoast.com\/wordpress\/plugins\/seo\/ -->\n<title>Verrine ronde 6,5cl ( 49 pi\u00e8ces) | ML Locations<\/title>\n<meta name=\"description\" content=\"Cette verrine en location d&#039;une contenance de 6,5cl sera parfaite pour vos pr\u00e9parations pour les cocktails dinatoires, ap\u00e9ro, walking dinner!Sa forme ronde et \u00e9vas\u00e9e vous permettra de mettre vos produits bien en valeur.Il peut \u00e9galement servir de verre \u00e0 shot\" \/>\n<meta name=\"robots\" content=\"index, follow, max-snippet:-1, max-image-preview:large, max-video-preview:-1\" \/>\n<link rel=\"canonical\" href=\"https:\/\/ml-locations.be\/nl\/locations\/verrine-ronde-65cl-49-pieces\/\" \/>\n<meta property=\"og:locale\" content=\"nl_NL\" \/>\n<meta property=\"og:type\" content=\"article\" \/>\n<meta property=\"og:title\" content=\"Verrine ronde 6,5cl ( 49 pi\u00e8ces) | ML Locations\" \/>\n<meta property=\"og:description\" content=\"Cette verrine en location d&#039;une contenance de 6,5cl sera parfaite pour vos pr\u00e9parations pour les cocktails dinatoires, ap\u00e9ro, walking dinner!Sa forme ronde et \u00e9vas\u00e9e vous permettra de mettre vos produits bien en valeur.Il peut \u00e9galement servir de verre \u00e0 shot\" \/>\n<meta property=\"og:url\" content=\"https:\/\/ml-locations.be\/nl\/locations\/verrine-ronde-65cl-49-pieces\/\" \/>\n<meta property=\"og:site_name\" content=\"ML Locations\" \/>\n<meta property=\"article:modified_time\" content=\"2025-07-17T10:22:07+00:00\" \/>\n<meta property=\"og:image\" content=\"https:\/\/ml-locations.be\/wp-content\/uploads\/2022\/06\/Unknown-1.jpeg\" \/>\n\t<meta property=\"og:image:width\" content=\"225\" \/>\n\t<meta property=\"og:image:height\" content=\"225\" \/>\n\t<meta property=\"og:image:type\" content=\"image\/jpeg\" \/>\n<meta name=\"twitter:card\" content=\"summary_large_image\" \/>\n<meta name=\"twitter:label1\" content=\"Geschatte leestijd\" \/>\n\t<meta name=\"twitter:data1\" content=\"1 minuut\" \/>\n<script type=\"application\/ld+json\" class=\"yoast-schema-graph\">{\"@context\":\"https:\/\/schema.org\",\"@graph\":[{\"@type\":\"WebPage\",\"@id\":\"https:\/\/ml-locations.be\/nl\/locations\/verrine-ronde-65cl-49-pieces\/\",\"url\":\"https:\/\/ml-locations.be\/nl\/locations\/verrine-ronde-65cl-49-pieces\/\",\"name\":\"Verrine ronde 6,5cl ( 49 pi\u00e8ces) | ML Locations\",\"isPartOf\":{\"@id\":\"https:\/\/ml-locations.be\/nl\/#website\"},\"primaryImageOfPage\":{\"@id\":\"https:\/\/ml-locations.be\/nl\/locations\/verrine-ronde-65cl-49-pieces\/#primaryimage\"},\"image\":{\"@id\":\"https:\/\/ml-locations.be\/nl\/locations\/verrine-ronde-65cl-49-pieces\/#primaryimage\"},\"thumbnailUrl\":\"https:\/\/ml-locations.be\/wp-content\/uploads\/2022\/06\/Unknown-1.jpeg\",\"datePublished\":\"2022-06-08T07:36:55+00:00\",\"dateModified\":\"2025-07-17T10:22:07+00:00\",\"description\":\"Cette verrine en location d'une contenance de 6,5cl sera parfaite pour vos pr\u00e9parations pour les cocktails dinatoires, ap\u00e9ro, walking dinner!Sa forme ronde et \u00e9vas\u00e9e vous permettra de mettre vos produits bien en valeur.Il peut \u00e9galement servir de verre \u00e0 shot\",\"breadcrumb\":{\"@id\":\"https:\/\/ml-locations.be\/nl\/locations\/verrine-ronde-65cl-49-pieces\/#breadcrumb\"},\"inLanguage\":\"nl-NL\",\"potentialAction\":[{\"@type\":\"ReadAction\",\"target\":[\"https:\/\/ml-locations.be\/nl\/locations\/verrine-ronde-65cl-49-pieces\/\"]}]},{\"@type\":\"ImageObject\",\"inLanguage\":\"nl-NL\",\"@id\":\"https:\/\/ml-locations.be\/nl\/locations\/verrine-ronde-65cl-49-pieces\/#primaryimage\",\"url\":\"https:\/\/ml-locations.be\/wp-content\/uploads\/2022\/06\/Unknown-1.jpeg\",\"contentUrl\":\"https:\/\/ml-locations.be\/wp-content\/uploads\/2022\/06\/Unknown-1.jpeg\",\"width\":225,\"height\":225},{\"@type\":\"BreadcrumbList\",\"@id\":\"https:\/\/ml-locations.be\/nl\/locations\/verrine-ronde-65cl-49-pieces\/#breadcrumb\",\"itemListElement\":[{\"@type\":\"ListItem\",\"position\":1,\"name\":\"Accueil\",\"item\":\"https:\/\/ml-locations.be\/nl\/\"},{\"@type\":\"ListItem\",\"position\":2,\"name\":\"Winkel\",\"item\":\"https:\/\/ml-locations.be\/nl\/winkel\/\"},{\"@type\":\"ListItem\",\"position\":3,\"name\":\"Verrine ronde 6,5cl ( 49 pi\u00e8ces)\"}]},{\"@type\":\"WebSite\",\"@id\":\"https:\/\/ml-locations.be\/nl\/#website\",\"url\":\"https:\/\/ml-locations.be\/nl\/\",\"name\":\"ML Locations\",\"description\":\"Mat\u00e9riel \u00e9v\u00e9nementiel : location chaise, table et mange debout, mat\u00e9riel horeca, frigos,...\",\"publisher\":{\"@id\":\"https:\/\/ml-locations.be\/nl\/#organization\"},\"potentialAction\":[{\"@type\":\"SearchAction\",\"target\":{\"@type\":\"EntryPoint\",\"urlTemplate\":\"https:\/\/ml-locations.be\/nl\/?s={search_term_string}\"},\"query-input\":{\"@type\":\"PropertyValueSpecification\",\"valueRequired\":true,\"valueName\":\"search_term_string\"}}],\"inLanguage\":\"nl-NL\"},{\"@type\":\"Organization\",\"@id\":\"https:\/\/ml-locations.be\/nl\/#organization\",\"name\":\"ML Locations\",\"url\":\"https:\/\/ml-locations.be\/nl\/\",\"logo\":{\"@type\":\"ImageObject\",\"inLanguage\":\"nl-NL\",\"@id\":\"https:\/\/ml-locations.be\/nl\/#\/schema\/logo\/image\/\",\"url\":\"https:\/\/ml-locations.be\/wp-content\/uploads\/2018\/05\/LOGO-location-BON.png\",\"contentUrl\":\"https:\/\/ml-locations.be\/wp-content\/uploads\/2018\/05\/LOGO-location-BON.png\",\"width\":1200,\"height\":1200,\"caption\":\"ML Locations\"},\"image\":{\"@id\":\"https:\/\/ml-locations.be\/nl\/#\/schema\/logo\/image\/\"}}]}<\/script>\n<!-- \/ Yoast SEO plugin. -->","yoast_head_json":{"title":"Verrine ronde 6,5cl ( 49 pi\u00e8ces) | ML Locations","description":"Cette verrine en location d'une contenance de 6,5cl sera parfaite pour vos pr\u00e9parations pour les cocktails dinatoires, ap\u00e9ro, walking dinner!Sa forme ronde et \u00e9vas\u00e9e vous permettra de mettre vos produits bien en valeur.Il peut \u00e9galement servir de verre \u00e0 shot","robots":{"index":"index","follow":"follow","max-snippet":"max-snippet:-1","max-image-preview":"max-image-preview:large","max-video-preview":"max-video-preview:-1"},"canonical":"https:\/\/ml-locations.be\/nl\/locations\/verrine-ronde-65cl-49-pieces\/","og_locale":"nl_NL","og_type":"article","og_title":"Verrine ronde 6,5cl ( 49 pi\u00e8ces) | ML Locations","og_description":"Cette verrine en location d'une contenance de 6,5cl sera parfaite pour vos pr\u00e9parations pour les cocktails dinatoires, ap\u00e9ro, walking dinner!Sa forme ronde et \u00e9vas\u00e9e vous permettra de mettre vos produits bien en valeur.Il peut \u00e9galement servir de verre \u00e0 shot","og_url":"https:\/\/ml-locations.be\/nl\/locations\/verrine-ronde-65cl-49-pieces\/","og_site_name":"ML Locations","article_modified_time":"2025-07-17T10:22:07+00:00","og_image":[{"width":225,"height":225,"url":"https:\/\/ml-locations.be\/wp-content\/uploads\/2022\/06\/Unknown-1.jpeg","type":"image\/jpeg"}],"twitter_card":"summary_large_image","twitter_misc":{"Geschatte leestijd":"1 minuut"},"schema":{"@context":"https:\/\/schema.org","@graph":[{"@type":"WebPage","@id":"https:\/\/ml-locations.be\/nl\/locations\/verrine-ronde-65cl-49-pieces\/","url":"https:\/\/ml-locations.be\/nl\/locations\/verrine-ronde-65cl-49-pieces\/","name":"Verrine ronde 6,5cl ( 49 pi\u00e8ces) | ML Locations","isPartOf":{"@id":"https:\/\/ml-locations.be\/nl\/#website"},"primaryImageOfPage":{"@id":"https:\/\/ml-locations.be\/nl\/locations\/verrine-ronde-65cl-49-pieces\/#primaryimage"},"image":{"@id":"https:\/\/ml-locations.be\/nl\/locations\/verrine-ronde-65cl-49-pieces\/#primaryimage"},"thumbnailUrl":"https:\/\/ml-locations.be\/wp-content\/uploads\/2022\/06\/Unknown-1.jpeg","datePublished":"2022-06-08T07:36:55+00:00","dateModified":"2025-07-17T10:22:07+00:00","description":"Cette verrine en location d'une contenance de 6,5cl sera parfaite pour vos pr\u00e9parations pour les cocktails dinatoires, ap\u00e9ro, walking dinner!Sa forme ronde et \u00e9vas\u00e9e vous permettra de mettre vos produits bien en valeur.Il peut \u00e9galement servir de verre \u00e0 shot","breadcrumb":{"@id":"https:\/\/ml-locations.be\/nl\/locations\/verrine-ronde-65cl-49-pieces\/#breadcrumb"},"inLanguage":"nl-NL","potentialAction":[{"@type":"ReadAction","target":["https:\/\/ml-locations.be\/nl\/locations\/verrine-ronde-65cl-49-pieces\/"]}]},{"@type":"ImageObject","inLanguage":"nl-NL","@id":"https:\/\/ml-locations.be\/nl\/locations\/verrine-ronde-65cl-49-pieces\/#primaryimage","url":"https:\/\/ml-locations.be\/wp-content\/uploads\/2022\/06\/Unknown-1.jpeg","contentUrl":"https:\/\/ml-locations.be\/wp-content\/uploads\/2022\/06\/Unknown-1.jpeg","width":225,"height":225},{"@type":"BreadcrumbList","@id":"https:\/\/ml-locations.be\/nl\/locations\/verrine-ronde-65cl-49-pieces\/#breadcrumb","itemListElement":[{"@type":"ListItem","position":1,"name":"Accueil","item":"https:\/\/ml-locations.be\/nl\/"},{"@type":"ListItem","position":2,"name":"Winkel","item":"https:\/\/ml-locations.be\/nl\/winkel\/"},{"@type":"ListItem","position":3,"name":"Verrine ronde 6,5cl ( 49 pi\u00e8ces)"}]},{"@type":"WebSite","@id":"https:\/\/ml-locations.be\/nl\/#website","url":"https:\/\/ml-locations.be\/nl\/","name":"ML Locations","description":"Mat\u00e9riel \u00e9v\u00e9nementiel : location chaise, table et mange debout, mat\u00e9riel horeca, frigos,...","publisher":{"@id":"https:\/\/ml-locations.be\/nl\/#organization"},"potentialAction":[{"@type":"SearchAction","target":{"@type":"EntryPoint","urlTemplate":"https:\/\/ml-locations.be\/nl\/?s={search_term_string}"},"query-input":{"@type":"PropertyValueSpecification","valueRequired":true,"valueName":"search_term_string"}}],"inLanguage":"nl-NL"},{"@type":"Organization","@id":"https:\/\/ml-locations.be\/nl\/#organization","name":"ML Locations","url":"https:\/\/ml-locations.be\/nl\/","logo":{"@type":"ImageObject","inLanguage":"nl-NL","@id":"https:\/\/ml-locations.be\/nl\/#\/schema\/logo\/image\/","url":"https:\/\/ml-locations.be\/wp-content\/uploads\/2018\/05\/LOGO-location-BON.png","contentUrl":"https:\/\/ml-locations.be\/wp-content\/uploads\/2018\/05\/LOGO-location-BON.png","width":1200,"height":1200,"caption":"ML Locations"},"image":{"@id":"https:\/\/ml-locations.be\/nl\/#\/schema\/logo\/image\/"}}]}},"_links":{"self":[{"href":"https:\/\/ml-locations.be\/nl\/wp-json\/wp\/v2\/product\/1044037","targetHints":{"allow":["GET"]}}],"collection":[{"href":"https:\/\/ml-locations.be\/nl\/wp-json\/wp\/v2\/product"}],"about":[{"href":"https:\/\/ml-locations.be\/nl\/wp-json\/wp\/v2\/types\/product"}],"wp:featuredmedia":[{"embeddable":true,"href":"https:\/\/ml-locations.be\/nl\/wp-json\/wp\/v2\/media\/1044038"}],"wp:attachment":[{"href":"https:\/\/ml-locations.be\/nl\/wp-json\/wp\/v2\/media?parent=1044037"}],"wp:term":[{"taxonomy":"product_brand","embeddable":true,"href":"https:\/\/ml-locations.be\/nl\/wp-json\/wp\/v2\/product_brand?post=1044037"},{"taxonomy":"product_cat","embeddable":true,"href":"https:\/\/ml-locations.be\/nl\/wp-json\/wp\/v2\/product_cat?post=1044037"},{"taxonomy":"product_tag","embeddable":true,"href":"https:\/\/ml-locations.be\/nl\/wp-json\/wp\/v2\/product_tag?post=1044037"}],"curies":[{"name":"wp","href":"https:\/\/api.w.org\/{rel}","templated":true}]}}