{"id":1044050,"date":"2022-06-08T11:54:50","date_gmt":"2022-06-08T09:54:50","guid":{"rendered":"https:\/\/ml-locations.be\/?post_type=product&#038;p=1044050"},"modified":"2022-06-08T11:54:54","modified_gmt":"2022-06-08T09:54:54","slug":"poubelle-de-table","status":"publish","type":"product","link":"https:\/\/ml-locations.be\/nl\/locations\/poubelle-de-table\/","title":{"rendered":"Poubelle de table"},"content":{"rendered":"<p>Cette <strong>poubelle de table en location <\/strong>\u00e0 placer sur les tables mange-debout durant vos cocktails dinatoire sera l&#8217;\u00e9l\u00e9ment indispensable pour un \u00e9v\u00e9nement propre!<\/p>\n<p>Dimension :<\/p>\n<p>Hauteur : 19cm<\/p>\n<p>Diam\u00e8tre : 12cm<\/p>\n<p>Capacit\u00e9 : 1,5 litre<\/p>\n<p>&nbsp;<\/p>\n","protected":false},"excerpt":{"rendered":"<p>Cette <strong>poubelle de table en location <\/strong>\u00e0 placer sur les tables mange-debout durant vos cocktails dinatoire sera l&#8217;\u00e9l\u00e9ment indispensable pour un \u00e9v\u00e9nement propre!<\/p>\n","protected":false},"featured_media":1044052,"template":"","meta":{"_acf_changed":false},"product_brand":[],"product_cat":[29,31],"product_tag":[],"class_list":{"0":"post-1044050","1":"product","2":"type-product","3":"status-publish","4":"has-post-thumbnail","6":"product_cat-materiel-horeca-en-location","7":"product_cat-proprete-et-securite","8":"description-off","10":"first","11":"instock","12":"taxable","13":"shipping-taxable","14":"purchasable","15":"product-type-simple"},"acf":[],"yoast_head":"<!-- This site is optimized with the Yoast SEO plugin v25.0 - https:\/\/yoast.com\/wordpress\/plugins\/seo\/ -->\n<title>Poubelle de table | ML Locations<\/title>\n<meta name=\"description\" content=\"Cette poubelle de table en location \u00e0 placer sur les tables mange-debout durant vos cocktails dinatoire sera l&#039;\u00e9l\u00e9ment indispensable pour un \u00e9v\u00e9nement propre!\u00a0\" \/>\n<meta name=\"robots\" content=\"index, follow, max-snippet:-1, max-image-preview:large, max-video-preview:-1\" \/>\n<link rel=\"canonical\" href=\"https:\/\/ml-locations.be\/nl\/locations\/poubelle-de-table\/\" \/>\n<meta property=\"og:locale\" content=\"nl_NL\" \/>\n<meta property=\"og:type\" content=\"article\" \/>\n<meta property=\"og:title\" content=\"Poubelle de table | ML Locations\" \/>\n<meta property=\"og:description\" content=\"Cette poubelle de table en location \u00e0 placer sur les tables mange-debout durant vos cocktails dinatoire sera l&#039;\u00e9l\u00e9ment indispensable pour un \u00e9v\u00e9nement propre!\u00a0\" \/>\n<meta property=\"og:url\" content=\"https:\/\/ml-locations.be\/nl\/locations\/poubelle-de-table\/\" \/>\n<meta property=\"og:site_name\" content=\"ML Locations\" \/>\n<meta property=\"article:modified_time\" content=\"2022-06-08T09:54:54+00:00\" \/>\n<meta property=\"og:image\" content=\"https:\/\/ml-locations.be\/wp-content\/uploads\/2022\/06\/poubelle-table.jpg\" \/>\n\t<meta property=\"og:image:width\" content=\"500\" \/>\n\t<meta property=\"og:image:height\" content=\"500\" \/>\n\t<meta property=\"og:image:type\" content=\"image\/jpeg\" \/>\n<meta name=\"twitter:card\" content=\"summary_large_image\" \/>\n<meta name=\"twitter:label1\" content=\"Geschatte leestijd\" \/>\n\t<meta name=\"twitter:data1\" content=\"1 minuut\" \/>\n<script type=\"application\/ld+json\" class=\"yoast-schema-graph\">{\"@context\":\"https:\/\/schema.org\",\"@graph\":[{\"@type\":\"WebPage\",\"@id\":\"https:\/\/ml-locations.be\/nl\/locations\/poubelle-de-table\/\",\"url\":\"https:\/\/ml-locations.be\/nl\/locations\/poubelle-de-table\/\",\"name\":\"Poubelle de table | ML Locations\",\"isPartOf\":{\"@id\":\"https:\/\/ml-locations.be\/nl\/#website\"},\"primaryImageOfPage\":{\"@id\":\"https:\/\/ml-locations.be\/nl\/locations\/poubelle-de-table\/#primaryimage\"},\"image\":{\"@id\":\"https:\/\/ml-locations.be\/nl\/locations\/poubelle-de-table\/#primaryimage\"},\"thumbnailUrl\":\"https:\/\/ml-locations.be\/wp-content\/uploads\/2022\/06\/poubelle-table.jpg\",\"datePublished\":\"2022-06-08T09:54:50+00:00\",\"dateModified\":\"2022-06-08T09:54:54+00:00\",\"description\":\"Cette poubelle de table en location \u00e0 placer sur les tables mange-debout durant vos cocktails dinatoire sera l'\u00e9l\u00e9ment indispensable pour un \u00e9v\u00e9nement propre!\u00a0\",\"breadcrumb\":{\"@id\":\"https:\/\/ml-locations.be\/nl\/locations\/poubelle-de-table\/#breadcrumb\"},\"inLanguage\":\"nl-NL\",\"potentialAction\":[{\"@type\":\"ReadAction\",\"target\":[\"https:\/\/ml-locations.be\/nl\/locations\/poubelle-de-table\/\"]}]},{\"@type\":\"ImageObject\",\"inLanguage\":\"nl-NL\",\"@id\":\"https:\/\/ml-locations.be\/nl\/locations\/poubelle-de-table\/#primaryimage\",\"url\":\"https:\/\/ml-locations.be\/wp-content\/uploads\/2022\/06\/poubelle-table.jpg\",\"contentUrl\":\"https:\/\/ml-locations.be\/wp-content\/uploads\/2022\/06\/poubelle-table.jpg\",\"width\":500,\"height\":500},{\"@type\":\"BreadcrumbList\",\"@id\":\"https:\/\/ml-locations.be\/nl\/locations\/poubelle-de-table\/#breadcrumb\",\"itemListElement\":[{\"@type\":\"ListItem\",\"position\":1,\"name\":\"Accueil\",\"item\":\"https:\/\/ml-locations.be\/nl\/\"},{\"@type\":\"ListItem\",\"position\":2,\"name\":\"Winkel\",\"item\":\"https:\/\/ml-locations.be\/nl\/winkel\/\"},{\"@type\":\"ListItem\",\"position\":3,\"name\":\"Poubelle de table\"}]},{\"@type\":\"WebSite\",\"@id\":\"https:\/\/ml-locations.be\/nl\/#website\",\"url\":\"https:\/\/ml-locations.be\/nl\/\",\"name\":\"ML Locations\",\"description\":\"Mat\u00e9riel \u00e9v\u00e9nementiel : location chaise, table et mange debout, mat\u00e9riel horeca, frigos,...\",\"publisher\":{\"@id\":\"https:\/\/ml-locations.be\/nl\/#organization\"},\"potentialAction\":[{\"@type\":\"SearchAction\",\"target\":{\"@type\":\"EntryPoint\",\"urlTemplate\":\"https:\/\/ml-locations.be\/nl\/?s={search_term_string}\"},\"query-input\":{\"@type\":\"PropertyValueSpecification\",\"valueRequired\":true,\"valueName\":\"search_term_string\"}}],\"inLanguage\":\"nl-NL\"},{\"@type\":\"Organization\",\"@id\":\"https:\/\/ml-locations.be\/nl\/#organization\",\"name\":\"ML Locations\",\"url\":\"https:\/\/ml-locations.be\/nl\/\",\"logo\":{\"@type\":\"ImageObject\",\"inLanguage\":\"nl-NL\",\"@id\":\"https:\/\/ml-locations.be\/nl\/#\/schema\/logo\/image\/\",\"url\":\"https:\/\/ml-locations.be\/wp-content\/uploads\/2018\/05\/LOGO-location-BON.png\",\"contentUrl\":\"https:\/\/ml-locations.be\/wp-content\/uploads\/2018\/05\/LOGO-location-BON.png\",\"width\":1200,\"height\":1200,\"caption\":\"ML Locations\"},\"image\":{\"@id\":\"https:\/\/ml-locations.be\/nl\/#\/schema\/logo\/image\/\"}}]}<\/script>\n<!-- \/ Yoast SEO plugin. -->","yoast_head_json":{"title":"Poubelle de table | ML Locations","description":"Cette poubelle de table en location \u00e0 placer sur les tables mange-debout durant vos cocktails dinatoire sera l'\u00e9l\u00e9ment indispensable pour un \u00e9v\u00e9nement propre!\u00a0","robots":{"index":"index","follow":"follow","max-snippet":"max-snippet:-1","max-image-preview":"max-image-preview:large","max-video-preview":"max-video-preview:-1"},"canonical":"https:\/\/ml-locations.be\/nl\/locations\/poubelle-de-table\/","og_locale":"nl_NL","og_type":"article","og_title":"Poubelle de table | ML Locations","og_description":"Cette poubelle de table en location \u00e0 placer sur les tables mange-debout durant vos cocktails dinatoire sera l'\u00e9l\u00e9ment indispensable pour un \u00e9v\u00e9nement propre!\u00a0","og_url":"https:\/\/ml-locations.be\/nl\/locations\/poubelle-de-table\/","og_site_name":"ML Locations","article_modified_time":"2022-06-08T09:54:54+00:00","og_image":[{"width":500,"height":500,"url":"https:\/\/ml-locations.be\/wp-content\/uploads\/2022\/06\/poubelle-table.jpg","type":"image\/jpeg"}],"twitter_card":"summary_large_image","twitter_misc":{"Geschatte leestijd":"1 minuut"},"schema":{"@context":"https:\/\/schema.org","@graph":[{"@type":"WebPage","@id":"https:\/\/ml-locations.be\/nl\/locations\/poubelle-de-table\/","url":"https:\/\/ml-locations.be\/nl\/locations\/poubelle-de-table\/","name":"Poubelle de table | ML Locations","isPartOf":{"@id":"https:\/\/ml-locations.be\/nl\/#website"},"primaryImageOfPage":{"@id":"https:\/\/ml-locations.be\/nl\/locations\/poubelle-de-table\/#primaryimage"},"image":{"@id":"https:\/\/ml-locations.be\/nl\/locations\/poubelle-de-table\/#primaryimage"},"thumbnailUrl":"https:\/\/ml-locations.be\/wp-content\/uploads\/2022\/06\/poubelle-table.jpg","datePublished":"2022-06-08T09:54:50+00:00","dateModified":"2022-06-08T09:54:54+00:00","description":"Cette poubelle de table en location \u00e0 placer sur les tables mange-debout durant vos cocktails dinatoire sera l'\u00e9l\u00e9ment indispensable pour un \u00e9v\u00e9nement propre!\u00a0","breadcrumb":{"@id":"https:\/\/ml-locations.be\/nl\/locations\/poubelle-de-table\/#breadcrumb"},"inLanguage":"nl-NL","potentialAction":[{"@type":"ReadAction","target":["https:\/\/ml-locations.be\/nl\/locations\/poubelle-de-table\/"]}]},{"@type":"ImageObject","inLanguage":"nl-NL","@id":"https:\/\/ml-locations.be\/nl\/locations\/poubelle-de-table\/#primaryimage","url":"https:\/\/ml-locations.be\/wp-content\/uploads\/2022\/06\/poubelle-table.jpg","contentUrl":"https:\/\/ml-locations.be\/wp-content\/uploads\/2022\/06\/poubelle-table.jpg","width":500,"height":500},{"@type":"BreadcrumbList","@id":"https:\/\/ml-locations.be\/nl\/locations\/poubelle-de-table\/#breadcrumb","itemListElement":[{"@type":"ListItem","position":1,"name":"Accueil","item":"https:\/\/ml-locations.be\/nl\/"},{"@type":"ListItem","position":2,"name":"Winkel","item":"https:\/\/ml-locations.be\/nl\/winkel\/"},{"@type":"ListItem","position":3,"name":"Poubelle de table"}]},{"@type":"WebSite","@id":"https:\/\/ml-locations.be\/nl\/#website","url":"https:\/\/ml-locations.be\/nl\/","name":"ML Locations","description":"Mat\u00e9riel \u00e9v\u00e9nementiel : location chaise, table et mange debout, mat\u00e9riel horeca, frigos,...","publisher":{"@id":"https:\/\/ml-locations.be\/nl\/#organization"},"potentialAction":[{"@type":"SearchAction","target":{"@type":"EntryPoint","urlTemplate":"https:\/\/ml-locations.be\/nl\/?s={search_term_string}"},"query-input":{"@type":"PropertyValueSpecification","valueRequired":true,"valueName":"search_term_string"}}],"inLanguage":"nl-NL"},{"@type":"Organization","@id":"https:\/\/ml-locations.be\/nl\/#organization","name":"ML Locations","url":"https:\/\/ml-locations.be\/nl\/","logo":{"@type":"ImageObject","inLanguage":"nl-NL","@id":"https:\/\/ml-locations.be\/nl\/#\/schema\/logo\/image\/","url":"https:\/\/ml-locations.be\/wp-content\/uploads\/2018\/05\/LOGO-location-BON.png","contentUrl":"https:\/\/ml-locations.be\/wp-content\/uploads\/2018\/05\/LOGO-location-BON.png","width":1200,"height":1200,"caption":"ML Locations"},"image":{"@id":"https:\/\/ml-locations.be\/nl\/#\/schema\/logo\/image\/"}}]}},"_links":{"self":[{"href":"https:\/\/ml-locations.be\/nl\/wp-json\/wp\/v2\/product\/1044050","targetHints":{"allow":["GET"]}}],"collection":[{"href":"https:\/\/ml-locations.be\/nl\/wp-json\/wp\/v2\/product"}],"about":[{"href":"https:\/\/ml-locations.be\/nl\/wp-json\/wp\/v2\/types\/product"}],"wp:featuredmedia":[{"embeddable":true,"href":"https:\/\/ml-locations.be\/nl\/wp-json\/wp\/v2\/media\/1044052"}],"wp:attachment":[{"href":"https:\/\/ml-locations.be\/nl\/wp-json\/wp\/v2\/media?parent=1044050"}],"wp:term":[{"taxonomy":"product_brand","embeddable":true,"href":"https:\/\/ml-locations.be\/nl\/wp-json\/wp\/v2\/product_brand?post=1044050"},{"taxonomy":"product_cat","embeddable":true,"href":"https:\/\/ml-locations.be\/nl\/wp-json\/wp\/v2\/product_cat?post=1044050"},{"taxonomy":"product_tag","embeddable":true,"href":"https:\/\/ml-locations.be\/nl\/wp-json\/wp\/v2\/product_tag?post=1044050"}],"curies":[{"name":"wp","href":"https:\/\/api.w.org\/{rel}","templated":true}]}}