{"id":1046635,"date":"2022-08-14T10:23:49","date_gmt":"2022-08-14T08:23:49","guid":{"rendered":"https:\/\/ml-locations.be\/?post_type=product&#038;p=1046635"},"modified":"2025-07-17T12:12:27","modified_gmt":"2025-07-17T10:12:27","slug":"chariot-bain-marie-3-gn-1-1-electrique","status":"publish","type":"product","link":"https:\/\/ml-locations.be\/nl\/locations\/chariot-bain-marie-3-gn-1-1-electrique\/","title":{"rendered":"Chariot bain-marie 3 GN 1\/1 \u00e9lectrique"},"content":{"rendered":"<p>Le <strong>chariot bain-marie en location <\/strong>b\u00e9n\u00e9fice de 3 r\u00e9glages de temp\u00e9ratures ind\u00e9pendantes ce qui va vous permettre d&#8217;adapter la temp\u00e9rature en fonction de vos diff\u00e9rentes pr\u00e9parations. Ce chariot bain-marie en location est l&#8217;outil indispensable pour vos r\u00e9ceptions, banquets et f\u00eates&#8230;<\/p>\n<p>Ce Chariot bain-marie est facile \u00e0 d\u00e9placer gr\u00e2ce \u00e0 ses 4 roules pivotantes.<\/p>\n<p class=\"h6\">DETAILS<\/p>\n<ul>\n<li>Poids : 55 Kg<\/li>\n<li>Longueur : 1300 mm<\/li>\n<li>Largeur : 650 mm<\/li>\n<li>Hauteur : 900 mm<\/li>\n<\/ul>\n<h2>Chariot thermique avec 3 temp\u00e9ratures ind\u00e9pendantes<\/h2>\n<ul>\n<li>R\u00e9alisation en acier inox AISI 304<\/li>\n<li>Cuves embouties munies d&#8217;une isolation thermique<\/li>\n<li>Hauteur des bacs de 200 mm<\/li>\n<li>Chauffage par r\u00e9sistance positionn\u00e9 sous les cuves<\/li>\n<li>Thermostat m\u00e9canique de 30\u00b0C \u00e0 90\u00b0C<\/li>\n<li>3 robinets de vidange<\/li>\n<li>4 roues pivotantes dont 2 avec freins<\/li>\n<li>Poign\u00e9e lat\u00e9rale qui facilite le d\u00e9placement<\/li>\n<li>Espace inf\u00e9rieur pour garder \u00e0 disposition vos ustensiles<\/li>\n<\/ul>\n","protected":false},"excerpt":{"rendered":"<p>Le <strong>chariot bain-marie en location <\/strong>b\u00e9n\u00e9fice de 3 r\u00e9glages de temp\u00e9ratures ind\u00e9pendantes ce qui va vous permettre d&#8217;adapter la temp\u00e9rature en fonction de vos diff\u00e9rentes pr\u00e9parations. Ce chariot bain-marie en location est l&#8217;outil indispensable pour vos r\u00e9ceptions, banquets et f\u00eates&#8230;<\/p>\n","protected":false},"featured_media":1046639,"template":"","meta":{"_acf_changed":false},"product_brand":[],"product_cat":[29,34],"product_tag":[],"class_list":{"0":"post-1046635","1":"product","2":"type-product","3":"status-publish","4":"has-post-thumbnail","6":"product_cat-materiel-horeca-en-location","7":"product_cat-location-materiel-cuisine-et-buffet","8":"description-off","10":"first","11":"instock","12":"taxable","13":"shipping-taxable","14":"purchasable","15":"product-type-simple"},"acf":[],"yoast_head":"<!-- This site is optimized with the Yoast SEO plugin v25.0 - https:\/\/yoast.com\/wordpress\/plugins\/seo\/ -->\n<title>Chariot bain-marie 3 GN 1\/1 \u00e9lectrique | ML Locations<\/title>\n<meta name=\"description\" content=\"Le chariot bain-marie en location b\u00e9n\u00e9fice de 3 r\u00e9glages de temp\u00e9ratures ind\u00e9pendantes ce qui va vous permettre d&#039;adapter la temp\u00e9rature en fonction de vos diff\u00e9rentes pr\u00e9parations. Ce chariot bain-marie en location est l&#039;outil indispensable pour vos r\u00e9ceptions, banquets et f\u00eates...\" \/>\n<meta name=\"robots\" content=\"index, follow, max-snippet:-1, max-image-preview:large, max-video-preview:-1\" \/>\n<link rel=\"canonical\" href=\"https:\/\/ml-locations.be\/nl\/locations\/chariot-bain-marie-3-gn-1-1-electrique\/\" \/>\n<meta property=\"og:locale\" content=\"nl_NL\" \/>\n<meta property=\"og:type\" content=\"article\" \/>\n<meta property=\"og:title\" content=\"Chariot bain-marie 3 GN 1\/1 \u00e9lectrique | ML Locations\" \/>\n<meta property=\"og:description\" content=\"Le chariot bain-marie en location b\u00e9n\u00e9fice de 3 r\u00e9glages de temp\u00e9ratures ind\u00e9pendantes ce qui va vous permettre d&#039;adapter la temp\u00e9rature en fonction de vos diff\u00e9rentes pr\u00e9parations. Ce chariot bain-marie en location est l&#039;outil indispensable pour vos r\u00e9ceptions, banquets et f\u00eates...\" \/>\n<meta property=\"og:url\" content=\"https:\/\/ml-locations.be\/nl\/locations\/chariot-bain-marie-3-gn-1-1-electrique\/\" \/>\n<meta property=\"og:site_name\" content=\"ML Locations\" \/>\n<meta property=\"article:modified_time\" content=\"2025-07-17T10:12:27+00:00\" \/>\n<meta property=\"og:image\" content=\"https:\/\/ml-locations.be\/wp-content\/uploads\/2022\/08\/chariot-thermique-avec-3-temperatures-independantes-ct331-d-n-1.jpg\" \/>\n\t<meta property=\"og:image:width\" content=\"540\" \/>\n\t<meta property=\"og:image:height\" content=\"540\" \/>\n\t<meta property=\"og:image:type\" content=\"image\/jpeg\" \/>\n<meta name=\"twitter:card\" content=\"summary_large_image\" \/>\n<meta name=\"twitter:label1\" content=\"Geschatte leestijd\" \/>\n\t<meta name=\"twitter:data1\" content=\"1 minuut\" \/>\n<script type=\"application\/ld+json\" class=\"yoast-schema-graph\">{\"@context\":\"https:\/\/schema.org\",\"@graph\":[{\"@type\":\"WebPage\",\"@id\":\"https:\/\/ml-locations.be\/nl\/locations\/chariot-bain-marie-3-gn-1-1-electrique\/\",\"url\":\"https:\/\/ml-locations.be\/nl\/locations\/chariot-bain-marie-3-gn-1-1-electrique\/\",\"name\":\"Chariot bain-marie 3 GN 1\/1 \u00e9lectrique | ML Locations\",\"isPartOf\":{\"@id\":\"https:\/\/ml-locations.be\/nl\/#website\"},\"primaryImageOfPage\":{\"@id\":\"https:\/\/ml-locations.be\/nl\/locations\/chariot-bain-marie-3-gn-1-1-electrique\/#primaryimage\"},\"image\":{\"@id\":\"https:\/\/ml-locations.be\/nl\/locations\/chariot-bain-marie-3-gn-1-1-electrique\/#primaryimage\"},\"thumbnailUrl\":\"https:\/\/ml-locations.be\/wp-content\/uploads\/2022\/08\/chariot-thermique-avec-3-temperatures-independantes-ct331-d-n-1.jpg\",\"datePublished\":\"2022-08-14T08:23:49+00:00\",\"dateModified\":\"2025-07-17T10:12:27+00:00\",\"description\":\"Le chariot bain-marie en location b\u00e9n\u00e9fice de 3 r\u00e9glages de temp\u00e9ratures ind\u00e9pendantes ce qui va vous permettre d'adapter la temp\u00e9rature en fonction de vos diff\u00e9rentes pr\u00e9parations. Ce chariot bain-marie en location est l'outil indispensable pour vos r\u00e9ceptions, banquets et f\u00eates...\",\"breadcrumb\":{\"@id\":\"https:\/\/ml-locations.be\/nl\/locations\/chariot-bain-marie-3-gn-1-1-electrique\/#breadcrumb\"},\"inLanguage\":\"nl-NL\",\"potentialAction\":[{\"@type\":\"ReadAction\",\"target\":[\"https:\/\/ml-locations.be\/nl\/locations\/chariot-bain-marie-3-gn-1-1-electrique\/\"]}]},{\"@type\":\"ImageObject\",\"inLanguage\":\"nl-NL\",\"@id\":\"https:\/\/ml-locations.be\/nl\/locations\/chariot-bain-marie-3-gn-1-1-electrique\/#primaryimage\",\"url\":\"https:\/\/ml-locations.be\/wp-content\/uploads\/2022\/08\/chariot-thermique-avec-3-temperatures-independantes-ct331-d-n-1.jpg\",\"contentUrl\":\"https:\/\/ml-locations.be\/wp-content\/uploads\/2022\/08\/chariot-thermique-avec-3-temperatures-independantes-ct331-d-n-1.jpg\",\"width\":540,\"height\":540},{\"@type\":\"BreadcrumbList\",\"@id\":\"https:\/\/ml-locations.be\/nl\/locations\/chariot-bain-marie-3-gn-1-1-electrique\/#breadcrumb\",\"itemListElement\":[{\"@type\":\"ListItem\",\"position\":1,\"name\":\"Accueil\",\"item\":\"https:\/\/ml-locations.be\/nl\/\"},{\"@type\":\"ListItem\",\"position\":2,\"name\":\"Winkel\",\"item\":\"https:\/\/ml-locations.be\/nl\/winkel\/\"},{\"@type\":\"ListItem\",\"position\":3,\"name\":\"Chariot bain-marie 3 GN 1\/1 \u00e9lectrique\"}]},{\"@type\":\"WebSite\",\"@id\":\"https:\/\/ml-locations.be\/nl\/#website\",\"url\":\"https:\/\/ml-locations.be\/nl\/\",\"name\":\"ML Locations\",\"description\":\"Mat\u00e9riel \u00e9v\u00e9nementiel : location chaise, table et mange debout, mat\u00e9riel horeca, frigos,...\",\"publisher\":{\"@id\":\"https:\/\/ml-locations.be\/nl\/#organization\"},\"potentialAction\":[{\"@type\":\"SearchAction\",\"target\":{\"@type\":\"EntryPoint\",\"urlTemplate\":\"https:\/\/ml-locations.be\/nl\/?s={search_term_string}\"},\"query-input\":{\"@type\":\"PropertyValueSpecification\",\"valueRequired\":true,\"valueName\":\"search_term_string\"}}],\"inLanguage\":\"nl-NL\"},{\"@type\":\"Organization\",\"@id\":\"https:\/\/ml-locations.be\/nl\/#organization\",\"name\":\"ML Locations\",\"url\":\"https:\/\/ml-locations.be\/nl\/\",\"logo\":{\"@type\":\"ImageObject\",\"inLanguage\":\"nl-NL\",\"@id\":\"https:\/\/ml-locations.be\/nl\/#\/schema\/logo\/image\/\",\"url\":\"https:\/\/ml-locations.be\/wp-content\/uploads\/2018\/05\/LOGO-location-BON.png\",\"contentUrl\":\"https:\/\/ml-locations.be\/wp-content\/uploads\/2018\/05\/LOGO-location-BON.png\",\"width\":1200,\"height\":1200,\"caption\":\"ML Locations\"},\"image\":{\"@id\":\"https:\/\/ml-locations.be\/nl\/#\/schema\/logo\/image\/\"}}]}<\/script>\n<!-- \/ Yoast SEO plugin. -->","yoast_head_json":{"title":"Chariot bain-marie 3 GN 1\/1 \u00e9lectrique | ML Locations","description":"Le chariot bain-marie en location b\u00e9n\u00e9fice de 3 r\u00e9glages de temp\u00e9ratures ind\u00e9pendantes ce qui va vous permettre d'adapter la temp\u00e9rature en fonction de vos diff\u00e9rentes pr\u00e9parations. Ce chariot bain-marie en location est l'outil indispensable pour vos r\u00e9ceptions, banquets et f\u00eates...","robots":{"index":"index","follow":"follow","max-snippet":"max-snippet:-1","max-image-preview":"max-image-preview:large","max-video-preview":"max-video-preview:-1"},"canonical":"https:\/\/ml-locations.be\/nl\/locations\/chariot-bain-marie-3-gn-1-1-electrique\/","og_locale":"nl_NL","og_type":"article","og_title":"Chariot bain-marie 3 GN 1\/1 \u00e9lectrique | ML Locations","og_description":"Le chariot bain-marie en location b\u00e9n\u00e9fice de 3 r\u00e9glages de temp\u00e9ratures ind\u00e9pendantes ce qui va vous permettre d'adapter la temp\u00e9rature en fonction de vos diff\u00e9rentes pr\u00e9parations. Ce chariot bain-marie en location est l'outil indispensable pour vos r\u00e9ceptions, banquets et f\u00eates...","og_url":"https:\/\/ml-locations.be\/nl\/locations\/chariot-bain-marie-3-gn-1-1-electrique\/","og_site_name":"ML Locations","article_modified_time":"2025-07-17T10:12:27+00:00","og_image":[{"width":540,"height":540,"url":"https:\/\/ml-locations.be\/wp-content\/uploads\/2022\/08\/chariot-thermique-avec-3-temperatures-independantes-ct331-d-n-1.jpg","type":"image\/jpeg"}],"twitter_card":"summary_large_image","twitter_misc":{"Geschatte leestijd":"1 minuut"},"schema":{"@context":"https:\/\/schema.org","@graph":[{"@type":"WebPage","@id":"https:\/\/ml-locations.be\/nl\/locations\/chariot-bain-marie-3-gn-1-1-electrique\/","url":"https:\/\/ml-locations.be\/nl\/locations\/chariot-bain-marie-3-gn-1-1-electrique\/","name":"Chariot bain-marie 3 GN 1\/1 \u00e9lectrique | ML Locations","isPartOf":{"@id":"https:\/\/ml-locations.be\/nl\/#website"},"primaryImageOfPage":{"@id":"https:\/\/ml-locations.be\/nl\/locations\/chariot-bain-marie-3-gn-1-1-electrique\/#primaryimage"},"image":{"@id":"https:\/\/ml-locations.be\/nl\/locations\/chariot-bain-marie-3-gn-1-1-electrique\/#primaryimage"},"thumbnailUrl":"https:\/\/ml-locations.be\/wp-content\/uploads\/2022\/08\/chariot-thermique-avec-3-temperatures-independantes-ct331-d-n-1.jpg","datePublished":"2022-08-14T08:23:49+00:00","dateModified":"2025-07-17T10:12:27+00:00","description":"Le chariot bain-marie en location b\u00e9n\u00e9fice de 3 r\u00e9glages de temp\u00e9ratures ind\u00e9pendantes ce qui va vous permettre d'adapter la temp\u00e9rature en fonction de vos diff\u00e9rentes pr\u00e9parations. Ce chariot bain-marie en location est l'outil indispensable pour vos r\u00e9ceptions, banquets et f\u00eates...","breadcrumb":{"@id":"https:\/\/ml-locations.be\/nl\/locations\/chariot-bain-marie-3-gn-1-1-electrique\/#breadcrumb"},"inLanguage":"nl-NL","potentialAction":[{"@type":"ReadAction","target":["https:\/\/ml-locations.be\/nl\/locations\/chariot-bain-marie-3-gn-1-1-electrique\/"]}]},{"@type":"ImageObject","inLanguage":"nl-NL","@id":"https:\/\/ml-locations.be\/nl\/locations\/chariot-bain-marie-3-gn-1-1-electrique\/#primaryimage","url":"https:\/\/ml-locations.be\/wp-content\/uploads\/2022\/08\/chariot-thermique-avec-3-temperatures-independantes-ct331-d-n-1.jpg","contentUrl":"https:\/\/ml-locations.be\/wp-content\/uploads\/2022\/08\/chariot-thermique-avec-3-temperatures-independantes-ct331-d-n-1.jpg","width":540,"height":540},{"@type":"BreadcrumbList","@id":"https:\/\/ml-locations.be\/nl\/locations\/chariot-bain-marie-3-gn-1-1-electrique\/#breadcrumb","itemListElement":[{"@type":"ListItem","position":1,"name":"Accueil","item":"https:\/\/ml-locations.be\/nl\/"},{"@type":"ListItem","position":2,"name":"Winkel","item":"https:\/\/ml-locations.be\/nl\/winkel\/"},{"@type":"ListItem","position":3,"name":"Chariot bain-marie 3 GN 1\/1 \u00e9lectrique"}]},{"@type":"WebSite","@id":"https:\/\/ml-locations.be\/nl\/#website","url":"https:\/\/ml-locations.be\/nl\/","name":"ML Locations","description":"Mat\u00e9riel \u00e9v\u00e9nementiel : location chaise, table et mange debout, mat\u00e9riel horeca, frigos,...","publisher":{"@id":"https:\/\/ml-locations.be\/nl\/#organization"},"potentialAction":[{"@type":"SearchAction","target":{"@type":"EntryPoint","urlTemplate":"https:\/\/ml-locations.be\/nl\/?s={search_term_string}"},"query-input":{"@type":"PropertyValueSpecification","valueRequired":true,"valueName":"search_term_string"}}],"inLanguage":"nl-NL"},{"@type":"Organization","@id":"https:\/\/ml-locations.be\/nl\/#organization","name":"ML Locations","url":"https:\/\/ml-locations.be\/nl\/","logo":{"@type":"ImageObject","inLanguage":"nl-NL","@id":"https:\/\/ml-locations.be\/nl\/#\/schema\/logo\/image\/","url":"https:\/\/ml-locations.be\/wp-content\/uploads\/2018\/05\/LOGO-location-BON.png","contentUrl":"https:\/\/ml-locations.be\/wp-content\/uploads\/2018\/05\/LOGO-location-BON.png","width":1200,"height":1200,"caption":"ML Locations"},"image":{"@id":"https:\/\/ml-locations.be\/nl\/#\/schema\/logo\/image\/"}}]}},"_links":{"self":[{"href":"https:\/\/ml-locations.be\/nl\/wp-json\/wp\/v2\/product\/1046635","targetHints":{"allow":["GET"]}}],"collection":[{"href":"https:\/\/ml-locations.be\/nl\/wp-json\/wp\/v2\/product"}],"about":[{"href":"https:\/\/ml-locations.be\/nl\/wp-json\/wp\/v2\/types\/product"}],"wp:featuredmedia":[{"embeddable":true,"href":"https:\/\/ml-locations.be\/nl\/wp-json\/wp\/v2\/media\/1046639"}],"wp:attachment":[{"href":"https:\/\/ml-locations.be\/nl\/wp-json\/wp\/v2\/media?parent=1046635"}],"wp:term":[{"taxonomy":"product_brand","embeddable":true,"href":"https:\/\/ml-locations.be\/nl\/wp-json\/wp\/v2\/product_brand?post=1046635"},{"taxonomy":"product_cat","embeddable":true,"href":"https:\/\/ml-locations.be\/nl\/wp-json\/wp\/v2\/product_cat?post=1046635"},{"taxonomy":"product_tag","embeddable":true,"href":"https:\/\/ml-locations.be\/nl\/wp-json\/wp\/v2\/product_tag?post=1046635"}],"curies":[{"name":"wp","href":"https:\/\/api.w.org\/{rel}","templated":true}]}}