{"id":1046675,"date":"2022-08-15T15:10:41","date_gmt":"2022-08-15T13:10:41","guid":{"rendered":"https:\/\/ml-locations.be\/?post_type=product&#038;p=1046675"},"modified":"2026-02-16T16:54:16","modified_gmt":"2026-02-16T15:54:16","slug":"chateau-gonflable-flamant-rose-avec-toboggan","status":"publish","type":"product","link":"https:\/\/ml-locations.be\/nl\/locations\/chateau-gonflable-flamant-rose-avec-toboggan\/","title":{"rendered":"Ch\u00e2teau gonflable &#8220;flamant rose&#8221; avec toboggan"},"content":{"rendered":"<p>Ce <strong>chateau gonflable en location<\/strong>,\u00a0d\u2019une dimension de 4m sur 5m, peut \u00eatre install\u00e9 en int\u00e9rieur comme en ext\u00e9rieur. Ce <strong>ch\u00e2teau gonflable couvert avec toboggan \u00a0<\/strong>permettra \u00e0 vos enfants de s\u2019amuser en toute s\u00e9curit\u00e9 (ils pourront grimper et glisser sur le toboggan lat\u00e9ral ).\u00a0Ce <strong>ch\u00e2teau gonflable \u00e0 louer\u00a0<\/strong>peut recevoir jusqu\u2019\u00e0 8 personnes en m\u00eame temps et se gonfle facilement. Il\u00a0est fourni avec une soufflerie\/gonfleur et une allonge de 20 m\u00e8tres. Attention, il faut pr\u00e9voir une arriv\u00e9e \u00e9lectrique.<\/p>\n<p>Son design<strong> &#8221; flamant rose&#8221;<\/strong> et ses couleurs vives vont \u00e9gayer vos<strong> f\u00eates d&#8217;anniversaires<\/strong>, vos communions et autres f\u00eates!<\/p>\n<p><strong>Nos prix pour la location du ch\u00e2teau gonflable :\u00a0<\/strong><\/p>\n<ul>\n<li>Jour de semaine : 110\u20ac htva<\/li>\n<li>Jour f\u00e9ri\u00e9 : 150\u20ac htva<\/li>\n<li>Weekend complet : 170\u20ac htva<\/li>\n<\/ul>\n<p><strong>Dimension du ch\u00e2teau gonflable en location :<\/strong><\/p>\n<ul>\n<li>Largeur: 4 m,<\/li>\n<li>Longueur: 5 m,<\/li>\n<li>Hauteur : 3,6 m<\/li>\n<li>Capacit\u00e9: 8 personnes,<\/li>\n<li>Poids : 90 kg.<\/li>\n<\/ul>\n<p>Si vous recherchez un <strong><a href=\"\/?product_cat=chateaux-gonflables-en-location\">ch\u00e2teau gonflable \u00e0 louer<\/a>\u00a0<\/strong>ou un <a href=\"https:\/\/ml-locations.be\/location\/jeux-divertissement-en-location\/structures-gonflables-et-jeux-gonflables-a-louer\/\"><strong>jeu gonflable \u00e0 louer<\/strong><\/a>, vous \u00eates au bon endroit ! N\u2019h\u00e9sitez pas \u00e0 nous poser vos questions !<\/p>\n","protected":false},"excerpt":{"rendered":"<p><strong>Ch\u00e2teau gonflable\u00a0\u00e0 louer &#8220;flamant rose&#8221;<\/strong>\u00a0: le<strong> ch<\/strong><strong>\u00e2teau gonflable couvert avec toboggan Flamant Rose<\/strong>, id\u00e9al pour l&#8217;anniversaire de votre enfant, communions, fancy-fair, ainsi que pour tous vos \u00e9<strong>v\u00e9nements<\/strong>.<\/p>\n<p><strong>Prix de\u00a0location du ch\u00e2teau gonflable :\u00a0<\/strong><\/p>\n<ul>\n<li>Jour de semaine : 110\u20ac htva<\/li>\n<li>Jour f\u00e9ri\u00e9 : 150\u20ac htva<\/li>\n<li>Weekend complet : 170\u20ac htva<\/li>\n<\/ul>\n","protected":false},"featured_media":1046679,"template":"","meta":{"_acf_changed":false},"product_brand":[],"product_cat":[43,44],"product_tag":[207],"class_list":{"0":"post-1046675","1":"product","2":"type-product","3":"status-publish","4":"has-post-thumbnail","6":"product_cat-jeux-divertissement-en-location","7":"product_cat-location-chateau-gonflable","8":"product_tag-location-chateau-gonflable-namur","9":"description-off","11":"first","12":"instock","13":"taxable","14":"shipping-taxable","15":"purchasable","16":"product-type-variable"},"acf":[],"yoast_head":"<!-- This site is optimized with the Yoast SEO plugin v25.0 - https:\/\/yoast.com\/wordpress\/plugins\/seo\/ -->\n<title>Location ch\u00e2teau gonflable Dino avec toboggan 4x5m | ML Locations<\/title>\n<meta name=\"description\" content=\"Louez ce ch\u00e2teau gonflable avec toboggan lat\u00e9ral et d\u00e9corDino, 4x5m. Parfait pour anniversaires et fancy-fair. Livraison possible !\" \/>\n<meta name=\"robots\" content=\"index, follow, max-snippet:-1, max-image-preview:large, max-video-preview:-1\" \/>\n<link rel=\"canonical\" href=\"https:\/\/ml-locations.be\/nl\/locations\/chateau-gonflable-flamant-rose-avec-toboggan\/\" \/>\n<meta property=\"og:locale\" content=\"nl_NL\" \/>\n<meta property=\"og:type\" content=\"article\" \/>\n<meta property=\"og:title\" content=\"Location ch\u00e2teau gonflable Dino avec toboggan 4x5m | ML Locations\" \/>\n<meta property=\"og:description\" content=\"Louez ce ch\u00e2teau gonflable avec toboggan lat\u00e9ral et d\u00e9corDino, 4x5m. Parfait pour anniversaires et fancy-fair. Livraison possible !\" \/>\n<meta property=\"og:url\" content=\"https:\/\/ml-locations.be\/nl\/locations\/chateau-gonflable-flamant-rose-avec-toboggan\/\" \/>\n<meta property=\"og:site_name\" content=\"ML Locations\" \/>\n<meta property=\"article:modified_time\" content=\"2026-02-16T15:54:16+00:00\" \/>\n<meta property=\"og:image\" content=\"https:\/\/ml-locations.be\/wp-content\/uploads\/2022\/08\/Slide-Combo-Flamingo-Springkussen-1.jpg\" \/>\n\t<meta property=\"og:image:width\" content=\"706\" \/>\n\t<meta property=\"og:image:height\" content=\"490\" \/>\n\t<meta property=\"og:image:type\" content=\"image\/jpeg\" \/>\n<meta name=\"twitter:card\" content=\"summary_large_image\" \/>\n<meta name=\"twitter:label1\" content=\"Geschatte leestijd\" \/>\n\t<meta name=\"twitter:data1\" content=\"2 minuten\" \/>\n<script type=\"application\/ld+json\" class=\"yoast-schema-graph\">{\"@context\":\"https:\/\/schema.org\",\"@graph\":[{\"@type\":\"WebPage\",\"@id\":\"https:\/\/ml-locations.be\/nl\/locations\/chateau-gonflable-flamant-rose-avec-toboggan\/\",\"url\":\"https:\/\/ml-locations.be\/nl\/locations\/chateau-gonflable-flamant-rose-avec-toboggan\/\",\"name\":\"Location ch\u00e2teau gonflable Dino avec toboggan 4x5m | ML Locations\",\"isPartOf\":{\"@id\":\"https:\/\/ml-locations.be\/nl\/#website\"},\"primaryImageOfPage\":{\"@id\":\"https:\/\/ml-locations.be\/nl\/locations\/chateau-gonflable-flamant-rose-avec-toboggan\/#primaryimage\"},\"image\":{\"@id\":\"https:\/\/ml-locations.be\/nl\/locations\/chateau-gonflable-flamant-rose-avec-toboggan\/#primaryimage\"},\"thumbnailUrl\":\"https:\/\/ml-locations.be\/wp-content\/uploads\/2022\/08\/Slide-Combo-Flamingo-Springkussen-1.jpg\",\"datePublished\":\"2022-08-15T13:10:41+00:00\",\"dateModified\":\"2026-02-16T15:54:16+00:00\",\"description\":\"Louez ce ch\u00e2teau gonflable avec toboggan lat\u00e9ral et d\u00e9corDino, 4x5m. Parfait pour anniversaires et fancy-fair. Livraison possible !\",\"breadcrumb\":{\"@id\":\"https:\/\/ml-locations.be\/nl\/locations\/chateau-gonflable-flamant-rose-avec-toboggan\/#breadcrumb\"},\"inLanguage\":\"nl-NL\",\"potentialAction\":[{\"@type\":\"ReadAction\",\"target\":[\"https:\/\/ml-locations.be\/nl\/locations\/chateau-gonflable-flamant-rose-avec-toboggan\/\"]}]},{\"@type\":\"ImageObject\",\"inLanguage\":\"nl-NL\",\"@id\":\"https:\/\/ml-locations.be\/nl\/locations\/chateau-gonflable-flamant-rose-avec-toboggan\/#primaryimage\",\"url\":\"https:\/\/ml-locations.be\/wp-content\/uploads\/2022\/08\/Slide-Combo-Flamingo-Springkussen-1.jpg\",\"contentUrl\":\"https:\/\/ml-locations.be\/wp-content\/uploads\/2022\/08\/Slide-Combo-Flamingo-Springkussen-1.jpg\",\"width\":706,\"height\":490},{\"@type\":\"BreadcrumbList\",\"@id\":\"https:\/\/ml-locations.be\/nl\/locations\/chateau-gonflable-flamant-rose-avec-toboggan\/#breadcrumb\",\"itemListElement\":[{\"@type\":\"ListItem\",\"position\":1,\"name\":\"Accueil\",\"item\":\"https:\/\/ml-locations.be\/nl\/\"},{\"@type\":\"ListItem\",\"position\":2,\"name\":\"Winkel\",\"item\":\"https:\/\/ml-locations.be\/nl\/winkel\/\"},{\"@type\":\"ListItem\",\"position\":3,\"name\":\"Ch\u00e2teau gonflable &#8220;flamant rose&#8221; avec toboggan\"}]},{\"@type\":\"WebSite\",\"@id\":\"https:\/\/ml-locations.be\/nl\/#website\",\"url\":\"https:\/\/ml-locations.be\/nl\/\",\"name\":\"ML Locations\",\"description\":\"Mat\u00e9riel \u00e9v\u00e9nementiel : location chaise, table et mange debout, mat\u00e9riel horeca, frigos,...\",\"publisher\":{\"@id\":\"https:\/\/ml-locations.be\/nl\/#organization\"},\"potentialAction\":[{\"@type\":\"SearchAction\",\"target\":{\"@type\":\"EntryPoint\",\"urlTemplate\":\"https:\/\/ml-locations.be\/nl\/?s={search_term_string}\"},\"query-input\":{\"@type\":\"PropertyValueSpecification\",\"valueRequired\":true,\"valueName\":\"search_term_string\"}}],\"inLanguage\":\"nl-NL\"},{\"@type\":\"Organization\",\"@id\":\"https:\/\/ml-locations.be\/nl\/#organization\",\"name\":\"ML Locations\",\"url\":\"https:\/\/ml-locations.be\/nl\/\",\"logo\":{\"@type\":\"ImageObject\",\"inLanguage\":\"nl-NL\",\"@id\":\"https:\/\/ml-locations.be\/nl\/#\/schema\/logo\/image\/\",\"url\":\"https:\/\/ml-locations.be\/wp-content\/uploads\/2018\/05\/LOGO-location-BON.png\",\"contentUrl\":\"https:\/\/ml-locations.be\/wp-content\/uploads\/2018\/05\/LOGO-location-BON.png\",\"width\":1200,\"height\":1200,\"caption\":\"ML Locations\"},\"image\":{\"@id\":\"https:\/\/ml-locations.be\/nl\/#\/schema\/logo\/image\/\"}}]}<\/script>\n<!-- \/ Yoast SEO plugin. -->","yoast_head_json":{"title":"Location ch\u00e2teau gonflable Dino avec toboggan 4x5m | ML Locations","description":"Louez ce ch\u00e2teau gonflable avec toboggan lat\u00e9ral et d\u00e9corDino, 4x5m. Parfait pour anniversaires et fancy-fair. Livraison possible !","robots":{"index":"index","follow":"follow","max-snippet":"max-snippet:-1","max-image-preview":"max-image-preview:large","max-video-preview":"max-video-preview:-1"},"canonical":"https:\/\/ml-locations.be\/nl\/locations\/chateau-gonflable-flamant-rose-avec-toboggan\/","og_locale":"nl_NL","og_type":"article","og_title":"Location ch\u00e2teau gonflable Dino avec toboggan 4x5m | ML Locations","og_description":"Louez ce ch\u00e2teau gonflable avec toboggan lat\u00e9ral et d\u00e9corDino, 4x5m. Parfait pour anniversaires et fancy-fair. Livraison possible !","og_url":"https:\/\/ml-locations.be\/nl\/locations\/chateau-gonflable-flamant-rose-avec-toboggan\/","og_site_name":"ML Locations","article_modified_time":"2026-02-16T15:54:16+00:00","og_image":[{"width":706,"height":490,"url":"https:\/\/ml-locations.be\/wp-content\/uploads\/2022\/08\/Slide-Combo-Flamingo-Springkussen-1.jpg","type":"image\/jpeg"}],"twitter_card":"summary_large_image","twitter_misc":{"Geschatte leestijd":"2 minuten"},"schema":{"@context":"https:\/\/schema.org","@graph":[{"@type":"WebPage","@id":"https:\/\/ml-locations.be\/nl\/locations\/chateau-gonflable-flamant-rose-avec-toboggan\/","url":"https:\/\/ml-locations.be\/nl\/locations\/chateau-gonflable-flamant-rose-avec-toboggan\/","name":"Location ch\u00e2teau gonflable Dino avec toboggan 4x5m | ML Locations","isPartOf":{"@id":"https:\/\/ml-locations.be\/nl\/#website"},"primaryImageOfPage":{"@id":"https:\/\/ml-locations.be\/nl\/locations\/chateau-gonflable-flamant-rose-avec-toboggan\/#primaryimage"},"image":{"@id":"https:\/\/ml-locations.be\/nl\/locations\/chateau-gonflable-flamant-rose-avec-toboggan\/#primaryimage"},"thumbnailUrl":"https:\/\/ml-locations.be\/wp-content\/uploads\/2022\/08\/Slide-Combo-Flamingo-Springkussen-1.jpg","datePublished":"2022-08-15T13:10:41+00:00","dateModified":"2026-02-16T15:54:16+00:00","description":"Louez ce ch\u00e2teau gonflable avec toboggan lat\u00e9ral et d\u00e9corDino, 4x5m. Parfait pour anniversaires et fancy-fair. Livraison possible !","breadcrumb":{"@id":"https:\/\/ml-locations.be\/nl\/locations\/chateau-gonflable-flamant-rose-avec-toboggan\/#breadcrumb"},"inLanguage":"nl-NL","potentialAction":[{"@type":"ReadAction","target":["https:\/\/ml-locations.be\/nl\/locations\/chateau-gonflable-flamant-rose-avec-toboggan\/"]}]},{"@type":"ImageObject","inLanguage":"nl-NL","@id":"https:\/\/ml-locations.be\/nl\/locations\/chateau-gonflable-flamant-rose-avec-toboggan\/#primaryimage","url":"https:\/\/ml-locations.be\/wp-content\/uploads\/2022\/08\/Slide-Combo-Flamingo-Springkussen-1.jpg","contentUrl":"https:\/\/ml-locations.be\/wp-content\/uploads\/2022\/08\/Slide-Combo-Flamingo-Springkussen-1.jpg","width":706,"height":490},{"@type":"BreadcrumbList","@id":"https:\/\/ml-locations.be\/nl\/locations\/chateau-gonflable-flamant-rose-avec-toboggan\/#breadcrumb","itemListElement":[{"@type":"ListItem","position":1,"name":"Accueil","item":"https:\/\/ml-locations.be\/nl\/"},{"@type":"ListItem","position":2,"name":"Winkel","item":"https:\/\/ml-locations.be\/nl\/winkel\/"},{"@type":"ListItem","position":3,"name":"Ch\u00e2teau gonflable &#8220;flamant rose&#8221; avec toboggan"}]},{"@type":"WebSite","@id":"https:\/\/ml-locations.be\/nl\/#website","url":"https:\/\/ml-locations.be\/nl\/","name":"ML Locations","description":"Mat\u00e9riel \u00e9v\u00e9nementiel : location chaise, table et mange debout, mat\u00e9riel horeca, frigos,...","publisher":{"@id":"https:\/\/ml-locations.be\/nl\/#organization"},"potentialAction":[{"@type":"SearchAction","target":{"@type":"EntryPoint","urlTemplate":"https:\/\/ml-locations.be\/nl\/?s={search_term_string}"},"query-input":{"@type":"PropertyValueSpecification","valueRequired":true,"valueName":"search_term_string"}}],"inLanguage":"nl-NL"},{"@type":"Organization","@id":"https:\/\/ml-locations.be\/nl\/#organization","name":"ML Locations","url":"https:\/\/ml-locations.be\/nl\/","logo":{"@type":"ImageObject","inLanguage":"nl-NL","@id":"https:\/\/ml-locations.be\/nl\/#\/schema\/logo\/image\/","url":"https:\/\/ml-locations.be\/wp-content\/uploads\/2018\/05\/LOGO-location-BON.png","contentUrl":"https:\/\/ml-locations.be\/wp-content\/uploads\/2018\/05\/LOGO-location-BON.png","width":1200,"height":1200,"caption":"ML Locations"},"image":{"@id":"https:\/\/ml-locations.be\/nl\/#\/schema\/logo\/image\/"}}]}},"_links":{"self":[{"href":"https:\/\/ml-locations.be\/nl\/wp-json\/wp\/v2\/product\/1046675","targetHints":{"allow":["GET"]}}],"collection":[{"href":"https:\/\/ml-locations.be\/nl\/wp-json\/wp\/v2\/product"}],"about":[{"href":"https:\/\/ml-locations.be\/nl\/wp-json\/wp\/v2\/types\/product"}],"wp:featuredmedia":[{"embeddable":true,"href":"https:\/\/ml-locations.be\/nl\/wp-json\/wp\/v2\/media\/1046679"}],"wp:attachment":[{"href":"https:\/\/ml-locations.be\/nl\/wp-json\/wp\/v2\/media?parent=1046675"}],"wp:term":[{"taxonomy":"product_brand","embeddable":true,"href":"https:\/\/ml-locations.be\/nl\/wp-json\/wp\/v2\/product_brand?post=1046675"},{"taxonomy":"product_cat","embeddable":true,"href":"https:\/\/ml-locations.be\/nl\/wp-json\/wp\/v2\/product_cat?post=1046675"},{"taxonomy":"product_tag","embeddable":true,"href":"https:\/\/ml-locations.be\/nl\/wp-json\/wp\/v2\/product_tag?post=1046675"}],"curies":[{"name":"wp","href":"https:\/\/api.w.org\/{rel}","templated":true}]}}