{"id":1049253,"date":"2022-10-31T17:53:03","date_gmt":"2022-10-31T16:53:03","guid":{"rendered":"https:\/\/ml-locations.be\/?post_type=product&#038;p=1049253"},"modified":"2026-01-21T11:50:01","modified_gmt":"2026-01-21T10:50:01","slug":"verre-spirit-33cl","status":"publish","type":"product","link":"https:\/\/ml-locations.be\/nl\/locations\/verre-spirit-33cl\/","title":{"rendered":"Verre &#8220;Spirit&#8221; 33cl"},"content":{"rendered":"<p>Vous cherchez un <strong>verre en location<\/strong> qui sort de l&#8217;ordinaire pour servir vos boissons? Vous ne pourrez pas d\u00e9tourner le regard de votre table avec ces verres au design aussi clair que le cristal! Sp\u00e9cialement con\u00e7u pour servir un bon whisky ou un d\u00e9licieux cocktail!<\/p>\n<p>Dimensions :<\/p>\n<p>Diam\u00e8tre 8,4cm<\/p>\n<p>Hauteur: 9,1cm<\/p>\n<p>Contenu: 33cl<\/p>\n","protected":false},"excerpt":{"rendered":"<p>Vous cherchez un <strong>verre en location<\/strong> qui sort de l&#8217;ordinaire pour servir vos boissons? Vous ne pourrez pas d\u00e9tourner le regard de votre table avec ces verres au design aussi clair que le cristal! Sp\u00e9cialement con\u00e7u pour servir un bon whisky ou un d\u00e9licieux cocktail!<\/p>\n<p>Dimensions :<\/p>\n<p>Diam\u00e8tre 8,4cm<\/p>\n<p>Hauteur: 9,1cm<\/p>\n<p>Contenu: 33cl<\/p>\n","protected":false},"featured_media":1049262,"template":"","meta":{"_acf_changed":false},"product_brand":[],"product_cat":[32],"product_tag":[],"class_list":{"0":"post-1049253","1":"product","2":"type-product","3":"status-publish","4":"has-post-thumbnail","6":"product_cat-verres-en-location","7":"description-off","9":"first","10":"instock","11":"taxable","12":"shipping-taxable","13":"purchasable","14":"product-type-simple"},"acf":[],"yoast_head":"<!-- This site is optimized with the Yoast SEO plugin v25.0 - https:\/\/yoast.com\/wordpress\/plugins\/seo\/ -->\n<title>Verre &quot;Spirit&quot; 33cl | ML Locations<\/title>\n<meta name=\"description\" content=\"Vous cherchez un verre en location qui sort de l&#039;ordinaire pour servir vos boissons? Vous ne pourrez pas d\u00e9tourner le regard de votre table avec ces verres au design aussi clair que le cristal! Sp\u00e9cialement con\u00e7u pour servir un bon whisky ou un d\u00e9licieux cocktail!\u00a0Dimensions :\u00a0Diam\u00e8tre 8,4cmHauteur: 9,1cmContenu: 33cl\" \/>\n<meta name=\"robots\" content=\"index, follow, max-snippet:-1, max-image-preview:large, max-video-preview:-1\" \/>\n<link rel=\"canonical\" href=\"https:\/\/ml-locations.be\/nl\/locations\/verre-spirit-33cl\/\" \/>\n<meta property=\"og:locale\" content=\"nl_NL\" \/>\n<meta property=\"og:type\" content=\"article\" \/>\n<meta property=\"og:title\" content=\"Verre &quot;Spirit&quot; 33cl | ML Locations\" \/>\n<meta property=\"og:description\" content=\"Vous cherchez un verre en location qui sort de l&#039;ordinaire pour servir vos boissons? Vous ne pourrez pas d\u00e9tourner le regard de votre table avec ces verres au design aussi clair que le cristal! Sp\u00e9cialement con\u00e7u pour servir un bon whisky ou un d\u00e9licieux cocktail!\u00a0Dimensions :\u00a0Diam\u00e8tre 8,4cmHauteur: 9,1cmContenu: 33cl\" \/>\n<meta property=\"og:url\" content=\"https:\/\/ml-locations.be\/nl\/locations\/verre-spirit-33cl\/\" \/>\n<meta property=\"og:site_name\" content=\"ML Locations\" \/>\n<meta property=\"article:modified_time\" content=\"2026-01-21T10:50:01+00:00\" \/>\n<meta property=\"og:image\" content=\"https:\/\/ml-locations.be\/wp-content\/uploads\/2022\/10\/I-Grande-36957-bonbistro-spirit-gobelet-verre-a-whisky-33-cl-les-6.net_.jpg\" \/>\n\t<meta property=\"og:image:width\" content=\"700\" \/>\n\t<meta property=\"og:image:height\" content=\"700\" \/>\n\t<meta property=\"og:image:type\" content=\"image\/jpeg\" \/>\n<meta name=\"twitter:card\" content=\"summary_large_image\" \/>\n<meta name=\"twitter:label1\" content=\"Geschatte leestijd\" \/>\n\t<meta name=\"twitter:data1\" content=\"1 minuut\" \/>\n<script type=\"application\/ld+json\" class=\"yoast-schema-graph\">{\"@context\":\"https:\/\/schema.org\",\"@graph\":[{\"@type\":\"WebPage\",\"@id\":\"https:\/\/ml-locations.be\/nl\/locations\/verre-spirit-33cl\/\",\"url\":\"https:\/\/ml-locations.be\/nl\/locations\/verre-spirit-33cl\/\",\"name\":\"Verre \\\"Spirit\\\" 33cl | ML Locations\",\"isPartOf\":{\"@id\":\"https:\/\/ml-locations.be\/nl\/#website\"},\"primaryImageOfPage\":{\"@id\":\"https:\/\/ml-locations.be\/nl\/locations\/verre-spirit-33cl\/#primaryimage\"},\"image\":{\"@id\":\"https:\/\/ml-locations.be\/nl\/locations\/verre-spirit-33cl\/#primaryimage\"},\"thumbnailUrl\":\"https:\/\/ml-locations.be\/wp-content\/uploads\/2022\/10\/I-Grande-36957-bonbistro-spirit-gobelet-verre-a-whisky-33-cl-les-6.net_.jpg\",\"datePublished\":\"2022-10-31T16:53:03+00:00\",\"dateModified\":\"2026-01-21T10:50:01+00:00\",\"description\":\"Vous cherchez un verre en location qui sort de l'ordinaire pour servir vos boissons? Vous ne pourrez pas d\u00e9tourner le regard de votre table avec ces verres au design aussi clair que le cristal! Sp\u00e9cialement con\u00e7u pour servir un bon whisky ou un d\u00e9licieux cocktail!\u00a0Dimensions :\u00a0Diam\u00e8tre 8,4cmHauteur: 9,1cmContenu: 33cl\",\"breadcrumb\":{\"@id\":\"https:\/\/ml-locations.be\/nl\/locations\/verre-spirit-33cl\/#breadcrumb\"},\"inLanguage\":\"nl-NL\",\"potentialAction\":[{\"@type\":\"ReadAction\",\"target\":[\"https:\/\/ml-locations.be\/nl\/locations\/verre-spirit-33cl\/\"]}]},{\"@type\":\"ImageObject\",\"inLanguage\":\"nl-NL\",\"@id\":\"https:\/\/ml-locations.be\/nl\/locations\/verre-spirit-33cl\/#primaryimage\",\"url\":\"https:\/\/ml-locations.be\/wp-content\/uploads\/2022\/10\/I-Grande-36957-bonbistro-spirit-gobelet-verre-a-whisky-33-cl-les-6.net_.jpg\",\"contentUrl\":\"https:\/\/ml-locations.be\/wp-content\/uploads\/2022\/10\/I-Grande-36957-bonbistro-spirit-gobelet-verre-a-whisky-33-cl-les-6.net_.jpg\",\"width\":700,\"height\":700},{\"@type\":\"BreadcrumbList\",\"@id\":\"https:\/\/ml-locations.be\/nl\/locations\/verre-spirit-33cl\/#breadcrumb\",\"itemListElement\":[{\"@type\":\"ListItem\",\"position\":1,\"name\":\"Accueil\",\"item\":\"https:\/\/ml-locations.be\/nl\/\"},{\"@type\":\"ListItem\",\"position\":2,\"name\":\"Winkel\",\"item\":\"https:\/\/ml-locations.be\/nl\/winkel\/\"},{\"@type\":\"ListItem\",\"position\":3,\"name\":\"Verre &#8220;Spirit&#8221; 33cl\"}]},{\"@type\":\"WebSite\",\"@id\":\"https:\/\/ml-locations.be\/nl\/#website\",\"url\":\"https:\/\/ml-locations.be\/nl\/\",\"name\":\"ML Locations\",\"description\":\"Mat\u00e9riel \u00e9v\u00e9nementiel : location chaise, table et mange debout, mat\u00e9riel horeca, frigos,...\",\"publisher\":{\"@id\":\"https:\/\/ml-locations.be\/nl\/#organization\"},\"potentialAction\":[{\"@type\":\"SearchAction\",\"target\":{\"@type\":\"EntryPoint\",\"urlTemplate\":\"https:\/\/ml-locations.be\/nl\/?s={search_term_string}\"},\"query-input\":{\"@type\":\"PropertyValueSpecification\",\"valueRequired\":true,\"valueName\":\"search_term_string\"}}],\"inLanguage\":\"nl-NL\"},{\"@type\":\"Organization\",\"@id\":\"https:\/\/ml-locations.be\/nl\/#organization\",\"name\":\"ML Locations\",\"url\":\"https:\/\/ml-locations.be\/nl\/\",\"logo\":{\"@type\":\"ImageObject\",\"inLanguage\":\"nl-NL\",\"@id\":\"https:\/\/ml-locations.be\/nl\/#\/schema\/logo\/image\/\",\"url\":\"https:\/\/ml-locations.be\/wp-content\/uploads\/2018\/05\/LOGO-location-BON.png\",\"contentUrl\":\"https:\/\/ml-locations.be\/wp-content\/uploads\/2018\/05\/LOGO-location-BON.png\",\"width\":1200,\"height\":1200,\"caption\":\"ML Locations\"},\"image\":{\"@id\":\"https:\/\/ml-locations.be\/nl\/#\/schema\/logo\/image\/\"}}]}<\/script>\n<!-- \/ Yoast SEO plugin. -->","yoast_head_json":{"title":"Verre \"Spirit\" 33cl | ML Locations","description":"Vous cherchez un verre en location qui sort de l'ordinaire pour servir vos boissons? Vous ne pourrez pas d\u00e9tourner le regard de votre table avec ces verres au design aussi clair que le cristal! Sp\u00e9cialement con\u00e7u pour servir un bon whisky ou un d\u00e9licieux cocktail!\u00a0Dimensions :\u00a0Diam\u00e8tre 8,4cmHauteur: 9,1cmContenu: 33cl","robots":{"index":"index","follow":"follow","max-snippet":"max-snippet:-1","max-image-preview":"max-image-preview:large","max-video-preview":"max-video-preview:-1"},"canonical":"https:\/\/ml-locations.be\/nl\/locations\/verre-spirit-33cl\/","og_locale":"nl_NL","og_type":"article","og_title":"Verre \"Spirit\" 33cl | ML Locations","og_description":"Vous cherchez un verre en location qui sort de l'ordinaire pour servir vos boissons? Vous ne pourrez pas d\u00e9tourner le regard de votre table avec ces verres au design aussi clair que le cristal! Sp\u00e9cialement con\u00e7u pour servir un bon whisky ou un d\u00e9licieux cocktail!\u00a0Dimensions :\u00a0Diam\u00e8tre 8,4cmHauteur: 9,1cmContenu: 33cl","og_url":"https:\/\/ml-locations.be\/nl\/locations\/verre-spirit-33cl\/","og_site_name":"ML Locations","article_modified_time":"2026-01-21T10:50:01+00:00","og_image":[{"width":700,"height":700,"url":"https:\/\/ml-locations.be\/wp-content\/uploads\/2022\/10\/I-Grande-36957-bonbistro-spirit-gobelet-verre-a-whisky-33-cl-les-6.net_.jpg","type":"image\/jpeg"}],"twitter_card":"summary_large_image","twitter_misc":{"Geschatte leestijd":"1 minuut"},"schema":{"@context":"https:\/\/schema.org","@graph":[{"@type":"WebPage","@id":"https:\/\/ml-locations.be\/nl\/locations\/verre-spirit-33cl\/","url":"https:\/\/ml-locations.be\/nl\/locations\/verre-spirit-33cl\/","name":"Verre \"Spirit\" 33cl | ML Locations","isPartOf":{"@id":"https:\/\/ml-locations.be\/nl\/#website"},"primaryImageOfPage":{"@id":"https:\/\/ml-locations.be\/nl\/locations\/verre-spirit-33cl\/#primaryimage"},"image":{"@id":"https:\/\/ml-locations.be\/nl\/locations\/verre-spirit-33cl\/#primaryimage"},"thumbnailUrl":"https:\/\/ml-locations.be\/wp-content\/uploads\/2022\/10\/I-Grande-36957-bonbistro-spirit-gobelet-verre-a-whisky-33-cl-les-6.net_.jpg","datePublished":"2022-10-31T16:53:03+00:00","dateModified":"2026-01-21T10:50:01+00:00","description":"Vous cherchez un verre en location qui sort de l'ordinaire pour servir vos boissons? Vous ne pourrez pas d\u00e9tourner le regard de votre table avec ces verres au design aussi clair que le cristal! Sp\u00e9cialement con\u00e7u pour servir un bon whisky ou un d\u00e9licieux cocktail!\u00a0Dimensions :\u00a0Diam\u00e8tre 8,4cmHauteur: 9,1cmContenu: 33cl","breadcrumb":{"@id":"https:\/\/ml-locations.be\/nl\/locations\/verre-spirit-33cl\/#breadcrumb"},"inLanguage":"nl-NL","potentialAction":[{"@type":"ReadAction","target":["https:\/\/ml-locations.be\/nl\/locations\/verre-spirit-33cl\/"]}]},{"@type":"ImageObject","inLanguage":"nl-NL","@id":"https:\/\/ml-locations.be\/nl\/locations\/verre-spirit-33cl\/#primaryimage","url":"https:\/\/ml-locations.be\/wp-content\/uploads\/2022\/10\/I-Grande-36957-bonbistro-spirit-gobelet-verre-a-whisky-33-cl-les-6.net_.jpg","contentUrl":"https:\/\/ml-locations.be\/wp-content\/uploads\/2022\/10\/I-Grande-36957-bonbistro-spirit-gobelet-verre-a-whisky-33-cl-les-6.net_.jpg","width":700,"height":700},{"@type":"BreadcrumbList","@id":"https:\/\/ml-locations.be\/nl\/locations\/verre-spirit-33cl\/#breadcrumb","itemListElement":[{"@type":"ListItem","position":1,"name":"Accueil","item":"https:\/\/ml-locations.be\/nl\/"},{"@type":"ListItem","position":2,"name":"Winkel","item":"https:\/\/ml-locations.be\/nl\/winkel\/"},{"@type":"ListItem","position":3,"name":"Verre &#8220;Spirit&#8221; 33cl"}]},{"@type":"WebSite","@id":"https:\/\/ml-locations.be\/nl\/#website","url":"https:\/\/ml-locations.be\/nl\/","name":"ML Locations","description":"Mat\u00e9riel \u00e9v\u00e9nementiel : location chaise, table et mange debout, mat\u00e9riel horeca, frigos,...","publisher":{"@id":"https:\/\/ml-locations.be\/nl\/#organization"},"potentialAction":[{"@type":"SearchAction","target":{"@type":"EntryPoint","urlTemplate":"https:\/\/ml-locations.be\/nl\/?s={search_term_string}"},"query-input":{"@type":"PropertyValueSpecification","valueRequired":true,"valueName":"search_term_string"}}],"inLanguage":"nl-NL"},{"@type":"Organization","@id":"https:\/\/ml-locations.be\/nl\/#organization","name":"ML Locations","url":"https:\/\/ml-locations.be\/nl\/","logo":{"@type":"ImageObject","inLanguage":"nl-NL","@id":"https:\/\/ml-locations.be\/nl\/#\/schema\/logo\/image\/","url":"https:\/\/ml-locations.be\/wp-content\/uploads\/2018\/05\/LOGO-location-BON.png","contentUrl":"https:\/\/ml-locations.be\/wp-content\/uploads\/2018\/05\/LOGO-location-BON.png","width":1200,"height":1200,"caption":"ML Locations"},"image":{"@id":"https:\/\/ml-locations.be\/nl\/#\/schema\/logo\/image\/"}}]}},"_links":{"self":[{"href":"https:\/\/ml-locations.be\/nl\/wp-json\/wp\/v2\/product\/1049253","targetHints":{"allow":["GET"]}}],"collection":[{"href":"https:\/\/ml-locations.be\/nl\/wp-json\/wp\/v2\/product"}],"about":[{"href":"https:\/\/ml-locations.be\/nl\/wp-json\/wp\/v2\/types\/product"}],"wp:featuredmedia":[{"embeddable":true,"href":"https:\/\/ml-locations.be\/nl\/wp-json\/wp\/v2\/media\/1049262"}],"wp:attachment":[{"href":"https:\/\/ml-locations.be\/nl\/wp-json\/wp\/v2\/media?parent=1049253"}],"wp:term":[{"taxonomy":"product_brand","embeddable":true,"href":"https:\/\/ml-locations.be\/nl\/wp-json\/wp\/v2\/product_brand?post=1049253"},{"taxonomy":"product_cat","embeddable":true,"href":"https:\/\/ml-locations.be\/nl\/wp-json\/wp\/v2\/product_cat?post=1049253"},{"taxonomy":"product_tag","embeddable":true,"href":"https:\/\/ml-locations.be\/nl\/wp-json\/wp\/v2\/product_tag?post=1049253"}],"curies":[{"name":"wp","href":"https:\/\/api.w.org\/{rel}","templated":true}]}}