{"id":1050815,"date":"2023-01-12T09:53:24","date_gmt":"2023-01-12T08:53:24","guid":{"rendered":"https:\/\/ml-locations.be\/?post_type=product&#038;p=1050815"},"modified":"2023-01-12T10:05:02","modified_gmt":"2023-01-12T09:05:02","slug":"fresnel-sereniled-150w","status":"publish","type":"product","link":"https:\/\/ml-locations.be\/nl\/locations\/fresnel-sereniled-150w\/","title":{"rendered":"Fresnel SERENILED 150W"},"content":{"rendered":"<div class=\"page\" title=\"Page 1\">\n<div class=\"section\">\n<div class=\"layoutArea\">\n<div class=\"column\">\n<p>Ce <strong>projecteur Led<\/strong> de la marque SERENILED \u00a0150W est un concentre\u0301 de puissance et d\u2019efficacite\u0301 au service du spectacle.<\/p>\n<p>Gra\u0302ce a\u0300 sa technologie CRYSTAL Clear RVE est le premier constructeur a\u0300 proposer aux the\u0301a\u0302tres, studios de te\u0301le\u0301visions et prestataires, une gamme de projecteurs pouvant remplacer re\u0301ellement les projecteurs haloge\u0300nes. Le faisceau lumineux de ce nouveau projecteur vous surprendra par sa puissance et son homoge\u0301ne\u0301ite\u0301. Son angle d\u2019ouverture de 82\u00b0 degre\u0301 vous permet de couvrir une grande surface.<\/p>\n<p>L\u2019ajustement de la fre\u0301quence permet de re\u0301aliser des captations vide\u0301o sans flicker. La dure\u0301e de vie de la LED re\u0301duit la maintenance a\u0300 son strict minimum. Les lentilles interchangeables permettent de transformer votre Fresnel en PC et vice et versa en quelques minutes. Luminosite\u0301 e\u0301quivalente a\u0300 une lampe de 1000W haloge\u0300ne*.<\/p>\n<\/div>\n<\/div>\n<\/div>\n<\/div>\n<p><strong>Dimensions et caract\u00e9ristiques du spot Fresnel SERENILED 150W \u00a0:<\/strong><\/p>\n<ul>\n<li>Source LED<\/li>\n<li>consommation: 150W<\/li>\n<li>Temp\u00e9rature de couleur 3200K<\/li>\n<li>Angle d&#8217;ouverture 14\/82\u00b0 ( PC ) 11\/82\u00b0 ( FRESNEL)<\/li>\n<li>Poids\u00a0: 9,1kg<\/li>\n<li>Dimensions: 445mm x 314MM x H 254mm<\/li>\n<\/ul>\n","protected":false},"excerpt":{"rendered":"<p>Ce <strong>projecteur Led<\/strong> de la marque SERENILED \u00a0150W est un concentre\u0301 de puissance et d\u2019efficacite\u0301 au service du spectacle.<\/p>\n","protected":false},"featured_media":1050819,"template":"","meta":{"_acf_changed":false},"product_brand":[],"product_cat":[17,19],"product_tag":[255,204],"class_list":{"0":"post-1050815","1":"product","2":"type-product","3":"status-publish","4":"has-post-thumbnail","6":"product_cat-materiel-sono-et-lumieres-en-location","7":"product_cat-materiel-eclairage-et-lumieres-a-louer","8":"product_tag-fresnel","9":"product_tag-location-materiel-concert-et-spectacle","10":"description-off","12":"first","13":"instock","14":"taxable","15":"shipping-taxable","16":"purchasable","17":"product-type-simple"},"acf":[],"yoast_head":"<!-- This site is optimized with the Yoast SEO plugin v25.0 - https:\/\/yoast.com\/wordpress\/plugins\/seo\/ -->\n<title>Fresnel SERENILED 150W | ML Locations<\/title>\n<meta name=\"description\" content=\"Ce projecteur Led de la marque SERENILED \u00a0150W est un concentr\u00e9 de puissance et d\u2019efficacit\u00e9 au service du spectacle.Gr\u00e2ce \u00e0 sa technologie CRYSTAL Clear RVE est le premier constructeur \u00e0 proposer aux th\u00e9\u00e2tres, studios de t\u00e9l\u00e9visions et prestataires, une gamme de projecteurs pouvant remplacer r\u00e9ellement les projecteurs halog\u00e8nes. Le faisceau lumineux de ce nouveau projecteur vous surprendra par sa puissance et son homog\u00e9n\u00e9it\u00e9. Son angle d\u2019ouverture de 82\u00b0 degr\u00e9 vous permet de couvrir une grande surface.\" \/>\n<meta name=\"robots\" content=\"index, follow, max-snippet:-1, max-image-preview:large, max-video-preview:-1\" \/>\n<link rel=\"canonical\" href=\"https:\/\/ml-locations.be\/nl\/locations\/fresnel-sereniled-150w\/\" \/>\n<meta property=\"og:locale\" content=\"nl_NL\" \/>\n<meta property=\"og:type\" content=\"article\" \/>\n<meta property=\"og:title\" content=\"Fresnel SERENILED 150W | ML Locations\" \/>\n<meta property=\"og:description\" content=\"Ce projecteur Led de la marque SERENILED \u00a0150W est un concentr\u00e9 de puissance et d\u2019efficacit\u00e9 au service du spectacle.Gr\u00e2ce \u00e0 sa technologie CRYSTAL Clear RVE est le premier constructeur \u00e0 proposer aux th\u00e9\u00e2tres, studios de t\u00e9l\u00e9visions et prestataires, une gamme de projecteurs pouvant remplacer r\u00e9ellement les projecteurs halog\u00e8nes. Le faisceau lumineux de ce nouveau projecteur vous surprendra par sa puissance et son homog\u00e9n\u00e9it\u00e9. Son angle d\u2019ouverture de 82\u00b0 degr\u00e9 vous permet de couvrir une grande surface.\" \/>\n<meta property=\"og:url\" content=\"https:\/\/ml-locations.be\/nl\/locations\/fresnel-sereniled-150w\/\" \/>\n<meta property=\"og:site_name\" content=\"ML Locations\" \/>\n<meta property=\"article:modified_time\" content=\"2023-01-12T09:05:02+00:00\" \/>\n<meta property=\"og:image\" content=\"https:\/\/ml-locations.be\/wp-content\/uploads\/2023\/01\/projecteurs-sereniled-pcm.jpg\" \/>\n\t<meta property=\"og:image:width\" content=\"600\" \/>\n\t<meta property=\"og:image:height\" content=\"600\" \/>\n\t<meta property=\"og:image:type\" content=\"image\/jpeg\" \/>\n<meta name=\"twitter:card\" content=\"summary_large_image\" \/>\n<meta name=\"twitter:label1\" content=\"Geschatte leestijd\" \/>\n\t<meta name=\"twitter:data1\" content=\"1 minuut\" \/>\n<script type=\"application\/ld+json\" class=\"yoast-schema-graph\">{\"@context\":\"https:\/\/schema.org\",\"@graph\":[{\"@type\":\"WebPage\",\"@id\":\"https:\/\/ml-locations.be\/nl\/locations\/fresnel-sereniled-150w\/\",\"url\":\"https:\/\/ml-locations.be\/nl\/locations\/fresnel-sereniled-150w\/\",\"name\":\"Fresnel SERENILED 150W | ML Locations\",\"isPartOf\":{\"@id\":\"https:\/\/ml-locations.be\/nl\/#website\"},\"primaryImageOfPage\":{\"@id\":\"https:\/\/ml-locations.be\/nl\/locations\/fresnel-sereniled-150w\/#primaryimage\"},\"image\":{\"@id\":\"https:\/\/ml-locations.be\/nl\/locations\/fresnel-sereniled-150w\/#primaryimage\"},\"thumbnailUrl\":\"https:\/\/ml-locations.be\/wp-content\/uploads\/2023\/01\/projecteurs-sereniled-pcm.jpg\",\"datePublished\":\"2023-01-12T08:53:24+00:00\",\"dateModified\":\"2023-01-12T09:05:02+00:00\",\"description\":\"Ce projecteur Led de la marque SERENILED \u00a0150W est un concentr\u00e9 de puissance et d\u2019efficacit\u00e9 au service du spectacle.Gr\u00e2ce \u00e0 sa technologie CRYSTAL Clear RVE est le premier constructeur \u00e0 proposer aux th\u00e9\u00e2tres, studios de t\u00e9l\u00e9visions et prestataires, une gamme de projecteurs pouvant remplacer r\u00e9ellement les projecteurs halog\u00e8nes. Le faisceau lumineux de ce nouveau projecteur vous surprendra par sa puissance et son homog\u00e9n\u00e9it\u00e9. Son angle d\u2019ouverture de 82\u00b0 degr\u00e9 vous permet de couvrir une grande surface.\",\"breadcrumb\":{\"@id\":\"https:\/\/ml-locations.be\/nl\/locations\/fresnel-sereniled-150w\/#breadcrumb\"},\"inLanguage\":\"nl-NL\",\"potentialAction\":[{\"@type\":\"ReadAction\",\"target\":[\"https:\/\/ml-locations.be\/nl\/locations\/fresnel-sereniled-150w\/\"]}]},{\"@type\":\"ImageObject\",\"inLanguage\":\"nl-NL\",\"@id\":\"https:\/\/ml-locations.be\/nl\/locations\/fresnel-sereniled-150w\/#primaryimage\",\"url\":\"https:\/\/ml-locations.be\/wp-content\/uploads\/2023\/01\/projecteurs-sereniled-pcm.jpg\",\"contentUrl\":\"https:\/\/ml-locations.be\/wp-content\/uploads\/2023\/01\/projecteurs-sereniled-pcm.jpg\",\"width\":600,\"height\":600},{\"@type\":\"BreadcrumbList\",\"@id\":\"https:\/\/ml-locations.be\/nl\/locations\/fresnel-sereniled-150w\/#breadcrumb\",\"itemListElement\":[{\"@type\":\"ListItem\",\"position\":1,\"name\":\"Accueil\",\"item\":\"https:\/\/ml-locations.be\/nl\/\"},{\"@type\":\"ListItem\",\"position\":2,\"name\":\"Winkel\",\"item\":\"https:\/\/ml-locations.be\/nl\/winkel\/\"},{\"@type\":\"ListItem\",\"position\":3,\"name\":\"Fresnel SERENILED 150W\"}]},{\"@type\":\"WebSite\",\"@id\":\"https:\/\/ml-locations.be\/nl\/#website\",\"url\":\"https:\/\/ml-locations.be\/nl\/\",\"name\":\"ML Locations\",\"description\":\"Mat\u00e9riel \u00e9v\u00e9nementiel : location chaise, table et mange debout, mat\u00e9riel horeca, frigos,...\",\"publisher\":{\"@id\":\"https:\/\/ml-locations.be\/nl\/#organization\"},\"potentialAction\":[{\"@type\":\"SearchAction\",\"target\":{\"@type\":\"EntryPoint\",\"urlTemplate\":\"https:\/\/ml-locations.be\/nl\/?s={search_term_string}\"},\"query-input\":{\"@type\":\"PropertyValueSpecification\",\"valueRequired\":true,\"valueName\":\"search_term_string\"}}],\"inLanguage\":\"nl-NL\"},{\"@type\":\"Organization\",\"@id\":\"https:\/\/ml-locations.be\/nl\/#organization\",\"name\":\"ML Locations\",\"url\":\"https:\/\/ml-locations.be\/nl\/\",\"logo\":{\"@type\":\"ImageObject\",\"inLanguage\":\"nl-NL\",\"@id\":\"https:\/\/ml-locations.be\/nl\/#\/schema\/logo\/image\/\",\"url\":\"https:\/\/ml-locations.be\/wp-content\/uploads\/2018\/05\/LOGO-location-BON.png\",\"contentUrl\":\"https:\/\/ml-locations.be\/wp-content\/uploads\/2018\/05\/LOGO-location-BON.png\",\"width\":1200,\"height\":1200,\"caption\":\"ML Locations\"},\"image\":{\"@id\":\"https:\/\/ml-locations.be\/nl\/#\/schema\/logo\/image\/\"}}]}<\/script>\n<!-- \/ Yoast SEO plugin. -->","yoast_head_json":{"title":"Fresnel SERENILED 150W | ML Locations","description":"Ce projecteur Led de la marque SERENILED \u00a0150W est un concentr\u00e9 de puissance et d\u2019efficacit\u00e9 au service du spectacle.Gr\u00e2ce \u00e0 sa technologie CRYSTAL Clear RVE est le premier constructeur \u00e0 proposer aux th\u00e9\u00e2tres, studios de t\u00e9l\u00e9visions et prestataires, une gamme de projecteurs pouvant remplacer r\u00e9ellement les projecteurs halog\u00e8nes. Le faisceau lumineux de ce nouveau projecteur vous surprendra par sa puissance et son homog\u00e9n\u00e9it\u00e9. Son angle d\u2019ouverture de 82\u00b0 degr\u00e9 vous permet de couvrir une grande surface.","robots":{"index":"index","follow":"follow","max-snippet":"max-snippet:-1","max-image-preview":"max-image-preview:large","max-video-preview":"max-video-preview:-1"},"canonical":"https:\/\/ml-locations.be\/nl\/locations\/fresnel-sereniled-150w\/","og_locale":"nl_NL","og_type":"article","og_title":"Fresnel SERENILED 150W | ML Locations","og_description":"Ce projecteur Led de la marque SERENILED \u00a0150W est un concentr\u00e9 de puissance et d\u2019efficacit\u00e9 au service du spectacle.Gr\u00e2ce \u00e0 sa technologie CRYSTAL Clear RVE est le premier constructeur \u00e0 proposer aux th\u00e9\u00e2tres, studios de t\u00e9l\u00e9visions et prestataires, une gamme de projecteurs pouvant remplacer r\u00e9ellement les projecteurs halog\u00e8nes. Le faisceau lumineux de ce nouveau projecteur vous surprendra par sa puissance et son homog\u00e9n\u00e9it\u00e9. Son angle d\u2019ouverture de 82\u00b0 degr\u00e9 vous permet de couvrir une grande surface.","og_url":"https:\/\/ml-locations.be\/nl\/locations\/fresnel-sereniled-150w\/","og_site_name":"ML Locations","article_modified_time":"2023-01-12T09:05:02+00:00","og_image":[{"width":600,"height":600,"url":"https:\/\/ml-locations.be\/wp-content\/uploads\/2023\/01\/projecteurs-sereniled-pcm.jpg","type":"image\/jpeg"}],"twitter_card":"summary_large_image","twitter_misc":{"Geschatte leestijd":"1 minuut"},"schema":{"@context":"https:\/\/schema.org","@graph":[{"@type":"WebPage","@id":"https:\/\/ml-locations.be\/nl\/locations\/fresnel-sereniled-150w\/","url":"https:\/\/ml-locations.be\/nl\/locations\/fresnel-sereniled-150w\/","name":"Fresnel SERENILED 150W | ML Locations","isPartOf":{"@id":"https:\/\/ml-locations.be\/nl\/#website"},"primaryImageOfPage":{"@id":"https:\/\/ml-locations.be\/nl\/locations\/fresnel-sereniled-150w\/#primaryimage"},"image":{"@id":"https:\/\/ml-locations.be\/nl\/locations\/fresnel-sereniled-150w\/#primaryimage"},"thumbnailUrl":"https:\/\/ml-locations.be\/wp-content\/uploads\/2023\/01\/projecteurs-sereniled-pcm.jpg","datePublished":"2023-01-12T08:53:24+00:00","dateModified":"2023-01-12T09:05:02+00:00","description":"Ce projecteur Led de la marque SERENILED \u00a0150W est un concentr\u00e9 de puissance et d\u2019efficacit\u00e9 au service du spectacle.Gr\u00e2ce \u00e0 sa technologie CRYSTAL Clear RVE est le premier constructeur \u00e0 proposer aux th\u00e9\u00e2tres, studios de t\u00e9l\u00e9visions et prestataires, une gamme de projecteurs pouvant remplacer r\u00e9ellement les projecteurs halog\u00e8nes. Le faisceau lumineux de ce nouveau projecteur vous surprendra par sa puissance et son homog\u00e9n\u00e9it\u00e9. Son angle d\u2019ouverture de 82\u00b0 degr\u00e9 vous permet de couvrir une grande surface.","breadcrumb":{"@id":"https:\/\/ml-locations.be\/nl\/locations\/fresnel-sereniled-150w\/#breadcrumb"},"inLanguage":"nl-NL","potentialAction":[{"@type":"ReadAction","target":["https:\/\/ml-locations.be\/nl\/locations\/fresnel-sereniled-150w\/"]}]},{"@type":"ImageObject","inLanguage":"nl-NL","@id":"https:\/\/ml-locations.be\/nl\/locations\/fresnel-sereniled-150w\/#primaryimage","url":"https:\/\/ml-locations.be\/wp-content\/uploads\/2023\/01\/projecteurs-sereniled-pcm.jpg","contentUrl":"https:\/\/ml-locations.be\/wp-content\/uploads\/2023\/01\/projecteurs-sereniled-pcm.jpg","width":600,"height":600},{"@type":"BreadcrumbList","@id":"https:\/\/ml-locations.be\/nl\/locations\/fresnel-sereniled-150w\/#breadcrumb","itemListElement":[{"@type":"ListItem","position":1,"name":"Accueil","item":"https:\/\/ml-locations.be\/nl\/"},{"@type":"ListItem","position":2,"name":"Winkel","item":"https:\/\/ml-locations.be\/nl\/winkel\/"},{"@type":"ListItem","position":3,"name":"Fresnel SERENILED 150W"}]},{"@type":"WebSite","@id":"https:\/\/ml-locations.be\/nl\/#website","url":"https:\/\/ml-locations.be\/nl\/","name":"ML Locations","description":"Mat\u00e9riel \u00e9v\u00e9nementiel : location chaise, table et mange debout, mat\u00e9riel horeca, frigos,...","publisher":{"@id":"https:\/\/ml-locations.be\/nl\/#organization"},"potentialAction":[{"@type":"SearchAction","target":{"@type":"EntryPoint","urlTemplate":"https:\/\/ml-locations.be\/nl\/?s={search_term_string}"},"query-input":{"@type":"PropertyValueSpecification","valueRequired":true,"valueName":"search_term_string"}}],"inLanguage":"nl-NL"},{"@type":"Organization","@id":"https:\/\/ml-locations.be\/nl\/#organization","name":"ML Locations","url":"https:\/\/ml-locations.be\/nl\/","logo":{"@type":"ImageObject","inLanguage":"nl-NL","@id":"https:\/\/ml-locations.be\/nl\/#\/schema\/logo\/image\/","url":"https:\/\/ml-locations.be\/wp-content\/uploads\/2018\/05\/LOGO-location-BON.png","contentUrl":"https:\/\/ml-locations.be\/wp-content\/uploads\/2018\/05\/LOGO-location-BON.png","width":1200,"height":1200,"caption":"ML Locations"},"image":{"@id":"https:\/\/ml-locations.be\/nl\/#\/schema\/logo\/image\/"}}]}},"_links":{"self":[{"href":"https:\/\/ml-locations.be\/nl\/wp-json\/wp\/v2\/product\/1050815","targetHints":{"allow":["GET"]}}],"collection":[{"href":"https:\/\/ml-locations.be\/nl\/wp-json\/wp\/v2\/product"}],"about":[{"href":"https:\/\/ml-locations.be\/nl\/wp-json\/wp\/v2\/types\/product"}],"wp:featuredmedia":[{"embeddable":true,"href":"https:\/\/ml-locations.be\/nl\/wp-json\/wp\/v2\/media\/1050819"}],"wp:attachment":[{"href":"https:\/\/ml-locations.be\/nl\/wp-json\/wp\/v2\/media?parent=1050815"}],"wp:term":[{"taxonomy":"product_brand","embeddable":true,"href":"https:\/\/ml-locations.be\/nl\/wp-json\/wp\/v2\/product_brand?post=1050815"},{"taxonomy":"product_cat","embeddable":true,"href":"https:\/\/ml-locations.be\/nl\/wp-json\/wp\/v2\/product_cat?post=1050815"},{"taxonomy":"product_tag","embeddable":true,"href":"https:\/\/ml-locations.be\/nl\/wp-json\/wp\/v2\/product_tag?post=1050815"}],"curies":[{"name":"wp","href":"https:\/\/api.w.org\/{rel}","templated":true}]}}