{"id":1051804,"date":"2023-02-23T16:10:42","date_gmt":"2023-02-23T15:10:42","guid":{"rendered":"https:\/\/ml-locations.be\/?post_type=product&#038;p=1051804"},"modified":"2026-01-14T16:15:54","modified_gmt":"2026-01-14T15:15:54","slug":"four-a-convection-electrique-12-niveaux-gastros-gn1-1-380v-32a","status":"publish","type":"product","link":"https:\/\/ml-locations.be\/nl\/locations\/four-a-convection-electrique-12-niveaux-gastros-gn1-1-380v-32a\/","title":{"rendered":"Four \u00e0 convection \u00e9l\u00e9ctrique 12 niveaux gastros GN1\/1  380V-32A"},"content":{"rendered":"<p>Ce four \u00e0 convection \u00e9lectrique en location d&#8217;une capacit\u00e9 de 12 gastros GN1\/1 est le four id\u00e9al pour tous vos gros \u00e9v\u00e9nements!<\/p>\n<p>il poss\u00e8de diff\u00e9rents cycles de cuissons \u00a0automatiques et fonction intelligentes pour des r\u00e9sultats toujours impeccables.<\/p>\n<p>Gr\u00e2ce \u00e0 son chariot de transport, ce four en location est mis \u00e0 la hauteur id\u00e9al pour un travail efficace.<\/p>\n<p>Caract\u00e9ristiques :<\/p>\n<p>Alimentation du four : 32 amp\u00e8re<\/p>\n<p>Puissance : 380v &#8211; Consommation: 15,8kw<\/p>\n<p>Poids : 112kg<\/p>\n<p>Dimensions: Largeur 860mm x profondeur 882mm x Hauteur 1464mm<\/p>\n<p>&nbsp;<\/p>\n","protected":false},"excerpt":{"rendered":"<p>Ce four \u00e0 convection \u00e9lectrique en location d&#8217;une capacit\u00e9 de 12 gastros GN1\/1 est le four id\u00e9al pour tous vos gros \u00e9v\u00e9nements!<\/p>\n<p>il poss\u00e8de diff\u00e9rents cycles de cuissons \u00a0automatiques et fonction intelligentes pour des r\u00e9sultats toujours impeccables.<\/p>\n<p>Gr\u00e2ce \u00e0 son chariot de transport, ce four en location est mis \u00e0 la hauteur id\u00e9al pour un travail efficace.<\/p>\n","protected":false},"featured_media":1051802,"template":"","meta":{"_acf_changed":false},"product_brand":[],"product_cat":[34],"product_tag":[],"class_list":{"0":"post-1051804","1":"product","2":"type-product","3":"status-publish","4":"has-post-thumbnail","6":"product_cat-location-materiel-cuisine-et-buffet","7":"description-off","9":"first","10":"instock","11":"taxable","12":"shipping-taxable","13":"purchasable","14":"product-type-simple"},"acf":[],"yoast_head":"<!-- This site is optimized with the Yoast SEO plugin v25.0 - https:\/\/yoast.com\/wordpress\/plugins\/seo\/ -->\n<title>Four \u00e0 convection \u00e9l\u00e9ctrique 12 niveaux gastros GN1\/1 380V-32A | ML Locations<\/title>\n<meta name=\"description\" content=\"Ce four \u00e0 convection \u00e9lectrique en location d&#039;une capacit\u00e9 de 12 gastros GN1\/1 est le four id\u00e9al pour tous vos gros \u00e9v\u00e9nements!il poss\u00e8de diff\u00e9rents cycles de cuissons \u00a0automatiques et fonction intelligentes pour des r\u00e9sultats toujours impeccables.Gr\u00e2ce \u00e0 son chariot de transport, ce four en location est mis \u00e0 la hauteur id\u00e9al pour un travail efficace.\" \/>\n<meta name=\"robots\" content=\"index, follow, max-snippet:-1, max-image-preview:large, max-video-preview:-1\" \/>\n<link rel=\"canonical\" href=\"https:\/\/ml-locations.be\/nl\/locations\/four-a-convection-electrique-12-niveaux-gastros-gn1-1-380v-32a\/\" \/>\n<meta property=\"og:locale\" content=\"nl_NL\" \/>\n<meta property=\"og:type\" content=\"article\" \/>\n<meta property=\"og:title\" content=\"Four \u00e0 convection \u00e9l\u00e9ctrique 12 niveaux gastros GN1\/1 380V-32A | ML Locations\" \/>\n<meta property=\"og:description\" content=\"Ce four \u00e0 convection \u00e9lectrique en location d&#039;une capacit\u00e9 de 12 gastros GN1\/1 est le four id\u00e9al pour tous vos gros \u00e9v\u00e9nements!il poss\u00e8de diff\u00e9rents cycles de cuissons \u00a0automatiques et fonction intelligentes pour des r\u00e9sultats toujours impeccables.Gr\u00e2ce \u00e0 son chariot de transport, ce four en location est mis \u00e0 la hauteur id\u00e9al pour un travail efficace.\" \/>\n<meta property=\"og:url\" content=\"https:\/\/ml-locations.be\/nl\/locations\/four-a-convection-electrique-12-niveaux-gastros-gn1-1-380v-32a\/\" \/>\n<meta property=\"og:site_name\" content=\"ML Locations\" \/>\n<meta property=\"article:modified_time\" content=\"2026-01-14T15:15:54+00:00\" \/>\n<meta property=\"og:image\" content=\"https:\/\/ml-locations.be\/wp-content\/uploads\/2023\/02\/four-a-convection-bakerlux-cheflux-manuel-gaz-12-gn-11-unox.jpg\" \/>\n\t<meta property=\"og:image:width\" content=\"540\" \/>\n\t<meta property=\"og:image:height\" content=\"540\" \/>\n\t<meta property=\"og:image:type\" content=\"image\/jpeg\" \/>\n<meta name=\"twitter:card\" content=\"summary_large_image\" \/>\n<meta name=\"twitter:label1\" content=\"Geschatte leestijd\" \/>\n\t<meta name=\"twitter:data1\" content=\"1 minuut\" \/>\n<script type=\"application\/ld+json\" class=\"yoast-schema-graph\">{\"@context\":\"https:\/\/schema.org\",\"@graph\":[{\"@type\":\"WebPage\",\"@id\":\"https:\/\/ml-locations.be\/nl\/locations\/four-a-convection-electrique-12-niveaux-gastros-gn1-1-380v-32a\/\",\"url\":\"https:\/\/ml-locations.be\/nl\/locations\/four-a-convection-electrique-12-niveaux-gastros-gn1-1-380v-32a\/\",\"name\":\"Four \u00e0 convection \u00e9l\u00e9ctrique 12 niveaux gastros GN1\/1 380V-32A | ML Locations\",\"isPartOf\":{\"@id\":\"https:\/\/ml-locations.be\/nl\/#website\"},\"primaryImageOfPage\":{\"@id\":\"https:\/\/ml-locations.be\/nl\/locations\/four-a-convection-electrique-12-niveaux-gastros-gn1-1-380v-32a\/#primaryimage\"},\"image\":{\"@id\":\"https:\/\/ml-locations.be\/nl\/locations\/four-a-convection-electrique-12-niveaux-gastros-gn1-1-380v-32a\/#primaryimage\"},\"thumbnailUrl\":\"https:\/\/ml-locations.be\/wp-content\/uploads\/2023\/02\/four-a-convection-bakerlux-cheflux-manuel-gaz-12-gn-11-unox.jpg\",\"datePublished\":\"2023-02-23T15:10:42+00:00\",\"dateModified\":\"2026-01-14T15:15:54+00:00\",\"description\":\"Ce four \u00e0 convection \u00e9lectrique en location d'une capacit\u00e9 de 12 gastros GN1\/1 est le four id\u00e9al pour tous vos gros \u00e9v\u00e9nements!il poss\u00e8de diff\u00e9rents cycles de cuissons \u00a0automatiques et fonction intelligentes pour des r\u00e9sultats toujours impeccables.Gr\u00e2ce \u00e0 son chariot de transport, ce four en location est mis \u00e0 la hauteur id\u00e9al pour un travail efficace.\",\"breadcrumb\":{\"@id\":\"https:\/\/ml-locations.be\/nl\/locations\/four-a-convection-electrique-12-niveaux-gastros-gn1-1-380v-32a\/#breadcrumb\"},\"inLanguage\":\"nl-NL\",\"potentialAction\":[{\"@type\":\"ReadAction\",\"target\":[\"https:\/\/ml-locations.be\/nl\/locations\/four-a-convection-electrique-12-niveaux-gastros-gn1-1-380v-32a\/\"]}]},{\"@type\":\"ImageObject\",\"inLanguage\":\"nl-NL\",\"@id\":\"https:\/\/ml-locations.be\/nl\/locations\/four-a-convection-electrique-12-niveaux-gastros-gn1-1-380v-32a\/#primaryimage\",\"url\":\"https:\/\/ml-locations.be\/wp-content\/uploads\/2023\/02\/four-a-convection-bakerlux-cheflux-manuel-gaz-12-gn-11-unox.jpg\",\"contentUrl\":\"https:\/\/ml-locations.be\/wp-content\/uploads\/2023\/02\/four-a-convection-bakerlux-cheflux-manuel-gaz-12-gn-11-unox.jpg\",\"width\":540,\"height\":540},{\"@type\":\"BreadcrumbList\",\"@id\":\"https:\/\/ml-locations.be\/nl\/locations\/four-a-convection-electrique-12-niveaux-gastros-gn1-1-380v-32a\/#breadcrumb\",\"itemListElement\":[{\"@type\":\"ListItem\",\"position\":1,\"name\":\"Accueil\",\"item\":\"https:\/\/ml-locations.be\/nl\/\"},{\"@type\":\"ListItem\",\"position\":2,\"name\":\"Winkel\",\"item\":\"https:\/\/ml-locations.be\/nl\/winkel\/\"},{\"@type\":\"ListItem\",\"position\":3,\"name\":\"Four \u00e0 convection \u00e9l\u00e9ctrique 12 niveaux gastros GN1\/1 380V-32A\"}]},{\"@type\":\"WebSite\",\"@id\":\"https:\/\/ml-locations.be\/nl\/#website\",\"url\":\"https:\/\/ml-locations.be\/nl\/\",\"name\":\"ML Locations\",\"description\":\"Mat\u00e9riel \u00e9v\u00e9nementiel : location chaise, table et mange debout, mat\u00e9riel horeca, frigos,...\",\"publisher\":{\"@id\":\"https:\/\/ml-locations.be\/nl\/#organization\"},\"potentialAction\":[{\"@type\":\"SearchAction\",\"target\":{\"@type\":\"EntryPoint\",\"urlTemplate\":\"https:\/\/ml-locations.be\/nl\/?s={search_term_string}\"},\"query-input\":{\"@type\":\"PropertyValueSpecification\",\"valueRequired\":true,\"valueName\":\"search_term_string\"}}],\"inLanguage\":\"nl-NL\"},{\"@type\":\"Organization\",\"@id\":\"https:\/\/ml-locations.be\/nl\/#organization\",\"name\":\"ML Locations\",\"url\":\"https:\/\/ml-locations.be\/nl\/\",\"logo\":{\"@type\":\"ImageObject\",\"inLanguage\":\"nl-NL\",\"@id\":\"https:\/\/ml-locations.be\/nl\/#\/schema\/logo\/image\/\",\"url\":\"https:\/\/ml-locations.be\/wp-content\/uploads\/2018\/05\/LOGO-location-BON.png\",\"contentUrl\":\"https:\/\/ml-locations.be\/wp-content\/uploads\/2018\/05\/LOGO-location-BON.png\",\"width\":1200,\"height\":1200,\"caption\":\"ML Locations\"},\"image\":{\"@id\":\"https:\/\/ml-locations.be\/nl\/#\/schema\/logo\/image\/\"}}]}<\/script>\n<!-- \/ Yoast SEO plugin. -->","yoast_head_json":{"title":"Four \u00e0 convection \u00e9l\u00e9ctrique 12 niveaux gastros GN1\/1 380V-32A | ML Locations","description":"Ce four \u00e0 convection \u00e9lectrique en location d'une capacit\u00e9 de 12 gastros GN1\/1 est le four id\u00e9al pour tous vos gros \u00e9v\u00e9nements!il poss\u00e8de diff\u00e9rents cycles de cuissons \u00a0automatiques et fonction intelligentes pour des r\u00e9sultats toujours impeccables.Gr\u00e2ce \u00e0 son chariot de transport, ce four en location est mis \u00e0 la hauteur id\u00e9al pour un travail efficace.","robots":{"index":"index","follow":"follow","max-snippet":"max-snippet:-1","max-image-preview":"max-image-preview:large","max-video-preview":"max-video-preview:-1"},"canonical":"https:\/\/ml-locations.be\/nl\/locations\/four-a-convection-electrique-12-niveaux-gastros-gn1-1-380v-32a\/","og_locale":"nl_NL","og_type":"article","og_title":"Four \u00e0 convection \u00e9l\u00e9ctrique 12 niveaux gastros GN1\/1 380V-32A | ML Locations","og_description":"Ce four \u00e0 convection \u00e9lectrique en location d'une capacit\u00e9 de 12 gastros GN1\/1 est le four id\u00e9al pour tous vos gros \u00e9v\u00e9nements!il poss\u00e8de diff\u00e9rents cycles de cuissons \u00a0automatiques et fonction intelligentes pour des r\u00e9sultats toujours impeccables.Gr\u00e2ce \u00e0 son chariot de transport, ce four en location est mis \u00e0 la hauteur id\u00e9al pour un travail efficace.","og_url":"https:\/\/ml-locations.be\/nl\/locations\/four-a-convection-electrique-12-niveaux-gastros-gn1-1-380v-32a\/","og_site_name":"ML Locations","article_modified_time":"2026-01-14T15:15:54+00:00","og_image":[{"width":540,"height":540,"url":"https:\/\/ml-locations.be\/wp-content\/uploads\/2023\/02\/four-a-convection-bakerlux-cheflux-manuel-gaz-12-gn-11-unox.jpg","type":"image\/jpeg"}],"twitter_card":"summary_large_image","twitter_misc":{"Geschatte leestijd":"1 minuut"},"schema":{"@context":"https:\/\/schema.org","@graph":[{"@type":"WebPage","@id":"https:\/\/ml-locations.be\/nl\/locations\/four-a-convection-electrique-12-niveaux-gastros-gn1-1-380v-32a\/","url":"https:\/\/ml-locations.be\/nl\/locations\/four-a-convection-electrique-12-niveaux-gastros-gn1-1-380v-32a\/","name":"Four \u00e0 convection \u00e9l\u00e9ctrique 12 niveaux gastros GN1\/1 380V-32A | ML Locations","isPartOf":{"@id":"https:\/\/ml-locations.be\/nl\/#website"},"primaryImageOfPage":{"@id":"https:\/\/ml-locations.be\/nl\/locations\/four-a-convection-electrique-12-niveaux-gastros-gn1-1-380v-32a\/#primaryimage"},"image":{"@id":"https:\/\/ml-locations.be\/nl\/locations\/four-a-convection-electrique-12-niveaux-gastros-gn1-1-380v-32a\/#primaryimage"},"thumbnailUrl":"https:\/\/ml-locations.be\/wp-content\/uploads\/2023\/02\/four-a-convection-bakerlux-cheflux-manuel-gaz-12-gn-11-unox.jpg","datePublished":"2023-02-23T15:10:42+00:00","dateModified":"2026-01-14T15:15:54+00:00","description":"Ce four \u00e0 convection \u00e9lectrique en location d'une capacit\u00e9 de 12 gastros GN1\/1 est le four id\u00e9al pour tous vos gros \u00e9v\u00e9nements!il poss\u00e8de diff\u00e9rents cycles de cuissons \u00a0automatiques et fonction intelligentes pour des r\u00e9sultats toujours impeccables.Gr\u00e2ce \u00e0 son chariot de transport, ce four en location est mis \u00e0 la hauteur id\u00e9al pour un travail efficace.","breadcrumb":{"@id":"https:\/\/ml-locations.be\/nl\/locations\/four-a-convection-electrique-12-niveaux-gastros-gn1-1-380v-32a\/#breadcrumb"},"inLanguage":"nl-NL","potentialAction":[{"@type":"ReadAction","target":["https:\/\/ml-locations.be\/nl\/locations\/four-a-convection-electrique-12-niveaux-gastros-gn1-1-380v-32a\/"]}]},{"@type":"ImageObject","inLanguage":"nl-NL","@id":"https:\/\/ml-locations.be\/nl\/locations\/four-a-convection-electrique-12-niveaux-gastros-gn1-1-380v-32a\/#primaryimage","url":"https:\/\/ml-locations.be\/wp-content\/uploads\/2023\/02\/four-a-convection-bakerlux-cheflux-manuel-gaz-12-gn-11-unox.jpg","contentUrl":"https:\/\/ml-locations.be\/wp-content\/uploads\/2023\/02\/four-a-convection-bakerlux-cheflux-manuel-gaz-12-gn-11-unox.jpg","width":540,"height":540},{"@type":"BreadcrumbList","@id":"https:\/\/ml-locations.be\/nl\/locations\/four-a-convection-electrique-12-niveaux-gastros-gn1-1-380v-32a\/#breadcrumb","itemListElement":[{"@type":"ListItem","position":1,"name":"Accueil","item":"https:\/\/ml-locations.be\/nl\/"},{"@type":"ListItem","position":2,"name":"Winkel","item":"https:\/\/ml-locations.be\/nl\/winkel\/"},{"@type":"ListItem","position":3,"name":"Four \u00e0 convection \u00e9l\u00e9ctrique 12 niveaux gastros GN1\/1 380V-32A"}]},{"@type":"WebSite","@id":"https:\/\/ml-locations.be\/nl\/#website","url":"https:\/\/ml-locations.be\/nl\/","name":"ML Locations","description":"Mat\u00e9riel \u00e9v\u00e9nementiel : location chaise, table et mange debout, mat\u00e9riel horeca, frigos,...","publisher":{"@id":"https:\/\/ml-locations.be\/nl\/#organization"},"potentialAction":[{"@type":"SearchAction","target":{"@type":"EntryPoint","urlTemplate":"https:\/\/ml-locations.be\/nl\/?s={search_term_string}"},"query-input":{"@type":"PropertyValueSpecification","valueRequired":true,"valueName":"search_term_string"}}],"inLanguage":"nl-NL"},{"@type":"Organization","@id":"https:\/\/ml-locations.be\/nl\/#organization","name":"ML Locations","url":"https:\/\/ml-locations.be\/nl\/","logo":{"@type":"ImageObject","inLanguage":"nl-NL","@id":"https:\/\/ml-locations.be\/nl\/#\/schema\/logo\/image\/","url":"https:\/\/ml-locations.be\/wp-content\/uploads\/2018\/05\/LOGO-location-BON.png","contentUrl":"https:\/\/ml-locations.be\/wp-content\/uploads\/2018\/05\/LOGO-location-BON.png","width":1200,"height":1200,"caption":"ML Locations"},"image":{"@id":"https:\/\/ml-locations.be\/nl\/#\/schema\/logo\/image\/"}}]}},"_links":{"self":[{"href":"https:\/\/ml-locations.be\/nl\/wp-json\/wp\/v2\/product\/1051804","targetHints":{"allow":["GET"]}}],"collection":[{"href":"https:\/\/ml-locations.be\/nl\/wp-json\/wp\/v2\/product"}],"about":[{"href":"https:\/\/ml-locations.be\/nl\/wp-json\/wp\/v2\/types\/product"}],"wp:featuredmedia":[{"embeddable":true,"href":"https:\/\/ml-locations.be\/nl\/wp-json\/wp\/v2\/media\/1051802"}],"wp:attachment":[{"href":"https:\/\/ml-locations.be\/nl\/wp-json\/wp\/v2\/media?parent=1051804"}],"wp:term":[{"taxonomy":"product_brand","embeddable":true,"href":"https:\/\/ml-locations.be\/nl\/wp-json\/wp\/v2\/product_brand?post=1051804"},{"taxonomy":"product_cat","embeddable":true,"href":"https:\/\/ml-locations.be\/nl\/wp-json\/wp\/v2\/product_cat?post=1051804"},{"taxonomy":"product_tag","embeddable":true,"href":"https:\/\/ml-locations.be\/nl\/wp-json\/wp\/v2\/product_tag?post=1051804"}],"curies":[{"name":"wp","href":"https:\/\/api.w.org\/{rel}","templated":true}]}}