{"id":1051805,"date":"2023-02-23T17:36:30","date_gmt":"2023-02-23T16:36:30","guid":{"rendered":"https:\/\/ml-locations.be\/?post_type=product&#038;p=1051805"},"modified":"2023-02-23T17:36:31","modified_gmt":"2023-02-23T16:36:31","slug":"internet-by-starlink","status":"publish","type":"product","link":"https:\/\/ml-locations.be\/nl\/locations\/internet-by-starlink\/","title":{"rendered":"Internet by STARLINK"},"content":{"rendered":"<p>Vous souhaitez b\u00e9n\u00e9ficier d&#8217;internet sur vos \u00e9v\u00e9nements, pensez \u00e0 notre solution <strong>Internet by starlink, <\/strong>nous proposons un kit compos\u00e9 de l&#8217;abonnement, de l&#8217;antenne satellite et d&#8217;un router pour diffuser internet en wifi.<\/p>\n<div class=\"\"><span class=\"\"><span class=\"\" style=\"font-family: Arial;\">Internet tr\u00e8s haut d\u00e9bit dans les r\u00e9gions les plus rurales et isol\u00e9es du monde. Excellent pour le 4k streaming, les appels vid\u00e9o et les jeux video en ligne.<\/span><\/span><\/div>\n<div class=\"\">\n<div class=\"\"><span class=\"\"><span class=\"\" style=\"font-family: Arial;\">Id\u00e9al pour un usage r\u00e9sidentiel et les cas d&#8217;utilisation quotidiens d&#8217;Internet, comme le streaming, les appels vid\u00e9o, les jeux en ligne, et bien plus encore.<\/span><\/span><\/div>\n<div class=\"\"><span class=\"\"><span class=\"\" style=\"font-family: Arial;\">Le kit Starlink inclut tout le n\u00e9cessaire pour vous connecter sur Internet, y compris l&#8217;antenne, le routeur Wi-Fi, le bloc d&#8217;alimentation, les c\u00e2bles et la base.<\/span><\/span><\/div>\n<\/div>\n<p>&nbsp;<\/p>\n","protected":false},"excerpt":{"rendered":"<p>Vous souhaitez b\u00e9n\u00e9ficier d&#8217;internet sur vos \u00e9v\u00e9nements, pensez \u00e0 notre solution <strong>Internet by starlink, <\/strong>nous proposons un kit compos\u00e9 de l&#8217;abonnement, de l&#8217;antenne satellite et d&#8217;un router pour diffuser internet en wifi.<\/p>\n","protected":false},"featured_media":1051806,"template":"","meta":{"_acf_changed":false},"product_brand":[],"product_cat":[17,24],"product_tag":[],"class_list":{"0":"post-1051805","1":"product","2":"type-product","3":"status-publish","4":"has-post-thumbnail","6":"product_cat-materiel-sono-et-lumieres-en-location","7":"product_cat-materiel-video-en-location","8":"description-off","10":"first","11":"instock","12":"taxable","13":"shipping-taxable","14":"purchasable","15":"product-type-simple"},"acf":[],"yoast_head":"<!-- This site is optimized with the Yoast SEO plugin v25.0 - https:\/\/yoast.com\/wordpress\/plugins\/seo\/ -->\n<title>Internet by STARLINK | ML Locations<\/title>\n<meta name=\"description\" content=\"Vous souhaitez b\u00e9n\u00e9ficier d&#039;internet sur vos \u00e9v\u00e9nements, pensez \u00e0 notre solution Internet by starlink, nous proposons un kit compos\u00e9 de l&#039;abonnement, de l&#039;antenne satellite et d&#039;un router pour diffuser internet en wifi.\" \/>\n<meta name=\"robots\" content=\"index, follow, max-snippet:-1, max-image-preview:large, max-video-preview:-1\" \/>\n<link rel=\"canonical\" href=\"https:\/\/ml-locations.be\/nl\/locations\/internet-by-starlink\/\" \/>\n<meta property=\"og:locale\" content=\"nl_NL\" \/>\n<meta property=\"og:type\" content=\"article\" \/>\n<meta property=\"og:title\" content=\"Internet by STARLINK | ML Locations\" \/>\n<meta property=\"og:description\" content=\"Vous souhaitez b\u00e9n\u00e9ficier d&#039;internet sur vos \u00e9v\u00e9nements, pensez \u00e0 notre solution Internet by starlink, nous proposons un kit compos\u00e9 de l&#039;abonnement, de l&#039;antenne satellite et d&#039;un router pour diffuser internet en wifi.\" \/>\n<meta property=\"og:url\" content=\"https:\/\/ml-locations.be\/nl\/locations\/internet-by-starlink\/\" \/>\n<meta property=\"og:site_name\" content=\"ML Locations\" \/>\n<meta property=\"article:modified_time\" content=\"2023-02-23T16:36:31+00:00\" \/>\n<meta property=\"og:image\" content=\"https:\/\/ml-locations.be\/wp-content\/uploads\/2023\/02\/Starlink_Standard_500x500.png\" \/>\n\t<meta property=\"og:image:width\" content=\"710\" \/>\n\t<meta property=\"og:image:height\" content=\"712\" \/>\n\t<meta property=\"og:image:type\" content=\"image\/png\" \/>\n<meta name=\"twitter:card\" content=\"summary_large_image\" \/>\n<meta name=\"twitter:label1\" content=\"Geschatte leestijd\" \/>\n\t<meta name=\"twitter:data1\" content=\"1 minuut\" \/>\n<script type=\"application\/ld+json\" class=\"yoast-schema-graph\">{\"@context\":\"https:\/\/schema.org\",\"@graph\":[{\"@type\":\"WebPage\",\"@id\":\"https:\/\/ml-locations.be\/nl\/locations\/internet-by-starlink\/\",\"url\":\"https:\/\/ml-locations.be\/nl\/locations\/internet-by-starlink\/\",\"name\":\"Internet by STARLINK | ML Locations\",\"isPartOf\":{\"@id\":\"https:\/\/ml-locations.be\/nl\/#website\"},\"primaryImageOfPage\":{\"@id\":\"https:\/\/ml-locations.be\/nl\/locations\/internet-by-starlink\/#primaryimage\"},\"image\":{\"@id\":\"https:\/\/ml-locations.be\/nl\/locations\/internet-by-starlink\/#primaryimage\"},\"thumbnailUrl\":\"https:\/\/ml-locations.be\/wp-content\/uploads\/2023\/02\/Starlink_Standard_500x500.png\",\"datePublished\":\"2023-02-23T16:36:30+00:00\",\"dateModified\":\"2023-02-23T16:36:31+00:00\",\"description\":\"Vous souhaitez b\u00e9n\u00e9ficier d'internet sur vos \u00e9v\u00e9nements, pensez \u00e0 notre solution Internet by starlink, nous proposons un kit compos\u00e9 de l'abonnement, de l'antenne satellite et d'un router pour diffuser internet en wifi.\",\"breadcrumb\":{\"@id\":\"https:\/\/ml-locations.be\/nl\/locations\/internet-by-starlink\/#breadcrumb\"},\"inLanguage\":\"nl-NL\",\"potentialAction\":[{\"@type\":\"ReadAction\",\"target\":[\"https:\/\/ml-locations.be\/nl\/locations\/internet-by-starlink\/\"]}]},{\"@type\":\"ImageObject\",\"inLanguage\":\"nl-NL\",\"@id\":\"https:\/\/ml-locations.be\/nl\/locations\/internet-by-starlink\/#primaryimage\",\"url\":\"https:\/\/ml-locations.be\/wp-content\/uploads\/2023\/02\/Starlink_Standard_500x500.png\",\"contentUrl\":\"https:\/\/ml-locations.be\/wp-content\/uploads\/2023\/02\/Starlink_Standard_500x500.png\",\"width\":710,\"height\":712},{\"@type\":\"BreadcrumbList\",\"@id\":\"https:\/\/ml-locations.be\/nl\/locations\/internet-by-starlink\/#breadcrumb\",\"itemListElement\":[{\"@type\":\"ListItem\",\"position\":1,\"name\":\"Accueil\",\"item\":\"https:\/\/ml-locations.be\/nl\/\"},{\"@type\":\"ListItem\",\"position\":2,\"name\":\"Winkel\",\"item\":\"https:\/\/ml-locations.be\/nl\/winkel\/\"},{\"@type\":\"ListItem\",\"position\":3,\"name\":\"Internet by STARLINK\"}]},{\"@type\":\"WebSite\",\"@id\":\"https:\/\/ml-locations.be\/nl\/#website\",\"url\":\"https:\/\/ml-locations.be\/nl\/\",\"name\":\"ML Locations\",\"description\":\"Mat\u00e9riel \u00e9v\u00e9nementiel : location chaise, table et mange debout, mat\u00e9riel horeca, frigos,...\",\"publisher\":{\"@id\":\"https:\/\/ml-locations.be\/nl\/#organization\"},\"potentialAction\":[{\"@type\":\"SearchAction\",\"target\":{\"@type\":\"EntryPoint\",\"urlTemplate\":\"https:\/\/ml-locations.be\/nl\/?s={search_term_string}\"},\"query-input\":{\"@type\":\"PropertyValueSpecification\",\"valueRequired\":true,\"valueName\":\"search_term_string\"}}],\"inLanguage\":\"nl-NL\"},{\"@type\":\"Organization\",\"@id\":\"https:\/\/ml-locations.be\/nl\/#organization\",\"name\":\"ML Locations\",\"url\":\"https:\/\/ml-locations.be\/nl\/\",\"logo\":{\"@type\":\"ImageObject\",\"inLanguage\":\"nl-NL\",\"@id\":\"https:\/\/ml-locations.be\/nl\/#\/schema\/logo\/image\/\",\"url\":\"https:\/\/ml-locations.be\/wp-content\/uploads\/2018\/05\/LOGO-location-BON.png\",\"contentUrl\":\"https:\/\/ml-locations.be\/wp-content\/uploads\/2018\/05\/LOGO-location-BON.png\",\"width\":1200,\"height\":1200,\"caption\":\"ML Locations\"},\"image\":{\"@id\":\"https:\/\/ml-locations.be\/nl\/#\/schema\/logo\/image\/\"}}]}<\/script>\n<!-- \/ Yoast SEO plugin. -->","yoast_head_json":{"title":"Internet by STARLINK | ML Locations","description":"Vous souhaitez b\u00e9n\u00e9ficier d'internet sur vos \u00e9v\u00e9nements, pensez \u00e0 notre solution Internet by starlink, nous proposons un kit compos\u00e9 de l'abonnement, de l'antenne satellite et d'un router pour diffuser internet en wifi.","robots":{"index":"index","follow":"follow","max-snippet":"max-snippet:-1","max-image-preview":"max-image-preview:large","max-video-preview":"max-video-preview:-1"},"canonical":"https:\/\/ml-locations.be\/nl\/locations\/internet-by-starlink\/","og_locale":"nl_NL","og_type":"article","og_title":"Internet by STARLINK | ML Locations","og_description":"Vous souhaitez b\u00e9n\u00e9ficier d'internet sur vos \u00e9v\u00e9nements, pensez \u00e0 notre solution Internet by starlink, nous proposons un kit compos\u00e9 de l'abonnement, de l'antenne satellite et d'un router pour diffuser internet en wifi.","og_url":"https:\/\/ml-locations.be\/nl\/locations\/internet-by-starlink\/","og_site_name":"ML Locations","article_modified_time":"2023-02-23T16:36:31+00:00","og_image":[{"width":710,"height":712,"url":"https:\/\/ml-locations.be\/wp-content\/uploads\/2023\/02\/Starlink_Standard_500x500.png","type":"image\/png"}],"twitter_card":"summary_large_image","twitter_misc":{"Geschatte leestijd":"1 minuut"},"schema":{"@context":"https:\/\/schema.org","@graph":[{"@type":"WebPage","@id":"https:\/\/ml-locations.be\/nl\/locations\/internet-by-starlink\/","url":"https:\/\/ml-locations.be\/nl\/locations\/internet-by-starlink\/","name":"Internet by STARLINK | ML Locations","isPartOf":{"@id":"https:\/\/ml-locations.be\/nl\/#website"},"primaryImageOfPage":{"@id":"https:\/\/ml-locations.be\/nl\/locations\/internet-by-starlink\/#primaryimage"},"image":{"@id":"https:\/\/ml-locations.be\/nl\/locations\/internet-by-starlink\/#primaryimage"},"thumbnailUrl":"https:\/\/ml-locations.be\/wp-content\/uploads\/2023\/02\/Starlink_Standard_500x500.png","datePublished":"2023-02-23T16:36:30+00:00","dateModified":"2023-02-23T16:36:31+00:00","description":"Vous souhaitez b\u00e9n\u00e9ficier d'internet sur vos \u00e9v\u00e9nements, pensez \u00e0 notre solution Internet by starlink, nous proposons un kit compos\u00e9 de l'abonnement, de l'antenne satellite et d'un router pour diffuser internet en wifi.","breadcrumb":{"@id":"https:\/\/ml-locations.be\/nl\/locations\/internet-by-starlink\/#breadcrumb"},"inLanguage":"nl-NL","potentialAction":[{"@type":"ReadAction","target":["https:\/\/ml-locations.be\/nl\/locations\/internet-by-starlink\/"]}]},{"@type":"ImageObject","inLanguage":"nl-NL","@id":"https:\/\/ml-locations.be\/nl\/locations\/internet-by-starlink\/#primaryimage","url":"https:\/\/ml-locations.be\/wp-content\/uploads\/2023\/02\/Starlink_Standard_500x500.png","contentUrl":"https:\/\/ml-locations.be\/wp-content\/uploads\/2023\/02\/Starlink_Standard_500x500.png","width":710,"height":712},{"@type":"BreadcrumbList","@id":"https:\/\/ml-locations.be\/nl\/locations\/internet-by-starlink\/#breadcrumb","itemListElement":[{"@type":"ListItem","position":1,"name":"Accueil","item":"https:\/\/ml-locations.be\/nl\/"},{"@type":"ListItem","position":2,"name":"Winkel","item":"https:\/\/ml-locations.be\/nl\/winkel\/"},{"@type":"ListItem","position":3,"name":"Internet by STARLINK"}]},{"@type":"WebSite","@id":"https:\/\/ml-locations.be\/nl\/#website","url":"https:\/\/ml-locations.be\/nl\/","name":"ML Locations","description":"Mat\u00e9riel \u00e9v\u00e9nementiel : location chaise, table et mange debout, mat\u00e9riel horeca, frigos,...","publisher":{"@id":"https:\/\/ml-locations.be\/nl\/#organization"},"potentialAction":[{"@type":"SearchAction","target":{"@type":"EntryPoint","urlTemplate":"https:\/\/ml-locations.be\/nl\/?s={search_term_string}"},"query-input":{"@type":"PropertyValueSpecification","valueRequired":true,"valueName":"search_term_string"}}],"inLanguage":"nl-NL"},{"@type":"Organization","@id":"https:\/\/ml-locations.be\/nl\/#organization","name":"ML Locations","url":"https:\/\/ml-locations.be\/nl\/","logo":{"@type":"ImageObject","inLanguage":"nl-NL","@id":"https:\/\/ml-locations.be\/nl\/#\/schema\/logo\/image\/","url":"https:\/\/ml-locations.be\/wp-content\/uploads\/2018\/05\/LOGO-location-BON.png","contentUrl":"https:\/\/ml-locations.be\/wp-content\/uploads\/2018\/05\/LOGO-location-BON.png","width":1200,"height":1200,"caption":"ML Locations"},"image":{"@id":"https:\/\/ml-locations.be\/nl\/#\/schema\/logo\/image\/"}}]}},"_links":{"self":[{"href":"https:\/\/ml-locations.be\/nl\/wp-json\/wp\/v2\/product\/1051805","targetHints":{"allow":["GET"]}}],"collection":[{"href":"https:\/\/ml-locations.be\/nl\/wp-json\/wp\/v2\/product"}],"about":[{"href":"https:\/\/ml-locations.be\/nl\/wp-json\/wp\/v2\/types\/product"}],"wp:featuredmedia":[{"embeddable":true,"href":"https:\/\/ml-locations.be\/nl\/wp-json\/wp\/v2\/media\/1051806"}],"wp:attachment":[{"href":"https:\/\/ml-locations.be\/nl\/wp-json\/wp\/v2\/media?parent=1051805"}],"wp:term":[{"taxonomy":"product_brand","embeddable":true,"href":"https:\/\/ml-locations.be\/nl\/wp-json\/wp\/v2\/product_brand?post=1051805"},{"taxonomy":"product_cat","embeddable":true,"href":"https:\/\/ml-locations.be\/nl\/wp-json\/wp\/v2\/product_cat?post=1051805"},{"taxonomy":"product_tag","embeddable":true,"href":"https:\/\/ml-locations.be\/nl\/wp-json\/wp\/v2\/product_tag?post=1051805"}],"curies":[{"name":"wp","href":"https:\/\/api.w.org\/{rel}","templated":true}]}}