{"id":1066891,"date":"2023-05-08T18:01:09","date_gmt":"2023-05-08T16:01:09","guid":{"rendered":"https:\/\/ml-locations.be\/?post_type=product&#038;p=1066891"},"modified":"2025-07-17T14:23:32","modified_gmt":"2025-07-17T12:23:32","slug":"enceinte-sur-batterie-240w-karaoke","status":"publish","type":"product","link":"https:\/\/ml-locations.be\/nl\/locations\/enceinte-sur-batterie-240w-karaoke\/","title":{"rendered":"Enceinte sur batterie 240w &#8211; Karaoke"},"content":{"rendered":"<p>Cette enceinte portable JBL party box est l&#8217;\u00e9l\u00e9ment indispensable pour toutes vos soir\u00e9es entre amis<\/p>\n<p>Mettez de la musique partout avec cette enceinte bluetooth, pilotez l\u00e0 avec votre smartphone.<\/p>\n<p>cette enceinte en location a une autonomie de 18h avec un temps de charge de 3,5h<\/p>\n<p>Caract\u00e9ristiques:<\/p>\n<p>Bluetooth<\/p>\n<p>USB<\/p>\n<p>Aux<\/p>\n<p>2 entr\u00e9es Micro<\/p>\n<p>Dimensions :<\/p>\n<p>profondeur : 368mm x hauteur 688mm x largeur 326mm<\/p>\n<p>Poids: 17,4kg<\/p>\n<p>&nbsp;<\/p>\n","protected":false},"excerpt":{"rendered":"<p>Cette enceinte portable JBL party box est l&#8217;\u00e9l\u00e9ment indispensable pour toutes vos soir\u00e9es entre amis<\/p>\n<p>Mettez de la musique partout avec cette enceinte bluetooth, pilotez l\u00e0 avec votre smartphone.<\/p>\n<p>cette enceinte en location a une autonomie de 18h avec un temps de charge de 3,5h<\/p>\n","protected":false},"featured_media":1066898,"template":"","meta":{"_acf_changed":false},"product_brand":[],"product_cat":[18],"product_tag":[],"class_list":{"0":"post-1066891","1":"product","2":"type-product","3":"status-publish","4":"has-post-thumbnail","6":"product_cat-locationde-materiel-de-sono-et-dj","7":"description-off","9":"first","10":"instock","11":"taxable","12":"shipping-taxable","13":"purchasable","14":"product-type-simple"},"acf":[],"yoast_head":"<!-- This site is optimized with the Yoast SEO plugin v25.0 - https:\/\/yoast.com\/wordpress\/plugins\/seo\/ -->\n<title>Enceinte sur batterie 240w - Karaoke | ML Locations<\/title>\n<meta name=\"description\" content=\"Cette enceinte portable JBL party box est l&#039;\u00e9l\u00e9ment indispensable pour toutes vos soir\u00e9es entre amisMettez de la musique partout avec cette enceinte bluetooth, pilotez l\u00e0 avec votre smartphone.cette enceinte en location a une autonomie de 18h avec un temps de charge de 3,5h\" \/>\n<meta name=\"robots\" content=\"index, follow, max-snippet:-1, max-image-preview:large, max-video-preview:-1\" \/>\n<link rel=\"canonical\" href=\"https:\/\/ml-locations.be\/nl\/locations\/enceinte-sur-batterie-240w-karaoke\/\" \/>\n<meta property=\"og:locale\" content=\"nl_NL\" \/>\n<meta property=\"og:type\" content=\"article\" \/>\n<meta property=\"og:title\" content=\"Enceinte sur batterie 240w - Karaoke | ML Locations\" \/>\n<meta property=\"og:description\" content=\"Cette enceinte portable JBL party box est l&#039;\u00e9l\u00e9ment indispensable pour toutes vos soir\u00e9es entre amisMettez de la musique partout avec cette enceinte bluetooth, pilotez l\u00e0 avec votre smartphone.cette enceinte en location a une autonomie de 18h avec un temps de charge de 3,5h\" \/>\n<meta property=\"og:url\" content=\"https:\/\/ml-locations.be\/nl\/locations\/enceinte-sur-batterie-240w-karaoke\/\" \/>\n<meta property=\"og:site_name\" content=\"ML Locations\" \/>\n<meta property=\"article:modified_time\" content=\"2025-07-17T12:23:32+00:00\" \/>\n<meta property=\"og:image\" content=\"https:\/\/ml-locations.be\/wp-content\/uploads\/2023\/05\/Capture-decran-2023-05-08-a-11.09.52.png\" \/>\n\t<meta property=\"og:image:width\" content=\"864\" \/>\n\t<meta property=\"og:image:height\" content=\"932\" \/>\n\t<meta property=\"og:image:type\" content=\"image\/png\" \/>\n<meta name=\"twitter:card\" content=\"summary_large_image\" \/>\n<meta name=\"twitter:label1\" content=\"Geschatte leestijd\" \/>\n\t<meta name=\"twitter:data1\" content=\"1 minuut\" \/>\n<script type=\"application\/ld+json\" class=\"yoast-schema-graph\">{\"@context\":\"https:\/\/schema.org\",\"@graph\":[{\"@type\":\"WebPage\",\"@id\":\"https:\/\/ml-locations.be\/nl\/locations\/enceinte-sur-batterie-240w-karaoke\/\",\"url\":\"https:\/\/ml-locations.be\/nl\/locations\/enceinte-sur-batterie-240w-karaoke\/\",\"name\":\"Enceinte sur batterie 240w - Karaoke | ML Locations\",\"isPartOf\":{\"@id\":\"https:\/\/ml-locations.be\/nl\/#website\"},\"primaryImageOfPage\":{\"@id\":\"https:\/\/ml-locations.be\/nl\/locations\/enceinte-sur-batterie-240w-karaoke\/#primaryimage\"},\"image\":{\"@id\":\"https:\/\/ml-locations.be\/nl\/locations\/enceinte-sur-batterie-240w-karaoke\/#primaryimage\"},\"thumbnailUrl\":\"https:\/\/ml-locations.be\/wp-content\/uploads\/2023\/05\/Capture-decran-2023-05-08-a-11.09.52.png\",\"datePublished\":\"2023-05-08T16:01:09+00:00\",\"dateModified\":\"2025-07-17T12:23:32+00:00\",\"description\":\"Cette enceinte portable JBL party box est l'\u00e9l\u00e9ment indispensable pour toutes vos soir\u00e9es entre amisMettez de la musique partout avec cette enceinte bluetooth, pilotez l\u00e0 avec votre smartphone.cette enceinte en location a une autonomie de 18h avec un temps de charge de 3,5h\",\"breadcrumb\":{\"@id\":\"https:\/\/ml-locations.be\/nl\/locations\/enceinte-sur-batterie-240w-karaoke\/#breadcrumb\"},\"inLanguage\":\"nl-NL\",\"potentialAction\":[{\"@type\":\"ReadAction\",\"target\":[\"https:\/\/ml-locations.be\/nl\/locations\/enceinte-sur-batterie-240w-karaoke\/\"]}]},{\"@type\":\"ImageObject\",\"inLanguage\":\"nl-NL\",\"@id\":\"https:\/\/ml-locations.be\/nl\/locations\/enceinte-sur-batterie-240w-karaoke\/#primaryimage\",\"url\":\"https:\/\/ml-locations.be\/wp-content\/uploads\/2023\/05\/Capture-decran-2023-05-08-a-11.09.52.png\",\"contentUrl\":\"https:\/\/ml-locations.be\/wp-content\/uploads\/2023\/05\/Capture-decran-2023-05-08-a-11.09.52.png\",\"width\":864,\"height\":932},{\"@type\":\"BreadcrumbList\",\"@id\":\"https:\/\/ml-locations.be\/nl\/locations\/enceinte-sur-batterie-240w-karaoke\/#breadcrumb\",\"itemListElement\":[{\"@type\":\"ListItem\",\"position\":1,\"name\":\"Accueil\",\"item\":\"https:\/\/ml-locations.be\/nl\/\"},{\"@type\":\"ListItem\",\"position\":2,\"name\":\"Winkel\",\"item\":\"https:\/\/ml-locations.be\/nl\/winkel\/\"},{\"@type\":\"ListItem\",\"position\":3,\"name\":\"Enceinte sur batterie 240w &#8211; Karaoke\"}]},{\"@type\":\"WebSite\",\"@id\":\"https:\/\/ml-locations.be\/nl\/#website\",\"url\":\"https:\/\/ml-locations.be\/nl\/\",\"name\":\"ML Locations\",\"description\":\"Mat\u00e9riel \u00e9v\u00e9nementiel : location chaise, table et mange debout, mat\u00e9riel horeca, frigos,...\",\"publisher\":{\"@id\":\"https:\/\/ml-locations.be\/nl\/#organization\"},\"potentialAction\":[{\"@type\":\"SearchAction\",\"target\":{\"@type\":\"EntryPoint\",\"urlTemplate\":\"https:\/\/ml-locations.be\/nl\/?s={search_term_string}\"},\"query-input\":{\"@type\":\"PropertyValueSpecification\",\"valueRequired\":true,\"valueName\":\"search_term_string\"}}],\"inLanguage\":\"nl-NL\"},{\"@type\":\"Organization\",\"@id\":\"https:\/\/ml-locations.be\/nl\/#organization\",\"name\":\"ML Locations\",\"url\":\"https:\/\/ml-locations.be\/nl\/\",\"logo\":{\"@type\":\"ImageObject\",\"inLanguage\":\"nl-NL\",\"@id\":\"https:\/\/ml-locations.be\/nl\/#\/schema\/logo\/image\/\",\"url\":\"https:\/\/ml-locations.be\/wp-content\/uploads\/2018\/05\/LOGO-location-BON.png\",\"contentUrl\":\"https:\/\/ml-locations.be\/wp-content\/uploads\/2018\/05\/LOGO-location-BON.png\",\"width\":1200,\"height\":1200,\"caption\":\"ML Locations\"},\"image\":{\"@id\":\"https:\/\/ml-locations.be\/nl\/#\/schema\/logo\/image\/\"}}]}<\/script>\n<!-- \/ Yoast SEO plugin. -->","yoast_head_json":{"title":"Enceinte sur batterie 240w - Karaoke | ML Locations","description":"Cette enceinte portable JBL party box est l'\u00e9l\u00e9ment indispensable pour toutes vos soir\u00e9es entre amisMettez de la musique partout avec cette enceinte bluetooth, pilotez l\u00e0 avec votre smartphone.cette enceinte en location a une autonomie de 18h avec un temps de charge de 3,5h","robots":{"index":"index","follow":"follow","max-snippet":"max-snippet:-1","max-image-preview":"max-image-preview:large","max-video-preview":"max-video-preview:-1"},"canonical":"https:\/\/ml-locations.be\/nl\/locations\/enceinte-sur-batterie-240w-karaoke\/","og_locale":"nl_NL","og_type":"article","og_title":"Enceinte sur batterie 240w - Karaoke | ML Locations","og_description":"Cette enceinte portable JBL party box est l'\u00e9l\u00e9ment indispensable pour toutes vos soir\u00e9es entre amisMettez de la musique partout avec cette enceinte bluetooth, pilotez l\u00e0 avec votre smartphone.cette enceinte en location a une autonomie de 18h avec un temps de charge de 3,5h","og_url":"https:\/\/ml-locations.be\/nl\/locations\/enceinte-sur-batterie-240w-karaoke\/","og_site_name":"ML Locations","article_modified_time":"2025-07-17T12:23:32+00:00","og_image":[{"width":864,"height":932,"url":"https:\/\/ml-locations.be\/wp-content\/uploads\/2023\/05\/Capture-decran-2023-05-08-a-11.09.52.png","type":"image\/png"}],"twitter_card":"summary_large_image","twitter_misc":{"Geschatte leestijd":"1 minuut"},"schema":{"@context":"https:\/\/schema.org","@graph":[{"@type":"WebPage","@id":"https:\/\/ml-locations.be\/nl\/locations\/enceinte-sur-batterie-240w-karaoke\/","url":"https:\/\/ml-locations.be\/nl\/locations\/enceinte-sur-batterie-240w-karaoke\/","name":"Enceinte sur batterie 240w - Karaoke | ML Locations","isPartOf":{"@id":"https:\/\/ml-locations.be\/nl\/#website"},"primaryImageOfPage":{"@id":"https:\/\/ml-locations.be\/nl\/locations\/enceinte-sur-batterie-240w-karaoke\/#primaryimage"},"image":{"@id":"https:\/\/ml-locations.be\/nl\/locations\/enceinte-sur-batterie-240w-karaoke\/#primaryimage"},"thumbnailUrl":"https:\/\/ml-locations.be\/wp-content\/uploads\/2023\/05\/Capture-decran-2023-05-08-a-11.09.52.png","datePublished":"2023-05-08T16:01:09+00:00","dateModified":"2025-07-17T12:23:32+00:00","description":"Cette enceinte portable JBL party box est l'\u00e9l\u00e9ment indispensable pour toutes vos soir\u00e9es entre amisMettez de la musique partout avec cette enceinte bluetooth, pilotez l\u00e0 avec votre smartphone.cette enceinte en location a une autonomie de 18h avec un temps de charge de 3,5h","breadcrumb":{"@id":"https:\/\/ml-locations.be\/nl\/locations\/enceinte-sur-batterie-240w-karaoke\/#breadcrumb"},"inLanguage":"nl-NL","potentialAction":[{"@type":"ReadAction","target":["https:\/\/ml-locations.be\/nl\/locations\/enceinte-sur-batterie-240w-karaoke\/"]}]},{"@type":"ImageObject","inLanguage":"nl-NL","@id":"https:\/\/ml-locations.be\/nl\/locations\/enceinte-sur-batterie-240w-karaoke\/#primaryimage","url":"https:\/\/ml-locations.be\/wp-content\/uploads\/2023\/05\/Capture-decran-2023-05-08-a-11.09.52.png","contentUrl":"https:\/\/ml-locations.be\/wp-content\/uploads\/2023\/05\/Capture-decran-2023-05-08-a-11.09.52.png","width":864,"height":932},{"@type":"BreadcrumbList","@id":"https:\/\/ml-locations.be\/nl\/locations\/enceinte-sur-batterie-240w-karaoke\/#breadcrumb","itemListElement":[{"@type":"ListItem","position":1,"name":"Accueil","item":"https:\/\/ml-locations.be\/nl\/"},{"@type":"ListItem","position":2,"name":"Winkel","item":"https:\/\/ml-locations.be\/nl\/winkel\/"},{"@type":"ListItem","position":3,"name":"Enceinte sur batterie 240w &#8211; Karaoke"}]},{"@type":"WebSite","@id":"https:\/\/ml-locations.be\/nl\/#website","url":"https:\/\/ml-locations.be\/nl\/","name":"ML Locations","description":"Mat\u00e9riel \u00e9v\u00e9nementiel : location chaise, table et mange debout, mat\u00e9riel horeca, frigos,...","publisher":{"@id":"https:\/\/ml-locations.be\/nl\/#organization"},"potentialAction":[{"@type":"SearchAction","target":{"@type":"EntryPoint","urlTemplate":"https:\/\/ml-locations.be\/nl\/?s={search_term_string}"},"query-input":{"@type":"PropertyValueSpecification","valueRequired":true,"valueName":"search_term_string"}}],"inLanguage":"nl-NL"},{"@type":"Organization","@id":"https:\/\/ml-locations.be\/nl\/#organization","name":"ML Locations","url":"https:\/\/ml-locations.be\/nl\/","logo":{"@type":"ImageObject","inLanguage":"nl-NL","@id":"https:\/\/ml-locations.be\/nl\/#\/schema\/logo\/image\/","url":"https:\/\/ml-locations.be\/wp-content\/uploads\/2018\/05\/LOGO-location-BON.png","contentUrl":"https:\/\/ml-locations.be\/wp-content\/uploads\/2018\/05\/LOGO-location-BON.png","width":1200,"height":1200,"caption":"ML Locations"},"image":{"@id":"https:\/\/ml-locations.be\/nl\/#\/schema\/logo\/image\/"}}]}},"_links":{"self":[{"href":"https:\/\/ml-locations.be\/nl\/wp-json\/wp\/v2\/product\/1066891","targetHints":{"allow":["GET"]}}],"collection":[{"href":"https:\/\/ml-locations.be\/nl\/wp-json\/wp\/v2\/product"}],"about":[{"href":"https:\/\/ml-locations.be\/nl\/wp-json\/wp\/v2\/types\/product"}],"wp:featuredmedia":[{"embeddable":true,"href":"https:\/\/ml-locations.be\/nl\/wp-json\/wp\/v2\/media\/1066898"}],"wp:attachment":[{"href":"https:\/\/ml-locations.be\/nl\/wp-json\/wp\/v2\/media?parent=1066891"}],"wp:term":[{"taxonomy":"product_brand","embeddable":true,"href":"https:\/\/ml-locations.be\/nl\/wp-json\/wp\/v2\/product_brand?post=1066891"},{"taxonomy":"product_cat","embeddable":true,"href":"https:\/\/ml-locations.be\/nl\/wp-json\/wp\/v2\/product_cat?post=1066891"},{"taxonomy":"product_tag","embeddable":true,"href":"https:\/\/ml-locations.be\/nl\/wp-json\/wp\/v2\/product_tag?post=1066891"}],"curies":[{"name":"wp","href":"https:\/\/api.w.org\/{rel}","templated":true}]}}