{"id":1066901,"date":"2023-05-08T19:33:35","date_gmt":"2023-05-08T17:33:35","guid":{"rendered":"https:\/\/ml-locations.be\/?post_type=product&#038;p=1066901"},"modified":"2023-05-08T19:33:36","modified_gmt":"2023-05-08T17:33:36","slug":"bonbonniere-en-verre-11litre-avec-couvercle","status":"publish","type":"product","link":"https:\/\/ml-locations.be\/nl\/locations\/bonbonniere-en-verre-11litre-avec-couvercle\/","title":{"rendered":"Bonbonni\u00e8re en verre 1,1litre avec couvercle"},"content":{"rendered":"<p>Cette bonbonni\u00e8re en verre se ferme a l\u2019aide d\u2019un couvercle en verre avec un bord herm\u00e9tique en caoutchouc.<\/p>\n<p>Capacit\u00e9 1.100 ml.<\/p>\n<p>cette bonbonni\u00e8re en location se pr\u00eate parfaitement pour y glisser des bonbons ou biscuits sur vos buffets<\/p>\n","protected":false},"excerpt":{"rendered":"<p>Cette bonbonni\u00e8re en verre se ferme a l\u2019aide d\u2019un couvercle en verre avec un bord herm\u00e9tique en caoutchouc.<\/p>\n<p>Capacit\u00e9 1.100 ml.<\/p>\n<p>cette bonbonni\u00e8re en location se pr\u00eate parfaitement pour y glisser des bonbons ou biscuits sur vos buffets<\/p>\n","protected":false},"featured_media":1066902,"template":"","meta":{"_acf_changed":false},"product_brand":[],"product_cat":[32],"product_tag":[],"class_list":{"0":"post-1066901","1":"product","2":"type-product","3":"status-publish","4":"has-post-thumbnail","6":"product_cat-verres-en-location","7":"description-off","9":"first","10":"instock","11":"taxable","12":"shipping-taxable","13":"purchasable","14":"product-type-simple"},"acf":[],"yoast_head":"<!-- This site is optimized with the Yoast SEO plugin v25.0 - https:\/\/yoast.com\/wordpress\/plugins\/seo\/ -->\n<title>Bonbonni\u00e8re en verre 1,1litre avec couvercle | ML Locations<\/title>\n<meta name=\"description\" content=\"Cette bonbonni\u00e8re en verre se ferme a l\u2019aide d\u2019un couvercle en verre avec un bord herm\u00e9tique en caoutchouc.Capacit\u00e9 1.100 ml.cette bonbonni\u00e8re en location se pr\u00eate parfaitement pour y glisser des bonbons ou biscuits sur vos buffets\u00a0\" \/>\n<meta name=\"robots\" content=\"index, follow, max-snippet:-1, max-image-preview:large, max-video-preview:-1\" \/>\n<link rel=\"canonical\" href=\"https:\/\/ml-locations.be\/nl\/locations\/bonbonniere-en-verre-11litre-avec-couvercle\/\" \/>\n<meta property=\"og:locale\" content=\"nl_NL\" \/>\n<meta property=\"og:type\" content=\"article\" \/>\n<meta property=\"og:title\" content=\"Bonbonni\u00e8re en verre 1,1litre avec couvercle | ML Locations\" \/>\n<meta property=\"og:description\" content=\"Cette bonbonni\u00e8re en verre se ferme a l\u2019aide d\u2019un couvercle en verre avec un bord herm\u00e9tique en caoutchouc.Capacit\u00e9 1.100 ml.cette bonbonni\u00e8re en location se pr\u00eate parfaitement pour y glisser des bonbons ou biscuits sur vos buffets\u00a0\" \/>\n<meta property=\"og:url\" content=\"https:\/\/ml-locations.be\/nl\/locations\/bonbonniere-en-verre-11litre-avec-couvercle\/\" \/>\n<meta property=\"og:site_name\" content=\"ML Locations\" \/>\n<meta property=\"article:modified_time\" content=\"2023-05-08T17:33:36+00:00\" \/>\n<meta property=\"og:image\" content=\"https:\/\/ml-locations.be\/wp-content\/uploads\/2023\/05\/Capture-decran-2023-05-08-a-18.04.15.png\" \/>\n\t<meta property=\"og:image:width\" content=\"1108\" \/>\n\t<meta property=\"og:image:height\" content=\"1200\" \/>\n\t<meta property=\"og:image:type\" content=\"image\/png\" \/>\n<meta name=\"twitter:card\" content=\"summary_large_image\" \/>\n<meta name=\"twitter:label1\" content=\"Geschatte leestijd\" \/>\n\t<meta name=\"twitter:data1\" content=\"1 minuut\" \/>\n<script type=\"application\/ld+json\" class=\"yoast-schema-graph\">{\"@context\":\"https:\/\/schema.org\",\"@graph\":[{\"@type\":\"WebPage\",\"@id\":\"https:\/\/ml-locations.be\/nl\/locations\/bonbonniere-en-verre-11litre-avec-couvercle\/\",\"url\":\"https:\/\/ml-locations.be\/nl\/locations\/bonbonniere-en-verre-11litre-avec-couvercle\/\",\"name\":\"Bonbonni\u00e8re en verre 1,1litre avec couvercle | ML Locations\",\"isPartOf\":{\"@id\":\"https:\/\/ml-locations.be\/nl\/#website\"},\"primaryImageOfPage\":{\"@id\":\"https:\/\/ml-locations.be\/nl\/locations\/bonbonniere-en-verre-11litre-avec-couvercle\/#primaryimage\"},\"image\":{\"@id\":\"https:\/\/ml-locations.be\/nl\/locations\/bonbonniere-en-verre-11litre-avec-couvercle\/#primaryimage\"},\"thumbnailUrl\":\"https:\/\/ml-locations.be\/wp-content\/uploads\/2023\/05\/Capture-decran-2023-05-08-a-18.04.15.png\",\"datePublished\":\"2023-05-08T17:33:35+00:00\",\"dateModified\":\"2023-05-08T17:33:36+00:00\",\"description\":\"Cette bonbonni\u00e8re en verre se ferme a l\u2019aide d\u2019un couvercle en verre avec un bord herm\u00e9tique en caoutchouc.Capacit\u00e9 1.100 ml.cette bonbonni\u00e8re en location se pr\u00eate parfaitement pour y glisser des bonbons ou biscuits sur vos buffets\u00a0\",\"breadcrumb\":{\"@id\":\"https:\/\/ml-locations.be\/nl\/locations\/bonbonniere-en-verre-11litre-avec-couvercle\/#breadcrumb\"},\"inLanguage\":\"nl-NL\",\"potentialAction\":[{\"@type\":\"ReadAction\",\"target\":[\"https:\/\/ml-locations.be\/nl\/locations\/bonbonniere-en-verre-11litre-avec-couvercle\/\"]}]},{\"@type\":\"ImageObject\",\"inLanguage\":\"nl-NL\",\"@id\":\"https:\/\/ml-locations.be\/nl\/locations\/bonbonniere-en-verre-11litre-avec-couvercle\/#primaryimage\",\"url\":\"https:\/\/ml-locations.be\/wp-content\/uploads\/2023\/05\/Capture-decran-2023-05-08-a-18.04.15.png\",\"contentUrl\":\"https:\/\/ml-locations.be\/wp-content\/uploads\/2023\/05\/Capture-decran-2023-05-08-a-18.04.15.png\",\"width\":1108,\"height\":1200},{\"@type\":\"BreadcrumbList\",\"@id\":\"https:\/\/ml-locations.be\/nl\/locations\/bonbonniere-en-verre-11litre-avec-couvercle\/#breadcrumb\",\"itemListElement\":[{\"@type\":\"ListItem\",\"position\":1,\"name\":\"Accueil\",\"item\":\"https:\/\/ml-locations.be\/nl\/\"},{\"@type\":\"ListItem\",\"position\":2,\"name\":\"Winkel\",\"item\":\"https:\/\/ml-locations.be\/nl\/winkel\/\"},{\"@type\":\"ListItem\",\"position\":3,\"name\":\"Bonbonni\u00e8re en verre 1,1litre avec couvercle\"}]},{\"@type\":\"WebSite\",\"@id\":\"https:\/\/ml-locations.be\/nl\/#website\",\"url\":\"https:\/\/ml-locations.be\/nl\/\",\"name\":\"ML Locations\",\"description\":\"Mat\u00e9riel \u00e9v\u00e9nementiel : location chaise, table et mange debout, mat\u00e9riel horeca, frigos,...\",\"publisher\":{\"@id\":\"https:\/\/ml-locations.be\/nl\/#organization\"},\"potentialAction\":[{\"@type\":\"SearchAction\",\"target\":{\"@type\":\"EntryPoint\",\"urlTemplate\":\"https:\/\/ml-locations.be\/nl\/?s={search_term_string}\"},\"query-input\":{\"@type\":\"PropertyValueSpecification\",\"valueRequired\":true,\"valueName\":\"search_term_string\"}}],\"inLanguage\":\"nl-NL\"},{\"@type\":\"Organization\",\"@id\":\"https:\/\/ml-locations.be\/nl\/#organization\",\"name\":\"ML Locations\",\"url\":\"https:\/\/ml-locations.be\/nl\/\",\"logo\":{\"@type\":\"ImageObject\",\"inLanguage\":\"nl-NL\",\"@id\":\"https:\/\/ml-locations.be\/nl\/#\/schema\/logo\/image\/\",\"url\":\"https:\/\/ml-locations.be\/wp-content\/uploads\/2018\/05\/LOGO-location-BON.png\",\"contentUrl\":\"https:\/\/ml-locations.be\/wp-content\/uploads\/2018\/05\/LOGO-location-BON.png\",\"width\":1200,\"height\":1200,\"caption\":\"ML Locations\"},\"image\":{\"@id\":\"https:\/\/ml-locations.be\/nl\/#\/schema\/logo\/image\/\"}}]}<\/script>\n<!-- \/ Yoast SEO plugin. -->","yoast_head_json":{"title":"Bonbonni\u00e8re en verre 1,1litre avec couvercle | ML Locations","description":"Cette bonbonni\u00e8re en verre se ferme a l\u2019aide d\u2019un couvercle en verre avec un bord herm\u00e9tique en caoutchouc.Capacit\u00e9 1.100 ml.cette bonbonni\u00e8re en location se pr\u00eate parfaitement pour y glisser des bonbons ou biscuits sur vos buffets\u00a0","robots":{"index":"index","follow":"follow","max-snippet":"max-snippet:-1","max-image-preview":"max-image-preview:large","max-video-preview":"max-video-preview:-1"},"canonical":"https:\/\/ml-locations.be\/nl\/locations\/bonbonniere-en-verre-11litre-avec-couvercle\/","og_locale":"nl_NL","og_type":"article","og_title":"Bonbonni\u00e8re en verre 1,1litre avec couvercle | ML Locations","og_description":"Cette bonbonni\u00e8re en verre se ferme a l\u2019aide d\u2019un couvercle en verre avec un bord herm\u00e9tique en caoutchouc.Capacit\u00e9 1.100 ml.cette bonbonni\u00e8re en location se pr\u00eate parfaitement pour y glisser des bonbons ou biscuits sur vos buffets\u00a0","og_url":"https:\/\/ml-locations.be\/nl\/locations\/bonbonniere-en-verre-11litre-avec-couvercle\/","og_site_name":"ML Locations","article_modified_time":"2023-05-08T17:33:36+00:00","og_image":[{"width":1108,"height":1200,"url":"https:\/\/ml-locations.be\/wp-content\/uploads\/2023\/05\/Capture-decran-2023-05-08-a-18.04.15.png","type":"image\/png"}],"twitter_card":"summary_large_image","twitter_misc":{"Geschatte leestijd":"1 minuut"},"schema":{"@context":"https:\/\/schema.org","@graph":[{"@type":"WebPage","@id":"https:\/\/ml-locations.be\/nl\/locations\/bonbonniere-en-verre-11litre-avec-couvercle\/","url":"https:\/\/ml-locations.be\/nl\/locations\/bonbonniere-en-verre-11litre-avec-couvercle\/","name":"Bonbonni\u00e8re en verre 1,1litre avec couvercle | ML Locations","isPartOf":{"@id":"https:\/\/ml-locations.be\/nl\/#website"},"primaryImageOfPage":{"@id":"https:\/\/ml-locations.be\/nl\/locations\/bonbonniere-en-verre-11litre-avec-couvercle\/#primaryimage"},"image":{"@id":"https:\/\/ml-locations.be\/nl\/locations\/bonbonniere-en-verre-11litre-avec-couvercle\/#primaryimage"},"thumbnailUrl":"https:\/\/ml-locations.be\/wp-content\/uploads\/2023\/05\/Capture-decran-2023-05-08-a-18.04.15.png","datePublished":"2023-05-08T17:33:35+00:00","dateModified":"2023-05-08T17:33:36+00:00","description":"Cette bonbonni\u00e8re en verre se ferme a l\u2019aide d\u2019un couvercle en verre avec un bord herm\u00e9tique en caoutchouc.Capacit\u00e9 1.100 ml.cette bonbonni\u00e8re en location se pr\u00eate parfaitement pour y glisser des bonbons ou biscuits sur vos buffets\u00a0","breadcrumb":{"@id":"https:\/\/ml-locations.be\/nl\/locations\/bonbonniere-en-verre-11litre-avec-couvercle\/#breadcrumb"},"inLanguage":"nl-NL","potentialAction":[{"@type":"ReadAction","target":["https:\/\/ml-locations.be\/nl\/locations\/bonbonniere-en-verre-11litre-avec-couvercle\/"]}]},{"@type":"ImageObject","inLanguage":"nl-NL","@id":"https:\/\/ml-locations.be\/nl\/locations\/bonbonniere-en-verre-11litre-avec-couvercle\/#primaryimage","url":"https:\/\/ml-locations.be\/wp-content\/uploads\/2023\/05\/Capture-decran-2023-05-08-a-18.04.15.png","contentUrl":"https:\/\/ml-locations.be\/wp-content\/uploads\/2023\/05\/Capture-decran-2023-05-08-a-18.04.15.png","width":1108,"height":1200},{"@type":"BreadcrumbList","@id":"https:\/\/ml-locations.be\/nl\/locations\/bonbonniere-en-verre-11litre-avec-couvercle\/#breadcrumb","itemListElement":[{"@type":"ListItem","position":1,"name":"Accueil","item":"https:\/\/ml-locations.be\/nl\/"},{"@type":"ListItem","position":2,"name":"Winkel","item":"https:\/\/ml-locations.be\/nl\/winkel\/"},{"@type":"ListItem","position":3,"name":"Bonbonni\u00e8re en verre 1,1litre avec couvercle"}]},{"@type":"WebSite","@id":"https:\/\/ml-locations.be\/nl\/#website","url":"https:\/\/ml-locations.be\/nl\/","name":"ML Locations","description":"Mat\u00e9riel \u00e9v\u00e9nementiel : location chaise, table et mange debout, mat\u00e9riel horeca, frigos,...","publisher":{"@id":"https:\/\/ml-locations.be\/nl\/#organization"},"potentialAction":[{"@type":"SearchAction","target":{"@type":"EntryPoint","urlTemplate":"https:\/\/ml-locations.be\/nl\/?s={search_term_string}"},"query-input":{"@type":"PropertyValueSpecification","valueRequired":true,"valueName":"search_term_string"}}],"inLanguage":"nl-NL"},{"@type":"Organization","@id":"https:\/\/ml-locations.be\/nl\/#organization","name":"ML Locations","url":"https:\/\/ml-locations.be\/nl\/","logo":{"@type":"ImageObject","inLanguage":"nl-NL","@id":"https:\/\/ml-locations.be\/nl\/#\/schema\/logo\/image\/","url":"https:\/\/ml-locations.be\/wp-content\/uploads\/2018\/05\/LOGO-location-BON.png","contentUrl":"https:\/\/ml-locations.be\/wp-content\/uploads\/2018\/05\/LOGO-location-BON.png","width":1200,"height":1200,"caption":"ML Locations"},"image":{"@id":"https:\/\/ml-locations.be\/nl\/#\/schema\/logo\/image\/"}}]}},"_links":{"self":[{"href":"https:\/\/ml-locations.be\/nl\/wp-json\/wp\/v2\/product\/1066901","targetHints":{"allow":["GET"]}}],"collection":[{"href":"https:\/\/ml-locations.be\/nl\/wp-json\/wp\/v2\/product"}],"about":[{"href":"https:\/\/ml-locations.be\/nl\/wp-json\/wp\/v2\/types\/product"}],"wp:featuredmedia":[{"embeddable":true,"href":"https:\/\/ml-locations.be\/nl\/wp-json\/wp\/v2\/media\/1066902"}],"wp:attachment":[{"href":"https:\/\/ml-locations.be\/nl\/wp-json\/wp\/v2\/media?parent=1066901"}],"wp:term":[{"taxonomy":"product_brand","embeddable":true,"href":"https:\/\/ml-locations.be\/nl\/wp-json\/wp\/v2\/product_brand?post=1066901"},{"taxonomy":"product_cat","embeddable":true,"href":"https:\/\/ml-locations.be\/nl\/wp-json\/wp\/v2\/product_cat?post=1066901"},{"taxonomy":"product_tag","embeddable":true,"href":"https:\/\/ml-locations.be\/nl\/wp-json\/wp\/v2\/product_tag?post=1066901"}],"curies":[{"name":"wp","href":"https:\/\/api.w.org\/{rel}","templated":true}]}}