{"id":1066931,"date":"2023-05-09T17:59:55","date_gmt":"2023-05-09T15:59:55","guid":{"rendered":"https:\/\/ml-locations.be\/?post_type=product&#038;p=1066931"},"modified":"2024-11-25T09:14:39","modified_gmt":"2024-11-25T08:14:39","slug":"chauffage-electrique-3-x-radians-pour-tonnelle","status":"publish","type":"product","link":"https:\/\/ml-locations.be\/nl\/locations\/chauffage-electrique-3-x-radians-pour-tonnelle\/","title":{"rendered":"Chauffage \u00e9lectrique 3 x radians pour tonnelle"},"content":{"rendered":"<p><strong>Chauffage de terrasse\u00a0<\/strong><\/p>\n<p>Notre <strong>chauffage en location<\/strong> vous permet instantan\u00e9ment d&#8217;\u00e9vacuer toute la fra\u00eecheur sous votre tonnelle. Il vous suffit de glisser l&#8217;ouverture de 5 cm de large du chauffage autour du m\u00e2t de votre canopy ou de \u00a0et de serrer la vis. Un jeu d&#8217;enfant, n&#8217;est-ce pas\u00a0? Et avec trois \u00e9l\u00e9ments chauffants de 800\u00a0watts chacun, joliment int\u00e9gr\u00e9s dans un bo\u00eetier en acier avec une finition noire r\u00e9sistante \u00e0 l&#8217;eau, vous pouvez profiter d&#8217;une chaleur agr\u00e9able m\u00eame durant les soir\u00e9es les plus fra\u00eeches. Vous pouvez choisir vous-m\u00eame le nombre d&#8217;\u00e9l\u00e9ments chauffants que vous allumez en m\u00eame temps.<\/p>\n<p><strong>Avantages\u00a0<\/strong>:<\/p>\n<ul>\n<li>Utilisation \u00e0 l&#8217;int\u00e9rieur et \u00e0 l&#8217;ext\u00e9rieur<\/li>\n<li>Possibilit\u00e9 de le fixer dans une tente (avec fixation carr\u00e9) ou sur un parasol (avex fixation ronde)<\/li>\n<li>Trois r\u00e9glages de chauffage<\/li>\n<li>Trois \u00e9l\u00e9ments chauffants<\/li>\n<\/ul>\n<p><strong>Caract\u00e9ristiques\u00a0<\/strong>:<\/p>\n<ul>\n<li>Lampes halog\u00e8nes avec grille de protection<\/li>\n<li>3 x 800\u00a0W<\/li>\n<li>\u00c9tanche aux \u00e9claboussures (norme IP\u00a0: IP23)<\/li>\n<li>Bo\u00eetier en acier avec finition noire r\u00e9sistante \u00e0 l&#8217;eau<\/li>\n<li>Interrupteur \u00e0 bascule<\/li>\n<li>Cordon d&#8217;alimentation (1,9 m) fourni de s\u00e9rie<\/li>\n<li>Fixation carr\u00e9 (pour montage sur une tente pliante Flexxum) et fixation ronde (pour montage sur un parasol) fourni de s\u00e9rie<\/li>\n<\/ul>\n","protected":false},"excerpt":{"rendered":"<p>Notre <strong>chauffage en location<\/strong> vous permet instantan\u00e9ment d&#8217;\u00e9vacuer toute la fra\u00eecheur sous votre tonnelle. Il vous suffit de glisser l&#8217;ouverture de 5 cm de large du chauffage autour du m\u00e2t de votre canopy ou de \u00a0et de serrer la vis. Un jeu d&#8217;enfant, n&#8217;est-ce pas\u00a0? Et avec trois \u00e9l\u00e9ments chauffants de 800\u00a0watts chacun, joliment int\u00e9gr\u00e9s dans un bo\u00eetier en acier avec une finition noire r\u00e9sistante \u00e0 l&#8217;eau, vous pouvez profiter d&#8217;une chaleur agr\u00e9able m\u00eame durant les soir\u00e9es les plus fra\u00eeches. Vous pouvez choisir vous-m\u00eame le nombre d&#8217;\u00e9l\u00e9ments chauffants que vous allumez en m\u00eame temps.<\/p>\n","protected":false},"featured_media":1066932,"template":"","meta":{"_acf_changed":false},"product_brand":[],"product_cat":[42,39],"product_tag":[],"class_list":{"0":"post-1066931","1":"product","2":"type-product","3":"status-publish","4":"has-post-thumbnail","6":"product_cat-chauffage-et-chauffe-terrasse-a-louer","7":"product_cat-tonnelles-et-canopys-a-louer","8":"description-off","10":"first","11":"instock","12":"taxable","13":"shipping-taxable","14":"purchasable","15":"product-type-simple"},"acf":[],"yoast_head":"<!-- This site is optimized with the Yoast SEO plugin v25.0 - https:\/\/yoast.com\/wordpress\/plugins\/seo\/ -->\n<title>Chauffage \u00e9lectrique 3 x radians pour tonnelle | ML Locations<\/title>\n<meta name=\"description\" content=\"Notre chauffage en location vous permet instantan\u00e9ment d&#039;\u00e9vacuer toute la fra\u00eecheur sous votre tonnelle. Il vous suffit de glisser l&#039;ouverture de 5 cm de large du chauffage autour du m\u00e2t de votre canopy ou de \u00a0et de serrer la vis. Un jeu d&#039;enfant, n&#039;est-ce pas\u00a0? Et avec trois \u00e9l\u00e9ments chauffants de 800\u00a0watts chacun, joliment int\u00e9gr\u00e9s dans un bo\u00eetier en acier avec une finition noire r\u00e9sistante \u00e0 l&#039;eau, vous pouvez profiter d&#039;une chaleur agr\u00e9able m\u00eame durant les soir\u00e9es les plus fra\u00eeches. Vous pouvez choisir vous-m\u00eame le nombre d&#039;\u00e9l\u00e9ments chauffants que vous allumez en m\u00eame temps.\" \/>\n<meta name=\"robots\" content=\"index, follow, max-snippet:-1, max-image-preview:large, max-video-preview:-1\" \/>\n<link rel=\"canonical\" href=\"https:\/\/ml-locations.be\/nl\/locations\/chauffage-electrique-3-x-radians-pour-tonnelle\/\" \/>\n<meta property=\"og:locale\" content=\"nl_NL\" \/>\n<meta property=\"og:type\" content=\"article\" \/>\n<meta property=\"og:title\" content=\"Chauffage \u00e9lectrique 3 x radians pour tonnelle | ML Locations\" \/>\n<meta property=\"og:description\" content=\"Notre chauffage en location vous permet instantan\u00e9ment d&#039;\u00e9vacuer toute la fra\u00eecheur sous votre tonnelle. Il vous suffit de glisser l&#039;ouverture de 5 cm de large du chauffage autour du m\u00e2t de votre canopy ou de \u00a0et de serrer la vis. Un jeu d&#039;enfant, n&#039;est-ce pas\u00a0? Et avec trois \u00e9l\u00e9ments chauffants de 800\u00a0watts chacun, joliment int\u00e9gr\u00e9s dans un bo\u00eetier en acier avec une finition noire r\u00e9sistante \u00e0 l&#039;eau, vous pouvez profiter d&#039;une chaleur agr\u00e9able m\u00eame durant les soir\u00e9es les plus fra\u00eeches. Vous pouvez choisir vous-m\u00eame le nombre d&#039;\u00e9l\u00e9ments chauffants que vous allumez en m\u00eame temps.\" \/>\n<meta property=\"og:url\" content=\"https:\/\/ml-locations.be\/nl\/locations\/chauffage-electrique-3-x-radians-pour-tonnelle\/\" \/>\n<meta property=\"og:site_name\" content=\"ML Locations\" \/>\n<meta property=\"article:modified_time\" content=\"2024-11-25T08:14:39+00:00\" \/>\n<meta property=\"og:image\" content=\"https:\/\/ml-locations.be\/wp-content\/uploads\/2023\/05\/elektrische-infrarood-verwarming-voor-parasol-en-partytent-sunbeam-2400.jpg\" \/>\n\t<meta property=\"og:image:width\" content=\"860\" \/>\n\t<meta property=\"og:image:height\" content=\"645\" \/>\n\t<meta property=\"og:image:type\" content=\"image\/jpeg\" \/>\n<meta name=\"twitter:card\" content=\"summary_large_image\" \/>\n<meta name=\"twitter:label1\" content=\"Geschatte leestijd\" \/>\n\t<meta name=\"twitter:data1\" content=\"1 minuut\" \/>\n<script type=\"application\/ld+json\" class=\"yoast-schema-graph\">{\"@context\":\"https:\/\/schema.org\",\"@graph\":[{\"@type\":\"WebPage\",\"@id\":\"https:\/\/ml-locations.be\/nl\/locations\/chauffage-electrique-3-x-radians-pour-tonnelle\/\",\"url\":\"https:\/\/ml-locations.be\/nl\/locations\/chauffage-electrique-3-x-radians-pour-tonnelle\/\",\"name\":\"Chauffage \u00e9lectrique 3 x radians pour tonnelle | ML Locations\",\"isPartOf\":{\"@id\":\"https:\/\/ml-locations.be\/nl\/#website\"},\"primaryImageOfPage\":{\"@id\":\"https:\/\/ml-locations.be\/nl\/locations\/chauffage-electrique-3-x-radians-pour-tonnelle\/#primaryimage\"},\"image\":{\"@id\":\"https:\/\/ml-locations.be\/nl\/locations\/chauffage-electrique-3-x-radians-pour-tonnelle\/#primaryimage\"},\"thumbnailUrl\":\"https:\/\/ml-locations.be\/wp-content\/uploads\/2023\/05\/elektrische-infrarood-verwarming-voor-parasol-en-partytent-sunbeam-2400.jpg\",\"datePublished\":\"2023-05-09T15:59:55+00:00\",\"dateModified\":\"2024-11-25T08:14:39+00:00\",\"description\":\"Notre chauffage en location vous permet instantan\u00e9ment d'\u00e9vacuer toute la fra\u00eecheur sous votre tonnelle. Il vous suffit de glisser l'ouverture de 5 cm de large du chauffage autour du m\u00e2t de votre canopy ou de \u00a0et de serrer la vis. Un jeu d'enfant, n'est-ce pas\u00a0? Et avec trois \u00e9l\u00e9ments chauffants de 800\u00a0watts chacun, joliment int\u00e9gr\u00e9s dans un bo\u00eetier en acier avec une finition noire r\u00e9sistante \u00e0 l'eau, vous pouvez profiter d'une chaleur agr\u00e9able m\u00eame durant les soir\u00e9es les plus fra\u00eeches. Vous pouvez choisir vous-m\u00eame le nombre d'\u00e9l\u00e9ments chauffants que vous allumez en m\u00eame temps.\",\"breadcrumb\":{\"@id\":\"https:\/\/ml-locations.be\/nl\/locations\/chauffage-electrique-3-x-radians-pour-tonnelle\/#breadcrumb\"},\"inLanguage\":\"nl-NL\",\"potentialAction\":[{\"@type\":\"ReadAction\",\"target\":[\"https:\/\/ml-locations.be\/nl\/locations\/chauffage-electrique-3-x-radians-pour-tonnelle\/\"]}]},{\"@type\":\"ImageObject\",\"inLanguage\":\"nl-NL\",\"@id\":\"https:\/\/ml-locations.be\/nl\/locations\/chauffage-electrique-3-x-radians-pour-tonnelle\/#primaryimage\",\"url\":\"https:\/\/ml-locations.be\/wp-content\/uploads\/2023\/05\/elektrische-infrarood-verwarming-voor-parasol-en-partytent-sunbeam-2400.jpg\",\"contentUrl\":\"https:\/\/ml-locations.be\/wp-content\/uploads\/2023\/05\/elektrische-infrarood-verwarming-voor-parasol-en-partytent-sunbeam-2400.jpg\",\"width\":860,\"height\":645},{\"@type\":\"BreadcrumbList\",\"@id\":\"https:\/\/ml-locations.be\/nl\/locations\/chauffage-electrique-3-x-radians-pour-tonnelle\/#breadcrumb\",\"itemListElement\":[{\"@type\":\"ListItem\",\"position\":1,\"name\":\"Accueil\",\"item\":\"https:\/\/ml-locations.be\/nl\/\"},{\"@type\":\"ListItem\",\"position\":2,\"name\":\"Winkel\",\"item\":\"https:\/\/ml-locations.be\/nl\/winkel\/\"},{\"@type\":\"ListItem\",\"position\":3,\"name\":\"Chauffage \u00e9lectrique 3 x radians pour tonnelle\"}]},{\"@type\":\"WebSite\",\"@id\":\"https:\/\/ml-locations.be\/nl\/#website\",\"url\":\"https:\/\/ml-locations.be\/nl\/\",\"name\":\"ML Locations\",\"description\":\"Mat\u00e9riel \u00e9v\u00e9nementiel : location chaise, table et mange debout, mat\u00e9riel horeca, frigos,...\",\"publisher\":{\"@id\":\"https:\/\/ml-locations.be\/nl\/#organization\"},\"potentialAction\":[{\"@type\":\"SearchAction\",\"target\":{\"@type\":\"EntryPoint\",\"urlTemplate\":\"https:\/\/ml-locations.be\/nl\/?s={search_term_string}\"},\"query-input\":{\"@type\":\"PropertyValueSpecification\",\"valueRequired\":true,\"valueName\":\"search_term_string\"}}],\"inLanguage\":\"nl-NL\"},{\"@type\":\"Organization\",\"@id\":\"https:\/\/ml-locations.be\/nl\/#organization\",\"name\":\"ML Locations\",\"url\":\"https:\/\/ml-locations.be\/nl\/\",\"logo\":{\"@type\":\"ImageObject\",\"inLanguage\":\"nl-NL\",\"@id\":\"https:\/\/ml-locations.be\/nl\/#\/schema\/logo\/image\/\",\"url\":\"https:\/\/ml-locations.be\/wp-content\/uploads\/2018\/05\/LOGO-location-BON.png\",\"contentUrl\":\"https:\/\/ml-locations.be\/wp-content\/uploads\/2018\/05\/LOGO-location-BON.png\",\"width\":1200,\"height\":1200,\"caption\":\"ML Locations\"},\"image\":{\"@id\":\"https:\/\/ml-locations.be\/nl\/#\/schema\/logo\/image\/\"}}]}<\/script>\n<!-- \/ Yoast SEO plugin. -->","yoast_head_json":{"title":"Chauffage \u00e9lectrique 3 x radians pour tonnelle | ML Locations","description":"Notre chauffage en location vous permet instantan\u00e9ment d'\u00e9vacuer toute la fra\u00eecheur sous votre tonnelle. Il vous suffit de glisser l'ouverture de 5 cm de large du chauffage autour du m\u00e2t de votre canopy ou de \u00a0et de serrer la vis. Un jeu d'enfant, n'est-ce pas\u00a0? Et avec trois \u00e9l\u00e9ments chauffants de 800\u00a0watts chacun, joliment int\u00e9gr\u00e9s dans un bo\u00eetier en acier avec une finition noire r\u00e9sistante \u00e0 l'eau, vous pouvez profiter d'une chaleur agr\u00e9able m\u00eame durant les soir\u00e9es les plus fra\u00eeches. Vous pouvez choisir vous-m\u00eame le nombre d'\u00e9l\u00e9ments chauffants que vous allumez en m\u00eame temps.","robots":{"index":"index","follow":"follow","max-snippet":"max-snippet:-1","max-image-preview":"max-image-preview:large","max-video-preview":"max-video-preview:-1"},"canonical":"https:\/\/ml-locations.be\/nl\/locations\/chauffage-electrique-3-x-radians-pour-tonnelle\/","og_locale":"nl_NL","og_type":"article","og_title":"Chauffage \u00e9lectrique 3 x radians pour tonnelle | ML Locations","og_description":"Notre chauffage en location vous permet instantan\u00e9ment d'\u00e9vacuer toute la fra\u00eecheur sous votre tonnelle. Il vous suffit de glisser l'ouverture de 5 cm de large du chauffage autour du m\u00e2t de votre canopy ou de \u00a0et de serrer la vis. Un jeu d'enfant, n'est-ce pas\u00a0? Et avec trois \u00e9l\u00e9ments chauffants de 800\u00a0watts chacun, joliment int\u00e9gr\u00e9s dans un bo\u00eetier en acier avec une finition noire r\u00e9sistante \u00e0 l'eau, vous pouvez profiter d'une chaleur agr\u00e9able m\u00eame durant les soir\u00e9es les plus fra\u00eeches. Vous pouvez choisir vous-m\u00eame le nombre d'\u00e9l\u00e9ments chauffants que vous allumez en m\u00eame temps.","og_url":"https:\/\/ml-locations.be\/nl\/locations\/chauffage-electrique-3-x-radians-pour-tonnelle\/","og_site_name":"ML Locations","article_modified_time":"2024-11-25T08:14:39+00:00","og_image":[{"width":860,"height":645,"url":"https:\/\/ml-locations.be\/wp-content\/uploads\/2023\/05\/elektrische-infrarood-verwarming-voor-parasol-en-partytent-sunbeam-2400.jpg","type":"image\/jpeg"}],"twitter_card":"summary_large_image","twitter_misc":{"Geschatte leestijd":"1 minuut"},"schema":{"@context":"https:\/\/schema.org","@graph":[{"@type":"WebPage","@id":"https:\/\/ml-locations.be\/nl\/locations\/chauffage-electrique-3-x-radians-pour-tonnelle\/","url":"https:\/\/ml-locations.be\/nl\/locations\/chauffage-electrique-3-x-radians-pour-tonnelle\/","name":"Chauffage \u00e9lectrique 3 x radians pour tonnelle | ML Locations","isPartOf":{"@id":"https:\/\/ml-locations.be\/nl\/#website"},"primaryImageOfPage":{"@id":"https:\/\/ml-locations.be\/nl\/locations\/chauffage-electrique-3-x-radians-pour-tonnelle\/#primaryimage"},"image":{"@id":"https:\/\/ml-locations.be\/nl\/locations\/chauffage-electrique-3-x-radians-pour-tonnelle\/#primaryimage"},"thumbnailUrl":"https:\/\/ml-locations.be\/wp-content\/uploads\/2023\/05\/elektrische-infrarood-verwarming-voor-parasol-en-partytent-sunbeam-2400.jpg","datePublished":"2023-05-09T15:59:55+00:00","dateModified":"2024-11-25T08:14:39+00:00","description":"Notre chauffage en location vous permet instantan\u00e9ment d'\u00e9vacuer toute la fra\u00eecheur sous votre tonnelle. Il vous suffit de glisser l'ouverture de 5 cm de large du chauffage autour du m\u00e2t de votre canopy ou de \u00a0et de serrer la vis. Un jeu d'enfant, n'est-ce pas\u00a0? Et avec trois \u00e9l\u00e9ments chauffants de 800\u00a0watts chacun, joliment int\u00e9gr\u00e9s dans un bo\u00eetier en acier avec une finition noire r\u00e9sistante \u00e0 l'eau, vous pouvez profiter d'une chaleur agr\u00e9able m\u00eame durant les soir\u00e9es les plus fra\u00eeches. Vous pouvez choisir vous-m\u00eame le nombre d'\u00e9l\u00e9ments chauffants que vous allumez en m\u00eame temps.","breadcrumb":{"@id":"https:\/\/ml-locations.be\/nl\/locations\/chauffage-electrique-3-x-radians-pour-tonnelle\/#breadcrumb"},"inLanguage":"nl-NL","potentialAction":[{"@type":"ReadAction","target":["https:\/\/ml-locations.be\/nl\/locations\/chauffage-electrique-3-x-radians-pour-tonnelle\/"]}]},{"@type":"ImageObject","inLanguage":"nl-NL","@id":"https:\/\/ml-locations.be\/nl\/locations\/chauffage-electrique-3-x-radians-pour-tonnelle\/#primaryimage","url":"https:\/\/ml-locations.be\/wp-content\/uploads\/2023\/05\/elektrische-infrarood-verwarming-voor-parasol-en-partytent-sunbeam-2400.jpg","contentUrl":"https:\/\/ml-locations.be\/wp-content\/uploads\/2023\/05\/elektrische-infrarood-verwarming-voor-parasol-en-partytent-sunbeam-2400.jpg","width":860,"height":645},{"@type":"BreadcrumbList","@id":"https:\/\/ml-locations.be\/nl\/locations\/chauffage-electrique-3-x-radians-pour-tonnelle\/#breadcrumb","itemListElement":[{"@type":"ListItem","position":1,"name":"Accueil","item":"https:\/\/ml-locations.be\/nl\/"},{"@type":"ListItem","position":2,"name":"Winkel","item":"https:\/\/ml-locations.be\/nl\/winkel\/"},{"@type":"ListItem","position":3,"name":"Chauffage \u00e9lectrique 3 x radians pour tonnelle"}]},{"@type":"WebSite","@id":"https:\/\/ml-locations.be\/nl\/#website","url":"https:\/\/ml-locations.be\/nl\/","name":"ML Locations","description":"Mat\u00e9riel \u00e9v\u00e9nementiel : location chaise, table et mange debout, mat\u00e9riel horeca, frigos,...","publisher":{"@id":"https:\/\/ml-locations.be\/nl\/#organization"},"potentialAction":[{"@type":"SearchAction","target":{"@type":"EntryPoint","urlTemplate":"https:\/\/ml-locations.be\/nl\/?s={search_term_string}"},"query-input":{"@type":"PropertyValueSpecification","valueRequired":true,"valueName":"search_term_string"}}],"inLanguage":"nl-NL"},{"@type":"Organization","@id":"https:\/\/ml-locations.be\/nl\/#organization","name":"ML Locations","url":"https:\/\/ml-locations.be\/nl\/","logo":{"@type":"ImageObject","inLanguage":"nl-NL","@id":"https:\/\/ml-locations.be\/nl\/#\/schema\/logo\/image\/","url":"https:\/\/ml-locations.be\/wp-content\/uploads\/2018\/05\/LOGO-location-BON.png","contentUrl":"https:\/\/ml-locations.be\/wp-content\/uploads\/2018\/05\/LOGO-location-BON.png","width":1200,"height":1200,"caption":"ML Locations"},"image":{"@id":"https:\/\/ml-locations.be\/nl\/#\/schema\/logo\/image\/"}}]}},"_links":{"self":[{"href":"https:\/\/ml-locations.be\/nl\/wp-json\/wp\/v2\/product\/1066931","targetHints":{"allow":["GET"]}}],"collection":[{"href":"https:\/\/ml-locations.be\/nl\/wp-json\/wp\/v2\/product"}],"about":[{"href":"https:\/\/ml-locations.be\/nl\/wp-json\/wp\/v2\/types\/product"}],"wp:featuredmedia":[{"embeddable":true,"href":"https:\/\/ml-locations.be\/nl\/wp-json\/wp\/v2\/media\/1066932"}],"wp:attachment":[{"href":"https:\/\/ml-locations.be\/nl\/wp-json\/wp\/v2\/media?parent=1066931"}],"wp:term":[{"taxonomy":"product_brand","embeddable":true,"href":"https:\/\/ml-locations.be\/nl\/wp-json\/wp\/v2\/product_brand?post=1066931"},{"taxonomy":"product_cat","embeddable":true,"href":"https:\/\/ml-locations.be\/nl\/wp-json\/wp\/v2\/product_cat?post=1066931"},{"taxonomy":"product_tag","embeddable":true,"href":"https:\/\/ml-locations.be\/nl\/wp-json\/wp\/v2\/product_tag?post=1066931"}],"curies":[{"name":"wp","href":"https:\/\/api.w.org\/{rel}","templated":true}]}}