{"id":1067903,"date":"2023-06-19T11:22:21","date_gmt":"2023-06-19T09:22:21","guid":{"rendered":"https:\/\/ml-locations.be\/?post_type=product&#038;p=1067903"},"modified":"2026-02-16T16:51:21","modified_gmt":"2026-02-16T15:51:21","slug":"chateau-gonflable-4x5m-licorne-avec-toboggan","status":"publish","type":"product","link":"https:\/\/ml-locations.be\/nl\/locations\/chateau-gonflable-4x5m-licorne-avec-toboggan\/","title":{"rendered":"Ch\u00e2teau gonflable &#8220;Licorne&#8221; avec toboggan"},"content":{"rendered":"<p>Ce <strong>chateau gonflable en location<\/strong>,\u00a0d\u2019une dimension de 4m sur 5m, peut \u00eatre install\u00e9 en int\u00e9rieur comme en ext\u00e9rieur. Ce <strong>ch\u00e2teau gonflable g\u00e9ant avec toboggan Licorne <\/strong>permettra \u00e0 vos enfants de s&#8217;amuser en toute s\u00e9curit\u00e9 (ils pourront grimper et glisser sur le toboggan lat\u00e9ral ).\u00a0Ce <strong>ch\u00e2teau gonflable \u00e0 louer\u00a0<\/strong>peut recevoir jusqu&#8217;\u00e0 10 personnes en m\u00eame temps et se gonfle facilement. Il\u00a0est fourni avec une soufflerie\/gonfleur et une allonge de 20 m\u00e8tres. Attention, il faut pr\u00e9voir une arriv\u00e9e \u00e9lectrique.<\/p>\n<p><strong>Nos prix pour la location du ch\u00e2teau gonflable :\u00a0<\/strong><\/p>\n<ul>\n<li>Jour de semaine : 110\u20ac htva<\/li>\n<li>Jour f\u00e9ri\u00e9 : 150\u20ac htva<\/li>\n<li>Weekend complet : 170\u20ac htva<\/li>\n<\/ul>\n<p><strong>Dimension du ch\u00e2teau gonflable en location :<\/strong><\/p>\n<ul>\n<li>Largeur: 3,7 m,<\/li>\n<li>Longueur: 4,6 m,<\/li>\n<li>Hauteur : 2,8 m<\/li>\n<li>Capacit\u00e9: 8 personnes,<\/li>\n<li>Poids : 90 kg.<\/li>\n<\/ul>\n<p>Si vous recherchez un <strong><a href=\"https:\/\/ml-locations.be\/location\/jeux-divertissement-en-location\/chateaux-gonflables-en-location\/\">ch\u00e2teau gonflable \u00e0 louer<\/a>\u00a0<\/strong>ou un <a href=\"https:\/\/ml-locations.be\/location\/jeux-divertissement-en-location\/structures-gonflables-et-jeux-gonflables-a-louer\/\"><strong>jeu gonflable \u00e0 louer<\/strong><\/a>, vous \u00eates au bon endroit ! N&#8217;h\u00e9sitez pas \u00e0 nous poser vos questions !<\/p>\n","protected":false},"excerpt":{"rendered":"<p><strong>Ch\u00e2teau gonflable\u00a0\u00e0 louer &#8220;clown&#8221;<\/strong>\u00a0: le<strong> ch<\/strong><strong>\u00e2teau gonflable couvert avec toboggan Licorne<\/strong>, id\u00e9al pour l&#8217;anniversaire de votre enfant, communions, fancy-fair, ainsi que pour tous vos \u00e9<strong>v\u00e9nements<\/strong>.<\/p>\n<p><strong>Prix de\u00a0location du ch\u00e2teau gonflable :\u00a0<\/strong><\/p>\n<ul>\n<li>Jour de semaine : 110\u20ac htva<\/li>\n<li>Jour f\u00e9ri\u00e9 : 150\u20ac htva<\/li>\n<li>Weekend complet : 170\u20ac htva<\/li>\n<\/ul>\n","protected":false},"featured_media":1067920,"template":"","meta":{"_acf_changed":false},"product_brand":[],"product_cat":[43,44],"product_tag":[207],"class_list":{"0":"post-1067903","1":"product","2":"type-product","3":"status-publish","4":"has-post-thumbnail","6":"product_cat-jeux-divertissement-en-location","7":"product_cat-location-chateau-gonflable","8":"product_tag-location-chateau-gonflable-namur","9":"description-off","11":"first","12":"instock","13":"taxable","14":"shipping-taxable","15":"purchasable","16":"product-type-variable"},"acf":[],"yoast_head":"<!-- This site is optimized with the Yoast SEO plugin v25.0 - https:\/\/yoast.com\/wordpress\/plugins\/seo\/ -->\n<title>Location ch\u00e2teau gonflable Licorne avec toboggan 4x5m | ML Locations<\/title>\n<meta name=\"description\" content=\"Louez ce ch\u00e2teau gonflable avec toboggan lat\u00e9ral et d\u00e9cor Licorne, 4x5m. Parfait pour anniversaires et fancy-fair. Livraison possible !\" \/>\n<meta name=\"robots\" content=\"index, follow, max-snippet:-1, max-image-preview:large, max-video-preview:-1\" \/>\n<link rel=\"canonical\" href=\"https:\/\/ml-locations.be\/nl\/locations\/chateau-gonflable-4x5m-licorne-avec-toboggan\/\" \/>\n<meta property=\"og:locale\" content=\"nl_NL\" \/>\n<meta property=\"og:type\" content=\"article\" \/>\n<meta property=\"og:title\" content=\"Location ch\u00e2teau gonflable Licorne avec toboggan 4x5m | ML Locations\" \/>\n<meta property=\"og:description\" content=\"Louez ce ch\u00e2teau gonflable avec toboggan lat\u00e9ral et d\u00e9cor Licorne, 4x5m. Parfait pour anniversaires et fancy-fair. Livraison possible !\" \/>\n<meta property=\"og:url\" content=\"https:\/\/ml-locations.be\/nl\/locations\/chateau-gonflable-4x5m-licorne-avec-toboggan\/\" \/>\n<meta property=\"og:site_name\" content=\"ML Locations\" \/>\n<meta property=\"article:modified_time\" content=\"2026-02-16T15:51:21+00:00\" \/>\n<meta property=\"og:image\" content=\"https:\/\/ml-locations.be\/wp-content\/uploads\/2023\/06\/COMBO-MINI-UNICORN.png\" \/>\n\t<meta property=\"og:image:width\" content=\"960\" \/>\n\t<meta property=\"og:image:height\" content=\"960\" \/>\n\t<meta property=\"og:image:type\" content=\"image\/png\" \/>\n<meta name=\"twitter:card\" content=\"summary_large_image\" \/>\n<meta name=\"twitter:label1\" content=\"Geschatte leestijd\" \/>\n\t<meta name=\"twitter:data1\" content=\"1 minuut\" \/>\n<script type=\"application\/ld+json\" class=\"yoast-schema-graph\">{\"@context\":\"https:\/\/schema.org\",\"@graph\":[{\"@type\":\"WebPage\",\"@id\":\"https:\/\/ml-locations.be\/nl\/locations\/chateau-gonflable-4x5m-licorne-avec-toboggan\/\",\"url\":\"https:\/\/ml-locations.be\/nl\/locations\/chateau-gonflable-4x5m-licorne-avec-toboggan\/\",\"name\":\"Location ch\u00e2teau gonflable Licorne avec toboggan 4x5m | ML Locations\",\"isPartOf\":{\"@id\":\"https:\/\/ml-locations.be\/nl\/#website\"},\"primaryImageOfPage\":{\"@id\":\"https:\/\/ml-locations.be\/nl\/locations\/chateau-gonflable-4x5m-licorne-avec-toboggan\/#primaryimage\"},\"image\":{\"@id\":\"https:\/\/ml-locations.be\/nl\/locations\/chateau-gonflable-4x5m-licorne-avec-toboggan\/#primaryimage\"},\"thumbnailUrl\":\"https:\/\/ml-locations.be\/wp-content\/uploads\/2023\/06\/COMBO-MINI-UNICORN.png\",\"datePublished\":\"2023-06-19T09:22:21+00:00\",\"dateModified\":\"2026-02-16T15:51:21+00:00\",\"description\":\"Louez ce ch\u00e2teau gonflable avec toboggan lat\u00e9ral et d\u00e9cor Licorne, 4x5m. Parfait pour anniversaires et fancy-fair. Livraison possible !\",\"breadcrumb\":{\"@id\":\"https:\/\/ml-locations.be\/nl\/locations\/chateau-gonflable-4x5m-licorne-avec-toboggan\/#breadcrumb\"},\"inLanguage\":\"nl-NL\",\"potentialAction\":[{\"@type\":\"ReadAction\",\"target\":[\"https:\/\/ml-locations.be\/nl\/locations\/chateau-gonflable-4x5m-licorne-avec-toboggan\/\"]}]},{\"@type\":\"ImageObject\",\"inLanguage\":\"nl-NL\",\"@id\":\"https:\/\/ml-locations.be\/nl\/locations\/chateau-gonflable-4x5m-licorne-avec-toboggan\/#primaryimage\",\"url\":\"https:\/\/ml-locations.be\/wp-content\/uploads\/2023\/06\/COMBO-MINI-UNICORN.png\",\"contentUrl\":\"https:\/\/ml-locations.be\/wp-content\/uploads\/2023\/06\/COMBO-MINI-UNICORN.png\",\"width\":960,\"height\":960},{\"@type\":\"BreadcrumbList\",\"@id\":\"https:\/\/ml-locations.be\/nl\/locations\/chateau-gonflable-4x5m-licorne-avec-toboggan\/#breadcrumb\",\"itemListElement\":[{\"@type\":\"ListItem\",\"position\":1,\"name\":\"Accueil\",\"item\":\"https:\/\/ml-locations.be\/nl\/\"},{\"@type\":\"ListItem\",\"position\":2,\"name\":\"Winkel\",\"item\":\"https:\/\/ml-locations.be\/nl\/winkel\/\"},{\"@type\":\"ListItem\",\"position\":3,\"name\":\"Ch\u00e2teau gonflable &#8220;Licorne&#8221; avec toboggan\"}]},{\"@type\":\"WebSite\",\"@id\":\"https:\/\/ml-locations.be\/nl\/#website\",\"url\":\"https:\/\/ml-locations.be\/nl\/\",\"name\":\"ML Locations\",\"description\":\"Mat\u00e9riel \u00e9v\u00e9nementiel : location chaise, table et mange debout, mat\u00e9riel horeca, frigos,...\",\"publisher\":{\"@id\":\"https:\/\/ml-locations.be\/nl\/#organization\"},\"potentialAction\":[{\"@type\":\"SearchAction\",\"target\":{\"@type\":\"EntryPoint\",\"urlTemplate\":\"https:\/\/ml-locations.be\/nl\/?s={search_term_string}\"},\"query-input\":{\"@type\":\"PropertyValueSpecification\",\"valueRequired\":true,\"valueName\":\"search_term_string\"}}],\"inLanguage\":\"nl-NL\"},{\"@type\":\"Organization\",\"@id\":\"https:\/\/ml-locations.be\/nl\/#organization\",\"name\":\"ML Locations\",\"url\":\"https:\/\/ml-locations.be\/nl\/\",\"logo\":{\"@type\":\"ImageObject\",\"inLanguage\":\"nl-NL\",\"@id\":\"https:\/\/ml-locations.be\/nl\/#\/schema\/logo\/image\/\",\"url\":\"https:\/\/ml-locations.be\/wp-content\/uploads\/2018\/05\/LOGO-location-BON.png\",\"contentUrl\":\"https:\/\/ml-locations.be\/wp-content\/uploads\/2018\/05\/LOGO-location-BON.png\",\"width\":1200,\"height\":1200,\"caption\":\"ML Locations\"},\"image\":{\"@id\":\"https:\/\/ml-locations.be\/nl\/#\/schema\/logo\/image\/\"}}]}<\/script>\n<!-- \/ Yoast SEO plugin. -->","yoast_head_json":{"title":"Location ch\u00e2teau gonflable Licorne avec toboggan 4x5m | ML Locations","description":"Louez ce ch\u00e2teau gonflable avec toboggan lat\u00e9ral et d\u00e9cor Licorne, 4x5m. Parfait pour anniversaires et fancy-fair. Livraison possible !","robots":{"index":"index","follow":"follow","max-snippet":"max-snippet:-1","max-image-preview":"max-image-preview:large","max-video-preview":"max-video-preview:-1"},"canonical":"https:\/\/ml-locations.be\/nl\/locations\/chateau-gonflable-4x5m-licorne-avec-toboggan\/","og_locale":"nl_NL","og_type":"article","og_title":"Location ch\u00e2teau gonflable Licorne avec toboggan 4x5m | ML Locations","og_description":"Louez ce ch\u00e2teau gonflable avec toboggan lat\u00e9ral et d\u00e9cor Licorne, 4x5m. Parfait pour anniversaires et fancy-fair. Livraison possible !","og_url":"https:\/\/ml-locations.be\/nl\/locations\/chateau-gonflable-4x5m-licorne-avec-toboggan\/","og_site_name":"ML Locations","article_modified_time":"2026-02-16T15:51:21+00:00","og_image":[{"width":960,"height":960,"url":"https:\/\/ml-locations.be\/wp-content\/uploads\/2023\/06\/COMBO-MINI-UNICORN.png","type":"image\/png"}],"twitter_card":"summary_large_image","twitter_misc":{"Geschatte leestijd":"1 minuut"},"schema":{"@context":"https:\/\/schema.org","@graph":[{"@type":"WebPage","@id":"https:\/\/ml-locations.be\/nl\/locations\/chateau-gonflable-4x5m-licorne-avec-toboggan\/","url":"https:\/\/ml-locations.be\/nl\/locations\/chateau-gonflable-4x5m-licorne-avec-toboggan\/","name":"Location ch\u00e2teau gonflable Licorne avec toboggan 4x5m | ML Locations","isPartOf":{"@id":"https:\/\/ml-locations.be\/nl\/#website"},"primaryImageOfPage":{"@id":"https:\/\/ml-locations.be\/nl\/locations\/chateau-gonflable-4x5m-licorne-avec-toboggan\/#primaryimage"},"image":{"@id":"https:\/\/ml-locations.be\/nl\/locations\/chateau-gonflable-4x5m-licorne-avec-toboggan\/#primaryimage"},"thumbnailUrl":"https:\/\/ml-locations.be\/wp-content\/uploads\/2023\/06\/COMBO-MINI-UNICORN.png","datePublished":"2023-06-19T09:22:21+00:00","dateModified":"2026-02-16T15:51:21+00:00","description":"Louez ce ch\u00e2teau gonflable avec toboggan lat\u00e9ral et d\u00e9cor Licorne, 4x5m. Parfait pour anniversaires et fancy-fair. Livraison possible !","breadcrumb":{"@id":"https:\/\/ml-locations.be\/nl\/locations\/chateau-gonflable-4x5m-licorne-avec-toboggan\/#breadcrumb"},"inLanguage":"nl-NL","potentialAction":[{"@type":"ReadAction","target":["https:\/\/ml-locations.be\/nl\/locations\/chateau-gonflable-4x5m-licorne-avec-toboggan\/"]}]},{"@type":"ImageObject","inLanguage":"nl-NL","@id":"https:\/\/ml-locations.be\/nl\/locations\/chateau-gonflable-4x5m-licorne-avec-toboggan\/#primaryimage","url":"https:\/\/ml-locations.be\/wp-content\/uploads\/2023\/06\/COMBO-MINI-UNICORN.png","contentUrl":"https:\/\/ml-locations.be\/wp-content\/uploads\/2023\/06\/COMBO-MINI-UNICORN.png","width":960,"height":960},{"@type":"BreadcrumbList","@id":"https:\/\/ml-locations.be\/nl\/locations\/chateau-gonflable-4x5m-licorne-avec-toboggan\/#breadcrumb","itemListElement":[{"@type":"ListItem","position":1,"name":"Accueil","item":"https:\/\/ml-locations.be\/nl\/"},{"@type":"ListItem","position":2,"name":"Winkel","item":"https:\/\/ml-locations.be\/nl\/winkel\/"},{"@type":"ListItem","position":3,"name":"Ch\u00e2teau gonflable &#8220;Licorne&#8221; avec toboggan"}]},{"@type":"WebSite","@id":"https:\/\/ml-locations.be\/nl\/#website","url":"https:\/\/ml-locations.be\/nl\/","name":"ML Locations","description":"Mat\u00e9riel \u00e9v\u00e9nementiel : location chaise, table et mange debout, mat\u00e9riel horeca, frigos,...","publisher":{"@id":"https:\/\/ml-locations.be\/nl\/#organization"},"potentialAction":[{"@type":"SearchAction","target":{"@type":"EntryPoint","urlTemplate":"https:\/\/ml-locations.be\/nl\/?s={search_term_string}"},"query-input":{"@type":"PropertyValueSpecification","valueRequired":true,"valueName":"search_term_string"}}],"inLanguage":"nl-NL"},{"@type":"Organization","@id":"https:\/\/ml-locations.be\/nl\/#organization","name":"ML Locations","url":"https:\/\/ml-locations.be\/nl\/","logo":{"@type":"ImageObject","inLanguage":"nl-NL","@id":"https:\/\/ml-locations.be\/nl\/#\/schema\/logo\/image\/","url":"https:\/\/ml-locations.be\/wp-content\/uploads\/2018\/05\/LOGO-location-BON.png","contentUrl":"https:\/\/ml-locations.be\/wp-content\/uploads\/2018\/05\/LOGO-location-BON.png","width":1200,"height":1200,"caption":"ML Locations"},"image":{"@id":"https:\/\/ml-locations.be\/nl\/#\/schema\/logo\/image\/"}}]}},"_links":{"self":[{"href":"https:\/\/ml-locations.be\/nl\/wp-json\/wp\/v2\/product\/1067903","targetHints":{"allow":["GET"]}}],"collection":[{"href":"https:\/\/ml-locations.be\/nl\/wp-json\/wp\/v2\/product"}],"about":[{"href":"https:\/\/ml-locations.be\/nl\/wp-json\/wp\/v2\/types\/product"}],"wp:featuredmedia":[{"embeddable":true,"href":"https:\/\/ml-locations.be\/nl\/wp-json\/wp\/v2\/media\/1067920"}],"wp:attachment":[{"href":"https:\/\/ml-locations.be\/nl\/wp-json\/wp\/v2\/media?parent=1067903"}],"wp:term":[{"taxonomy":"product_brand","embeddable":true,"href":"https:\/\/ml-locations.be\/nl\/wp-json\/wp\/v2\/product_brand?post=1067903"},{"taxonomy":"product_cat","embeddable":true,"href":"https:\/\/ml-locations.be\/nl\/wp-json\/wp\/v2\/product_cat?post=1067903"},{"taxonomy":"product_tag","embeddable":true,"href":"https:\/\/ml-locations.be\/nl\/wp-json\/wp\/v2\/product_tag?post=1067903"}],"curies":[{"name":"wp","href":"https:\/\/api.w.org\/{rel}","templated":true}]}}