{"id":1069231,"date":"2023-08-23T12:28:00","date_gmt":"2023-08-23T10:28:00","guid":{"rendered":"https:\/\/ml-locations.be\/?post_type=product&#038;p=1069231"},"modified":"2023-08-23T12:48:40","modified_gmt":"2023-08-23T10:48:40","slug":"plancha-au-gaz","status":"publish","type":"product","link":"https:\/\/ml-locations.be\/nl\/locations\/plancha-au-gaz\/","title":{"rendered":"Plancha au Gaz"},"content":{"rendered":"<p>La<strong> plancha au gaz<\/strong> DIAMOND en location est le choix id\u00e9al pour tous vos \u00e9v\u00e9nements en plein air, que ce soit un barbecue entre amis, une f\u00eate de famille ou un \u00e9v\u00e9nement d&#8217;entreprise. Cette plancha haut de gamme vous permet de cuisiner rapidement et efficacement une vari\u00e9t\u00e9 de plats d\u00e9licieux, tout en offrant une exp\u00e9rience conviviale pour tous vos convives.<\/p>\n<p>Cette plaque snacker \u00e0 gaz <strong>Diamond<\/strong> (ref : PLANCHA\/2-N) a \u00e9t\u00e9 con\u00e7ue en acier inoxydable et est dot\u00e9e d&#8217;une surface utile de cuisson de<strong> 555 x 400 mm<\/strong> et d&#8217;\u00e9paisseur 15 mm.<\/p>\n<p><strong>Caract\u00e9ristiques Principales:<\/strong><\/p>\n<ul>\n<li><strong>Puissance:<\/strong> La plancha au gaz DIAMOND est \u00e9quip\u00e9e d&#8217;un br\u00fbleur puissant qui assure une mont\u00e9e en temp\u00e9rature rapide et une r\u00e9partition uniforme de la chaleur sur toute la surface de cuisson.<\/li>\n<li><strong>Surface de Cuisson:<\/strong> Sa grande surface de cuisson permet de pr\u00e9parer plusieurs plats simultan\u00e9ment, offrant ainsi une solution pratique pour les grandes occasions.<\/li>\n<li><strong>Contr\u00f4le Pr\u00e9cis de la Temp\u00e9rature:<\/strong> Les commandes de temp\u00e9rature r\u00e9glables vous donnent un contr\u00f4le pr\u00e9cis sur la cuisson de vos aliments, vous permettant de saisir, griller et cuire \u00e0 la perfection.<\/li>\n<li><strong>Facilit\u00e9 de Nettoyage:<\/strong> Le bac de r\u00e9cup\u00e9ration des graisses amovible facilite le nettoyage apr\u00e8s utilisation, rendant l&#8217;entretien de la plancha rapide et pratique.<\/li>\n<\/ul>\n<p><strong>Bonbonne de gaz en option<\/strong><\/p>\n","protected":false},"excerpt":{"rendered":"<p>La<strong> plancha au gaz<\/strong> DIAMOND en location est le choix id\u00e9al pour tous vos \u00e9v\u00e9nements en plein air, que ce soit un barbecue entre amis, une f\u00eate de famille ou un \u00e9v\u00e9nement d&#8217;entreprise. Cette plancha haut de gamme vous permet de cuisiner rapidement et efficacement une vari\u00e9t\u00e9 de plats d\u00e9licieux, tout en offrant une exp\u00e9rience conviviale pour tous vos convives.<\/p>\n","protected":false},"featured_media":1069241,"template":"","meta":{"_acf_changed":false},"product_brand":[],"product_cat":[29,34],"product_tag":[],"class_list":{"0":"post-1069231","1":"product","2":"type-product","3":"status-publish","4":"has-post-thumbnail","6":"product_cat-materiel-horeca-en-location","7":"product_cat-location-materiel-cuisine-et-buffet","8":"description-off","10":"first","11":"instock","12":"taxable","13":"shipping-taxable","14":"purchasable","15":"product-type-simple"},"acf":[],"yoast_head":"<!-- This site is optimized with the Yoast SEO plugin v25.0 - https:\/\/yoast.com\/wordpress\/plugins\/seo\/ -->\n<title>Plancha au Gaz | ML Locations<\/title>\n<meta name=\"description\" content=\"La plancha au gaz DIAMOND en location est le choix id\u00e9al pour tous vos \u00e9v\u00e9nements en plein air, que ce soit un barbecue entre amis, une f\u00eate de famille ou un \u00e9v\u00e9nement d&#039;entreprise. Cette plancha haut de gamme vous permet de cuisiner rapidement et efficacement une vari\u00e9t\u00e9 de plats d\u00e9licieux, tout en offrant une exp\u00e9rience conviviale pour tous vos convives.\" \/>\n<meta name=\"robots\" content=\"index, follow, max-snippet:-1, max-image-preview:large, max-video-preview:-1\" \/>\n<link rel=\"canonical\" href=\"https:\/\/ml-locations.be\/nl\/locations\/plancha-au-gaz\/\" \/>\n<meta property=\"og:locale\" content=\"nl_NL\" \/>\n<meta property=\"og:type\" content=\"article\" \/>\n<meta property=\"og:title\" content=\"Plancha au Gaz | ML Locations\" \/>\n<meta property=\"og:description\" content=\"La plancha au gaz DIAMOND en location est le choix id\u00e9al pour tous vos \u00e9v\u00e9nements en plein air, que ce soit un barbecue entre amis, une f\u00eate de famille ou un \u00e9v\u00e9nement d&#039;entreprise. Cette plancha haut de gamme vous permet de cuisiner rapidement et efficacement une vari\u00e9t\u00e9 de plats d\u00e9licieux, tout en offrant une exp\u00e9rience conviviale pour tous vos convives.\" \/>\n<meta property=\"og:url\" content=\"https:\/\/ml-locations.be\/nl\/locations\/plancha-au-gaz\/\" \/>\n<meta property=\"og:site_name\" content=\"ML Locations\" \/>\n<meta property=\"article:modified_time\" content=\"2023-08-23T10:48:40+00:00\" \/>\n<meta property=\"og:image\" content=\"https:\/\/ml-locations.be\/wp-content\/uploads\/2023\/08\/Unknown-6-2.jpeg\" \/>\n\t<meta property=\"og:image:width\" content=\"225\" \/>\n\t<meta property=\"og:image:height\" content=\"225\" \/>\n\t<meta property=\"og:image:type\" content=\"image\/jpeg\" \/>\n<meta name=\"twitter:card\" content=\"summary_large_image\" \/>\n<meta name=\"twitter:label1\" content=\"Geschatte leestijd\" \/>\n\t<meta name=\"twitter:data1\" content=\"2 minuten\" \/>\n<script type=\"application\/ld+json\" class=\"yoast-schema-graph\">{\"@context\":\"https:\/\/schema.org\",\"@graph\":[{\"@type\":\"WebPage\",\"@id\":\"https:\/\/ml-locations.be\/nl\/locations\/plancha-au-gaz\/\",\"url\":\"https:\/\/ml-locations.be\/nl\/locations\/plancha-au-gaz\/\",\"name\":\"Plancha au Gaz | ML Locations\",\"isPartOf\":{\"@id\":\"https:\/\/ml-locations.be\/nl\/#website\"},\"primaryImageOfPage\":{\"@id\":\"https:\/\/ml-locations.be\/nl\/locations\/plancha-au-gaz\/#primaryimage\"},\"image\":{\"@id\":\"https:\/\/ml-locations.be\/nl\/locations\/plancha-au-gaz\/#primaryimage\"},\"thumbnailUrl\":\"https:\/\/ml-locations.be\/wp-content\/uploads\/2023\/08\/Unknown-6-2.jpeg\",\"datePublished\":\"2023-08-23T10:28:00+00:00\",\"dateModified\":\"2023-08-23T10:48:40+00:00\",\"description\":\"La plancha au gaz DIAMOND en location est le choix id\u00e9al pour tous vos \u00e9v\u00e9nements en plein air, que ce soit un barbecue entre amis, une f\u00eate de famille ou un \u00e9v\u00e9nement d'entreprise. Cette plancha haut de gamme vous permet de cuisiner rapidement et efficacement une vari\u00e9t\u00e9 de plats d\u00e9licieux, tout en offrant une exp\u00e9rience conviviale pour tous vos convives.\",\"breadcrumb\":{\"@id\":\"https:\/\/ml-locations.be\/nl\/locations\/plancha-au-gaz\/#breadcrumb\"},\"inLanguage\":\"nl-NL\",\"potentialAction\":[{\"@type\":\"ReadAction\",\"target\":[\"https:\/\/ml-locations.be\/nl\/locations\/plancha-au-gaz\/\"]}]},{\"@type\":\"ImageObject\",\"inLanguage\":\"nl-NL\",\"@id\":\"https:\/\/ml-locations.be\/nl\/locations\/plancha-au-gaz\/#primaryimage\",\"url\":\"https:\/\/ml-locations.be\/wp-content\/uploads\/2023\/08\/Unknown-6-2.jpeg\",\"contentUrl\":\"https:\/\/ml-locations.be\/wp-content\/uploads\/2023\/08\/Unknown-6-2.jpeg\",\"width\":225,\"height\":225},{\"@type\":\"BreadcrumbList\",\"@id\":\"https:\/\/ml-locations.be\/nl\/locations\/plancha-au-gaz\/#breadcrumb\",\"itemListElement\":[{\"@type\":\"ListItem\",\"position\":1,\"name\":\"Accueil\",\"item\":\"https:\/\/ml-locations.be\/nl\/\"},{\"@type\":\"ListItem\",\"position\":2,\"name\":\"Winkel\",\"item\":\"https:\/\/ml-locations.be\/nl\/winkel\/\"},{\"@type\":\"ListItem\",\"position\":3,\"name\":\"Plancha au Gaz\"}]},{\"@type\":\"WebSite\",\"@id\":\"https:\/\/ml-locations.be\/nl\/#website\",\"url\":\"https:\/\/ml-locations.be\/nl\/\",\"name\":\"ML Locations\",\"description\":\"Mat\u00e9riel \u00e9v\u00e9nementiel : location chaise, table et mange debout, mat\u00e9riel horeca, frigos,...\",\"publisher\":{\"@id\":\"https:\/\/ml-locations.be\/nl\/#organization\"},\"potentialAction\":[{\"@type\":\"SearchAction\",\"target\":{\"@type\":\"EntryPoint\",\"urlTemplate\":\"https:\/\/ml-locations.be\/nl\/?s={search_term_string}\"},\"query-input\":{\"@type\":\"PropertyValueSpecification\",\"valueRequired\":true,\"valueName\":\"search_term_string\"}}],\"inLanguage\":\"nl-NL\"},{\"@type\":\"Organization\",\"@id\":\"https:\/\/ml-locations.be\/nl\/#organization\",\"name\":\"ML Locations\",\"url\":\"https:\/\/ml-locations.be\/nl\/\",\"logo\":{\"@type\":\"ImageObject\",\"inLanguage\":\"nl-NL\",\"@id\":\"https:\/\/ml-locations.be\/nl\/#\/schema\/logo\/image\/\",\"url\":\"https:\/\/ml-locations.be\/wp-content\/uploads\/2018\/05\/LOGO-location-BON.png\",\"contentUrl\":\"https:\/\/ml-locations.be\/wp-content\/uploads\/2018\/05\/LOGO-location-BON.png\",\"width\":1200,\"height\":1200,\"caption\":\"ML Locations\"},\"image\":{\"@id\":\"https:\/\/ml-locations.be\/nl\/#\/schema\/logo\/image\/\"}}]}<\/script>\n<!-- \/ Yoast SEO plugin. -->","yoast_head_json":{"title":"Plancha au Gaz | ML Locations","description":"La plancha au gaz DIAMOND en location est le choix id\u00e9al pour tous vos \u00e9v\u00e9nements en plein air, que ce soit un barbecue entre amis, une f\u00eate de famille ou un \u00e9v\u00e9nement d'entreprise. Cette plancha haut de gamme vous permet de cuisiner rapidement et efficacement une vari\u00e9t\u00e9 de plats d\u00e9licieux, tout en offrant une exp\u00e9rience conviviale pour tous vos convives.","robots":{"index":"index","follow":"follow","max-snippet":"max-snippet:-1","max-image-preview":"max-image-preview:large","max-video-preview":"max-video-preview:-1"},"canonical":"https:\/\/ml-locations.be\/nl\/locations\/plancha-au-gaz\/","og_locale":"nl_NL","og_type":"article","og_title":"Plancha au Gaz | ML Locations","og_description":"La plancha au gaz DIAMOND en location est le choix id\u00e9al pour tous vos \u00e9v\u00e9nements en plein air, que ce soit un barbecue entre amis, une f\u00eate de famille ou un \u00e9v\u00e9nement d'entreprise. Cette plancha haut de gamme vous permet de cuisiner rapidement et efficacement une vari\u00e9t\u00e9 de plats d\u00e9licieux, tout en offrant une exp\u00e9rience conviviale pour tous vos convives.","og_url":"https:\/\/ml-locations.be\/nl\/locations\/plancha-au-gaz\/","og_site_name":"ML Locations","article_modified_time":"2023-08-23T10:48:40+00:00","og_image":[{"width":225,"height":225,"url":"https:\/\/ml-locations.be\/wp-content\/uploads\/2023\/08\/Unknown-6-2.jpeg","type":"image\/jpeg"}],"twitter_card":"summary_large_image","twitter_misc":{"Geschatte leestijd":"2 minuten"},"schema":{"@context":"https:\/\/schema.org","@graph":[{"@type":"WebPage","@id":"https:\/\/ml-locations.be\/nl\/locations\/plancha-au-gaz\/","url":"https:\/\/ml-locations.be\/nl\/locations\/plancha-au-gaz\/","name":"Plancha au Gaz | ML Locations","isPartOf":{"@id":"https:\/\/ml-locations.be\/nl\/#website"},"primaryImageOfPage":{"@id":"https:\/\/ml-locations.be\/nl\/locations\/plancha-au-gaz\/#primaryimage"},"image":{"@id":"https:\/\/ml-locations.be\/nl\/locations\/plancha-au-gaz\/#primaryimage"},"thumbnailUrl":"https:\/\/ml-locations.be\/wp-content\/uploads\/2023\/08\/Unknown-6-2.jpeg","datePublished":"2023-08-23T10:28:00+00:00","dateModified":"2023-08-23T10:48:40+00:00","description":"La plancha au gaz DIAMOND en location est le choix id\u00e9al pour tous vos \u00e9v\u00e9nements en plein air, que ce soit un barbecue entre amis, une f\u00eate de famille ou un \u00e9v\u00e9nement d'entreprise. Cette plancha haut de gamme vous permet de cuisiner rapidement et efficacement une vari\u00e9t\u00e9 de plats d\u00e9licieux, tout en offrant une exp\u00e9rience conviviale pour tous vos convives.","breadcrumb":{"@id":"https:\/\/ml-locations.be\/nl\/locations\/plancha-au-gaz\/#breadcrumb"},"inLanguage":"nl-NL","potentialAction":[{"@type":"ReadAction","target":["https:\/\/ml-locations.be\/nl\/locations\/plancha-au-gaz\/"]}]},{"@type":"ImageObject","inLanguage":"nl-NL","@id":"https:\/\/ml-locations.be\/nl\/locations\/plancha-au-gaz\/#primaryimage","url":"https:\/\/ml-locations.be\/wp-content\/uploads\/2023\/08\/Unknown-6-2.jpeg","contentUrl":"https:\/\/ml-locations.be\/wp-content\/uploads\/2023\/08\/Unknown-6-2.jpeg","width":225,"height":225},{"@type":"BreadcrumbList","@id":"https:\/\/ml-locations.be\/nl\/locations\/plancha-au-gaz\/#breadcrumb","itemListElement":[{"@type":"ListItem","position":1,"name":"Accueil","item":"https:\/\/ml-locations.be\/nl\/"},{"@type":"ListItem","position":2,"name":"Winkel","item":"https:\/\/ml-locations.be\/nl\/winkel\/"},{"@type":"ListItem","position":3,"name":"Plancha au Gaz"}]},{"@type":"WebSite","@id":"https:\/\/ml-locations.be\/nl\/#website","url":"https:\/\/ml-locations.be\/nl\/","name":"ML Locations","description":"Mat\u00e9riel \u00e9v\u00e9nementiel : location chaise, table et mange debout, mat\u00e9riel horeca, frigos,...","publisher":{"@id":"https:\/\/ml-locations.be\/nl\/#organization"},"potentialAction":[{"@type":"SearchAction","target":{"@type":"EntryPoint","urlTemplate":"https:\/\/ml-locations.be\/nl\/?s={search_term_string}"},"query-input":{"@type":"PropertyValueSpecification","valueRequired":true,"valueName":"search_term_string"}}],"inLanguage":"nl-NL"},{"@type":"Organization","@id":"https:\/\/ml-locations.be\/nl\/#organization","name":"ML Locations","url":"https:\/\/ml-locations.be\/nl\/","logo":{"@type":"ImageObject","inLanguage":"nl-NL","@id":"https:\/\/ml-locations.be\/nl\/#\/schema\/logo\/image\/","url":"https:\/\/ml-locations.be\/wp-content\/uploads\/2018\/05\/LOGO-location-BON.png","contentUrl":"https:\/\/ml-locations.be\/wp-content\/uploads\/2018\/05\/LOGO-location-BON.png","width":1200,"height":1200,"caption":"ML Locations"},"image":{"@id":"https:\/\/ml-locations.be\/nl\/#\/schema\/logo\/image\/"}}]}},"_links":{"self":[{"href":"https:\/\/ml-locations.be\/nl\/wp-json\/wp\/v2\/product\/1069231","targetHints":{"allow":["GET"]}}],"collection":[{"href":"https:\/\/ml-locations.be\/nl\/wp-json\/wp\/v2\/product"}],"about":[{"href":"https:\/\/ml-locations.be\/nl\/wp-json\/wp\/v2\/types\/product"}],"wp:featuredmedia":[{"embeddable":true,"href":"https:\/\/ml-locations.be\/nl\/wp-json\/wp\/v2\/media\/1069241"}],"wp:attachment":[{"href":"https:\/\/ml-locations.be\/nl\/wp-json\/wp\/v2\/media?parent=1069231"}],"wp:term":[{"taxonomy":"product_brand","embeddable":true,"href":"https:\/\/ml-locations.be\/nl\/wp-json\/wp\/v2\/product_brand?post=1069231"},{"taxonomy":"product_cat","embeddable":true,"href":"https:\/\/ml-locations.be\/nl\/wp-json\/wp\/v2\/product_cat?post=1069231"},{"taxonomy":"product_tag","embeddable":true,"href":"https:\/\/ml-locations.be\/nl\/wp-json\/wp\/v2\/product_tag?post=1069231"}],"curies":[{"name":"wp","href":"https:\/\/api.w.org\/{rel}","templated":true}]}}