{"id":1069251,"date":"2023-08-23T13:48:10","date_gmt":"2023-08-23T11:48:10","guid":{"rendered":"https:\/\/ml-locations.be\/?post_type=product&#038;p=1069251"},"modified":"2026-03-20T16:29:31","modified_gmt":"2026-03-20T15:29:31","slug":"verre-a-eau-30cl-prestige","status":"publish","type":"product","link":"https:\/\/ml-locations.be\/nl\/locations\/verre-a-eau-30cl-prestige\/","title":{"rendered":"Verre \u00e0 eau 30cl Prestige"},"content":{"rendered":"<p>Louez nos \u00e9l\u00e9gants verres \u00e0 eau &#8220;Prestige&#8221; 30cl pour ajouter une touche de sophistication \u00e0 vos \u00e9v\u00e9nements sp\u00e9ciaux. Parfaits pour servir une vari\u00e9t\u00e9 de boissons, ces verres allient style et fonctionnalit\u00e9, cr\u00e9ant une exp\u00e9rience de d\u00e9gustation exceptionnelle pour vos invit\u00e9s.<\/p>\n<p><strong>Caract\u00e9ristiques Principales :<\/strong><\/p>\n<ul>\n<li><strong>Design Opticien Raffin\u00e9 :<\/strong> Les verres \u00e0 eau &#8220;Prestige&#8221; 30cl arborent un design \u00e9l\u00e9gant et intemporel, ajoutant une esth\u00e9tique haut de gamme \u00e0 votre table.<\/li>\n<li><strong>Conception Robuste :<\/strong> Fabriqu\u00e9s en verre de haute qualit\u00e9, ces verres sont durables et r\u00e9sistants, adapt\u00e9s aux utilisations en int\u00e9rieur comme en ext\u00e9rieur.<\/li>\n<li><strong>Ergonomie Confortable :<\/strong> La prise en main confortable offre une exp\u00e9rience agr\u00e9able lors de la d\u00e9gustation, tout en mettant en valeur les ar\u00f4mes des vins<\/li>\n<li><strong>Facilit\u00e9 de Nettoyage :<\/strong> Les verres \u00e0 eau 30cl sont faciles \u00e0 nettoyer, permettant un entretien sans tracas apr\u00e8s utilisation.<\/li>\n<\/ul>\n","protected":false},"excerpt":{"rendered":"<p>Louez nos \u00e9l\u00e9gants verres \u00e0 eau &#8220;Prestige&#8221; 30cl pour ajouter une touche de sophistication \u00e0 vos \u00e9v\u00e9nements sp\u00e9ciaux. Parfaits pour servir une vari\u00e9t\u00e9 de boissons, ces verres allient style et fonctionnalit\u00e9, cr\u00e9ant une exp\u00e9rience de d\u00e9gustation exceptionnelle pour vos invit\u00e9s.<\/p>\n<p>&nbsp;<\/p>\n","protected":false},"featured_media":1069252,"template":"","meta":{"_acf_changed":false},"product_brand":[],"product_cat":[32],"product_tag":[],"class_list":{"0":"post-1069251","1":"product","2":"type-product","3":"status-publish","4":"has-post-thumbnail","6":"product_cat-verres-en-location","7":"description-off","9":"first","10":"instock","11":"taxable","12":"shipping-taxable","13":"purchasable","14":"product-type-simple"},"acf":[],"yoast_head":"<!-- This site is optimized with the Yoast SEO plugin v25.0 - https:\/\/yoast.com\/wordpress\/plugins\/seo\/ -->\n<title>Verre \u00e0 eau 30cl Prestige | ML Locations<\/title>\n<meta name=\"description\" content=\"Louez nos \u00e9l\u00e9gants verres \u00e0 eau &quot;Prestige&quot; 30cl pour ajouter une touche de sophistication \u00e0 vos \u00e9v\u00e9nements sp\u00e9ciaux. Parfaits pour servir une vari\u00e9t\u00e9 de boissons p\u00e9tillantes, ces verres allient style et fonctionnalit\u00e9, cr\u00e9ant une exp\u00e9rience de d\u00e9gustation exceptionnelle pour vos invit\u00e9s.\" \/>\n<meta name=\"robots\" content=\"index, follow, max-snippet:-1, max-image-preview:large, max-video-preview:-1\" \/>\n<link rel=\"canonical\" href=\"https:\/\/ml-locations.be\/nl\/locations\/verre-a-eau-30cl-prestige\/\" \/>\n<meta property=\"og:locale\" content=\"nl_NL\" \/>\n<meta property=\"og:type\" content=\"article\" \/>\n<meta property=\"og:title\" content=\"Verre \u00e0 eau 30cl Prestige | ML Locations\" \/>\n<meta property=\"og:description\" content=\"Louez nos \u00e9l\u00e9gants verres \u00e0 eau &quot;Prestige&quot; 30cl pour ajouter une touche de sophistication \u00e0 vos \u00e9v\u00e9nements sp\u00e9ciaux. Parfaits pour servir une vari\u00e9t\u00e9 de boissons p\u00e9tillantes, ces verres allient style et fonctionnalit\u00e9, cr\u00e9ant une exp\u00e9rience de d\u00e9gustation exceptionnelle pour vos invit\u00e9s.\" \/>\n<meta property=\"og:url\" content=\"https:\/\/ml-locations.be\/nl\/locations\/verre-a-eau-30cl-prestige\/\" \/>\n<meta property=\"og:site_name\" content=\"ML Locations\" \/>\n<meta property=\"article:modified_time\" content=\"2026-03-20T15:29:31+00:00\" \/>\n<meta property=\"og:image\" content=\"https:\/\/ml-locations.be\/wp-content\/uploads\/2023\/08\/5ff6edca09c25.jpg\" \/>\n\t<meta property=\"og:image:width\" content=\"400\" \/>\n\t<meta property=\"og:image:height\" content=\"400\" \/>\n\t<meta property=\"og:image:type\" content=\"image\/jpeg\" \/>\n<meta name=\"twitter:card\" content=\"summary_large_image\" \/>\n<meta name=\"twitter:label1\" content=\"Geschatte leestijd\" \/>\n\t<meta name=\"twitter:data1\" content=\"1 minuut\" \/>\n<script type=\"application\/ld+json\" class=\"yoast-schema-graph\">{\"@context\":\"https:\/\/schema.org\",\"@graph\":[{\"@type\":\"WebPage\",\"@id\":\"https:\/\/ml-locations.be\/nl\/locations\/verre-a-eau-30cl-prestige\/\",\"url\":\"https:\/\/ml-locations.be\/nl\/locations\/verre-a-eau-30cl-prestige\/\",\"name\":\"Verre \u00e0 eau 30cl Prestige | ML Locations\",\"isPartOf\":{\"@id\":\"https:\/\/ml-locations.be\/nl\/#website\"},\"primaryImageOfPage\":{\"@id\":\"https:\/\/ml-locations.be\/nl\/locations\/verre-a-eau-30cl-prestige\/#primaryimage\"},\"image\":{\"@id\":\"https:\/\/ml-locations.be\/nl\/locations\/verre-a-eau-30cl-prestige\/#primaryimage\"},\"thumbnailUrl\":\"https:\/\/ml-locations.be\/wp-content\/uploads\/2023\/08\/5ff6edca09c25.jpg\",\"datePublished\":\"2023-08-23T11:48:10+00:00\",\"dateModified\":\"2026-03-20T15:29:31+00:00\",\"description\":\"Louez nos \u00e9l\u00e9gants verres \u00e0 eau \\\"Prestige\\\" 30cl pour ajouter une touche de sophistication \u00e0 vos \u00e9v\u00e9nements sp\u00e9ciaux. Parfaits pour servir une vari\u00e9t\u00e9 de boissons p\u00e9tillantes, ces verres allient style et fonctionnalit\u00e9, cr\u00e9ant une exp\u00e9rience de d\u00e9gustation exceptionnelle pour vos invit\u00e9s.\",\"breadcrumb\":{\"@id\":\"https:\/\/ml-locations.be\/nl\/locations\/verre-a-eau-30cl-prestige\/#breadcrumb\"},\"inLanguage\":\"nl-NL\",\"potentialAction\":[{\"@type\":\"ReadAction\",\"target\":[\"https:\/\/ml-locations.be\/nl\/locations\/verre-a-eau-30cl-prestige\/\"]}]},{\"@type\":\"ImageObject\",\"inLanguage\":\"nl-NL\",\"@id\":\"https:\/\/ml-locations.be\/nl\/locations\/verre-a-eau-30cl-prestige\/#primaryimage\",\"url\":\"https:\/\/ml-locations.be\/wp-content\/uploads\/2023\/08\/5ff6edca09c25.jpg\",\"contentUrl\":\"https:\/\/ml-locations.be\/wp-content\/uploads\/2023\/08\/5ff6edca09c25.jpg\",\"width\":400,\"height\":400},{\"@type\":\"BreadcrumbList\",\"@id\":\"https:\/\/ml-locations.be\/nl\/locations\/verre-a-eau-30cl-prestige\/#breadcrumb\",\"itemListElement\":[{\"@type\":\"ListItem\",\"position\":1,\"name\":\"Accueil\",\"item\":\"https:\/\/ml-locations.be\/nl\/\"},{\"@type\":\"ListItem\",\"position\":2,\"name\":\"Winkel\",\"item\":\"https:\/\/ml-locations.be\/nl\/winkel\/\"},{\"@type\":\"ListItem\",\"position\":3,\"name\":\"Verre \u00e0 eau 30cl Prestige\"}]},{\"@type\":\"WebSite\",\"@id\":\"https:\/\/ml-locations.be\/nl\/#website\",\"url\":\"https:\/\/ml-locations.be\/nl\/\",\"name\":\"ML Locations\",\"description\":\"Mat\u00e9riel \u00e9v\u00e9nementiel : location chaise, table et mange debout, mat\u00e9riel horeca, frigos,...\",\"publisher\":{\"@id\":\"https:\/\/ml-locations.be\/nl\/#organization\"},\"potentialAction\":[{\"@type\":\"SearchAction\",\"target\":{\"@type\":\"EntryPoint\",\"urlTemplate\":\"https:\/\/ml-locations.be\/nl\/?s={search_term_string}\"},\"query-input\":{\"@type\":\"PropertyValueSpecification\",\"valueRequired\":true,\"valueName\":\"search_term_string\"}}],\"inLanguage\":\"nl-NL\"},{\"@type\":\"Organization\",\"@id\":\"https:\/\/ml-locations.be\/nl\/#organization\",\"name\":\"ML Locations\",\"url\":\"https:\/\/ml-locations.be\/nl\/\",\"logo\":{\"@type\":\"ImageObject\",\"inLanguage\":\"nl-NL\",\"@id\":\"https:\/\/ml-locations.be\/nl\/#\/schema\/logo\/image\/\",\"url\":\"https:\/\/ml-locations.be\/wp-content\/uploads\/2018\/05\/LOGO-location-BON.png\",\"contentUrl\":\"https:\/\/ml-locations.be\/wp-content\/uploads\/2018\/05\/LOGO-location-BON.png\",\"width\":1200,\"height\":1200,\"caption\":\"ML Locations\"},\"image\":{\"@id\":\"https:\/\/ml-locations.be\/nl\/#\/schema\/logo\/image\/\"}}]}<\/script>\n<!-- \/ Yoast SEO plugin. -->","yoast_head_json":{"title":"Verre \u00e0 eau 30cl Prestige | ML Locations","description":"Louez nos \u00e9l\u00e9gants verres \u00e0 eau \"Prestige\" 30cl pour ajouter une touche de sophistication \u00e0 vos \u00e9v\u00e9nements sp\u00e9ciaux. Parfaits pour servir une vari\u00e9t\u00e9 de boissons p\u00e9tillantes, ces verres allient style et fonctionnalit\u00e9, cr\u00e9ant une exp\u00e9rience de d\u00e9gustation exceptionnelle pour vos invit\u00e9s.","robots":{"index":"index","follow":"follow","max-snippet":"max-snippet:-1","max-image-preview":"max-image-preview:large","max-video-preview":"max-video-preview:-1"},"canonical":"https:\/\/ml-locations.be\/nl\/locations\/verre-a-eau-30cl-prestige\/","og_locale":"nl_NL","og_type":"article","og_title":"Verre \u00e0 eau 30cl Prestige | ML Locations","og_description":"Louez nos \u00e9l\u00e9gants verres \u00e0 eau \"Prestige\" 30cl pour ajouter une touche de sophistication \u00e0 vos \u00e9v\u00e9nements sp\u00e9ciaux. Parfaits pour servir une vari\u00e9t\u00e9 de boissons p\u00e9tillantes, ces verres allient style et fonctionnalit\u00e9, cr\u00e9ant une exp\u00e9rience de d\u00e9gustation exceptionnelle pour vos invit\u00e9s.","og_url":"https:\/\/ml-locations.be\/nl\/locations\/verre-a-eau-30cl-prestige\/","og_site_name":"ML Locations","article_modified_time":"2026-03-20T15:29:31+00:00","og_image":[{"width":400,"height":400,"url":"https:\/\/ml-locations.be\/wp-content\/uploads\/2023\/08\/5ff6edca09c25.jpg","type":"image\/jpeg"}],"twitter_card":"summary_large_image","twitter_misc":{"Geschatte leestijd":"1 minuut"},"schema":{"@context":"https:\/\/schema.org","@graph":[{"@type":"WebPage","@id":"https:\/\/ml-locations.be\/nl\/locations\/verre-a-eau-30cl-prestige\/","url":"https:\/\/ml-locations.be\/nl\/locations\/verre-a-eau-30cl-prestige\/","name":"Verre \u00e0 eau 30cl Prestige | ML Locations","isPartOf":{"@id":"https:\/\/ml-locations.be\/nl\/#website"},"primaryImageOfPage":{"@id":"https:\/\/ml-locations.be\/nl\/locations\/verre-a-eau-30cl-prestige\/#primaryimage"},"image":{"@id":"https:\/\/ml-locations.be\/nl\/locations\/verre-a-eau-30cl-prestige\/#primaryimage"},"thumbnailUrl":"https:\/\/ml-locations.be\/wp-content\/uploads\/2023\/08\/5ff6edca09c25.jpg","datePublished":"2023-08-23T11:48:10+00:00","dateModified":"2026-03-20T15:29:31+00:00","description":"Louez nos \u00e9l\u00e9gants verres \u00e0 eau \"Prestige\" 30cl pour ajouter une touche de sophistication \u00e0 vos \u00e9v\u00e9nements sp\u00e9ciaux. Parfaits pour servir une vari\u00e9t\u00e9 de boissons p\u00e9tillantes, ces verres allient style et fonctionnalit\u00e9, cr\u00e9ant une exp\u00e9rience de d\u00e9gustation exceptionnelle pour vos invit\u00e9s.","breadcrumb":{"@id":"https:\/\/ml-locations.be\/nl\/locations\/verre-a-eau-30cl-prestige\/#breadcrumb"},"inLanguage":"nl-NL","potentialAction":[{"@type":"ReadAction","target":["https:\/\/ml-locations.be\/nl\/locations\/verre-a-eau-30cl-prestige\/"]}]},{"@type":"ImageObject","inLanguage":"nl-NL","@id":"https:\/\/ml-locations.be\/nl\/locations\/verre-a-eau-30cl-prestige\/#primaryimage","url":"https:\/\/ml-locations.be\/wp-content\/uploads\/2023\/08\/5ff6edca09c25.jpg","contentUrl":"https:\/\/ml-locations.be\/wp-content\/uploads\/2023\/08\/5ff6edca09c25.jpg","width":400,"height":400},{"@type":"BreadcrumbList","@id":"https:\/\/ml-locations.be\/nl\/locations\/verre-a-eau-30cl-prestige\/#breadcrumb","itemListElement":[{"@type":"ListItem","position":1,"name":"Accueil","item":"https:\/\/ml-locations.be\/nl\/"},{"@type":"ListItem","position":2,"name":"Winkel","item":"https:\/\/ml-locations.be\/nl\/winkel\/"},{"@type":"ListItem","position":3,"name":"Verre \u00e0 eau 30cl Prestige"}]},{"@type":"WebSite","@id":"https:\/\/ml-locations.be\/nl\/#website","url":"https:\/\/ml-locations.be\/nl\/","name":"ML Locations","description":"Mat\u00e9riel \u00e9v\u00e9nementiel : location chaise, table et mange debout, mat\u00e9riel horeca, frigos,...","publisher":{"@id":"https:\/\/ml-locations.be\/nl\/#organization"},"potentialAction":[{"@type":"SearchAction","target":{"@type":"EntryPoint","urlTemplate":"https:\/\/ml-locations.be\/nl\/?s={search_term_string}"},"query-input":{"@type":"PropertyValueSpecification","valueRequired":true,"valueName":"search_term_string"}}],"inLanguage":"nl-NL"},{"@type":"Organization","@id":"https:\/\/ml-locations.be\/nl\/#organization","name":"ML Locations","url":"https:\/\/ml-locations.be\/nl\/","logo":{"@type":"ImageObject","inLanguage":"nl-NL","@id":"https:\/\/ml-locations.be\/nl\/#\/schema\/logo\/image\/","url":"https:\/\/ml-locations.be\/wp-content\/uploads\/2018\/05\/LOGO-location-BON.png","contentUrl":"https:\/\/ml-locations.be\/wp-content\/uploads\/2018\/05\/LOGO-location-BON.png","width":1200,"height":1200,"caption":"ML Locations"},"image":{"@id":"https:\/\/ml-locations.be\/nl\/#\/schema\/logo\/image\/"}}]}},"_links":{"self":[{"href":"https:\/\/ml-locations.be\/nl\/wp-json\/wp\/v2\/product\/1069251","targetHints":{"allow":["GET"]}}],"collection":[{"href":"https:\/\/ml-locations.be\/nl\/wp-json\/wp\/v2\/product"}],"about":[{"href":"https:\/\/ml-locations.be\/nl\/wp-json\/wp\/v2\/types\/product"}],"wp:featuredmedia":[{"embeddable":true,"href":"https:\/\/ml-locations.be\/nl\/wp-json\/wp\/v2\/media\/1069252"}],"wp:attachment":[{"href":"https:\/\/ml-locations.be\/nl\/wp-json\/wp\/v2\/media?parent=1069251"}],"wp:term":[{"taxonomy":"product_brand","embeddable":true,"href":"https:\/\/ml-locations.be\/nl\/wp-json\/wp\/v2\/product_brand?post=1069251"},{"taxonomy":"product_cat","embeddable":true,"href":"https:\/\/ml-locations.be\/nl\/wp-json\/wp\/v2\/product_cat?post=1069251"},{"taxonomy":"product_tag","embeddable":true,"href":"https:\/\/ml-locations.be\/nl\/wp-json\/wp\/v2\/product_tag?post=1069251"}],"curies":[{"name":"wp","href":"https:\/\/api.w.org\/{rel}","templated":true}]}}