{"id":1069265,"date":"2023-08-24T09:18:32","date_gmt":"2023-08-24T07:18:32","guid":{"rendered":"https:\/\/ml-locations.be\/?post_type=product&#038;p=1069265"},"modified":"2026-01-14T15:34:47","modified_gmt":"2026-01-14T14:34:47","slug":"assiette-rectangulaire-match-23x15cm","status":"publish","type":"product","link":"https:\/\/ml-locations.be\/nl\/locations\/assiette-rectangulaire-match-23x15cm\/","title":{"rendered":"Assiette rectangulaire MATCH 23x15cm"},"content":{"rendered":"<p>L&#8217;assiette rectangulaire Match 23&#215;15 cm est la solution parfaite pour ajouter une touche de modernit\u00e9 \u00e0 vos \u00e9v\u00e9nements sp\u00e9ciaux. Fabriqu\u00e9e en porcelaine de haute qualit\u00e9, cette assiette allie \u00e9l\u00e9gance et durabilit\u00e9, offrant un design contemporain qui attire les regards.<\/p>\n<p><strong>Caract\u00e9ristiques :<\/strong><\/p>\n<ul>\n<li><strong>Dimensions :<\/strong> 23 cm x 15 cm (Longueur x Largeur).<\/li>\n<li><strong>Mat\u00e9riau :<\/strong> Porcelaine haut de gamme, garantissant solidit\u00e9 et r\u00e9sistance.<\/li>\n<li><strong>Design Rectangulaire :<\/strong> Un design moderne et unique qui se d\u00e9marque des assiettes traditionnelles.<\/li>\n<li><strong>Finition Lisse :<\/strong> La surface lisse met en valeur la pr\u00e9sentation des plats, pla\u00e7ant la nourriture au centre de l&#8217;attention.<\/li>\n<li><strong>Polyvalence de Couleur :<\/strong> Sa teinte neutre s&#8217;adapte facilement \u00e0 diff\u00e9rentes palettes de couleurs et th\u00e8mes d&#8217;\u00e9v\u00e9nements.<\/li>\n<li><strong>Entretien Facile :<\/strong> La porcelaine r\u00e9siste aux taches et se nettoie ais\u00e9ment, simplifiant l&#8217;apr\u00e8s-\u00e9v\u00e9nement.<\/li>\n<li><strong>Location Pratique :<\/strong> Optez pour la location de ces assiettes pour un \u00e9v\u00e9nement sans les tracas li\u00e9s \u00e0 l&#8217;achat et au stockage.<\/li>\n<\/ul>\n<div class=\"group w-full text-token-text-primary border-b border-black\/10 dark:border-gray-900\/50 bg-gray-50 dark:bg-[#444654]\">\n<div class=\"flex p-4 gap-4 text-base md:gap-6 md:max-w-2xl lg:max-w-[38rem] xl:max-w-3xl md:py-6 lg:px-0 m-auto\">\n<div class=\"relative flex w-[calc(100%-50px)] flex-col gap-1 md:gap-3 lg:w-[calc(100%-115px)]\">\n<div class=\"flex flex-grow flex-col gap-3 max-w-full\">\n<div class=\"min-h-[20px] flex flex-col items-start gap-3 overflow-x-auto whitespace-pre-wrap break-words\">\n<div class=\"markdown prose w-full break-words dark:prose-invert light\">\n<p>Ajoutez une touche contemporaine et \u00e9l\u00e9gante \u00e0 votre \u00e9v\u00e9nement avec nos assiettes rectangulaires Match 23&#215;15 cm. Contactez-nous d\u00e8s aujourd&#8217;hui pour r\u00e9server ces assiettes et cr\u00e9er un \u00e9v\u00e9nement inoubliable avec un style moderne et raffin\u00e9.<\/p>\n<\/div>\n<\/div>\n<\/div>\n<div class=\"flex justify-between lg:block\">\n<div class=\"text-gray-400 flex self-end lg:self-center justify-center mt-2 gap-2 md:gap-3 lg:gap-1 lg:absolute lg:top-0 lg:translate-x-full lg:right-0 lg:mt-0 lg:pl-2 visible\">\n<p>&nbsp;<\/p>\n<div class=\"flex gap-1\"><\/div>\n<\/div>\n<\/div>\n<\/div>\n<\/div>\n<\/div>\n","protected":false},"excerpt":{"rendered":"<p>L&#8217;assiette rectangulaire Match 23&#215;15 cm est la solution parfaite pour ajouter une touche de modernit\u00e9 \u00e0 vos \u00e9v\u00e9nements sp\u00e9ciaux. Fabriqu\u00e9e en porcelaine de haute qualit\u00e9, cette assiette allie \u00e9l\u00e9gance et durabilit\u00e9, offrant un design contemporain qui attire les regards.<\/p>\n","protected":false},"featured_media":1069266,"template":"","meta":{"_acf_changed":false},"product_brand":[],"product_cat":[33],"product_tag":[],"class_list":{"0":"post-1069265","1":"product","2":"type-product","3":"status-publish","4":"has-post-thumbnail","6":"product_cat-location-vaisselle","7":"description-off","9":"first","10":"instock","11":"taxable","12":"shipping-taxable","13":"purchasable","14":"product-type-simple"},"acf":[],"yoast_head":"<!-- This site is optimized with the Yoast SEO plugin v25.0 - https:\/\/yoast.com\/wordpress\/plugins\/seo\/ -->\n<title>Assiette rectangulaire MATCH 23x15cm | ML Locations<\/title>\n<meta name=\"description\" content=\"L&#039;assiette rectangulaire Match 23x15 cm est la solution parfaite pour ajouter une touche de modernit\u00e9 \u00e0 vos \u00e9v\u00e9nements sp\u00e9ciaux. Fabriqu\u00e9e en porcelaine de haute qualit\u00e9, cette assiette allie \u00e9l\u00e9gance et durabilit\u00e9, offrant un design contemporain qui attire les regards.\" \/>\n<meta name=\"robots\" content=\"index, follow, max-snippet:-1, max-image-preview:large, max-video-preview:-1\" \/>\n<link rel=\"canonical\" href=\"https:\/\/ml-locations.be\/nl\/locations\/assiette-rectangulaire-match-23x15cm\/\" \/>\n<meta property=\"og:locale\" content=\"nl_NL\" \/>\n<meta property=\"og:type\" content=\"article\" \/>\n<meta property=\"og:title\" content=\"Assiette rectangulaire MATCH 23x15cm | ML Locations\" \/>\n<meta property=\"og:description\" content=\"L&#039;assiette rectangulaire Match 23x15 cm est la solution parfaite pour ajouter une touche de modernit\u00e9 \u00e0 vos \u00e9v\u00e9nements sp\u00e9ciaux. Fabriqu\u00e9e en porcelaine de haute qualit\u00e9, cette assiette allie \u00e9l\u00e9gance et durabilit\u00e9, offrant un design contemporain qui attire les regards.\" \/>\n<meta property=\"og:url\" content=\"https:\/\/ml-locations.be\/nl\/locations\/assiette-rectangulaire-match-23x15cm\/\" \/>\n<meta property=\"og:site_name\" content=\"ML Locations\" \/>\n<meta property=\"article:modified_time\" content=\"2026-01-14T14:34:47+00:00\" \/>\n<meta property=\"og:image\" content=\"https:\/\/ml-locations.be\/wp-content\/uploads\/2023\/08\/Unknown-7-1.jpeg\" \/>\n\t<meta property=\"og:image:width\" content=\"225\" \/>\n\t<meta property=\"og:image:height\" content=\"225\" \/>\n\t<meta property=\"og:image:type\" content=\"image\/jpeg\" \/>\n<meta name=\"twitter:card\" content=\"summary_large_image\" \/>\n<meta name=\"twitter:label1\" content=\"Geschatte leestijd\" \/>\n\t<meta name=\"twitter:data1\" content=\"2 minuten\" \/>\n<script type=\"application\/ld+json\" class=\"yoast-schema-graph\">{\"@context\":\"https:\/\/schema.org\",\"@graph\":[{\"@type\":\"WebPage\",\"@id\":\"https:\/\/ml-locations.be\/nl\/locations\/assiette-rectangulaire-match-23x15cm\/\",\"url\":\"https:\/\/ml-locations.be\/nl\/locations\/assiette-rectangulaire-match-23x15cm\/\",\"name\":\"Assiette rectangulaire MATCH 23x15cm | ML Locations\",\"isPartOf\":{\"@id\":\"https:\/\/ml-locations.be\/nl\/#website\"},\"primaryImageOfPage\":{\"@id\":\"https:\/\/ml-locations.be\/nl\/locations\/assiette-rectangulaire-match-23x15cm\/#primaryimage\"},\"image\":{\"@id\":\"https:\/\/ml-locations.be\/nl\/locations\/assiette-rectangulaire-match-23x15cm\/#primaryimage\"},\"thumbnailUrl\":\"https:\/\/ml-locations.be\/wp-content\/uploads\/2023\/08\/Unknown-7-1.jpeg\",\"datePublished\":\"2023-08-24T07:18:32+00:00\",\"dateModified\":\"2026-01-14T14:34:47+00:00\",\"description\":\"L'assiette rectangulaire Match 23x15 cm est la solution parfaite pour ajouter une touche de modernit\u00e9 \u00e0 vos \u00e9v\u00e9nements sp\u00e9ciaux. Fabriqu\u00e9e en porcelaine de haute qualit\u00e9, cette assiette allie \u00e9l\u00e9gance et durabilit\u00e9, offrant un design contemporain qui attire les regards.\",\"breadcrumb\":{\"@id\":\"https:\/\/ml-locations.be\/nl\/locations\/assiette-rectangulaire-match-23x15cm\/#breadcrumb\"},\"inLanguage\":\"nl-NL\",\"potentialAction\":[{\"@type\":\"ReadAction\",\"target\":[\"https:\/\/ml-locations.be\/nl\/locations\/assiette-rectangulaire-match-23x15cm\/\"]}]},{\"@type\":\"ImageObject\",\"inLanguage\":\"nl-NL\",\"@id\":\"https:\/\/ml-locations.be\/nl\/locations\/assiette-rectangulaire-match-23x15cm\/#primaryimage\",\"url\":\"https:\/\/ml-locations.be\/wp-content\/uploads\/2023\/08\/Unknown-7-1.jpeg\",\"contentUrl\":\"https:\/\/ml-locations.be\/wp-content\/uploads\/2023\/08\/Unknown-7-1.jpeg\",\"width\":225,\"height\":225},{\"@type\":\"BreadcrumbList\",\"@id\":\"https:\/\/ml-locations.be\/nl\/locations\/assiette-rectangulaire-match-23x15cm\/#breadcrumb\",\"itemListElement\":[{\"@type\":\"ListItem\",\"position\":1,\"name\":\"Accueil\",\"item\":\"https:\/\/ml-locations.be\/nl\/\"},{\"@type\":\"ListItem\",\"position\":2,\"name\":\"Winkel\",\"item\":\"https:\/\/ml-locations.be\/nl\/winkel\/\"},{\"@type\":\"ListItem\",\"position\":3,\"name\":\"Assiette rectangulaire MATCH 23x15cm\"}]},{\"@type\":\"WebSite\",\"@id\":\"https:\/\/ml-locations.be\/nl\/#website\",\"url\":\"https:\/\/ml-locations.be\/nl\/\",\"name\":\"ML Locations\",\"description\":\"Mat\u00e9riel \u00e9v\u00e9nementiel : location chaise, table et mange debout, mat\u00e9riel horeca, frigos,...\",\"publisher\":{\"@id\":\"https:\/\/ml-locations.be\/nl\/#organization\"},\"potentialAction\":[{\"@type\":\"SearchAction\",\"target\":{\"@type\":\"EntryPoint\",\"urlTemplate\":\"https:\/\/ml-locations.be\/nl\/?s={search_term_string}\"},\"query-input\":{\"@type\":\"PropertyValueSpecification\",\"valueRequired\":true,\"valueName\":\"search_term_string\"}}],\"inLanguage\":\"nl-NL\"},{\"@type\":\"Organization\",\"@id\":\"https:\/\/ml-locations.be\/nl\/#organization\",\"name\":\"ML Locations\",\"url\":\"https:\/\/ml-locations.be\/nl\/\",\"logo\":{\"@type\":\"ImageObject\",\"inLanguage\":\"nl-NL\",\"@id\":\"https:\/\/ml-locations.be\/nl\/#\/schema\/logo\/image\/\",\"url\":\"https:\/\/ml-locations.be\/wp-content\/uploads\/2018\/05\/LOGO-location-BON.png\",\"contentUrl\":\"https:\/\/ml-locations.be\/wp-content\/uploads\/2018\/05\/LOGO-location-BON.png\",\"width\":1200,\"height\":1200,\"caption\":\"ML Locations\"},\"image\":{\"@id\":\"https:\/\/ml-locations.be\/nl\/#\/schema\/logo\/image\/\"}}]}<\/script>\n<!-- \/ Yoast SEO plugin. -->","yoast_head_json":{"title":"Assiette rectangulaire MATCH 23x15cm | ML Locations","description":"L'assiette rectangulaire Match 23x15 cm est la solution parfaite pour ajouter une touche de modernit\u00e9 \u00e0 vos \u00e9v\u00e9nements sp\u00e9ciaux. Fabriqu\u00e9e en porcelaine de haute qualit\u00e9, cette assiette allie \u00e9l\u00e9gance et durabilit\u00e9, offrant un design contemporain qui attire les regards.","robots":{"index":"index","follow":"follow","max-snippet":"max-snippet:-1","max-image-preview":"max-image-preview:large","max-video-preview":"max-video-preview:-1"},"canonical":"https:\/\/ml-locations.be\/nl\/locations\/assiette-rectangulaire-match-23x15cm\/","og_locale":"nl_NL","og_type":"article","og_title":"Assiette rectangulaire MATCH 23x15cm | ML Locations","og_description":"L'assiette rectangulaire Match 23x15 cm est la solution parfaite pour ajouter une touche de modernit\u00e9 \u00e0 vos \u00e9v\u00e9nements sp\u00e9ciaux. Fabriqu\u00e9e en porcelaine de haute qualit\u00e9, cette assiette allie \u00e9l\u00e9gance et durabilit\u00e9, offrant un design contemporain qui attire les regards.","og_url":"https:\/\/ml-locations.be\/nl\/locations\/assiette-rectangulaire-match-23x15cm\/","og_site_name":"ML Locations","article_modified_time":"2026-01-14T14:34:47+00:00","og_image":[{"width":225,"height":225,"url":"https:\/\/ml-locations.be\/wp-content\/uploads\/2023\/08\/Unknown-7-1.jpeg","type":"image\/jpeg"}],"twitter_card":"summary_large_image","twitter_misc":{"Geschatte leestijd":"2 minuten"},"schema":{"@context":"https:\/\/schema.org","@graph":[{"@type":"WebPage","@id":"https:\/\/ml-locations.be\/nl\/locations\/assiette-rectangulaire-match-23x15cm\/","url":"https:\/\/ml-locations.be\/nl\/locations\/assiette-rectangulaire-match-23x15cm\/","name":"Assiette rectangulaire MATCH 23x15cm | ML Locations","isPartOf":{"@id":"https:\/\/ml-locations.be\/nl\/#website"},"primaryImageOfPage":{"@id":"https:\/\/ml-locations.be\/nl\/locations\/assiette-rectangulaire-match-23x15cm\/#primaryimage"},"image":{"@id":"https:\/\/ml-locations.be\/nl\/locations\/assiette-rectangulaire-match-23x15cm\/#primaryimage"},"thumbnailUrl":"https:\/\/ml-locations.be\/wp-content\/uploads\/2023\/08\/Unknown-7-1.jpeg","datePublished":"2023-08-24T07:18:32+00:00","dateModified":"2026-01-14T14:34:47+00:00","description":"L'assiette rectangulaire Match 23x15 cm est la solution parfaite pour ajouter une touche de modernit\u00e9 \u00e0 vos \u00e9v\u00e9nements sp\u00e9ciaux. Fabriqu\u00e9e en porcelaine de haute qualit\u00e9, cette assiette allie \u00e9l\u00e9gance et durabilit\u00e9, offrant un design contemporain qui attire les regards.","breadcrumb":{"@id":"https:\/\/ml-locations.be\/nl\/locations\/assiette-rectangulaire-match-23x15cm\/#breadcrumb"},"inLanguage":"nl-NL","potentialAction":[{"@type":"ReadAction","target":["https:\/\/ml-locations.be\/nl\/locations\/assiette-rectangulaire-match-23x15cm\/"]}]},{"@type":"ImageObject","inLanguage":"nl-NL","@id":"https:\/\/ml-locations.be\/nl\/locations\/assiette-rectangulaire-match-23x15cm\/#primaryimage","url":"https:\/\/ml-locations.be\/wp-content\/uploads\/2023\/08\/Unknown-7-1.jpeg","contentUrl":"https:\/\/ml-locations.be\/wp-content\/uploads\/2023\/08\/Unknown-7-1.jpeg","width":225,"height":225},{"@type":"BreadcrumbList","@id":"https:\/\/ml-locations.be\/nl\/locations\/assiette-rectangulaire-match-23x15cm\/#breadcrumb","itemListElement":[{"@type":"ListItem","position":1,"name":"Accueil","item":"https:\/\/ml-locations.be\/nl\/"},{"@type":"ListItem","position":2,"name":"Winkel","item":"https:\/\/ml-locations.be\/nl\/winkel\/"},{"@type":"ListItem","position":3,"name":"Assiette rectangulaire MATCH 23x15cm"}]},{"@type":"WebSite","@id":"https:\/\/ml-locations.be\/nl\/#website","url":"https:\/\/ml-locations.be\/nl\/","name":"ML Locations","description":"Mat\u00e9riel \u00e9v\u00e9nementiel : location chaise, table et mange debout, mat\u00e9riel horeca, frigos,...","publisher":{"@id":"https:\/\/ml-locations.be\/nl\/#organization"},"potentialAction":[{"@type":"SearchAction","target":{"@type":"EntryPoint","urlTemplate":"https:\/\/ml-locations.be\/nl\/?s={search_term_string}"},"query-input":{"@type":"PropertyValueSpecification","valueRequired":true,"valueName":"search_term_string"}}],"inLanguage":"nl-NL"},{"@type":"Organization","@id":"https:\/\/ml-locations.be\/nl\/#organization","name":"ML Locations","url":"https:\/\/ml-locations.be\/nl\/","logo":{"@type":"ImageObject","inLanguage":"nl-NL","@id":"https:\/\/ml-locations.be\/nl\/#\/schema\/logo\/image\/","url":"https:\/\/ml-locations.be\/wp-content\/uploads\/2018\/05\/LOGO-location-BON.png","contentUrl":"https:\/\/ml-locations.be\/wp-content\/uploads\/2018\/05\/LOGO-location-BON.png","width":1200,"height":1200,"caption":"ML Locations"},"image":{"@id":"https:\/\/ml-locations.be\/nl\/#\/schema\/logo\/image\/"}}]}},"_links":{"self":[{"href":"https:\/\/ml-locations.be\/nl\/wp-json\/wp\/v2\/product\/1069265","targetHints":{"allow":["GET"]}}],"collection":[{"href":"https:\/\/ml-locations.be\/nl\/wp-json\/wp\/v2\/product"}],"about":[{"href":"https:\/\/ml-locations.be\/nl\/wp-json\/wp\/v2\/types\/product"}],"wp:featuredmedia":[{"embeddable":true,"href":"https:\/\/ml-locations.be\/nl\/wp-json\/wp\/v2\/media\/1069266"}],"wp:attachment":[{"href":"https:\/\/ml-locations.be\/nl\/wp-json\/wp\/v2\/media?parent=1069265"}],"wp:term":[{"taxonomy":"product_brand","embeddable":true,"href":"https:\/\/ml-locations.be\/nl\/wp-json\/wp\/v2\/product_brand?post=1069265"},{"taxonomy":"product_cat","embeddable":true,"href":"https:\/\/ml-locations.be\/nl\/wp-json\/wp\/v2\/product_cat?post=1069265"},{"taxonomy":"product_tag","embeddable":true,"href":"https:\/\/ml-locations.be\/nl\/wp-json\/wp\/v2\/product_tag?post=1069265"}],"curies":[{"name":"wp","href":"https:\/\/api.w.org\/{rel}","templated":true}]}}