{"id":1069273,"date":"2023-08-24T09:48:09","date_gmt":"2023-08-24T07:48:09","guid":{"rendered":"https:\/\/ml-locations.be\/?post_type=product&#038;p=1069273"},"modified":"2026-03-06T14:59:04","modified_gmt":"2026-03-06T13:59:04","slug":"assiette-plate-32cm-cirro-green","status":"publish","type":"product","link":"https:\/\/ml-locations.be\/nl\/locations\/assiette-plate-32cm-cirro-green\/","title":{"rendered":"Assiette plate 32cm Cirro green"},"content":{"rendered":"<p>L&#8217;assiette Cirro Green 32 cm incarne l&#8217;\u00e9l\u00e9gance \u00e9cologique pour vos \u00e9v\u00e9nements sp\u00e9ciaux. Fabriqu\u00e9e \u00e0 partir de mat\u00e9riaux durables de haute qualit\u00e9, cette assiette offre une solution respectueuse de l&#8217;environnement sans compromettre le style. Optez pour une option chic et responsable pour vos \u00e9v\u00e9nements m\u00e9morables.<\/p>\n<div class=\"product attribute description\">\n<div class=\"value\">\n<ul>\n<li>Porcelaine durable<\/li>\n<li>Passe au lave-vaisselle<\/li>\n<li>\u00c9mail r\u00e9actif<\/li>\n<\/ul>\n<p>&nbsp;<\/p>\n<p>REMARQUE: les couleurs peuvent diff\u00e9rer de la photo \u00e0 cause des variations uniques de l&#8217;\u00e9mail r\u00e9actif.\u00a0Vous pouvez observer les diff\u00e9rences de couleur sur la derni\u00e8re photo, veuillez en tenir compte.<\/p>\n<\/div>\n<\/div>\n<div class=\"additional-attributes-wrapper\"><\/div>\n","protected":false},"excerpt":{"rendered":"<p>L&#8217;assiette Cirro Green 32 cm incarne l&#8217;\u00e9l\u00e9gance \u00e9cologique pour vos \u00e9v\u00e9nements sp\u00e9ciaux. Fabriqu\u00e9e \u00e0 partir de mat\u00e9riaux durables de haute qualit\u00e9, cette assiette offre une solution respectueuse de l&#8217;environnement sans compromettre le style. Optez pour une option chic et responsable pour vos \u00e9v\u00e9nements m\u00e9morables.<\/p>\n","protected":false},"featured_media":1069271,"template":"","meta":{"_acf_changed":false},"product_brand":[],"product_cat":[33],"product_tag":[],"class_list":{"0":"post-1069273","1":"product","2":"type-product","3":"status-publish","4":"has-post-thumbnail","6":"product_cat-location-vaisselle","7":"description-off","9":"first","10":"instock","11":"taxable","12":"shipping-taxable","13":"purchasable","14":"product-type-simple"},"acf":[],"yoast_head":"<!-- This site is optimized with the Yoast SEO plugin v25.0 - https:\/\/yoast.com\/wordpress\/plugins\/seo\/ -->\n<title>Assiette plate 32cm Cirro green | ML Locations<\/title>\n<meta name=\"description\" content=\"L&#039;assiette Cirro Green\u00a032 cm incarne l&#039;\u00e9l\u00e9gance \u00e9cologique pour vos \u00e9v\u00e9nements sp\u00e9ciaux. Fabriqu\u00e9e \u00e0 partir de mat\u00e9riaux durables de haute qualit\u00e9, cette assiette offre une solution respectueuse de l&#039;environnement sans compromettre le style. Optez pour une option chic et responsable pour vos \u00e9v\u00e9nements m\u00e9morables.\" \/>\n<meta name=\"robots\" content=\"index, follow, max-snippet:-1, max-image-preview:large, max-video-preview:-1\" \/>\n<link rel=\"canonical\" href=\"https:\/\/ml-locations.be\/nl\/locations\/assiette-plate-32cm-cirro-green\/\" \/>\n<meta property=\"og:locale\" content=\"nl_NL\" \/>\n<meta property=\"og:type\" content=\"article\" \/>\n<meta property=\"og:title\" content=\"Assiette plate 32cm Cirro green | ML Locations\" \/>\n<meta property=\"og:description\" content=\"L&#039;assiette Cirro Green\u00a032 cm incarne l&#039;\u00e9l\u00e9gance \u00e9cologique pour vos \u00e9v\u00e9nements sp\u00e9ciaux. Fabriqu\u00e9e \u00e0 partir de mat\u00e9riaux durables de haute qualit\u00e9, cette assiette offre une solution respectueuse de l&#039;environnement sans compromettre le style. Optez pour une option chic et responsable pour vos \u00e9v\u00e9nements m\u00e9morables.\" \/>\n<meta property=\"og:url\" content=\"https:\/\/ml-locations.be\/nl\/locations\/assiette-plate-32cm-cirro-green\/\" \/>\n<meta property=\"og:site_name\" content=\"ML Locations\" \/>\n<meta property=\"article:modified_time\" content=\"2026-03-06T13:59:04+00:00\" \/>\n<meta property=\"og:image\" content=\"https:\/\/ml-locations.be\/wp-content\/uploads\/2023\/08\/url_7_4_740552.jpg\" \/>\n\t<meta property=\"og:image:width\" content=\"300\" \/>\n\t<meta property=\"og:image:height\" content=\"340\" \/>\n\t<meta property=\"og:image:type\" content=\"image\/jpeg\" \/>\n<meta name=\"twitter:card\" content=\"summary_large_image\" \/>\n<meta name=\"twitter:label1\" content=\"Geschatte leestijd\" \/>\n\t<meta name=\"twitter:data1\" content=\"1 minuut\" \/>\n<script type=\"application\/ld+json\" class=\"yoast-schema-graph\">{\"@context\":\"https:\/\/schema.org\",\"@graph\":[{\"@type\":\"WebPage\",\"@id\":\"https:\/\/ml-locations.be\/nl\/locations\/assiette-plate-32cm-cirro-green\/\",\"url\":\"https:\/\/ml-locations.be\/nl\/locations\/assiette-plate-32cm-cirro-green\/\",\"name\":\"Assiette plate 32cm Cirro green | ML Locations\",\"isPartOf\":{\"@id\":\"https:\/\/ml-locations.be\/nl\/#website\"},\"primaryImageOfPage\":{\"@id\":\"https:\/\/ml-locations.be\/nl\/locations\/assiette-plate-32cm-cirro-green\/#primaryimage\"},\"image\":{\"@id\":\"https:\/\/ml-locations.be\/nl\/locations\/assiette-plate-32cm-cirro-green\/#primaryimage\"},\"thumbnailUrl\":\"https:\/\/ml-locations.be\/wp-content\/uploads\/2023\/08\/url_7_4_740552.jpg\",\"datePublished\":\"2023-08-24T07:48:09+00:00\",\"dateModified\":\"2026-03-06T13:59:04+00:00\",\"description\":\"L'assiette Cirro Green\u00a032 cm incarne l'\u00e9l\u00e9gance \u00e9cologique pour vos \u00e9v\u00e9nements sp\u00e9ciaux. Fabriqu\u00e9e \u00e0 partir de mat\u00e9riaux durables de haute qualit\u00e9, cette assiette offre une solution respectueuse de l'environnement sans compromettre le style. Optez pour une option chic et responsable pour vos \u00e9v\u00e9nements m\u00e9morables.\",\"breadcrumb\":{\"@id\":\"https:\/\/ml-locations.be\/nl\/locations\/assiette-plate-32cm-cirro-green\/#breadcrumb\"},\"inLanguage\":\"nl-NL\",\"potentialAction\":[{\"@type\":\"ReadAction\",\"target\":[\"https:\/\/ml-locations.be\/nl\/locations\/assiette-plate-32cm-cirro-green\/\"]}]},{\"@type\":\"ImageObject\",\"inLanguage\":\"nl-NL\",\"@id\":\"https:\/\/ml-locations.be\/nl\/locations\/assiette-plate-32cm-cirro-green\/#primaryimage\",\"url\":\"https:\/\/ml-locations.be\/wp-content\/uploads\/2023\/08\/url_7_4_740552.jpg\",\"contentUrl\":\"https:\/\/ml-locations.be\/wp-content\/uploads\/2023\/08\/url_7_4_740552.jpg\",\"width\":300,\"height\":340},{\"@type\":\"BreadcrumbList\",\"@id\":\"https:\/\/ml-locations.be\/nl\/locations\/assiette-plate-32cm-cirro-green\/#breadcrumb\",\"itemListElement\":[{\"@type\":\"ListItem\",\"position\":1,\"name\":\"Accueil\",\"item\":\"https:\/\/ml-locations.be\/nl\/\"},{\"@type\":\"ListItem\",\"position\":2,\"name\":\"Winkel\",\"item\":\"https:\/\/ml-locations.be\/nl\/winkel\/\"},{\"@type\":\"ListItem\",\"position\":3,\"name\":\"Assiette plate 32cm Cirro green\"}]},{\"@type\":\"WebSite\",\"@id\":\"https:\/\/ml-locations.be\/nl\/#website\",\"url\":\"https:\/\/ml-locations.be\/nl\/\",\"name\":\"ML Locations\",\"description\":\"Mat\u00e9riel \u00e9v\u00e9nementiel : location chaise, table et mange debout, mat\u00e9riel horeca, frigos,...\",\"publisher\":{\"@id\":\"https:\/\/ml-locations.be\/nl\/#organization\"},\"potentialAction\":[{\"@type\":\"SearchAction\",\"target\":{\"@type\":\"EntryPoint\",\"urlTemplate\":\"https:\/\/ml-locations.be\/nl\/?s={search_term_string}\"},\"query-input\":{\"@type\":\"PropertyValueSpecification\",\"valueRequired\":true,\"valueName\":\"search_term_string\"}}],\"inLanguage\":\"nl-NL\"},{\"@type\":\"Organization\",\"@id\":\"https:\/\/ml-locations.be\/nl\/#organization\",\"name\":\"ML Locations\",\"url\":\"https:\/\/ml-locations.be\/nl\/\",\"logo\":{\"@type\":\"ImageObject\",\"inLanguage\":\"nl-NL\",\"@id\":\"https:\/\/ml-locations.be\/nl\/#\/schema\/logo\/image\/\",\"url\":\"https:\/\/ml-locations.be\/wp-content\/uploads\/2018\/05\/LOGO-location-BON.png\",\"contentUrl\":\"https:\/\/ml-locations.be\/wp-content\/uploads\/2018\/05\/LOGO-location-BON.png\",\"width\":1200,\"height\":1200,\"caption\":\"ML Locations\"},\"image\":{\"@id\":\"https:\/\/ml-locations.be\/nl\/#\/schema\/logo\/image\/\"}}]}<\/script>\n<!-- \/ Yoast SEO plugin. -->","yoast_head_json":{"title":"Assiette plate 32cm Cirro green | ML Locations","description":"L'assiette Cirro Green\u00a032 cm incarne l'\u00e9l\u00e9gance \u00e9cologique pour vos \u00e9v\u00e9nements sp\u00e9ciaux. Fabriqu\u00e9e \u00e0 partir de mat\u00e9riaux durables de haute qualit\u00e9, cette assiette offre une solution respectueuse de l'environnement sans compromettre le style. Optez pour une option chic et responsable pour vos \u00e9v\u00e9nements m\u00e9morables.","robots":{"index":"index","follow":"follow","max-snippet":"max-snippet:-1","max-image-preview":"max-image-preview:large","max-video-preview":"max-video-preview:-1"},"canonical":"https:\/\/ml-locations.be\/nl\/locations\/assiette-plate-32cm-cirro-green\/","og_locale":"nl_NL","og_type":"article","og_title":"Assiette plate 32cm Cirro green | ML Locations","og_description":"L'assiette Cirro Green\u00a032 cm incarne l'\u00e9l\u00e9gance \u00e9cologique pour vos \u00e9v\u00e9nements sp\u00e9ciaux. Fabriqu\u00e9e \u00e0 partir de mat\u00e9riaux durables de haute qualit\u00e9, cette assiette offre une solution respectueuse de l'environnement sans compromettre le style. Optez pour une option chic et responsable pour vos \u00e9v\u00e9nements m\u00e9morables.","og_url":"https:\/\/ml-locations.be\/nl\/locations\/assiette-plate-32cm-cirro-green\/","og_site_name":"ML Locations","article_modified_time":"2026-03-06T13:59:04+00:00","og_image":[{"width":300,"height":340,"url":"https:\/\/ml-locations.be\/wp-content\/uploads\/2023\/08\/url_7_4_740552.jpg","type":"image\/jpeg"}],"twitter_card":"summary_large_image","twitter_misc":{"Geschatte leestijd":"1 minuut"},"schema":{"@context":"https:\/\/schema.org","@graph":[{"@type":"WebPage","@id":"https:\/\/ml-locations.be\/nl\/locations\/assiette-plate-32cm-cirro-green\/","url":"https:\/\/ml-locations.be\/nl\/locations\/assiette-plate-32cm-cirro-green\/","name":"Assiette plate 32cm Cirro green | ML Locations","isPartOf":{"@id":"https:\/\/ml-locations.be\/nl\/#website"},"primaryImageOfPage":{"@id":"https:\/\/ml-locations.be\/nl\/locations\/assiette-plate-32cm-cirro-green\/#primaryimage"},"image":{"@id":"https:\/\/ml-locations.be\/nl\/locations\/assiette-plate-32cm-cirro-green\/#primaryimage"},"thumbnailUrl":"https:\/\/ml-locations.be\/wp-content\/uploads\/2023\/08\/url_7_4_740552.jpg","datePublished":"2023-08-24T07:48:09+00:00","dateModified":"2026-03-06T13:59:04+00:00","description":"L'assiette Cirro Green\u00a032 cm incarne l'\u00e9l\u00e9gance \u00e9cologique pour vos \u00e9v\u00e9nements sp\u00e9ciaux. Fabriqu\u00e9e \u00e0 partir de mat\u00e9riaux durables de haute qualit\u00e9, cette assiette offre une solution respectueuse de l'environnement sans compromettre le style. Optez pour une option chic et responsable pour vos \u00e9v\u00e9nements m\u00e9morables.","breadcrumb":{"@id":"https:\/\/ml-locations.be\/nl\/locations\/assiette-plate-32cm-cirro-green\/#breadcrumb"},"inLanguage":"nl-NL","potentialAction":[{"@type":"ReadAction","target":["https:\/\/ml-locations.be\/nl\/locations\/assiette-plate-32cm-cirro-green\/"]}]},{"@type":"ImageObject","inLanguage":"nl-NL","@id":"https:\/\/ml-locations.be\/nl\/locations\/assiette-plate-32cm-cirro-green\/#primaryimage","url":"https:\/\/ml-locations.be\/wp-content\/uploads\/2023\/08\/url_7_4_740552.jpg","contentUrl":"https:\/\/ml-locations.be\/wp-content\/uploads\/2023\/08\/url_7_4_740552.jpg","width":300,"height":340},{"@type":"BreadcrumbList","@id":"https:\/\/ml-locations.be\/nl\/locations\/assiette-plate-32cm-cirro-green\/#breadcrumb","itemListElement":[{"@type":"ListItem","position":1,"name":"Accueil","item":"https:\/\/ml-locations.be\/nl\/"},{"@type":"ListItem","position":2,"name":"Winkel","item":"https:\/\/ml-locations.be\/nl\/winkel\/"},{"@type":"ListItem","position":3,"name":"Assiette plate 32cm Cirro green"}]},{"@type":"WebSite","@id":"https:\/\/ml-locations.be\/nl\/#website","url":"https:\/\/ml-locations.be\/nl\/","name":"ML Locations","description":"Mat\u00e9riel \u00e9v\u00e9nementiel : location chaise, table et mange debout, mat\u00e9riel horeca, frigos,...","publisher":{"@id":"https:\/\/ml-locations.be\/nl\/#organization"},"potentialAction":[{"@type":"SearchAction","target":{"@type":"EntryPoint","urlTemplate":"https:\/\/ml-locations.be\/nl\/?s={search_term_string}"},"query-input":{"@type":"PropertyValueSpecification","valueRequired":true,"valueName":"search_term_string"}}],"inLanguage":"nl-NL"},{"@type":"Organization","@id":"https:\/\/ml-locations.be\/nl\/#organization","name":"ML Locations","url":"https:\/\/ml-locations.be\/nl\/","logo":{"@type":"ImageObject","inLanguage":"nl-NL","@id":"https:\/\/ml-locations.be\/nl\/#\/schema\/logo\/image\/","url":"https:\/\/ml-locations.be\/wp-content\/uploads\/2018\/05\/LOGO-location-BON.png","contentUrl":"https:\/\/ml-locations.be\/wp-content\/uploads\/2018\/05\/LOGO-location-BON.png","width":1200,"height":1200,"caption":"ML Locations"},"image":{"@id":"https:\/\/ml-locations.be\/nl\/#\/schema\/logo\/image\/"}}]}},"_links":{"self":[{"href":"https:\/\/ml-locations.be\/nl\/wp-json\/wp\/v2\/product\/1069273","targetHints":{"allow":["GET"]}}],"collection":[{"href":"https:\/\/ml-locations.be\/nl\/wp-json\/wp\/v2\/product"}],"about":[{"href":"https:\/\/ml-locations.be\/nl\/wp-json\/wp\/v2\/types\/product"}],"wp:featuredmedia":[{"embeddable":true,"href":"https:\/\/ml-locations.be\/nl\/wp-json\/wp\/v2\/media\/1069271"}],"wp:attachment":[{"href":"https:\/\/ml-locations.be\/nl\/wp-json\/wp\/v2\/media?parent=1069273"}],"wp:term":[{"taxonomy":"product_brand","embeddable":true,"href":"https:\/\/ml-locations.be\/nl\/wp-json\/wp\/v2\/product_brand?post=1069273"},{"taxonomy":"product_cat","embeddable":true,"href":"https:\/\/ml-locations.be\/nl\/wp-json\/wp\/v2\/product_cat?post=1069273"},{"taxonomy":"product_tag","embeddable":true,"href":"https:\/\/ml-locations.be\/nl\/wp-json\/wp\/v2\/product_tag?post=1069273"}],"curies":[{"name":"wp","href":"https:\/\/api.w.org\/{rel}","templated":true}]}}