{"id":1069664,"date":"2023-09-25T14:49:56","date_gmt":"2023-09-25T12:49:56","guid":{"rendered":"https:\/\/ml-locations.be\/?post_type=product&#038;p=1069664"},"modified":"2025-07-17T09:38:05","modified_gmt":"2025-07-17T07:38:05","slug":"table-mange-debout-kubo-noire-70x70-cm","status":"publish","type":"product","link":"https:\/\/ml-locations.be\/nl\/locations\/table-mange-debout-kubo-noire-70x70-cm\/","title":{"rendered":"Table mange-debout Kubo noire 70\u00d770 cm"},"content":{"rendered":"<p><em>\u00c0 la recherche de la touche d&#8217;\u00e9l\u00e9gance qui transformera votre \u00e9v\u00e9nement en un succ\u00e8s inoubliable ? <strong>Notre table mange-debout Kubo noire 70&#215;70 cm<\/strong>, un choix parfait pour tous types d&#8217;\u00e9v\u00e9nements.<\/em><\/p>\n<p>La table mange-debout <strong>Kubo noire<\/strong> offre un design <strong>contemporain et minimaliste<\/strong> qui s&#8217;int\u00e8gre parfaitement \u00e0 n&#8217;importe quelle ambiance et leur finition noire ajoute une touche \u00e9l\u00e9gante \u00e0 votre d\u00e9coration, que ce soit pour un mariage, une r\u00e9ception, une soir\u00e9e d&#8217;entreprise ou un \u00e9v\u00e9nement priv\u00e9.<\/p>\n<p>Notre table Kubo est <strong>polyvalente<\/strong> et s&#8217;adapte \u00e0 toutes les situations. Elle est id\u00e9ale pour un <strong>cocktail d\u00eenatoire<\/strong>, pour exposer des produits lors d&#8217;un <strong>salon professionnel,<\/strong> ou m\u00eame pour cr\u00e9er un <strong>espace lounge chic<\/strong>.<\/p>\n<p>Leur taille de 70&#215;70 cm offre suffisamment d&#8217;espace\u00a0\u00a0pour accueillir confortablement vos invit\u00e9s tout en conservant un encombrement minimal.<\/p>\n","protected":false},"excerpt":{"rendered":"<p><strong>Notre table mange-debout Kubo noire 70&#215;70 cm<\/strong>, un choix de location parfait pour tous types d&#8217;\u00e9v\u00e9nements : banquet, r\u00e9ception, drink, salon,\u2026<\/p>\n","protected":false},"featured_media":1069668,"template":"","meta":{"_acf_changed":false},"product_brand":[],"product_cat":[248,6,11],"product_tag":[228,226,227,213,202,211],"class_list":{"0":"post-1069664","1":"product","2":"type-product","3":"status-publish","4":"has-post-thumbnail","6":"product_cat-location-mange-debout","7":"product_cat-mobilier","8":"product_cat-tables-et-mange-debout-en-location","9":"product_tag-228","10":"product_tag-banquets","11":"product_tag-ceremonies","12":"product_tag-location-de-materiel-de-reception-mariages","13":"product_tag-location-mobilier-design","14":"product_tag-location-tables-et-chaises","15":"description-off","17":"first","18":"instock","19":"featured","20":"taxable","21":"shipping-taxable","22":"purchasable","23":"product-type-simple"},"acf":[],"yoast_head":"<!-- This site is optimized with the Yoast SEO plugin v25.0 - https:\/\/yoast.com\/wordpress\/plugins\/seo\/ -->\n<title>Table mange-debout Kubo noire 70\u00d770 cm | ML Locations<\/title>\n<meta name=\"description\" content=\"Location table mange-debout KUBO noire 70x70cm polyvalente et sophistiqu\u00e9e, elle sera parfaite pour tous vos \u00e9v\u00e9nements : banquet, salon, mariage...\" \/>\n<meta name=\"robots\" content=\"index, follow, max-snippet:-1, max-image-preview:large, max-video-preview:-1\" \/>\n<link rel=\"canonical\" href=\"https:\/\/ml-locations.be\/nl\/locations\/table-mange-debout-kubo-noire-70x70-cm\/\" \/>\n<meta property=\"og:locale\" content=\"nl_NL\" \/>\n<meta property=\"og:type\" content=\"article\" \/>\n<meta property=\"og:title\" content=\"Table mange-debout Kubo noire 70\u00d770 cm | ML Locations\" \/>\n<meta property=\"og:description\" content=\"Location table mange-debout KUBO noire 70x70cm polyvalente et sophistiqu\u00e9e, elle sera parfaite pour tous vos \u00e9v\u00e9nements : banquet, salon, mariage...\" \/>\n<meta property=\"og:url\" content=\"https:\/\/ml-locations.be\/nl\/locations\/table-mange-debout-kubo-noire-70x70-cm\/\" \/>\n<meta property=\"og:site_name\" content=\"ML Locations\" \/>\n<meta property=\"article:modified_time\" content=\"2025-07-17T07:38:05+00:00\" \/>\n<meta property=\"og:image\" content=\"https:\/\/ml-locations.be\/wp-content\/uploads\/2023\/09\/Kubo.jpg\" \/>\n\t<meta property=\"og:image:width\" content=\"450\" \/>\n\t<meta property=\"og:image:height\" content=\"450\" \/>\n\t<meta property=\"og:image:type\" content=\"image\/jpeg\" \/>\n<meta name=\"twitter:card\" content=\"summary_large_image\" \/>\n<meta name=\"twitter:label1\" content=\"Geschatte leestijd\" \/>\n\t<meta name=\"twitter:data1\" content=\"1 minuut\" \/>\n<script type=\"application\/ld+json\" class=\"yoast-schema-graph\">{\"@context\":\"https:\/\/schema.org\",\"@graph\":[{\"@type\":\"WebPage\",\"@id\":\"https:\/\/ml-locations.be\/nl\/locations\/table-mange-debout-kubo-noire-70x70-cm\/\",\"url\":\"https:\/\/ml-locations.be\/nl\/locations\/table-mange-debout-kubo-noire-70x70-cm\/\",\"name\":\"Table mange-debout Kubo noire 70\u00d770 cm | ML Locations\",\"isPartOf\":{\"@id\":\"https:\/\/ml-locations.be\/nl\/#website\"},\"primaryImageOfPage\":{\"@id\":\"https:\/\/ml-locations.be\/nl\/locations\/table-mange-debout-kubo-noire-70x70-cm\/#primaryimage\"},\"image\":{\"@id\":\"https:\/\/ml-locations.be\/nl\/locations\/table-mange-debout-kubo-noire-70x70-cm\/#primaryimage\"},\"thumbnailUrl\":\"https:\/\/ml-locations.be\/wp-content\/uploads\/2023\/09\/Kubo.jpg\",\"datePublished\":\"2023-09-25T12:49:56+00:00\",\"dateModified\":\"2025-07-17T07:38:05+00:00\",\"description\":\"Location table mange-debout KUBO noire 70x70cm polyvalente et sophistiqu\u00e9e, elle sera parfaite pour tous vos \u00e9v\u00e9nements : banquet, salon, mariage...\",\"breadcrumb\":{\"@id\":\"https:\/\/ml-locations.be\/nl\/locations\/table-mange-debout-kubo-noire-70x70-cm\/#breadcrumb\"},\"inLanguage\":\"nl-NL\",\"potentialAction\":[{\"@type\":\"ReadAction\",\"target\":[\"https:\/\/ml-locations.be\/nl\/locations\/table-mange-debout-kubo-noire-70x70-cm\/\"]}]},{\"@type\":\"ImageObject\",\"inLanguage\":\"nl-NL\",\"@id\":\"https:\/\/ml-locations.be\/nl\/locations\/table-mange-debout-kubo-noire-70x70-cm\/#primaryimage\",\"url\":\"https:\/\/ml-locations.be\/wp-content\/uploads\/2023\/09\/Kubo.jpg\",\"contentUrl\":\"https:\/\/ml-locations.be\/wp-content\/uploads\/2023\/09\/Kubo.jpg\",\"width\":450,\"height\":450},{\"@type\":\"BreadcrumbList\",\"@id\":\"https:\/\/ml-locations.be\/nl\/locations\/table-mange-debout-kubo-noire-70x70-cm\/#breadcrumb\",\"itemListElement\":[{\"@type\":\"ListItem\",\"position\":1,\"name\":\"Accueil\",\"item\":\"https:\/\/ml-locations.be\/nl\/\"},{\"@type\":\"ListItem\",\"position\":2,\"name\":\"Winkel\",\"item\":\"https:\/\/ml-locations.be\/nl\/winkel\/\"},{\"@type\":\"ListItem\",\"position\":3,\"name\":\"Table mange-debout Kubo noire 70\u00d770 cm\"}]},{\"@type\":\"WebSite\",\"@id\":\"https:\/\/ml-locations.be\/nl\/#website\",\"url\":\"https:\/\/ml-locations.be\/nl\/\",\"name\":\"ML Locations\",\"description\":\"Mat\u00e9riel \u00e9v\u00e9nementiel : location chaise, table et mange debout, mat\u00e9riel horeca, frigos,...\",\"publisher\":{\"@id\":\"https:\/\/ml-locations.be\/nl\/#organization\"},\"potentialAction\":[{\"@type\":\"SearchAction\",\"target\":{\"@type\":\"EntryPoint\",\"urlTemplate\":\"https:\/\/ml-locations.be\/nl\/?s={search_term_string}\"},\"query-input\":{\"@type\":\"PropertyValueSpecification\",\"valueRequired\":true,\"valueName\":\"search_term_string\"}}],\"inLanguage\":\"nl-NL\"},{\"@type\":\"Organization\",\"@id\":\"https:\/\/ml-locations.be\/nl\/#organization\",\"name\":\"ML Locations\",\"url\":\"https:\/\/ml-locations.be\/nl\/\",\"logo\":{\"@type\":\"ImageObject\",\"inLanguage\":\"nl-NL\",\"@id\":\"https:\/\/ml-locations.be\/nl\/#\/schema\/logo\/image\/\",\"url\":\"https:\/\/ml-locations.be\/wp-content\/uploads\/2018\/05\/LOGO-location-BON.png\",\"contentUrl\":\"https:\/\/ml-locations.be\/wp-content\/uploads\/2018\/05\/LOGO-location-BON.png\",\"width\":1200,\"height\":1200,\"caption\":\"ML Locations\"},\"image\":{\"@id\":\"https:\/\/ml-locations.be\/nl\/#\/schema\/logo\/image\/\"}}]}<\/script>\n<!-- \/ Yoast SEO plugin. -->","yoast_head_json":{"title":"Table mange-debout Kubo noire 70\u00d770 cm | ML Locations","description":"Location table mange-debout KUBO noire 70x70cm polyvalente et sophistiqu\u00e9e, elle sera parfaite pour tous vos \u00e9v\u00e9nements : banquet, salon, mariage...","robots":{"index":"index","follow":"follow","max-snippet":"max-snippet:-1","max-image-preview":"max-image-preview:large","max-video-preview":"max-video-preview:-1"},"canonical":"https:\/\/ml-locations.be\/nl\/locations\/table-mange-debout-kubo-noire-70x70-cm\/","og_locale":"nl_NL","og_type":"article","og_title":"Table mange-debout Kubo noire 70\u00d770 cm | ML Locations","og_description":"Location table mange-debout KUBO noire 70x70cm polyvalente et sophistiqu\u00e9e, elle sera parfaite pour tous vos \u00e9v\u00e9nements : banquet, salon, mariage...","og_url":"https:\/\/ml-locations.be\/nl\/locations\/table-mange-debout-kubo-noire-70x70-cm\/","og_site_name":"ML Locations","article_modified_time":"2025-07-17T07:38:05+00:00","og_image":[{"width":450,"height":450,"url":"https:\/\/ml-locations.be\/wp-content\/uploads\/2023\/09\/Kubo.jpg","type":"image\/jpeg"}],"twitter_card":"summary_large_image","twitter_misc":{"Geschatte leestijd":"1 minuut"},"schema":{"@context":"https:\/\/schema.org","@graph":[{"@type":"WebPage","@id":"https:\/\/ml-locations.be\/nl\/locations\/table-mange-debout-kubo-noire-70x70-cm\/","url":"https:\/\/ml-locations.be\/nl\/locations\/table-mange-debout-kubo-noire-70x70-cm\/","name":"Table mange-debout Kubo noire 70\u00d770 cm | ML Locations","isPartOf":{"@id":"https:\/\/ml-locations.be\/nl\/#website"},"primaryImageOfPage":{"@id":"https:\/\/ml-locations.be\/nl\/locations\/table-mange-debout-kubo-noire-70x70-cm\/#primaryimage"},"image":{"@id":"https:\/\/ml-locations.be\/nl\/locations\/table-mange-debout-kubo-noire-70x70-cm\/#primaryimage"},"thumbnailUrl":"https:\/\/ml-locations.be\/wp-content\/uploads\/2023\/09\/Kubo.jpg","datePublished":"2023-09-25T12:49:56+00:00","dateModified":"2025-07-17T07:38:05+00:00","description":"Location table mange-debout KUBO noire 70x70cm polyvalente et sophistiqu\u00e9e, elle sera parfaite pour tous vos \u00e9v\u00e9nements : banquet, salon, mariage...","breadcrumb":{"@id":"https:\/\/ml-locations.be\/nl\/locations\/table-mange-debout-kubo-noire-70x70-cm\/#breadcrumb"},"inLanguage":"nl-NL","potentialAction":[{"@type":"ReadAction","target":["https:\/\/ml-locations.be\/nl\/locations\/table-mange-debout-kubo-noire-70x70-cm\/"]}]},{"@type":"ImageObject","inLanguage":"nl-NL","@id":"https:\/\/ml-locations.be\/nl\/locations\/table-mange-debout-kubo-noire-70x70-cm\/#primaryimage","url":"https:\/\/ml-locations.be\/wp-content\/uploads\/2023\/09\/Kubo.jpg","contentUrl":"https:\/\/ml-locations.be\/wp-content\/uploads\/2023\/09\/Kubo.jpg","width":450,"height":450},{"@type":"BreadcrumbList","@id":"https:\/\/ml-locations.be\/nl\/locations\/table-mange-debout-kubo-noire-70x70-cm\/#breadcrumb","itemListElement":[{"@type":"ListItem","position":1,"name":"Accueil","item":"https:\/\/ml-locations.be\/nl\/"},{"@type":"ListItem","position":2,"name":"Winkel","item":"https:\/\/ml-locations.be\/nl\/winkel\/"},{"@type":"ListItem","position":3,"name":"Table mange-debout Kubo noire 70\u00d770 cm"}]},{"@type":"WebSite","@id":"https:\/\/ml-locations.be\/nl\/#website","url":"https:\/\/ml-locations.be\/nl\/","name":"ML Locations","description":"Mat\u00e9riel \u00e9v\u00e9nementiel : location chaise, table et mange debout, mat\u00e9riel horeca, frigos,...","publisher":{"@id":"https:\/\/ml-locations.be\/nl\/#organization"},"potentialAction":[{"@type":"SearchAction","target":{"@type":"EntryPoint","urlTemplate":"https:\/\/ml-locations.be\/nl\/?s={search_term_string}"},"query-input":{"@type":"PropertyValueSpecification","valueRequired":true,"valueName":"search_term_string"}}],"inLanguage":"nl-NL"},{"@type":"Organization","@id":"https:\/\/ml-locations.be\/nl\/#organization","name":"ML Locations","url":"https:\/\/ml-locations.be\/nl\/","logo":{"@type":"ImageObject","inLanguage":"nl-NL","@id":"https:\/\/ml-locations.be\/nl\/#\/schema\/logo\/image\/","url":"https:\/\/ml-locations.be\/wp-content\/uploads\/2018\/05\/LOGO-location-BON.png","contentUrl":"https:\/\/ml-locations.be\/wp-content\/uploads\/2018\/05\/LOGO-location-BON.png","width":1200,"height":1200,"caption":"ML Locations"},"image":{"@id":"https:\/\/ml-locations.be\/nl\/#\/schema\/logo\/image\/"}}]}},"_links":{"self":[{"href":"https:\/\/ml-locations.be\/nl\/wp-json\/wp\/v2\/product\/1069664","targetHints":{"allow":["GET"]}}],"collection":[{"href":"https:\/\/ml-locations.be\/nl\/wp-json\/wp\/v2\/product"}],"about":[{"href":"https:\/\/ml-locations.be\/nl\/wp-json\/wp\/v2\/types\/product"}],"wp:featuredmedia":[{"embeddable":true,"href":"https:\/\/ml-locations.be\/nl\/wp-json\/wp\/v2\/media\/1069668"}],"wp:attachment":[{"href":"https:\/\/ml-locations.be\/nl\/wp-json\/wp\/v2\/media?parent=1069664"}],"wp:term":[{"taxonomy":"product_brand","embeddable":true,"href":"https:\/\/ml-locations.be\/nl\/wp-json\/wp\/v2\/product_brand?post=1069664"},{"taxonomy":"product_cat","embeddable":true,"href":"https:\/\/ml-locations.be\/nl\/wp-json\/wp\/v2\/product_cat?post=1069664"},{"taxonomy":"product_tag","embeddable":true,"href":"https:\/\/ml-locations.be\/nl\/wp-json\/wp\/v2\/product_tag?post=1069664"}],"curies":[{"name":"wp","href":"https:\/\/api.w.org\/{rel}","templated":true}]}}