{"id":1070151,"date":"2023-11-06T12:18:38","date_gmt":"2023-11-06T11:18:38","guid":{"rendered":"https:\/\/ml-locations.be\/?post_type=product&#038;p=1070151"},"modified":"2023-11-06T14:11:34","modified_gmt":"2023-11-06T13:11:34","slug":"digital-graffiti","status":"publish","type":"product","link":"https:\/\/ml-locations.be\/nl\/locations\/digital-graffiti\/","title":{"rendered":"Digital Graffiti"},"content":{"rendered":"<p>Le <strong>Digital Graffiti<\/strong>, \u00e9galement connu sous le nom de Graffiti Num\u00e9rique ou Graffiti Wall, repousse les limites de la cr\u00e9ativit\u00e9 en utilisant une technologie de <strong>bombe de couleur factice \u00e0 infrarouge<\/strong> pour simuler la peinture \u00e0 la bombe. Cette animation propose plus de 7 modes uniques, tels que le Selfie Graffiti et le Pictionnary Virtuel, pour r\u00e9pondre aux besoins vari\u00e9s de votre \u00e9v\u00e9nement.<\/p>\n<h2>Caract\u00e9ristiques :<\/h2>\n<p>L&#8217;installation de ce <strong>mur digital <\/strong>se compose d&#8217;un vid\u00e9oprojecteur, d&#8217;un logiciel sur-mesure et de capteurs infrarouges, cr\u00e9ant un espace dynamique d&#8217;environ 6-7 m\u00e8tres carr\u00e9s. Les participants peuvent laisser libre cours \u00e0 leur cr\u00e9ativit\u00e9 en utilisant une fausse bombe de peinture infrarouge pour tagger, dessiner et peindre sur une toile g\u00e9ante. Pr\u00e9voyez une place de<strong> 3,10m de large<\/strong> sur <strong>1,70m de profondeur<\/strong> et <strong>2,20m de hauteur<\/strong> pour accueillir cette animation dans votre \u00e9v\u00e9nement.<\/p>\n<h2>Exp\u00e9rience Personnalis\u00e9e :<\/h2>\n<p>\u00c0 travers <strong>un menu intuitif<\/strong>, les participants ont acc\u00e8s \u00e0 une vari\u00e9t\u00e9 d&#8217;<strong>images de fonds<\/strong>, de <strong>pochoirs<\/strong>, de <strong>visuels anim\u00e9s<\/strong>, de <strong>stickers<\/strong>, d<strong>&#8216;accessoires<\/strong> et de <strong>couleurs<\/strong>, leur permettant de cr\u00e9er une \u0153uvre unique qui refl\u00e8te leur style. Les cr\u00e9ations peuvent \u00eatre enregistr\u00e9es, partag\u00e9es sur les r\u00e9seaux sociaux, imprim\u00e9es instantan\u00e9ment ou projet\u00e9es en temps r\u00e9el.<\/p>\n<p>7 Modes d&#8217;Animation sont propos\u00e9s pour s&#8217;adapter \u00e0 votre \u00e9v\u00e9nement.<\/p>\n<p>Demandez-nous, on vous dira tout.<\/p>\n","protected":false},"excerpt":{"rendered":"<p>Le <strong>Digital Graffiti<\/strong>, \u00e9galement connu sous le nom de Graffiti Num\u00e9rique ou Graffiti Wall, repousse les limites de la cr\u00e9ativit\u00e9 en utilisant une technologie de <strong>bombe de couleur factice \u00e0 infrarouge<\/strong> pour simuler la peinture \u00e0 la bombe. Cette animation propose plus de 7 modes uniques, tels que le Selfie Graffiti et le Pictionnary Virtuel, pour r\u00e9pondre aux besoins vari\u00e9s de votre \u00e9v\u00e9nement.<\/p>\n","protected":false},"featured_media":1070156,"template":"","meta":{"_acf_changed":false},"product_brand":[],"product_cat":[239,43],"product_tag":[],"class_list":{"0":"post-1070151","1":"product","2":"type-product","3":"status-publish","4":"has-post-thumbnail","6":"product_cat-the-box-experiences","7":"product_cat-jeux-divertissement-en-location","8":"description-off","10":"first","11":"instock","12":"taxable","13":"shipping-taxable","14":"product-type-simple"},"acf":[],"yoast_head":"<!-- This site is optimized with the Yoast SEO plugin v25.0 - https:\/\/yoast.com\/wordpress\/plugins\/seo\/ -->\n<title>Digital Graffiti | ML Locations<\/title>\n<meta name=\"robots\" content=\"index, follow, max-snippet:-1, max-image-preview:large, max-video-preview:-1\" \/>\n<link rel=\"canonical\" href=\"https:\/\/ml-locations.be\/nl\/locations\/digital-graffiti\/\" \/>\n<meta property=\"og:locale\" content=\"nl_NL\" \/>\n<meta property=\"og:type\" content=\"article\" \/>\n<meta property=\"og:title\" content=\"Digital Graffiti | ML Locations\" \/>\n<meta property=\"og:description\" content=\"Le Digital Graffiti, \u00e9galement connu sous le nom de Graffiti Num\u00e9rique ou Graffiti Wall, repousse les limites de la cr\u00e9ativit\u00e9 en utilisant une technologie de bombe de couleur factice \u00e0 infrarouge pour simuler la peinture \u00e0 la bombe. Cette animation propose plus de 7 modes uniques, tels que le Selfie Graffiti et le Pictionnary Virtuel, pour r\u00e9pondre aux besoins vari\u00e9s de votre \u00e9v\u00e9nement.\" \/>\n<meta property=\"og:url\" content=\"https:\/\/ml-locations.be\/nl\/locations\/digital-graffiti\/\" \/>\n<meta property=\"og:site_name\" content=\"ML Locations\" \/>\n<meta property=\"article:modified_time\" content=\"2023-11-06T13:11:34+00:00\" \/>\n<meta property=\"og:image\" content=\"https:\/\/ml-locations.be\/wp-content\/uploads\/2023\/11\/Digital-Graffiti-animation.jpg\" \/>\n\t<meta property=\"og:image:width\" content=\"1200\" \/>\n\t<meta property=\"og:image:height\" content=\"900\" \/>\n\t<meta property=\"og:image:type\" content=\"image\/jpeg\" \/>\n<meta name=\"twitter:card\" content=\"summary_large_image\" \/>\n<meta name=\"twitter:label1\" content=\"Geschatte leestijd\" \/>\n\t<meta name=\"twitter:data1\" content=\"2 minuten\" \/>\n<script type=\"application\/ld+json\" class=\"yoast-schema-graph\">{\"@context\":\"https:\/\/schema.org\",\"@graph\":[{\"@type\":\"WebPage\",\"@id\":\"https:\/\/ml-locations.be\/nl\/locations\/digital-graffiti\/\",\"url\":\"https:\/\/ml-locations.be\/nl\/locations\/digital-graffiti\/\",\"name\":\"Digital Graffiti | ML Locations\",\"isPartOf\":{\"@id\":\"https:\/\/ml-locations.be\/nl\/#website\"},\"primaryImageOfPage\":{\"@id\":\"https:\/\/ml-locations.be\/nl\/locations\/digital-graffiti\/#primaryimage\"},\"image\":{\"@id\":\"https:\/\/ml-locations.be\/nl\/locations\/digital-graffiti\/#primaryimage\"},\"thumbnailUrl\":\"https:\/\/ml-locations.be\/wp-content\/uploads\/2023\/11\/Digital-Graffiti-animation.jpg\",\"datePublished\":\"2023-11-06T11:18:38+00:00\",\"dateModified\":\"2023-11-06T13:11:34+00:00\",\"breadcrumb\":{\"@id\":\"https:\/\/ml-locations.be\/nl\/locations\/digital-graffiti\/#breadcrumb\"},\"inLanguage\":\"nl-NL\",\"potentialAction\":[{\"@type\":\"ReadAction\",\"target\":[\"https:\/\/ml-locations.be\/nl\/locations\/digital-graffiti\/\"]}]},{\"@type\":\"ImageObject\",\"inLanguage\":\"nl-NL\",\"@id\":\"https:\/\/ml-locations.be\/nl\/locations\/digital-graffiti\/#primaryimage\",\"url\":\"https:\/\/ml-locations.be\/wp-content\/uploads\/2023\/11\/Digital-Graffiti-animation.jpg\",\"contentUrl\":\"https:\/\/ml-locations.be\/wp-content\/uploads\/2023\/11\/Digital-Graffiti-animation.jpg\",\"width\":1200,\"height\":900},{\"@type\":\"BreadcrumbList\",\"@id\":\"https:\/\/ml-locations.be\/nl\/locations\/digital-graffiti\/#breadcrumb\",\"itemListElement\":[{\"@type\":\"ListItem\",\"position\":1,\"name\":\"Accueil\",\"item\":\"https:\/\/ml-locations.be\/nl\/\"},{\"@type\":\"ListItem\",\"position\":2,\"name\":\"Winkel\",\"item\":\"https:\/\/ml-locations.be\/nl\/winkel\/\"},{\"@type\":\"ListItem\",\"position\":3,\"name\":\"Digital Graffiti\"}]},{\"@type\":\"WebSite\",\"@id\":\"https:\/\/ml-locations.be\/nl\/#website\",\"url\":\"https:\/\/ml-locations.be\/nl\/\",\"name\":\"ML Locations\",\"description\":\"Mat\u00e9riel \u00e9v\u00e9nementiel : location chaise, table et mange debout, mat\u00e9riel horeca, frigos,...\",\"publisher\":{\"@id\":\"https:\/\/ml-locations.be\/nl\/#organization\"},\"potentialAction\":[{\"@type\":\"SearchAction\",\"target\":{\"@type\":\"EntryPoint\",\"urlTemplate\":\"https:\/\/ml-locations.be\/nl\/?s={search_term_string}\"},\"query-input\":{\"@type\":\"PropertyValueSpecification\",\"valueRequired\":true,\"valueName\":\"search_term_string\"}}],\"inLanguage\":\"nl-NL\"},{\"@type\":\"Organization\",\"@id\":\"https:\/\/ml-locations.be\/nl\/#organization\",\"name\":\"ML Locations\",\"url\":\"https:\/\/ml-locations.be\/nl\/\",\"logo\":{\"@type\":\"ImageObject\",\"inLanguage\":\"nl-NL\",\"@id\":\"https:\/\/ml-locations.be\/nl\/#\/schema\/logo\/image\/\",\"url\":\"https:\/\/ml-locations.be\/wp-content\/uploads\/2018\/05\/LOGO-location-BON.png\",\"contentUrl\":\"https:\/\/ml-locations.be\/wp-content\/uploads\/2018\/05\/LOGO-location-BON.png\",\"width\":1200,\"height\":1200,\"caption\":\"ML Locations\"},\"image\":{\"@id\":\"https:\/\/ml-locations.be\/nl\/#\/schema\/logo\/image\/\"}}]}<\/script>\n<!-- \/ Yoast SEO plugin. -->","yoast_head_json":{"title":"Digital Graffiti | ML Locations","robots":{"index":"index","follow":"follow","max-snippet":"max-snippet:-1","max-image-preview":"max-image-preview:large","max-video-preview":"max-video-preview:-1"},"canonical":"https:\/\/ml-locations.be\/nl\/locations\/digital-graffiti\/","og_locale":"nl_NL","og_type":"article","og_title":"Digital Graffiti | ML Locations","og_description":"Le Digital Graffiti, \u00e9galement connu sous le nom de Graffiti Num\u00e9rique ou Graffiti Wall, repousse les limites de la cr\u00e9ativit\u00e9 en utilisant une technologie de bombe de couleur factice \u00e0 infrarouge pour simuler la peinture \u00e0 la bombe. Cette animation propose plus de 7 modes uniques, tels que le Selfie Graffiti et le Pictionnary Virtuel, pour r\u00e9pondre aux besoins vari\u00e9s de votre \u00e9v\u00e9nement.","og_url":"https:\/\/ml-locations.be\/nl\/locations\/digital-graffiti\/","og_site_name":"ML Locations","article_modified_time":"2023-11-06T13:11:34+00:00","og_image":[{"width":1200,"height":900,"url":"https:\/\/ml-locations.be\/wp-content\/uploads\/2023\/11\/Digital-Graffiti-animation.jpg","type":"image\/jpeg"}],"twitter_card":"summary_large_image","twitter_misc":{"Geschatte leestijd":"2 minuten"},"schema":{"@context":"https:\/\/schema.org","@graph":[{"@type":"WebPage","@id":"https:\/\/ml-locations.be\/nl\/locations\/digital-graffiti\/","url":"https:\/\/ml-locations.be\/nl\/locations\/digital-graffiti\/","name":"Digital Graffiti | ML Locations","isPartOf":{"@id":"https:\/\/ml-locations.be\/nl\/#website"},"primaryImageOfPage":{"@id":"https:\/\/ml-locations.be\/nl\/locations\/digital-graffiti\/#primaryimage"},"image":{"@id":"https:\/\/ml-locations.be\/nl\/locations\/digital-graffiti\/#primaryimage"},"thumbnailUrl":"https:\/\/ml-locations.be\/wp-content\/uploads\/2023\/11\/Digital-Graffiti-animation.jpg","datePublished":"2023-11-06T11:18:38+00:00","dateModified":"2023-11-06T13:11:34+00:00","breadcrumb":{"@id":"https:\/\/ml-locations.be\/nl\/locations\/digital-graffiti\/#breadcrumb"},"inLanguage":"nl-NL","potentialAction":[{"@type":"ReadAction","target":["https:\/\/ml-locations.be\/nl\/locations\/digital-graffiti\/"]}]},{"@type":"ImageObject","inLanguage":"nl-NL","@id":"https:\/\/ml-locations.be\/nl\/locations\/digital-graffiti\/#primaryimage","url":"https:\/\/ml-locations.be\/wp-content\/uploads\/2023\/11\/Digital-Graffiti-animation.jpg","contentUrl":"https:\/\/ml-locations.be\/wp-content\/uploads\/2023\/11\/Digital-Graffiti-animation.jpg","width":1200,"height":900},{"@type":"BreadcrumbList","@id":"https:\/\/ml-locations.be\/nl\/locations\/digital-graffiti\/#breadcrumb","itemListElement":[{"@type":"ListItem","position":1,"name":"Accueil","item":"https:\/\/ml-locations.be\/nl\/"},{"@type":"ListItem","position":2,"name":"Winkel","item":"https:\/\/ml-locations.be\/nl\/winkel\/"},{"@type":"ListItem","position":3,"name":"Digital Graffiti"}]},{"@type":"WebSite","@id":"https:\/\/ml-locations.be\/nl\/#website","url":"https:\/\/ml-locations.be\/nl\/","name":"ML Locations","description":"Mat\u00e9riel \u00e9v\u00e9nementiel : location chaise, table et mange debout, mat\u00e9riel horeca, frigos,...","publisher":{"@id":"https:\/\/ml-locations.be\/nl\/#organization"},"potentialAction":[{"@type":"SearchAction","target":{"@type":"EntryPoint","urlTemplate":"https:\/\/ml-locations.be\/nl\/?s={search_term_string}"},"query-input":{"@type":"PropertyValueSpecification","valueRequired":true,"valueName":"search_term_string"}}],"inLanguage":"nl-NL"},{"@type":"Organization","@id":"https:\/\/ml-locations.be\/nl\/#organization","name":"ML Locations","url":"https:\/\/ml-locations.be\/nl\/","logo":{"@type":"ImageObject","inLanguage":"nl-NL","@id":"https:\/\/ml-locations.be\/nl\/#\/schema\/logo\/image\/","url":"https:\/\/ml-locations.be\/wp-content\/uploads\/2018\/05\/LOGO-location-BON.png","contentUrl":"https:\/\/ml-locations.be\/wp-content\/uploads\/2018\/05\/LOGO-location-BON.png","width":1200,"height":1200,"caption":"ML Locations"},"image":{"@id":"https:\/\/ml-locations.be\/nl\/#\/schema\/logo\/image\/"}}]}},"_links":{"self":[{"href":"https:\/\/ml-locations.be\/nl\/wp-json\/wp\/v2\/product\/1070151","targetHints":{"allow":["GET"]}}],"collection":[{"href":"https:\/\/ml-locations.be\/nl\/wp-json\/wp\/v2\/product"}],"about":[{"href":"https:\/\/ml-locations.be\/nl\/wp-json\/wp\/v2\/types\/product"}],"wp:featuredmedia":[{"embeddable":true,"href":"https:\/\/ml-locations.be\/nl\/wp-json\/wp\/v2\/media\/1070156"}],"wp:attachment":[{"href":"https:\/\/ml-locations.be\/nl\/wp-json\/wp\/v2\/media?parent=1070151"}],"wp:term":[{"taxonomy":"product_brand","embeddable":true,"href":"https:\/\/ml-locations.be\/nl\/wp-json\/wp\/v2\/product_brand?post=1070151"},{"taxonomy":"product_cat","embeddable":true,"href":"https:\/\/ml-locations.be\/nl\/wp-json\/wp\/v2\/product_cat?post=1070151"},{"taxonomy":"product_tag","embeddable":true,"href":"https:\/\/ml-locations.be\/nl\/wp-json\/wp\/v2\/product_tag?post=1070151"}],"curies":[{"name":"wp","href":"https:\/\/api.w.org\/{rel}","templated":true}]}}