{"id":1070510,"date":"2023-11-28T16:34:57","date_gmt":"2023-11-28T15:34:57","guid":{"rendered":"https:\/\/ml-locations.be\/?post_type=product&#038;p=1070510"},"modified":"2023-11-28T17:07:45","modified_gmt":"2023-11-28T16:07:45","slug":"lyre-shark-wash-zoom-two","status":"publish","type":"product","link":"https:\/\/ml-locations.be\/nl\/locations\/lyre-shark-wash-zoom-two\/","title":{"rendered":"Lyre Shark Wash Zoom Two"},"content":{"rendered":"<p>La <strong>Showtec Shark Wash Zoom Two<\/strong> est une lyre Wash, dot\u00e9e de <strong>sept spots LED RGBW de 30 watt<\/strong>s, qui s\u2019utilise en int\u00e9rieur. Gr\u00e2ce \u00e0 son zoom motoris\u00e9, elle n\u2019a aucun mal \u00e0 produire un effet Wash classique, avec un angle de faisceau compris entre 6\u00b0 et 38\u00b0. Les fonctions de gradation et lumi\u00e8re stroboscopique rendent cette lyre Wash encore plus polyvalente. La<strong> Shark Wash Zoom Two fonctionne en mode DMX, Auto<\/strong> ou Sound, en tant que ma\u00eetre ou esclave. Vous pouvez aussi utiliser la t\u00e9l\u00e9commande incluse.<\/p>\n<p><strong>Caract\u00e9ristiques et dimensions de la lyre Showtec Shark Wash Zoom Two :<\/strong><\/p>\n<ul>\n<li>Ecran de contr\u00f4le LCD<\/li>\n<li>Lyre compos\u00e9e de 7 LED 30w<\/li>\n<li>Fonction de zoom Motorised<\/li>\n<li>Canaux DMX 8, 15<\/li>\n<li>Angle : 6-38 degr\u00e9s<\/li>\n<li>Modes : DMX \/ Auto \/ Sound \/ en tant que ma\u00eetre ou esclave<\/li>\n<li>Une\u00a0gamme compl\u00e8te de couleurs RGBW<\/li>\n<li>Mode automatique int\u00e9gr\u00e9\u00a0(animation automatique r\u00e9agissant au son)<\/li>\n<li>Poids environ : 5.55 kg<\/li>\n<li>Dimensions : 246 x 154 x 355 mm<\/li>\n<li>Consommation d&#8217;\u00e9nergie d&#8217;environ 220 W.<\/li>\n<\/ul>\n","protected":false},"excerpt":{"rendered":"<p><strong>Projecteur lyre\u00a0Showtec Shark Wash Zoom Two<\/strong> pour l&#8217;\u00e9clairage de vos \u00e9v\u00e9nements. La Showtec Shark Wash Zoom Two est une lyre Wash, dot\u00e9e de sept spots LED RGBW de 30 watts, qui s\u2019utilise en int\u00e9rieur.<\/p>\n","protected":false},"featured_media":1070511,"template":"","meta":{"_acf_changed":false},"product_brand":[],"product_cat":[17,19],"product_tag":[205],"class_list":{"0":"post-1070510","1":"product","2":"type-product","3":"status-publish","4":"has-post-thumbnail","6":"product_cat-materiel-sono-et-lumieres-en-location","7":"product_cat-materiel-eclairage-et-lumieres-a-louer","8":"product_tag-location-materiel-organisation-soiree","9":"description-off","11":"first","12":"instock","13":"taxable","14":"shipping-taxable","15":"purchasable","16":"product-type-simple"},"acf":[],"yoast_head":"<!-- This site is optimized with the Yoast SEO plugin v25.0 - https:\/\/yoast.com\/wordpress\/plugins\/seo\/ -->\n<title>Lyre Shark Wash Zoom Two | ML Locations<\/title>\n<meta name=\"robots\" content=\"index, follow, max-snippet:-1, max-image-preview:large, max-video-preview:-1\" \/>\n<link rel=\"canonical\" href=\"https:\/\/ml-locations.be\/nl\/locations\/lyre-shark-wash-zoom-two\/\" \/>\n<meta property=\"og:locale\" content=\"nl_NL\" \/>\n<meta property=\"og:type\" content=\"article\" \/>\n<meta property=\"og:title\" content=\"Lyre Shark Wash Zoom Two | ML Locations\" \/>\n<meta property=\"og:description\" content=\"Projecteur lyre\u00a0Showtec Shark Wash Zoom Two pour l&#039;\u00e9clairage de vos \u00e9v\u00e9nements. La Showtec Shark Wash Zoom Two est une lyre Wash, dot\u00e9e de sept spots LED RGBW de 30 watts, qui s\u2019utilise en int\u00e9rieur.\" \/>\n<meta property=\"og:url\" content=\"https:\/\/ml-locations.be\/nl\/locations\/lyre-shark-wash-zoom-two\/\" \/>\n<meta property=\"og:site_name\" content=\"ML Locations\" \/>\n<meta property=\"article:modified_time\" content=\"2023-11-28T16:07:45+00:00\" \/>\n<meta property=\"og:image\" content=\"https:\/\/ml-locations.be\/wp-content\/uploads\/2023\/11\/Lyre-Shark-Wash-Zoom-Two.png\" \/>\n\t<meta property=\"og:image:width\" content=\"700\" \/>\n\t<meta property=\"og:image:height\" content=\"700\" \/>\n\t<meta property=\"og:image:type\" content=\"image\/png\" \/>\n<meta name=\"twitter:card\" content=\"summary_large_image\" \/>\n<meta name=\"twitter:label1\" content=\"Geschatte leestijd\" \/>\n\t<meta name=\"twitter:data1\" content=\"1 minuut\" \/>\n<script type=\"application\/ld+json\" class=\"yoast-schema-graph\">{\"@context\":\"https:\/\/schema.org\",\"@graph\":[{\"@type\":\"WebPage\",\"@id\":\"https:\/\/ml-locations.be\/nl\/locations\/lyre-shark-wash-zoom-two\/\",\"url\":\"https:\/\/ml-locations.be\/nl\/locations\/lyre-shark-wash-zoom-two\/\",\"name\":\"Lyre Shark Wash Zoom Two | ML Locations\",\"isPartOf\":{\"@id\":\"https:\/\/ml-locations.be\/nl\/#website\"},\"primaryImageOfPage\":{\"@id\":\"https:\/\/ml-locations.be\/nl\/locations\/lyre-shark-wash-zoom-two\/#primaryimage\"},\"image\":{\"@id\":\"https:\/\/ml-locations.be\/nl\/locations\/lyre-shark-wash-zoom-two\/#primaryimage\"},\"thumbnailUrl\":\"https:\/\/ml-locations.be\/wp-content\/uploads\/2023\/11\/Lyre-Shark-Wash-Zoom-Two.png\",\"datePublished\":\"2023-11-28T15:34:57+00:00\",\"dateModified\":\"2023-11-28T16:07:45+00:00\",\"breadcrumb\":{\"@id\":\"https:\/\/ml-locations.be\/nl\/locations\/lyre-shark-wash-zoom-two\/#breadcrumb\"},\"inLanguage\":\"nl-NL\",\"potentialAction\":[{\"@type\":\"ReadAction\",\"target\":[\"https:\/\/ml-locations.be\/nl\/locations\/lyre-shark-wash-zoom-two\/\"]}]},{\"@type\":\"ImageObject\",\"inLanguage\":\"nl-NL\",\"@id\":\"https:\/\/ml-locations.be\/nl\/locations\/lyre-shark-wash-zoom-two\/#primaryimage\",\"url\":\"https:\/\/ml-locations.be\/wp-content\/uploads\/2023\/11\/Lyre-Shark-Wash-Zoom-Two.png\",\"contentUrl\":\"https:\/\/ml-locations.be\/wp-content\/uploads\/2023\/11\/Lyre-Shark-Wash-Zoom-Two.png\",\"width\":700,\"height\":700},{\"@type\":\"BreadcrumbList\",\"@id\":\"https:\/\/ml-locations.be\/nl\/locations\/lyre-shark-wash-zoom-two\/#breadcrumb\",\"itemListElement\":[{\"@type\":\"ListItem\",\"position\":1,\"name\":\"Accueil\",\"item\":\"https:\/\/ml-locations.be\/nl\/\"},{\"@type\":\"ListItem\",\"position\":2,\"name\":\"Winkel\",\"item\":\"https:\/\/ml-locations.be\/nl\/winkel\/\"},{\"@type\":\"ListItem\",\"position\":3,\"name\":\"Lyre Shark Wash Zoom Two\"}]},{\"@type\":\"WebSite\",\"@id\":\"https:\/\/ml-locations.be\/nl\/#website\",\"url\":\"https:\/\/ml-locations.be\/nl\/\",\"name\":\"ML Locations\",\"description\":\"Mat\u00e9riel \u00e9v\u00e9nementiel : location chaise, table et mange debout, mat\u00e9riel horeca, frigos,...\",\"publisher\":{\"@id\":\"https:\/\/ml-locations.be\/nl\/#organization\"},\"potentialAction\":[{\"@type\":\"SearchAction\",\"target\":{\"@type\":\"EntryPoint\",\"urlTemplate\":\"https:\/\/ml-locations.be\/nl\/?s={search_term_string}\"},\"query-input\":{\"@type\":\"PropertyValueSpecification\",\"valueRequired\":true,\"valueName\":\"search_term_string\"}}],\"inLanguage\":\"nl-NL\"},{\"@type\":\"Organization\",\"@id\":\"https:\/\/ml-locations.be\/nl\/#organization\",\"name\":\"ML Locations\",\"url\":\"https:\/\/ml-locations.be\/nl\/\",\"logo\":{\"@type\":\"ImageObject\",\"inLanguage\":\"nl-NL\",\"@id\":\"https:\/\/ml-locations.be\/nl\/#\/schema\/logo\/image\/\",\"url\":\"https:\/\/ml-locations.be\/wp-content\/uploads\/2018\/05\/LOGO-location-BON.png\",\"contentUrl\":\"https:\/\/ml-locations.be\/wp-content\/uploads\/2018\/05\/LOGO-location-BON.png\",\"width\":1200,\"height\":1200,\"caption\":\"ML Locations\"},\"image\":{\"@id\":\"https:\/\/ml-locations.be\/nl\/#\/schema\/logo\/image\/\"}}]}<\/script>\n<!-- \/ Yoast SEO plugin. -->","yoast_head_json":{"title":"Lyre Shark Wash Zoom Two | ML Locations","robots":{"index":"index","follow":"follow","max-snippet":"max-snippet:-1","max-image-preview":"max-image-preview:large","max-video-preview":"max-video-preview:-1"},"canonical":"https:\/\/ml-locations.be\/nl\/locations\/lyre-shark-wash-zoom-two\/","og_locale":"nl_NL","og_type":"article","og_title":"Lyre Shark Wash Zoom Two | ML Locations","og_description":"Projecteur lyre\u00a0Showtec Shark Wash Zoom Two pour l'\u00e9clairage de vos \u00e9v\u00e9nements. La Showtec Shark Wash Zoom Two est une lyre Wash, dot\u00e9e de sept spots LED RGBW de 30 watts, qui s\u2019utilise en int\u00e9rieur.","og_url":"https:\/\/ml-locations.be\/nl\/locations\/lyre-shark-wash-zoom-two\/","og_site_name":"ML Locations","article_modified_time":"2023-11-28T16:07:45+00:00","og_image":[{"width":700,"height":700,"url":"https:\/\/ml-locations.be\/wp-content\/uploads\/2023\/11\/Lyre-Shark-Wash-Zoom-Two.png","type":"image\/png"}],"twitter_card":"summary_large_image","twitter_misc":{"Geschatte leestijd":"1 minuut"},"schema":{"@context":"https:\/\/schema.org","@graph":[{"@type":"WebPage","@id":"https:\/\/ml-locations.be\/nl\/locations\/lyre-shark-wash-zoom-two\/","url":"https:\/\/ml-locations.be\/nl\/locations\/lyre-shark-wash-zoom-two\/","name":"Lyre Shark Wash Zoom Two | ML Locations","isPartOf":{"@id":"https:\/\/ml-locations.be\/nl\/#website"},"primaryImageOfPage":{"@id":"https:\/\/ml-locations.be\/nl\/locations\/lyre-shark-wash-zoom-two\/#primaryimage"},"image":{"@id":"https:\/\/ml-locations.be\/nl\/locations\/lyre-shark-wash-zoom-two\/#primaryimage"},"thumbnailUrl":"https:\/\/ml-locations.be\/wp-content\/uploads\/2023\/11\/Lyre-Shark-Wash-Zoom-Two.png","datePublished":"2023-11-28T15:34:57+00:00","dateModified":"2023-11-28T16:07:45+00:00","breadcrumb":{"@id":"https:\/\/ml-locations.be\/nl\/locations\/lyre-shark-wash-zoom-two\/#breadcrumb"},"inLanguage":"nl-NL","potentialAction":[{"@type":"ReadAction","target":["https:\/\/ml-locations.be\/nl\/locations\/lyre-shark-wash-zoom-two\/"]}]},{"@type":"ImageObject","inLanguage":"nl-NL","@id":"https:\/\/ml-locations.be\/nl\/locations\/lyre-shark-wash-zoom-two\/#primaryimage","url":"https:\/\/ml-locations.be\/wp-content\/uploads\/2023\/11\/Lyre-Shark-Wash-Zoom-Two.png","contentUrl":"https:\/\/ml-locations.be\/wp-content\/uploads\/2023\/11\/Lyre-Shark-Wash-Zoom-Two.png","width":700,"height":700},{"@type":"BreadcrumbList","@id":"https:\/\/ml-locations.be\/nl\/locations\/lyre-shark-wash-zoom-two\/#breadcrumb","itemListElement":[{"@type":"ListItem","position":1,"name":"Accueil","item":"https:\/\/ml-locations.be\/nl\/"},{"@type":"ListItem","position":2,"name":"Winkel","item":"https:\/\/ml-locations.be\/nl\/winkel\/"},{"@type":"ListItem","position":3,"name":"Lyre Shark Wash Zoom Two"}]},{"@type":"WebSite","@id":"https:\/\/ml-locations.be\/nl\/#website","url":"https:\/\/ml-locations.be\/nl\/","name":"ML Locations","description":"Mat\u00e9riel \u00e9v\u00e9nementiel : location chaise, table et mange debout, mat\u00e9riel horeca, frigos,...","publisher":{"@id":"https:\/\/ml-locations.be\/nl\/#organization"},"potentialAction":[{"@type":"SearchAction","target":{"@type":"EntryPoint","urlTemplate":"https:\/\/ml-locations.be\/nl\/?s={search_term_string}"},"query-input":{"@type":"PropertyValueSpecification","valueRequired":true,"valueName":"search_term_string"}}],"inLanguage":"nl-NL"},{"@type":"Organization","@id":"https:\/\/ml-locations.be\/nl\/#organization","name":"ML Locations","url":"https:\/\/ml-locations.be\/nl\/","logo":{"@type":"ImageObject","inLanguage":"nl-NL","@id":"https:\/\/ml-locations.be\/nl\/#\/schema\/logo\/image\/","url":"https:\/\/ml-locations.be\/wp-content\/uploads\/2018\/05\/LOGO-location-BON.png","contentUrl":"https:\/\/ml-locations.be\/wp-content\/uploads\/2018\/05\/LOGO-location-BON.png","width":1200,"height":1200,"caption":"ML Locations"},"image":{"@id":"https:\/\/ml-locations.be\/nl\/#\/schema\/logo\/image\/"}}]}},"_links":{"self":[{"href":"https:\/\/ml-locations.be\/nl\/wp-json\/wp\/v2\/product\/1070510","targetHints":{"allow":["GET"]}}],"collection":[{"href":"https:\/\/ml-locations.be\/nl\/wp-json\/wp\/v2\/product"}],"about":[{"href":"https:\/\/ml-locations.be\/nl\/wp-json\/wp\/v2\/types\/product"}],"wp:featuredmedia":[{"embeddable":true,"href":"https:\/\/ml-locations.be\/nl\/wp-json\/wp\/v2\/media\/1070511"}],"wp:attachment":[{"href":"https:\/\/ml-locations.be\/nl\/wp-json\/wp\/v2\/media?parent=1070510"}],"wp:term":[{"taxonomy":"product_brand","embeddable":true,"href":"https:\/\/ml-locations.be\/nl\/wp-json\/wp\/v2\/product_brand?post=1070510"},{"taxonomy":"product_cat","embeddable":true,"href":"https:\/\/ml-locations.be\/nl\/wp-json\/wp\/v2\/product_cat?post=1070510"},{"taxonomy":"product_tag","embeddable":true,"href":"https:\/\/ml-locations.be\/nl\/wp-json\/wp\/v2\/product_tag?post=1070510"}],"curies":[{"name":"wp","href":"https:\/\/api.w.org\/{rel}","templated":true}]}}