{"id":1070655,"date":"2023-12-07T11:01:56","date_gmt":"2023-12-07T10:01:56","guid":{"rendered":"https:\/\/ml-locations.be\/?post_type=product&#038;p=1070655"},"modified":"2023-12-07T11:37:20","modified_gmt":"2023-12-07T10:37:20","slug":"micro-digital-wireless-system-larkm1","status":"publish","type":"product","link":"https:\/\/ml-locations.be\/nl\/locations\/micro-digital-wireless-system-larkm1\/","title":{"rendered":"Micro &#8211; Digital wireless system"},"content":{"rendered":"<p>Gr\u00e2ce \u00e0 son DSP de pointe et son algorithme r\u00e9volutionnaire d&#8217;annulation du bruit, le <strong>micro sans-fil Lark M1<\/strong> vous offre une qualit\u00e9 d&#8217;enregistrement haute performance dans pratiquement tous les environnements.<\/p>\n<p>Vous pourrez ainsi compter sur sa fonction <strong>HearClear<\/strong> qui filtre le bruit ambiant pour des enregistrements vocaux clairs.<\/p>\n<p>En d\u00e9sactivant cette fonctionnalit\u00e9, vous obtenez un enregistrement audio plus riche pour un rendu plus proche de la r\u00e9alit\u00e9.<\/p>\n<p>Le r\u00e9glage est simple et rapide. Vous choisissez le niveau de volume en fonction de l&#8217;environnement d&#8217;enregistrement r\u00e9el : High-Mid-Low.<\/p>\n<div>Le micro LARK M1 est vraiment compact et ne p\u00e8se que 11.8gr et a une \u00e9paisseur de moins d&#8217;1cm. <span class=\"systran_document\"><span class=\"systran_transUnit\"><span class=\"systran_sentence\"><span class=\"systran_altTrans\"><span class=\"systran_annots\"><span class=\"systran_token_base\" lang=\"fr\">Ce<\/span><span class=\"systran_space\" lang=\"fr\">\u00a0<\/span><span class=\"systran_token_base\" lang=\"fr\">micro<\/span><span class=\"systran_space\" lang=\"fr\">\u00a0<\/span><span class=\"systran_token_base\" lang=\"fr\">compact<\/span><span class=\"systran_space\" lang=\"fr\">\u00a0<\/span><span class=\"systran_token_base\" lang=\"fr\">est<\/span><span class=\"systran_space\" lang=\"fr\">\u00a0<\/span><span class=\"systran_token_base\" lang=\"fr\">assez<\/span><span class=\"systran_space\" lang=\"fr\">\u00a0<\/span><span class=\"systran_token_base\" lang=\"fr\">l\u00e9ger<\/span><span class=\"systran_space\" lang=\"fr\">\u00a0<\/span><span class=\"systran_token_base\" lang=\"fr\">pour<\/span><span class=\"systran_space\" lang=\"fr\"> s&#8217;accrocher sur pratiquement tous les cols.\u00a0<\/span><\/span><\/span><\/span><\/span><\/span><\/div>\n<div><\/div>\n","protected":false},"excerpt":{"rendered":"<div>Le <strong>micro sans-fil Lark M1<\/strong> vous offre une qualit\u00e9 d&#8217;enregistrement haute performance dans pratiquement tous les environnements.<\/div>\n","protected":false},"featured_media":1070658,"template":"","meta":{"_acf_changed":false},"product_brand":[],"product_cat":[17,18],"product_tag":[],"class_list":{"0":"post-1070655","1":"product","2":"type-product","3":"status-publish","4":"has-post-thumbnail","6":"product_cat-materiel-sono-et-lumieres-en-location","7":"product_cat-locationde-materiel-de-sono-et-dj","8":"description-off","10":"first","11":"instock","12":"taxable","13":"shipping-taxable","14":"purchasable","15":"product-type-simple"},"acf":[],"yoast_head":"<!-- This site is optimized with the Yoast SEO plugin v25.0 - https:\/\/yoast.com\/wordpress\/plugins\/seo\/ -->\n<title>Micro - Digital wireless system - LARK M1<\/title>\n<meta name=\"description\" content=\"Un micro sans fil - LARK M1- qui vous offre une qualit\u00e9 d&#039;enregistrement haute performance dans pratiquement tous les environnements.\" \/>\n<meta name=\"robots\" content=\"index, follow, max-snippet:-1, max-image-preview:large, max-video-preview:-1\" \/>\n<link rel=\"canonical\" href=\"https:\/\/ml-locations.be\/nl\/locations\/micro-digital-wireless-system-larkm1\/\" \/>\n<meta property=\"og:locale\" content=\"nl_NL\" \/>\n<meta property=\"og:type\" content=\"article\" \/>\n<meta property=\"og:title\" content=\"Micro - Digital wireless system - LARK M1\" \/>\n<meta property=\"og:description\" content=\"Un micro sans fil - LARK M1- qui vous offre une qualit\u00e9 d&#039;enregistrement haute performance dans pratiquement tous les environnements.\" \/>\n<meta property=\"og:url\" content=\"https:\/\/ml-locations.be\/nl\/locations\/micro-digital-wireless-system-larkm1\/\" \/>\n<meta property=\"og:site_name\" content=\"ML Locations\" \/>\n<meta property=\"article:modified_time\" content=\"2023-12-07T10:37:20+00:00\" \/>\n<meta property=\"og:image\" content=\"https:\/\/ml-locations.be\/wp-content\/uploads\/2023\/12\/pro-11.jpg\" \/>\n\t<meta property=\"og:image:width\" content=\"560\" \/>\n\t<meta property=\"og:image:height\" content=\"240\" \/>\n\t<meta property=\"og:image:type\" content=\"image\/jpeg\" \/>\n<meta name=\"twitter:card\" content=\"summary_large_image\" \/>\n<meta name=\"twitter:label1\" content=\"Geschatte leestijd\" \/>\n\t<meta name=\"twitter:data1\" content=\"1 minuut\" \/>\n<script type=\"application\/ld+json\" class=\"yoast-schema-graph\">{\"@context\":\"https:\/\/schema.org\",\"@graph\":[{\"@type\":\"WebPage\",\"@id\":\"https:\/\/ml-locations.be\/nl\/locations\/micro-digital-wireless-system-larkm1\/\",\"url\":\"https:\/\/ml-locations.be\/nl\/locations\/micro-digital-wireless-system-larkm1\/\",\"name\":\"Micro - Digital wireless system - LARK M1\",\"isPartOf\":{\"@id\":\"https:\/\/ml-locations.be\/nl\/#website\"},\"primaryImageOfPage\":{\"@id\":\"https:\/\/ml-locations.be\/nl\/locations\/micro-digital-wireless-system-larkm1\/#primaryimage\"},\"image\":{\"@id\":\"https:\/\/ml-locations.be\/nl\/locations\/micro-digital-wireless-system-larkm1\/#primaryimage\"},\"thumbnailUrl\":\"https:\/\/ml-locations.be\/wp-content\/uploads\/2023\/12\/pro-11.jpg\",\"datePublished\":\"2023-12-07T10:01:56+00:00\",\"dateModified\":\"2023-12-07T10:37:20+00:00\",\"description\":\"Un micro sans fil - LARK M1- qui vous offre une qualit\u00e9 d'enregistrement haute performance dans pratiquement tous les environnements.\",\"breadcrumb\":{\"@id\":\"https:\/\/ml-locations.be\/nl\/locations\/micro-digital-wireless-system-larkm1\/#breadcrumb\"},\"inLanguage\":\"nl-NL\",\"potentialAction\":[{\"@type\":\"ReadAction\",\"target\":[\"https:\/\/ml-locations.be\/nl\/locations\/micro-digital-wireless-system-larkm1\/\"]}]},{\"@type\":\"ImageObject\",\"inLanguage\":\"nl-NL\",\"@id\":\"https:\/\/ml-locations.be\/nl\/locations\/micro-digital-wireless-system-larkm1\/#primaryimage\",\"url\":\"https:\/\/ml-locations.be\/wp-content\/uploads\/2023\/12\/pro-11.jpg\",\"contentUrl\":\"https:\/\/ml-locations.be\/wp-content\/uploads\/2023\/12\/pro-11.jpg\",\"width\":560,\"height\":240},{\"@type\":\"BreadcrumbList\",\"@id\":\"https:\/\/ml-locations.be\/nl\/locations\/micro-digital-wireless-system-larkm1\/#breadcrumb\",\"itemListElement\":[{\"@type\":\"ListItem\",\"position\":1,\"name\":\"Accueil\",\"item\":\"https:\/\/ml-locations.be\/nl\/\"},{\"@type\":\"ListItem\",\"position\":2,\"name\":\"Winkel\",\"item\":\"https:\/\/ml-locations.be\/nl\/winkel\/\"},{\"@type\":\"ListItem\",\"position\":3,\"name\":\"Micro &#8211; Digital wireless system\"}]},{\"@type\":\"WebSite\",\"@id\":\"https:\/\/ml-locations.be\/nl\/#website\",\"url\":\"https:\/\/ml-locations.be\/nl\/\",\"name\":\"ML Locations\",\"description\":\"Mat\u00e9riel \u00e9v\u00e9nementiel : location chaise, table et mange debout, mat\u00e9riel horeca, frigos,...\",\"publisher\":{\"@id\":\"https:\/\/ml-locations.be\/nl\/#organization\"},\"potentialAction\":[{\"@type\":\"SearchAction\",\"target\":{\"@type\":\"EntryPoint\",\"urlTemplate\":\"https:\/\/ml-locations.be\/nl\/?s={search_term_string}\"},\"query-input\":{\"@type\":\"PropertyValueSpecification\",\"valueRequired\":true,\"valueName\":\"search_term_string\"}}],\"inLanguage\":\"nl-NL\"},{\"@type\":\"Organization\",\"@id\":\"https:\/\/ml-locations.be\/nl\/#organization\",\"name\":\"ML Locations\",\"url\":\"https:\/\/ml-locations.be\/nl\/\",\"logo\":{\"@type\":\"ImageObject\",\"inLanguage\":\"nl-NL\",\"@id\":\"https:\/\/ml-locations.be\/nl\/#\/schema\/logo\/image\/\",\"url\":\"https:\/\/ml-locations.be\/wp-content\/uploads\/2018\/05\/LOGO-location-BON.png\",\"contentUrl\":\"https:\/\/ml-locations.be\/wp-content\/uploads\/2018\/05\/LOGO-location-BON.png\",\"width\":1200,\"height\":1200,\"caption\":\"ML Locations\"},\"image\":{\"@id\":\"https:\/\/ml-locations.be\/nl\/#\/schema\/logo\/image\/\"}}]}<\/script>\n<!-- \/ Yoast SEO plugin. -->","yoast_head_json":{"title":"Micro - Digital wireless system - LARK M1","description":"Un micro sans fil - LARK M1- qui vous offre une qualit\u00e9 d'enregistrement haute performance dans pratiquement tous les environnements.","robots":{"index":"index","follow":"follow","max-snippet":"max-snippet:-1","max-image-preview":"max-image-preview:large","max-video-preview":"max-video-preview:-1"},"canonical":"https:\/\/ml-locations.be\/nl\/locations\/micro-digital-wireless-system-larkm1\/","og_locale":"nl_NL","og_type":"article","og_title":"Micro - Digital wireless system - LARK M1","og_description":"Un micro sans fil - LARK M1- qui vous offre une qualit\u00e9 d'enregistrement haute performance dans pratiquement tous les environnements.","og_url":"https:\/\/ml-locations.be\/nl\/locations\/micro-digital-wireless-system-larkm1\/","og_site_name":"ML Locations","article_modified_time":"2023-12-07T10:37:20+00:00","og_image":[{"width":560,"height":240,"url":"https:\/\/ml-locations.be\/wp-content\/uploads\/2023\/12\/pro-11.jpg","type":"image\/jpeg"}],"twitter_card":"summary_large_image","twitter_misc":{"Geschatte leestijd":"1 minuut"},"schema":{"@context":"https:\/\/schema.org","@graph":[{"@type":"WebPage","@id":"https:\/\/ml-locations.be\/nl\/locations\/micro-digital-wireless-system-larkm1\/","url":"https:\/\/ml-locations.be\/nl\/locations\/micro-digital-wireless-system-larkm1\/","name":"Micro - Digital wireless system - LARK M1","isPartOf":{"@id":"https:\/\/ml-locations.be\/nl\/#website"},"primaryImageOfPage":{"@id":"https:\/\/ml-locations.be\/nl\/locations\/micro-digital-wireless-system-larkm1\/#primaryimage"},"image":{"@id":"https:\/\/ml-locations.be\/nl\/locations\/micro-digital-wireless-system-larkm1\/#primaryimage"},"thumbnailUrl":"https:\/\/ml-locations.be\/wp-content\/uploads\/2023\/12\/pro-11.jpg","datePublished":"2023-12-07T10:01:56+00:00","dateModified":"2023-12-07T10:37:20+00:00","description":"Un micro sans fil - LARK M1- qui vous offre une qualit\u00e9 d'enregistrement haute performance dans pratiquement tous les environnements.","breadcrumb":{"@id":"https:\/\/ml-locations.be\/nl\/locations\/micro-digital-wireless-system-larkm1\/#breadcrumb"},"inLanguage":"nl-NL","potentialAction":[{"@type":"ReadAction","target":["https:\/\/ml-locations.be\/nl\/locations\/micro-digital-wireless-system-larkm1\/"]}]},{"@type":"ImageObject","inLanguage":"nl-NL","@id":"https:\/\/ml-locations.be\/nl\/locations\/micro-digital-wireless-system-larkm1\/#primaryimage","url":"https:\/\/ml-locations.be\/wp-content\/uploads\/2023\/12\/pro-11.jpg","contentUrl":"https:\/\/ml-locations.be\/wp-content\/uploads\/2023\/12\/pro-11.jpg","width":560,"height":240},{"@type":"BreadcrumbList","@id":"https:\/\/ml-locations.be\/nl\/locations\/micro-digital-wireless-system-larkm1\/#breadcrumb","itemListElement":[{"@type":"ListItem","position":1,"name":"Accueil","item":"https:\/\/ml-locations.be\/nl\/"},{"@type":"ListItem","position":2,"name":"Winkel","item":"https:\/\/ml-locations.be\/nl\/winkel\/"},{"@type":"ListItem","position":3,"name":"Micro &#8211; Digital wireless system"}]},{"@type":"WebSite","@id":"https:\/\/ml-locations.be\/nl\/#website","url":"https:\/\/ml-locations.be\/nl\/","name":"ML Locations","description":"Mat\u00e9riel \u00e9v\u00e9nementiel : location chaise, table et mange debout, mat\u00e9riel horeca, frigos,...","publisher":{"@id":"https:\/\/ml-locations.be\/nl\/#organization"},"potentialAction":[{"@type":"SearchAction","target":{"@type":"EntryPoint","urlTemplate":"https:\/\/ml-locations.be\/nl\/?s={search_term_string}"},"query-input":{"@type":"PropertyValueSpecification","valueRequired":true,"valueName":"search_term_string"}}],"inLanguage":"nl-NL"},{"@type":"Organization","@id":"https:\/\/ml-locations.be\/nl\/#organization","name":"ML Locations","url":"https:\/\/ml-locations.be\/nl\/","logo":{"@type":"ImageObject","inLanguage":"nl-NL","@id":"https:\/\/ml-locations.be\/nl\/#\/schema\/logo\/image\/","url":"https:\/\/ml-locations.be\/wp-content\/uploads\/2018\/05\/LOGO-location-BON.png","contentUrl":"https:\/\/ml-locations.be\/wp-content\/uploads\/2018\/05\/LOGO-location-BON.png","width":1200,"height":1200,"caption":"ML Locations"},"image":{"@id":"https:\/\/ml-locations.be\/nl\/#\/schema\/logo\/image\/"}}]}},"_links":{"self":[{"href":"https:\/\/ml-locations.be\/nl\/wp-json\/wp\/v2\/product\/1070655","targetHints":{"allow":["GET"]}}],"collection":[{"href":"https:\/\/ml-locations.be\/nl\/wp-json\/wp\/v2\/product"}],"about":[{"href":"https:\/\/ml-locations.be\/nl\/wp-json\/wp\/v2\/types\/product"}],"wp:featuredmedia":[{"embeddable":true,"href":"https:\/\/ml-locations.be\/nl\/wp-json\/wp\/v2\/media\/1070658"}],"wp:attachment":[{"href":"https:\/\/ml-locations.be\/nl\/wp-json\/wp\/v2\/media?parent=1070655"}],"wp:term":[{"taxonomy":"product_brand","embeddable":true,"href":"https:\/\/ml-locations.be\/nl\/wp-json\/wp\/v2\/product_brand?post=1070655"},{"taxonomy":"product_cat","embeddable":true,"href":"https:\/\/ml-locations.be\/nl\/wp-json\/wp\/v2\/product_cat?post=1070655"},{"taxonomy":"product_tag","embeddable":true,"href":"https:\/\/ml-locations.be\/nl\/wp-json\/wp\/v2\/product_tag?post=1070655"}],"curies":[{"name":"wp","href":"https:\/\/api.w.org\/{rel}","templated":true}]}}