{"id":1073298,"date":"2024-04-04T16:14:06","date_gmt":"2024-04-04T14:14:06","guid":{"rendered":"https:\/\/ml-locations.be\/?post_type=product&#038;p=1073298"},"modified":"2026-02-16T16:49:52","modified_gmt":"2026-02-16T15:49:52","slug":"chateau-gonflable-dauphin-avec-toboggan","status":"publish","type":"product","link":"https:\/\/ml-locations.be\/nl\/locations\/chateau-gonflable-dauphin-avec-toboggan\/","title":{"rendered":"Ch\u00e2teau gonflable &#8220;Dauphin&#8221; avec toboggan"},"content":{"rendered":"<p>Ce <strong>ch\u00e2teau gonflable en location<\/strong> avec toboggan est id\u00e9al pour les enfants ! D\u00e8s leur plus jeune \u00e2ge, les enfants peuvent s\u2019amuser en toute s\u00e9curit\u00e9 dans ce <strong>ch\u00e2teau gonflable \u00e0 louer<\/strong>. Ce <strong>ch\u00e2teau gonflable <\/strong>est compos\u00e9 d\u2019un amusant toboggan et d&#8217;autres <strong>surfaces r\u00e9cr\u00e9atives et rebondissantes<\/strong>, ce qui en fait l&#8217;activit\u00e9 id\u00e9ale pour les enfants lors de vos fancy fair, communion, etc.\u00a0De plus, ce magnifique ch\u00e2teau gonflable ne manquera pas de rappeler de bons souvenirs \u00e0 vos <strong>enfants<\/strong>.<\/p>\n<p>Le <strong>ch\u00e2teau gonflable<\/strong> peut vous \u00eatre livr\u00e9 sur les lieux de votre \u00e9v\u00e9nement ou emport\u00e9 par vos soins \u00e0 notre d\u00e9p\u00f4t (\u00e0 proximit\u00e9 de Namur). La <strong>location du ch\u00e2teau gonflable<\/strong> comprend le ch\u00e2teau, un gonfleur, une allonge \u00e9lectrique de 20m.<\/p>\n<p><strong>Nos prix pour la location du ch\u00e2teau gonflable :\u00a0<\/strong><\/p>\n<ul>\n<li>Jour de semaine : 75\u20ac htva<\/li>\n<li>Jour f\u00e9ri\u00e9 : 90\u20ac htva<\/li>\n<li>Weekend complet : 110\u20ac htva<\/li>\n<\/ul>\n<p><strong>Dimensions du ch\u00e2teau gonflable \u00e0 louer :<\/strong><\/p>\n<ul>\n<li>Longueur : 3,4 m<\/li>\n<li>Largeur : 3 m<\/li>\n<li>Hauteur : 2,4 m<\/li>\n<li>Poids : 50 kg<\/li>\n<\/ul>\n<p>Si vous souhaitez <a href=\"https:\/\/ml-locations.be\/location\/jeux-divertissement-en-location\/chateaux-gonflables-en-location\/\"><strong>louer un ch\u00e2teau gonflable<\/strong><\/a>, vous \u00eates au bon endroit, ML Locations vous propose \u00e9galement des <strong><a href=\"https:\/\/ml-locations.be\/location\/jeux-divertissement-en-location\/\">jeux gonflables \u00e0 louer<\/a><\/strong>.<\/p>\n","protected":false},"excerpt":{"rendered":"<p><strong>Ch\u00e2teau gonflable \u00e0 louer<\/strong> &#8220;Dauphin&#8221; : dans une ambiance rappelant le film et les dessins anim\u00e9s, les enfants s\u2019amuseront \u00e0 rebondir dans ce joli <strong>ch\u00e2teau gonflable color\u00e9<\/strong>. Avec ce<strong>\u00a0ch\u00e2teau gonflable,<\/strong> les enfants verront vos \u00e9v\u00e9nements tout en couleur.<\/p>\n<p><strong>Prix de location du ch\u00e2teau gonflable :\u00a0<\/strong><\/p>\n<ul>\n<li>Jour de semaine : 75\u20ac htva<\/li>\n<li>Jour f\u00e9ri\u00e9 : 90\u20ac htva<\/li>\n<li>Weekend complet : 110\u20ac htva<\/li>\n<\/ul>\n","protected":false},"featured_media":1073302,"template":"","meta":{"_acf_changed":false},"product_brand":[],"product_cat":[43,44],"product_tag":[207],"class_list":{"0":"post-1073298","1":"product","2":"type-product","3":"status-publish","4":"has-post-thumbnail","6":"product_cat-jeux-divertissement-en-location","7":"product_cat-location-chateau-gonflable","8":"product_tag-location-chateau-gonflable-namur","9":"description-off","11":"first","12":"instock","13":"taxable","14":"shipping-taxable","15":"purchasable","16":"product-type-variable"},"acf":[],"yoast_head":"<!-- This site is optimized with the Yoast SEO plugin v25.0 - https:\/\/yoast.com\/wordpress\/plugins\/seo\/ -->\n<title>ch\u00e2teau gonflable Dauphin avec toboggan -ML Locations<\/title>\n<meta name=\"description\" content=\"Ch\u00e2teau gonflable avec toboggan, \u00e0 louer, d\u00e9co Dauphin ! Pour anniversaires, fancy-fair, livraison possible.\" \/>\n<meta name=\"robots\" content=\"index, follow, max-snippet:-1, max-image-preview:large, max-video-preview:-1\" \/>\n<link rel=\"canonical\" href=\"https:\/\/ml-locations.be\/nl\/locations\/chateau-gonflable-dauphin-avec-toboggan\/\" \/>\n<meta property=\"og:locale\" content=\"nl_NL\" \/>\n<meta property=\"og:type\" content=\"article\" \/>\n<meta property=\"og:title\" content=\"ch\u00e2teau gonflable Dauphin avec toboggan -ML Locations\" \/>\n<meta property=\"og:description\" content=\"Ch\u00e2teau gonflable avec toboggan, \u00e0 louer, d\u00e9co Dauphin ! Pour anniversaires, fancy-fair, livraison possible.\" \/>\n<meta property=\"og:url\" content=\"https:\/\/ml-locations.be\/nl\/locations\/chateau-gonflable-dauphin-avec-toboggan\/\" \/>\n<meta property=\"og:site_name\" content=\"ML Locations\" \/>\n<meta property=\"article:modified_time\" content=\"2026-02-16T15:49:52+00:00\" \/>\n<meta property=\"og:image\" content=\"https:\/\/ml-locations.be\/wp-content\/uploads\/2024\/04\/gonfdauph-2.jpg\" \/>\n\t<meta property=\"og:image:width\" content=\"750\" \/>\n\t<meta property=\"og:image:height\" content=\"521\" \/>\n\t<meta property=\"og:image:type\" content=\"image\/jpeg\" \/>\n<meta name=\"twitter:card\" content=\"summary_large_image\" \/>\n<meta name=\"twitter:label1\" content=\"Geschatte leestijd\" \/>\n\t<meta name=\"twitter:data1\" content=\"2 minuten\" \/>\n<script type=\"application\/ld+json\" class=\"yoast-schema-graph\">{\"@context\":\"https:\/\/schema.org\",\"@graph\":[{\"@type\":\"WebPage\",\"@id\":\"https:\/\/ml-locations.be\/nl\/locations\/chateau-gonflable-dauphin-avec-toboggan\/\",\"url\":\"https:\/\/ml-locations.be\/nl\/locations\/chateau-gonflable-dauphin-avec-toboggan\/\",\"name\":\"ch\u00e2teau gonflable Dauphin avec toboggan -ML Locations\",\"isPartOf\":{\"@id\":\"https:\/\/ml-locations.be\/nl\/#website\"},\"primaryImageOfPage\":{\"@id\":\"https:\/\/ml-locations.be\/nl\/locations\/chateau-gonflable-dauphin-avec-toboggan\/#primaryimage\"},\"image\":{\"@id\":\"https:\/\/ml-locations.be\/nl\/locations\/chateau-gonflable-dauphin-avec-toboggan\/#primaryimage\"},\"thumbnailUrl\":\"https:\/\/ml-locations.be\/wp-content\/uploads\/2024\/04\/gonfdauph-2.jpg\",\"datePublished\":\"2024-04-04T14:14:06+00:00\",\"dateModified\":\"2026-02-16T15:49:52+00:00\",\"description\":\"Ch\u00e2teau gonflable avec toboggan, \u00e0 louer, d\u00e9co Dauphin ! Pour anniversaires, fancy-fair, livraison possible.\",\"breadcrumb\":{\"@id\":\"https:\/\/ml-locations.be\/nl\/locations\/chateau-gonflable-dauphin-avec-toboggan\/#breadcrumb\"},\"inLanguage\":\"nl-NL\",\"potentialAction\":[{\"@type\":\"ReadAction\",\"target\":[\"https:\/\/ml-locations.be\/nl\/locations\/chateau-gonflable-dauphin-avec-toboggan\/\"]}]},{\"@type\":\"ImageObject\",\"inLanguage\":\"nl-NL\",\"@id\":\"https:\/\/ml-locations.be\/nl\/locations\/chateau-gonflable-dauphin-avec-toboggan\/#primaryimage\",\"url\":\"https:\/\/ml-locations.be\/wp-content\/uploads\/2024\/04\/gonfdauph-2.jpg\",\"contentUrl\":\"https:\/\/ml-locations.be\/wp-content\/uploads\/2024\/04\/gonfdauph-2.jpg\",\"width\":750,\"height\":521},{\"@type\":\"BreadcrumbList\",\"@id\":\"https:\/\/ml-locations.be\/nl\/locations\/chateau-gonflable-dauphin-avec-toboggan\/#breadcrumb\",\"itemListElement\":[{\"@type\":\"ListItem\",\"position\":1,\"name\":\"Accueil\",\"item\":\"https:\/\/ml-locations.be\/nl\/\"},{\"@type\":\"ListItem\",\"position\":2,\"name\":\"Winkel\",\"item\":\"https:\/\/ml-locations.be\/nl\/winkel\/\"},{\"@type\":\"ListItem\",\"position\":3,\"name\":\"Ch\u00e2teau gonflable &#8220;Dauphin&#8221; avec toboggan\"}]},{\"@type\":\"WebSite\",\"@id\":\"https:\/\/ml-locations.be\/nl\/#website\",\"url\":\"https:\/\/ml-locations.be\/nl\/\",\"name\":\"ML Locations\",\"description\":\"Mat\u00e9riel \u00e9v\u00e9nementiel : location chaise, table et mange debout, mat\u00e9riel horeca, frigos,...\",\"publisher\":{\"@id\":\"https:\/\/ml-locations.be\/nl\/#organization\"},\"potentialAction\":[{\"@type\":\"SearchAction\",\"target\":{\"@type\":\"EntryPoint\",\"urlTemplate\":\"https:\/\/ml-locations.be\/nl\/?s={search_term_string}\"},\"query-input\":{\"@type\":\"PropertyValueSpecification\",\"valueRequired\":true,\"valueName\":\"search_term_string\"}}],\"inLanguage\":\"nl-NL\"},{\"@type\":\"Organization\",\"@id\":\"https:\/\/ml-locations.be\/nl\/#organization\",\"name\":\"ML Locations\",\"url\":\"https:\/\/ml-locations.be\/nl\/\",\"logo\":{\"@type\":\"ImageObject\",\"inLanguage\":\"nl-NL\",\"@id\":\"https:\/\/ml-locations.be\/nl\/#\/schema\/logo\/image\/\",\"url\":\"https:\/\/ml-locations.be\/wp-content\/uploads\/2018\/05\/LOGO-location-BON.png\",\"contentUrl\":\"https:\/\/ml-locations.be\/wp-content\/uploads\/2018\/05\/LOGO-location-BON.png\",\"width\":1200,\"height\":1200,\"caption\":\"ML Locations\"},\"image\":{\"@id\":\"https:\/\/ml-locations.be\/nl\/#\/schema\/logo\/image\/\"}}]}<\/script>\n<!-- \/ Yoast SEO plugin. -->","yoast_head_json":{"title":"ch\u00e2teau gonflable Dauphin avec toboggan -ML Locations","description":"Ch\u00e2teau gonflable avec toboggan, \u00e0 louer, d\u00e9co Dauphin ! Pour anniversaires, fancy-fair, livraison possible.","robots":{"index":"index","follow":"follow","max-snippet":"max-snippet:-1","max-image-preview":"max-image-preview:large","max-video-preview":"max-video-preview:-1"},"canonical":"https:\/\/ml-locations.be\/nl\/locations\/chateau-gonflable-dauphin-avec-toboggan\/","og_locale":"nl_NL","og_type":"article","og_title":"ch\u00e2teau gonflable Dauphin avec toboggan -ML Locations","og_description":"Ch\u00e2teau gonflable avec toboggan, \u00e0 louer, d\u00e9co Dauphin ! Pour anniversaires, fancy-fair, livraison possible.","og_url":"https:\/\/ml-locations.be\/nl\/locations\/chateau-gonflable-dauphin-avec-toboggan\/","og_site_name":"ML Locations","article_modified_time":"2026-02-16T15:49:52+00:00","og_image":[{"width":750,"height":521,"url":"https:\/\/ml-locations.be\/wp-content\/uploads\/2024\/04\/gonfdauph-2.jpg","type":"image\/jpeg"}],"twitter_card":"summary_large_image","twitter_misc":{"Geschatte leestijd":"2 minuten"},"schema":{"@context":"https:\/\/schema.org","@graph":[{"@type":"WebPage","@id":"https:\/\/ml-locations.be\/nl\/locations\/chateau-gonflable-dauphin-avec-toboggan\/","url":"https:\/\/ml-locations.be\/nl\/locations\/chateau-gonflable-dauphin-avec-toboggan\/","name":"ch\u00e2teau gonflable Dauphin avec toboggan -ML Locations","isPartOf":{"@id":"https:\/\/ml-locations.be\/nl\/#website"},"primaryImageOfPage":{"@id":"https:\/\/ml-locations.be\/nl\/locations\/chateau-gonflable-dauphin-avec-toboggan\/#primaryimage"},"image":{"@id":"https:\/\/ml-locations.be\/nl\/locations\/chateau-gonflable-dauphin-avec-toboggan\/#primaryimage"},"thumbnailUrl":"https:\/\/ml-locations.be\/wp-content\/uploads\/2024\/04\/gonfdauph-2.jpg","datePublished":"2024-04-04T14:14:06+00:00","dateModified":"2026-02-16T15:49:52+00:00","description":"Ch\u00e2teau gonflable avec toboggan, \u00e0 louer, d\u00e9co Dauphin ! Pour anniversaires, fancy-fair, livraison possible.","breadcrumb":{"@id":"https:\/\/ml-locations.be\/nl\/locations\/chateau-gonflable-dauphin-avec-toboggan\/#breadcrumb"},"inLanguage":"nl-NL","potentialAction":[{"@type":"ReadAction","target":["https:\/\/ml-locations.be\/nl\/locations\/chateau-gonflable-dauphin-avec-toboggan\/"]}]},{"@type":"ImageObject","inLanguage":"nl-NL","@id":"https:\/\/ml-locations.be\/nl\/locations\/chateau-gonflable-dauphin-avec-toboggan\/#primaryimage","url":"https:\/\/ml-locations.be\/wp-content\/uploads\/2024\/04\/gonfdauph-2.jpg","contentUrl":"https:\/\/ml-locations.be\/wp-content\/uploads\/2024\/04\/gonfdauph-2.jpg","width":750,"height":521},{"@type":"BreadcrumbList","@id":"https:\/\/ml-locations.be\/nl\/locations\/chateau-gonflable-dauphin-avec-toboggan\/#breadcrumb","itemListElement":[{"@type":"ListItem","position":1,"name":"Accueil","item":"https:\/\/ml-locations.be\/nl\/"},{"@type":"ListItem","position":2,"name":"Winkel","item":"https:\/\/ml-locations.be\/nl\/winkel\/"},{"@type":"ListItem","position":3,"name":"Ch\u00e2teau gonflable &#8220;Dauphin&#8221; avec toboggan"}]},{"@type":"WebSite","@id":"https:\/\/ml-locations.be\/nl\/#website","url":"https:\/\/ml-locations.be\/nl\/","name":"ML Locations","description":"Mat\u00e9riel \u00e9v\u00e9nementiel : location chaise, table et mange debout, mat\u00e9riel horeca, frigos,...","publisher":{"@id":"https:\/\/ml-locations.be\/nl\/#organization"},"potentialAction":[{"@type":"SearchAction","target":{"@type":"EntryPoint","urlTemplate":"https:\/\/ml-locations.be\/nl\/?s={search_term_string}"},"query-input":{"@type":"PropertyValueSpecification","valueRequired":true,"valueName":"search_term_string"}}],"inLanguage":"nl-NL"},{"@type":"Organization","@id":"https:\/\/ml-locations.be\/nl\/#organization","name":"ML Locations","url":"https:\/\/ml-locations.be\/nl\/","logo":{"@type":"ImageObject","inLanguage":"nl-NL","@id":"https:\/\/ml-locations.be\/nl\/#\/schema\/logo\/image\/","url":"https:\/\/ml-locations.be\/wp-content\/uploads\/2018\/05\/LOGO-location-BON.png","contentUrl":"https:\/\/ml-locations.be\/wp-content\/uploads\/2018\/05\/LOGO-location-BON.png","width":1200,"height":1200,"caption":"ML Locations"},"image":{"@id":"https:\/\/ml-locations.be\/nl\/#\/schema\/logo\/image\/"}}]}},"_links":{"self":[{"href":"https:\/\/ml-locations.be\/nl\/wp-json\/wp\/v2\/product\/1073298","targetHints":{"allow":["GET"]}}],"collection":[{"href":"https:\/\/ml-locations.be\/nl\/wp-json\/wp\/v2\/product"}],"about":[{"href":"https:\/\/ml-locations.be\/nl\/wp-json\/wp\/v2\/types\/product"}],"wp:featuredmedia":[{"embeddable":true,"href":"https:\/\/ml-locations.be\/nl\/wp-json\/wp\/v2\/media\/1073302"}],"wp:attachment":[{"href":"https:\/\/ml-locations.be\/nl\/wp-json\/wp\/v2\/media?parent=1073298"}],"wp:term":[{"taxonomy":"product_brand","embeddable":true,"href":"https:\/\/ml-locations.be\/nl\/wp-json\/wp\/v2\/product_brand?post=1073298"},{"taxonomy":"product_cat","embeddable":true,"href":"https:\/\/ml-locations.be\/nl\/wp-json\/wp\/v2\/product_cat?post=1073298"},{"taxonomy":"product_tag","embeddable":true,"href":"https:\/\/ml-locations.be\/nl\/wp-json\/wp\/v2\/product_tag?post=1073298"}],"curies":[{"name":"wp","href":"https:\/\/api.w.org\/{rel}","templated":true}]}}