{"id":1073328,"date":"2024-04-04T16:45:21","date_gmt":"2024-04-04T14:45:21","guid":{"rendered":"https:\/\/ml-locations.be\/?post_type=product&#038;p=1073328"},"modified":"2026-01-14T15:29:57","modified_gmt":"2026-01-14T14:29:57","slug":"assiette-a-degustation-match-10cm-plate-copie","status":"publish","type":"product","link":"https:\/\/ml-locations.be\/nl\/locations\/assiette-a-degustation-match-10cm-plate-copie\/","title":{"rendered":"Assiette Match 10cm creuse"},"content":{"rendered":"<p>Assiettes \u00e0 d\u00e9gustation Match creuse en location : <strong>assiettes carr\u00e9es de 10 cm creuse. <\/strong>Parfait pour tous vos repas lors de banquets et \u00e9v\u00e9nements : une communion, un anniversaire, un mariage,\u2026<\/p>\n<p>Ces petites assiettes \u00e0 d\u00e9gustation sont tr\u00e8s appr\u00e9ci\u00e9es pour le service de mise en bouche par exemple.<\/p>\n<p>Les <strong>assiettes Match carr\u00e9es en location<\/strong> sont reprises sales en fin de location sans frais suppl\u00e9mentaires. En effet, le nettoyage des assiettes est compris dans le prix de location. Vous ne devez donc pas vous soucier de faire la vaisselle \u00e0 la fin de votre \u00e9v\u00e9nement.<\/p>\n<p>Ces assiettes carr\u00e9es \u00e0 louer sont de couleur blanche. Elles s\u2019adapteront \u00e0 vos choix de d\u00e9coration pour le dressage de la table de r\u00e9ception.<\/p>\n<p>N\u2019h\u00e9sitez pas \u00e0 nous contacter si vous souhaitez louer de la vaisselle ou louer du mat\u00e9riel horeca.<\/p>\n<p><strong>Dimensions des assiettes en location match 11,5 cm :\u00a0<\/strong><\/p>\n<ul>\n<li>10 x 10 x 3 cm<\/li>\n<\/ul>\n","protected":false},"excerpt":{"rendered":"<p><strong>Assiette \u00e0 d\u00e9gustation &#8211; carr\u00e9e &#8211; Match<\/strong> (10 cm de c\u00f4t\u00e9) assiette en location pour tous vos banquets et vos repas.<\/p>\n","protected":false},"featured_media":1073329,"template":"","meta":{"_acf_changed":false},"product_brand":[],"product_cat":[256,29,33],"product_tag":[213,214],"class_list":{"0":"post-1073328","1":"product","2":"type-product","3":"status-publish","4":"has-post-thumbnail","6":"product_cat-verrines","7":"product_cat-materiel-horeca-en-location","8":"product_cat-location-vaisselle","9":"product_tag-location-de-materiel-de-reception-mariages","10":"product_tag-location-materiel-banquet","11":"description-off","13":"first","14":"instock","15":"taxable","16":"shipping-taxable","17":"purchasable","18":"product-type-simple"},"acf":[],"yoast_head":"<!-- This site is optimized with the Yoast SEO plugin v25.0 - https:\/\/yoast.com\/wordpress\/plugins\/seo\/ -->\n<title>Assiette en location : assiette carr\u00e9 creuse 10 cm | ML Locations<\/title>\n<meta name=\"description\" content=\"Assiette 10 cm en location pour vos banquets, anniversaire,... D\u00e9couvrez toute la vaisselle en location pour vos \u00e9v\u00e9nements sur notre site.\" \/>\n<meta name=\"robots\" content=\"index, follow, max-snippet:-1, max-image-preview:large, max-video-preview:-1\" \/>\n<link rel=\"canonical\" href=\"https:\/\/ml-locations.be\/nl\/locations\/assiette-a-degustation-match-10cm-plate-copie\/\" \/>\n<meta property=\"og:locale\" content=\"nl_NL\" \/>\n<meta property=\"og:type\" content=\"article\" \/>\n<meta property=\"og:title\" content=\"Assiette en location : assiette carr\u00e9 creuse 10 cm | ML Locations\" \/>\n<meta property=\"og:description\" content=\"Assiette 10 cm en location pour vos banquets, anniversaire,... D\u00e9couvrez toute la vaisselle en location pour vos \u00e9v\u00e9nements sur notre site.\" \/>\n<meta property=\"og:url\" content=\"https:\/\/ml-locations.be\/nl\/locations\/assiette-a-degustation-match-10cm-plate-copie\/\" \/>\n<meta property=\"og:site_name\" content=\"ML Locations\" \/>\n<meta property=\"article:modified_time\" content=\"2026-01-14T14:29:57+00:00\" \/>\n<meta property=\"og:image\" content=\"https:\/\/ml-locations.be\/wp-content\/uploads\/2024\/04\/match-creuse-10cm.jpg\" \/>\n\t<meta property=\"og:image:width\" content=\"1200\" \/>\n\t<meta property=\"og:image:height\" content=\"804\" \/>\n\t<meta property=\"og:image:type\" content=\"image\/jpeg\" \/>\n<meta name=\"twitter:card\" content=\"summary_large_image\" \/>\n<meta name=\"twitter:label1\" content=\"Geschatte leestijd\" \/>\n\t<meta name=\"twitter:data1\" content=\"1 minuut\" \/>\n<script type=\"application\/ld+json\" class=\"yoast-schema-graph\">{\"@context\":\"https:\/\/schema.org\",\"@graph\":[{\"@type\":\"WebPage\",\"@id\":\"https:\/\/ml-locations.be\/nl\/locations\/assiette-a-degustation-match-10cm-plate-copie\/\",\"url\":\"https:\/\/ml-locations.be\/nl\/locations\/assiette-a-degustation-match-10cm-plate-copie\/\",\"name\":\"Assiette en location : assiette carr\u00e9 creuse 10 cm | ML Locations\",\"isPartOf\":{\"@id\":\"https:\/\/ml-locations.be\/nl\/#website\"},\"primaryImageOfPage\":{\"@id\":\"https:\/\/ml-locations.be\/nl\/locations\/assiette-a-degustation-match-10cm-plate-copie\/#primaryimage\"},\"image\":{\"@id\":\"https:\/\/ml-locations.be\/nl\/locations\/assiette-a-degustation-match-10cm-plate-copie\/#primaryimage\"},\"thumbnailUrl\":\"https:\/\/ml-locations.be\/wp-content\/uploads\/2024\/04\/match-creuse-10cm.jpg\",\"datePublished\":\"2024-04-04T14:45:21+00:00\",\"dateModified\":\"2026-01-14T14:29:57+00:00\",\"description\":\"Assiette 10 cm en location pour vos banquets, anniversaire,... D\u00e9couvrez toute la vaisselle en location pour vos \u00e9v\u00e9nements sur notre site.\",\"breadcrumb\":{\"@id\":\"https:\/\/ml-locations.be\/nl\/locations\/assiette-a-degustation-match-10cm-plate-copie\/#breadcrumb\"},\"inLanguage\":\"nl-NL\",\"potentialAction\":[{\"@type\":\"ReadAction\",\"target\":[\"https:\/\/ml-locations.be\/nl\/locations\/assiette-a-degustation-match-10cm-plate-copie\/\"]}]},{\"@type\":\"ImageObject\",\"inLanguage\":\"nl-NL\",\"@id\":\"https:\/\/ml-locations.be\/nl\/locations\/assiette-a-degustation-match-10cm-plate-copie\/#primaryimage\",\"url\":\"https:\/\/ml-locations.be\/wp-content\/uploads\/2024\/04\/match-creuse-10cm.jpg\",\"contentUrl\":\"https:\/\/ml-locations.be\/wp-content\/uploads\/2024\/04\/match-creuse-10cm.jpg\",\"width\":1200,\"height\":804},{\"@type\":\"BreadcrumbList\",\"@id\":\"https:\/\/ml-locations.be\/nl\/locations\/assiette-a-degustation-match-10cm-plate-copie\/#breadcrumb\",\"itemListElement\":[{\"@type\":\"ListItem\",\"position\":1,\"name\":\"Accueil\",\"item\":\"https:\/\/ml-locations.be\/nl\/\"},{\"@type\":\"ListItem\",\"position\":2,\"name\":\"Winkel\",\"item\":\"https:\/\/ml-locations.be\/nl\/winkel\/\"},{\"@type\":\"ListItem\",\"position\":3,\"name\":\"Assiette Match 10cm creuse\"}]},{\"@type\":\"WebSite\",\"@id\":\"https:\/\/ml-locations.be\/nl\/#website\",\"url\":\"https:\/\/ml-locations.be\/nl\/\",\"name\":\"ML Locations\",\"description\":\"Mat\u00e9riel \u00e9v\u00e9nementiel : location chaise, table et mange debout, mat\u00e9riel horeca, frigos,...\",\"publisher\":{\"@id\":\"https:\/\/ml-locations.be\/nl\/#organization\"},\"potentialAction\":[{\"@type\":\"SearchAction\",\"target\":{\"@type\":\"EntryPoint\",\"urlTemplate\":\"https:\/\/ml-locations.be\/nl\/?s={search_term_string}\"},\"query-input\":{\"@type\":\"PropertyValueSpecification\",\"valueRequired\":true,\"valueName\":\"search_term_string\"}}],\"inLanguage\":\"nl-NL\"},{\"@type\":\"Organization\",\"@id\":\"https:\/\/ml-locations.be\/nl\/#organization\",\"name\":\"ML Locations\",\"url\":\"https:\/\/ml-locations.be\/nl\/\",\"logo\":{\"@type\":\"ImageObject\",\"inLanguage\":\"nl-NL\",\"@id\":\"https:\/\/ml-locations.be\/nl\/#\/schema\/logo\/image\/\",\"url\":\"https:\/\/ml-locations.be\/wp-content\/uploads\/2018\/05\/LOGO-location-BON.png\",\"contentUrl\":\"https:\/\/ml-locations.be\/wp-content\/uploads\/2018\/05\/LOGO-location-BON.png\",\"width\":1200,\"height\":1200,\"caption\":\"ML Locations\"},\"image\":{\"@id\":\"https:\/\/ml-locations.be\/nl\/#\/schema\/logo\/image\/\"}}]}<\/script>\n<!-- \/ Yoast SEO plugin. -->","yoast_head_json":{"title":"Assiette en location : assiette carr\u00e9 creuse 10 cm | ML Locations","description":"Assiette 10 cm en location pour vos banquets, anniversaire,... D\u00e9couvrez toute la vaisselle en location pour vos \u00e9v\u00e9nements sur notre site.","robots":{"index":"index","follow":"follow","max-snippet":"max-snippet:-1","max-image-preview":"max-image-preview:large","max-video-preview":"max-video-preview:-1"},"canonical":"https:\/\/ml-locations.be\/nl\/locations\/assiette-a-degustation-match-10cm-plate-copie\/","og_locale":"nl_NL","og_type":"article","og_title":"Assiette en location : assiette carr\u00e9 creuse 10 cm | ML Locations","og_description":"Assiette 10 cm en location pour vos banquets, anniversaire,... D\u00e9couvrez toute la vaisselle en location pour vos \u00e9v\u00e9nements sur notre site.","og_url":"https:\/\/ml-locations.be\/nl\/locations\/assiette-a-degustation-match-10cm-plate-copie\/","og_site_name":"ML Locations","article_modified_time":"2026-01-14T14:29:57+00:00","og_image":[{"width":1200,"height":804,"url":"https:\/\/ml-locations.be\/wp-content\/uploads\/2024\/04\/match-creuse-10cm.jpg","type":"image\/jpeg"}],"twitter_card":"summary_large_image","twitter_misc":{"Geschatte leestijd":"1 minuut"},"schema":{"@context":"https:\/\/schema.org","@graph":[{"@type":"WebPage","@id":"https:\/\/ml-locations.be\/nl\/locations\/assiette-a-degustation-match-10cm-plate-copie\/","url":"https:\/\/ml-locations.be\/nl\/locations\/assiette-a-degustation-match-10cm-plate-copie\/","name":"Assiette en location : assiette carr\u00e9 creuse 10 cm | ML Locations","isPartOf":{"@id":"https:\/\/ml-locations.be\/nl\/#website"},"primaryImageOfPage":{"@id":"https:\/\/ml-locations.be\/nl\/locations\/assiette-a-degustation-match-10cm-plate-copie\/#primaryimage"},"image":{"@id":"https:\/\/ml-locations.be\/nl\/locations\/assiette-a-degustation-match-10cm-plate-copie\/#primaryimage"},"thumbnailUrl":"https:\/\/ml-locations.be\/wp-content\/uploads\/2024\/04\/match-creuse-10cm.jpg","datePublished":"2024-04-04T14:45:21+00:00","dateModified":"2026-01-14T14:29:57+00:00","description":"Assiette 10 cm en location pour vos banquets, anniversaire,... D\u00e9couvrez toute la vaisselle en location pour vos \u00e9v\u00e9nements sur notre site.","breadcrumb":{"@id":"https:\/\/ml-locations.be\/nl\/locations\/assiette-a-degustation-match-10cm-plate-copie\/#breadcrumb"},"inLanguage":"nl-NL","potentialAction":[{"@type":"ReadAction","target":["https:\/\/ml-locations.be\/nl\/locations\/assiette-a-degustation-match-10cm-plate-copie\/"]}]},{"@type":"ImageObject","inLanguage":"nl-NL","@id":"https:\/\/ml-locations.be\/nl\/locations\/assiette-a-degustation-match-10cm-plate-copie\/#primaryimage","url":"https:\/\/ml-locations.be\/wp-content\/uploads\/2024\/04\/match-creuse-10cm.jpg","contentUrl":"https:\/\/ml-locations.be\/wp-content\/uploads\/2024\/04\/match-creuse-10cm.jpg","width":1200,"height":804},{"@type":"BreadcrumbList","@id":"https:\/\/ml-locations.be\/nl\/locations\/assiette-a-degustation-match-10cm-plate-copie\/#breadcrumb","itemListElement":[{"@type":"ListItem","position":1,"name":"Accueil","item":"https:\/\/ml-locations.be\/nl\/"},{"@type":"ListItem","position":2,"name":"Winkel","item":"https:\/\/ml-locations.be\/nl\/winkel\/"},{"@type":"ListItem","position":3,"name":"Assiette Match 10cm creuse"}]},{"@type":"WebSite","@id":"https:\/\/ml-locations.be\/nl\/#website","url":"https:\/\/ml-locations.be\/nl\/","name":"ML Locations","description":"Mat\u00e9riel \u00e9v\u00e9nementiel : location chaise, table et mange debout, mat\u00e9riel horeca, frigos,...","publisher":{"@id":"https:\/\/ml-locations.be\/nl\/#organization"},"potentialAction":[{"@type":"SearchAction","target":{"@type":"EntryPoint","urlTemplate":"https:\/\/ml-locations.be\/nl\/?s={search_term_string}"},"query-input":{"@type":"PropertyValueSpecification","valueRequired":true,"valueName":"search_term_string"}}],"inLanguage":"nl-NL"},{"@type":"Organization","@id":"https:\/\/ml-locations.be\/nl\/#organization","name":"ML Locations","url":"https:\/\/ml-locations.be\/nl\/","logo":{"@type":"ImageObject","inLanguage":"nl-NL","@id":"https:\/\/ml-locations.be\/nl\/#\/schema\/logo\/image\/","url":"https:\/\/ml-locations.be\/wp-content\/uploads\/2018\/05\/LOGO-location-BON.png","contentUrl":"https:\/\/ml-locations.be\/wp-content\/uploads\/2018\/05\/LOGO-location-BON.png","width":1200,"height":1200,"caption":"ML Locations"},"image":{"@id":"https:\/\/ml-locations.be\/nl\/#\/schema\/logo\/image\/"}}]}},"_links":{"self":[{"href":"https:\/\/ml-locations.be\/nl\/wp-json\/wp\/v2\/product\/1073328","targetHints":{"allow":["GET"]}}],"collection":[{"href":"https:\/\/ml-locations.be\/nl\/wp-json\/wp\/v2\/product"}],"about":[{"href":"https:\/\/ml-locations.be\/nl\/wp-json\/wp\/v2\/types\/product"}],"wp:featuredmedia":[{"embeddable":true,"href":"https:\/\/ml-locations.be\/nl\/wp-json\/wp\/v2\/media\/1073329"}],"wp:attachment":[{"href":"https:\/\/ml-locations.be\/nl\/wp-json\/wp\/v2\/media?parent=1073328"}],"wp:term":[{"taxonomy":"product_brand","embeddable":true,"href":"https:\/\/ml-locations.be\/nl\/wp-json\/wp\/v2\/product_brand?post=1073328"},{"taxonomy":"product_cat","embeddable":true,"href":"https:\/\/ml-locations.be\/nl\/wp-json\/wp\/v2\/product_cat?post=1073328"},{"taxonomy":"product_tag","embeddable":true,"href":"https:\/\/ml-locations.be\/nl\/wp-json\/wp\/v2\/product_tag?post=1073328"}],"curies":[{"name":"wp","href":"https:\/\/api.w.org\/{rel}","templated":true}]}}