{"id":1075642,"date":"2024-06-21T10:22:09","date_gmt":"2024-06-21T08:22:09","guid":{"rendered":"https:\/\/ml-locations.be\/?post_type=product&#038;p=1075642"},"modified":"2026-03-11T10:48:02","modified_gmt":"2026-03-11T09:48:02","slug":"verre-a-eau-22cl-prisma","status":"publish","type":"product","link":"https:\/\/ml-locations.be\/nl\/locations\/verre-a-eau-22cl-prisma\/","title":{"rendered":"Verre \u00e0 eau 22cl Prisma rose"},"content":{"rendered":"<p>Notre verre \u00e0 eau Prisma rose ajoutera une touche de couleur et d&#8217;\u00e9l\u00e9gance \u00e0 votre table.<\/p>\n<p>Con\u00e7u pour apporter une note de fra\u00eecheur et de sophistication \u00e0 chaque repas, ce verre est \u00e0 la fois esth\u00e9tique et fonctionnel.<\/p>\n<p>Sa teinte rose d\u00e9licate et son design unique en font un choix id\u00e9al pour toutes les occasions, qu&#8217;il s&#8217;agisse d&#8217;un d\u00eener intime ou d&#8217;une r\u00e9ception festive.<\/p>\n<p>Le verre Prisma rose a une capacit\u00e9 de 22cl.<\/p>\n","protected":false},"excerpt":{"rendered":"<p>Notre verre \u00e0 eau Prisma rose en location ajoutera une touche de couleur et d&#8217;\u00e9l\u00e9gance \u00e0 votre table.<\/p>\n<p>Con\u00e7u pour apporter une note de fra\u00eecheur et de sophistication \u00e0 chaque repas, ce verre est \u00e0 la fois esth\u00e9tique et fonctionnel.<\/p>\n<p>&nbsp;<\/p>\n","protected":false},"featured_media":1075643,"template":"","meta":{"_acf_changed":false},"product_brand":[],"product_cat":[32],"product_tag":[],"class_list":{"0":"post-1075642","1":"product","2":"type-product","3":"status-publish","4":"has-post-thumbnail","6":"product_cat-verres-en-location","7":"description-off","9":"first","10":"instock","11":"taxable","12":"shipping-taxable","13":"purchasable","14":"product-type-simple"},"acf":[],"yoast_head":"<!-- This site is optimized with the Yoast SEO plugin v25.0 - https:\/\/yoast.com\/wordpress\/plugins\/seo\/ -->\n<title>Verre \u00e0 eau 22cl Prisma rose | ML Locations<\/title>\n<meta name=\"description\" content=\"Notre verre \u00e0 eau Prisma rose ajoutera une touche de couleur et d&#039;\u00e9l\u00e9gance \u00e0 votre table.Con\u00e7u pour apporter une note de fra\u00eecheur et de sophistication \u00e0 chaque repas, ce verre est \u00e0 la fois esth\u00e9tique et fonctionnel.\" \/>\n<meta name=\"robots\" content=\"index, follow, max-snippet:-1, max-image-preview:large, max-video-preview:-1\" \/>\n<link rel=\"canonical\" href=\"https:\/\/ml-locations.be\/nl\/locations\/verre-a-eau-22cl-prisma\/\" \/>\n<meta property=\"og:locale\" content=\"nl_NL\" \/>\n<meta property=\"og:type\" content=\"article\" \/>\n<meta property=\"og:title\" content=\"Verre \u00e0 eau 22cl Prisma rose | ML Locations\" \/>\n<meta property=\"og:description\" content=\"Notre verre \u00e0 eau Prisma rose ajoutera une touche de couleur et d&#039;\u00e9l\u00e9gance \u00e0 votre table.Con\u00e7u pour apporter une note de fra\u00eecheur et de sophistication \u00e0 chaque repas, ce verre est \u00e0 la fois esth\u00e9tique et fonctionnel.\" \/>\n<meta property=\"og:url\" content=\"https:\/\/ml-locations.be\/nl\/locations\/verre-a-eau-22cl-prisma\/\" \/>\n<meta property=\"og:site_name\" content=\"ML Locations\" \/>\n<meta property=\"article:modified_time\" content=\"2026-03-11T09:48:02+00:00\" \/>\n<meta property=\"og:image\" content=\"https:\/\/ml-locations.be\/wp-content\/uploads\/2024\/06\/prisma-rose-22cl.jpg\" \/>\n\t<meta property=\"og:image:width\" content=\"1000\" \/>\n\t<meta property=\"og:image:height\" content=\"600\" \/>\n\t<meta property=\"og:image:type\" content=\"image\/jpeg\" \/>\n<meta name=\"twitter:card\" content=\"summary_large_image\" \/>\n<meta name=\"twitter:label1\" content=\"Geschatte leestijd\" \/>\n\t<meta name=\"twitter:data1\" content=\"1 minuut\" \/>\n<script type=\"application\/ld+json\" class=\"yoast-schema-graph\">{\"@context\":\"https:\/\/schema.org\",\"@graph\":[{\"@type\":\"WebPage\",\"@id\":\"https:\/\/ml-locations.be\/nl\/locations\/verre-a-eau-22cl-prisma\/\",\"url\":\"https:\/\/ml-locations.be\/nl\/locations\/verre-a-eau-22cl-prisma\/\",\"name\":\"Verre \u00e0 eau 22cl Prisma rose | ML Locations\",\"isPartOf\":{\"@id\":\"https:\/\/ml-locations.be\/nl\/#website\"},\"primaryImageOfPage\":{\"@id\":\"https:\/\/ml-locations.be\/nl\/locations\/verre-a-eau-22cl-prisma\/#primaryimage\"},\"image\":{\"@id\":\"https:\/\/ml-locations.be\/nl\/locations\/verre-a-eau-22cl-prisma\/#primaryimage\"},\"thumbnailUrl\":\"https:\/\/ml-locations.be\/wp-content\/uploads\/2024\/06\/prisma-rose-22cl.jpg\",\"datePublished\":\"2024-06-21T08:22:09+00:00\",\"dateModified\":\"2026-03-11T09:48:02+00:00\",\"description\":\"Notre verre \u00e0 eau Prisma rose ajoutera une touche de couleur et d'\u00e9l\u00e9gance \u00e0 votre table.Con\u00e7u pour apporter une note de fra\u00eecheur et de sophistication \u00e0 chaque repas, ce verre est \u00e0 la fois esth\u00e9tique et fonctionnel.\",\"breadcrumb\":{\"@id\":\"https:\/\/ml-locations.be\/nl\/locations\/verre-a-eau-22cl-prisma\/#breadcrumb\"},\"inLanguage\":\"nl-NL\",\"potentialAction\":[{\"@type\":\"ReadAction\",\"target\":[\"https:\/\/ml-locations.be\/nl\/locations\/verre-a-eau-22cl-prisma\/\"]}]},{\"@type\":\"ImageObject\",\"inLanguage\":\"nl-NL\",\"@id\":\"https:\/\/ml-locations.be\/nl\/locations\/verre-a-eau-22cl-prisma\/#primaryimage\",\"url\":\"https:\/\/ml-locations.be\/wp-content\/uploads\/2024\/06\/prisma-rose-22cl.jpg\",\"contentUrl\":\"https:\/\/ml-locations.be\/wp-content\/uploads\/2024\/06\/prisma-rose-22cl.jpg\",\"width\":1000,\"height\":600},{\"@type\":\"BreadcrumbList\",\"@id\":\"https:\/\/ml-locations.be\/nl\/locations\/verre-a-eau-22cl-prisma\/#breadcrumb\",\"itemListElement\":[{\"@type\":\"ListItem\",\"position\":1,\"name\":\"Accueil\",\"item\":\"https:\/\/ml-locations.be\/nl\/\"},{\"@type\":\"ListItem\",\"position\":2,\"name\":\"Winkel\",\"item\":\"https:\/\/ml-locations.be\/nl\/winkel\/\"},{\"@type\":\"ListItem\",\"position\":3,\"name\":\"Verre \u00e0 eau 22cl Prisma rose\"}]},{\"@type\":\"WebSite\",\"@id\":\"https:\/\/ml-locations.be\/nl\/#website\",\"url\":\"https:\/\/ml-locations.be\/nl\/\",\"name\":\"ML Locations\",\"description\":\"Mat\u00e9riel \u00e9v\u00e9nementiel : location chaise, table et mange debout, mat\u00e9riel horeca, frigos,...\",\"publisher\":{\"@id\":\"https:\/\/ml-locations.be\/nl\/#organization\"},\"potentialAction\":[{\"@type\":\"SearchAction\",\"target\":{\"@type\":\"EntryPoint\",\"urlTemplate\":\"https:\/\/ml-locations.be\/nl\/?s={search_term_string}\"},\"query-input\":{\"@type\":\"PropertyValueSpecification\",\"valueRequired\":true,\"valueName\":\"search_term_string\"}}],\"inLanguage\":\"nl-NL\"},{\"@type\":\"Organization\",\"@id\":\"https:\/\/ml-locations.be\/nl\/#organization\",\"name\":\"ML Locations\",\"url\":\"https:\/\/ml-locations.be\/nl\/\",\"logo\":{\"@type\":\"ImageObject\",\"inLanguage\":\"nl-NL\",\"@id\":\"https:\/\/ml-locations.be\/nl\/#\/schema\/logo\/image\/\",\"url\":\"https:\/\/ml-locations.be\/wp-content\/uploads\/2018\/05\/LOGO-location-BON.png\",\"contentUrl\":\"https:\/\/ml-locations.be\/wp-content\/uploads\/2018\/05\/LOGO-location-BON.png\",\"width\":1200,\"height\":1200,\"caption\":\"ML Locations\"},\"image\":{\"@id\":\"https:\/\/ml-locations.be\/nl\/#\/schema\/logo\/image\/\"}}]}<\/script>\n<!-- \/ Yoast SEO plugin. -->","yoast_head_json":{"title":"Verre \u00e0 eau 22cl Prisma rose | ML Locations","description":"Notre verre \u00e0 eau Prisma rose ajoutera une touche de couleur et d'\u00e9l\u00e9gance \u00e0 votre table.Con\u00e7u pour apporter une note de fra\u00eecheur et de sophistication \u00e0 chaque repas, ce verre est \u00e0 la fois esth\u00e9tique et fonctionnel.","robots":{"index":"index","follow":"follow","max-snippet":"max-snippet:-1","max-image-preview":"max-image-preview:large","max-video-preview":"max-video-preview:-1"},"canonical":"https:\/\/ml-locations.be\/nl\/locations\/verre-a-eau-22cl-prisma\/","og_locale":"nl_NL","og_type":"article","og_title":"Verre \u00e0 eau 22cl Prisma rose | ML Locations","og_description":"Notre verre \u00e0 eau Prisma rose ajoutera une touche de couleur et d'\u00e9l\u00e9gance \u00e0 votre table.Con\u00e7u pour apporter une note de fra\u00eecheur et de sophistication \u00e0 chaque repas, ce verre est \u00e0 la fois esth\u00e9tique et fonctionnel.","og_url":"https:\/\/ml-locations.be\/nl\/locations\/verre-a-eau-22cl-prisma\/","og_site_name":"ML Locations","article_modified_time":"2026-03-11T09:48:02+00:00","og_image":[{"width":1000,"height":600,"url":"https:\/\/ml-locations.be\/wp-content\/uploads\/2024\/06\/prisma-rose-22cl.jpg","type":"image\/jpeg"}],"twitter_card":"summary_large_image","twitter_misc":{"Geschatte leestijd":"1 minuut"},"schema":{"@context":"https:\/\/schema.org","@graph":[{"@type":"WebPage","@id":"https:\/\/ml-locations.be\/nl\/locations\/verre-a-eau-22cl-prisma\/","url":"https:\/\/ml-locations.be\/nl\/locations\/verre-a-eau-22cl-prisma\/","name":"Verre \u00e0 eau 22cl Prisma rose | ML Locations","isPartOf":{"@id":"https:\/\/ml-locations.be\/nl\/#website"},"primaryImageOfPage":{"@id":"https:\/\/ml-locations.be\/nl\/locations\/verre-a-eau-22cl-prisma\/#primaryimage"},"image":{"@id":"https:\/\/ml-locations.be\/nl\/locations\/verre-a-eau-22cl-prisma\/#primaryimage"},"thumbnailUrl":"https:\/\/ml-locations.be\/wp-content\/uploads\/2024\/06\/prisma-rose-22cl.jpg","datePublished":"2024-06-21T08:22:09+00:00","dateModified":"2026-03-11T09:48:02+00:00","description":"Notre verre \u00e0 eau Prisma rose ajoutera une touche de couleur et d'\u00e9l\u00e9gance \u00e0 votre table.Con\u00e7u pour apporter une note de fra\u00eecheur et de sophistication \u00e0 chaque repas, ce verre est \u00e0 la fois esth\u00e9tique et fonctionnel.","breadcrumb":{"@id":"https:\/\/ml-locations.be\/nl\/locations\/verre-a-eau-22cl-prisma\/#breadcrumb"},"inLanguage":"nl-NL","potentialAction":[{"@type":"ReadAction","target":["https:\/\/ml-locations.be\/nl\/locations\/verre-a-eau-22cl-prisma\/"]}]},{"@type":"ImageObject","inLanguage":"nl-NL","@id":"https:\/\/ml-locations.be\/nl\/locations\/verre-a-eau-22cl-prisma\/#primaryimage","url":"https:\/\/ml-locations.be\/wp-content\/uploads\/2024\/06\/prisma-rose-22cl.jpg","contentUrl":"https:\/\/ml-locations.be\/wp-content\/uploads\/2024\/06\/prisma-rose-22cl.jpg","width":1000,"height":600},{"@type":"BreadcrumbList","@id":"https:\/\/ml-locations.be\/nl\/locations\/verre-a-eau-22cl-prisma\/#breadcrumb","itemListElement":[{"@type":"ListItem","position":1,"name":"Accueil","item":"https:\/\/ml-locations.be\/nl\/"},{"@type":"ListItem","position":2,"name":"Winkel","item":"https:\/\/ml-locations.be\/nl\/winkel\/"},{"@type":"ListItem","position":3,"name":"Verre \u00e0 eau 22cl Prisma rose"}]},{"@type":"WebSite","@id":"https:\/\/ml-locations.be\/nl\/#website","url":"https:\/\/ml-locations.be\/nl\/","name":"ML Locations","description":"Mat\u00e9riel \u00e9v\u00e9nementiel : location chaise, table et mange debout, mat\u00e9riel horeca, frigos,...","publisher":{"@id":"https:\/\/ml-locations.be\/nl\/#organization"},"potentialAction":[{"@type":"SearchAction","target":{"@type":"EntryPoint","urlTemplate":"https:\/\/ml-locations.be\/nl\/?s={search_term_string}"},"query-input":{"@type":"PropertyValueSpecification","valueRequired":true,"valueName":"search_term_string"}}],"inLanguage":"nl-NL"},{"@type":"Organization","@id":"https:\/\/ml-locations.be\/nl\/#organization","name":"ML Locations","url":"https:\/\/ml-locations.be\/nl\/","logo":{"@type":"ImageObject","inLanguage":"nl-NL","@id":"https:\/\/ml-locations.be\/nl\/#\/schema\/logo\/image\/","url":"https:\/\/ml-locations.be\/wp-content\/uploads\/2018\/05\/LOGO-location-BON.png","contentUrl":"https:\/\/ml-locations.be\/wp-content\/uploads\/2018\/05\/LOGO-location-BON.png","width":1200,"height":1200,"caption":"ML Locations"},"image":{"@id":"https:\/\/ml-locations.be\/nl\/#\/schema\/logo\/image\/"}}]}},"_links":{"self":[{"href":"https:\/\/ml-locations.be\/nl\/wp-json\/wp\/v2\/product\/1075642","targetHints":{"allow":["GET"]}}],"collection":[{"href":"https:\/\/ml-locations.be\/nl\/wp-json\/wp\/v2\/product"}],"about":[{"href":"https:\/\/ml-locations.be\/nl\/wp-json\/wp\/v2\/types\/product"}],"wp:featuredmedia":[{"embeddable":true,"href":"https:\/\/ml-locations.be\/nl\/wp-json\/wp\/v2\/media\/1075643"}],"wp:attachment":[{"href":"https:\/\/ml-locations.be\/nl\/wp-json\/wp\/v2\/media?parent=1075642"}],"wp:term":[{"taxonomy":"product_brand","embeddable":true,"href":"https:\/\/ml-locations.be\/nl\/wp-json\/wp\/v2\/product_brand?post=1075642"},{"taxonomy":"product_cat","embeddable":true,"href":"https:\/\/ml-locations.be\/nl\/wp-json\/wp\/v2\/product_cat?post=1075642"},{"taxonomy":"product_tag","embeddable":true,"href":"https:\/\/ml-locations.be\/nl\/wp-json\/wp\/v2\/product_tag?post=1075642"}],"curies":[{"name":"wp","href":"https:\/\/api.w.org\/{rel}","templated":true}]}}