{"id":1078963,"date":"2024-10-14T10:10:16","date_gmt":"2024-10-14T08:10:16","guid":{"rendered":"https:\/\/ml-locations.be\/?post_type=product&#038;p=1078963"},"modified":"2026-02-16T16:46:21","modified_gmt":"2026-02-16T15:46:21","slug":"chateau-gonflable-pirates-4x5m","status":"publish","type":"product","link":"https:\/\/ml-locations.be\/nl\/locations\/chateau-gonflable-pirates-4x5m\/","title":{"rendered":"Ch\u00e2teau gonflable &#8220;Pirate&#8221; 4x5m"},"content":{"rendered":"<p>Ce <strong>ch\u00e2teau gonflable en location <\/strong>au d\u00e9cor de pirates, est parfait pour occuper les enfants durant votre \u00e9v\u00e9nement (bapt\u00eame, communion, ou toute autre occasion) . Il peut accueillir jusqu\u2019\u00e0 8 enfants en m\u00eame temps. Ce ch\u00e2teau gonflable \u00e0 louer s\u2019installe rapidement. Ce <strong>ch\u00e2teau gonflable en location<\/strong> mesure\u00a04 m\u00e8tres sur 5 m\u00e8tres et<strong>\u00a0<\/strong>est couvert d\u2019un toit. Il restera donc bien au sec m\u00eame en cas de mauvais temps. Pour la <a href=\"https:\/\/ml-locations.be\/location\/jeux-divertissement-en-location\/chateaux-gonflables-en-location\/\"><strong>location de ch\u00e2teau gonflable<\/strong><\/a> pour votre \u00e9v\u00e9nement,\u00a0n&#8217;h\u00e9sitez pas \u00e0 nous contacter !<\/p>\n<p>Ce ch\u00e2teau gonflable en location est fourni avec une soufflerie\/gonfleur et une allonge de 20 m\u00e8tres (se gonfle simplement et en 5 minutes). Attention\u00a0: il faut pr\u00e9voir une arriv\u00e9e \u00e9lectrique.<\/p>\n<p><strong>Nos prix pour la location du ch\u00e2teau gonflable :\u00a0<\/strong><\/p>\n<ul>\n<li>Jour de semaine : 100\u20ac htva<\/li>\n<li>Jour f\u00e9ri\u00e9 : 140\u20ac htva<\/li>\n<li>Weekend complet : 160\u20ac htva<\/li>\n<\/ul>\n<p><strong>Dimensions du ch\u00e2teau gonflable\u00a0en location :<\/strong><\/p>\n<ul>\n<li>Longueur : 5 m,<\/li>\n<li>Largeur\u00a0: 4 m,<\/li>\n<li>Poids\u00a0: 140 kg,<\/li>\n<li>Capacit\u00e9 : 8 personnes,<\/li>\n<li>Temps d\u2019installation\u00a0: 10 minutes.<\/li>\n<\/ul>\n","protected":false},"excerpt":{"rendered":"<p><strong>Ch\u00e2teau gonflable en location<\/strong>, Pirates, mesure 5 m sur 4 m, couvert, id\u00e9al pour toutes vos f\u00eates avec des enfants : mariages, communions, anniversaires, fancy-fair, \u2026 Livraison du ch\u00e2teau gonflable sur les lieux de votre \u00e9v\u00e9nement ou retrait chez ML Locations (\u00e0 proximit\u00e9 de Namur).<\/p>\n<p><strong>Prix de\u00a0location du ch\u00e2teau gonflable :\u00a0<\/strong><\/p>\n<ul>\n<li>Jour de semaine : 100\u20ac htva<\/li>\n<li>Jour f\u00e9ri\u00e9 : 140\u20ac htva<\/li>\n<li>Weekend complet : 160\u20ac htva<\/li>\n<\/ul>\n","protected":false},"featured_media":2736,"template":"","meta":{"_acf_changed":false},"product_brand":[],"product_cat":[43,44],"product_tag":[207],"class_list":{"0":"post-1078963","1":"product","2":"type-product","3":"status-publish","4":"has-post-thumbnail","6":"product_cat-jeux-divertissement-en-location","7":"product_cat-location-chateau-gonflable","8":"product_tag-location-chateau-gonflable-namur","9":"description-off","11":"first","12":"instock","13":"taxable","14":"shipping-taxable","15":"purchasable","16":"product-type-variable"},"acf":[],"yoast_head":"<!-- This site is optimized with the Yoast SEO plugin v25.0 - https:\/\/yoast.com\/wordpress\/plugins\/seo\/ -->\n<title>Location ch\u00e2teau gonflable Pirates 4x5m | ML Locations<\/title>\n<meta name=\"description\" content=\"Ch\u00e2teau gonflable en location au d\u00e9cor de pirates. Vos enfants vont adorer! Livraison possible. Devis gratuit !\" \/>\n<meta name=\"robots\" content=\"index, follow, max-snippet:-1, max-image-preview:large, max-video-preview:-1\" \/>\n<link rel=\"canonical\" href=\"https:\/\/ml-locations.be\/nl\/locations\/chateau-gonflable-pirates-4x5m\/\" \/>\n<meta property=\"og:locale\" content=\"nl_NL\" \/>\n<meta property=\"og:type\" content=\"article\" \/>\n<meta property=\"og:title\" content=\"Location ch\u00e2teau gonflable Pirates 4x5m | ML Locations\" \/>\n<meta property=\"og:description\" content=\"Ch\u00e2teau gonflable en location au d\u00e9cor de pirates. Vos enfants vont adorer! Livraison possible. Devis gratuit !\" \/>\n<meta property=\"og:url\" content=\"https:\/\/ml-locations.be\/nl\/locations\/chateau-gonflable-pirates-4x5m\/\" \/>\n<meta property=\"og:site_name\" content=\"ML Locations\" \/>\n<meta property=\"article:modified_time\" content=\"2026-02-16T15:46:21+00:00\" \/>\n<meta property=\"og:image\" content=\"https:\/\/ml-locations.be\/wp-content\/uploads\/2017\/04\/Chateau-gonflable-couvert-avec-toboggan-Pirates.png\" \/>\n\t<meta property=\"og:image:width\" content=\"960\" \/>\n\t<meta property=\"og:image:height\" content=\"960\" \/>\n\t<meta property=\"og:image:type\" content=\"image\/png\" \/>\n<meta name=\"twitter:card\" content=\"summary_large_image\" \/>\n<meta name=\"twitter:label1\" content=\"Geschatte leestijd\" \/>\n\t<meta name=\"twitter:data1\" content=\"1 minuut\" \/>\n<script type=\"application\/ld+json\" class=\"yoast-schema-graph\">{\"@context\":\"https:\/\/schema.org\",\"@graph\":[{\"@type\":\"WebPage\",\"@id\":\"https:\/\/ml-locations.be\/nl\/locations\/chateau-gonflable-pirates-4x5m\/\",\"url\":\"https:\/\/ml-locations.be\/nl\/locations\/chateau-gonflable-pirates-4x5m\/\",\"name\":\"Location ch\u00e2teau gonflable Pirates 4x5m | ML Locations\",\"isPartOf\":{\"@id\":\"https:\/\/ml-locations.be\/nl\/#website\"},\"primaryImageOfPage\":{\"@id\":\"https:\/\/ml-locations.be\/nl\/locations\/chateau-gonflable-pirates-4x5m\/#primaryimage\"},\"image\":{\"@id\":\"https:\/\/ml-locations.be\/nl\/locations\/chateau-gonflable-pirates-4x5m\/#primaryimage\"},\"thumbnailUrl\":\"https:\/\/ml-locations.be\/wp-content\/uploads\/2017\/04\/Chateau-gonflable-couvert-avec-toboggan-Pirates.png\",\"datePublished\":\"2024-10-14T08:10:16+00:00\",\"dateModified\":\"2026-02-16T15:46:21+00:00\",\"description\":\"Ch\u00e2teau gonflable en location au d\u00e9cor de pirates. Vos enfants vont adorer! Livraison possible. Devis gratuit !\",\"breadcrumb\":{\"@id\":\"https:\/\/ml-locations.be\/nl\/locations\/chateau-gonflable-pirates-4x5m\/#breadcrumb\"},\"inLanguage\":\"nl-NL\",\"potentialAction\":[{\"@type\":\"ReadAction\",\"target\":[\"https:\/\/ml-locations.be\/nl\/locations\/chateau-gonflable-pirates-4x5m\/\"]}]},{\"@type\":\"ImageObject\",\"inLanguage\":\"nl-NL\",\"@id\":\"https:\/\/ml-locations.be\/nl\/locations\/chateau-gonflable-pirates-4x5m\/#primaryimage\",\"url\":\"https:\/\/ml-locations.be\/wp-content\/uploads\/2017\/04\/Chateau-gonflable-couvert-avec-toboggan-Pirates.png\",\"contentUrl\":\"https:\/\/ml-locations.be\/wp-content\/uploads\/2017\/04\/Chateau-gonflable-couvert-avec-toboggan-Pirates.png\",\"width\":960,\"height\":960,\"caption\":\"Ch\u00e2teau gonflable avec toboggan en location\"},{\"@type\":\"BreadcrumbList\",\"@id\":\"https:\/\/ml-locations.be\/nl\/locations\/chateau-gonflable-pirates-4x5m\/#breadcrumb\",\"itemListElement\":[{\"@type\":\"ListItem\",\"position\":1,\"name\":\"Accueil\",\"item\":\"https:\/\/ml-locations.be\/nl\/\"},{\"@type\":\"ListItem\",\"position\":2,\"name\":\"Winkel\",\"item\":\"https:\/\/ml-locations.be\/nl\/winkel\/\"},{\"@type\":\"ListItem\",\"position\":3,\"name\":\"Ch\u00e2teau gonflable &#8220;Pirate&#8221; 4x5m\"}]},{\"@type\":\"WebSite\",\"@id\":\"https:\/\/ml-locations.be\/nl\/#website\",\"url\":\"https:\/\/ml-locations.be\/nl\/\",\"name\":\"ML Locations\",\"description\":\"Mat\u00e9riel \u00e9v\u00e9nementiel : location chaise, table et mange debout, mat\u00e9riel horeca, frigos,...\",\"publisher\":{\"@id\":\"https:\/\/ml-locations.be\/nl\/#organization\"},\"potentialAction\":[{\"@type\":\"SearchAction\",\"target\":{\"@type\":\"EntryPoint\",\"urlTemplate\":\"https:\/\/ml-locations.be\/nl\/?s={search_term_string}\"},\"query-input\":{\"@type\":\"PropertyValueSpecification\",\"valueRequired\":true,\"valueName\":\"search_term_string\"}}],\"inLanguage\":\"nl-NL\"},{\"@type\":\"Organization\",\"@id\":\"https:\/\/ml-locations.be\/nl\/#organization\",\"name\":\"ML Locations\",\"url\":\"https:\/\/ml-locations.be\/nl\/\",\"logo\":{\"@type\":\"ImageObject\",\"inLanguage\":\"nl-NL\",\"@id\":\"https:\/\/ml-locations.be\/nl\/#\/schema\/logo\/image\/\",\"url\":\"https:\/\/ml-locations.be\/wp-content\/uploads\/2018\/05\/LOGO-location-BON.png\",\"contentUrl\":\"https:\/\/ml-locations.be\/wp-content\/uploads\/2018\/05\/LOGO-location-BON.png\",\"width\":1200,\"height\":1200,\"caption\":\"ML Locations\"},\"image\":{\"@id\":\"https:\/\/ml-locations.be\/nl\/#\/schema\/logo\/image\/\"}}]}<\/script>\n<!-- \/ Yoast SEO plugin. -->","yoast_head_json":{"title":"Location ch\u00e2teau gonflable Pirates 4x5m | ML Locations","description":"Ch\u00e2teau gonflable en location au d\u00e9cor de pirates. Vos enfants vont adorer! Livraison possible. Devis gratuit !","robots":{"index":"index","follow":"follow","max-snippet":"max-snippet:-1","max-image-preview":"max-image-preview:large","max-video-preview":"max-video-preview:-1"},"canonical":"https:\/\/ml-locations.be\/nl\/locations\/chateau-gonflable-pirates-4x5m\/","og_locale":"nl_NL","og_type":"article","og_title":"Location ch\u00e2teau gonflable Pirates 4x5m | ML Locations","og_description":"Ch\u00e2teau gonflable en location au d\u00e9cor de pirates. Vos enfants vont adorer! Livraison possible. Devis gratuit !","og_url":"https:\/\/ml-locations.be\/nl\/locations\/chateau-gonflable-pirates-4x5m\/","og_site_name":"ML Locations","article_modified_time":"2026-02-16T15:46:21+00:00","og_image":[{"width":960,"height":960,"url":"https:\/\/ml-locations.be\/wp-content\/uploads\/2017\/04\/Chateau-gonflable-couvert-avec-toboggan-Pirates.png","type":"image\/png"}],"twitter_card":"summary_large_image","twitter_misc":{"Geschatte leestijd":"1 minuut"},"schema":{"@context":"https:\/\/schema.org","@graph":[{"@type":"WebPage","@id":"https:\/\/ml-locations.be\/nl\/locations\/chateau-gonflable-pirates-4x5m\/","url":"https:\/\/ml-locations.be\/nl\/locations\/chateau-gonflable-pirates-4x5m\/","name":"Location ch\u00e2teau gonflable Pirates 4x5m | ML Locations","isPartOf":{"@id":"https:\/\/ml-locations.be\/nl\/#website"},"primaryImageOfPage":{"@id":"https:\/\/ml-locations.be\/nl\/locations\/chateau-gonflable-pirates-4x5m\/#primaryimage"},"image":{"@id":"https:\/\/ml-locations.be\/nl\/locations\/chateau-gonflable-pirates-4x5m\/#primaryimage"},"thumbnailUrl":"https:\/\/ml-locations.be\/wp-content\/uploads\/2017\/04\/Chateau-gonflable-couvert-avec-toboggan-Pirates.png","datePublished":"2024-10-14T08:10:16+00:00","dateModified":"2026-02-16T15:46:21+00:00","description":"Ch\u00e2teau gonflable en location au d\u00e9cor de pirates. Vos enfants vont adorer! Livraison possible. Devis gratuit !","breadcrumb":{"@id":"https:\/\/ml-locations.be\/nl\/locations\/chateau-gonflable-pirates-4x5m\/#breadcrumb"},"inLanguage":"nl-NL","potentialAction":[{"@type":"ReadAction","target":["https:\/\/ml-locations.be\/nl\/locations\/chateau-gonflable-pirates-4x5m\/"]}]},{"@type":"ImageObject","inLanguage":"nl-NL","@id":"https:\/\/ml-locations.be\/nl\/locations\/chateau-gonflable-pirates-4x5m\/#primaryimage","url":"https:\/\/ml-locations.be\/wp-content\/uploads\/2017\/04\/Chateau-gonflable-couvert-avec-toboggan-Pirates.png","contentUrl":"https:\/\/ml-locations.be\/wp-content\/uploads\/2017\/04\/Chateau-gonflable-couvert-avec-toboggan-Pirates.png","width":960,"height":960,"caption":"Ch\u00e2teau gonflable avec toboggan en location"},{"@type":"BreadcrumbList","@id":"https:\/\/ml-locations.be\/nl\/locations\/chateau-gonflable-pirates-4x5m\/#breadcrumb","itemListElement":[{"@type":"ListItem","position":1,"name":"Accueil","item":"https:\/\/ml-locations.be\/nl\/"},{"@type":"ListItem","position":2,"name":"Winkel","item":"https:\/\/ml-locations.be\/nl\/winkel\/"},{"@type":"ListItem","position":3,"name":"Ch\u00e2teau gonflable &#8220;Pirate&#8221; 4x5m"}]},{"@type":"WebSite","@id":"https:\/\/ml-locations.be\/nl\/#website","url":"https:\/\/ml-locations.be\/nl\/","name":"ML Locations","description":"Mat\u00e9riel \u00e9v\u00e9nementiel : location chaise, table et mange debout, mat\u00e9riel horeca, frigos,...","publisher":{"@id":"https:\/\/ml-locations.be\/nl\/#organization"},"potentialAction":[{"@type":"SearchAction","target":{"@type":"EntryPoint","urlTemplate":"https:\/\/ml-locations.be\/nl\/?s={search_term_string}"},"query-input":{"@type":"PropertyValueSpecification","valueRequired":true,"valueName":"search_term_string"}}],"inLanguage":"nl-NL"},{"@type":"Organization","@id":"https:\/\/ml-locations.be\/nl\/#organization","name":"ML Locations","url":"https:\/\/ml-locations.be\/nl\/","logo":{"@type":"ImageObject","inLanguage":"nl-NL","@id":"https:\/\/ml-locations.be\/nl\/#\/schema\/logo\/image\/","url":"https:\/\/ml-locations.be\/wp-content\/uploads\/2018\/05\/LOGO-location-BON.png","contentUrl":"https:\/\/ml-locations.be\/wp-content\/uploads\/2018\/05\/LOGO-location-BON.png","width":1200,"height":1200,"caption":"ML Locations"},"image":{"@id":"https:\/\/ml-locations.be\/nl\/#\/schema\/logo\/image\/"}}]}},"_links":{"self":[{"href":"https:\/\/ml-locations.be\/nl\/wp-json\/wp\/v2\/product\/1078963","targetHints":{"allow":["GET"]}}],"collection":[{"href":"https:\/\/ml-locations.be\/nl\/wp-json\/wp\/v2\/product"}],"about":[{"href":"https:\/\/ml-locations.be\/nl\/wp-json\/wp\/v2\/types\/product"}],"wp:featuredmedia":[{"embeddable":true,"href":"https:\/\/ml-locations.be\/nl\/wp-json\/wp\/v2\/media\/2736"}],"wp:attachment":[{"href":"https:\/\/ml-locations.be\/nl\/wp-json\/wp\/v2\/media?parent=1078963"}],"wp:term":[{"taxonomy":"product_brand","embeddable":true,"href":"https:\/\/ml-locations.be\/nl\/wp-json\/wp\/v2\/product_brand?post=1078963"},{"taxonomy":"product_cat","embeddable":true,"href":"https:\/\/ml-locations.be\/nl\/wp-json\/wp\/v2\/product_cat?post=1078963"},{"taxonomy":"product_tag","embeddable":true,"href":"https:\/\/ml-locations.be\/nl\/wp-json\/wp\/v2\/product_tag?post=1078963"}],"curies":[{"name":"wp","href":"https:\/\/api.w.org\/{rel}","templated":true}]}}