{"id":1082285,"date":"2025-02-26T10:32:28","date_gmt":"2025-02-26T09:32:28","guid":{"rendered":"https:\/\/ml-locations.be\/?post_type=product&#038;p=1082285"},"modified":"2025-02-26T10:45:00","modified_gmt":"2025-02-26T09:45:00","slug":"mega-bike","status":"publish","type":"product","link":"https:\/\/ml-locations.be\/nl\/locations\/mega-bike\/","title":{"rendered":"Mega Bike"},"content":{"rendered":"<div class=\"page\" title=\"Page 1\">\n<div class=\"section\">\n<div class=\"layoutArea\">\n<div class=\"column\">\n<p data-start=\"0\" data-end=\"247\">Affrontez un adversaire dans un duel palpitant sur deux v\u00e9los, l\u2019un bleu, l\u2019autre rouge ! Installez-vous sur le v\u00e9lo de votre choix, donnez le signal en actionnant votre sonnette et p\u00e9dalez \u00e0 pleine puissance au rythme d\u2019une musique entra\u00eenante.<\/p>\n<p data-start=\"249\" data-end=\"558\" data-is-last-node=\"\" data-is-only-node=\"\">\u00c0 chaque coup de p\u00e9dale, les tubes lumineux situ\u00e9s entre vous et votre adversaire s\u2019illuminent progressivement. Plus vous p\u00e9dalez vite, plus votre couleur progresse ! L\u2019objectif ? Faire briller tous les tubes de votre couleur avant votre adversaire et d\u00e9crocher la victoire. Pr\u00eat \u00e0 relever le d\u00e9fi ?<\/p>\n<\/div>\n<\/div>\n<\/div>\n<\/div>\n","protected":false},"excerpt":{"rendered":"<p><strong>M\u00e9ga Bike. P\u00e9dalez<\/strong> aussi vite que possible pour <strong>allumer tous les tubes lumineux <\/strong>dans votre couleur et battre votre adversaire.<\/p>\n","protected":false},"featured_media":1082286,"template":"","meta":{"_acf_changed":false},"product_brand":[],"product_cat":[239],"product_tag":[],"class_list":{"0":"post-1082285","1":"product","2":"type-product","3":"status-publish","4":"has-post-thumbnail","6":"product_cat-the-box-experiences","7":"description-off","9":"first","10":"instock","11":"taxable","12":"shipping-taxable","13":"product-type-simple"},"acf":[],"yoast_head":"<!-- This site is optimized with the Yoast SEO plugin v25.0 - https:\/\/yoast.com\/wordpress\/plugins\/seo\/ -->\n<title>Mega Bike | ML Locations<\/title>\n<meta name=\"description\" content=\"P\u00e9dalez aussi vite que possible pour allumer tous les tubes lumineux dans votre couleur et battre votre adversaire au M\u00e9ga Bike.\" \/>\n<meta name=\"robots\" content=\"index, follow, max-snippet:-1, max-image-preview:large, max-video-preview:-1\" \/>\n<link rel=\"canonical\" href=\"https:\/\/ml-locations.be\/nl\/locations\/mega-bike\/\" \/>\n<meta property=\"og:locale\" content=\"nl_NL\" \/>\n<meta property=\"og:type\" content=\"article\" \/>\n<meta property=\"og:title\" content=\"Mega Bike | ML Locations\" \/>\n<meta property=\"og:description\" content=\"P\u00e9dalez aussi vite que possible pour allumer tous les tubes lumineux dans votre couleur et battre votre adversaire au M\u00e9ga Bike.\" \/>\n<meta property=\"og:url\" content=\"https:\/\/ml-locations.be\/nl\/locations\/mega-bike\/\" \/>\n<meta property=\"og:site_name\" content=\"ML Locations\" \/>\n<meta property=\"article:modified_time\" content=\"2025-02-26T09:45:00+00:00\" \/>\n<meta property=\"og:image\" content=\"https:\/\/ml-locations.be\/wp-content\/uploads\/2025\/02\/animation-mega-bike-arcade-belgique-france-luxembourg-ml-locations-7.jpg\" \/>\n\t<meta property=\"og:image:width\" content=\"1200\" \/>\n\t<meta property=\"og:image:height\" content=\"801\" \/>\n\t<meta property=\"og:image:type\" content=\"image\/jpeg\" \/>\n<meta name=\"twitter:card\" content=\"summary_large_image\" \/>\n<meta name=\"twitter:label1\" content=\"Geschatte leestijd\" \/>\n\t<meta name=\"twitter:data1\" content=\"1 minuut\" \/>\n<script type=\"application\/ld+json\" class=\"yoast-schema-graph\">{\"@context\":\"https:\/\/schema.org\",\"@graph\":[{\"@type\":\"WebPage\",\"@id\":\"https:\/\/ml-locations.be\/nl\/locations\/mega-bike\/\",\"url\":\"https:\/\/ml-locations.be\/nl\/locations\/mega-bike\/\",\"name\":\"Mega Bike | ML Locations\",\"isPartOf\":{\"@id\":\"https:\/\/ml-locations.be\/nl\/#website\"},\"primaryImageOfPage\":{\"@id\":\"https:\/\/ml-locations.be\/nl\/locations\/mega-bike\/#primaryimage\"},\"image\":{\"@id\":\"https:\/\/ml-locations.be\/nl\/locations\/mega-bike\/#primaryimage\"},\"thumbnailUrl\":\"https:\/\/ml-locations.be\/wp-content\/uploads\/2025\/02\/animation-mega-bike-arcade-belgique-france-luxembourg-ml-locations-7.jpg\",\"datePublished\":\"2025-02-26T09:32:28+00:00\",\"dateModified\":\"2025-02-26T09:45:00+00:00\",\"description\":\"P\u00e9dalez aussi vite que possible pour allumer tous les tubes lumineux dans votre couleur et battre votre adversaire au M\u00e9ga Bike.\",\"breadcrumb\":{\"@id\":\"https:\/\/ml-locations.be\/nl\/locations\/mega-bike\/#breadcrumb\"},\"inLanguage\":\"nl-NL\",\"potentialAction\":[{\"@type\":\"ReadAction\",\"target\":[\"https:\/\/ml-locations.be\/nl\/locations\/mega-bike\/\"]}]},{\"@type\":\"ImageObject\",\"inLanguage\":\"nl-NL\",\"@id\":\"https:\/\/ml-locations.be\/nl\/locations\/mega-bike\/#primaryimage\",\"url\":\"https:\/\/ml-locations.be\/wp-content\/uploads\/2025\/02\/animation-mega-bike-arcade-belgique-france-luxembourg-ml-locations-7.jpg\",\"contentUrl\":\"https:\/\/ml-locations.be\/wp-content\/uploads\/2025\/02\/animation-mega-bike-arcade-belgique-france-luxembourg-ml-locations-7.jpg\",\"width\":1200,\"height\":801},{\"@type\":\"BreadcrumbList\",\"@id\":\"https:\/\/ml-locations.be\/nl\/locations\/mega-bike\/#breadcrumb\",\"itemListElement\":[{\"@type\":\"ListItem\",\"position\":1,\"name\":\"Accueil\",\"item\":\"https:\/\/ml-locations.be\/nl\/\"},{\"@type\":\"ListItem\",\"position\":2,\"name\":\"Winkel\",\"item\":\"https:\/\/ml-locations.be\/nl\/winkel\/\"},{\"@type\":\"ListItem\",\"position\":3,\"name\":\"Mega Bike\"}]},{\"@type\":\"WebSite\",\"@id\":\"https:\/\/ml-locations.be\/nl\/#website\",\"url\":\"https:\/\/ml-locations.be\/nl\/\",\"name\":\"ML Locations\",\"description\":\"Mat\u00e9riel \u00e9v\u00e9nementiel : location chaise, table et mange debout, mat\u00e9riel horeca, frigos,...\",\"publisher\":{\"@id\":\"https:\/\/ml-locations.be\/nl\/#organization\"},\"potentialAction\":[{\"@type\":\"SearchAction\",\"target\":{\"@type\":\"EntryPoint\",\"urlTemplate\":\"https:\/\/ml-locations.be\/nl\/?s={search_term_string}\"},\"query-input\":{\"@type\":\"PropertyValueSpecification\",\"valueRequired\":true,\"valueName\":\"search_term_string\"}}],\"inLanguage\":\"nl-NL\"},{\"@type\":\"Organization\",\"@id\":\"https:\/\/ml-locations.be\/nl\/#organization\",\"name\":\"ML Locations\",\"url\":\"https:\/\/ml-locations.be\/nl\/\",\"logo\":{\"@type\":\"ImageObject\",\"inLanguage\":\"nl-NL\",\"@id\":\"https:\/\/ml-locations.be\/nl\/#\/schema\/logo\/image\/\",\"url\":\"https:\/\/ml-locations.be\/wp-content\/uploads\/2018\/05\/LOGO-location-BON.png\",\"contentUrl\":\"https:\/\/ml-locations.be\/wp-content\/uploads\/2018\/05\/LOGO-location-BON.png\",\"width\":1200,\"height\":1200,\"caption\":\"ML Locations\"},\"image\":{\"@id\":\"https:\/\/ml-locations.be\/nl\/#\/schema\/logo\/image\/\"}}]}<\/script>\n<!-- \/ Yoast SEO plugin. -->","yoast_head_json":{"title":"Mega Bike | ML Locations","description":"P\u00e9dalez aussi vite que possible pour allumer tous les tubes lumineux dans votre couleur et battre votre adversaire au M\u00e9ga Bike.","robots":{"index":"index","follow":"follow","max-snippet":"max-snippet:-1","max-image-preview":"max-image-preview:large","max-video-preview":"max-video-preview:-1"},"canonical":"https:\/\/ml-locations.be\/nl\/locations\/mega-bike\/","og_locale":"nl_NL","og_type":"article","og_title":"Mega Bike | ML Locations","og_description":"P\u00e9dalez aussi vite que possible pour allumer tous les tubes lumineux dans votre couleur et battre votre adversaire au M\u00e9ga Bike.","og_url":"https:\/\/ml-locations.be\/nl\/locations\/mega-bike\/","og_site_name":"ML Locations","article_modified_time":"2025-02-26T09:45:00+00:00","og_image":[{"width":1200,"height":801,"url":"https:\/\/ml-locations.be\/wp-content\/uploads\/2025\/02\/animation-mega-bike-arcade-belgique-france-luxembourg-ml-locations-7.jpg","type":"image\/jpeg"}],"twitter_card":"summary_large_image","twitter_misc":{"Geschatte leestijd":"1 minuut"},"schema":{"@context":"https:\/\/schema.org","@graph":[{"@type":"WebPage","@id":"https:\/\/ml-locations.be\/nl\/locations\/mega-bike\/","url":"https:\/\/ml-locations.be\/nl\/locations\/mega-bike\/","name":"Mega Bike | ML Locations","isPartOf":{"@id":"https:\/\/ml-locations.be\/nl\/#website"},"primaryImageOfPage":{"@id":"https:\/\/ml-locations.be\/nl\/locations\/mega-bike\/#primaryimage"},"image":{"@id":"https:\/\/ml-locations.be\/nl\/locations\/mega-bike\/#primaryimage"},"thumbnailUrl":"https:\/\/ml-locations.be\/wp-content\/uploads\/2025\/02\/animation-mega-bike-arcade-belgique-france-luxembourg-ml-locations-7.jpg","datePublished":"2025-02-26T09:32:28+00:00","dateModified":"2025-02-26T09:45:00+00:00","description":"P\u00e9dalez aussi vite que possible pour allumer tous les tubes lumineux dans votre couleur et battre votre adversaire au M\u00e9ga Bike.","breadcrumb":{"@id":"https:\/\/ml-locations.be\/nl\/locations\/mega-bike\/#breadcrumb"},"inLanguage":"nl-NL","potentialAction":[{"@type":"ReadAction","target":["https:\/\/ml-locations.be\/nl\/locations\/mega-bike\/"]}]},{"@type":"ImageObject","inLanguage":"nl-NL","@id":"https:\/\/ml-locations.be\/nl\/locations\/mega-bike\/#primaryimage","url":"https:\/\/ml-locations.be\/wp-content\/uploads\/2025\/02\/animation-mega-bike-arcade-belgique-france-luxembourg-ml-locations-7.jpg","contentUrl":"https:\/\/ml-locations.be\/wp-content\/uploads\/2025\/02\/animation-mega-bike-arcade-belgique-france-luxembourg-ml-locations-7.jpg","width":1200,"height":801},{"@type":"BreadcrumbList","@id":"https:\/\/ml-locations.be\/nl\/locations\/mega-bike\/#breadcrumb","itemListElement":[{"@type":"ListItem","position":1,"name":"Accueil","item":"https:\/\/ml-locations.be\/nl\/"},{"@type":"ListItem","position":2,"name":"Winkel","item":"https:\/\/ml-locations.be\/nl\/winkel\/"},{"@type":"ListItem","position":3,"name":"Mega Bike"}]},{"@type":"WebSite","@id":"https:\/\/ml-locations.be\/nl\/#website","url":"https:\/\/ml-locations.be\/nl\/","name":"ML Locations","description":"Mat\u00e9riel \u00e9v\u00e9nementiel : location chaise, table et mange debout, mat\u00e9riel horeca, frigos,...","publisher":{"@id":"https:\/\/ml-locations.be\/nl\/#organization"},"potentialAction":[{"@type":"SearchAction","target":{"@type":"EntryPoint","urlTemplate":"https:\/\/ml-locations.be\/nl\/?s={search_term_string}"},"query-input":{"@type":"PropertyValueSpecification","valueRequired":true,"valueName":"search_term_string"}}],"inLanguage":"nl-NL"},{"@type":"Organization","@id":"https:\/\/ml-locations.be\/nl\/#organization","name":"ML Locations","url":"https:\/\/ml-locations.be\/nl\/","logo":{"@type":"ImageObject","inLanguage":"nl-NL","@id":"https:\/\/ml-locations.be\/nl\/#\/schema\/logo\/image\/","url":"https:\/\/ml-locations.be\/wp-content\/uploads\/2018\/05\/LOGO-location-BON.png","contentUrl":"https:\/\/ml-locations.be\/wp-content\/uploads\/2018\/05\/LOGO-location-BON.png","width":1200,"height":1200,"caption":"ML Locations"},"image":{"@id":"https:\/\/ml-locations.be\/nl\/#\/schema\/logo\/image\/"}}]}},"_links":{"self":[{"href":"https:\/\/ml-locations.be\/nl\/wp-json\/wp\/v2\/product\/1082285","targetHints":{"allow":["GET"]}}],"collection":[{"href":"https:\/\/ml-locations.be\/nl\/wp-json\/wp\/v2\/product"}],"about":[{"href":"https:\/\/ml-locations.be\/nl\/wp-json\/wp\/v2\/types\/product"}],"wp:featuredmedia":[{"embeddable":true,"href":"https:\/\/ml-locations.be\/nl\/wp-json\/wp\/v2\/media\/1082286"}],"wp:attachment":[{"href":"https:\/\/ml-locations.be\/nl\/wp-json\/wp\/v2\/media?parent=1082285"}],"wp:term":[{"taxonomy":"product_brand","embeddable":true,"href":"https:\/\/ml-locations.be\/nl\/wp-json\/wp\/v2\/product_brand?post=1082285"},{"taxonomy":"product_cat","embeddable":true,"href":"https:\/\/ml-locations.be\/nl\/wp-json\/wp\/v2\/product_cat?post=1082285"},{"taxonomy":"product_tag","embeddable":true,"href":"https:\/\/ml-locations.be\/nl\/wp-json\/wp\/v2\/product_tag?post=1082285"}],"curies":[{"name":"wp","href":"https:\/\/api.w.org\/{rel}","templated":true}]}}