{"id":1082296,"date":"2025-02-26T10:46:10","date_gmt":"2025-02-26T09:46:10","guid":{"rendered":"https:\/\/ml-locations.be\/?post_type=product&#038;p=1082296"},"modified":"2025-02-26T15:30:58","modified_gmt":"2025-02-26T14:30:58","slug":"mega-light","status":"publish","type":"product","link":"https:\/\/ml-locations.be\/nl\/locations\/mega-light\/","title":{"rendered":"Mega Light"},"content":{"rendered":"<div class=\"page\" title=\"Page 1\">\n<div class=\"section\">\n<div class=\"layoutArea\">\n<div class=\"column\">\n<p>Red\u00e9couvrez le mythique jeu des ann\u00e9es 80, TETRIS, dans une version XXL et interactive avec l\u2019animation MEGA Light ! Inspir\u00e9e du c\u00e9l\u00e8bre Tetris, cette exp\u00e9rience immersive vous plonge dans un d\u00e9fi captivant o\u00f9 vous d\u00e9placez et faites pivoter d\u2019imposantes pi\u00e8ces lumineuses pour former des lignes compl\u00e8tes. D\u00e8s qu\u2019une ligne est remplie, elle s\u2019illumine et dispara\u00eet, ajoutant une touche spectaculaire au jeu.<br \/>\nPr\u00eat \u00e0 relever le d\u00e9fi en grand format ?<\/p>\n<\/div>\n<\/div>\n<\/div>\n<\/div>\n","protected":false},"excerpt":{"rendered":"<p>MEGA Light, c\u2019est l\u2019animation r\u00e9tro digne d\u2019un spectacle son et lumi\u00e8re ! Dans ce Tetris g\u00e9ant de 5 m\u00e8tres de haut, vous contr\u00f4lez les pi\u00e8ces du c\u00e9l\u00e8bre puzzle avec un cube lumineux interactif.<\/p>\n","protected":false},"featured_media":1082307,"template":"","meta":{"_acf_changed":false},"product_brand":[],"product_cat":[239],"product_tag":[],"class_list":{"0":"post-1082296","1":"product","2":"type-product","3":"status-publish","4":"has-post-thumbnail","6":"product_cat-the-box-experiences","7":"description-off","9":"first","10":"instock","11":"taxable","12":"shipping-taxable","13":"product-type-simple"},"acf":[],"yoast_head":"<!-- This site is optimized with the Yoast SEO plugin v25.0 - https:\/\/yoast.com\/wordpress\/plugins\/seo\/ -->\n<title>Mega Light | ML Locations<\/title>\n<meta name=\"description\" content=\"MEGA Light, c\u2019est l\u2019animation r\u00e9tro digne d\u2019un spectacle son et lumi\u00e8re !\" \/>\n<meta name=\"robots\" content=\"index, follow, max-snippet:-1, max-image-preview:large, max-video-preview:-1\" \/>\n<link rel=\"canonical\" href=\"https:\/\/ml-locations.be\/nl\/locations\/mega-light\/\" \/>\n<meta property=\"og:locale\" content=\"nl_NL\" \/>\n<meta property=\"og:type\" content=\"article\" \/>\n<meta property=\"og:title\" content=\"Mega Light | ML Locations\" \/>\n<meta property=\"og:description\" content=\"MEGA Light, c\u2019est l\u2019animation r\u00e9tro digne d\u2019un spectacle son et lumi\u00e8re !\" \/>\n<meta property=\"og:url\" content=\"https:\/\/ml-locations.be\/nl\/locations\/mega-light\/\" \/>\n<meta property=\"og:site_name\" content=\"ML Locations\" \/>\n<meta property=\"article:modified_time\" content=\"2025-02-26T14:30:58+00:00\" \/>\n<meta property=\"og:image\" content=\"https:\/\/ml-locations.be\/wp-content\/uploads\/2025\/02\/animation-mega-light-tetris-tetris-arcade-just-waouh-belgique-ml-locations-1.jpeg\" \/>\n\t<meta property=\"og:image:width\" content=\"1200\" \/>\n\t<meta property=\"og:image:height\" content=\"799\" \/>\n\t<meta property=\"og:image:type\" content=\"image\/jpeg\" \/>\n<meta name=\"twitter:card\" content=\"summary_large_image\" \/>\n<meta name=\"twitter:label1\" content=\"Geschatte leestijd\" \/>\n\t<meta name=\"twitter:data1\" content=\"1 minuut\" \/>\n<script type=\"application\/ld+json\" class=\"yoast-schema-graph\">{\"@context\":\"https:\/\/schema.org\",\"@graph\":[{\"@type\":\"WebPage\",\"@id\":\"https:\/\/ml-locations.be\/nl\/locations\/mega-light\/\",\"url\":\"https:\/\/ml-locations.be\/nl\/locations\/mega-light\/\",\"name\":\"Mega Light | ML Locations\",\"isPartOf\":{\"@id\":\"https:\/\/ml-locations.be\/nl\/#website\"},\"primaryImageOfPage\":{\"@id\":\"https:\/\/ml-locations.be\/nl\/locations\/mega-light\/#primaryimage\"},\"image\":{\"@id\":\"https:\/\/ml-locations.be\/nl\/locations\/mega-light\/#primaryimage\"},\"thumbnailUrl\":\"https:\/\/ml-locations.be\/wp-content\/uploads\/2025\/02\/animation-mega-light-tetris-tetris-arcade-just-waouh-belgique-ml-locations-1.jpeg\",\"datePublished\":\"2025-02-26T09:46:10+00:00\",\"dateModified\":\"2025-02-26T14:30:58+00:00\",\"description\":\"MEGA Light, c\u2019est l\u2019animation r\u00e9tro digne d\u2019un spectacle son et lumi\u00e8re !\",\"breadcrumb\":{\"@id\":\"https:\/\/ml-locations.be\/nl\/locations\/mega-light\/#breadcrumb\"},\"inLanguage\":\"nl-NL\",\"potentialAction\":[{\"@type\":\"ReadAction\",\"target\":[\"https:\/\/ml-locations.be\/nl\/locations\/mega-light\/\"]}]},{\"@type\":\"ImageObject\",\"inLanguage\":\"nl-NL\",\"@id\":\"https:\/\/ml-locations.be\/nl\/locations\/mega-light\/#primaryimage\",\"url\":\"https:\/\/ml-locations.be\/wp-content\/uploads\/2025\/02\/animation-mega-light-tetris-tetris-arcade-just-waouh-belgique-ml-locations-1.jpeg\",\"contentUrl\":\"https:\/\/ml-locations.be\/wp-content\/uploads\/2025\/02\/animation-mega-light-tetris-tetris-arcade-just-waouh-belgique-ml-locations-1.jpeg\",\"width\":1200,\"height\":799},{\"@type\":\"BreadcrumbList\",\"@id\":\"https:\/\/ml-locations.be\/nl\/locations\/mega-light\/#breadcrumb\",\"itemListElement\":[{\"@type\":\"ListItem\",\"position\":1,\"name\":\"Accueil\",\"item\":\"https:\/\/ml-locations.be\/nl\/\"},{\"@type\":\"ListItem\",\"position\":2,\"name\":\"Winkel\",\"item\":\"https:\/\/ml-locations.be\/nl\/winkel\/\"},{\"@type\":\"ListItem\",\"position\":3,\"name\":\"Mega Light\"}]},{\"@type\":\"WebSite\",\"@id\":\"https:\/\/ml-locations.be\/nl\/#website\",\"url\":\"https:\/\/ml-locations.be\/nl\/\",\"name\":\"ML Locations\",\"description\":\"Mat\u00e9riel \u00e9v\u00e9nementiel : location chaise, table et mange debout, mat\u00e9riel horeca, frigos,...\",\"publisher\":{\"@id\":\"https:\/\/ml-locations.be\/nl\/#organization\"},\"potentialAction\":[{\"@type\":\"SearchAction\",\"target\":{\"@type\":\"EntryPoint\",\"urlTemplate\":\"https:\/\/ml-locations.be\/nl\/?s={search_term_string}\"},\"query-input\":{\"@type\":\"PropertyValueSpecification\",\"valueRequired\":true,\"valueName\":\"search_term_string\"}}],\"inLanguage\":\"nl-NL\"},{\"@type\":\"Organization\",\"@id\":\"https:\/\/ml-locations.be\/nl\/#organization\",\"name\":\"ML Locations\",\"url\":\"https:\/\/ml-locations.be\/nl\/\",\"logo\":{\"@type\":\"ImageObject\",\"inLanguage\":\"nl-NL\",\"@id\":\"https:\/\/ml-locations.be\/nl\/#\/schema\/logo\/image\/\",\"url\":\"https:\/\/ml-locations.be\/wp-content\/uploads\/2018\/05\/LOGO-location-BON.png\",\"contentUrl\":\"https:\/\/ml-locations.be\/wp-content\/uploads\/2018\/05\/LOGO-location-BON.png\",\"width\":1200,\"height\":1200,\"caption\":\"ML Locations\"},\"image\":{\"@id\":\"https:\/\/ml-locations.be\/nl\/#\/schema\/logo\/image\/\"}}]}<\/script>\n<!-- \/ Yoast SEO plugin. -->","yoast_head_json":{"title":"Mega Light | ML Locations","description":"MEGA Light, c\u2019est l\u2019animation r\u00e9tro digne d\u2019un spectacle son et lumi\u00e8re !","robots":{"index":"index","follow":"follow","max-snippet":"max-snippet:-1","max-image-preview":"max-image-preview:large","max-video-preview":"max-video-preview:-1"},"canonical":"https:\/\/ml-locations.be\/nl\/locations\/mega-light\/","og_locale":"nl_NL","og_type":"article","og_title":"Mega Light | ML Locations","og_description":"MEGA Light, c\u2019est l\u2019animation r\u00e9tro digne d\u2019un spectacle son et lumi\u00e8re !","og_url":"https:\/\/ml-locations.be\/nl\/locations\/mega-light\/","og_site_name":"ML Locations","article_modified_time":"2025-02-26T14:30:58+00:00","og_image":[{"width":1200,"height":799,"url":"https:\/\/ml-locations.be\/wp-content\/uploads\/2025\/02\/animation-mega-light-tetris-tetris-arcade-just-waouh-belgique-ml-locations-1.jpeg","type":"image\/jpeg"}],"twitter_card":"summary_large_image","twitter_misc":{"Geschatte leestijd":"1 minuut"},"schema":{"@context":"https:\/\/schema.org","@graph":[{"@type":"WebPage","@id":"https:\/\/ml-locations.be\/nl\/locations\/mega-light\/","url":"https:\/\/ml-locations.be\/nl\/locations\/mega-light\/","name":"Mega Light | ML Locations","isPartOf":{"@id":"https:\/\/ml-locations.be\/nl\/#website"},"primaryImageOfPage":{"@id":"https:\/\/ml-locations.be\/nl\/locations\/mega-light\/#primaryimage"},"image":{"@id":"https:\/\/ml-locations.be\/nl\/locations\/mega-light\/#primaryimage"},"thumbnailUrl":"https:\/\/ml-locations.be\/wp-content\/uploads\/2025\/02\/animation-mega-light-tetris-tetris-arcade-just-waouh-belgique-ml-locations-1.jpeg","datePublished":"2025-02-26T09:46:10+00:00","dateModified":"2025-02-26T14:30:58+00:00","description":"MEGA Light, c\u2019est l\u2019animation r\u00e9tro digne d\u2019un spectacle son et lumi\u00e8re !","breadcrumb":{"@id":"https:\/\/ml-locations.be\/nl\/locations\/mega-light\/#breadcrumb"},"inLanguage":"nl-NL","potentialAction":[{"@type":"ReadAction","target":["https:\/\/ml-locations.be\/nl\/locations\/mega-light\/"]}]},{"@type":"ImageObject","inLanguage":"nl-NL","@id":"https:\/\/ml-locations.be\/nl\/locations\/mega-light\/#primaryimage","url":"https:\/\/ml-locations.be\/wp-content\/uploads\/2025\/02\/animation-mega-light-tetris-tetris-arcade-just-waouh-belgique-ml-locations-1.jpeg","contentUrl":"https:\/\/ml-locations.be\/wp-content\/uploads\/2025\/02\/animation-mega-light-tetris-tetris-arcade-just-waouh-belgique-ml-locations-1.jpeg","width":1200,"height":799},{"@type":"BreadcrumbList","@id":"https:\/\/ml-locations.be\/nl\/locations\/mega-light\/#breadcrumb","itemListElement":[{"@type":"ListItem","position":1,"name":"Accueil","item":"https:\/\/ml-locations.be\/nl\/"},{"@type":"ListItem","position":2,"name":"Winkel","item":"https:\/\/ml-locations.be\/nl\/winkel\/"},{"@type":"ListItem","position":3,"name":"Mega Light"}]},{"@type":"WebSite","@id":"https:\/\/ml-locations.be\/nl\/#website","url":"https:\/\/ml-locations.be\/nl\/","name":"ML Locations","description":"Mat\u00e9riel \u00e9v\u00e9nementiel : location chaise, table et mange debout, mat\u00e9riel horeca, frigos,...","publisher":{"@id":"https:\/\/ml-locations.be\/nl\/#organization"},"potentialAction":[{"@type":"SearchAction","target":{"@type":"EntryPoint","urlTemplate":"https:\/\/ml-locations.be\/nl\/?s={search_term_string}"},"query-input":{"@type":"PropertyValueSpecification","valueRequired":true,"valueName":"search_term_string"}}],"inLanguage":"nl-NL"},{"@type":"Organization","@id":"https:\/\/ml-locations.be\/nl\/#organization","name":"ML Locations","url":"https:\/\/ml-locations.be\/nl\/","logo":{"@type":"ImageObject","inLanguage":"nl-NL","@id":"https:\/\/ml-locations.be\/nl\/#\/schema\/logo\/image\/","url":"https:\/\/ml-locations.be\/wp-content\/uploads\/2018\/05\/LOGO-location-BON.png","contentUrl":"https:\/\/ml-locations.be\/wp-content\/uploads\/2018\/05\/LOGO-location-BON.png","width":1200,"height":1200,"caption":"ML Locations"},"image":{"@id":"https:\/\/ml-locations.be\/nl\/#\/schema\/logo\/image\/"}}]}},"_links":{"self":[{"href":"https:\/\/ml-locations.be\/nl\/wp-json\/wp\/v2\/product\/1082296","targetHints":{"allow":["GET"]}}],"collection":[{"href":"https:\/\/ml-locations.be\/nl\/wp-json\/wp\/v2\/product"}],"about":[{"href":"https:\/\/ml-locations.be\/nl\/wp-json\/wp\/v2\/types\/product"}],"wp:featuredmedia":[{"embeddable":true,"href":"https:\/\/ml-locations.be\/nl\/wp-json\/wp\/v2\/media\/1082307"}],"wp:attachment":[{"href":"https:\/\/ml-locations.be\/nl\/wp-json\/wp\/v2\/media?parent=1082296"}],"wp:term":[{"taxonomy":"product_brand","embeddable":true,"href":"https:\/\/ml-locations.be\/nl\/wp-json\/wp\/v2\/product_brand?post=1082296"},{"taxonomy":"product_cat","embeddable":true,"href":"https:\/\/ml-locations.be\/nl\/wp-json\/wp\/v2\/product_cat?post=1082296"},{"taxonomy":"product_tag","embeddable":true,"href":"https:\/\/ml-locations.be\/nl\/wp-json\/wp\/v2\/product_tag?post=1082296"}],"curies":[{"name":"wp","href":"https:\/\/api.w.org\/{rel}","templated":true}]}}