{"id":1082309,"date":"2025-02-26T11:02:18","date_gmt":"2025-02-26T10:02:18","guid":{"rendered":"https:\/\/ml-locations.be\/?post_type=product&#038;p=1082309"},"modified":"2025-07-17T10:32:26","modified_gmt":"2025-07-17T08:32:26","slug":"mega-jelly","status":"publish","type":"product","link":"https:\/\/ml-locations.be\/nl\/locations\/mega-jelly\/","title":{"rendered":"Mega Jelly"},"content":{"rendered":"<p>Plongez dans l\u2019univers de <strong data-start=\"26\" data-end=\"40\">MEGA Jelly<\/strong>, une version XXL et revisit\u00e9e du c\u00e9l\u00e8bre Pac-Man ! Aux commandes d\u2019un joystick g\u00e9ant, guidez votre m\u00e9duse \u00e0 travers un labyrinthe d\u2019algues enti\u00e8rement projet\u00e9 sur une fa\u00e7ade et con\u00e7u sur mesure. Votre objectif ? Gober un maximum de calamars pour accumuler un score impressionnant. Une exp\u00e9rience immersive et fun qui promet des sensations uniques !<\/p>\n","protected":false},"excerpt":{"rendered":"<p>Fan de jeux r\u00e9tro ? Notre animation <strong>MEGA Jelly<\/strong>, un Pac-Man revisit\u00e9 version XXL est l&#8217;animation qu&#8217;il vous faut.<\/p>\n","protected":false},"featured_media":1082310,"template":"","meta":{"_acf_changed":false},"product_brand":[],"product_cat":[239],"product_tag":[],"class_list":{"0":"post-1082309","1":"product","2":"type-product","3":"status-publish","4":"has-post-thumbnail","6":"product_cat-the-box-experiences","7":"description-off","9":"first","10":"instock","11":"taxable","12":"shipping-taxable","13":"product-type-simple"},"acf":[],"yoast_head":"<!-- This site is optimized with the Yoast SEO plugin v25.0 - https:\/\/yoast.com\/wordpress\/plugins\/seo\/ -->\n<title>Mega Jelly | ML Locations<\/title>\n<meta name=\"description\" content=\"Fan de jeux r\u00e9tro ? Notre animation MEGA Jelly, un Pac-Man revisit\u00e9 version XXL est l&#039;animation qu&#039;il vous faut.\" \/>\n<meta name=\"robots\" content=\"index, follow, max-snippet:-1, max-image-preview:large, max-video-preview:-1\" \/>\n<link rel=\"canonical\" href=\"https:\/\/ml-locations.be\/nl\/locations\/mega-jelly\/\" \/>\n<meta property=\"og:locale\" content=\"nl_NL\" \/>\n<meta property=\"og:type\" content=\"article\" \/>\n<meta property=\"og:title\" content=\"Mega Jelly | ML Locations\" \/>\n<meta property=\"og:description\" content=\"Fan de jeux r\u00e9tro ? Notre animation MEGA Jelly, un Pac-Man revisit\u00e9 version XXL est l&#039;animation qu&#039;il vous faut.\" \/>\n<meta property=\"og:url\" content=\"https:\/\/ml-locations.be\/nl\/locations\/mega-jelly\/\" \/>\n<meta property=\"og:site_name\" content=\"ML Locations\" \/>\n<meta property=\"article:modified_time\" content=\"2025-07-17T08:32:26+00:00\" \/>\n<meta property=\"og:image\" content=\"https:\/\/ml-locations.be\/wp-content\/uploads\/2025\/02\/animation-mega-jelly-arcade-belgique-france-luxembourg-ml-locations-4-rotated.jpg\" \/>\n\t<meta property=\"og:image:width\" content=\"480\" \/>\n\t<meta property=\"og:image:height\" content=\"640\" \/>\n\t<meta property=\"og:image:type\" content=\"image\/jpeg\" \/>\n<meta name=\"twitter:card\" content=\"summary_large_image\" \/>\n<meta name=\"twitter:label1\" content=\"Geschatte leestijd\" \/>\n\t<meta name=\"twitter:data1\" content=\"1 minuut\" \/>\n<script type=\"application\/ld+json\" class=\"yoast-schema-graph\">{\"@context\":\"https:\/\/schema.org\",\"@graph\":[{\"@type\":\"WebPage\",\"@id\":\"https:\/\/ml-locations.be\/nl\/locations\/mega-jelly\/\",\"url\":\"https:\/\/ml-locations.be\/nl\/locations\/mega-jelly\/\",\"name\":\"Mega Jelly | ML Locations\",\"isPartOf\":{\"@id\":\"https:\/\/ml-locations.be\/nl\/#website\"},\"primaryImageOfPage\":{\"@id\":\"https:\/\/ml-locations.be\/nl\/locations\/mega-jelly\/#primaryimage\"},\"image\":{\"@id\":\"https:\/\/ml-locations.be\/nl\/locations\/mega-jelly\/#primaryimage\"},\"thumbnailUrl\":\"https:\/\/ml-locations.be\/wp-content\/uploads\/2025\/02\/animation-mega-jelly-arcade-belgique-france-luxembourg-ml-locations-4-rotated.jpg\",\"datePublished\":\"2025-02-26T10:02:18+00:00\",\"dateModified\":\"2025-07-17T08:32:26+00:00\",\"description\":\"Fan de jeux r\u00e9tro ? Notre animation MEGA Jelly, un Pac-Man revisit\u00e9 version XXL est l'animation qu'il vous faut.\",\"breadcrumb\":{\"@id\":\"https:\/\/ml-locations.be\/nl\/locations\/mega-jelly\/#breadcrumb\"},\"inLanguage\":\"nl-NL\",\"potentialAction\":[{\"@type\":\"ReadAction\",\"target\":[\"https:\/\/ml-locations.be\/nl\/locations\/mega-jelly\/\"]}]},{\"@type\":\"ImageObject\",\"inLanguage\":\"nl-NL\",\"@id\":\"https:\/\/ml-locations.be\/nl\/locations\/mega-jelly\/#primaryimage\",\"url\":\"https:\/\/ml-locations.be\/wp-content\/uploads\/2025\/02\/animation-mega-jelly-arcade-belgique-france-luxembourg-ml-locations-4-rotated.jpg\",\"contentUrl\":\"https:\/\/ml-locations.be\/wp-content\/uploads\/2025\/02\/animation-mega-jelly-arcade-belgique-france-luxembourg-ml-locations-4-rotated.jpg\",\"width\":480,\"height\":640},{\"@type\":\"BreadcrumbList\",\"@id\":\"https:\/\/ml-locations.be\/nl\/locations\/mega-jelly\/#breadcrumb\",\"itemListElement\":[{\"@type\":\"ListItem\",\"position\":1,\"name\":\"Accueil\",\"item\":\"https:\/\/ml-locations.be\/nl\/\"},{\"@type\":\"ListItem\",\"position\":2,\"name\":\"Winkel\",\"item\":\"https:\/\/ml-locations.be\/nl\/winkel\/\"},{\"@type\":\"ListItem\",\"position\":3,\"name\":\"Mega Jelly\"}]},{\"@type\":\"WebSite\",\"@id\":\"https:\/\/ml-locations.be\/nl\/#website\",\"url\":\"https:\/\/ml-locations.be\/nl\/\",\"name\":\"ML Locations\",\"description\":\"Mat\u00e9riel \u00e9v\u00e9nementiel : location chaise, table et mange debout, mat\u00e9riel horeca, frigos,...\",\"publisher\":{\"@id\":\"https:\/\/ml-locations.be\/nl\/#organization\"},\"potentialAction\":[{\"@type\":\"SearchAction\",\"target\":{\"@type\":\"EntryPoint\",\"urlTemplate\":\"https:\/\/ml-locations.be\/nl\/?s={search_term_string}\"},\"query-input\":{\"@type\":\"PropertyValueSpecification\",\"valueRequired\":true,\"valueName\":\"search_term_string\"}}],\"inLanguage\":\"nl-NL\"},{\"@type\":\"Organization\",\"@id\":\"https:\/\/ml-locations.be\/nl\/#organization\",\"name\":\"ML Locations\",\"url\":\"https:\/\/ml-locations.be\/nl\/\",\"logo\":{\"@type\":\"ImageObject\",\"inLanguage\":\"nl-NL\",\"@id\":\"https:\/\/ml-locations.be\/nl\/#\/schema\/logo\/image\/\",\"url\":\"https:\/\/ml-locations.be\/wp-content\/uploads\/2018\/05\/LOGO-location-BON.png\",\"contentUrl\":\"https:\/\/ml-locations.be\/wp-content\/uploads\/2018\/05\/LOGO-location-BON.png\",\"width\":1200,\"height\":1200,\"caption\":\"ML Locations\"},\"image\":{\"@id\":\"https:\/\/ml-locations.be\/nl\/#\/schema\/logo\/image\/\"}}]}<\/script>\n<!-- \/ Yoast SEO plugin. -->","yoast_head_json":{"title":"Mega Jelly | ML Locations","description":"Fan de jeux r\u00e9tro ? Notre animation MEGA Jelly, un Pac-Man revisit\u00e9 version XXL est l'animation qu'il vous faut.","robots":{"index":"index","follow":"follow","max-snippet":"max-snippet:-1","max-image-preview":"max-image-preview:large","max-video-preview":"max-video-preview:-1"},"canonical":"https:\/\/ml-locations.be\/nl\/locations\/mega-jelly\/","og_locale":"nl_NL","og_type":"article","og_title":"Mega Jelly | ML Locations","og_description":"Fan de jeux r\u00e9tro ? Notre animation MEGA Jelly, un Pac-Man revisit\u00e9 version XXL est l'animation qu'il vous faut.","og_url":"https:\/\/ml-locations.be\/nl\/locations\/mega-jelly\/","og_site_name":"ML Locations","article_modified_time":"2025-07-17T08:32:26+00:00","og_image":[{"width":480,"height":640,"url":"https:\/\/ml-locations.be\/wp-content\/uploads\/2025\/02\/animation-mega-jelly-arcade-belgique-france-luxembourg-ml-locations-4-rotated.jpg","type":"image\/jpeg"}],"twitter_card":"summary_large_image","twitter_misc":{"Geschatte leestijd":"1 minuut"},"schema":{"@context":"https:\/\/schema.org","@graph":[{"@type":"WebPage","@id":"https:\/\/ml-locations.be\/nl\/locations\/mega-jelly\/","url":"https:\/\/ml-locations.be\/nl\/locations\/mega-jelly\/","name":"Mega Jelly | ML Locations","isPartOf":{"@id":"https:\/\/ml-locations.be\/nl\/#website"},"primaryImageOfPage":{"@id":"https:\/\/ml-locations.be\/nl\/locations\/mega-jelly\/#primaryimage"},"image":{"@id":"https:\/\/ml-locations.be\/nl\/locations\/mega-jelly\/#primaryimage"},"thumbnailUrl":"https:\/\/ml-locations.be\/wp-content\/uploads\/2025\/02\/animation-mega-jelly-arcade-belgique-france-luxembourg-ml-locations-4-rotated.jpg","datePublished":"2025-02-26T10:02:18+00:00","dateModified":"2025-07-17T08:32:26+00:00","description":"Fan de jeux r\u00e9tro ? Notre animation MEGA Jelly, un Pac-Man revisit\u00e9 version XXL est l'animation qu'il vous faut.","breadcrumb":{"@id":"https:\/\/ml-locations.be\/nl\/locations\/mega-jelly\/#breadcrumb"},"inLanguage":"nl-NL","potentialAction":[{"@type":"ReadAction","target":["https:\/\/ml-locations.be\/nl\/locations\/mega-jelly\/"]}]},{"@type":"ImageObject","inLanguage":"nl-NL","@id":"https:\/\/ml-locations.be\/nl\/locations\/mega-jelly\/#primaryimage","url":"https:\/\/ml-locations.be\/wp-content\/uploads\/2025\/02\/animation-mega-jelly-arcade-belgique-france-luxembourg-ml-locations-4-rotated.jpg","contentUrl":"https:\/\/ml-locations.be\/wp-content\/uploads\/2025\/02\/animation-mega-jelly-arcade-belgique-france-luxembourg-ml-locations-4-rotated.jpg","width":480,"height":640},{"@type":"BreadcrumbList","@id":"https:\/\/ml-locations.be\/nl\/locations\/mega-jelly\/#breadcrumb","itemListElement":[{"@type":"ListItem","position":1,"name":"Accueil","item":"https:\/\/ml-locations.be\/nl\/"},{"@type":"ListItem","position":2,"name":"Winkel","item":"https:\/\/ml-locations.be\/nl\/winkel\/"},{"@type":"ListItem","position":3,"name":"Mega Jelly"}]},{"@type":"WebSite","@id":"https:\/\/ml-locations.be\/nl\/#website","url":"https:\/\/ml-locations.be\/nl\/","name":"ML Locations","description":"Mat\u00e9riel \u00e9v\u00e9nementiel : location chaise, table et mange debout, mat\u00e9riel horeca, frigos,...","publisher":{"@id":"https:\/\/ml-locations.be\/nl\/#organization"},"potentialAction":[{"@type":"SearchAction","target":{"@type":"EntryPoint","urlTemplate":"https:\/\/ml-locations.be\/nl\/?s={search_term_string}"},"query-input":{"@type":"PropertyValueSpecification","valueRequired":true,"valueName":"search_term_string"}}],"inLanguage":"nl-NL"},{"@type":"Organization","@id":"https:\/\/ml-locations.be\/nl\/#organization","name":"ML Locations","url":"https:\/\/ml-locations.be\/nl\/","logo":{"@type":"ImageObject","inLanguage":"nl-NL","@id":"https:\/\/ml-locations.be\/nl\/#\/schema\/logo\/image\/","url":"https:\/\/ml-locations.be\/wp-content\/uploads\/2018\/05\/LOGO-location-BON.png","contentUrl":"https:\/\/ml-locations.be\/wp-content\/uploads\/2018\/05\/LOGO-location-BON.png","width":1200,"height":1200,"caption":"ML Locations"},"image":{"@id":"https:\/\/ml-locations.be\/nl\/#\/schema\/logo\/image\/"}}]}},"_links":{"self":[{"href":"https:\/\/ml-locations.be\/nl\/wp-json\/wp\/v2\/product\/1082309","targetHints":{"allow":["GET"]}}],"collection":[{"href":"https:\/\/ml-locations.be\/nl\/wp-json\/wp\/v2\/product"}],"about":[{"href":"https:\/\/ml-locations.be\/nl\/wp-json\/wp\/v2\/types\/product"}],"wp:featuredmedia":[{"embeddable":true,"href":"https:\/\/ml-locations.be\/nl\/wp-json\/wp\/v2\/media\/1082310"}],"wp:attachment":[{"href":"https:\/\/ml-locations.be\/nl\/wp-json\/wp\/v2\/media?parent=1082309"}],"wp:term":[{"taxonomy":"product_brand","embeddable":true,"href":"https:\/\/ml-locations.be\/nl\/wp-json\/wp\/v2\/product_brand?post=1082309"},{"taxonomy":"product_cat","embeddable":true,"href":"https:\/\/ml-locations.be\/nl\/wp-json\/wp\/v2\/product_cat?post=1082309"},{"taxonomy":"product_tag","embeddable":true,"href":"https:\/\/ml-locations.be\/nl\/wp-json\/wp\/v2\/product_tag?post=1082309"}],"curies":[{"name":"wp","href":"https:\/\/api.w.org\/{rel}","templated":true}]}}