{"id":1082322,"date":"2025-02-26T11:21:19","date_gmt":"2025-02-26T10:21:19","guid":{"rendered":"https:\/\/ml-locations.be\/?post_type=product&#038;p=1082322"},"modified":"2025-07-17T10:31:00","modified_gmt":"2025-07-17T08:31:00","slug":"mega-laser","status":"publish","type":"product","link":"https:\/\/ml-locations.be\/nl\/locations\/mega-laser\/","title":{"rendered":"Mega Laser"},"content":{"rendered":"<p>Envie d\u2019une animation r\u00e9tro et originale pour dynamiser votre \u00e9v\u00e9nement ? Plongez dans <strong data-start=\"87\" data-end=\"101\">MEGA Laser<\/strong>, une exp\u00e9rience interactive inspir\u00e9e du mythique jeu d\u2019arcade <em data-start=\"164\" data-end=\"175\">Asteroids<\/em> ! \u00c9quip\u00e9 d\u2019un sac \u00e0 dos spatial, inclinez-vous pour piloter votre vaisseau et d\u00e9truire les m\u00e9t\u00e9orites qui se dressent sur votre chemin. Gr\u00e2ce \u00e0 une projection sur \u00e9cran g\u00e9ant et des effets laser spectaculaires, l\u2019immersion est totale\u2026<\/p>\n","protected":false},"excerpt":{"rendered":"<p>D\u00e9couvrez <strong>l\u2019animation interactive MEGA Laser<\/strong>, inspir\u00e9e du c\u00e9l\u00e8bre<strong> jeu d\u2019arcade Asteroids.<\/strong><\/p>\n","protected":false},"featured_media":1082323,"template":"","meta":{"_acf_changed":false},"product_brand":[],"product_cat":[239],"product_tag":[],"class_list":{"0":"post-1082322","1":"product","2":"type-product","3":"status-publish","4":"has-post-thumbnail","6":"product_cat-the-box-experiences","7":"description-off","9":"first","10":"instock","11":"taxable","12":"shipping-taxable","13":"product-type-simple"},"acf":[],"yoast_head":"<!-- This site is optimized with the Yoast SEO plugin v25.0 - https:\/\/yoast.com\/wordpress\/plugins\/seo\/ -->\n<title>Mega Laser | ML Locations<\/title>\n<meta name=\"description\" content=\"D\u00e9couvrez l\u2019animation interactive MEGA Laser, inspir\u00e9e du c\u00e9l\u00e8bre jeu d\u2019arcade Asteroids.\" \/>\n<meta name=\"robots\" content=\"index, follow, max-snippet:-1, max-image-preview:large, max-video-preview:-1\" \/>\n<link rel=\"canonical\" href=\"https:\/\/ml-locations.be\/nl\/locations\/mega-laser\/\" \/>\n<meta property=\"og:locale\" content=\"nl_NL\" \/>\n<meta property=\"og:type\" content=\"article\" \/>\n<meta property=\"og:title\" content=\"Mega Laser | ML Locations\" \/>\n<meta property=\"og:description\" content=\"D\u00e9couvrez l\u2019animation interactive MEGA Laser, inspir\u00e9e du c\u00e9l\u00e8bre jeu d\u2019arcade Asteroids.\" \/>\n<meta property=\"og:url\" content=\"https:\/\/ml-locations.be\/nl\/locations\/mega-laser\/\" \/>\n<meta property=\"og:site_name\" content=\"ML Locations\" \/>\n<meta property=\"article:modified_time\" content=\"2025-07-17T08:31:00+00:00\" \/>\n<meta property=\"og:image\" content=\"https:\/\/ml-locations.be\/wp-content\/uploads\/2025\/02\/animation-mega-laser-arcade-belgique-france-luxembourg-ml-locations-2.jpg\" \/>\n\t<meta property=\"og:image:width\" content=\"1200\" \/>\n\t<meta property=\"og:image:height\" content=\"900\" \/>\n\t<meta property=\"og:image:type\" content=\"image\/jpeg\" \/>\n<meta name=\"twitter:card\" content=\"summary_large_image\" \/>\n<meta name=\"twitter:label1\" content=\"Geschatte leestijd\" \/>\n\t<meta name=\"twitter:data1\" content=\"1 minuut\" \/>\n<script type=\"application\/ld+json\" class=\"yoast-schema-graph\">{\"@context\":\"https:\/\/schema.org\",\"@graph\":[{\"@type\":\"WebPage\",\"@id\":\"https:\/\/ml-locations.be\/nl\/locations\/mega-laser\/\",\"url\":\"https:\/\/ml-locations.be\/nl\/locations\/mega-laser\/\",\"name\":\"Mega Laser | ML Locations\",\"isPartOf\":{\"@id\":\"https:\/\/ml-locations.be\/nl\/#website\"},\"primaryImageOfPage\":{\"@id\":\"https:\/\/ml-locations.be\/nl\/locations\/mega-laser\/#primaryimage\"},\"image\":{\"@id\":\"https:\/\/ml-locations.be\/nl\/locations\/mega-laser\/#primaryimage\"},\"thumbnailUrl\":\"https:\/\/ml-locations.be\/wp-content\/uploads\/2025\/02\/animation-mega-laser-arcade-belgique-france-luxembourg-ml-locations-2.jpg\",\"datePublished\":\"2025-02-26T10:21:19+00:00\",\"dateModified\":\"2025-07-17T08:31:00+00:00\",\"description\":\"D\u00e9couvrez l\u2019animation interactive MEGA Laser, inspir\u00e9e du c\u00e9l\u00e8bre jeu d\u2019arcade Asteroids.\",\"breadcrumb\":{\"@id\":\"https:\/\/ml-locations.be\/nl\/locations\/mega-laser\/#breadcrumb\"},\"inLanguage\":\"nl-NL\",\"potentialAction\":[{\"@type\":\"ReadAction\",\"target\":[\"https:\/\/ml-locations.be\/nl\/locations\/mega-laser\/\"]}]},{\"@type\":\"ImageObject\",\"inLanguage\":\"nl-NL\",\"@id\":\"https:\/\/ml-locations.be\/nl\/locations\/mega-laser\/#primaryimage\",\"url\":\"https:\/\/ml-locations.be\/wp-content\/uploads\/2025\/02\/animation-mega-laser-arcade-belgique-france-luxembourg-ml-locations-2.jpg\",\"contentUrl\":\"https:\/\/ml-locations.be\/wp-content\/uploads\/2025\/02\/animation-mega-laser-arcade-belgique-france-luxembourg-ml-locations-2.jpg\",\"width\":1200,\"height\":900},{\"@type\":\"BreadcrumbList\",\"@id\":\"https:\/\/ml-locations.be\/nl\/locations\/mega-laser\/#breadcrumb\",\"itemListElement\":[{\"@type\":\"ListItem\",\"position\":1,\"name\":\"Accueil\",\"item\":\"https:\/\/ml-locations.be\/nl\/\"},{\"@type\":\"ListItem\",\"position\":2,\"name\":\"Winkel\",\"item\":\"https:\/\/ml-locations.be\/nl\/winkel\/\"},{\"@type\":\"ListItem\",\"position\":3,\"name\":\"Mega Laser\"}]},{\"@type\":\"WebSite\",\"@id\":\"https:\/\/ml-locations.be\/nl\/#website\",\"url\":\"https:\/\/ml-locations.be\/nl\/\",\"name\":\"ML Locations\",\"description\":\"Mat\u00e9riel \u00e9v\u00e9nementiel : location chaise, table et mange debout, mat\u00e9riel horeca, frigos,...\",\"publisher\":{\"@id\":\"https:\/\/ml-locations.be\/nl\/#organization\"},\"potentialAction\":[{\"@type\":\"SearchAction\",\"target\":{\"@type\":\"EntryPoint\",\"urlTemplate\":\"https:\/\/ml-locations.be\/nl\/?s={search_term_string}\"},\"query-input\":{\"@type\":\"PropertyValueSpecification\",\"valueRequired\":true,\"valueName\":\"search_term_string\"}}],\"inLanguage\":\"nl-NL\"},{\"@type\":\"Organization\",\"@id\":\"https:\/\/ml-locations.be\/nl\/#organization\",\"name\":\"ML Locations\",\"url\":\"https:\/\/ml-locations.be\/nl\/\",\"logo\":{\"@type\":\"ImageObject\",\"inLanguage\":\"nl-NL\",\"@id\":\"https:\/\/ml-locations.be\/nl\/#\/schema\/logo\/image\/\",\"url\":\"https:\/\/ml-locations.be\/wp-content\/uploads\/2018\/05\/LOGO-location-BON.png\",\"contentUrl\":\"https:\/\/ml-locations.be\/wp-content\/uploads\/2018\/05\/LOGO-location-BON.png\",\"width\":1200,\"height\":1200,\"caption\":\"ML Locations\"},\"image\":{\"@id\":\"https:\/\/ml-locations.be\/nl\/#\/schema\/logo\/image\/\"}}]}<\/script>\n<!-- \/ Yoast SEO plugin. -->","yoast_head_json":{"title":"Mega Laser | ML Locations","description":"D\u00e9couvrez l\u2019animation interactive MEGA Laser, inspir\u00e9e du c\u00e9l\u00e8bre jeu d\u2019arcade Asteroids.","robots":{"index":"index","follow":"follow","max-snippet":"max-snippet:-1","max-image-preview":"max-image-preview:large","max-video-preview":"max-video-preview:-1"},"canonical":"https:\/\/ml-locations.be\/nl\/locations\/mega-laser\/","og_locale":"nl_NL","og_type":"article","og_title":"Mega Laser | ML Locations","og_description":"D\u00e9couvrez l\u2019animation interactive MEGA Laser, inspir\u00e9e du c\u00e9l\u00e8bre jeu d\u2019arcade Asteroids.","og_url":"https:\/\/ml-locations.be\/nl\/locations\/mega-laser\/","og_site_name":"ML Locations","article_modified_time":"2025-07-17T08:31:00+00:00","og_image":[{"width":1200,"height":900,"url":"https:\/\/ml-locations.be\/wp-content\/uploads\/2025\/02\/animation-mega-laser-arcade-belgique-france-luxembourg-ml-locations-2.jpg","type":"image\/jpeg"}],"twitter_card":"summary_large_image","twitter_misc":{"Geschatte leestijd":"1 minuut"},"schema":{"@context":"https:\/\/schema.org","@graph":[{"@type":"WebPage","@id":"https:\/\/ml-locations.be\/nl\/locations\/mega-laser\/","url":"https:\/\/ml-locations.be\/nl\/locations\/mega-laser\/","name":"Mega Laser | ML Locations","isPartOf":{"@id":"https:\/\/ml-locations.be\/nl\/#website"},"primaryImageOfPage":{"@id":"https:\/\/ml-locations.be\/nl\/locations\/mega-laser\/#primaryimage"},"image":{"@id":"https:\/\/ml-locations.be\/nl\/locations\/mega-laser\/#primaryimage"},"thumbnailUrl":"https:\/\/ml-locations.be\/wp-content\/uploads\/2025\/02\/animation-mega-laser-arcade-belgique-france-luxembourg-ml-locations-2.jpg","datePublished":"2025-02-26T10:21:19+00:00","dateModified":"2025-07-17T08:31:00+00:00","description":"D\u00e9couvrez l\u2019animation interactive MEGA Laser, inspir\u00e9e du c\u00e9l\u00e8bre jeu d\u2019arcade Asteroids.","breadcrumb":{"@id":"https:\/\/ml-locations.be\/nl\/locations\/mega-laser\/#breadcrumb"},"inLanguage":"nl-NL","potentialAction":[{"@type":"ReadAction","target":["https:\/\/ml-locations.be\/nl\/locations\/mega-laser\/"]}]},{"@type":"ImageObject","inLanguage":"nl-NL","@id":"https:\/\/ml-locations.be\/nl\/locations\/mega-laser\/#primaryimage","url":"https:\/\/ml-locations.be\/wp-content\/uploads\/2025\/02\/animation-mega-laser-arcade-belgique-france-luxembourg-ml-locations-2.jpg","contentUrl":"https:\/\/ml-locations.be\/wp-content\/uploads\/2025\/02\/animation-mega-laser-arcade-belgique-france-luxembourg-ml-locations-2.jpg","width":1200,"height":900},{"@type":"BreadcrumbList","@id":"https:\/\/ml-locations.be\/nl\/locations\/mega-laser\/#breadcrumb","itemListElement":[{"@type":"ListItem","position":1,"name":"Accueil","item":"https:\/\/ml-locations.be\/nl\/"},{"@type":"ListItem","position":2,"name":"Winkel","item":"https:\/\/ml-locations.be\/nl\/winkel\/"},{"@type":"ListItem","position":3,"name":"Mega Laser"}]},{"@type":"WebSite","@id":"https:\/\/ml-locations.be\/nl\/#website","url":"https:\/\/ml-locations.be\/nl\/","name":"ML Locations","description":"Mat\u00e9riel \u00e9v\u00e9nementiel : location chaise, table et mange debout, mat\u00e9riel horeca, frigos,...","publisher":{"@id":"https:\/\/ml-locations.be\/nl\/#organization"},"potentialAction":[{"@type":"SearchAction","target":{"@type":"EntryPoint","urlTemplate":"https:\/\/ml-locations.be\/nl\/?s={search_term_string}"},"query-input":{"@type":"PropertyValueSpecification","valueRequired":true,"valueName":"search_term_string"}}],"inLanguage":"nl-NL"},{"@type":"Organization","@id":"https:\/\/ml-locations.be\/nl\/#organization","name":"ML Locations","url":"https:\/\/ml-locations.be\/nl\/","logo":{"@type":"ImageObject","inLanguage":"nl-NL","@id":"https:\/\/ml-locations.be\/nl\/#\/schema\/logo\/image\/","url":"https:\/\/ml-locations.be\/wp-content\/uploads\/2018\/05\/LOGO-location-BON.png","contentUrl":"https:\/\/ml-locations.be\/wp-content\/uploads\/2018\/05\/LOGO-location-BON.png","width":1200,"height":1200,"caption":"ML Locations"},"image":{"@id":"https:\/\/ml-locations.be\/nl\/#\/schema\/logo\/image\/"}}]}},"_links":{"self":[{"href":"https:\/\/ml-locations.be\/nl\/wp-json\/wp\/v2\/product\/1082322","targetHints":{"allow":["GET"]}}],"collection":[{"href":"https:\/\/ml-locations.be\/nl\/wp-json\/wp\/v2\/product"}],"about":[{"href":"https:\/\/ml-locations.be\/nl\/wp-json\/wp\/v2\/types\/product"}],"wp:featuredmedia":[{"embeddable":true,"href":"https:\/\/ml-locations.be\/nl\/wp-json\/wp\/v2\/media\/1082323"}],"wp:attachment":[{"href":"https:\/\/ml-locations.be\/nl\/wp-json\/wp\/v2\/media?parent=1082322"}],"wp:term":[{"taxonomy":"product_brand","embeddable":true,"href":"https:\/\/ml-locations.be\/nl\/wp-json\/wp\/v2\/product_brand?post=1082322"},{"taxonomy":"product_cat","embeddable":true,"href":"https:\/\/ml-locations.be\/nl\/wp-json\/wp\/v2\/product_cat?post=1082322"},{"taxonomy":"product_tag","embeddable":true,"href":"https:\/\/ml-locations.be\/nl\/wp-json\/wp\/v2\/product_tag?post=1082322"}],"curies":[{"name":"wp","href":"https:\/\/api.w.org\/{rel}","templated":true}]}}