{"id":1083607,"date":"2025-03-19T14:22:32","date_gmt":"2025-03-19T13:22:32","guid":{"rendered":"https:\/\/ml-locations.be\/?post_type=product&#038;p=1083607"},"modified":"2025-07-17T11:42:32","modified_gmt":"2025-07-17T09:42:32","slug":"bol-oxido-black-13cl","status":"publish","type":"product","link":"https:\/\/ml-locations.be\/nl\/locations\/bol-oxido-black-13cl\/","title":{"rendered":"Bol Oxido Black 13 cl"},"content":{"rendered":"<p><strong>Bol en location<\/strong> : Bol de 13cl de la gamme &#8220;Oxido Black&#8221; parfait pour vos ap\u00e9ritifs et vos desserts soit dans le cadre d&#8217;un mariage, d&#8217;une communion, d&#8217;un \u00e9v\u00e9nement, d&#8217;un repas d&#8217;entreprise ou d&#8217;un repas de famille!<\/p>\n<p>Ces \u00e9l\u00e9gants petits bols embelliront le dressage de votre <strong>table<\/strong>. De plus, leur couleur noire permettra de se marier avec toutes les <strong>d\u00e9corations<\/strong> que vous avez imagin\u00e9es.<\/p>\n<p>Le service Oxido Black se veut <strong>moderne<\/strong> et ultra chic, il mettra les plats en \u00e9vidence!<\/p>\n<p>Les assiettes en location <strong>peuvent \u00eatre rendues sales<\/strong> en fin de location et ce sans frais suppl\u00e9mentaire, il faut juste retirer les restes de nourritures.<\/p>\n<p>De puissants tons noirs alternant avec des touches gris m\u00e9talliques donnent un aspect luxueux \u00e0 cette collection.<\/p>\n<p>Sa conception robuste accentue sa durabilit\u00e9.<\/p>\n<p>&nbsp;<\/p>\n<p>&nbsp;<\/p>\n<p>&nbsp;<\/p>\n","protected":false},"excerpt":{"rendered":"<p>Bol &#8220;Oxido Black&#8221; de 13cl en location pour tous vos repas et vos banquets.<\/p>\n","protected":false},"featured_media":1083612,"template":"","meta":{"_acf_changed":false},"product_brand":[],"product_cat":[256,29,33],"product_tag":[],"class_list":{"0":"post-1083607","1":"product","2":"type-product","3":"status-publish","4":"has-post-thumbnail","6":"product_cat-verrines","7":"product_cat-materiel-horeca-en-location","8":"product_cat-location-vaisselle","9":"description-off","11":"first","12":"instock","13":"taxable","14":"shipping-taxable","15":"purchasable","16":"product-type-simple"},"acf":[],"yoast_head":"<!-- This site is optimized with the Yoast SEO plugin v25.0 - https:\/\/yoast.com\/wordpress\/plugins\/seo\/ -->\n<title>Bol Oxido Black 13 cl | ML Locations<\/title>\n<meta name=\"description\" content=\"Bol &quot;Oxido Black&quot; de 13cl en location pour tous vos banquets, repas et \u00e9v\u00e9nements.\" \/>\n<meta name=\"robots\" content=\"index, follow, max-snippet:-1, max-image-preview:large, max-video-preview:-1\" \/>\n<link rel=\"canonical\" href=\"https:\/\/ml-locations.be\/nl\/locations\/bol-oxido-black-13cl\/\" \/>\n<meta property=\"og:locale\" content=\"nl_NL\" \/>\n<meta property=\"og:type\" content=\"article\" \/>\n<meta property=\"og:title\" content=\"Bol Oxido Black 13 cl | ML Locations\" \/>\n<meta property=\"og:description\" content=\"Bol &quot;Oxido Black&quot; de 13cl en location pour tous vos banquets, repas et \u00e9v\u00e9nements.\" \/>\n<meta property=\"og:url\" content=\"https:\/\/ml-locations.be\/nl\/locations\/bol-oxido-black-13cl\/\" \/>\n<meta property=\"og:site_name\" content=\"ML Locations\" \/>\n<meta property=\"article:modified_time\" content=\"2025-07-17T09:42:32+00:00\" \/>\n<meta property=\"og:image\" content=\"https:\/\/ml-locations.be\/wp-content\/uploads\/2025\/03\/bol-chope-Oxido.jpeg\" \/>\n\t<meta property=\"og:image:width\" content=\"1200\" \/>\n\t<meta property=\"og:image:height\" content=\"800\" \/>\n\t<meta property=\"og:image:type\" content=\"image\/jpeg\" \/>\n<meta name=\"twitter:card\" content=\"summary_large_image\" \/>\n<meta name=\"twitter:label1\" content=\"Geschatte leestijd\" \/>\n\t<meta name=\"twitter:data1\" content=\"1 minuut\" \/>\n<script type=\"application\/ld+json\" class=\"yoast-schema-graph\">{\"@context\":\"https:\/\/schema.org\",\"@graph\":[{\"@type\":\"WebPage\",\"@id\":\"https:\/\/ml-locations.be\/nl\/locations\/bol-oxido-black-13cl\/\",\"url\":\"https:\/\/ml-locations.be\/nl\/locations\/bol-oxido-black-13cl\/\",\"name\":\"Bol Oxido Black 13 cl | ML Locations\",\"isPartOf\":{\"@id\":\"https:\/\/ml-locations.be\/nl\/#website\"},\"primaryImageOfPage\":{\"@id\":\"https:\/\/ml-locations.be\/nl\/locations\/bol-oxido-black-13cl\/#primaryimage\"},\"image\":{\"@id\":\"https:\/\/ml-locations.be\/nl\/locations\/bol-oxido-black-13cl\/#primaryimage\"},\"thumbnailUrl\":\"https:\/\/ml-locations.be\/wp-content\/uploads\/2025\/03\/bol-chope-Oxido.jpeg\",\"datePublished\":\"2025-03-19T13:22:32+00:00\",\"dateModified\":\"2025-07-17T09:42:32+00:00\",\"description\":\"Bol \\\"Oxido Black\\\" de 13cl en location pour tous vos banquets, repas et \u00e9v\u00e9nements.\",\"breadcrumb\":{\"@id\":\"https:\/\/ml-locations.be\/nl\/locations\/bol-oxido-black-13cl\/#breadcrumb\"},\"inLanguage\":\"nl-NL\",\"potentialAction\":[{\"@type\":\"ReadAction\",\"target\":[\"https:\/\/ml-locations.be\/nl\/locations\/bol-oxido-black-13cl\/\"]}]},{\"@type\":\"ImageObject\",\"inLanguage\":\"nl-NL\",\"@id\":\"https:\/\/ml-locations.be\/nl\/locations\/bol-oxido-black-13cl\/#primaryimage\",\"url\":\"https:\/\/ml-locations.be\/wp-content\/uploads\/2025\/03\/bol-chope-Oxido.jpeg\",\"contentUrl\":\"https:\/\/ml-locations.be\/wp-content\/uploads\/2025\/03\/bol-chope-Oxido.jpeg\",\"width\":1200,\"height\":800},{\"@type\":\"BreadcrumbList\",\"@id\":\"https:\/\/ml-locations.be\/nl\/locations\/bol-oxido-black-13cl\/#breadcrumb\",\"itemListElement\":[{\"@type\":\"ListItem\",\"position\":1,\"name\":\"Accueil\",\"item\":\"https:\/\/ml-locations.be\/nl\/\"},{\"@type\":\"ListItem\",\"position\":2,\"name\":\"Winkel\",\"item\":\"https:\/\/ml-locations.be\/nl\/winkel\/\"},{\"@type\":\"ListItem\",\"position\":3,\"name\":\"Bol Oxido Black 13 cl\"}]},{\"@type\":\"WebSite\",\"@id\":\"https:\/\/ml-locations.be\/nl\/#website\",\"url\":\"https:\/\/ml-locations.be\/nl\/\",\"name\":\"ML Locations\",\"description\":\"Mat\u00e9riel \u00e9v\u00e9nementiel : location chaise, table et mange debout, mat\u00e9riel horeca, frigos,...\",\"publisher\":{\"@id\":\"https:\/\/ml-locations.be\/nl\/#organization\"},\"potentialAction\":[{\"@type\":\"SearchAction\",\"target\":{\"@type\":\"EntryPoint\",\"urlTemplate\":\"https:\/\/ml-locations.be\/nl\/?s={search_term_string}\"},\"query-input\":{\"@type\":\"PropertyValueSpecification\",\"valueRequired\":true,\"valueName\":\"search_term_string\"}}],\"inLanguage\":\"nl-NL\"},{\"@type\":\"Organization\",\"@id\":\"https:\/\/ml-locations.be\/nl\/#organization\",\"name\":\"ML Locations\",\"url\":\"https:\/\/ml-locations.be\/nl\/\",\"logo\":{\"@type\":\"ImageObject\",\"inLanguage\":\"nl-NL\",\"@id\":\"https:\/\/ml-locations.be\/nl\/#\/schema\/logo\/image\/\",\"url\":\"https:\/\/ml-locations.be\/wp-content\/uploads\/2018\/05\/LOGO-location-BON.png\",\"contentUrl\":\"https:\/\/ml-locations.be\/wp-content\/uploads\/2018\/05\/LOGO-location-BON.png\",\"width\":1200,\"height\":1200,\"caption\":\"ML Locations\"},\"image\":{\"@id\":\"https:\/\/ml-locations.be\/nl\/#\/schema\/logo\/image\/\"}}]}<\/script>\n<!-- \/ Yoast SEO plugin. -->","yoast_head_json":{"title":"Bol Oxido Black 13 cl | ML Locations","description":"Bol \"Oxido Black\" de 13cl en location pour tous vos banquets, repas et \u00e9v\u00e9nements.","robots":{"index":"index","follow":"follow","max-snippet":"max-snippet:-1","max-image-preview":"max-image-preview:large","max-video-preview":"max-video-preview:-1"},"canonical":"https:\/\/ml-locations.be\/nl\/locations\/bol-oxido-black-13cl\/","og_locale":"nl_NL","og_type":"article","og_title":"Bol Oxido Black 13 cl | ML Locations","og_description":"Bol \"Oxido Black\" de 13cl en location pour tous vos banquets, repas et \u00e9v\u00e9nements.","og_url":"https:\/\/ml-locations.be\/nl\/locations\/bol-oxido-black-13cl\/","og_site_name":"ML Locations","article_modified_time":"2025-07-17T09:42:32+00:00","og_image":[{"width":1200,"height":800,"url":"https:\/\/ml-locations.be\/wp-content\/uploads\/2025\/03\/bol-chope-Oxido.jpeg","type":"image\/jpeg"}],"twitter_card":"summary_large_image","twitter_misc":{"Geschatte leestijd":"1 minuut"},"schema":{"@context":"https:\/\/schema.org","@graph":[{"@type":"WebPage","@id":"https:\/\/ml-locations.be\/nl\/locations\/bol-oxido-black-13cl\/","url":"https:\/\/ml-locations.be\/nl\/locations\/bol-oxido-black-13cl\/","name":"Bol Oxido Black 13 cl | ML Locations","isPartOf":{"@id":"https:\/\/ml-locations.be\/nl\/#website"},"primaryImageOfPage":{"@id":"https:\/\/ml-locations.be\/nl\/locations\/bol-oxido-black-13cl\/#primaryimage"},"image":{"@id":"https:\/\/ml-locations.be\/nl\/locations\/bol-oxido-black-13cl\/#primaryimage"},"thumbnailUrl":"https:\/\/ml-locations.be\/wp-content\/uploads\/2025\/03\/bol-chope-Oxido.jpeg","datePublished":"2025-03-19T13:22:32+00:00","dateModified":"2025-07-17T09:42:32+00:00","description":"Bol \"Oxido Black\" de 13cl en location pour tous vos banquets, repas et \u00e9v\u00e9nements.","breadcrumb":{"@id":"https:\/\/ml-locations.be\/nl\/locations\/bol-oxido-black-13cl\/#breadcrumb"},"inLanguage":"nl-NL","potentialAction":[{"@type":"ReadAction","target":["https:\/\/ml-locations.be\/nl\/locations\/bol-oxido-black-13cl\/"]}]},{"@type":"ImageObject","inLanguage":"nl-NL","@id":"https:\/\/ml-locations.be\/nl\/locations\/bol-oxido-black-13cl\/#primaryimage","url":"https:\/\/ml-locations.be\/wp-content\/uploads\/2025\/03\/bol-chope-Oxido.jpeg","contentUrl":"https:\/\/ml-locations.be\/wp-content\/uploads\/2025\/03\/bol-chope-Oxido.jpeg","width":1200,"height":800},{"@type":"BreadcrumbList","@id":"https:\/\/ml-locations.be\/nl\/locations\/bol-oxido-black-13cl\/#breadcrumb","itemListElement":[{"@type":"ListItem","position":1,"name":"Accueil","item":"https:\/\/ml-locations.be\/nl\/"},{"@type":"ListItem","position":2,"name":"Winkel","item":"https:\/\/ml-locations.be\/nl\/winkel\/"},{"@type":"ListItem","position":3,"name":"Bol Oxido Black 13 cl"}]},{"@type":"WebSite","@id":"https:\/\/ml-locations.be\/nl\/#website","url":"https:\/\/ml-locations.be\/nl\/","name":"ML Locations","description":"Mat\u00e9riel \u00e9v\u00e9nementiel : location chaise, table et mange debout, mat\u00e9riel horeca, frigos,...","publisher":{"@id":"https:\/\/ml-locations.be\/nl\/#organization"},"potentialAction":[{"@type":"SearchAction","target":{"@type":"EntryPoint","urlTemplate":"https:\/\/ml-locations.be\/nl\/?s={search_term_string}"},"query-input":{"@type":"PropertyValueSpecification","valueRequired":true,"valueName":"search_term_string"}}],"inLanguage":"nl-NL"},{"@type":"Organization","@id":"https:\/\/ml-locations.be\/nl\/#organization","name":"ML Locations","url":"https:\/\/ml-locations.be\/nl\/","logo":{"@type":"ImageObject","inLanguage":"nl-NL","@id":"https:\/\/ml-locations.be\/nl\/#\/schema\/logo\/image\/","url":"https:\/\/ml-locations.be\/wp-content\/uploads\/2018\/05\/LOGO-location-BON.png","contentUrl":"https:\/\/ml-locations.be\/wp-content\/uploads\/2018\/05\/LOGO-location-BON.png","width":1200,"height":1200,"caption":"ML Locations"},"image":{"@id":"https:\/\/ml-locations.be\/nl\/#\/schema\/logo\/image\/"}}]}},"_links":{"self":[{"href":"https:\/\/ml-locations.be\/nl\/wp-json\/wp\/v2\/product\/1083607","targetHints":{"allow":["GET"]}}],"collection":[{"href":"https:\/\/ml-locations.be\/nl\/wp-json\/wp\/v2\/product"}],"about":[{"href":"https:\/\/ml-locations.be\/nl\/wp-json\/wp\/v2\/types\/product"}],"wp:featuredmedia":[{"embeddable":true,"href":"https:\/\/ml-locations.be\/nl\/wp-json\/wp\/v2\/media\/1083612"}],"wp:attachment":[{"href":"https:\/\/ml-locations.be\/nl\/wp-json\/wp\/v2\/media?parent=1083607"}],"wp:term":[{"taxonomy":"product_brand","embeddable":true,"href":"https:\/\/ml-locations.be\/nl\/wp-json\/wp\/v2\/product_brand?post=1083607"},{"taxonomy":"product_cat","embeddable":true,"href":"https:\/\/ml-locations.be\/nl\/wp-json\/wp\/v2\/product_cat?post=1083607"},{"taxonomy":"product_tag","embeddable":true,"href":"https:\/\/ml-locations.be\/nl\/wp-json\/wp\/v2\/product_tag?post=1083607"}],"curies":[{"name":"wp","href":"https:\/\/api.w.org\/{rel}","templated":true}]}}